{"id":238017,"date":"2023-08-21T00:00:00","date_gmt":"2023-08-20T22:00:00","guid":{"rendered":"https:\/\/wpguerssen-test.odoo.rgbconsulting.com\/product\/peaceful\/"},"modified":"2024-02-22T13:47:58","modified_gmt":"2024-02-22T12:47:58","slug":"peaceful","status":"publish","type":"product","link":"https:\/\/wpguerssen-test.odoo.rgbconsulting.com\/es\/producto\/peaceful\/","title":{"rendered":"Peaceful"},"content":{"rendered":"<p>El cantante y productor estadounidense de R&#038;B y soul Al Johnson debut\u00f3 como cantante principal de The Unifics a mediados de los a\u00f1os 60 y disfrut\u00f3 de una exitosa carrera como compositor y productor despu\u00e9s de dejar el grupo. Tambi\u00e9n es conocido como productor del \u00e1lbum cl\u00e1sico de Terry Huff, \u00abThe Lonely One\u00bb. Su primer \u00e1lbum, \u00abPeaceful\u00bb, fue lanzado por un sello menor llamado Marina Records en 1978 y fue producido por Lloyd Price, el cantante que tuvo algunos \u00e9xitos de R&#038;B en los a\u00f1os 50. Adem\u00e1s, gracias a los h\u00e1biles m\u00fasicos de apoyo como Bernard Purdie en la bater\u00eda, Leo Nocentelli de The Meters en la guitarra, el \u00e1lbum es una delicia auditiva con gemas conmovedoras de principio a fin.<br \/>Aunque es menos conocido que su segundo \u00abBack For More\u00bb de larga duraci\u00f3n, que fue producido por Norman Connors, P-VINE cree que este \u00e1lbum tocar\u00e1 la fibra sensible de los amantes del R&#038;B. \u00a1Incluye tira OBI japonesa!<\/p>\n","protected":false},"excerpt":{"rendered":"<p>El cantante y productor estadounidense de R&#038;B y soul Al Johnson debut\u00f3 como cantante principal de The Unifics a mediados de los a\u00f1os 60 y disfrut\u00f3 de una exitosa<a class=\"read\" href=\"https:\/\/wpguerssen-test.odoo.rgbconsulting.com\/es\/producto\/peaceful\/\"> (...)<\/a>","protected":false},"featured_media":238076,"template":"","meta":{"_acf_changed":false},"product_brand":[],"product_cat":[21649],"product_tag":[],"class_list":{"0":"post-238017","1":"product","2":"type-product","3":"status-publish","4":"has-post-thumbnail","6":"product_cat-soul-rnb-es","7":"pa_artist-johnson-al","8":"pa_format-lp-es","9":"pa_gender-soul-rnb","10":"pa_label-p-vine","11":"pa_location-north-america-es","12":"pa_other-filters-vinyl-only-es","14":"first","15":"instock","16":"taxable","17":"shipping-taxable","18":"purchasable","19":"product-type-simple"},"acf":[],"yoast_head":"<!-- This site is optimized with the Yoast SEO plugin v24.9 - https:\/\/yoast.com\/wordpress\/plugins\/seo\/ -->\n<title>JOHNSON, Al - Peaceful -  (LP) | Guerssen<\/title>\n<meta name=\"description\" content=\"American R&amp;B and soul singer and producer Al Johnson debuted as lead singer of The Unifics in the mid 60&#039;s and enjoyed a successful career as songwriter and producer after leaving the group. He is also well known as a producer of Terry Huff&#039;s classic album The Lonely One. His first album Peaceful was released from a minor label called Marina Records in 1978 and was produced by Lloyd Price, the singer that had some R&amp;B hit songs in the 50&#039;s. In addition, thanks to the skillful supporting musicians such as Bernard Purdie on drums, Leo Nocentelli from The Meters on guitar, the album is an aural delight with soulful gems from start-to-finish.Although it&#039;s less known than his 2nd full length Back For More which was produced by Norman Connors, P-VINE believes this album will strike a chord with R&amp;B lovers. Includes Japanese OBI-strip!\" \/>\n<meta name=\"robots\" content=\"index, follow, max-snippet:-1, max-image-preview:large, max-video-preview:-1\" \/>\n<link rel=\"canonical\" href=\"https:\/\/wpguerssen-test.odoo.rgbconsulting.com\/es\/producto\/peaceful\/\" \/>\n<meta property=\"og:locale\" content=\"es_ES\" \/>\n<meta property=\"og:type\" content=\"article\" \/>\n<meta property=\"og:title\" content=\"JOHNSON, Al - Peaceful -  (LP) | Guerssen\" \/>\n<meta property=\"og:description\" content=\"American R&amp;B and soul singer and producer Al Johnson debuted as lead singer of The Unifics in the mid 60&#039;s and enjoyed a successful career as songwriter and producer after leaving the group. He is also well known as a producer of Terry Huff&#039;s classic album The Lonely One. His first album Peaceful was released from a minor label called Marina Records in 1978 and was produced by Lloyd Price, the singer that had some R&amp;B hit songs in the 50&#039;s. In addition, thanks to the skillful supporting musicians such as Bernard Purdie on drums, Leo Nocentelli from The Meters on guitar, the album is an aural delight with soulful gems from start-to-finish.Although it&#039;s less known than his 2nd full length Back For More which was produced by Norman Connors, P-VINE believes this album will strike a chord with R&amp;B lovers. Includes Japanese OBI-strip!\" \/>\n<meta property=\"og:url\" content=\"https:\/\/wpguerssen-test.odoo.rgbconsulting.com\/es\/producto\/peaceful\/\" \/>\n<meta property=\"og:site_name\" content=\"Guerssen records\" \/>\n<meta property=\"article:modified_time\" content=\"2024-02-22T12:47:58+00:00\" \/>\n<meta property=\"og:image\" content=\"https:\/\/wpguerssen-test.odoo.rgbconsulting.com\/wp-content\/uploads\/2023\/06\/44887-scaled.jpg\" \/>\n\t<meta property=\"og:image:width\" content=\"2560\" \/>\n\t<meta property=\"og:image:height\" content=\"2560\" \/>\n\t<meta property=\"og:image:type\" content=\"image\/jpeg\" \/>\n<meta name=\"twitter:card\" content=\"summary_large_image\" \/>\n<meta name=\"twitter:title\" content=\"JOHNSON, Al - Peaceful -  (LP) | Guerssen\" \/>\n<meta name=\"twitter:label1\" content=\"Tiempo de lectura\" \/>\n\t<meta name=\"twitter:data1\" content=\"1 minuto\" \/>\n<script type=\"application\/ld+json\" class=\"yoast-schema-graph\">{\"@context\":\"https:\/\/schema.org\",\"@graph\":[{\"@type\":\"WebPage\",\"@id\":\"https:\/\/wpguerssen-test.odoo.rgbconsulting.com\/es\/producto\/peaceful\/\",\"url\":\"https:\/\/wpguerssen-test.odoo.rgbconsulting.com\/es\/producto\/peaceful\/\",\"name\":\"JOHNSON, Al - Peaceful - (LP) | Guerssen\",\"isPartOf\":{\"@id\":\"https:\/\/wpguerssen-test.odoo.rgbconsulting.com\/es\/#website\"},\"primaryImageOfPage\":{\"@id\":\"https:\/\/wpguerssen-test.odoo.rgbconsulting.com\/es\/producto\/peaceful\/#primaryimage\"},\"image\":{\"@id\":\"https:\/\/wpguerssen-test.odoo.rgbconsulting.com\/es\/producto\/peaceful\/#primaryimage\"},\"thumbnailUrl\":\"https:\/\/wpguerssen-test.odoo.rgbconsulting.com\/wp-content\/uploads\/2023\/06\/44887-scaled.jpg\",\"datePublished\":\"2023-08-20T22:00:00+00:00\",\"dateModified\":\"2024-02-22T12:47:58+00:00\",\"description\":\"American R&B and soul singer and producer Al Johnson debuted as lead singer of The Unifics in the mid 60's and enjoyed a successful career as songwriter and producer after leaving the group. He is also well known as a producer of Terry Huff's classic album The Lonely One. His first album Peaceful was released from a minor label called Marina Records in 1978 and was produced by Lloyd Price, the singer that had some R&B hit songs in the 50's. In addition, thanks to the skillful supporting musicians such as Bernard Purdie on drums, Leo Nocentelli from The Meters on guitar, the album is an aural delight with soulful gems from start-to-finish.Although it's less known than his 2nd full length Back For More which was produced by Norman Connors, P-VINE believes this album will strike a chord with R&B lovers. Includes Japanese OBI-strip!\",\"breadcrumb\":{\"@id\":\"https:\/\/wpguerssen-test.odoo.rgbconsulting.com\/es\/producto\/peaceful\/#breadcrumb\"},\"inLanguage\":\"es\",\"potentialAction\":[{\"@type\":\"ReadAction\",\"target\":[\"https:\/\/wpguerssen-test.odoo.rgbconsulting.com\/es\/producto\/peaceful\/\"]}]},{\"@type\":\"ImageObject\",\"inLanguage\":\"es\",\"@id\":\"https:\/\/wpguerssen-test.odoo.rgbconsulting.com\/es\/producto\/peaceful\/#primaryimage\",\"url\":\"https:\/\/wpguerssen-test.odoo.rgbconsulting.com\/wp-content\/uploads\/2023\/06\/44887-scaled.jpg\",\"contentUrl\":\"https:\/\/wpguerssen-test.odoo.rgbconsulting.com\/wp-content\/uploads\/2023\/06\/44887-scaled.jpg\",\"width\":2560,\"height\":2560,\"caption\":\"Al - Peaceful - P-VINE (LP) | Guerssen\"},{\"@type\":\"BreadcrumbList\",\"@id\":\"https:\/\/wpguerssen-test.odoo.rgbconsulting.com\/es\/producto\/peaceful\/#breadcrumb\",\"itemListElement\":[{\"@type\":\"ListItem\",\"position\":1,\"name\":\"Inicio\",\"item\":\"https:\/\/wpguerssen-test.odoo.rgbconsulting.com\/es\/\"},{\"@type\":\"ListItem\",\"position\":2,\"name\":\"Shop\",\"item\":\"https:\/\/wpguerssen-test.odoo.rgbconsulting.com\/shop\/\"},{\"@type\":\"ListItem\",\"position\":3,\"name\":\"Peaceful\"}]},{\"@type\":\"WebSite\",\"@id\":\"https:\/\/wpguerssen-test.odoo.rgbconsulting.com\/es\/#website\",\"url\":\"https:\/\/wpguerssen-test.odoo.rgbconsulting.com\/es\/\",\"name\":\"Guerssen records\",\"description\":\"psychedelia - progressive - folk - garage \",\"publisher\":{\"@id\":\"https:\/\/wpguerssen-test.odoo.rgbconsulting.com\/es\/#organization\"},\"potentialAction\":[{\"@type\":\"SearchAction\",\"target\":{\"@type\":\"EntryPoint\",\"urlTemplate\":\"https:\/\/wpguerssen-test.odoo.rgbconsulting.com\/es\/?s={search_term_string}\"},\"query-input\":{\"@type\":\"PropertyValueSpecification\",\"valueRequired\":true,\"valueName\":\"search_term_string\"}}],\"inLanguage\":\"es\"},{\"@type\":\"Organization\",\"@id\":\"https:\/\/wpguerssen-test.odoo.rgbconsulting.com\/es\/#organization\",\"name\":\"Guerssen records\",\"url\":\"https:\/\/wpguerssen-test.odoo.rgbconsulting.com\/es\/\",\"logo\":{\"@type\":\"ImageObject\",\"inLanguage\":\"es\",\"@id\":\"https:\/\/wpguerssen-test.odoo.rgbconsulting.com\/es\/#\/schema\/logo\/image\/\",\"url\":\"https:\/\/wpguerssen-test.odoo.rgbconsulting.com\/wp-content\/uploads\/2022\/04\/Logo_Guerssen_trans_100.png\",\"contentUrl\":\"https:\/\/wpguerssen-test.odoo.rgbconsulting.com\/wp-content\/uploads\/2022\/04\/Logo_Guerssen_trans_100.png\",\"width\":122,\"height\":100,\"caption\":\"Guerssen records\"},\"image\":{\"@id\":\"https:\/\/wpguerssen-test.odoo.rgbconsulting.com\/es\/#\/schema\/logo\/image\/\"}}]}<\/script>\n<!-- \/ Yoast SEO plugin. -->","yoast_head_json":{"title":"JOHNSON, Al - Peaceful -  (LP) | Guerssen","description":"American R&B and soul singer and producer Al Johnson debuted as lead singer of The Unifics in the mid 60's and enjoyed a successful career as songwriter and producer after leaving the group. He is also well known as a producer of Terry Huff's classic album The Lonely One. His first album Peaceful was released from a minor label called Marina Records in 1978 and was produced by Lloyd Price, the singer that had some R&B hit songs in the 50's. In addition, thanks to the skillful supporting musicians such as Bernard Purdie on drums, Leo Nocentelli from The Meters on guitar, the album is an aural delight with soulful gems from start-to-finish.Although it's less known than his 2nd full length Back For More which was produced by Norman Connors, P-VINE believes this album will strike a chord with R&B lovers. Includes Japanese OBI-strip!","robots":{"index":"index","follow":"follow","max-snippet":"max-snippet:-1","max-image-preview":"max-image-preview:large","max-video-preview":"max-video-preview:-1"},"canonical":"https:\/\/wpguerssen-test.odoo.rgbconsulting.com\/es\/producto\/peaceful\/","og_locale":"es_ES","og_type":"article","og_title":"JOHNSON, Al - Peaceful -  (LP) | Guerssen","og_description":"American R&B and soul singer and producer Al Johnson debuted as lead singer of The Unifics in the mid 60's and enjoyed a successful career as songwriter and producer after leaving the group. He is also well known as a producer of Terry Huff's classic album The Lonely One. His first album Peaceful was released from a minor label called Marina Records in 1978 and was produced by Lloyd Price, the singer that had some R&B hit songs in the 50's. In addition, thanks to the skillful supporting musicians such as Bernard Purdie on drums, Leo Nocentelli from The Meters on guitar, the album is an aural delight with soulful gems from start-to-finish.Although it's less known than his 2nd full length Back For More which was produced by Norman Connors, P-VINE believes this album will strike a chord with R&B lovers. Includes Japanese OBI-strip!","og_url":"https:\/\/wpguerssen-test.odoo.rgbconsulting.com\/es\/producto\/peaceful\/","og_site_name":"Guerssen records","article_modified_time":"2024-02-22T12:47:58+00:00","og_image":[{"width":2560,"height":2560,"url":"https:\/\/wpguerssen-test.odoo.rgbconsulting.com\/wp-content\/uploads\/2023\/06\/44887-scaled.jpg","type":"image\/jpeg"}],"twitter_card":"summary_large_image","twitter_title":"JOHNSON, Al - Peaceful -  (LP) | Guerssen","twitter_misc":{"Tiempo de lectura":"1 minuto"},"schema":{"@context":"https:\/\/schema.org","@graph":[{"@type":"WebPage","@id":"https:\/\/wpguerssen-test.odoo.rgbconsulting.com\/es\/producto\/peaceful\/","url":"https:\/\/wpguerssen-test.odoo.rgbconsulting.com\/es\/producto\/peaceful\/","name":"JOHNSON, Al - Peaceful - (LP) | Guerssen","isPartOf":{"@id":"https:\/\/wpguerssen-test.odoo.rgbconsulting.com\/es\/#website"},"primaryImageOfPage":{"@id":"https:\/\/wpguerssen-test.odoo.rgbconsulting.com\/es\/producto\/peaceful\/#primaryimage"},"image":{"@id":"https:\/\/wpguerssen-test.odoo.rgbconsulting.com\/es\/producto\/peaceful\/#primaryimage"},"thumbnailUrl":"https:\/\/wpguerssen-test.odoo.rgbconsulting.com\/wp-content\/uploads\/2023\/06\/44887-scaled.jpg","datePublished":"2023-08-20T22:00:00+00:00","dateModified":"2024-02-22T12:47:58+00:00","description":"American R&B and soul singer and producer Al Johnson debuted as lead singer of The Unifics in the mid 60's and enjoyed a successful career as songwriter and producer after leaving the group. He is also well known as a producer of Terry Huff's classic album The Lonely One. His first album Peaceful was released from a minor label called Marina Records in 1978 and was produced by Lloyd Price, the singer that had some R&B hit songs in the 50's. In addition, thanks to the skillful supporting musicians such as Bernard Purdie on drums, Leo Nocentelli from The Meters on guitar, the album is an aural delight with soulful gems from start-to-finish.Although it's less known than his 2nd full length Back For More which was produced by Norman Connors, P-VINE believes this album will strike a chord with R&B lovers. Includes Japanese OBI-strip!","breadcrumb":{"@id":"https:\/\/wpguerssen-test.odoo.rgbconsulting.com\/es\/producto\/peaceful\/#breadcrumb"},"inLanguage":"es","potentialAction":[{"@type":"ReadAction","target":["https:\/\/wpguerssen-test.odoo.rgbconsulting.com\/es\/producto\/peaceful\/"]}]},{"@type":"ImageObject","inLanguage":"es","@id":"https:\/\/wpguerssen-test.odoo.rgbconsulting.com\/es\/producto\/peaceful\/#primaryimage","url":"https:\/\/wpguerssen-test.odoo.rgbconsulting.com\/wp-content\/uploads\/2023\/06\/44887-scaled.jpg","contentUrl":"https:\/\/wpguerssen-test.odoo.rgbconsulting.com\/wp-content\/uploads\/2023\/06\/44887-scaled.jpg","width":2560,"height":2560,"caption":"Al - Peaceful - P-VINE (LP) | Guerssen"},{"@type":"BreadcrumbList","@id":"https:\/\/wpguerssen-test.odoo.rgbconsulting.com\/es\/producto\/peaceful\/#breadcrumb","itemListElement":[{"@type":"ListItem","position":1,"name":"Inicio","item":"https:\/\/wpguerssen-test.odoo.rgbconsulting.com\/es\/"},{"@type":"ListItem","position":2,"name":"Shop","item":"https:\/\/wpguerssen-test.odoo.rgbconsulting.com\/shop\/"},{"@type":"ListItem","position":3,"name":"Peaceful"}]},{"@type":"WebSite","@id":"https:\/\/wpguerssen-test.odoo.rgbconsulting.com\/es\/#website","url":"https:\/\/wpguerssen-test.odoo.rgbconsulting.com\/es\/","name":"Guerssen records","description":"psychedelia - progressive - folk - garage ","publisher":{"@id":"https:\/\/wpguerssen-test.odoo.rgbconsulting.com\/es\/#organization"},"potentialAction":[{"@type":"SearchAction","target":{"@type":"EntryPoint","urlTemplate":"https:\/\/wpguerssen-test.odoo.rgbconsulting.com\/es\/?s={search_term_string}"},"query-input":{"@type":"PropertyValueSpecification","valueRequired":true,"valueName":"search_term_string"}}],"inLanguage":"es"},{"@type":"Organization","@id":"https:\/\/wpguerssen-test.odoo.rgbconsulting.com\/es\/#organization","name":"Guerssen records","url":"https:\/\/wpguerssen-test.odoo.rgbconsulting.com\/es\/","logo":{"@type":"ImageObject","inLanguage":"es","@id":"https:\/\/wpguerssen-test.odoo.rgbconsulting.com\/es\/#\/schema\/logo\/image\/","url":"https:\/\/wpguerssen-test.odoo.rgbconsulting.com\/wp-content\/uploads\/2022\/04\/Logo_Guerssen_trans_100.png","contentUrl":"https:\/\/wpguerssen-test.odoo.rgbconsulting.com\/wp-content\/uploads\/2022\/04\/Logo_Guerssen_trans_100.png","width":122,"height":100,"caption":"Guerssen records"},"image":{"@id":"https:\/\/wpguerssen-test.odoo.rgbconsulting.com\/es\/#\/schema\/logo\/image\/"}}]}},"_links":{"self":[{"href":"https:\/\/wpguerssen-test.odoo.rgbconsulting.com\/es\/wp-json\/wp\/v2\/product\/238017","targetHints":{"allow":["GET"]}}],"collection":[{"href":"https:\/\/wpguerssen-test.odoo.rgbconsulting.com\/es\/wp-json\/wp\/v2\/product"}],"about":[{"href":"https:\/\/wpguerssen-test.odoo.rgbconsulting.com\/es\/wp-json\/wp\/v2\/types\/product"}],"wp:featuredmedia":[{"embeddable":true,"href":"https:\/\/wpguerssen-test.odoo.rgbconsulting.com\/es\/wp-json\/wp\/v2\/media\/238076"}],"wp:attachment":[{"href":"https:\/\/wpguerssen-test.odoo.rgbconsulting.com\/es\/wp-json\/wp\/v2\/media?parent=238017"}],"wp:term":[{"taxonomy":"product_brand","embeddable":true,"href":"https:\/\/wpguerssen-test.odoo.rgbconsulting.com\/es\/wp-json\/wp\/v2\/product_brand?post=238017"},{"taxonomy":"product_cat","embeddable":true,"href":"https:\/\/wpguerssen-test.odoo.rgbconsulting.com\/es\/wp-json\/wp\/v2\/product_cat?post=238017"},{"taxonomy":"product_tag","embeddable":true,"href":"https:\/\/wpguerssen-test.odoo.rgbconsulting.com\/es\/wp-json\/wp\/v2\/product_tag?post=238017"}],"curies":[{"name":"wp","href":"https:\/\/api.w.org\/{rel}","templated":true}]}}