{"id":238025,"date":"2023-08-21T00:00:00","date_gmt":"2023-08-20T22:00:00","guid":{"rendered":"https:\/\/wpguerssen-test.odoo.rgbconsulting.com\/product\/anything-you-want\/"},"modified":"2024-02-22T13:48:44","modified_gmt":"2024-02-22T12:48:44","slug":"anything-you-want","status":"publish","type":"product","link":"https:\/\/wpguerssen-test.odoo.rgbconsulting.com\/es\/producto\/anything-you-want\/","title":{"rendered":"Anything You Want"},"content":{"rendered":"<p>Anything You Want, el \u00e1lbum debut en solitario del ex baterista de Puzzle John Valenti regresa al LP por primera vez en diez a\u00f1os a trav\u00e9s del sello Groove-Diggers de P-VINE. Originalmente con el nombre de John Livigni, su talento se hab\u00eda estado cocinando durante alg\u00fan tiempo en el per\u00edodo previo al lanzamiento original de 1976. Y, sin embargo, despu\u00e9s de respaldar los suaves arreglos pop de una de las pocas bandas blancas firmadas con Motown Records, pocos podr\u00edan haber predicho el infeccioso ritmo disco y la voz principal gru\u00f1ona y conmovedora de Valenti en estas once pistas. Desde la apertura del \u00e1lbum y la canci\u00f3n principal \u00abAnything You Want\u00bb, Valenti establece una conexi\u00f3n hipn\u00f3tica, y el punto culminante del \u00e1lbum \u00abWhy Don&#8217;t We Fall In Love\u00bb es tan conmovedor como una muestra abarcadora del poder del soul de Valenti. P-VINE se enorgullece de repensar Anything You Want y espera que los nuevos fan\u00e1ticos puedan conectarse con este cl\u00e1sico de free soul.<\/p>\n","protected":false},"excerpt":{"rendered":"<p>Anything You Want, el \u00e1lbum debut en solitario del ex baterista de Puzzle John Valenti regresa al LP por primera vez en diez a\u00f1os a trav\u00e9s del sello Groove-Diggers<a class=\"read\" href=\"https:\/\/wpguerssen-test.odoo.rgbconsulting.com\/es\/producto\/anything-you-want\/\"> (...)<\/a>","protected":false},"featured_media":238080,"template":"","meta":{"_acf_changed":false},"product_brand":[],"product_cat":[21649,23219],"product_tag":[],"class_list":{"0":"post-238025","1":"product","2":"type-product","3":"status-publish","4":"has-post-thumbnail","6":"product_cat-soul-rnb-es","7":"product_cat-funk-es","8":"pa_artist-valenti-john","9":"pa_format-lp-es","10":"pa_gender-soul-rnb-funk","11":"pa_label-p-vine","12":"pa_location-north-america-es","13":"pa_other-filters-vinyl-only-es","15":"first","16":"instock","17":"taxable","18":"shipping-taxable","19":"purchasable","20":"product-type-simple"},"acf":[],"yoast_head":"<!-- This site is optimized with the Yoast SEO plugin v24.9 - https:\/\/yoast.com\/wordpress\/plugins\/seo\/ -->\n<title>VALENTI, John - Anything You Want -  (LP) | Guerssen<\/title>\n<meta name=\"description\" content=\"Anything You Want, The debut solo album from former Puzzle drummer John Valenti makes its way back to LP for the first time in ten years through P-VINE&#039;s Groove-Diggers imprint. Originally going by the name John Livigni, his talents had been stewing for some time in the run-up to the original 1976 release. And yet, after supporting smooth pop arrangements for one of the few white bands signed to Motown records, few could have predicted the infectious disco beat and Valenti&#039;s snarling and soulful lead vocals across these eleven tracks. From album opener and title track &quot;Anything You Want,&quot; Valenti establishes a hypnotic connection, and album highlight &quot;Why Don&#039;t We Fall In Love&quot; is as moving as it is an encompassing display of Valenti&#039;s soul power. P-VINE is proud to be repressing Anything You Want, and hope that new fans can connect with this free soul classic.\" \/>\n<meta name=\"robots\" content=\"index, follow, max-snippet:-1, max-image-preview:large, max-video-preview:-1\" \/>\n<link rel=\"canonical\" href=\"https:\/\/wpguerssen-test.odoo.rgbconsulting.com\/es\/producto\/anything-you-want\/\" \/>\n<meta property=\"og:locale\" content=\"es_ES\" \/>\n<meta property=\"og:type\" content=\"article\" \/>\n<meta property=\"og:title\" content=\"VALENTI, John - Anything You Want -  (LP) | Guerssen\" \/>\n<meta property=\"og:description\" content=\"Anything You Want, The debut solo album from former Puzzle drummer John Valenti makes its way back to LP for the first time in ten years through P-VINE&#039;s Groove-Diggers imprint. Originally going by the name John Livigni, his talents had been stewing for some time in the run-up to the original 1976 release. And yet, after supporting smooth pop arrangements for one of the few white bands signed to Motown records, few could have predicted the infectious disco beat and Valenti&#039;s snarling and soulful lead vocals across these eleven tracks. From album opener and title track &quot;Anything You Want,&quot; Valenti establishes a hypnotic connection, and album highlight &quot;Why Don&#039;t We Fall In Love&quot; is as moving as it is an encompassing display of Valenti&#039;s soul power. P-VINE is proud to be repressing Anything You Want, and hope that new fans can connect with this free soul classic.\" \/>\n<meta property=\"og:url\" content=\"https:\/\/wpguerssen-test.odoo.rgbconsulting.com\/es\/producto\/anything-you-want\/\" \/>\n<meta property=\"og:site_name\" content=\"Guerssen records\" \/>\n<meta property=\"article:modified_time\" content=\"2024-02-22T12:48:44+00:00\" \/>\n<meta property=\"og:image\" content=\"https:\/\/wpguerssen-test.odoo.rgbconsulting.com\/wp-content\/uploads\/2023\/06\/44895.jpg\" \/>\n\t<meta property=\"og:image:width\" content=\"243\" \/>\n\t<meta property=\"og:image:height\" content=\"240\" \/>\n\t<meta property=\"og:image:type\" content=\"image\/jpeg\" \/>\n<meta name=\"twitter:card\" content=\"summary_large_image\" \/>\n<meta name=\"twitter:title\" content=\"VALENTI, John - Anything You Want -  (LP) | Guerssen\" \/>\n<meta name=\"twitter:label1\" content=\"Tiempo de lectura\" \/>\n\t<meta name=\"twitter:data1\" content=\"1 minuto\" \/>\n<script type=\"application\/ld+json\" class=\"yoast-schema-graph\">{\"@context\":\"https:\/\/schema.org\",\"@graph\":[{\"@type\":\"WebPage\",\"@id\":\"https:\/\/wpguerssen-test.odoo.rgbconsulting.com\/es\/producto\/anything-you-want\/\",\"url\":\"https:\/\/wpguerssen-test.odoo.rgbconsulting.com\/es\/producto\/anything-you-want\/\",\"name\":\"VALENTI, John - Anything You Want - (LP) | Guerssen\",\"isPartOf\":{\"@id\":\"https:\/\/wpguerssen-test.odoo.rgbconsulting.com\/es\/#website\"},\"primaryImageOfPage\":{\"@id\":\"https:\/\/wpguerssen-test.odoo.rgbconsulting.com\/es\/producto\/anything-you-want\/#primaryimage\"},\"image\":{\"@id\":\"https:\/\/wpguerssen-test.odoo.rgbconsulting.com\/es\/producto\/anything-you-want\/#primaryimage\"},\"thumbnailUrl\":\"https:\/\/wpguerssen-test.odoo.rgbconsulting.com\/wp-content\/uploads\/2023\/06\/44895.jpg\",\"datePublished\":\"2023-08-20T22:00:00+00:00\",\"dateModified\":\"2024-02-22T12:48:44+00:00\",\"description\":\"Anything You Want, The debut solo album from former Puzzle drummer John Valenti makes its way back to LP for the first time in ten years through P-VINE's Groove-Diggers imprint. Originally going by the name John Livigni, his talents had been stewing for some time in the run-up to the original 1976 release. And yet, after supporting smooth pop arrangements for one of the few white bands signed to Motown records, few could have predicted the infectious disco beat and Valenti's snarling and soulful lead vocals across these eleven tracks. From album opener and title track \\\"Anything You Want,\\\" Valenti establishes a hypnotic connection, and album highlight \\\"Why Don't We Fall In Love\\\" is as moving as it is an encompassing display of Valenti's soul power. P-VINE is proud to be repressing Anything You Want, and hope that new fans can connect with this free soul classic.\",\"breadcrumb\":{\"@id\":\"https:\/\/wpguerssen-test.odoo.rgbconsulting.com\/es\/producto\/anything-you-want\/#breadcrumb\"},\"inLanguage\":\"es\",\"potentialAction\":[{\"@type\":\"ReadAction\",\"target\":[\"https:\/\/wpguerssen-test.odoo.rgbconsulting.com\/es\/producto\/anything-you-want\/\"]}]},{\"@type\":\"ImageObject\",\"inLanguage\":\"es\",\"@id\":\"https:\/\/wpguerssen-test.odoo.rgbconsulting.com\/es\/producto\/anything-you-want\/#primaryimage\",\"url\":\"https:\/\/wpguerssen-test.odoo.rgbconsulting.com\/wp-content\/uploads\/2023\/06\/44895.jpg\",\"contentUrl\":\"https:\/\/wpguerssen-test.odoo.rgbconsulting.com\/wp-content\/uploads\/2023\/06\/44895.jpg\",\"width\":243,\"height\":240,\"caption\":\"John - Anything You Want - P-VINE (LP) | Guerssen\"},{\"@type\":\"BreadcrumbList\",\"@id\":\"https:\/\/wpguerssen-test.odoo.rgbconsulting.com\/es\/producto\/anything-you-want\/#breadcrumb\",\"itemListElement\":[{\"@type\":\"ListItem\",\"position\":1,\"name\":\"Inicio\",\"item\":\"https:\/\/wpguerssen-test.odoo.rgbconsulting.com\/es\/\"},{\"@type\":\"ListItem\",\"position\":2,\"name\":\"Shop\",\"item\":\"https:\/\/wpguerssen-test.odoo.rgbconsulting.com\/shop\/\"},{\"@type\":\"ListItem\",\"position\":3,\"name\":\"Anything You Want\"}]},{\"@type\":\"WebSite\",\"@id\":\"https:\/\/wpguerssen-test.odoo.rgbconsulting.com\/es\/#website\",\"url\":\"https:\/\/wpguerssen-test.odoo.rgbconsulting.com\/es\/\",\"name\":\"Guerssen records\",\"description\":\"psychedelia - progressive - folk - garage \",\"publisher\":{\"@id\":\"https:\/\/wpguerssen-test.odoo.rgbconsulting.com\/es\/#organization\"},\"potentialAction\":[{\"@type\":\"SearchAction\",\"target\":{\"@type\":\"EntryPoint\",\"urlTemplate\":\"https:\/\/wpguerssen-test.odoo.rgbconsulting.com\/es\/?s={search_term_string}\"},\"query-input\":{\"@type\":\"PropertyValueSpecification\",\"valueRequired\":true,\"valueName\":\"search_term_string\"}}],\"inLanguage\":\"es\"},{\"@type\":\"Organization\",\"@id\":\"https:\/\/wpguerssen-test.odoo.rgbconsulting.com\/es\/#organization\",\"name\":\"Guerssen records\",\"url\":\"https:\/\/wpguerssen-test.odoo.rgbconsulting.com\/es\/\",\"logo\":{\"@type\":\"ImageObject\",\"inLanguage\":\"es\",\"@id\":\"https:\/\/wpguerssen-test.odoo.rgbconsulting.com\/es\/#\/schema\/logo\/image\/\",\"url\":\"https:\/\/wpguerssen-test.odoo.rgbconsulting.com\/wp-content\/uploads\/2022\/04\/Logo_Guerssen_trans_100.png\",\"contentUrl\":\"https:\/\/wpguerssen-test.odoo.rgbconsulting.com\/wp-content\/uploads\/2022\/04\/Logo_Guerssen_trans_100.png\",\"width\":122,\"height\":100,\"caption\":\"Guerssen records\"},\"image\":{\"@id\":\"https:\/\/wpguerssen-test.odoo.rgbconsulting.com\/es\/#\/schema\/logo\/image\/\"}}]}<\/script>\n<!-- \/ Yoast SEO plugin. -->","yoast_head_json":{"title":"VALENTI, John - Anything You Want -  (LP) | Guerssen","description":"Anything You Want, The debut solo album from former Puzzle drummer John Valenti makes its way back to LP for the first time in ten years through P-VINE's Groove-Diggers imprint. Originally going by the name John Livigni, his talents had been stewing for some time in the run-up to the original 1976 release. And yet, after supporting smooth pop arrangements for one of the few white bands signed to Motown records, few could have predicted the infectious disco beat and Valenti's snarling and soulful lead vocals across these eleven tracks. From album opener and title track \"Anything You Want,\" Valenti establishes a hypnotic connection, and album highlight \"Why Don't We Fall In Love\" is as moving as it is an encompassing display of Valenti's soul power. P-VINE is proud to be repressing Anything You Want, and hope that new fans can connect with this free soul classic.","robots":{"index":"index","follow":"follow","max-snippet":"max-snippet:-1","max-image-preview":"max-image-preview:large","max-video-preview":"max-video-preview:-1"},"canonical":"https:\/\/wpguerssen-test.odoo.rgbconsulting.com\/es\/producto\/anything-you-want\/","og_locale":"es_ES","og_type":"article","og_title":"VALENTI, John - Anything You Want -  (LP) | Guerssen","og_description":"Anything You Want, The debut solo album from former Puzzle drummer John Valenti makes its way back to LP for the first time in ten years through P-VINE's Groove-Diggers imprint. Originally going by the name John Livigni, his talents had been stewing for some time in the run-up to the original 1976 release. And yet, after supporting smooth pop arrangements for one of the few white bands signed to Motown records, few could have predicted the infectious disco beat and Valenti's snarling and soulful lead vocals across these eleven tracks. From album opener and title track \"Anything You Want,\" Valenti establishes a hypnotic connection, and album highlight \"Why Don't We Fall In Love\" is as moving as it is an encompassing display of Valenti's soul power. P-VINE is proud to be repressing Anything You Want, and hope that new fans can connect with this free soul classic.","og_url":"https:\/\/wpguerssen-test.odoo.rgbconsulting.com\/es\/producto\/anything-you-want\/","og_site_name":"Guerssen records","article_modified_time":"2024-02-22T12:48:44+00:00","og_image":[{"width":243,"height":240,"url":"https:\/\/wpguerssen-test.odoo.rgbconsulting.com\/wp-content\/uploads\/2023\/06\/44895.jpg","type":"image\/jpeg"}],"twitter_card":"summary_large_image","twitter_title":"VALENTI, John - Anything You Want -  (LP) | Guerssen","twitter_misc":{"Tiempo de lectura":"1 minuto"},"schema":{"@context":"https:\/\/schema.org","@graph":[{"@type":"WebPage","@id":"https:\/\/wpguerssen-test.odoo.rgbconsulting.com\/es\/producto\/anything-you-want\/","url":"https:\/\/wpguerssen-test.odoo.rgbconsulting.com\/es\/producto\/anything-you-want\/","name":"VALENTI, John - Anything You Want - (LP) | Guerssen","isPartOf":{"@id":"https:\/\/wpguerssen-test.odoo.rgbconsulting.com\/es\/#website"},"primaryImageOfPage":{"@id":"https:\/\/wpguerssen-test.odoo.rgbconsulting.com\/es\/producto\/anything-you-want\/#primaryimage"},"image":{"@id":"https:\/\/wpguerssen-test.odoo.rgbconsulting.com\/es\/producto\/anything-you-want\/#primaryimage"},"thumbnailUrl":"https:\/\/wpguerssen-test.odoo.rgbconsulting.com\/wp-content\/uploads\/2023\/06\/44895.jpg","datePublished":"2023-08-20T22:00:00+00:00","dateModified":"2024-02-22T12:48:44+00:00","description":"Anything You Want, The debut solo album from former Puzzle drummer John Valenti makes its way back to LP for the first time in ten years through P-VINE's Groove-Diggers imprint. Originally going by the name John Livigni, his talents had been stewing for some time in the run-up to the original 1976 release. And yet, after supporting smooth pop arrangements for one of the few white bands signed to Motown records, few could have predicted the infectious disco beat and Valenti's snarling and soulful lead vocals across these eleven tracks. From album opener and title track \"Anything You Want,\" Valenti establishes a hypnotic connection, and album highlight \"Why Don't We Fall In Love\" is as moving as it is an encompassing display of Valenti's soul power. P-VINE is proud to be repressing Anything You Want, and hope that new fans can connect with this free soul classic.","breadcrumb":{"@id":"https:\/\/wpguerssen-test.odoo.rgbconsulting.com\/es\/producto\/anything-you-want\/#breadcrumb"},"inLanguage":"es","potentialAction":[{"@type":"ReadAction","target":["https:\/\/wpguerssen-test.odoo.rgbconsulting.com\/es\/producto\/anything-you-want\/"]}]},{"@type":"ImageObject","inLanguage":"es","@id":"https:\/\/wpguerssen-test.odoo.rgbconsulting.com\/es\/producto\/anything-you-want\/#primaryimage","url":"https:\/\/wpguerssen-test.odoo.rgbconsulting.com\/wp-content\/uploads\/2023\/06\/44895.jpg","contentUrl":"https:\/\/wpguerssen-test.odoo.rgbconsulting.com\/wp-content\/uploads\/2023\/06\/44895.jpg","width":243,"height":240,"caption":"John - Anything You Want - P-VINE (LP) | Guerssen"},{"@type":"BreadcrumbList","@id":"https:\/\/wpguerssen-test.odoo.rgbconsulting.com\/es\/producto\/anything-you-want\/#breadcrumb","itemListElement":[{"@type":"ListItem","position":1,"name":"Inicio","item":"https:\/\/wpguerssen-test.odoo.rgbconsulting.com\/es\/"},{"@type":"ListItem","position":2,"name":"Shop","item":"https:\/\/wpguerssen-test.odoo.rgbconsulting.com\/shop\/"},{"@type":"ListItem","position":3,"name":"Anything You Want"}]},{"@type":"WebSite","@id":"https:\/\/wpguerssen-test.odoo.rgbconsulting.com\/es\/#website","url":"https:\/\/wpguerssen-test.odoo.rgbconsulting.com\/es\/","name":"Guerssen records","description":"psychedelia - progressive - folk - garage ","publisher":{"@id":"https:\/\/wpguerssen-test.odoo.rgbconsulting.com\/es\/#organization"},"potentialAction":[{"@type":"SearchAction","target":{"@type":"EntryPoint","urlTemplate":"https:\/\/wpguerssen-test.odoo.rgbconsulting.com\/es\/?s={search_term_string}"},"query-input":{"@type":"PropertyValueSpecification","valueRequired":true,"valueName":"search_term_string"}}],"inLanguage":"es"},{"@type":"Organization","@id":"https:\/\/wpguerssen-test.odoo.rgbconsulting.com\/es\/#organization","name":"Guerssen records","url":"https:\/\/wpguerssen-test.odoo.rgbconsulting.com\/es\/","logo":{"@type":"ImageObject","inLanguage":"es","@id":"https:\/\/wpguerssen-test.odoo.rgbconsulting.com\/es\/#\/schema\/logo\/image\/","url":"https:\/\/wpguerssen-test.odoo.rgbconsulting.com\/wp-content\/uploads\/2022\/04\/Logo_Guerssen_trans_100.png","contentUrl":"https:\/\/wpguerssen-test.odoo.rgbconsulting.com\/wp-content\/uploads\/2022\/04\/Logo_Guerssen_trans_100.png","width":122,"height":100,"caption":"Guerssen records"},"image":{"@id":"https:\/\/wpguerssen-test.odoo.rgbconsulting.com\/es\/#\/schema\/logo\/image\/"}}]}},"_links":{"self":[{"href":"https:\/\/wpguerssen-test.odoo.rgbconsulting.com\/es\/wp-json\/wp\/v2\/product\/238025","targetHints":{"allow":["GET"]}}],"collection":[{"href":"https:\/\/wpguerssen-test.odoo.rgbconsulting.com\/es\/wp-json\/wp\/v2\/product"}],"about":[{"href":"https:\/\/wpguerssen-test.odoo.rgbconsulting.com\/es\/wp-json\/wp\/v2\/types\/product"}],"wp:featuredmedia":[{"embeddable":true,"href":"https:\/\/wpguerssen-test.odoo.rgbconsulting.com\/es\/wp-json\/wp\/v2\/media\/238080"}],"wp:attachment":[{"href":"https:\/\/wpguerssen-test.odoo.rgbconsulting.com\/es\/wp-json\/wp\/v2\/media?parent=238025"}],"wp:term":[{"taxonomy":"product_brand","embeddable":true,"href":"https:\/\/wpguerssen-test.odoo.rgbconsulting.com\/es\/wp-json\/wp\/v2\/product_brand?post=238025"},{"taxonomy":"product_cat","embeddable":true,"href":"https:\/\/wpguerssen-test.odoo.rgbconsulting.com\/es\/wp-json\/wp\/v2\/product_cat?post=238025"},{"taxonomy":"product_tag","embeddable":true,"href":"https:\/\/wpguerssen-test.odoo.rgbconsulting.com\/es\/wp-json\/wp\/v2\/product_tag?post=238025"}],"curies":[{"name":"wp","href":"https:\/\/api.w.org\/{rel}","templated":true}]}}