{"id":238094,"date":"2025-01-27T00:00:00","date_gmt":"2025-01-26T23:00:00","guid":{"rendered":"https:\/\/wpguerssen-test.odoo.rgbconsulting.com\/product\/le-flash-boum-beat-lpcd\/"},"modified":"2025-01-27T15:38:08","modified_gmt":"2025-01-27T14:38:08","slug":"le-flash-boum-beat-lpcd","status":"publish","type":"product","link":"https:\/\/wpguerssen-test.odoo.rgbconsulting.com\/es\/producto\/le-flash-boum-beat-lpcd\/","title":{"rendered":"Le Flash Boum Beat (LP+CD)"},"content":{"rendered":"<p>El tiempo pasa y, curiosamente, \u00a1Jukebox Music Factory nunca antes se hab\u00eda centrado en cantantes y grupos franc\u00f3fonos!<br \/>Compilar una nueva lista de canciones de calidad, cuando ya se han producido tantas otras compilaciones (a menudo excelentes), representa un gran desaf\u00edo. Y, sin embargo, nuestro viejo amigo El Vidocq lo ha logrado de alguna manera, limitando su prospecci\u00f3n a Francia, B\u00e9lgica y Canad\u00e1 para descubrir una selecci\u00f3n de nuggets reales. Como de costumbre, el amable disc jockey se ha decantado por melod\u00edas fuera de lo com\u00fan que inducen al baile, pero se mantiene alejado de lo simplemente extra\u00f1o o anecd\u00f3tico&#8230;<br \/>Este nuevo \u00e1lbum combina rock, jerk y froggy y\u00e9-y\u00e9, con instrumentales eminentemente cinematogr\u00e1ficos. Ciertas canciones son asombrosamente modernas, mientras que otras son simplemente escandalosas. La respuesta de Gaston a Nino Ferrer. Las adicciones de Jos\u00e9 Salcy. Cl\u00e9o evocando el estilo de vida de los a\u00f1os 60 y Annie Duparc la sociedad cambiante. Tao ajusta las cuentas de sus padres, mientras que Christian Gaubert y Claude Bolling dirigen magistralmente sus conjuntos, \u00a1al nivel de las mejores orquestas del mundo!<br \/>Una vez m\u00e1s, y no sorprende, ni una gota de aburrimiento contamina este \u00e1lbum divertido lleno de m\u00fasicos talentosos, muchos olvidados pero aqu\u00ed felizmente redescubiertos.<\/p>\n","protected":false},"excerpt":{"rendered":"<p>El tiempo pasa y, curiosamente, \u00a1Jukebox Music Factory nunca antes se hab\u00eda centrado en cantantes y grupos franc\u00f3fonos!<br \/>Compilar una nueva lista de canciones<a class=\"read\" href=\"https:\/\/wpguerssen-test.odoo.rgbconsulting.com\/es\/producto\/le-flash-boum-beat-lpcd\/\"> (...)<\/a>","protected":false},"featured_media":246749,"template":"","meta":{"_acf_changed":false},"product_brand":[],"product_cat":[21642],"product_tag":[24185],"class_list":{"0":"post-238094","1":"product","2":"type-product","3":"status-publish","4":"has-post-thumbnail","6":"product_cat-rocknroll-es","7":"product_tag-de-nuevo-en-existencia","8":"pa_artist-various-artists-es","9":"pa_format-lp-es","10":"pa_gender-rocknroll","11":"pa_label-jukebox-music-factory","12":"pa_location-north-america-es","13":"pa_other-filters-vinyl-only-es","15":"first","16":"instock","17":"taxable","18":"shipping-taxable","19":"purchasable","20":"product-type-simple"},"acf":[],"yoast_head":"<!-- This site is optimized with the Yoast SEO plugin v24.9 - https:\/\/yoast.com\/wordpress\/plugins\/seo\/ -->\n<title>VARIOUS ARTISTS - Le Flash Boum Beat (LP+CD) -  (LP) | Guerssen<\/title>\n<meta name=\"description\" content=\"Time ticks by and strangely enough, the Jukebox Music Factory has never before focused on Francophone singers and groups!Compiling a new quality tracklisting - when so many other (often excellent) compilations have already been produced - represents no small challenge. And yet our ol&#039; pal El Vidocq has somehow pulled it off, limiting his prospecting to France, Belgium and Canada to unearth a selection of real nuggets. As usual, the convivial disc jockey has favored dance-inducing, out-of-the-ordinary tunes, while yet steering clear of the simply strange or anecdotal...This new album combines rock, jerk and froggy y\u00e9-y\u00e9, with eminently cinematographic instrumentals. Certain songs are astonishingly modern, while others are simply outrageous. Gaston&#039;s reply to Nino Ferrer. The addictions of Jos\u00e9 Salcy. Cl\u00e9o evoking the 60s lifestyle, and Annie Duparc the changing society. Tao settles his parental scores, while Christian Gaubert and Claude Bolling masterfully direct their ensembles, on a level with the world&#039;s greatest orchestras!Once again, and it&#039;s no surprise, not a drop of ennui taints this fun and groovy album, packed full with talented musicians, many forgotten but here happily rediscovered.\" \/>\n<meta name=\"robots\" content=\"index, follow, max-snippet:-1, max-image-preview:large, max-video-preview:-1\" \/>\n<link rel=\"canonical\" href=\"https:\/\/wpguerssen-test.odoo.rgbconsulting.com\/es\/producto\/le-flash-boum-beat-lpcd\/\" \/>\n<meta property=\"og:locale\" content=\"es_ES\" \/>\n<meta property=\"og:type\" content=\"article\" \/>\n<meta property=\"og:title\" content=\"VARIOUS ARTISTS - Le Flash Boum Beat (LP+CD) -  (LP) | Guerssen\" \/>\n<meta property=\"og:description\" content=\"Time ticks by and strangely enough, the Jukebox Music Factory has never before focused on Francophone singers and groups!Compiling a new quality tracklisting - when so many other (often excellent) compilations have already been produced - represents no small challenge. And yet our ol&#039; pal El Vidocq has somehow pulled it off, limiting his prospecting to France, Belgium and Canada to unearth a selection of real nuggets. As usual, the convivial disc jockey has favored dance-inducing, out-of-the-ordinary tunes, while yet steering clear of the simply strange or anecdotal...This new album combines rock, jerk and froggy y\u00e9-y\u00e9, with eminently cinematographic instrumentals. Certain songs are astonishingly modern, while others are simply outrageous. Gaston&#039;s reply to Nino Ferrer. The addictions of Jos\u00e9 Salcy. Cl\u00e9o evoking the 60s lifestyle, and Annie Duparc the changing society. Tao settles his parental scores, while Christian Gaubert and Claude Bolling masterfully direct their ensembles, on a level with the world&#039;s greatest orchestras!Once again, and it&#039;s no surprise, not a drop of ennui taints this fun and groovy album, packed full with talented musicians, many forgotten but here happily rediscovered.\" \/>\n<meta property=\"og:url\" content=\"https:\/\/wpguerssen-test.odoo.rgbconsulting.com\/es\/producto\/le-flash-boum-beat-lpcd\/\" \/>\n<meta property=\"og:site_name\" content=\"Guerssen records\" \/>\n<meta property=\"article:modified_time\" content=\"2025-01-27T14:38:08+00:00\" \/>\n<meta property=\"og:image\" content=\"https:\/\/wpguerssen-test.odoo.rgbconsulting.com\/wp-content\/uploads\/2023\/11\/44912.jpg\" \/>\n\t<meta property=\"og:image:width\" content=\"346\" \/>\n\t<meta property=\"og:image:height\" content=\"346\" \/>\n\t<meta property=\"og:image:type\" content=\"image\/jpeg\" \/>\n<meta name=\"twitter:card\" content=\"summary_large_image\" \/>\n<meta name=\"twitter:title\" content=\"VARIOUS ARTISTS - Le Flash Boum Beat (LP+CD) -  (LP) | Guerssen\" \/>\n<meta name=\"twitter:label1\" content=\"Tiempo de lectura\" \/>\n\t<meta name=\"twitter:data1\" content=\"1 minuto\" \/>\n<script type=\"application\/ld+json\" class=\"yoast-schema-graph\">{\"@context\":\"https:\/\/schema.org\",\"@graph\":[{\"@type\":\"WebPage\",\"@id\":\"https:\/\/wpguerssen-test.odoo.rgbconsulting.com\/es\/producto\/le-flash-boum-beat-lpcd\/\",\"url\":\"https:\/\/wpguerssen-test.odoo.rgbconsulting.com\/es\/producto\/le-flash-boum-beat-lpcd\/\",\"name\":\"VARIOUS ARTISTS - Le Flash Boum Beat (LP+CD) - (LP) | Guerssen\",\"isPartOf\":{\"@id\":\"https:\/\/wpguerssen-test.odoo.rgbconsulting.com\/es\/#website\"},\"primaryImageOfPage\":{\"@id\":\"https:\/\/wpguerssen-test.odoo.rgbconsulting.com\/es\/producto\/le-flash-boum-beat-lpcd\/#primaryimage\"},\"image\":{\"@id\":\"https:\/\/wpguerssen-test.odoo.rgbconsulting.com\/es\/producto\/le-flash-boum-beat-lpcd\/#primaryimage\"},\"thumbnailUrl\":\"https:\/\/wpguerssen-test.odoo.rgbconsulting.com\/wp-content\/uploads\/2023\/11\/44912.jpg\",\"datePublished\":\"2025-01-26T23:00:00+00:00\",\"dateModified\":\"2025-01-27T14:38:08+00:00\",\"description\":\"Time ticks by and strangely enough, the Jukebox Music Factory has never before focused on Francophone singers and groups!Compiling a new quality tracklisting - when so many other (often excellent) compilations have already been produced - represents no small challenge. And yet our ol' pal El Vidocq has somehow pulled it off, limiting his prospecting to France, Belgium and Canada to unearth a selection of real nuggets. As usual, the convivial disc jockey has favored dance-inducing, out-of-the-ordinary tunes, while yet steering clear of the simply strange or anecdotal...This new album combines rock, jerk and froggy y\u00e9-y\u00e9, with eminently cinematographic instrumentals. Certain songs are astonishingly modern, while others are simply outrageous. Gaston's reply to Nino Ferrer. The addictions of Jos\u00e9 Salcy. Cl\u00e9o evoking the 60s lifestyle, and Annie Duparc the changing society. Tao settles his parental scores, while Christian Gaubert and Claude Bolling masterfully direct their ensembles, on a level with the world's greatest orchestras!Once again, and it's no surprise, not a drop of ennui taints this fun and groovy album, packed full with talented musicians, many forgotten but here happily rediscovered.\",\"breadcrumb\":{\"@id\":\"https:\/\/wpguerssen-test.odoo.rgbconsulting.com\/es\/producto\/le-flash-boum-beat-lpcd\/#breadcrumb\"},\"inLanguage\":\"es\",\"potentialAction\":[{\"@type\":\"ReadAction\",\"target\":[\"https:\/\/wpguerssen-test.odoo.rgbconsulting.com\/es\/producto\/le-flash-boum-beat-lpcd\/\"]}]},{\"@type\":\"ImageObject\",\"inLanguage\":\"es\",\"@id\":\"https:\/\/wpguerssen-test.odoo.rgbconsulting.com\/es\/producto\/le-flash-boum-beat-lpcd\/#primaryimage\",\"url\":\"https:\/\/wpguerssen-test.odoo.rgbconsulting.com\/wp-content\/uploads\/2023\/11\/44912.jpg\",\"contentUrl\":\"https:\/\/wpguerssen-test.odoo.rgbconsulting.com\/wp-content\/uploads\/2023\/11\/44912.jpg\",\"width\":346,\"height\":346},{\"@type\":\"BreadcrumbList\",\"@id\":\"https:\/\/wpguerssen-test.odoo.rgbconsulting.com\/es\/producto\/le-flash-boum-beat-lpcd\/#breadcrumb\",\"itemListElement\":[{\"@type\":\"ListItem\",\"position\":1,\"name\":\"Inicio\",\"item\":\"https:\/\/wpguerssen-test.odoo.rgbconsulting.com\/es\/\"},{\"@type\":\"ListItem\",\"position\":2,\"name\":\"Shop\",\"item\":\"https:\/\/wpguerssen-test.odoo.rgbconsulting.com\/shop\/\"},{\"@type\":\"ListItem\",\"position\":3,\"name\":\"Le Flash Boum Beat (LP+CD)\"}]},{\"@type\":\"WebSite\",\"@id\":\"https:\/\/wpguerssen-test.odoo.rgbconsulting.com\/es\/#website\",\"url\":\"https:\/\/wpguerssen-test.odoo.rgbconsulting.com\/es\/\",\"name\":\"Guerssen records\",\"description\":\"psychedelia - progressive - folk - garage \",\"publisher\":{\"@id\":\"https:\/\/wpguerssen-test.odoo.rgbconsulting.com\/es\/#organization\"},\"potentialAction\":[{\"@type\":\"SearchAction\",\"target\":{\"@type\":\"EntryPoint\",\"urlTemplate\":\"https:\/\/wpguerssen-test.odoo.rgbconsulting.com\/es\/?s={search_term_string}\"},\"query-input\":{\"@type\":\"PropertyValueSpecification\",\"valueRequired\":true,\"valueName\":\"search_term_string\"}}],\"inLanguage\":\"es\"},{\"@type\":\"Organization\",\"@id\":\"https:\/\/wpguerssen-test.odoo.rgbconsulting.com\/es\/#organization\",\"name\":\"Guerssen records\",\"url\":\"https:\/\/wpguerssen-test.odoo.rgbconsulting.com\/es\/\",\"logo\":{\"@type\":\"ImageObject\",\"inLanguage\":\"es\",\"@id\":\"https:\/\/wpguerssen-test.odoo.rgbconsulting.com\/es\/#\/schema\/logo\/image\/\",\"url\":\"https:\/\/wpguerssen-test.odoo.rgbconsulting.com\/wp-content\/uploads\/2022\/04\/Logo_Guerssen_trans_100.png\",\"contentUrl\":\"https:\/\/wpguerssen-test.odoo.rgbconsulting.com\/wp-content\/uploads\/2022\/04\/Logo_Guerssen_trans_100.png\",\"width\":122,\"height\":100,\"caption\":\"Guerssen records\"},\"image\":{\"@id\":\"https:\/\/wpguerssen-test.odoo.rgbconsulting.com\/es\/#\/schema\/logo\/image\/\"}}]}<\/script>\n<!-- \/ Yoast SEO plugin. -->","yoast_head_json":{"title":"VARIOUS ARTISTS - Le Flash Boum Beat (LP+CD) -  (LP) | Guerssen","description":"Time ticks by and strangely enough, the Jukebox Music Factory has never before focused on Francophone singers and groups!Compiling a new quality tracklisting - when so many other (often excellent) compilations have already been produced - represents no small challenge. And yet our ol' pal El Vidocq has somehow pulled it off, limiting his prospecting to France, Belgium and Canada to unearth a selection of real nuggets. As usual, the convivial disc jockey has favored dance-inducing, out-of-the-ordinary tunes, while yet steering clear of the simply strange or anecdotal...This new album combines rock, jerk and froggy y\u00e9-y\u00e9, with eminently cinematographic instrumentals. Certain songs are astonishingly modern, while others are simply outrageous. Gaston's reply to Nino Ferrer. The addictions of Jos\u00e9 Salcy. Cl\u00e9o evoking the 60s lifestyle, and Annie Duparc the changing society. Tao settles his parental scores, while Christian Gaubert and Claude Bolling masterfully direct their ensembles, on a level with the world's greatest orchestras!Once again, and it's no surprise, not a drop of ennui taints this fun and groovy album, packed full with talented musicians, many forgotten but here happily rediscovered.","robots":{"index":"index","follow":"follow","max-snippet":"max-snippet:-1","max-image-preview":"max-image-preview:large","max-video-preview":"max-video-preview:-1"},"canonical":"https:\/\/wpguerssen-test.odoo.rgbconsulting.com\/es\/producto\/le-flash-boum-beat-lpcd\/","og_locale":"es_ES","og_type":"article","og_title":"VARIOUS ARTISTS - Le Flash Boum Beat (LP+CD) -  (LP) | Guerssen","og_description":"Time ticks by and strangely enough, the Jukebox Music Factory has never before focused on Francophone singers and groups!Compiling a new quality tracklisting - when so many other (often excellent) compilations have already been produced - represents no small challenge. And yet our ol' pal El Vidocq has somehow pulled it off, limiting his prospecting to France, Belgium and Canada to unearth a selection of real nuggets. As usual, the convivial disc jockey has favored dance-inducing, out-of-the-ordinary tunes, while yet steering clear of the simply strange or anecdotal...This new album combines rock, jerk and froggy y\u00e9-y\u00e9, with eminently cinematographic instrumentals. Certain songs are astonishingly modern, while others are simply outrageous. Gaston's reply to Nino Ferrer. The addictions of Jos\u00e9 Salcy. Cl\u00e9o evoking the 60s lifestyle, and Annie Duparc the changing society. Tao settles his parental scores, while Christian Gaubert and Claude Bolling masterfully direct their ensembles, on a level with the world's greatest orchestras!Once again, and it's no surprise, not a drop of ennui taints this fun and groovy album, packed full with talented musicians, many forgotten but here happily rediscovered.","og_url":"https:\/\/wpguerssen-test.odoo.rgbconsulting.com\/es\/producto\/le-flash-boum-beat-lpcd\/","og_site_name":"Guerssen records","article_modified_time":"2025-01-27T14:38:08+00:00","og_image":[{"width":346,"height":346,"url":"https:\/\/wpguerssen-test.odoo.rgbconsulting.com\/wp-content\/uploads\/2023\/11\/44912.jpg","type":"image\/jpeg"}],"twitter_card":"summary_large_image","twitter_title":"VARIOUS ARTISTS - Le Flash Boum Beat (LP+CD) -  (LP) | Guerssen","twitter_misc":{"Tiempo de lectura":"1 minuto"},"schema":{"@context":"https:\/\/schema.org","@graph":[{"@type":"WebPage","@id":"https:\/\/wpguerssen-test.odoo.rgbconsulting.com\/es\/producto\/le-flash-boum-beat-lpcd\/","url":"https:\/\/wpguerssen-test.odoo.rgbconsulting.com\/es\/producto\/le-flash-boum-beat-lpcd\/","name":"VARIOUS ARTISTS - Le Flash Boum Beat (LP+CD) - (LP) | Guerssen","isPartOf":{"@id":"https:\/\/wpguerssen-test.odoo.rgbconsulting.com\/es\/#website"},"primaryImageOfPage":{"@id":"https:\/\/wpguerssen-test.odoo.rgbconsulting.com\/es\/producto\/le-flash-boum-beat-lpcd\/#primaryimage"},"image":{"@id":"https:\/\/wpguerssen-test.odoo.rgbconsulting.com\/es\/producto\/le-flash-boum-beat-lpcd\/#primaryimage"},"thumbnailUrl":"https:\/\/wpguerssen-test.odoo.rgbconsulting.com\/wp-content\/uploads\/2023\/11\/44912.jpg","datePublished":"2025-01-26T23:00:00+00:00","dateModified":"2025-01-27T14:38:08+00:00","description":"Time ticks by and strangely enough, the Jukebox Music Factory has never before focused on Francophone singers and groups!Compiling a new quality tracklisting - when so many other (often excellent) compilations have already been produced - represents no small challenge. And yet our ol' pal El Vidocq has somehow pulled it off, limiting his prospecting to France, Belgium and Canada to unearth a selection of real nuggets. As usual, the convivial disc jockey has favored dance-inducing, out-of-the-ordinary tunes, while yet steering clear of the simply strange or anecdotal...This new album combines rock, jerk and froggy y\u00e9-y\u00e9, with eminently cinematographic instrumentals. Certain songs are astonishingly modern, while others are simply outrageous. Gaston's reply to Nino Ferrer. The addictions of Jos\u00e9 Salcy. Cl\u00e9o evoking the 60s lifestyle, and Annie Duparc the changing society. Tao settles his parental scores, while Christian Gaubert and Claude Bolling masterfully direct their ensembles, on a level with the world's greatest orchestras!Once again, and it's no surprise, not a drop of ennui taints this fun and groovy album, packed full with talented musicians, many forgotten but here happily rediscovered.","breadcrumb":{"@id":"https:\/\/wpguerssen-test.odoo.rgbconsulting.com\/es\/producto\/le-flash-boum-beat-lpcd\/#breadcrumb"},"inLanguage":"es","potentialAction":[{"@type":"ReadAction","target":["https:\/\/wpguerssen-test.odoo.rgbconsulting.com\/es\/producto\/le-flash-boum-beat-lpcd\/"]}]},{"@type":"ImageObject","inLanguage":"es","@id":"https:\/\/wpguerssen-test.odoo.rgbconsulting.com\/es\/producto\/le-flash-boum-beat-lpcd\/#primaryimage","url":"https:\/\/wpguerssen-test.odoo.rgbconsulting.com\/wp-content\/uploads\/2023\/11\/44912.jpg","contentUrl":"https:\/\/wpguerssen-test.odoo.rgbconsulting.com\/wp-content\/uploads\/2023\/11\/44912.jpg","width":346,"height":346},{"@type":"BreadcrumbList","@id":"https:\/\/wpguerssen-test.odoo.rgbconsulting.com\/es\/producto\/le-flash-boum-beat-lpcd\/#breadcrumb","itemListElement":[{"@type":"ListItem","position":1,"name":"Inicio","item":"https:\/\/wpguerssen-test.odoo.rgbconsulting.com\/es\/"},{"@type":"ListItem","position":2,"name":"Shop","item":"https:\/\/wpguerssen-test.odoo.rgbconsulting.com\/shop\/"},{"@type":"ListItem","position":3,"name":"Le Flash Boum Beat (LP+CD)"}]},{"@type":"WebSite","@id":"https:\/\/wpguerssen-test.odoo.rgbconsulting.com\/es\/#website","url":"https:\/\/wpguerssen-test.odoo.rgbconsulting.com\/es\/","name":"Guerssen records","description":"psychedelia - progressive - folk - garage ","publisher":{"@id":"https:\/\/wpguerssen-test.odoo.rgbconsulting.com\/es\/#organization"},"potentialAction":[{"@type":"SearchAction","target":{"@type":"EntryPoint","urlTemplate":"https:\/\/wpguerssen-test.odoo.rgbconsulting.com\/es\/?s={search_term_string}"},"query-input":{"@type":"PropertyValueSpecification","valueRequired":true,"valueName":"search_term_string"}}],"inLanguage":"es"},{"@type":"Organization","@id":"https:\/\/wpguerssen-test.odoo.rgbconsulting.com\/es\/#organization","name":"Guerssen records","url":"https:\/\/wpguerssen-test.odoo.rgbconsulting.com\/es\/","logo":{"@type":"ImageObject","inLanguage":"es","@id":"https:\/\/wpguerssen-test.odoo.rgbconsulting.com\/es\/#\/schema\/logo\/image\/","url":"https:\/\/wpguerssen-test.odoo.rgbconsulting.com\/wp-content\/uploads\/2022\/04\/Logo_Guerssen_trans_100.png","contentUrl":"https:\/\/wpguerssen-test.odoo.rgbconsulting.com\/wp-content\/uploads\/2022\/04\/Logo_Guerssen_trans_100.png","width":122,"height":100,"caption":"Guerssen records"},"image":{"@id":"https:\/\/wpguerssen-test.odoo.rgbconsulting.com\/es\/#\/schema\/logo\/image\/"}}]}},"_links":{"self":[{"href":"https:\/\/wpguerssen-test.odoo.rgbconsulting.com\/es\/wp-json\/wp\/v2\/product\/238094","targetHints":{"allow":["GET"]}}],"collection":[{"href":"https:\/\/wpguerssen-test.odoo.rgbconsulting.com\/es\/wp-json\/wp\/v2\/product"}],"about":[{"href":"https:\/\/wpguerssen-test.odoo.rgbconsulting.com\/es\/wp-json\/wp\/v2\/types\/product"}],"wp:featuredmedia":[{"embeddable":true,"href":"https:\/\/wpguerssen-test.odoo.rgbconsulting.com\/es\/wp-json\/wp\/v2\/media\/246749"}],"wp:attachment":[{"href":"https:\/\/wpguerssen-test.odoo.rgbconsulting.com\/es\/wp-json\/wp\/v2\/media?parent=238094"}],"wp:term":[{"taxonomy":"product_brand","embeddable":true,"href":"https:\/\/wpguerssen-test.odoo.rgbconsulting.com\/es\/wp-json\/wp\/v2\/product_brand?post=238094"},{"taxonomy":"product_cat","embeddable":true,"href":"https:\/\/wpguerssen-test.odoo.rgbconsulting.com\/es\/wp-json\/wp\/v2\/product_cat?post=238094"},{"taxonomy":"product_tag","embeddable":true,"href":"https:\/\/wpguerssen-test.odoo.rgbconsulting.com\/es\/wp-json\/wp\/v2\/product_tag?post=238094"}],"curies":[{"name":"wp","href":"https:\/\/api.w.org\/{rel}","templated":true}]}}