{"id":238095,"date":"2023-09-07T00:00:00","date_gmt":"2023-09-06T22:00:00","guid":{"rendered":"https:\/\/wpguerssen-test.odoo.rgbconsulting.com\/product\/satori-circus\/"},"modified":"2025-03-11T13:29:08","modified_gmt":"2025-03-11T12:29:08","slug":"satori-circus","status":"publish","type":"product","link":"https:\/\/wpguerssen-test.odoo.rgbconsulting.com\/es\/producto\/satori-circus\/","title":{"rendered":"Satori Circus"},"content":{"rendered":"<p>Richard Soutar fue uno de los primeros artistas de la costa este en escribir, grabar y publicar sus propios \u00e1lbumes. En 1976, \u00e9l mismo lanz\u00f3 una joya de disco llamado \u00abLavender Daydreams\u00bb, seguido de \u00abEpisodes\u00bb en 1979. Ambos \u00e1lbumes finalmente fueron reeditados como ediciones LP (agotadas por mucho tiempo) en Void Records, que ahora va a lanzar las \u00faltimas grabaciones de Soutar en un entorno de banda, Satori Circus, que tiene toques de hard rock y blues.<br \/>\u00abSatori Circus es una colecci\u00f3n de canciones que escrib\u00ed durante los \u00faltimos quince a\u00f1os&#8230; y algunas se remontan m\u00e1s atr\u00e1s\u00bb, dice Soutar. \u00abInclu\u00eda sonidos que ya no se est\u00e1n creando, pero todav\u00eda amo y siento que otros a\u00fan querr\u00e1n escuchar. Jugu\u00e9 m\u00e1s con los efectos de sonido. Tambi\u00e9n tuve acceso a un mellotron y un Hammond B3 y cualquier otra cosa que se me ocurriera. Satori Circus es mi movimiento hacia lo digital\u00bb. Limitado a 400 copias en vinilo negro.<\/p>\n","protected":false},"excerpt":{"rendered":"<p>Richard Soutar fue uno de los primeros artistas de la costa este en escribir, grabar y publicar sus propios \u00e1lbumes. En 1976, \u00e9l mismo lanz\u00f3 una joya de disco llamado<a class=\"read\" href=\"https:\/\/wpguerssen-test.odoo.rgbconsulting.com\/es\/producto\/satori-circus\/\"> (...)<\/a>","protected":false},"featured_media":238789,"template":"","meta":{"_acf_changed":false},"product_brand":[],"product_cat":[23274],"product_tag":[],"class_list":{"0":"post-238095","1":"product","2":"type-product","3":"status-publish","4":"has-post-thumbnail","6":"product_cat-folk-rock-60s-70s-es","7":"pa_artist-soutar-richard-es","8":"pa_format-lp-es","9":"pa_gender-folk-rock-60s-70s","10":"pa_label-void-es","11":"pa_location-north-america-es","12":"pa_other-filters-vinyl-only-es","14":"first","15":"instock","16":"taxable","17":"shipping-taxable","18":"purchasable","19":"product-type-simple"},"acf":[],"yoast_head":"<!-- This site is optimized with the Yoast SEO plugin v24.9 - https:\/\/yoast.com\/wordpress\/plugins\/seo\/ -->\n<title>SOUTAR, Richard - Satori Circus -  (LP) | Guerssen<\/title>\n<meta name=\"description\" content=\"Richard Soutar was one of the earliest artists on the east coast to write, record, press and publish his own albums. In 1976, he self-released a trippy DIY gem of a record called &quot;Lavender Daydreams,&quot; followed by &quot;Episodes&quot; in 1979. Both albums eventually saw reissue as (long sold out) LP editions on Void Records, who are now going to release Soutar&#039;s latest recordings in a band setting, Satori Circus, which has touches of hard rock, blues, and county -- as handled in Soutar&#039;s idiosyncratic way. Stated influences on the new album include the Doors and Mississippi John Hurt -- and maybe much more accurately, an Adyashanti lecture: &quot;all the crazy scenes you go through like a madman running in circles and suddenly seeing it clearly because you&#039;re in this very quiet sacred moment that descends unexpectedly on you. Some people call it Grace, others samadhi, others Satori,&quot; as Soutar explains.&quot;Satori Circus is a collection of songs I wrote over the last fifteen years... and some go back farther,&quot; says Soutar. &quot;It included sounds that aren&#039;t being created anymore but I still love and I feel others might still want to hear. I played with sound effects more. I also had access to a mellotron and a Hammond B3 and anything else I could think of. Satori Circus is my movement into digital. It was very difficult and I struggled with my 8-track digital. It was like working with gloves on for an analogue and tape guy. There were extra steps and a lot of multi-function buttons, but there was economy too.&quot; Limited to a 400 copies on black vinyl.\" \/>\n<meta name=\"robots\" content=\"index, follow, max-snippet:-1, max-image-preview:large, max-video-preview:-1\" \/>\n<link rel=\"canonical\" href=\"https:\/\/wpguerssen-test.odoo.rgbconsulting.com\/es\/producto\/satori-circus\/\" \/>\n<meta property=\"og:locale\" content=\"es_ES\" \/>\n<meta property=\"og:type\" content=\"article\" \/>\n<meta property=\"og:title\" content=\"SOUTAR, Richard - Satori Circus -  (LP) | Guerssen\" \/>\n<meta property=\"og:description\" content=\"Richard Soutar was one of the earliest artists on the east coast to write, record, press and publish his own albums. In 1976, he self-released a trippy DIY gem of a record called &quot;Lavender Daydreams,&quot; followed by &quot;Episodes&quot; in 1979. Both albums eventually saw reissue as (long sold out) LP editions on Void Records, who are now going to release Soutar&#039;s latest recordings in a band setting, Satori Circus, which has touches of hard rock, blues, and county -- as handled in Soutar&#039;s idiosyncratic way. Stated influences on the new album include the Doors and Mississippi John Hurt -- and maybe much more accurately, an Adyashanti lecture: &quot;all the crazy scenes you go through like a madman running in circles and suddenly seeing it clearly because you&#039;re in this very quiet sacred moment that descends unexpectedly on you. Some people call it Grace, others samadhi, others Satori,&quot; as Soutar explains.&quot;Satori Circus is a collection of songs I wrote over the last fifteen years... and some go back farther,&quot; says Soutar. &quot;It included sounds that aren&#039;t being created anymore but I still love and I feel others might still want to hear. I played with sound effects more. I also had access to a mellotron and a Hammond B3 and anything else I could think of. Satori Circus is my movement into digital. It was very difficult and I struggled with my 8-track digital. It was like working with gloves on for an analogue and tape guy. There were extra steps and a lot of multi-function buttons, but there was economy too.&quot; Limited to a 400 copies on black vinyl.\" \/>\n<meta property=\"og:url\" content=\"https:\/\/wpguerssen-test.odoo.rgbconsulting.com\/es\/producto\/satori-circus\/\" \/>\n<meta property=\"og:site_name\" content=\"Guerssen records\" \/>\n<meta property=\"article:modified_time\" content=\"2025-03-11T12:29:08+00:00\" \/>\n<meta property=\"og:image\" content=\"https:\/\/wpguerssen-test.odoo.rgbconsulting.com\/wp-content\/uploads\/2023\/07\/44913.jpg\" \/>\n\t<meta property=\"og:image:width\" content=\"480\" \/>\n\t<meta property=\"og:image:height\" content=\"480\" \/>\n\t<meta property=\"og:image:type\" content=\"image\/jpeg\" \/>\n<meta name=\"twitter:card\" content=\"summary_large_image\" \/>\n<meta name=\"twitter:title\" content=\"SOUTAR, Richard - Satori Circus -  (LP) | Guerssen\" \/>\n<meta name=\"twitter:label1\" content=\"Tiempo de lectura\" \/>\n\t<meta name=\"twitter:data1\" content=\"1 minuto\" \/>\n<script type=\"application\/ld+json\" class=\"yoast-schema-graph\">{\"@context\":\"https:\/\/schema.org\",\"@graph\":[{\"@type\":\"WebPage\",\"@id\":\"https:\/\/wpguerssen-test.odoo.rgbconsulting.com\/es\/producto\/satori-circus\/\",\"url\":\"https:\/\/wpguerssen-test.odoo.rgbconsulting.com\/es\/producto\/satori-circus\/\",\"name\":\"SOUTAR, Richard - Satori Circus - (LP) | Guerssen\",\"isPartOf\":{\"@id\":\"https:\/\/wpguerssen-test.odoo.rgbconsulting.com\/es\/#website\"},\"primaryImageOfPage\":{\"@id\":\"https:\/\/wpguerssen-test.odoo.rgbconsulting.com\/es\/producto\/satori-circus\/#primaryimage\"},\"image\":{\"@id\":\"https:\/\/wpguerssen-test.odoo.rgbconsulting.com\/es\/producto\/satori-circus\/#primaryimage\"},\"thumbnailUrl\":\"https:\/\/wpguerssen-test.odoo.rgbconsulting.com\/wp-content\/uploads\/2023\/07\/44913.jpg\",\"datePublished\":\"2023-09-06T22:00:00+00:00\",\"dateModified\":\"2025-03-11T12:29:08+00:00\",\"description\":\"Richard Soutar was one of the earliest artists on the east coast to write, record, press and publish his own albums. In 1976, he self-released a trippy DIY gem of a record called \\\"Lavender Daydreams,\\\" followed by \\\"Episodes\\\" in 1979. Both albums eventually saw reissue as (long sold out) LP editions on Void Records, who are now going to release Soutar's latest recordings in a band setting, Satori Circus, which has touches of hard rock, blues, and county -- as handled in Soutar's idiosyncratic way. Stated influences on the new album include the Doors and Mississippi John Hurt -- and maybe much more accurately, an Adyashanti lecture: \\\"all the crazy scenes you go through like a madman running in circles and suddenly seeing it clearly because you're in this very quiet sacred moment that descends unexpectedly on you. Some people call it Grace, others samadhi, others Satori,\\\" as Soutar explains.\\\"Satori Circus is a collection of songs I wrote over the last fifteen years... and some go back farther,\\\" says Soutar. \\\"It included sounds that aren't being created anymore but I still love and I feel others might still want to hear. I played with sound effects more. I also had access to a mellotron and a Hammond B3 and anything else I could think of. Satori Circus is my movement into digital. It was very difficult and I struggled with my 8-track digital. It was like working with gloves on for an analogue and tape guy. There were extra steps and a lot of multi-function buttons, but there was economy too.\\\" Limited to a 400 copies on black vinyl.\",\"breadcrumb\":{\"@id\":\"https:\/\/wpguerssen-test.odoo.rgbconsulting.com\/es\/producto\/satori-circus\/#breadcrumb\"},\"inLanguage\":\"es\",\"potentialAction\":[{\"@type\":\"ReadAction\",\"target\":[\"https:\/\/wpguerssen-test.odoo.rgbconsulting.com\/es\/producto\/satori-circus\/\"]}]},{\"@type\":\"ImageObject\",\"inLanguage\":\"es\",\"@id\":\"https:\/\/wpguerssen-test.odoo.rgbconsulting.com\/es\/producto\/satori-circus\/#primaryimage\",\"url\":\"https:\/\/wpguerssen-test.odoo.rgbconsulting.com\/wp-content\/uploads\/2023\/07\/44913.jpg\",\"contentUrl\":\"https:\/\/wpguerssen-test.odoo.rgbconsulting.com\/wp-content\/uploads\/2023\/07\/44913.jpg\",\"width\":480,\"height\":480,\"caption\":\"Richard - Satori Circus - VOID (LP) | Guerssen\"},{\"@type\":\"BreadcrumbList\",\"@id\":\"https:\/\/wpguerssen-test.odoo.rgbconsulting.com\/es\/producto\/satori-circus\/#breadcrumb\",\"itemListElement\":[{\"@type\":\"ListItem\",\"position\":1,\"name\":\"Inicio\",\"item\":\"https:\/\/wpguerssen-test.odoo.rgbconsulting.com\/es\/\"},{\"@type\":\"ListItem\",\"position\":2,\"name\":\"Shop\",\"item\":\"https:\/\/wpguerssen-test.odoo.rgbconsulting.com\/shop\/\"},{\"@type\":\"ListItem\",\"position\":3,\"name\":\"Satori Circus\"}]},{\"@type\":\"WebSite\",\"@id\":\"https:\/\/wpguerssen-test.odoo.rgbconsulting.com\/es\/#website\",\"url\":\"https:\/\/wpguerssen-test.odoo.rgbconsulting.com\/es\/\",\"name\":\"Guerssen records\",\"description\":\"psychedelia - progressive - folk - garage \",\"publisher\":{\"@id\":\"https:\/\/wpguerssen-test.odoo.rgbconsulting.com\/es\/#organization\"},\"potentialAction\":[{\"@type\":\"SearchAction\",\"target\":{\"@type\":\"EntryPoint\",\"urlTemplate\":\"https:\/\/wpguerssen-test.odoo.rgbconsulting.com\/es\/?s={search_term_string}\"},\"query-input\":{\"@type\":\"PropertyValueSpecification\",\"valueRequired\":true,\"valueName\":\"search_term_string\"}}],\"inLanguage\":\"es\"},{\"@type\":\"Organization\",\"@id\":\"https:\/\/wpguerssen-test.odoo.rgbconsulting.com\/es\/#organization\",\"name\":\"Guerssen records\",\"url\":\"https:\/\/wpguerssen-test.odoo.rgbconsulting.com\/es\/\",\"logo\":{\"@type\":\"ImageObject\",\"inLanguage\":\"es\",\"@id\":\"https:\/\/wpguerssen-test.odoo.rgbconsulting.com\/es\/#\/schema\/logo\/image\/\",\"url\":\"https:\/\/wpguerssen-test.odoo.rgbconsulting.com\/wp-content\/uploads\/2022\/04\/Logo_Guerssen_trans_100.png\",\"contentUrl\":\"https:\/\/wpguerssen-test.odoo.rgbconsulting.com\/wp-content\/uploads\/2022\/04\/Logo_Guerssen_trans_100.png\",\"width\":122,\"height\":100,\"caption\":\"Guerssen records\"},\"image\":{\"@id\":\"https:\/\/wpguerssen-test.odoo.rgbconsulting.com\/es\/#\/schema\/logo\/image\/\"}}]}<\/script>\n<!-- \/ Yoast SEO plugin. -->","yoast_head_json":{"title":"SOUTAR, Richard - Satori Circus -  (LP) | Guerssen","description":"Richard Soutar was one of the earliest artists on the east coast to write, record, press and publish his own albums. In 1976, he self-released a trippy DIY gem of a record called \"Lavender Daydreams,\" followed by \"Episodes\" in 1979. Both albums eventually saw reissue as (long sold out) LP editions on Void Records, who are now going to release Soutar's latest recordings in a band setting, Satori Circus, which has touches of hard rock, blues, and county -- as handled in Soutar's idiosyncratic way. Stated influences on the new album include the Doors and Mississippi John Hurt -- and maybe much more accurately, an Adyashanti lecture: \"all the crazy scenes you go through like a madman running in circles and suddenly seeing it clearly because you're in this very quiet sacred moment that descends unexpectedly on you. Some people call it Grace, others samadhi, others Satori,\" as Soutar explains.\"Satori Circus is a collection of songs I wrote over the last fifteen years... and some go back farther,\" says Soutar. \"It included sounds that aren't being created anymore but I still love and I feel others might still want to hear. I played with sound effects more. I also had access to a mellotron and a Hammond B3 and anything else I could think of. Satori Circus is my movement into digital. It was very difficult and I struggled with my 8-track digital. It was like working with gloves on for an analogue and tape guy. There were extra steps and a lot of multi-function buttons, but there was economy too.\" Limited to a 400 copies on black vinyl.","robots":{"index":"index","follow":"follow","max-snippet":"max-snippet:-1","max-image-preview":"max-image-preview:large","max-video-preview":"max-video-preview:-1"},"canonical":"https:\/\/wpguerssen-test.odoo.rgbconsulting.com\/es\/producto\/satori-circus\/","og_locale":"es_ES","og_type":"article","og_title":"SOUTAR, Richard - Satori Circus -  (LP) | Guerssen","og_description":"Richard Soutar was one of the earliest artists on the east coast to write, record, press and publish his own albums. In 1976, he self-released a trippy DIY gem of a record called \"Lavender Daydreams,\" followed by \"Episodes\" in 1979. Both albums eventually saw reissue as (long sold out) LP editions on Void Records, who are now going to release Soutar's latest recordings in a band setting, Satori Circus, which has touches of hard rock, blues, and county -- as handled in Soutar's idiosyncratic way. Stated influences on the new album include the Doors and Mississippi John Hurt -- and maybe much more accurately, an Adyashanti lecture: \"all the crazy scenes you go through like a madman running in circles and suddenly seeing it clearly because you're in this very quiet sacred moment that descends unexpectedly on you. Some people call it Grace, others samadhi, others Satori,\" as Soutar explains.\"Satori Circus is a collection of songs I wrote over the last fifteen years... and some go back farther,\" says Soutar. \"It included sounds that aren't being created anymore but I still love and I feel others might still want to hear. I played with sound effects more. I also had access to a mellotron and a Hammond B3 and anything else I could think of. Satori Circus is my movement into digital. It was very difficult and I struggled with my 8-track digital. It was like working with gloves on for an analogue and tape guy. There were extra steps and a lot of multi-function buttons, but there was economy too.\" Limited to a 400 copies on black vinyl.","og_url":"https:\/\/wpguerssen-test.odoo.rgbconsulting.com\/es\/producto\/satori-circus\/","og_site_name":"Guerssen records","article_modified_time":"2025-03-11T12:29:08+00:00","og_image":[{"width":480,"height":480,"url":"https:\/\/wpguerssen-test.odoo.rgbconsulting.com\/wp-content\/uploads\/2023\/07\/44913.jpg","type":"image\/jpeg"}],"twitter_card":"summary_large_image","twitter_title":"SOUTAR, Richard - Satori Circus -  (LP) | Guerssen","twitter_misc":{"Tiempo de lectura":"1 minuto"},"schema":{"@context":"https:\/\/schema.org","@graph":[{"@type":"WebPage","@id":"https:\/\/wpguerssen-test.odoo.rgbconsulting.com\/es\/producto\/satori-circus\/","url":"https:\/\/wpguerssen-test.odoo.rgbconsulting.com\/es\/producto\/satori-circus\/","name":"SOUTAR, Richard - Satori Circus - (LP) | Guerssen","isPartOf":{"@id":"https:\/\/wpguerssen-test.odoo.rgbconsulting.com\/es\/#website"},"primaryImageOfPage":{"@id":"https:\/\/wpguerssen-test.odoo.rgbconsulting.com\/es\/producto\/satori-circus\/#primaryimage"},"image":{"@id":"https:\/\/wpguerssen-test.odoo.rgbconsulting.com\/es\/producto\/satori-circus\/#primaryimage"},"thumbnailUrl":"https:\/\/wpguerssen-test.odoo.rgbconsulting.com\/wp-content\/uploads\/2023\/07\/44913.jpg","datePublished":"2023-09-06T22:00:00+00:00","dateModified":"2025-03-11T12:29:08+00:00","description":"Richard Soutar was one of the earliest artists on the east coast to write, record, press and publish his own albums. In 1976, he self-released a trippy DIY gem of a record called \"Lavender Daydreams,\" followed by \"Episodes\" in 1979. Both albums eventually saw reissue as (long sold out) LP editions on Void Records, who are now going to release Soutar's latest recordings in a band setting, Satori Circus, which has touches of hard rock, blues, and county -- as handled in Soutar's idiosyncratic way. Stated influences on the new album include the Doors and Mississippi John Hurt -- and maybe much more accurately, an Adyashanti lecture: \"all the crazy scenes you go through like a madman running in circles and suddenly seeing it clearly because you're in this very quiet sacred moment that descends unexpectedly on you. Some people call it Grace, others samadhi, others Satori,\" as Soutar explains.\"Satori Circus is a collection of songs I wrote over the last fifteen years... and some go back farther,\" says Soutar. \"It included sounds that aren't being created anymore but I still love and I feel others might still want to hear. I played with sound effects more. I also had access to a mellotron and a Hammond B3 and anything else I could think of. Satori Circus is my movement into digital. It was very difficult and I struggled with my 8-track digital. It was like working with gloves on for an analogue and tape guy. There were extra steps and a lot of multi-function buttons, but there was economy too.\" Limited to a 400 copies on black vinyl.","breadcrumb":{"@id":"https:\/\/wpguerssen-test.odoo.rgbconsulting.com\/es\/producto\/satori-circus\/#breadcrumb"},"inLanguage":"es","potentialAction":[{"@type":"ReadAction","target":["https:\/\/wpguerssen-test.odoo.rgbconsulting.com\/es\/producto\/satori-circus\/"]}]},{"@type":"ImageObject","inLanguage":"es","@id":"https:\/\/wpguerssen-test.odoo.rgbconsulting.com\/es\/producto\/satori-circus\/#primaryimage","url":"https:\/\/wpguerssen-test.odoo.rgbconsulting.com\/wp-content\/uploads\/2023\/07\/44913.jpg","contentUrl":"https:\/\/wpguerssen-test.odoo.rgbconsulting.com\/wp-content\/uploads\/2023\/07\/44913.jpg","width":480,"height":480,"caption":"Richard - Satori Circus - VOID (LP) | Guerssen"},{"@type":"BreadcrumbList","@id":"https:\/\/wpguerssen-test.odoo.rgbconsulting.com\/es\/producto\/satori-circus\/#breadcrumb","itemListElement":[{"@type":"ListItem","position":1,"name":"Inicio","item":"https:\/\/wpguerssen-test.odoo.rgbconsulting.com\/es\/"},{"@type":"ListItem","position":2,"name":"Shop","item":"https:\/\/wpguerssen-test.odoo.rgbconsulting.com\/shop\/"},{"@type":"ListItem","position":3,"name":"Satori Circus"}]},{"@type":"WebSite","@id":"https:\/\/wpguerssen-test.odoo.rgbconsulting.com\/es\/#website","url":"https:\/\/wpguerssen-test.odoo.rgbconsulting.com\/es\/","name":"Guerssen records","description":"psychedelia - progressive - folk - garage ","publisher":{"@id":"https:\/\/wpguerssen-test.odoo.rgbconsulting.com\/es\/#organization"},"potentialAction":[{"@type":"SearchAction","target":{"@type":"EntryPoint","urlTemplate":"https:\/\/wpguerssen-test.odoo.rgbconsulting.com\/es\/?s={search_term_string}"},"query-input":{"@type":"PropertyValueSpecification","valueRequired":true,"valueName":"search_term_string"}}],"inLanguage":"es"},{"@type":"Organization","@id":"https:\/\/wpguerssen-test.odoo.rgbconsulting.com\/es\/#organization","name":"Guerssen records","url":"https:\/\/wpguerssen-test.odoo.rgbconsulting.com\/es\/","logo":{"@type":"ImageObject","inLanguage":"es","@id":"https:\/\/wpguerssen-test.odoo.rgbconsulting.com\/es\/#\/schema\/logo\/image\/","url":"https:\/\/wpguerssen-test.odoo.rgbconsulting.com\/wp-content\/uploads\/2022\/04\/Logo_Guerssen_trans_100.png","contentUrl":"https:\/\/wpguerssen-test.odoo.rgbconsulting.com\/wp-content\/uploads\/2022\/04\/Logo_Guerssen_trans_100.png","width":122,"height":100,"caption":"Guerssen records"},"image":{"@id":"https:\/\/wpguerssen-test.odoo.rgbconsulting.com\/es\/#\/schema\/logo\/image\/"}}]}},"_links":{"self":[{"href":"https:\/\/wpguerssen-test.odoo.rgbconsulting.com\/es\/wp-json\/wp\/v2\/product\/238095","targetHints":{"allow":["GET"]}}],"collection":[{"href":"https:\/\/wpguerssen-test.odoo.rgbconsulting.com\/es\/wp-json\/wp\/v2\/product"}],"about":[{"href":"https:\/\/wpguerssen-test.odoo.rgbconsulting.com\/es\/wp-json\/wp\/v2\/types\/product"}],"wp:featuredmedia":[{"embeddable":true,"href":"https:\/\/wpguerssen-test.odoo.rgbconsulting.com\/es\/wp-json\/wp\/v2\/media\/238789"}],"wp:attachment":[{"href":"https:\/\/wpguerssen-test.odoo.rgbconsulting.com\/es\/wp-json\/wp\/v2\/media?parent=238095"}],"wp:term":[{"taxonomy":"product_brand","embeddable":true,"href":"https:\/\/wpguerssen-test.odoo.rgbconsulting.com\/es\/wp-json\/wp\/v2\/product_brand?post=238095"},{"taxonomy":"product_cat","embeddable":true,"href":"https:\/\/wpguerssen-test.odoo.rgbconsulting.com\/es\/wp-json\/wp\/v2\/product_cat?post=238095"},{"taxonomy":"product_tag","embeddable":true,"href":"https:\/\/wpguerssen-test.odoo.rgbconsulting.com\/es\/wp-json\/wp\/v2\/product_tag?post=238095"}],"curies":[{"name":"wp","href":"https:\/\/api.w.org\/{rel}","templated":true}]}}