{"id":238137,"date":"2023-08-24T00:00:00","date_gmt":"2023-08-23T22:00:00","guid":{"rendered":"https:\/\/wpguerssen-test.odoo.rgbconsulting.com\/product\/the-flows-greatest-hits\/"},"modified":"2025-05-05T11:09:18","modified_gmt":"2025-05-05T09:09:18","slug":"the-flows-greatest-hits","status":"publish","type":"product","link":"https:\/\/wpguerssen-test.odoo.rgbconsulting.com\/es\/producto\/the-flows-greatest-hits\/","title":{"rendered":"The Flow&#8217;s Greatest Hits"},"content":{"rendered":"<p>THE FLOW fueron un tr\u00edo de hard-rock psicod\u00e9lico formado en Nueva York por Pete Fine, Monte Farber y Steve Starer. Era la \u00e9poca de principios de los 70 en la ciudad neoyorquina, los tiempos pre-glam\/punk\/new wave, cuando FLOW que ensayaban al lado de grupos como Wicked Lester (m\u00e1s tarde conocidos como KISS) deciden comenzar a tocar una m\u00fasica sin l\u00edmites para su imaginaci\u00f3n musical. Su sonido part\u00eda del hard-rock con duras guitarras fuzz pero sin temor a a\u00f1adir toques psicod\u00e9licos y experimentales.<\/p>\n<p>En 1972 graban y auto-editan de forma totalmente privada y muy limitada un LP bajo el t\u00edtulo de \u201cThe Flow\u2019s Greatest Hits\u201d, incluyendo solo composiciones propias. Una aut\u00e9ntica rareza y holy grail de la primera era psicod\u00e9lica, imposible de encontrar en original. Reeditado oficialmente a principios de los 2000 por el sello Shadoks y ya descatalogado hace muchos a\u00f1os, aqu\u00ed presentamos una edici\u00f3n a todo lujo y fiel al original.<\/p>\n<p>*Artwork original en portada de cart\u00f3n duro + OBI<br \/>*Insert desplegable con notas y fotos<br \/>*Cup\u00f3n de descarga con tres bonus tracks<br \/>*The Flow son uno de los grupos incluidos en el famoso libro \u201cNew York Rock: From The Rise Of The Velvet Underground To The Fall of CBGB\u201d<\/p>\n<p>Recomendado si te gustan: BLACK SABBATH, BLUE CHEER, HENDRIX, THE WHO, LED ZEPPELIN, CREAM, CSNY\u2026<\/p>\n<p>Tracklist:<br \/>Side 1: 1. It Swallowed The Sun &#8211; 2. Searchin&#8217; &#8211; 3. Funny Funky Woman &#8211; 4. Meditations &#8211; 5. Toccata In D Minor &#8211; 6. Bijinkies<br \/>Side 2: 1. Mousely &#8211; 2. Troubadour Between Sets &#8211; 3. Third Movement &#8211; 4. Get Up &#038; Smile &#8211; 5. Sunday Night Randoms &#8211; 6. I Saw A Dog &#8211; 7. Insanity Creeping<br \/>Bonus tracks: Things We Said Today (Digital Bonus Track) &#8211; Baghdad Express (Digital Bonus Track) &#8211; Wynds (Digital Bonus Track)<\/p>\n<p>\n","protected":false},"excerpt":{"rendered":"<p>THE FLOW fueron un tr\u00edo de hard-rock psicod\u00e9lico formado en Nueva York por Pete Fine, Monte Farber y Steve Starer. Era la \u00e9poca de principios de los 70 en la ciudad<a class=\"read\" href=\"https:\/\/wpguerssen-test.odoo.rgbconsulting.com\/es\/producto\/the-flows-greatest-hits\/\"> (...)<\/a>","protected":false},"featured_media":238116,"template":"","meta":{"_acf_changed":false},"product_brand":[],"product_cat":[21639,23224],"product_tag":[],"class_list":{"0":"post-238137","1":"product","2":"type-product","3":"status-publish","4":"has-post-thumbnail","6":"product_cat-psychedelic60s-70s-es","7":"product_cat-hard-rock-60s-70s-es","8":"pa_artist-flow-the","9":"pa_format-lp-es","10":"pa_gender-psychedelic60s-70s-hard-rock-60s-70s","11":"pa_label-guerssen-es","12":"pa_location-north-america-es","14":"first","15":"instock","16":"taxable","17":"shipping-taxable","18":"purchasable","19":"product-type-simple"},"acf":[],"yoast_head":"<!-- This site is optimized with the Yoast SEO plugin v24.9 - https:\/\/yoast.com\/wordpress\/plugins\/seo\/ -->\n<title>FLOW, The - The Flow&#039;s Greatest Hits -  (LP) | Guerssen<\/title>\n<meta name=\"description\" content=\"The Flow was a psychedelic hard-rock power-trio formed in New York by Pete Fine, Monte Farber and Steve Starer.It was the early 70s in NYC, the pre-glam\/punk\/new wave days, when Flow (who rehearsed next room to a band called Wicked Lester, later known as KISS) decided to start playing music without limits, developing their musical horizons. Their sound was based on hard-rock and heavy-fuzz guitars but adding psych \/ experimental touches.In 1972 they self-released a private album, \u201cThe Flow\u2019s Greatest Hits\u201d, featuring their own songs. This is now one of the mega rarities and holy grails of the first psychedelic era.First officially reissued by the Shadoks label in the early 2000s and out of print for many years, we present a new deluxe reissue.*Original artwork in hard cardboard sleeve + OBI*Insert with liner notes and photos*Download card with bonus tracks*One of the bands featured in the book \u201cNew York Rock: From The Rise Of The Velvet Underground To The Fall of CBGB\u201dRIYL: BLACK SABBATH, BLUE CHEER, HENDRIX, THE WHO, LED ZEPPELIN, CREAM, CSNY\u2026Tracklist:Side 1: 1. It Swallowed The Sun - 2. Searchin&#039; - 3. Funny Funky Woman - 4. Meditations - 5. Toccata In D Minor - 6. BijinkiesSide 2: 1. Mousely - 2. Troubadour Between Sets - 3. Third Movement - 4. Get Up &amp; Smile - 5. Sunday Night Randoms - 6. I Saw A Dog - 7. Insanity CreepingBonus tracks: Things We Said Today (Digital Bonus Track) - Baghdad Express (Digital Bonus Track) - Wynds (Digital Bonus Track)\" \/>\n<meta name=\"robots\" content=\"index, follow, max-snippet:-1, max-image-preview:large, max-video-preview:-1\" \/>\n<link rel=\"canonical\" href=\"https:\/\/wpguerssen-test.odoo.rgbconsulting.com\/es\/producto\/the-flows-greatest-hits\/\" \/>\n<meta property=\"og:locale\" content=\"es_ES\" \/>\n<meta property=\"og:type\" content=\"article\" \/>\n<meta property=\"og:title\" content=\"FLOW, The - The Flow&#039;s Greatest Hits -  (LP) | Guerssen\" \/>\n<meta property=\"og:description\" content=\"The Flow was a psychedelic hard-rock power-trio formed in New York by Pete Fine, Monte Farber and Steve Starer.It was the early 70s in NYC, the pre-glam\/punk\/new wave days, when Flow (who rehearsed next room to a band called Wicked Lester, later known as KISS) decided to start playing music without limits, developing their musical horizons. Their sound was based on hard-rock and heavy-fuzz guitars but adding psych \/ experimental touches.In 1972 they self-released a private album, \u201cThe Flow\u2019s Greatest Hits\u201d, featuring their own songs. This is now one of the mega rarities and holy grails of the first psychedelic era.First officially reissued by the Shadoks label in the early 2000s and out of print for many years, we present a new deluxe reissue.*Original artwork in hard cardboard sleeve + OBI*Insert with liner notes and photos*Download card with bonus tracks*One of the bands featured in the book \u201cNew York Rock: From The Rise Of The Velvet Underground To The Fall of CBGB\u201dRIYL: BLACK SABBATH, BLUE CHEER, HENDRIX, THE WHO, LED ZEPPELIN, CREAM, CSNY\u2026Tracklist:Side 1: 1. It Swallowed The Sun - 2. Searchin&#039; - 3. Funny Funky Woman - 4. Meditations - 5. Toccata In D Minor - 6. BijinkiesSide 2: 1. Mousely - 2. Troubadour Between Sets - 3. Third Movement - 4. Get Up &amp; Smile - 5. Sunday Night Randoms - 6. I Saw A Dog - 7. Insanity CreepingBonus tracks: Things We Said Today (Digital Bonus Track) - Baghdad Express (Digital Bonus Track) - Wynds (Digital Bonus Track)\" \/>\n<meta property=\"og:url\" content=\"https:\/\/wpguerssen-test.odoo.rgbconsulting.com\/es\/producto\/the-flows-greatest-hits\/\" \/>\n<meta property=\"og:site_name\" content=\"Guerssen records\" \/>\n<meta property=\"article:modified_time\" content=\"2025-05-05T09:09:18+00:00\" \/>\n<meta property=\"og:image\" content=\"https:\/\/wpguerssen-test.odoo.rgbconsulting.com\/wp-content\/uploads\/2023\/06\/41847.jpg\" \/>\n\t<meta property=\"og:image:width\" content=\"1400\" \/>\n\t<meta property=\"og:image:height\" content=\"1400\" \/>\n\t<meta property=\"og:image:type\" content=\"image\/jpeg\" \/>\n<meta name=\"twitter:card\" content=\"summary_large_image\" \/>\n<meta name=\"twitter:title\" content=\"FLOW, The - The Flow&#039;s Greatest Hits -  (LP) | Guerssen\" \/>\n<meta name=\"twitter:label1\" content=\"Tiempo de lectura\" \/>\n\t<meta name=\"twitter:data1\" content=\"1 minuto\" \/>\n<script type=\"application\/ld+json\" class=\"yoast-schema-graph\">{\"@context\":\"https:\/\/schema.org\",\"@graph\":[{\"@type\":\"WebPage\",\"@id\":\"https:\/\/wpguerssen-test.odoo.rgbconsulting.com\/es\/producto\/the-flows-greatest-hits\/\",\"url\":\"https:\/\/wpguerssen-test.odoo.rgbconsulting.com\/es\/producto\/the-flows-greatest-hits\/\",\"name\":\"FLOW, The - The Flow's Greatest Hits - (LP) | Guerssen\",\"isPartOf\":{\"@id\":\"https:\/\/wpguerssen-test.odoo.rgbconsulting.com\/es\/#website\"},\"primaryImageOfPage\":{\"@id\":\"https:\/\/wpguerssen-test.odoo.rgbconsulting.com\/es\/producto\/the-flows-greatest-hits\/#primaryimage\"},\"image\":{\"@id\":\"https:\/\/wpguerssen-test.odoo.rgbconsulting.com\/es\/producto\/the-flows-greatest-hits\/#primaryimage\"},\"thumbnailUrl\":\"https:\/\/wpguerssen-test.odoo.rgbconsulting.com\/wp-content\/uploads\/2023\/06\/41847.jpg\",\"datePublished\":\"2023-08-23T22:00:00+00:00\",\"dateModified\":\"2025-05-05T09:09:18+00:00\",\"description\":\"The Flow was a psychedelic hard-rock power-trio formed in New York by Pete Fine, Monte Farber and Steve Starer.It was the early 70s in NYC, the pre-glam\/punk\/new wave days, when Flow (who rehearsed next room to a band called Wicked Lester, later known as KISS) decided to start playing music without limits, developing their musical horizons. Their sound was based on hard-rock and heavy-fuzz guitars but adding psych \/ experimental touches.In 1972 they self-released a private album, \u201cThe Flow\u2019s Greatest Hits\u201d, featuring their own songs. This is now one of the mega rarities and holy grails of the first psychedelic era.First officially reissued by the Shadoks label in the early 2000s and out of print for many years, we present a new deluxe reissue.*Original artwork in hard cardboard sleeve + OBI*Insert with liner notes and photos*Download card with bonus tracks*One of the bands featured in the book \u201cNew York Rock: From The Rise Of The Velvet Underground To The Fall of CBGB\u201dRIYL: BLACK SABBATH, BLUE CHEER, HENDRIX, THE WHO, LED ZEPPELIN, CREAM, CSNY\u2026Tracklist:Side 1: 1. It Swallowed The Sun - 2. Searchin' - 3. Funny Funky Woman - 4. Meditations - 5. Toccata In D Minor - 6. BijinkiesSide 2: 1. Mousely - 2. Troubadour Between Sets - 3. Third Movement - 4. Get Up & Smile - 5. Sunday Night Randoms - 6. I Saw A Dog - 7. Insanity CreepingBonus tracks: Things We Said Today (Digital Bonus Track) - Baghdad Express (Digital Bonus Track) - Wynds (Digital Bonus Track)\",\"breadcrumb\":{\"@id\":\"https:\/\/wpguerssen-test.odoo.rgbconsulting.com\/es\/producto\/the-flows-greatest-hits\/#breadcrumb\"},\"inLanguage\":\"es\",\"potentialAction\":[{\"@type\":\"ReadAction\",\"target\":[\"https:\/\/wpguerssen-test.odoo.rgbconsulting.com\/es\/producto\/the-flows-greatest-hits\/\"]}]},{\"@type\":\"ImageObject\",\"inLanguage\":\"es\",\"@id\":\"https:\/\/wpguerssen-test.odoo.rgbconsulting.com\/es\/producto\/the-flows-greatest-hits\/#primaryimage\",\"url\":\"https:\/\/wpguerssen-test.odoo.rgbconsulting.com\/wp-content\/uploads\/2023\/06\/41847.jpg\",\"contentUrl\":\"https:\/\/wpguerssen-test.odoo.rgbconsulting.com\/wp-content\/uploads\/2023\/06\/41847.jpg\",\"width\":1400,\"height\":1400,\"caption\":\"The - The Flow's Greatest Hits - GUERSSEN (LP) | Guerssen\"},{\"@type\":\"BreadcrumbList\",\"@id\":\"https:\/\/wpguerssen-test.odoo.rgbconsulting.com\/es\/producto\/the-flows-greatest-hits\/#breadcrumb\",\"itemListElement\":[{\"@type\":\"ListItem\",\"position\":1,\"name\":\"Inicio\",\"item\":\"https:\/\/wpguerssen-test.odoo.rgbconsulting.com\/es\/\"},{\"@type\":\"ListItem\",\"position\":2,\"name\":\"Shop\",\"item\":\"https:\/\/wpguerssen-test.odoo.rgbconsulting.com\/shop\/\"},{\"@type\":\"ListItem\",\"position\":3,\"name\":\"The Flow&#8217;s Greatest Hits\"}]},{\"@type\":\"WebSite\",\"@id\":\"https:\/\/wpguerssen-test.odoo.rgbconsulting.com\/es\/#website\",\"url\":\"https:\/\/wpguerssen-test.odoo.rgbconsulting.com\/es\/\",\"name\":\"Guerssen records\",\"description\":\"psychedelia - progressive - folk - garage \",\"publisher\":{\"@id\":\"https:\/\/wpguerssen-test.odoo.rgbconsulting.com\/es\/#organization\"},\"potentialAction\":[{\"@type\":\"SearchAction\",\"target\":{\"@type\":\"EntryPoint\",\"urlTemplate\":\"https:\/\/wpguerssen-test.odoo.rgbconsulting.com\/es\/?s={search_term_string}\"},\"query-input\":{\"@type\":\"PropertyValueSpecification\",\"valueRequired\":true,\"valueName\":\"search_term_string\"}}],\"inLanguage\":\"es\"},{\"@type\":\"Organization\",\"@id\":\"https:\/\/wpguerssen-test.odoo.rgbconsulting.com\/es\/#organization\",\"name\":\"Guerssen records\",\"url\":\"https:\/\/wpguerssen-test.odoo.rgbconsulting.com\/es\/\",\"logo\":{\"@type\":\"ImageObject\",\"inLanguage\":\"es\",\"@id\":\"https:\/\/wpguerssen-test.odoo.rgbconsulting.com\/es\/#\/schema\/logo\/image\/\",\"url\":\"https:\/\/wpguerssen-test.odoo.rgbconsulting.com\/wp-content\/uploads\/2022\/04\/Logo_Guerssen_trans_100.png\",\"contentUrl\":\"https:\/\/wpguerssen-test.odoo.rgbconsulting.com\/wp-content\/uploads\/2022\/04\/Logo_Guerssen_trans_100.png\",\"width\":122,\"height\":100,\"caption\":\"Guerssen records\"},\"image\":{\"@id\":\"https:\/\/wpguerssen-test.odoo.rgbconsulting.com\/es\/#\/schema\/logo\/image\/\"}}]}<\/script>\n<!-- \/ Yoast SEO plugin. -->","yoast_head_json":{"title":"FLOW, The - The Flow's Greatest Hits -  (LP) | Guerssen","description":"The Flow was a psychedelic hard-rock power-trio formed in New York by Pete Fine, Monte Farber and Steve Starer.It was the early 70s in NYC, the pre-glam\/punk\/new wave days, when Flow (who rehearsed next room to a band called Wicked Lester, later known as KISS) decided to start playing music without limits, developing their musical horizons. Their sound was based on hard-rock and heavy-fuzz guitars but adding psych \/ experimental touches.In 1972 they self-released a private album, \u201cThe Flow\u2019s Greatest Hits\u201d, featuring their own songs. This is now one of the mega rarities and holy grails of the first psychedelic era.First officially reissued by the Shadoks label in the early 2000s and out of print for many years, we present a new deluxe reissue.*Original artwork in hard cardboard sleeve + OBI*Insert with liner notes and photos*Download card with bonus tracks*One of the bands featured in the book \u201cNew York Rock: From The Rise Of The Velvet Underground To The Fall of CBGB\u201dRIYL: BLACK SABBATH, BLUE CHEER, HENDRIX, THE WHO, LED ZEPPELIN, CREAM, CSNY\u2026Tracklist:Side 1: 1. It Swallowed The Sun - 2. Searchin' - 3. Funny Funky Woman - 4. Meditations - 5. Toccata In D Minor - 6. BijinkiesSide 2: 1. Mousely - 2. Troubadour Between Sets - 3. Third Movement - 4. Get Up & Smile - 5. Sunday Night Randoms - 6. I Saw A Dog - 7. Insanity CreepingBonus tracks: Things We Said Today (Digital Bonus Track) - Baghdad Express (Digital Bonus Track) - Wynds (Digital Bonus Track)","robots":{"index":"index","follow":"follow","max-snippet":"max-snippet:-1","max-image-preview":"max-image-preview:large","max-video-preview":"max-video-preview:-1"},"canonical":"https:\/\/wpguerssen-test.odoo.rgbconsulting.com\/es\/producto\/the-flows-greatest-hits\/","og_locale":"es_ES","og_type":"article","og_title":"FLOW, The - The Flow's Greatest Hits -  (LP) | Guerssen","og_description":"The Flow was a psychedelic hard-rock power-trio formed in New York by Pete Fine, Monte Farber and Steve Starer.It was the early 70s in NYC, the pre-glam\/punk\/new wave days, when Flow (who rehearsed next room to a band called Wicked Lester, later known as KISS) decided to start playing music without limits, developing their musical horizons. Their sound was based on hard-rock and heavy-fuzz guitars but adding psych \/ experimental touches.In 1972 they self-released a private album, \u201cThe Flow\u2019s Greatest Hits\u201d, featuring their own songs. This is now one of the mega rarities and holy grails of the first psychedelic era.First officially reissued by the Shadoks label in the early 2000s and out of print for many years, we present a new deluxe reissue.*Original artwork in hard cardboard sleeve + OBI*Insert with liner notes and photos*Download card with bonus tracks*One of the bands featured in the book \u201cNew York Rock: From The Rise Of The Velvet Underground To The Fall of CBGB\u201dRIYL: BLACK SABBATH, BLUE CHEER, HENDRIX, THE WHO, LED ZEPPELIN, CREAM, CSNY\u2026Tracklist:Side 1: 1. It Swallowed The Sun - 2. Searchin' - 3. Funny Funky Woman - 4. Meditations - 5. Toccata In D Minor - 6. BijinkiesSide 2: 1. Mousely - 2. Troubadour Between Sets - 3. Third Movement - 4. Get Up & Smile - 5. Sunday Night Randoms - 6. I Saw A Dog - 7. Insanity CreepingBonus tracks: Things We Said Today (Digital Bonus Track) - Baghdad Express (Digital Bonus Track) - Wynds (Digital Bonus Track)","og_url":"https:\/\/wpguerssen-test.odoo.rgbconsulting.com\/es\/producto\/the-flows-greatest-hits\/","og_site_name":"Guerssen records","article_modified_time":"2025-05-05T09:09:18+00:00","og_image":[{"width":1400,"height":1400,"url":"https:\/\/wpguerssen-test.odoo.rgbconsulting.com\/wp-content\/uploads\/2023\/06\/41847.jpg","type":"image\/jpeg"}],"twitter_card":"summary_large_image","twitter_title":"FLOW, The - The Flow's Greatest Hits -  (LP) | Guerssen","twitter_misc":{"Tiempo de lectura":"1 minuto"},"schema":{"@context":"https:\/\/schema.org","@graph":[{"@type":"WebPage","@id":"https:\/\/wpguerssen-test.odoo.rgbconsulting.com\/es\/producto\/the-flows-greatest-hits\/","url":"https:\/\/wpguerssen-test.odoo.rgbconsulting.com\/es\/producto\/the-flows-greatest-hits\/","name":"FLOW, The - The Flow's Greatest Hits - (LP) | Guerssen","isPartOf":{"@id":"https:\/\/wpguerssen-test.odoo.rgbconsulting.com\/es\/#website"},"primaryImageOfPage":{"@id":"https:\/\/wpguerssen-test.odoo.rgbconsulting.com\/es\/producto\/the-flows-greatest-hits\/#primaryimage"},"image":{"@id":"https:\/\/wpguerssen-test.odoo.rgbconsulting.com\/es\/producto\/the-flows-greatest-hits\/#primaryimage"},"thumbnailUrl":"https:\/\/wpguerssen-test.odoo.rgbconsulting.com\/wp-content\/uploads\/2023\/06\/41847.jpg","datePublished":"2023-08-23T22:00:00+00:00","dateModified":"2025-05-05T09:09:18+00:00","description":"The Flow was a psychedelic hard-rock power-trio formed in New York by Pete Fine, Monte Farber and Steve Starer.It was the early 70s in NYC, the pre-glam\/punk\/new wave days, when Flow (who rehearsed next room to a band called Wicked Lester, later known as KISS) decided to start playing music without limits, developing their musical horizons. Their sound was based on hard-rock and heavy-fuzz guitars but adding psych \/ experimental touches.In 1972 they self-released a private album, \u201cThe Flow\u2019s Greatest Hits\u201d, featuring their own songs. This is now one of the mega rarities and holy grails of the first psychedelic era.First officially reissued by the Shadoks label in the early 2000s and out of print for many years, we present a new deluxe reissue.*Original artwork in hard cardboard sleeve + OBI*Insert with liner notes and photos*Download card with bonus tracks*One of the bands featured in the book \u201cNew York Rock: From The Rise Of The Velvet Underground To The Fall of CBGB\u201dRIYL: BLACK SABBATH, BLUE CHEER, HENDRIX, THE WHO, LED ZEPPELIN, CREAM, CSNY\u2026Tracklist:Side 1: 1. It Swallowed The Sun - 2. Searchin' - 3. Funny Funky Woman - 4. Meditations - 5. Toccata In D Minor - 6. BijinkiesSide 2: 1. Mousely - 2. Troubadour Between Sets - 3. Third Movement - 4. Get Up & Smile - 5. Sunday Night Randoms - 6. I Saw A Dog - 7. Insanity CreepingBonus tracks: Things We Said Today (Digital Bonus Track) - Baghdad Express (Digital Bonus Track) - Wynds (Digital Bonus Track)","breadcrumb":{"@id":"https:\/\/wpguerssen-test.odoo.rgbconsulting.com\/es\/producto\/the-flows-greatest-hits\/#breadcrumb"},"inLanguage":"es","potentialAction":[{"@type":"ReadAction","target":["https:\/\/wpguerssen-test.odoo.rgbconsulting.com\/es\/producto\/the-flows-greatest-hits\/"]}]},{"@type":"ImageObject","inLanguage":"es","@id":"https:\/\/wpguerssen-test.odoo.rgbconsulting.com\/es\/producto\/the-flows-greatest-hits\/#primaryimage","url":"https:\/\/wpguerssen-test.odoo.rgbconsulting.com\/wp-content\/uploads\/2023\/06\/41847.jpg","contentUrl":"https:\/\/wpguerssen-test.odoo.rgbconsulting.com\/wp-content\/uploads\/2023\/06\/41847.jpg","width":1400,"height":1400,"caption":"The - The Flow's Greatest Hits - GUERSSEN (LP) | Guerssen"},{"@type":"BreadcrumbList","@id":"https:\/\/wpguerssen-test.odoo.rgbconsulting.com\/es\/producto\/the-flows-greatest-hits\/#breadcrumb","itemListElement":[{"@type":"ListItem","position":1,"name":"Inicio","item":"https:\/\/wpguerssen-test.odoo.rgbconsulting.com\/es\/"},{"@type":"ListItem","position":2,"name":"Shop","item":"https:\/\/wpguerssen-test.odoo.rgbconsulting.com\/shop\/"},{"@type":"ListItem","position":3,"name":"The Flow&#8217;s Greatest Hits"}]},{"@type":"WebSite","@id":"https:\/\/wpguerssen-test.odoo.rgbconsulting.com\/es\/#website","url":"https:\/\/wpguerssen-test.odoo.rgbconsulting.com\/es\/","name":"Guerssen records","description":"psychedelia - progressive - folk - garage ","publisher":{"@id":"https:\/\/wpguerssen-test.odoo.rgbconsulting.com\/es\/#organization"},"potentialAction":[{"@type":"SearchAction","target":{"@type":"EntryPoint","urlTemplate":"https:\/\/wpguerssen-test.odoo.rgbconsulting.com\/es\/?s={search_term_string}"},"query-input":{"@type":"PropertyValueSpecification","valueRequired":true,"valueName":"search_term_string"}}],"inLanguage":"es"},{"@type":"Organization","@id":"https:\/\/wpguerssen-test.odoo.rgbconsulting.com\/es\/#organization","name":"Guerssen records","url":"https:\/\/wpguerssen-test.odoo.rgbconsulting.com\/es\/","logo":{"@type":"ImageObject","inLanguage":"es","@id":"https:\/\/wpguerssen-test.odoo.rgbconsulting.com\/es\/#\/schema\/logo\/image\/","url":"https:\/\/wpguerssen-test.odoo.rgbconsulting.com\/wp-content\/uploads\/2022\/04\/Logo_Guerssen_trans_100.png","contentUrl":"https:\/\/wpguerssen-test.odoo.rgbconsulting.com\/wp-content\/uploads\/2022\/04\/Logo_Guerssen_trans_100.png","width":122,"height":100,"caption":"Guerssen records"},"image":{"@id":"https:\/\/wpguerssen-test.odoo.rgbconsulting.com\/es\/#\/schema\/logo\/image\/"}}]}},"_links":{"self":[{"href":"https:\/\/wpguerssen-test.odoo.rgbconsulting.com\/es\/wp-json\/wp\/v2\/product\/238137","targetHints":{"allow":["GET"]}}],"collection":[{"href":"https:\/\/wpguerssen-test.odoo.rgbconsulting.com\/es\/wp-json\/wp\/v2\/product"}],"about":[{"href":"https:\/\/wpguerssen-test.odoo.rgbconsulting.com\/es\/wp-json\/wp\/v2\/types\/product"}],"wp:featuredmedia":[{"embeddable":true,"href":"https:\/\/wpguerssen-test.odoo.rgbconsulting.com\/es\/wp-json\/wp\/v2\/media\/238116"}],"wp:attachment":[{"href":"https:\/\/wpguerssen-test.odoo.rgbconsulting.com\/es\/wp-json\/wp\/v2\/media?parent=238137"}],"wp:term":[{"taxonomy":"product_brand","embeddable":true,"href":"https:\/\/wpguerssen-test.odoo.rgbconsulting.com\/es\/wp-json\/wp\/v2\/product_brand?post=238137"},{"taxonomy":"product_cat","embeddable":true,"href":"https:\/\/wpguerssen-test.odoo.rgbconsulting.com\/es\/wp-json\/wp\/v2\/product_cat?post=238137"},{"taxonomy":"product_tag","embeddable":true,"href":"https:\/\/wpguerssen-test.odoo.rgbconsulting.com\/es\/wp-json\/wp\/v2\/product_tag?post=238137"}],"curies":[{"name":"wp","href":"https:\/\/api.w.org\/{rel}","templated":true}]}}