{"id":238159,"date":"2025-02-03T00:00:00","date_gmt":"2025-02-02T23:00:00","guid":{"rendered":"https:\/\/wpguerssen-test.odoo.rgbconsulting.com\/product\/easy-tempo-vol-11-the-round-trip\/"},"modified":"2025-03-28T12:36:10","modified_gmt":"2025-03-28T11:36:10","slug":"easy-tempo-vol-11-the-round-trip","status":"publish","type":"product","link":"https:\/\/wpguerssen-test.odoo.rgbconsulting.com\/es\/producto\/easy-tempo-vol-11-the-round-trip\/","title":{"rendered":"Easy tempo, vol. 11 The Round Trip"},"content":{"rendered":"<p>Con motivo del RT 30 (las celebraciones de los treinta a\u00f1os de actividad de Right Tempo) la compa\u00f1\u00eda discogr\u00e1fica italiana ha decidido, entre otras cosas, publicar un nuevo volumen de esta exitosa serie. La serie Easy Tempo, nacida en 1996, tuvo como objetivo difundir un sonido vinculado a la cultura negra (en su sentido m\u00e1s amplio y en sus formas m\u00e1s variadas) con contaminaciones que van desde la psicodelia a la electr\u00f3nica vintage pasando por el soul, el funk y el jazz.<br \/>Al respecto, a partir del volumen 11 que tiene en su mano , Easy Tempo expandir\u00e1 sus horizontes editoriales, incluyendo pistas tomadas de discos oscuros, subestimados y\/o dif\u00edciles de encontrar que trascienden el congestionado mundo de las bandas sonoras. Tambi\u00e9n cabe destacar que, dada la vocaci\u00f3n internacional del sello, el repertorio del que nos inspiraremos ya no se limitar\u00e1 a la producci\u00f3n discogr\u00e1fica italiana, sino que tendr\u00e1 una perspectiva global. El viaje sonoro que est\u00e1s a punto de emprender est\u00e1 impregnado de soul, funk, jazz, latin, psicodelia, con una pizca de electr\u00f3nica por momentos. Las flautas que viajan, los patrones r\u00edtmicos ajustados y los arreglos ricos y coloridos indican perfectamente la nueva direcci\u00f3n de la serie Easy Tempo. El aspecto m\u00e1s intrigante y omnipresente es particularmente incisivo gracias al corte &#8216;cinematogr\u00e1fico&#8217; que se le da a la selecci\u00f3n. Creemos, tras una primera comprobaci\u00f3n del contenido musical, que este nuevo cap\u00edtulo cumplir\u00e1 con las expectativas de todos aquellos que han disfrutado a lo largo del tiempo de los diez vol\u00famenes anteriores de esta colecci\u00f3n de sonidos y emociones. Disfruta de Easy Tempo Vol. 11<\/p>\n","protected":false},"excerpt":{"rendered":"<p>Con motivo del RT 30 (las celebraciones de los treinta a\u00f1os de actividad de Right Tempo) la compa\u00f1\u00eda discogr\u00e1fica italiana ha decidido, entre otras cosas, publicar<a class=\"read\" href=\"https:\/\/wpguerssen-test.odoo.rgbconsulting.com\/es\/producto\/easy-tempo-vol-11-the-round-trip\/\"> (...)<\/a>","protected":false},"featured_media":238408,"template":"","meta":{"_acf_changed":false},"product_brand":[],"product_cat":[23219,21641],"product_tag":[24190],"class_list":{"0":"post-238159","1":"product","2":"type-product","3":"status-publish","4":"has-post-thumbnail","6":"product_cat-funk-es","7":"product_cat-soundtracks-es","8":"product_tag-sales-es","9":"pa_artist-various-artists-es","10":"pa_format-2lp-es","11":"pa_gender-soundtracks-funk","12":"pa_label-easy-tempo","13":"pa_location-europe-es","14":"pa_other-filters-vinyl-only-es","16":"first","17":"instock","18":"taxable","19":"shipping-taxable","20":"purchasable","21":"product-type-simple"},"acf":[],"yoast_head":"<!-- This site is optimized with the Yoast SEO plugin v24.9 - https:\/\/yoast.com\/wordpress\/plugins\/seo\/ -->\n<title>VARIOUS ARTISTS - Easy tempo, vol. 11 The Round Trip -  (2LP) | Guerssen<\/title>\n<meta name=\"description\" content=\"On the occasion of RT 30 (the celebrations of Right Tempo&#039;s thirty years of activity) the Italian record company has decided, among other things, to publish a new volume of this successful series. The Easy Tempo series, born in 1996, aimed to disseminate a sound linked to black culture (in its broadest meaning and most varied forms) with contaminations ranging from psychedelia to vintage electronics through soul, funk and jazz. Having drawn from the world of soundtracks did not arise from a specific passion in this area, but from the simple fact that that universe offered a vast repertoire, however submerged, of music suitable for the &#039;groove&#039; vocation of Right Tempo , as well as a distinctive sign of national identity, considering the caliber of the composers and musicians involved in writing and performing the music featured in the different tracking lists of the series.To these respect, starting from volume 11 that you are holding in your hand, Easy Tempo will expand its editorial horizons, including tracks taken from obscure, underrated and\/or hard to find records that transcend the congested world of soundtracks. It should also be emphasized that, given the label international vocation, the repertoire from which we will draw will no longer be limited to Italian record production, but will have a global perspective. The sound journey you are about to embark on is steeped in soul, funk, jazz, latin, psychedelia, with a pinch of electronics at times. Travelling flutes, tight and driving rhythm patterns and rich and colorful arrangements perfectly indicate Easy Tempo series new direction. The most intriguing and ubiquitous aspect is particularly incisive thanks to the &#039;cinematic&#039; cut given to the selection. We believe, upon a first check of the musical content, that this new chapter will meet the expectations of all those who have enjoyed the ten previous volumes of this collection of sounds and emotions over time. Enjoy Easy Tempo Vol. 11.\" \/>\n<meta name=\"robots\" content=\"index, follow, max-snippet:-1, max-image-preview:large, max-video-preview:-1\" \/>\n<link rel=\"canonical\" href=\"https:\/\/wpguerssen-test.odoo.rgbconsulting.com\/es\/producto\/easy-tempo-vol-11-the-round-trip\/\" \/>\n<meta property=\"og:locale\" content=\"es_ES\" \/>\n<meta property=\"og:type\" content=\"article\" \/>\n<meta property=\"og:title\" content=\"VARIOUS ARTISTS - Easy tempo, vol. 11 The Round Trip -  (2LP) | Guerssen\" \/>\n<meta property=\"og:description\" content=\"On the occasion of RT 30 (the celebrations of Right Tempo&#039;s thirty years of activity) the Italian record company has decided, among other things, to publish a new volume of this successful series. The Easy Tempo series, born in 1996, aimed to disseminate a sound linked to black culture (in its broadest meaning and most varied forms) with contaminations ranging from psychedelia to vintage electronics through soul, funk and jazz. Having drawn from the world of soundtracks did not arise from a specific passion in this area, but from the simple fact that that universe offered a vast repertoire, however submerged, of music suitable for the &#039;groove&#039; vocation of Right Tempo , as well as a distinctive sign of national identity, considering the caliber of the composers and musicians involved in writing and performing the music featured in the different tracking lists of the series.To these respect, starting from volume 11 that you are holding in your hand, Easy Tempo will expand its editorial horizons, including tracks taken from obscure, underrated and\/or hard to find records that transcend the congested world of soundtracks. It should also be emphasized that, given the label international vocation, the repertoire from which we will draw will no longer be limited to Italian record production, but will have a global perspective. The sound journey you are about to embark on is steeped in soul, funk, jazz, latin, psychedelia, with a pinch of electronics at times. Travelling flutes, tight and driving rhythm patterns and rich and colorful arrangements perfectly indicate Easy Tempo series new direction. The most intriguing and ubiquitous aspect is particularly incisive thanks to the &#039;cinematic&#039; cut given to the selection. We believe, upon a first check of the musical content, that this new chapter will meet the expectations of all those who have enjoyed the ten previous volumes of this collection of sounds and emotions over time. Enjoy Easy Tempo Vol. 11.\" \/>\n<meta property=\"og:url\" content=\"https:\/\/wpguerssen-test.odoo.rgbconsulting.com\/es\/producto\/easy-tempo-vol-11-the-round-trip\/\" \/>\n<meta property=\"og:site_name\" content=\"Guerssen records\" \/>\n<meta property=\"article:modified_time\" content=\"2025-03-28T11:36:10+00:00\" \/>\n<meta property=\"og:image\" content=\"https:\/\/wpguerssen-test.odoo.rgbconsulting.com\/wp-content\/uploads\/2023\/07\/44923.jpg\" \/>\n\t<meta property=\"og:image:width\" content=\"1280\" \/>\n\t<meta property=\"og:image:height\" content=\"1255\" \/>\n\t<meta property=\"og:image:type\" content=\"image\/jpeg\" \/>\n<meta name=\"twitter:card\" content=\"summary_large_image\" \/>\n<meta name=\"twitter:title\" content=\"VARIOUS ARTISTS - Easy tempo, vol. 11 The Round Trip -  (2LP) | Guerssen\" \/>\n<meta name=\"twitter:label1\" content=\"Tiempo de lectura\" \/>\n\t<meta name=\"twitter:data1\" content=\"1 minuto\" \/>\n<script type=\"application\/ld+json\" class=\"yoast-schema-graph\">{\"@context\":\"https:\/\/schema.org\",\"@graph\":[{\"@type\":\"WebPage\",\"@id\":\"https:\/\/wpguerssen-test.odoo.rgbconsulting.com\/es\/producto\/easy-tempo-vol-11-the-round-trip\/\",\"url\":\"https:\/\/wpguerssen-test.odoo.rgbconsulting.com\/es\/producto\/easy-tempo-vol-11-the-round-trip\/\",\"name\":\"VARIOUS ARTISTS - Easy tempo, vol. 11 The Round Trip - (2LP) | Guerssen\",\"isPartOf\":{\"@id\":\"https:\/\/wpguerssen-test.odoo.rgbconsulting.com\/es\/#website\"},\"primaryImageOfPage\":{\"@id\":\"https:\/\/wpguerssen-test.odoo.rgbconsulting.com\/es\/producto\/easy-tempo-vol-11-the-round-trip\/#primaryimage\"},\"image\":{\"@id\":\"https:\/\/wpguerssen-test.odoo.rgbconsulting.com\/es\/producto\/easy-tempo-vol-11-the-round-trip\/#primaryimage\"},\"thumbnailUrl\":\"https:\/\/wpguerssen-test.odoo.rgbconsulting.com\/wp-content\/uploads\/2023\/07\/44923.jpg\",\"datePublished\":\"2025-02-02T23:00:00+00:00\",\"dateModified\":\"2025-03-28T11:36:10+00:00\",\"description\":\"On the occasion of RT 30 (the celebrations of Right Tempo's thirty years of activity) the Italian record company has decided, among other things, to publish a new volume of this successful series. The Easy Tempo series, born in 1996, aimed to disseminate a sound linked to black culture (in its broadest meaning and most varied forms) with contaminations ranging from psychedelia to vintage electronics through soul, funk and jazz. Having drawn from the world of soundtracks did not arise from a specific passion in this area, but from the simple fact that that universe offered a vast repertoire, however submerged, of music suitable for the 'groove' vocation of Right Tempo , as well as a distinctive sign of national identity, considering the caliber of the composers and musicians involved in writing and performing the music featured in the different tracking lists of the series.To these respect, starting from volume 11 that you are holding in your hand, Easy Tempo will expand its editorial horizons, including tracks taken from obscure, underrated and\/or hard to find records that transcend the congested world of soundtracks. It should also be emphasized that, given the label international vocation, the repertoire from which we will draw will no longer be limited to Italian record production, but will have a global perspective. The sound journey you are about to embark on is steeped in soul, funk, jazz, latin, psychedelia, with a pinch of electronics at times. Travelling flutes, tight and driving rhythm patterns and rich and colorful arrangements perfectly indicate Easy Tempo series new direction. The most intriguing and ubiquitous aspect is particularly incisive thanks to the 'cinematic' cut given to the selection. We believe, upon a first check of the musical content, that this new chapter will meet the expectations of all those who have enjoyed the ten previous volumes of this collection of sounds and emotions over time. Enjoy Easy Tempo Vol. 11.\",\"breadcrumb\":{\"@id\":\"https:\/\/wpguerssen-test.odoo.rgbconsulting.com\/es\/producto\/easy-tempo-vol-11-the-round-trip\/#breadcrumb\"},\"inLanguage\":\"es\",\"potentialAction\":[{\"@type\":\"ReadAction\",\"target\":[\"https:\/\/wpguerssen-test.odoo.rgbconsulting.com\/es\/producto\/easy-tempo-vol-11-the-round-trip\/\"]}]},{\"@type\":\"ImageObject\",\"inLanguage\":\"es\",\"@id\":\"https:\/\/wpguerssen-test.odoo.rgbconsulting.com\/es\/producto\/easy-tempo-vol-11-the-round-trip\/#primaryimage\",\"url\":\"https:\/\/wpguerssen-test.odoo.rgbconsulting.com\/wp-content\/uploads\/2023\/07\/44923.jpg\",\"contentUrl\":\"https:\/\/wpguerssen-test.odoo.rgbconsulting.com\/wp-content\/uploads\/2023\/07\/44923.jpg\",\"width\":1280,\"height\":1255,\"caption\":\"vol. 11 The Round Trip - EASY TEMPO (2LP) | Guerssen\"},{\"@type\":\"BreadcrumbList\",\"@id\":\"https:\/\/wpguerssen-test.odoo.rgbconsulting.com\/es\/producto\/easy-tempo-vol-11-the-round-trip\/#breadcrumb\",\"itemListElement\":[{\"@type\":\"ListItem\",\"position\":1,\"name\":\"Inicio\",\"item\":\"https:\/\/wpguerssen-test.odoo.rgbconsulting.com\/es\/\"},{\"@type\":\"ListItem\",\"position\":2,\"name\":\"Shop\",\"item\":\"https:\/\/wpguerssen-test.odoo.rgbconsulting.com\/shop\/\"},{\"@type\":\"ListItem\",\"position\":3,\"name\":\"Easy tempo, vol. 11 The Round Trip\"}]},{\"@type\":\"WebSite\",\"@id\":\"https:\/\/wpguerssen-test.odoo.rgbconsulting.com\/es\/#website\",\"url\":\"https:\/\/wpguerssen-test.odoo.rgbconsulting.com\/es\/\",\"name\":\"Guerssen records\",\"description\":\"psychedelia - progressive - folk - garage \",\"publisher\":{\"@id\":\"https:\/\/wpguerssen-test.odoo.rgbconsulting.com\/es\/#organization\"},\"potentialAction\":[{\"@type\":\"SearchAction\",\"target\":{\"@type\":\"EntryPoint\",\"urlTemplate\":\"https:\/\/wpguerssen-test.odoo.rgbconsulting.com\/es\/?s={search_term_string}\"},\"query-input\":{\"@type\":\"PropertyValueSpecification\",\"valueRequired\":true,\"valueName\":\"search_term_string\"}}],\"inLanguage\":\"es\"},{\"@type\":\"Organization\",\"@id\":\"https:\/\/wpguerssen-test.odoo.rgbconsulting.com\/es\/#organization\",\"name\":\"Guerssen records\",\"url\":\"https:\/\/wpguerssen-test.odoo.rgbconsulting.com\/es\/\",\"logo\":{\"@type\":\"ImageObject\",\"inLanguage\":\"es\",\"@id\":\"https:\/\/wpguerssen-test.odoo.rgbconsulting.com\/es\/#\/schema\/logo\/image\/\",\"url\":\"https:\/\/wpguerssen-test.odoo.rgbconsulting.com\/wp-content\/uploads\/2022\/04\/Logo_Guerssen_trans_100.png\",\"contentUrl\":\"https:\/\/wpguerssen-test.odoo.rgbconsulting.com\/wp-content\/uploads\/2022\/04\/Logo_Guerssen_trans_100.png\",\"width\":122,\"height\":100,\"caption\":\"Guerssen records\"},\"image\":{\"@id\":\"https:\/\/wpguerssen-test.odoo.rgbconsulting.com\/es\/#\/schema\/logo\/image\/\"}}]}<\/script>\n<!-- \/ Yoast SEO plugin. -->","yoast_head_json":{"title":"VARIOUS ARTISTS - Easy tempo, vol. 11 The Round Trip -  (2LP) | Guerssen","description":"On the occasion of RT 30 (the celebrations of Right Tempo's thirty years of activity) the Italian record company has decided, among other things, to publish a new volume of this successful series. The Easy Tempo series, born in 1996, aimed to disseminate a sound linked to black culture (in its broadest meaning and most varied forms) with contaminations ranging from psychedelia to vintage electronics through soul, funk and jazz. Having drawn from the world of soundtracks did not arise from a specific passion in this area, but from the simple fact that that universe offered a vast repertoire, however submerged, of music suitable for the 'groove' vocation of Right Tempo , as well as a distinctive sign of national identity, considering the caliber of the composers and musicians involved in writing and performing the music featured in the different tracking lists of the series.To these respect, starting from volume 11 that you are holding in your hand, Easy Tempo will expand its editorial horizons, including tracks taken from obscure, underrated and\/or hard to find records that transcend the congested world of soundtracks. It should also be emphasized that, given the label international vocation, the repertoire from which we will draw will no longer be limited to Italian record production, but will have a global perspective. The sound journey you are about to embark on is steeped in soul, funk, jazz, latin, psychedelia, with a pinch of electronics at times. Travelling flutes, tight and driving rhythm patterns and rich and colorful arrangements perfectly indicate Easy Tempo series new direction. The most intriguing and ubiquitous aspect is particularly incisive thanks to the 'cinematic' cut given to the selection. We believe, upon a first check of the musical content, that this new chapter will meet the expectations of all those who have enjoyed the ten previous volumes of this collection of sounds and emotions over time. Enjoy Easy Tempo Vol. 11.","robots":{"index":"index","follow":"follow","max-snippet":"max-snippet:-1","max-image-preview":"max-image-preview:large","max-video-preview":"max-video-preview:-1"},"canonical":"https:\/\/wpguerssen-test.odoo.rgbconsulting.com\/es\/producto\/easy-tempo-vol-11-the-round-trip\/","og_locale":"es_ES","og_type":"article","og_title":"VARIOUS ARTISTS - Easy tempo, vol. 11 The Round Trip -  (2LP) | Guerssen","og_description":"On the occasion of RT 30 (the celebrations of Right Tempo's thirty years of activity) the Italian record company has decided, among other things, to publish a new volume of this successful series. The Easy Tempo series, born in 1996, aimed to disseminate a sound linked to black culture (in its broadest meaning and most varied forms) with contaminations ranging from psychedelia to vintage electronics through soul, funk and jazz. Having drawn from the world of soundtracks did not arise from a specific passion in this area, but from the simple fact that that universe offered a vast repertoire, however submerged, of music suitable for the 'groove' vocation of Right Tempo , as well as a distinctive sign of national identity, considering the caliber of the composers and musicians involved in writing and performing the music featured in the different tracking lists of the series.To these respect, starting from volume 11 that you are holding in your hand, Easy Tempo will expand its editorial horizons, including tracks taken from obscure, underrated and\/or hard to find records that transcend the congested world of soundtracks. It should also be emphasized that, given the label international vocation, the repertoire from which we will draw will no longer be limited to Italian record production, but will have a global perspective. The sound journey you are about to embark on is steeped in soul, funk, jazz, latin, psychedelia, with a pinch of electronics at times. Travelling flutes, tight and driving rhythm patterns and rich and colorful arrangements perfectly indicate Easy Tempo series new direction. The most intriguing and ubiquitous aspect is particularly incisive thanks to the 'cinematic' cut given to the selection. We believe, upon a first check of the musical content, that this new chapter will meet the expectations of all those who have enjoyed the ten previous volumes of this collection of sounds and emotions over time. Enjoy Easy Tempo Vol. 11.","og_url":"https:\/\/wpguerssen-test.odoo.rgbconsulting.com\/es\/producto\/easy-tempo-vol-11-the-round-trip\/","og_site_name":"Guerssen records","article_modified_time":"2025-03-28T11:36:10+00:00","og_image":[{"width":1280,"height":1255,"url":"https:\/\/wpguerssen-test.odoo.rgbconsulting.com\/wp-content\/uploads\/2023\/07\/44923.jpg","type":"image\/jpeg"}],"twitter_card":"summary_large_image","twitter_title":"VARIOUS ARTISTS - Easy tempo, vol. 11 The Round Trip -  (2LP) | Guerssen","twitter_misc":{"Tiempo de lectura":"1 minuto"},"schema":{"@context":"https:\/\/schema.org","@graph":[{"@type":"WebPage","@id":"https:\/\/wpguerssen-test.odoo.rgbconsulting.com\/es\/producto\/easy-tempo-vol-11-the-round-trip\/","url":"https:\/\/wpguerssen-test.odoo.rgbconsulting.com\/es\/producto\/easy-tempo-vol-11-the-round-trip\/","name":"VARIOUS ARTISTS - Easy tempo, vol. 11 The Round Trip - (2LP) | Guerssen","isPartOf":{"@id":"https:\/\/wpguerssen-test.odoo.rgbconsulting.com\/es\/#website"},"primaryImageOfPage":{"@id":"https:\/\/wpguerssen-test.odoo.rgbconsulting.com\/es\/producto\/easy-tempo-vol-11-the-round-trip\/#primaryimage"},"image":{"@id":"https:\/\/wpguerssen-test.odoo.rgbconsulting.com\/es\/producto\/easy-tempo-vol-11-the-round-trip\/#primaryimage"},"thumbnailUrl":"https:\/\/wpguerssen-test.odoo.rgbconsulting.com\/wp-content\/uploads\/2023\/07\/44923.jpg","datePublished":"2025-02-02T23:00:00+00:00","dateModified":"2025-03-28T11:36:10+00:00","description":"On the occasion of RT 30 (the celebrations of Right Tempo's thirty years of activity) the Italian record company has decided, among other things, to publish a new volume of this successful series. The Easy Tempo series, born in 1996, aimed to disseminate a sound linked to black culture (in its broadest meaning and most varied forms) with contaminations ranging from psychedelia to vintage electronics through soul, funk and jazz. Having drawn from the world of soundtracks did not arise from a specific passion in this area, but from the simple fact that that universe offered a vast repertoire, however submerged, of music suitable for the 'groove' vocation of Right Tempo , as well as a distinctive sign of national identity, considering the caliber of the composers and musicians involved in writing and performing the music featured in the different tracking lists of the series.To these respect, starting from volume 11 that you are holding in your hand, Easy Tempo will expand its editorial horizons, including tracks taken from obscure, underrated and\/or hard to find records that transcend the congested world of soundtracks. It should also be emphasized that, given the label international vocation, the repertoire from which we will draw will no longer be limited to Italian record production, but will have a global perspective. The sound journey you are about to embark on is steeped in soul, funk, jazz, latin, psychedelia, with a pinch of electronics at times. Travelling flutes, tight and driving rhythm patterns and rich and colorful arrangements perfectly indicate Easy Tempo series new direction. The most intriguing and ubiquitous aspect is particularly incisive thanks to the 'cinematic' cut given to the selection. We believe, upon a first check of the musical content, that this new chapter will meet the expectations of all those who have enjoyed the ten previous volumes of this collection of sounds and emotions over time. Enjoy Easy Tempo Vol. 11.","breadcrumb":{"@id":"https:\/\/wpguerssen-test.odoo.rgbconsulting.com\/es\/producto\/easy-tempo-vol-11-the-round-trip\/#breadcrumb"},"inLanguage":"es","potentialAction":[{"@type":"ReadAction","target":["https:\/\/wpguerssen-test.odoo.rgbconsulting.com\/es\/producto\/easy-tempo-vol-11-the-round-trip\/"]}]},{"@type":"ImageObject","inLanguage":"es","@id":"https:\/\/wpguerssen-test.odoo.rgbconsulting.com\/es\/producto\/easy-tempo-vol-11-the-round-trip\/#primaryimage","url":"https:\/\/wpguerssen-test.odoo.rgbconsulting.com\/wp-content\/uploads\/2023\/07\/44923.jpg","contentUrl":"https:\/\/wpguerssen-test.odoo.rgbconsulting.com\/wp-content\/uploads\/2023\/07\/44923.jpg","width":1280,"height":1255,"caption":"vol. 11 The Round Trip - EASY TEMPO (2LP) | Guerssen"},{"@type":"BreadcrumbList","@id":"https:\/\/wpguerssen-test.odoo.rgbconsulting.com\/es\/producto\/easy-tempo-vol-11-the-round-trip\/#breadcrumb","itemListElement":[{"@type":"ListItem","position":1,"name":"Inicio","item":"https:\/\/wpguerssen-test.odoo.rgbconsulting.com\/es\/"},{"@type":"ListItem","position":2,"name":"Shop","item":"https:\/\/wpguerssen-test.odoo.rgbconsulting.com\/shop\/"},{"@type":"ListItem","position":3,"name":"Easy tempo, vol. 11 The Round Trip"}]},{"@type":"WebSite","@id":"https:\/\/wpguerssen-test.odoo.rgbconsulting.com\/es\/#website","url":"https:\/\/wpguerssen-test.odoo.rgbconsulting.com\/es\/","name":"Guerssen records","description":"psychedelia - progressive - folk - garage ","publisher":{"@id":"https:\/\/wpguerssen-test.odoo.rgbconsulting.com\/es\/#organization"},"potentialAction":[{"@type":"SearchAction","target":{"@type":"EntryPoint","urlTemplate":"https:\/\/wpguerssen-test.odoo.rgbconsulting.com\/es\/?s={search_term_string}"},"query-input":{"@type":"PropertyValueSpecification","valueRequired":true,"valueName":"search_term_string"}}],"inLanguage":"es"},{"@type":"Organization","@id":"https:\/\/wpguerssen-test.odoo.rgbconsulting.com\/es\/#organization","name":"Guerssen records","url":"https:\/\/wpguerssen-test.odoo.rgbconsulting.com\/es\/","logo":{"@type":"ImageObject","inLanguage":"es","@id":"https:\/\/wpguerssen-test.odoo.rgbconsulting.com\/es\/#\/schema\/logo\/image\/","url":"https:\/\/wpguerssen-test.odoo.rgbconsulting.com\/wp-content\/uploads\/2022\/04\/Logo_Guerssen_trans_100.png","contentUrl":"https:\/\/wpguerssen-test.odoo.rgbconsulting.com\/wp-content\/uploads\/2022\/04\/Logo_Guerssen_trans_100.png","width":122,"height":100,"caption":"Guerssen records"},"image":{"@id":"https:\/\/wpguerssen-test.odoo.rgbconsulting.com\/es\/#\/schema\/logo\/image\/"}}]}},"_links":{"self":[{"href":"https:\/\/wpguerssen-test.odoo.rgbconsulting.com\/es\/wp-json\/wp\/v2\/product\/238159","targetHints":{"allow":["GET"]}}],"collection":[{"href":"https:\/\/wpguerssen-test.odoo.rgbconsulting.com\/es\/wp-json\/wp\/v2\/product"}],"about":[{"href":"https:\/\/wpguerssen-test.odoo.rgbconsulting.com\/es\/wp-json\/wp\/v2\/types\/product"}],"wp:featuredmedia":[{"embeddable":true,"href":"https:\/\/wpguerssen-test.odoo.rgbconsulting.com\/es\/wp-json\/wp\/v2\/media\/238408"}],"wp:attachment":[{"href":"https:\/\/wpguerssen-test.odoo.rgbconsulting.com\/es\/wp-json\/wp\/v2\/media?parent=238159"}],"wp:term":[{"taxonomy":"product_brand","embeddable":true,"href":"https:\/\/wpguerssen-test.odoo.rgbconsulting.com\/es\/wp-json\/wp\/v2\/product_brand?post=238159"},{"taxonomy":"product_cat","embeddable":true,"href":"https:\/\/wpguerssen-test.odoo.rgbconsulting.com\/es\/wp-json\/wp\/v2\/product_cat?post=238159"},{"taxonomy":"product_tag","embeddable":true,"href":"https:\/\/wpguerssen-test.odoo.rgbconsulting.com\/es\/wp-json\/wp\/v2\/product_tag?post=238159"}],"curies":[{"name":"wp","href":"https:\/\/api.w.org\/{rel}","templated":true}]}}