{"id":238191,"date":"2023-07-25T00:00:00","date_gmt":"2023-07-24T22:00:00","guid":{"rendered":"https:\/\/wpguerssen-test.odoo.rgbconsulting.com\/product\/mysticism-of-sound\/"},"modified":"2024-03-06T13:53:33","modified_gmt":"2024-03-06T12:53:33","slug":"mysticism-of-sound","status":"publish","type":"product","link":"https:\/\/wpguerssen-test.odoo.rgbconsulting.com\/es\/producto\/mysticism-of-sound\/","title":{"rendered":"Mysticism Of Sound"},"content":{"rendered":"<p>El saxofonista Nat Birchall ha estado ocupado durante los \u00faltimos dos a\u00f1os, ofreciendo una serie de inspiradores \u00e1lbumes colaborativos, que incluyen una excelente excursi\u00f3n de dub con Al Breadwinner y un brillante tributo a Yusuf Lateef creado con su cuarteto habitual de m\u00fasicos.<br \/> Su \u00faltimo \u00e1lbum, \u00abMysticism of Sound\u00bb, es una ligera desviaci\u00f3n de su sonido habitual, si es que tiene uno, dada su exploraci\u00f3n de muchas variedades de jazz a lo largo de los a\u00f1os, por dos razones. En primer lugar, es una exploraci\u00f3n impresionantemente evocadora del jazz espacial inspirado en Sun Ra, con sus serpenteantes y emotivos solos de saxo que act\u00faan como gu\u00eda espiritual en todo momento. En segundo lugar, es un \u00e1lbum genuinamente en solitario en el que no hay invitados: todos y cada uno de los instrumentos, incluidos los sintetizadores, las campanas, la bater\u00eda y el bajo, fueron tocados por el propio Birchall.<\/p>\n","protected":false},"excerpt":{"rendered":"<p>El saxofonista Nat Birchall ha estado ocupado durante los \u00faltimos dos a\u00f1os, ofreciendo una serie de inspiradores \u00e1lbumes colaborativos, que incluyen una excelente<a class=\"read\" href=\"https:\/\/wpguerssen-test.odoo.rgbconsulting.com\/es\/producto\/mysticism-of-sound\/\"> (...)<\/a>","protected":false},"featured_media":238168,"template":"","meta":{"_acf_changed":false},"product_brand":[],"product_cat":[23227],"product_tag":[],"class_list":{"0":"post-238191","1":"product","2":"type-product","3":"status-publish","4":"has-post-thumbnail","6":"product_cat-jazz-es","7":"pa_artist-birchall-nat","8":"pa_format-lp-es","9":"pa_gender-jazz","10":"pa_label-ancient-archive-of-sound","11":"pa_location-uk-ireland-es","12":"pa_other-filters-vinyl-only-es","14":"first","15":"instock","16":"taxable","17":"shipping-taxable","18":"purchasable","19":"product-type-simple"},"acf":[],"yoast_head":"<!-- This site is optimized with the Yoast SEO plugin v24.9 - https:\/\/yoast.com\/wordpress\/plugins\/seo\/ -->\n<title>BIRCHALL, Nat - Mysticism Of Sound -  (LP) | Guerssen<\/title>\n<meta name=\"description\" content=\"Saxophonist Nat Birchall has been busy over the last couple of years, offering up a string of inspired collaborative albums, including a fine dub-wise excursion with Al Breadwinner and a brilliant tribute to Yusuf Lateef created with his regular Quartet of players.His latest album, &quot;Mysticism of Sound&quot;, is a slight departure from his regular sound - if he indeed has one, given his exploration of many strains of jazz over the years - for two reasons. Firstly, it&#039;s an impressively evocative exploration of Sun Ra-inspired space jazz, with his meandering and emotive sax solos acting as spiritual guide throughout. Secondly, it&#039;s a genuinely solo album in which there are no guests: each and every instrument, including synths, bells, drums and bass, were played, was played by Birchall himself.\" \/>\n<meta name=\"robots\" content=\"index, follow, max-snippet:-1, max-image-preview:large, max-video-preview:-1\" \/>\n<link rel=\"canonical\" href=\"https:\/\/wpguerssen-test.odoo.rgbconsulting.com\/es\/producto\/mysticism-of-sound\/\" \/>\n<meta property=\"og:locale\" content=\"es_ES\" \/>\n<meta property=\"og:type\" content=\"article\" \/>\n<meta property=\"og:title\" content=\"BIRCHALL, Nat - Mysticism Of Sound -  (LP) | Guerssen\" \/>\n<meta property=\"og:description\" content=\"Saxophonist Nat Birchall has been busy over the last couple of years, offering up a string of inspired collaborative albums, including a fine dub-wise excursion with Al Breadwinner and a brilliant tribute to Yusuf Lateef created with his regular Quartet of players.His latest album, &quot;Mysticism of Sound&quot;, is a slight departure from his regular sound - if he indeed has one, given his exploration of many strains of jazz over the years - for two reasons. Firstly, it&#039;s an impressively evocative exploration of Sun Ra-inspired space jazz, with his meandering and emotive sax solos acting as spiritual guide throughout. Secondly, it&#039;s a genuinely solo album in which there are no guests: each and every instrument, including synths, bells, drums and bass, were played, was played by Birchall himself.\" \/>\n<meta property=\"og:url\" content=\"https:\/\/wpguerssen-test.odoo.rgbconsulting.com\/es\/producto\/mysticism-of-sound\/\" \/>\n<meta property=\"og:site_name\" content=\"Guerssen records\" \/>\n<meta property=\"article:modified_time\" content=\"2024-03-06T12:53:33+00:00\" \/>\n<meta property=\"og:image\" content=\"https:\/\/wpguerssen-test.odoo.rgbconsulting.com\/wp-content\/uploads\/2023\/06\/44926.jpg\" \/>\n\t<meta property=\"og:image:width\" content=\"800\" \/>\n\t<meta property=\"og:image:height\" content=\"800\" \/>\n\t<meta property=\"og:image:type\" content=\"image\/jpeg\" \/>\n<meta name=\"twitter:card\" content=\"summary_large_image\" \/>\n<meta name=\"twitter:title\" content=\"BIRCHALL, Nat - Mysticism Of Sound -  (LP) | Guerssen\" \/>\n<meta name=\"twitter:label1\" content=\"Tiempo de lectura\" \/>\n\t<meta name=\"twitter:data1\" content=\"1 minuto\" \/>\n<script type=\"application\/ld+json\" class=\"yoast-schema-graph\">{\"@context\":\"https:\/\/schema.org\",\"@graph\":[{\"@type\":\"WebPage\",\"@id\":\"https:\/\/wpguerssen-test.odoo.rgbconsulting.com\/es\/producto\/mysticism-of-sound\/\",\"url\":\"https:\/\/wpguerssen-test.odoo.rgbconsulting.com\/es\/producto\/mysticism-of-sound\/\",\"name\":\"BIRCHALL, Nat - Mysticism Of Sound - (LP) | Guerssen\",\"isPartOf\":{\"@id\":\"https:\/\/wpguerssen-test.odoo.rgbconsulting.com\/es\/#website\"},\"primaryImageOfPage\":{\"@id\":\"https:\/\/wpguerssen-test.odoo.rgbconsulting.com\/es\/producto\/mysticism-of-sound\/#primaryimage\"},\"image\":{\"@id\":\"https:\/\/wpguerssen-test.odoo.rgbconsulting.com\/es\/producto\/mysticism-of-sound\/#primaryimage\"},\"thumbnailUrl\":\"https:\/\/wpguerssen-test.odoo.rgbconsulting.com\/wp-content\/uploads\/2023\/06\/44926.jpg\",\"datePublished\":\"2023-07-24T22:00:00+00:00\",\"dateModified\":\"2024-03-06T12:53:33+00:00\",\"description\":\"Saxophonist Nat Birchall has been busy over the last couple of years, offering up a string of inspired collaborative albums, including a fine dub-wise excursion with Al Breadwinner and a brilliant tribute to Yusuf Lateef created with his regular Quartet of players.His latest album, \\\"Mysticism of Sound\\\", is a slight departure from his regular sound - if he indeed has one, given his exploration of many strains of jazz over the years - for two reasons. Firstly, it's an impressively evocative exploration of Sun Ra-inspired space jazz, with his meandering and emotive sax solos acting as spiritual guide throughout. Secondly, it's a genuinely solo album in which there are no guests: each and every instrument, including synths, bells, drums and bass, were played, was played by Birchall himself.\",\"breadcrumb\":{\"@id\":\"https:\/\/wpguerssen-test.odoo.rgbconsulting.com\/es\/producto\/mysticism-of-sound\/#breadcrumb\"},\"inLanguage\":\"es\",\"potentialAction\":[{\"@type\":\"ReadAction\",\"target\":[\"https:\/\/wpguerssen-test.odoo.rgbconsulting.com\/es\/producto\/mysticism-of-sound\/\"]}]},{\"@type\":\"ImageObject\",\"inLanguage\":\"es\",\"@id\":\"https:\/\/wpguerssen-test.odoo.rgbconsulting.com\/es\/producto\/mysticism-of-sound\/#primaryimage\",\"url\":\"https:\/\/wpguerssen-test.odoo.rgbconsulting.com\/wp-content\/uploads\/2023\/06\/44926.jpg\",\"contentUrl\":\"https:\/\/wpguerssen-test.odoo.rgbconsulting.com\/wp-content\/uploads\/2023\/06\/44926.jpg\",\"width\":800,\"height\":800,\"caption\":\"Nat - Mysticism Of Sound - ANCIENT ARCHIVE OF SOUND (LP) | Guerssen\"},{\"@type\":\"BreadcrumbList\",\"@id\":\"https:\/\/wpguerssen-test.odoo.rgbconsulting.com\/es\/producto\/mysticism-of-sound\/#breadcrumb\",\"itemListElement\":[{\"@type\":\"ListItem\",\"position\":1,\"name\":\"Inicio\",\"item\":\"https:\/\/wpguerssen-test.odoo.rgbconsulting.com\/es\/\"},{\"@type\":\"ListItem\",\"position\":2,\"name\":\"Shop\",\"item\":\"https:\/\/wpguerssen-test.odoo.rgbconsulting.com\/shop\/\"},{\"@type\":\"ListItem\",\"position\":3,\"name\":\"Mysticism Of Sound\"}]},{\"@type\":\"WebSite\",\"@id\":\"https:\/\/wpguerssen-test.odoo.rgbconsulting.com\/es\/#website\",\"url\":\"https:\/\/wpguerssen-test.odoo.rgbconsulting.com\/es\/\",\"name\":\"Guerssen records\",\"description\":\"psychedelia - progressive - folk - garage \",\"publisher\":{\"@id\":\"https:\/\/wpguerssen-test.odoo.rgbconsulting.com\/es\/#organization\"},\"potentialAction\":[{\"@type\":\"SearchAction\",\"target\":{\"@type\":\"EntryPoint\",\"urlTemplate\":\"https:\/\/wpguerssen-test.odoo.rgbconsulting.com\/es\/?s={search_term_string}\"},\"query-input\":{\"@type\":\"PropertyValueSpecification\",\"valueRequired\":true,\"valueName\":\"search_term_string\"}}],\"inLanguage\":\"es\"},{\"@type\":\"Organization\",\"@id\":\"https:\/\/wpguerssen-test.odoo.rgbconsulting.com\/es\/#organization\",\"name\":\"Guerssen records\",\"url\":\"https:\/\/wpguerssen-test.odoo.rgbconsulting.com\/es\/\",\"logo\":{\"@type\":\"ImageObject\",\"inLanguage\":\"es\",\"@id\":\"https:\/\/wpguerssen-test.odoo.rgbconsulting.com\/es\/#\/schema\/logo\/image\/\",\"url\":\"https:\/\/wpguerssen-test.odoo.rgbconsulting.com\/wp-content\/uploads\/2022\/04\/Logo_Guerssen_trans_100.png\",\"contentUrl\":\"https:\/\/wpguerssen-test.odoo.rgbconsulting.com\/wp-content\/uploads\/2022\/04\/Logo_Guerssen_trans_100.png\",\"width\":122,\"height\":100,\"caption\":\"Guerssen records\"},\"image\":{\"@id\":\"https:\/\/wpguerssen-test.odoo.rgbconsulting.com\/es\/#\/schema\/logo\/image\/\"}}]}<\/script>\n<!-- \/ Yoast SEO plugin. -->","yoast_head_json":{"title":"BIRCHALL, Nat - Mysticism Of Sound -  (LP) | Guerssen","description":"Saxophonist Nat Birchall has been busy over the last couple of years, offering up a string of inspired collaborative albums, including a fine dub-wise excursion with Al Breadwinner and a brilliant tribute to Yusuf Lateef created with his regular Quartet of players.His latest album, \"Mysticism of Sound\", is a slight departure from his regular sound - if he indeed has one, given his exploration of many strains of jazz over the years - for two reasons. Firstly, it's an impressively evocative exploration of Sun Ra-inspired space jazz, with his meandering and emotive sax solos acting as spiritual guide throughout. Secondly, it's a genuinely solo album in which there are no guests: each and every instrument, including synths, bells, drums and bass, were played, was played by Birchall himself.","robots":{"index":"index","follow":"follow","max-snippet":"max-snippet:-1","max-image-preview":"max-image-preview:large","max-video-preview":"max-video-preview:-1"},"canonical":"https:\/\/wpguerssen-test.odoo.rgbconsulting.com\/es\/producto\/mysticism-of-sound\/","og_locale":"es_ES","og_type":"article","og_title":"BIRCHALL, Nat - Mysticism Of Sound -  (LP) | Guerssen","og_description":"Saxophonist Nat Birchall has been busy over the last couple of years, offering up a string of inspired collaborative albums, including a fine dub-wise excursion with Al Breadwinner and a brilliant tribute to Yusuf Lateef created with his regular Quartet of players.His latest album, \"Mysticism of Sound\", is a slight departure from his regular sound - if he indeed has one, given his exploration of many strains of jazz over the years - for two reasons. Firstly, it's an impressively evocative exploration of Sun Ra-inspired space jazz, with his meandering and emotive sax solos acting as spiritual guide throughout. Secondly, it's a genuinely solo album in which there are no guests: each and every instrument, including synths, bells, drums and bass, were played, was played by Birchall himself.","og_url":"https:\/\/wpguerssen-test.odoo.rgbconsulting.com\/es\/producto\/mysticism-of-sound\/","og_site_name":"Guerssen records","article_modified_time":"2024-03-06T12:53:33+00:00","og_image":[{"width":800,"height":800,"url":"https:\/\/wpguerssen-test.odoo.rgbconsulting.com\/wp-content\/uploads\/2023\/06\/44926.jpg","type":"image\/jpeg"}],"twitter_card":"summary_large_image","twitter_title":"BIRCHALL, Nat - Mysticism Of Sound -  (LP) | Guerssen","twitter_misc":{"Tiempo de lectura":"1 minuto"},"schema":{"@context":"https:\/\/schema.org","@graph":[{"@type":"WebPage","@id":"https:\/\/wpguerssen-test.odoo.rgbconsulting.com\/es\/producto\/mysticism-of-sound\/","url":"https:\/\/wpguerssen-test.odoo.rgbconsulting.com\/es\/producto\/mysticism-of-sound\/","name":"BIRCHALL, Nat - Mysticism Of Sound - (LP) | Guerssen","isPartOf":{"@id":"https:\/\/wpguerssen-test.odoo.rgbconsulting.com\/es\/#website"},"primaryImageOfPage":{"@id":"https:\/\/wpguerssen-test.odoo.rgbconsulting.com\/es\/producto\/mysticism-of-sound\/#primaryimage"},"image":{"@id":"https:\/\/wpguerssen-test.odoo.rgbconsulting.com\/es\/producto\/mysticism-of-sound\/#primaryimage"},"thumbnailUrl":"https:\/\/wpguerssen-test.odoo.rgbconsulting.com\/wp-content\/uploads\/2023\/06\/44926.jpg","datePublished":"2023-07-24T22:00:00+00:00","dateModified":"2024-03-06T12:53:33+00:00","description":"Saxophonist Nat Birchall has been busy over the last couple of years, offering up a string of inspired collaborative albums, including a fine dub-wise excursion with Al Breadwinner and a brilliant tribute to Yusuf Lateef created with his regular Quartet of players.His latest album, \"Mysticism of Sound\", is a slight departure from his regular sound - if he indeed has one, given his exploration of many strains of jazz over the years - for two reasons. Firstly, it's an impressively evocative exploration of Sun Ra-inspired space jazz, with his meandering and emotive sax solos acting as spiritual guide throughout. Secondly, it's a genuinely solo album in which there are no guests: each and every instrument, including synths, bells, drums and bass, were played, was played by Birchall himself.","breadcrumb":{"@id":"https:\/\/wpguerssen-test.odoo.rgbconsulting.com\/es\/producto\/mysticism-of-sound\/#breadcrumb"},"inLanguage":"es","potentialAction":[{"@type":"ReadAction","target":["https:\/\/wpguerssen-test.odoo.rgbconsulting.com\/es\/producto\/mysticism-of-sound\/"]}]},{"@type":"ImageObject","inLanguage":"es","@id":"https:\/\/wpguerssen-test.odoo.rgbconsulting.com\/es\/producto\/mysticism-of-sound\/#primaryimage","url":"https:\/\/wpguerssen-test.odoo.rgbconsulting.com\/wp-content\/uploads\/2023\/06\/44926.jpg","contentUrl":"https:\/\/wpguerssen-test.odoo.rgbconsulting.com\/wp-content\/uploads\/2023\/06\/44926.jpg","width":800,"height":800,"caption":"Nat - Mysticism Of Sound - ANCIENT ARCHIVE OF SOUND (LP) | Guerssen"},{"@type":"BreadcrumbList","@id":"https:\/\/wpguerssen-test.odoo.rgbconsulting.com\/es\/producto\/mysticism-of-sound\/#breadcrumb","itemListElement":[{"@type":"ListItem","position":1,"name":"Inicio","item":"https:\/\/wpguerssen-test.odoo.rgbconsulting.com\/es\/"},{"@type":"ListItem","position":2,"name":"Shop","item":"https:\/\/wpguerssen-test.odoo.rgbconsulting.com\/shop\/"},{"@type":"ListItem","position":3,"name":"Mysticism Of Sound"}]},{"@type":"WebSite","@id":"https:\/\/wpguerssen-test.odoo.rgbconsulting.com\/es\/#website","url":"https:\/\/wpguerssen-test.odoo.rgbconsulting.com\/es\/","name":"Guerssen records","description":"psychedelia - progressive - folk - garage ","publisher":{"@id":"https:\/\/wpguerssen-test.odoo.rgbconsulting.com\/es\/#organization"},"potentialAction":[{"@type":"SearchAction","target":{"@type":"EntryPoint","urlTemplate":"https:\/\/wpguerssen-test.odoo.rgbconsulting.com\/es\/?s={search_term_string}"},"query-input":{"@type":"PropertyValueSpecification","valueRequired":true,"valueName":"search_term_string"}}],"inLanguage":"es"},{"@type":"Organization","@id":"https:\/\/wpguerssen-test.odoo.rgbconsulting.com\/es\/#organization","name":"Guerssen records","url":"https:\/\/wpguerssen-test.odoo.rgbconsulting.com\/es\/","logo":{"@type":"ImageObject","inLanguage":"es","@id":"https:\/\/wpguerssen-test.odoo.rgbconsulting.com\/es\/#\/schema\/logo\/image\/","url":"https:\/\/wpguerssen-test.odoo.rgbconsulting.com\/wp-content\/uploads\/2022\/04\/Logo_Guerssen_trans_100.png","contentUrl":"https:\/\/wpguerssen-test.odoo.rgbconsulting.com\/wp-content\/uploads\/2022\/04\/Logo_Guerssen_trans_100.png","width":122,"height":100,"caption":"Guerssen records"},"image":{"@id":"https:\/\/wpguerssen-test.odoo.rgbconsulting.com\/es\/#\/schema\/logo\/image\/"}}]}},"_links":{"self":[{"href":"https:\/\/wpguerssen-test.odoo.rgbconsulting.com\/es\/wp-json\/wp\/v2\/product\/238191","targetHints":{"allow":["GET"]}}],"collection":[{"href":"https:\/\/wpguerssen-test.odoo.rgbconsulting.com\/es\/wp-json\/wp\/v2\/product"}],"about":[{"href":"https:\/\/wpguerssen-test.odoo.rgbconsulting.com\/es\/wp-json\/wp\/v2\/types\/product"}],"wp:featuredmedia":[{"embeddable":true,"href":"https:\/\/wpguerssen-test.odoo.rgbconsulting.com\/es\/wp-json\/wp\/v2\/media\/238168"}],"wp:attachment":[{"href":"https:\/\/wpguerssen-test.odoo.rgbconsulting.com\/es\/wp-json\/wp\/v2\/media?parent=238191"}],"wp:term":[{"taxonomy":"product_brand","embeddable":true,"href":"https:\/\/wpguerssen-test.odoo.rgbconsulting.com\/es\/wp-json\/wp\/v2\/product_brand?post=238191"},{"taxonomy":"product_cat","embeddable":true,"href":"https:\/\/wpguerssen-test.odoo.rgbconsulting.com\/es\/wp-json\/wp\/v2\/product_cat?post=238191"},{"taxonomy":"product_tag","embeddable":true,"href":"https:\/\/wpguerssen-test.odoo.rgbconsulting.com\/es\/wp-json\/wp\/v2\/product_tag?post=238191"}],"curies":[{"name":"wp","href":"https:\/\/api.w.org\/{rel}","templated":true}]}}