{"id":238196,"date":"2023-07-25T00:00:00","date_gmt":"2023-07-24T22:00:00","guid":{"rendered":"https:\/\/wpguerssen-test.odoo.rgbconsulting.com\/product\/sounds-almighty-nat-birchall-meets-al-breadwinner\/"},"modified":"2024-02-22T13:51:47","modified_gmt":"2024-02-22T12:51:47","slug":"sounds-almighty-nat-birchall-meets-al-breadwinner","status":"publish","type":"product","link":"https:\/\/wpguerssen-test.odoo.rgbconsulting.com\/es\/producto\/sounds-almighty-nat-birchall-meets-al-breadwinner\/","title":{"rendered":"Sounds Almighty: Nat Birchall Meets Al Breadwinner"},"content":{"rendered":"<p>Un \u00e1lbum muy diferente de lo habitual del gran tenor Nat Birchall, un conjunto que no es menos conmovedor que sus otros discos, \u00a1pero de una manera completamente diferente!<br \/>El \u00e1lbum es una colaboraci\u00f3n con el productor Al Breadwinner, y tiene este enfoque que se siente como una sesi\u00f3n instrumental jamaicana perdida de principios de los a\u00f1os 70, como si Nat estuviera interpretando el papel del saxofonista Tommy McCook sobre algunos ritmos agradablemente relajados al estilo de Kingston. Birchall toca solos de tenor en la mayor\u00eda de las pistas, pero tambi\u00e9n toca un poco de mel\u00f3dica, e incluso maneja un poco de \u00f3rgano y percusi\u00f3n, todo incluido en una mezcla doblada manejada por Breadwinner, quien contribuye con la bater\u00eda, guitarras y teclados.<br \/>Tambi\u00e9n hay un poco de trompeta y tromb\u00f3n en el set, adem\u00e1s del saxo bar\u00edtono de Stally, y la calidad del disco es excelente, hasta el rango de las leyendas jamaicanas enumeradas como inspiraci\u00f3n en la portada, una formaci\u00f3n que incluye a McCook , Lee Perry, Augustus Pablo y Cedric Brooks.<\/p>\n","protected":false},"excerpt":{"rendered":"<p>Un \u00e1lbum muy diferente de lo habitual del gran tenor Nat Birchall, un conjunto que no es menos conmovedor que sus otros discos, \u00a1pero de una manera completamente<a class=\"read\" href=\"https:\/\/wpguerssen-test.odoo.rgbconsulting.com\/es\/producto\/sounds-almighty-nat-birchall-meets-al-breadwinner\/\"> (...)<\/a>","protected":false},"featured_media":238184,"template":"","meta":{"_acf_changed":false},"product_brand":[],"product_cat":[23227],"product_tag":[],"class_list":{"0":"post-238196","1":"product","2":"type-product","3":"status-publish","4":"has-post-thumbnail","6":"product_cat-jazz-es","7":"pa_artist-birchall-nat","8":"pa_format-lp-es","9":"pa_gender-jazz","10":"pa_label-tradition-disc","11":"pa_location-uk-ireland-es","12":"pa_other-filters-vinyl-only-es","14":"first","15":"instock","16":"taxable","17":"shipping-taxable","18":"purchasable","19":"product-type-simple"},"acf":[],"yoast_head":"<!-- This site is optimized with the Yoast SEO plugin v24.9 - https:\/\/yoast.com\/wordpress\/plugins\/seo\/ -->\n<title>BIRCHALL, Nat - Sounds Almighty: Nat Birchall Meets Al Breadwinner -  (LP) | Guerssen<\/title>\n<meta name=\"description\" content=\"A very different album than usual from the great tenorist Nat Birchall - a set that&#039;s no less soulful than his other records, but in a completely different way!The album&#039;s a collaboration with producer Al Breadwinner - and has this approach that feels like a lost Jamaican instrumental session from the start of the 70s - as if Nat&#039;s playing the role of saxophonist Tommy McCook over some nicely laidback Kingston-styled rhythms! Birchall solos on tenor on most tracks, but also blows a bit of melodica too - and even handles a bit of organ and percussion too - all swept up in a dubby mix handled by Breadwinner, who contributes drums, guitars, and keyboards.There&#039;s a bit of trumpet and trombone on the set too, plus baritone sax from Stally - and the quality of the record is excellent, every bit up to the range of the Jamaican legends listed as inspiration on the cover - a lineup that includes McCook, Lee Perry, Augustus Pablo, and Cedric Brooks.\" \/>\n<meta name=\"robots\" content=\"index, follow, max-snippet:-1, max-image-preview:large, max-video-preview:-1\" \/>\n<link rel=\"canonical\" href=\"https:\/\/wpguerssen-test.odoo.rgbconsulting.com\/es\/producto\/sounds-almighty-nat-birchall-meets-al-breadwinner\/\" \/>\n<meta property=\"og:locale\" content=\"es_ES\" \/>\n<meta property=\"og:type\" content=\"article\" \/>\n<meta property=\"og:title\" content=\"BIRCHALL, Nat - Sounds Almighty: Nat Birchall Meets Al Breadwinner -  (LP) | Guerssen\" \/>\n<meta property=\"og:description\" content=\"A very different album than usual from the great tenorist Nat Birchall - a set that&#039;s no less soulful than his other records, but in a completely different way!The album&#039;s a collaboration with producer Al Breadwinner - and has this approach that feels like a lost Jamaican instrumental session from the start of the 70s - as if Nat&#039;s playing the role of saxophonist Tommy McCook over some nicely laidback Kingston-styled rhythms! Birchall solos on tenor on most tracks, but also blows a bit of melodica too - and even handles a bit of organ and percussion too - all swept up in a dubby mix handled by Breadwinner, who contributes drums, guitars, and keyboards.There&#039;s a bit of trumpet and trombone on the set too, plus baritone sax from Stally - and the quality of the record is excellent, every bit up to the range of the Jamaican legends listed as inspiration on the cover - a lineup that includes McCook, Lee Perry, Augustus Pablo, and Cedric Brooks.\" \/>\n<meta property=\"og:url\" content=\"https:\/\/wpguerssen-test.odoo.rgbconsulting.com\/es\/producto\/sounds-almighty-nat-birchall-meets-al-breadwinner\/\" \/>\n<meta property=\"og:site_name\" content=\"Guerssen records\" \/>\n<meta property=\"article:modified_time\" content=\"2024-02-22T12:51:47+00:00\" \/>\n<meta property=\"og:image\" content=\"https:\/\/wpguerssen-test.odoo.rgbconsulting.com\/wp-content\/uploads\/2023\/06\/44931.jpg\" \/>\n\t<meta property=\"og:image:width\" content=\"800\" \/>\n\t<meta property=\"og:image:height\" content=\"800\" \/>\n\t<meta property=\"og:image:type\" content=\"image\/jpeg\" \/>\n<meta name=\"twitter:card\" content=\"summary_large_image\" \/>\n<meta name=\"twitter:title\" content=\"BIRCHALL, Nat - Sounds Almighty: Nat Birchall Meets Al Breadwinner -  (LP) | Guerssen\" \/>\n<meta name=\"twitter:label1\" content=\"Tiempo de lectura\" \/>\n\t<meta name=\"twitter:data1\" content=\"1 minuto\" \/>\n<script type=\"application\/ld+json\" class=\"yoast-schema-graph\">{\"@context\":\"https:\/\/schema.org\",\"@graph\":[{\"@type\":\"WebPage\",\"@id\":\"https:\/\/wpguerssen-test.odoo.rgbconsulting.com\/es\/producto\/sounds-almighty-nat-birchall-meets-al-breadwinner\/\",\"url\":\"https:\/\/wpguerssen-test.odoo.rgbconsulting.com\/es\/producto\/sounds-almighty-nat-birchall-meets-al-breadwinner\/\",\"name\":\"BIRCHALL, Nat - Sounds Almighty: Nat Birchall Meets Al Breadwinner - (LP) | Guerssen\",\"isPartOf\":{\"@id\":\"https:\/\/wpguerssen-test.odoo.rgbconsulting.com\/es\/#website\"},\"primaryImageOfPage\":{\"@id\":\"https:\/\/wpguerssen-test.odoo.rgbconsulting.com\/es\/producto\/sounds-almighty-nat-birchall-meets-al-breadwinner\/#primaryimage\"},\"image\":{\"@id\":\"https:\/\/wpguerssen-test.odoo.rgbconsulting.com\/es\/producto\/sounds-almighty-nat-birchall-meets-al-breadwinner\/#primaryimage\"},\"thumbnailUrl\":\"https:\/\/wpguerssen-test.odoo.rgbconsulting.com\/wp-content\/uploads\/2023\/06\/44931.jpg\",\"datePublished\":\"2023-07-24T22:00:00+00:00\",\"dateModified\":\"2024-02-22T12:51:47+00:00\",\"description\":\"A very different album than usual from the great tenorist Nat Birchall - a set that's no less soulful than his other records, but in a completely different way!The album's a collaboration with producer Al Breadwinner - and has this approach that feels like a lost Jamaican instrumental session from the start of the 70s - as if Nat's playing the role of saxophonist Tommy McCook over some nicely laidback Kingston-styled rhythms! Birchall solos on tenor on most tracks, but also blows a bit of melodica too - and even handles a bit of organ and percussion too - all swept up in a dubby mix handled by Breadwinner, who contributes drums, guitars, and keyboards.There's a bit of trumpet and trombone on the set too, plus baritone sax from Stally - and the quality of the record is excellent, every bit up to the range of the Jamaican legends listed as inspiration on the cover - a lineup that includes McCook, Lee Perry, Augustus Pablo, and Cedric Brooks.\",\"breadcrumb\":{\"@id\":\"https:\/\/wpguerssen-test.odoo.rgbconsulting.com\/es\/producto\/sounds-almighty-nat-birchall-meets-al-breadwinner\/#breadcrumb\"},\"inLanguage\":\"es\",\"potentialAction\":[{\"@type\":\"ReadAction\",\"target\":[\"https:\/\/wpguerssen-test.odoo.rgbconsulting.com\/es\/producto\/sounds-almighty-nat-birchall-meets-al-breadwinner\/\"]}]},{\"@type\":\"ImageObject\",\"inLanguage\":\"es\",\"@id\":\"https:\/\/wpguerssen-test.odoo.rgbconsulting.com\/es\/producto\/sounds-almighty-nat-birchall-meets-al-breadwinner\/#primaryimage\",\"url\":\"https:\/\/wpguerssen-test.odoo.rgbconsulting.com\/wp-content\/uploads\/2023\/06\/44931.jpg\",\"contentUrl\":\"https:\/\/wpguerssen-test.odoo.rgbconsulting.com\/wp-content\/uploads\/2023\/06\/44931.jpg\",\"width\":800,\"height\":800,\"caption\":\"Nat - Sounds Almighty: Nat Birchall Meets Al Breadwinner - TRADITION DISC (LP) | Guerssen\"},{\"@type\":\"BreadcrumbList\",\"@id\":\"https:\/\/wpguerssen-test.odoo.rgbconsulting.com\/es\/producto\/sounds-almighty-nat-birchall-meets-al-breadwinner\/#breadcrumb\",\"itemListElement\":[{\"@type\":\"ListItem\",\"position\":1,\"name\":\"Inicio\",\"item\":\"https:\/\/wpguerssen-test.odoo.rgbconsulting.com\/es\/\"},{\"@type\":\"ListItem\",\"position\":2,\"name\":\"Shop\",\"item\":\"https:\/\/wpguerssen-test.odoo.rgbconsulting.com\/shop\/\"},{\"@type\":\"ListItem\",\"position\":3,\"name\":\"Sounds Almighty: Nat Birchall Meets Al Breadwinner\"}]},{\"@type\":\"WebSite\",\"@id\":\"https:\/\/wpguerssen-test.odoo.rgbconsulting.com\/es\/#website\",\"url\":\"https:\/\/wpguerssen-test.odoo.rgbconsulting.com\/es\/\",\"name\":\"Guerssen records\",\"description\":\"psychedelia - progressive - folk - garage \",\"publisher\":{\"@id\":\"https:\/\/wpguerssen-test.odoo.rgbconsulting.com\/es\/#organization\"},\"potentialAction\":[{\"@type\":\"SearchAction\",\"target\":{\"@type\":\"EntryPoint\",\"urlTemplate\":\"https:\/\/wpguerssen-test.odoo.rgbconsulting.com\/es\/?s={search_term_string}\"},\"query-input\":{\"@type\":\"PropertyValueSpecification\",\"valueRequired\":true,\"valueName\":\"search_term_string\"}}],\"inLanguage\":\"es\"},{\"@type\":\"Organization\",\"@id\":\"https:\/\/wpguerssen-test.odoo.rgbconsulting.com\/es\/#organization\",\"name\":\"Guerssen records\",\"url\":\"https:\/\/wpguerssen-test.odoo.rgbconsulting.com\/es\/\",\"logo\":{\"@type\":\"ImageObject\",\"inLanguage\":\"es\",\"@id\":\"https:\/\/wpguerssen-test.odoo.rgbconsulting.com\/es\/#\/schema\/logo\/image\/\",\"url\":\"https:\/\/wpguerssen-test.odoo.rgbconsulting.com\/wp-content\/uploads\/2022\/04\/Logo_Guerssen_trans_100.png\",\"contentUrl\":\"https:\/\/wpguerssen-test.odoo.rgbconsulting.com\/wp-content\/uploads\/2022\/04\/Logo_Guerssen_trans_100.png\",\"width\":122,\"height\":100,\"caption\":\"Guerssen records\"},\"image\":{\"@id\":\"https:\/\/wpguerssen-test.odoo.rgbconsulting.com\/es\/#\/schema\/logo\/image\/\"}}]}<\/script>\n<!-- \/ Yoast SEO plugin. -->","yoast_head_json":{"title":"BIRCHALL, Nat - Sounds Almighty: Nat Birchall Meets Al Breadwinner -  (LP) | Guerssen","description":"A very different album than usual from the great tenorist Nat Birchall - a set that's no less soulful than his other records, but in a completely different way!The album's a collaboration with producer Al Breadwinner - and has this approach that feels like a lost Jamaican instrumental session from the start of the 70s - as if Nat's playing the role of saxophonist Tommy McCook over some nicely laidback Kingston-styled rhythms! Birchall solos on tenor on most tracks, but also blows a bit of melodica too - and even handles a bit of organ and percussion too - all swept up in a dubby mix handled by Breadwinner, who contributes drums, guitars, and keyboards.There's a bit of trumpet and trombone on the set too, plus baritone sax from Stally - and the quality of the record is excellent, every bit up to the range of the Jamaican legends listed as inspiration on the cover - a lineup that includes McCook, Lee Perry, Augustus Pablo, and Cedric Brooks.","robots":{"index":"index","follow":"follow","max-snippet":"max-snippet:-1","max-image-preview":"max-image-preview:large","max-video-preview":"max-video-preview:-1"},"canonical":"https:\/\/wpguerssen-test.odoo.rgbconsulting.com\/es\/producto\/sounds-almighty-nat-birchall-meets-al-breadwinner\/","og_locale":"es_ES","og_type":"article","og_title":"BIRCHALL, Nat - Sounds Almighty: Nat Birchall Meets Al Breadwinner -  (LP) | Guerssen","og_description":"A very different album than usual from the great tenorist Nat Birchall - a set that's no less soulful than his other records, but in a completely different way!The album's a collaboration with producer Al Breadwinner - and has this approach that feels like a lost Jamaican instrumental session from the start of the 70s - as if Nat's playing the role of saxophonist Tommy McCook over some nicely laidback Kingston-styled rhythms! Birchall solos on tenor on most tracks, but also blows a bit of melodica too - and even handles a bit of organ and percussion too - all swept up in a dubby mix handled by Breadwinner, who contributes drums, guitars, and keyboards.There's a bit of trumpet and trombone on the set too, plus baritone sax from Stally - and the quality of the record is excellent, every bit up to the range of the Jamaican legends listed as inspiration on the cover - a lineup that includes McCook, Lee Perry, Augustus Pablo, and Cedric Brooks.","og_url":"https:\/\/wpguerssen-test.odoo.rgbconsulting.com\/es\/producto\/sounds-almighty-nat-birchall-meets-al-breadwinner\/","og_site_name":"Guerssen records","article_modified_time":"2024-02-22T12:51:47+00:00","og_image":[{"width":800,"height":800,"url":"https:\/\/wpguerssen-test.odoo.rgbconsulting.com\/wp-content\/uploads\/2023\/06\/44931.jpg","type":"image\/jpeg"}],"twitter_card":"summary_large_image","twitter_title":"BIRCHALL, Nat - Sounds Almighty: Nat Birchall Meets Al Breadwinner -  (LP) | Guerssen","twitter_misc":{"Tiempo de lectura":"1 minuto"},"schema":{"@context":"https:\/\/schema.org","@graph":[{"@type":"WebPage","@id":"https:\/\/wpguerssen-test.odoo.rgbconsulting.com\/es\/producto\/sounds-almighty-nat-birchall-meets-al-breadwinner\/","url":"https:\/\/wpguerssen-test.odoo.rgbconsulting.com\/es\/producto\/sounds-almighty-nat-birchall-meets-al-breadwinner\/","name":"BIRCHALL, Nat - Sounds Almighty: Nat Birchall Meets Al Breadwinner - (LP) | Guerssen","isPartOf":{"@id":"https:\/\/wpguerssen-test.odoo.rgbconsulting.com\/es\/#website"},"primaryImageOfPage":{"@id":"https:\/\/wpguerssen-test.odoo.rgbconsulting.com\/es\/producto\/sounds-almighty-nat-birchall-meets-al-breadwinner\/#primaryimage"},"image":{"@id":"https:\/\/wpguerssen-test.odoo.rgbconsulting.com\/es\/producto\/sounds-almighty-nat-birchall-meets-al-breadwinner\/#primaryimage"},"thumbnailUrl":"https:\/\/wpguerssen-test.odoo.rgbconsulting.com\/wp-content\/uploads\/2023\/06\/44931.jpg","datePublished":"2023-07-24T22:00:00+00:00","dateModified":"2024-02-22T12:51:47+00:00","description":"A very different album than usual from the great tenorist Nat Birchall - a set that's no less soulful than his other records, but in a completely different way!The album's a collaboration with producer Al Breadwinner - and has this approach that feels like a lost Jamaican instrumental session from the start of the 70s - as if Nat's playing the role of saxophonist Tommy McCook over some nicely laidback Kingston-styled rhythms! Birchall solos on tenor on most tracks, but also blows a bit of melodica too - and even handles a bit of organ and percussion too - all swept up in a dubby mix handled by Breadwinner, who contributes drums, guitars, and keyboards.There's a bit of trumpet and trombone on the set too, plus baritone sax from Stally - and the quality of the record is excellent, every bit up to the range of the Jamaican legends listed as inspiration on the cover - a lineup that includes McCook, Lee Perry, Augustus Pablo, and Cedric Brooks.","breadcrumb":{"@id":"https:\/\/wpguerssen-test.odoo.rgbconsulting.com\/es\/producto\/sounds-almighty-nat-birchall-meets-al-breadwinner\/#breadcrumb"},"inLanguage":"es","potentialAction":[{"@type":"ReadAction","target":["https:\/\/wpguerssen-test.odoo.rgbconsulting.com\/es\/producto\/sounds-almighty-nat-birchall-meets-al-breadwinner\/"]}]},{"@type":"ImageObject","inLanguage":"es","@id":"https:\/\/wpguerssen-test.odoo.rgbconsulting.com\/es\/producto\/sounds-almighty-nat-birchall-meets-al-breadwinner\/#primaryimage","url":"https:\/\/wpguerssen-test.odoo.rgbconsulting.com\/wp-content\/uploads\/2023\/06\/44931.jpg","contentUrl":"https:\/\/wpguerssen-test.odoo.rgbconsulting.com\/wp-content\/uploads\/2023\/06\/44931.jpg","width":800,"height":800,"caption":"Nat - Sounds Almighty: Nat Birchall Meets Al Breadwinner - TRADITION DISC (LP) | Guerssen"},{"@type":"BreadcrumbList","@id":"https:\/\/wpguerssen-test.odoo.rgbconsulting.com\/es\/producto\/sounds-almighty-nat-birchall-meets-al-breadwinner\/#breadcrumb","itemListElement":[{"@type":"ListItem","position":1,"name":"Inicio","item":"https:\/\/wpguerssen-test.odoo.rgbconsulting.com\/es\/"},{"@type":"ListItem","position":2,"name":"Shop","item":"https:\/\/wpguerssen-test.odoo.rgbconsulting.com\/shop\/"},{"@type":"ListItem","position":3,"name":"Sounds Almighty: Nat Birchall Meets Al Breadwinner"}]},{"@type":"WebSite","@id":"https:\/\/wpguerssen-test.odoo.rgbconsulting.com\/es\/#website","url":"https:\/\/wpguerssen-test.odoo.rgbconsulting.com\/es\/","name":"Guerssen records","description":"psychedelia - progressive - folk - garage ","publisher":{"@id":"https:\/\/wpguerssen-test.odoo.rgbconsulting.com\/es\/#organization"},"potentialAction":[{"@type":"SearchAction","target":{"@type":"EntryPoint","urlTemplate":"https:\/\/wpguerssen-test.odoo.rgbconsulting.com\/es\/?s={search_term_string}"},"query-input":{"@type":"PropertyValueSpecification","valueRequired":true,"valueName":"search_term_string"}}],"inLanguage":"es"},{"@type":"Organization","@id":"https:\/\/wpguerssen-test.odoo.rgbconsulting.com\/es\/#organization","name":"Guerssen records","url":"https:\/\/wpguerssen-test.odoo.rgbconsulting.com\/es\/","logo":{"@type":"ImageObject","inLanguage":"es","@id":"https:\/\/wpguerssen-test.odoo.rgbconsulting.com\/es\/#\/schema\/logo\/image\/","url":"https:\/\/wpguerssen-test.odoo.rgbconsulting.com\/wp-content\/uploads\/2022\/04\/Logo_Guerssen_trans_100.png","contentUrl":"https:\/\/wpguerssen-test.odoo.rgbconsulting.com\/wp-content\/uploads\/2022\/04\/Logo_Guerssen_trans_100.png","width":122,"height":100,"caption":"Guerssen records"},"image":{"@id":"https:\/\/wpguerssen-test.odoo.rgbconsulting.com\/es\/#\/schema\/logo\/image\/"}}]}},"_links":{"self":[{"href":"https:\/\/wpguerssen-test.odoo.rgbconsulting.com\/es\/wp-json\/wp\/v2\/product\/238196","targetHints":{"allow":["GET"]}}],"collection":[{"href":"https:\/\/wpguerssen-test.odoo.rgbconsulting.com\/es\/wp-json\/wp\/v2\/product"}],"about":[{"href":"https:\/\/wpguerssen-test.odoo.rgbconsulting.com\/es\/wp-json\/wp\/v2\/types\/product"}],"wp:featuredmedia":[{"embeddable":true,"href":"https:\/\/wpguerssen-test.odoo.rgbconsulting.com\/es\/wp-json\/wp\/v2\/media\/238184"}],"wp:attachment":[{"href":"https:\/\/wpguerssen-test.odoo.rgbconsulting.com\/es\/wp-json\/wp\/v2\/media?parent=238196"}],"wp:term":[{"taxonomy":"product_brand","embeddable":true,"href":"https:\/\/wpguerssen-test.odoo.rgbconsulting.com\/es\/wp-json\/wp\/v2\/product_brand?post=238196"},{"taxonomy":"product_cat","embeddable":true,"href":"https:\/\/wpguerssen-test.odoo.rgbconsulting.com\/es\/wp-json\/wp\/v2\/product_cat?post=238196"},{"taxonomy":"product_tag","embeddable":true,"href":"https:\/\/wpguerssen-test.odoo.rgbconsulting.com\/es\/wp-json\/wp\/v2\/product_tag?post=238196"}],"curies":[{"name":"wp","href":"https:\/\/api.w.org\/{rel}","templated":true}]}}