{"id":238197,"date":"2023-07-25T00:00:00","date_gmt":"2023-07-24T22:00:00","guid":{"rendered":"https:\/\/wpguerssen-test.odoo.rgbconsulting.com\/product\/tradition-disc-in-dub-meets-al-breadwinner\/"},"modified":"2024-02-22T13:51:53","modified_gmt":"2024-02-22T12:51:53","slug":"tradition-disc-in-dub-meets-al-breadwinner","status":"publish","type":"product","link":"https:\/\/wpguerssen-test.odoo.rgbconsulting.com\/es\/producto\/tradition-disc-in-dub-meets-al-breadwinner\/","title":{"rendered":"Tradition Disc In Dub &#8211; Meets Al Breadwinner"},"content":{"rendered":"<p>Un \u00e1lbum fant\u00e1stico en la nueva tradici\u00f3n dub que el saxofonista brit\u00e1nico Nat Birchall ha estado explorando: grabaciones que son muy diferentes a sus \u00e1lbumes de jazz espiritual, \u00a1pero igualmente geniales en general!<br \/>El ambiente aqu\u00ed es quiz\u00e1s como una fecha perdida grabada en King Tubby&#8217;s &#8211; pero con m\u00e1s elementos de jazz en la mezcla, ya que Birchall toca tenor y flauta, adem\u00e1s de piano, mel\u00f3dica, \u00f3rgano, bajo y percusi\u00f3n, todo en esta mezcla arremolinada creada por Al Breadwinner, que no solo es el productor y mezclador, \u00a1pero agrega su propio \u00f3rgano, bater\u00eda, guitarra, piano, mel\u00f3dica y percusi\u00f3n!<br \/>Vin Gordon se une al grupo, cuyo tromb\u00f3n es un excelente equilibrio en el sonido, y David Fullwood tambi\u00e9n agrega algunas l\u00edneas de trompeta, que promueve los elementos de jazz en el sonido general.<\/p>\n","protected":false},"excerpt":{"rendered":"<p>Un \u00e1lbum fant\u00e1stico en la nueva tradici\u00f3n dub que el saxofonista brit\u00e1nico Nat Birchall ha estado explorando: grabaciones que son muy diferentes a sus \u00e1lbumes<a class=\"read\" href=\"https:\/\/wpguerssen-test.odoo.rgbconsulting.com\/es\/producto\/tradition-disc-in-dub-meets-al-breadwinner\/\"> (...)<\/a>","protected":false},"featured_media":238187,"template":"","meta":{"_acf_changed":false},"product_brand":[],"product_cat":[23227],"product_tag":[],"class_list":{"0":"post-238197","1":"product","2":"type-product","3":"status-publish","4":"has-post-thumbnail","6":"product_cat-jazz-es","7":"pa_artist-birchall-nat","8":"pa_format-lp-es","9":"pa_gender-jazz","10":"pa_label-tradition-disc","11":"pa_location-uk-ireland-es","12":"pa_other-filters-vinyl-only-es","14":"first","15":"instock","16":"taxable","17":"shipping-taxable","18":"purchasable","19":"product-type-simple"},"acf":[],"yoast_head":"<!-- This site is optimized with the Yoast SEO plugin v24.9 - https:\/\/yoast.com\/wordpress\/plugins\/seo\/ -->\n<title>BIRCHALL, Nat - Tradition Disc In Dub - Meets Al Breadwinner -  (LP) | Guerssen<\/title>\n<meta name=\"description\" content=\"A fantastic album in the new dub tradition that UK saxophonist Nat Birchall has been exploring - recorded modes that are very different than his spiritual jazz albums, but equally cool overall!The vibe here is maybe like some lost date recorded at King Tubby&#039;s - but with more of a jazz element in the mix - as Birchall plays tenor and flute, plus piano, melodica, organ, bass, and percussion - all in this swirling mix that&#039;s created by Al Breadwinner - who&#039;s not only the producer and mixer, but adds in his own organ, drums, guitar, piano, melodica, and percussion!The group are joined by Vin Gordon - whose trombone is an excellent balance in the sound - and David Fullwood adds in some trumpet lines too, which furthers the jazz elements in the overall sound.\" \/>\n<meta name=\"robots\" content=\"index, follow, max-snippet:-1, max-image-preview:large, max-video-preview:-1\" \/>\n<link rel=\"canonical\" href=\"https:\/\/wpguerssen-test.odoo.rgbconsulting.com\/es\/producto\/tradition-disc-in-dub-meets-al-breadwinner\/\" \/>\n<meta property=\"og:locale\" content=\"es_ES\" \/>\n<meta property=\"og:type\" content=\"article\" \/>\n<meta property=\"og:title\" content=\"BIRCHALL, Nat - Tradition Disc In Dub - Meets Al Breadwinner -  (LP) | Guerssen\" \/>\n<meta property=\"og:description\" content=\"A fantastic album in the new dub tradition that UK saxophonist Nat Birchall has been exploring - recorded modes that are very different than his spiritual jazz albums, but equally cool overall!The vibe here is maybe like some lost date recorded at King Tubby&#039;s - but with more of a jazz element in the mix - as Birchall plays tenor and flute, plus piano, melodica, organ, bass, and percussion - all in this swirling mix that&#039;s created by Al Breadwinner - who&#039;s not only the producer and mixer, but adds in his own organ, drums, guitar, piano, melodica, and percussion!The group are joined by Vin Gordon - whose trombone is an excellent balance in the sound - and David Fullwood adds in some trumpet lines too, which furthers the jazz elements in the overall sound.\" \/>\n<meta property=\"og:url\" content=\"https:\/\/wpguerssen-test.odoo.rgbconsulting.com\/es\/producto\/tradition-disc-in-dub-meets-al-breadwinner\/\" \/>\n<meta property=\"og:site_name\" content=\"Guerssen records\" \/>\n<meta property=\"article:modified_time\" content=\"2024-02-22T12:51:53+00:00\" \/>\n<meta property=\"og:image\" content=\"https:\/\/wpguerssen-test.odoo.rgbconsulting.com\/wp-content\/uploads\/2023\/06\/44932.jpg\" \/>\n\t<meta property=\"og:image:width\" content=\"800\" \/>\n\t<meta property=\"og:image:height\" content=\"800\" \/>\n\t<meta property=\"og:image:type\" content=\"image\/jpeg\" \/>\n<meta name=\"twitter:card\" content=\"summary_large_image\" \/>\n<meta name=\"twitter:title\" content=\"BIRCHALL, Nat - Tradition Disc In Dub - Meets Al Breadwinner -  (LP) | Guerssen\" \/>\n<meta name=\"twitter:label1\" content=\"Tiempo de lectura\" \/>\n\t<meta name=\"twitter:data1\" content=\"1 minuto\" \/>\n<script type=\"application\/ld+json\" class=\"yoast-schema-graph\">{\"@context\":\"https:\/\/schema.org\",\"@graph\":[{\"@type\":\"WebPage\",\"@id\":\"https:\/\/wpguerssen-test.odoo.rgbconsulting.com\/es\/producto\/tradition-disc-in-dub-meets-al-breadwinner\/\",\"url\":\"https:\/\/wpguerssen-test.odoo.rgbconsulting.com\/es\/producto\/tradition-disc-in-dub-meets-al-breadwinner\/\",\"name\":\"BIRCHALL, Nat - Tradition Disc In Dub - Meets Al Breadwinner - (LP) | Guerssen\",\"isPartOf\":{\"@id\":\"https:\/\/wpguerssen-test.odoo.rgbconsulting.com\/es\/#website\"},\"primaryImageOfPage\":{\"@id\":\"https:\/\/wpguerssen-test.odoo.rgbconsulting.com\/es\/producto\/tradition-disc-in-dub-meets-al-breadwinner\/#primaryimage\"},\"image\":{\"@id\":\"https:\/\/wpguerssen-test.odoo.rgbconsulting.com\/es\/producto\/tradition-disc-in-dub-meets-al-breadwinner\/#primaryimage\"},\"thumbnailUrl\":\"https:\/\/wpguerssen-test.odoo.rgbconsulting.com\/wp-content\/uploads\/2023\/06\/44932.jpg\",\"datePublished\":\"2023-07-24T22:00:00+00:00\",\"dateModified\":\"2024-02-22T12:51:53+00:00\",\"description\":\"A fantastic album in the new dub tradition that UK saxophonist Nat Birchall has been exploring - recorded modes that are very different than his spiritual jazz albums, but equally cool overall!The vibe here is maybe like some lost date recorded at King Tubby's - but with more of a jazz element in the mix - as Birchall plays tenor and flute, plus piano, melodica, organ, bass, and percussion - all in this swirling mix that's created by Al Breadwinner - who's not only the producer and mixer, but adds in his own organ, drums, guitar, piano, melodica, and percussion!The group are joined by Vin Gordon - whose trombone is an excellent balance in the sound - and David Fullwood adds in some trumpet lines too, which furthers the jazz elements in the overall sound.\",\"breadcrumb\":{\"@id\":\"https:\/\/wpguerssen-test.odoo.rgbconsulting.com\/es\/producto\/tradition-disc-in-dub-meets-al-breadwinner\/#breadcrumb\"},\"inLanguage\":\"es\",\"potentialAction\":[{\"@type\":\"ReadAction\",\"target\":[\"https:\/\/wpguerssen-test.odoo.rgbconsulting.com\/es\/producto\/tradition-disc-in-dub-meets-al-breadwinner\/\"]}]},{\"@type\":\"ImageObject\",\"inLanguage\":\"es\",\"@id\":\"https:\/\/wpguerssen-test.odoo.rgbconsulting.com\/es\/producto\/tradition-disc-in-dub-meets-al-breadwinner\/#primaryimage\",\"url\":\"https:\/\/wpguerssen-test.odoo.rgbconsulting.com\/wp-content\/uploads\/2023\/06\/44932.jpg\",\"contentUrl\":\"https:\/\/wpguerssen-test.odoo.rgbconsulting.com\/wp-content\/uploads\/2023\/06\/44932.jpg\",\"width\":800,\"height\":800,\"caption\":\"Nat - Tradition Disc In Dub - Meets Al Breadwinner - TRADITION DISC (LP) | Guerssen\"},{\"@type\":\"BreadcrumbList\",\"@id\":\"https:\/\/wpguerssen-test.odoo.rgbconsulting.com\/es\/producto\/tradition-disc-in-dub-meets-al-breadwinner\/#breadcrumb\",\"itemListElement\":[{\"@type\":\"ListItem\",\"position\":1,\"name\":\"Inicio\",\"item\":\"https:\/\/wpguerssen-test.odoo.rgbconsulting.com\/es\/\"},{\"@type\":\"ListItem\",\"position\":2,\"name\":\"Shop\",\"item\":\"https:\/\/wpguerssen-test.odoo.rgbconsulting.com\/shop\/\"},{\"@type\":\"ListItem\",\"position\":3,\"name\":\"Tradition Disc In Dub &#8211; Meets Al Breadwinner\"}]},{\"@type\":\"WebSite\",\"@id\":\"https:\/\/wpguerssen-test.odoo.rgbconsulting.com\/es\/#website\",\"url\":\"https:\/\/wpguerssen-test.odoo.rgbconsulting.com\/es\/\",\"name\":\"Guerssen records\",\"description\":\"psychedelia - progressive - folk - garage \",\"publisher\":{\"@id\":\"https:\/\/wpguerssen-test.odoo.rgbconsulting.com\/es\/#organization\"},\"potentialAction\":[{\"@type\":\"SearchAction\",\"target\":{\"@type\":\"EntryPoint\",\"urlTemplate\":\"https:\/\/wpguerssen-test.odoo.rgbconsulting.com\/es\/?s={search_term_string}\"},\"query-input\":{\"@type\":\"PropertyValueSpecification\",\"valueRequired\":true,\"valueName\":\"search_term_string\"}}],\"inLanguage\":\"es\"},{\"@type\":\"Organization\",\"@id\":\"https:\/\/wpguerssen-test.odoo.rgbconsulting.com\/es\/#organization\",\"name\":\"Guerssen records\",\"url\":\"https:\/\/wpguerssen-test.odoo.rgbconsulting.com\/es\/\",\"logo\":{\"@type\":\"ImageObject\",\"inLanguage\":\"es\",\"@id\":\"https:\/\/wpguerssen-test.odoo.rgbconsulting.com\/es\/#\/schema\/logo\/image\/\",\"url\":\"https:\/\/wpguerssen-test.odoo.rgbconsulting.com\/wp-content\/uploads\/2022\/04\/Logo_Guerssen_trans_100.png\",\"contentUrl\":\"https:\/\/wpguerssen-test.odoo.rgbconsulting.com\/wp-content\/uploads\/2022\/04\/Logo_Guerssen_trans_100.png\",\"width\":122,\"height\":100,\"caption\":\"Guerssen records\"},\"image\":{\"@id\":\"https:\/\/wpguerssen-test.odoo.rgbconsulting.com\/es\/#\/schema\/logo\/image\/\"}}]}<\/script>\n<!-- \/ Yoast SEO plugin. -->","yoast_head_json":{"title":"BIRCHALL, Nat - Tradition Disc In Dub - Meets Al Breadwinner -  (LP) | Guerssen","description":"A fantastic album in the new dub tradition that UK saxophonist Nat Birchall has been exploring - recorded modes that are very different than his spiritual jazz albums, but equally cool overall!The vibe here is maybe like some lost date recorded at King Tubby's - but with more of a jazz element in the mix - as Birchall plays tenor and flute, plus piano, melodica, organ, bass, and percussion - all in this swirling mix that's created by Al Breadwinner - who's not only the producer and mixer, but adds in his own organ, drums, guitar, piano, melodica, and percussion!The group are joined by Vin Gordon - whose trombone is an excellent balance in the sound - and David Fullwood adds in some trumpet lines too, which furthers the jazz elements in the overall sound.","robots":{"index":"index","follow":"follow","max-snippet":"max-snippet:-1","max-image-preview":"max-image-preview:large","max-video-preview":"max-video-preview:-1"},"canonical":"https:\/\/wpguerssen-test.odoo.rgbconsulting.com\/es\/producto\/tradition-disc-in-dub-meets-al-breadwinner\/","og_locale":"es_ES","og_type":"article","og_title":"BIRCHALL, Nat - Tradition Disc In Dub - Meets Al Breadwinner -  (LP) | Guerssen","og_description":"A fantastic album in the new dub tradition that UK saxophonist Nat Birchall has been exploring - recorded modes that are very different than his spiritual jazz albums, but equally cool overall!The vibe here is maybe like some lost date recorded at King Tubby's - but with more of a jazz element in the mix - as Birchall plays tenor and flute, plus piano, melodica, organ, bass, and percussion - all in this swirling mix that's created by Al Breadwinner - who's not only the producer and mixer, but adds in his own organ, drums, guitar, piano, melodica, and percussion!The group are joined by Vin Gordon - whose trombone is an excellent balance in the sound - and David Fullwood adds in some trumpet lines too, which furthers the jazz elements in the overall sound.","og_url":"https:\/\/wpguerssen-test.odoo.rgbconsulting.com\/es\/producto\/tradition-disc-in-dub-meets-al-breadwinner\/","og_site_name":"Guerssen records","article_modified_time":"2024-02-22T12:51:53+00:00","og_image":[{"width":800,"height":800,"url":"https:\/\/wpguerssen-test.odoo.rgbconsulting.com\/wp-content\/uploads\/2023\/06\/44932.jpg","type":"image\/jpeg"}],"twitter_card":"summary_large_image","twitter_title":"BIRCHALL, Nat - Tradition Disc In Dub - Meets Al Breadwinner -  (LP) | Guerssen","twitter_misc":{"Tiempo de lectura":"1 minuto"},"schema":{"@context":"https:\/\/schema.org","@graph":[{"@type":"WebPage","@id":"https:\/\/wpguerssen-test.odoo.rgbconsulting.com\/es\/producto\/tradition-disc-in-dub-meets-al-breadwinner\/","url":"https:\/\/wpguerssen-test.odoo.rgbconsulting.com\/es\/producto\/tradition-disc-in-dub-meets-al-breadwinner\/","name":"BIRCHALL, Nat - Tradition Disc In Dub - Meets Al Breadwinner - (LP) | Guerssen","isPartOf":{"@id":"https:\/\/wpguerssen-test.odoo.rgbconsulting.com\/es\/#website"},"primaryImageOfPage":{"@id":"https:\/\/wpguerssen-test.odoo.rgbconsulting.com\/es\/producto\/tradition-disc-in-dub-meets-al-breadwinner\/#primaryimage"},"image":{"@id":"https:\/\/wpguerssen-test.odoo.rgbconsulting.com\/es\/producto\/tradition-disc-in-dub-meets-al-breadwinner\/#primaryimage"},"thumbnailUrl":"https:\/\/wpguerssen-test.odoo.rgbconsulting.com\/wp-content\/uploads\/2023\/06\/44932.jpg","datePublished":"2023-07-24T22:00:00+00:00","dateModified":"2024-02-22T12:51:53+00:00","description":"A fantastic album in the new dub tradition that UK saxophonist Nat Birchall has been exploring - recorded modes that are very different than his spiritual jazz albums, but equally cool overall!The vibe here is maybe like some lost date recorded at King Tubby's - but with more of a jazz element in the mix - as Birchall plays tenor and flute, plus piano, melodica, organ, bass, and percussion - all in this swirling mix that's created by Al Breadwinner - who's not only the producer and mixer, but adds in his own organ, drums, guitar, piano, melodica, and percussion!The group are joined by Vin Gordon - whose trombone is an excellent balance in the sound - and David Fullwood adds in some trumpet lines too, which furthers the jazz elements in the overall sound.","breadcrumb":{"@id":"https:\/\/wpguerssen-test.odoo.rgbconsulting.com\/es\/producto\/tradition-disc-in-dub-meets-al-breadwinner\/#breadcrumb"},"inLanguage":"es","potentialAction":[{"@type":"ReadAction","target":["https:\/\/wpguerssen-test.odoo.rgbconsulting.com\/es\/producto\/tradition-disc-in-dub-meets-al-breadwinner\/"]}]},{"@type":"ImageObject","inLanguage":"es","@id":"https:\/\/wpguerssen-test.odoo.rgbconsulting.com\/es\/producto\/tradition-disc-in-dub-meets-al-breadwinner\/#primaryimage","url":"https:\/\/wpguerssen-test.odoo.rgbconsulting.com\/wp-content\/uploads\/2023\/06\/44932.jpg","contentUrl":"https:\/\/wpguerssen-test.odoo.rgbconsulting.com\/wp-content\/uploads\/2023\/06\/44932.jpg","width":800,"height":800,"caption":"Nat - Tradition Disc In Dub - Meets Al Breadwinner - TRADITION DISC (LP) | Guerssen"},{"@type":"BreadcrumbList","@id":"https:\/\/wpguerssen-test.odoo.rgbconsulting.com\/es\/producto\/tradition-disc-in-dub-meets-al-breadwinner\/#breadcrumb","itemListElement":[{"@type":"ListItem","position":1,"name":"Inicio","item":"https:\/\/wpguerssen-test.odoo.rgbconsulting.com\/es\/"},{"@type":"ListItem","position":2,"name":"Shop","item":"https:\/\/wpguerssen-test.odoo.rgbconsulting.com\/shop\/"},{"@type":"ListItem","position":3,"name":"Tradition Disc In Dub &#8211; Meets Al Breadwinner"}]},{"@type":"WebSite","@id":"https:\/\/wpguerssen-test.odoo.rgbconsulting.com\/es\/#website","url":"https:\/\/wpguerssen-test.odoo.rgbconsulting.com\/es\/","name":"Guerssen records","description":"psychedelia - progressive - folk - garage ","publisher":{"@id":"https:\/\/wpguerssen-test.odoo.rgbconsulting.com\/es\/#organization"},"potentialAction":[{"@type":"SearchAction","target":{"@type":"EntryPoint","urlTemplate":"https:\/\/wpguerssen-test.odoo.rgbconsulting.com\/es\/?s={search_term_string}"},"query-input":{"@type":"PropertyValueSpecification","valueRequired":true,"valueName":"search_term_string"}}],"inLanguage":"es"},{"@type":"Organization","@id":"https:\/\/wpguerssen-test.odoo.rgbconsulting.com\/es\/#organization","name":"Guerssen records","url":"https:\/\/wpguerssen-test.odoo.rgbconsulting.com\/es\/","logo":{"@type":"ImageObject","inLanguage":"es","@id":"https:\/\/wpguerssen-test.odoo.rgbconsulting.com\/es\/#\/schema\/logo\/image\/","url":"https:\/\/wpguerssen-test.odoo.rgbconsulting.com\/wp-content\/uploads\/2022\/04\/Logo_Guerssen_trans_100.png","contentUrl":"https:\/\/wpguerssen-test.odoo.rgbconsulting.com\/wp-content\/uploads\/2022\/04\/Logo_Guerssen_trans_100.png","width":122,"height":100,"caption":"Guerssen records"},"image":{"@id":"https:\/\/wpguerssen-test.odoo.rgbconsulting.com\/es\/#\/schema\/logo\/image\/"}}]}},"_links":{"self":[{"href":"https:\/\/wpguerssen-test.odoo.rgbconsulting.com\/es\/wp-json\/wp\/v2\/product\/238197","targetHints":{"allow":["GET"]}}],"collection":[{"href":"https:\/\/wpguerssen-test.odoo.rgbconsulting.com\/es\/wp-json\/wp\/v2\/product"}],"about":[{"href":"https:\/\/wpguerssen-test.odoo.rgbconsulting.com\/es\/wp-json\/wp\/v2\/types\/product"}],"wp:featuredmedia":[{"embeddable":true,"href":"https:\/\/wpguerssen-test.odoo.rgbconsulting.com\/es\/wp-json\/wp\/v2\/media\/238187"}],"wp:attachment":[{"href":"https:\/\/wpguerssen-test.odoo.rgbconsulting.com\/es\/wp-json\/wp\/v2\/media?parent=238197"}],"wp:term":[{"taxonomy":"product_brand","embeddable":true,"href":"https:\/\/wpguerssen-test.odoo.rgbconsulting.com\/es\/wp-json\/wp\/v2\/product_brand?post=238197"},{"taxonomy":"product_cat","embeddable":true,"href":"https:\/\/wpguerssen-test.odoo.rgbconsulting.com\/es\/wp-json\/wp\/v2\/product_cat?post=238197"},{"taxonomy":"product_tag","embeddable":true,"href":"https:\/\/wpguerssen-test.odoo.rgbconsulting.com\/es\/wp-json\/wp\/v2\/product_tag?post=238197"}],"curies":[{"name":"wp","href":"https:\/\/api.w.org\/{rel}","templated":true}]}}