{"id":238410,"date":"2023-08-21T00:00:00","date_gmt":"2023-08-20T22:00:00","guid":{"rendered":"https:\/\/wpguerssen-test.odoo.rgbconsulting.com\/product\/risin\/"},"modified":"2024-02-22T13:52:28","modified_gmt":"2024-02-22T12:52:28","slug":"risin","status":"publish","type":"product","link":"https:\/\/wpguerssen-test.odoo.rgbconsulting.com\/es\/producto\/risin\/","title":{"rendered":"Risin&#8217;"},"content":{"rendered":"<p>\u00abSmoke\u00bb es un grupo vocal de soul de Kansas City, aunque la m\u00fasica soul no era tan popular en ese momento. La banda ten\u00eda a Larry Brown, que tambi\u00e9n es miembro de Harold Melvin &#038; the Blue Notes, y Melvin Manning, que es el hermano menor de Marva Whitney. Este \u00e1lbum se lanz\u00f3 originalmente en 1976 y P-VINE lanz\u00f3 este \u00e1lbum hace 24 a\u00f1os como LP y esa edici\u00f3n se ha vuelto cara recientemente. As\u00ed que decidimos presentarlo de nuevo para los amantes del soul de todo el mundo como un LP de edici\u00f3n limitada con banda OBI. La excelente balada lenta \u00abI&#8217;m So Lonely\u00bb demuestra que este LP no solo es raro, \u00a1sino que tambi\u00e9n tiene una calidad perfecta!<\/p>\n","protected":false},"excerpt":{"rendered":"<p>\u00abSmoke\u00bb es un grupo vocal de soul de Kansas City, aunque la m\u00fasica soul no era tan popular en ese momento. La banda ten\u00eda a Larry Brown, que tambi\u00e9n es miembro<a class=\"read\" href=\"https:\/\/wpguerssen-test.odoo.rgbconsulting.com\/es\/producto\/risin\/\"> (...)<\/a>","protected":false},"featured_media":238464,"template":"","meta":{"_acf_changed":false},"product_brand":[],"product_cat":[21649,23219],"product_tag":[],"class_list":{"0":"post-238410","1":"product","2":"type-product","3":"status-publish","4":"has-post-thumbnail","6":"product_cat-soul-rnb-es","7":"product_cat-funk-es","8":"pa_artist-smoke-soul","9":"pa_format-lp-es","10":"pa_gender-soul-rnb-funk","11":"pa_label-p-vine","12":"pa_location-north-america-es","13":"pa_other-filters-vinyl-only-es","15":"first","16":"instock","17":"taxable","18":"shipping-taxable","19":"purchasable","20":"product-type-simple"},"acf":[],"yoast_head":"<!-- This site is optimized with the Yoast SEO plugin v24.9 - https:\/\/yoast.com\/wordpress\/plugins\/seo\/ -->\n<title>SMOKE (Soul) - Risin&#039; -  (LP) | Guerssen<\/title>\n<meta name=\"description\" content=\"&quot;Smoke&quot; is a soul vocal group from Kansas City though soul music was not so popular at that time. The band had Larry Brown who is also a member ofAHarold Melvin &amp; the Blue Notes, and Melvin Manning who is the younger brother of Marva Whitney.This album was originally released 1976 and P-VINE released this album 24 years ago as LP and that edition has gotten expensive recently. So we decided to present it again for sweet soul lovers all over the world as a limited edition LP with OBI strip.The outstanding slow ballad &quot;I&#039;m So Lonely&quot; proves this LP is not only rare, but also has perfect quality!\" \/>\n<meta name=\"robots\" content=\"index, follow, max-snippet:-1, max-image-preview:large, max-video-preview:-1\" \/>\n<link rel=\"canonical\" href=\"https:\/\/wpguerssen-test.odoo.rgbconsulting.com\/es\/producto\/risin\/\" \/>\n<meta property=\"og:locale\" content=\"es_ES\" \/>\n<meta property=\"og:type\" content=\"article\" \/>\n<meta property=\"og:title\" content=\"SMOKE (Soul) - Risin&#039; -  (LP) | Guerssen\" \/>\n<meta property=\"og:description\" content=\"&quot;Smoke&quot; is a soul vocal group from Kansas City though soul music was not so popular at that time. The band had Larry Brown who is also a member ofAHarold Melvin &amp; the Blue Notes, and Melvin Manning who is the younger brother of Marva Whitney.This album was originally released 1976 and P-VINE released this album 24 years ago as LP and that edition has gotten expensive recently. So we decided to present it again for sweet soul lovers all over the world as a limited edition LP with OBI strip.The outstanding slow ballad &quot;I&#039;m So Lonely&quot; proves this LP is not only rare, but also has perfect quality!\" \/>\n<meta property=\"og:url\" content=\"https:\/\/wpguerssen-test.odoo.rgbconsulting.com\/es\/producto\/risin\/\" \/>\n<meta property=\"og:site_name\" content=\"Guerssen records\" \/>\n<meta property=\"article:modified_time\" content=\"2024-02-22T12:52:28+00:00\" \/>\n<meta property=\"og:image\" content=\"https:\/\/wpguerssen-test.odoo.rgbconsulting.com\/wp-content\/uploads\/2023\/07\/44942.jpg\" \/>\n\t<meta property=\"og:image:width\" content=\"2048\" \/>\n\t<meta property=\"og:image:height\" content=\"2048\" \/>\n\t<meta property=\"og:image:type\" content=\"image\/jpeg\" \/>\n<meta name=\"twitter:card\" content=\"summary_large_image\" \/>\n<meta name=\"twitter:title\" content=\"SMOKE (Soul) - Risin&#039; -  (LP) | Guerssen\" \/>\n<meta name=\"twitter:label1\" content=\"Tiempo de lectura\" \/>\n\t<meta name=\"twitter:data1\" content=\"1 minuto\" \/>\n<script type=\"application\/ld+json\" class=\"yoast-schema-graph\">{\"@context\":\"https:\/\/schema.org\",\"@graph\":[{\"@type\":\"WebPage\",\"@id\":\"https:\/\/wpguerssen-test.odoo.rgbconsulting.com\/es\/producto\/risin\/\",\"url\":\"https:\/\/wpguerssen-test.odoo.rgbconsulting.com\/es\/producto\/risin\/\",\"name\":\"SMOKE (Soul) - Risin' - (LP) | Guerssen\",\"isPartOf\":{\"@id\":\"https:\/\/wpguerssen-test.odoo.rgbconsulting.com\/es\/#website\"},\"primaryImageOfPage\":{\"@id\":\"https:\/\/wpguerssen-test.odoo.rgbconsulting.com\/es\/producto\/risin\/#primaryimage\"},\"image\":{\"@id\":\"https:\/\/wpguerssen-test.odoo.rgbconsulting.com\/es\/producto\/risin\/#primaryimage\"},\"thumbnailUrl\":\"https:\/\/wpguerssen-test.odoo.rgbconsulting.com\/wp-content\/uploads\/2023\/07\/44942.jpg\",\"datePublished\":\"2023-08-20T22:00:00+00:00\",\"dateModified\":\"2024-02-22T12:52:28+00:00\",\"description\":\"\\\"Smoke\\\" is a soul vocal group from Kansas City though soul music was not so popular at that time. The band had Larry Brown who is also a member ofAHarold Melvin & the Blue Notes, and Melvin Manning who is the younger brother of Marva Whitney.This album was originally released 1976 and P-VINE released this album 24 years ago as LP and that edition has gotten expensive recently. So we decided to present it again for sweet soul lovers all over the world as a limited edition LP with OBI strip.The outstanding slow ballad \\\"I'm So Lonely\\\" proves this LP is not only rare, but also has perfect quality!\",\"breadcrumb\":{\"@id\":\"https:\/\/wpguerssen-test.odoo.rgbconsulting.com\/es\/producto\/risin\/#breadcrumb\"},\"inLanguage\":\"es\",\"potentialAction\":[{\"@type\":\"ReadAction\",\"target\":[\"https:\/\/wpguerssen-test.odoo.rgbconsulting.com\/es\/producto\/risin\/\"]}]},{\"@type\":\"ImageObject\",\"inLanguage\":\"es\",\"@id\":\"https:\/\/wpguerssen-test.odoo.rgbconsulting.com\/es\/producto\/risin\/#primaryimage\",\"url\":\"https:\/\/wpguerssen-test.odoo.rgbconsulting.com\/wp-content\/uploads\/2023\/07\/44942.jpg\",\"contentUrl\":\"https:\/\/wpguerssen-test.odoo.rgbconsulting.com\/wp-content\/uploads\/2023\/07\/44942.jpg\",\"width\":2048,\"height\":2048},{\"@type\":\"BreadcrumbList\",\"@id\":\"https:\/\/wpguerssen-test.odoo.rgbconsulting.com\/es\/producto\/risin\/#breadcrumb\",\"itemListElement\":[{\"@type\":\"ListItem\",\"position\":1,\"name\":\"Inicio\",\"item\":\"https:\/\/wpguerssen-test.odoo.rgbconsulting.com\/es\/\"},{\"@type\":\"ListItem\",\"position\":2,\"name\":\"Shop\",\"item\":\"https:\/\/wpguerssen-test.odoo.rgbconsulting.com\/shop\/\"},{\"@type\":\"ListItem\",\"position\":3,\"name\":\"Risin&#8217;\"}]},{\"@type\":\"WebSite\",\"@id\":\"https:\/\/wpguerssen-test.odoo.rgbconsulting.com\/es\/#website\",\"url\":\"https:\/\/wpguerssen-test.odoo.rgbconsulting.com\/es\/\",\"name\":\"Guerssen records\",\"description\":\"psychedelia - progressive - folk - garage \",\"publisher\":{\"@id\":\"https:\/\/wpguerssen-test.odoo.rgbconsulting.com\/es\/#organization\"},\"potentialAction\":[{\"@type\":\"SearchAction\",\"target\":{\"@type\":\"EntryPoint\",\"urlTemplate\":\"https:\/\/wpguerssen-test.odoo.rgbconsulting.com\/es\/?s={search_term_string}\"},\"query-input\":{\"@type\":\"PropertyValueSpecification\",\"valueRequired\":true,\"valueName\":\"search_term_string\"}}],\"inLanguage\":\"es\"},{\"@type\":\"Organization\",\"@id\":\"https:\/\/wpguerssen-test.odoo.rgbconsulting.com\/es\/#organization\",\"name\":\"Guerssen records\",\"url\":\"https:\/\/wpguerssen-test.odoo.rgbconsulting.com\/es\/\",\"logo\":{\"@type\":\"ImageObject\",\"inLanguage\":\"es\",\"@id\":\"https:\/\/wpguerssen-test.odoo.rgbconsulting.com\/es\/#\/schema\/logo\/image\/\",\"url\":\"https:\/\/wpguerssen-test.odoo.rgbconsulting.com\/wp-content\/uploads\/2022\/04\/Logo_Guerssen_trans_100.png\",\"contentUrl\":\"https:\/\/wpguerssen-test.odoo.rgbconsulting.com\/wp-content\/uploads\/2022\/04\/Logo_Guerssen_trans_100.png\",\"width\":122,\"height\":100,\"caption\":\"Guerssen records\"},\"image\":{\"@id\":\"https:\/\/wpguerssen-test.odoo.rgbconsulting.com\/es\/#\/schema\/logo\/image\/\"}}]}<\/script>\n<!-- \/ Yoast SEO plugin. -->","yoast_head_json":{"title":"SMOKE (Soul) - Risin' -  (LP) | Guerssen","description":"\"Smoke\" is a soul vocal group from Kansas City though soul music was not so popular at that time. The band had Larry Brown who is also a member ofAHarold Melvin & the Blue Notes, and Melvin Manning who is the younger brother of Marva Whitney.This album was originally released 1976 and P-VINE released this album 24 years ago as LP and that edition has gotten expensive recently. So we decided to present it again for sweet soul lovers all over the world as a limited edition LP with OBI strip.The outstanding slow ballad \"I'm So Lonely\" proves this LP is not only rare, but also has perfect quality!","robots":{"index":"index","follow":"follow","max-snippet":"max-snippet:-1","max-image-preview":"max-image-preview:large","max-video-preview":"max-video-preview:-1"},"canonical":"https:\/\/wpguerssen-test.odoo.rgbconsulting.com\/es\/producto\/risin\/","og_locale":"es_ES","og_type":"article","og_title":"SMOKE (Soul) - Risin' -  (LP) | Guerssen","og_description":"\"Smoke\" is a soul vocal group from Kansas City though soul music was not so popular at that time. The band had Larry Brown who is also a member ofAHarold Melvin & the Blue Notes, and Melvin Manning who is the younger brother of Marva Whitney.This album was originally released 1976 and P-VINE released this album 24 years ago as LP and that edition has gotten expensive recently. So we decided to present it again for sweet soul lovers all over the world as a limited edition LP with OBI strip.The outstanding slow ballad \"I'm So Lonely\" proves this LP is not only rare, but also has perfect quality!","og_url":"https:\/\/wpguerssen-test.odoo.rgbconsulting.com\/es\/producto\/risin\/","og_site_name":"Guerssen records","article_modified_time":"2024-02-22T12:52:28+00:00","og_image":[{"width":2048,"height":2048,"url":"https:\/\/wpguerssen-test.odoo.rgbconsulting.com\/wp-content\/uploads\/2023\/07\/44942.jpg","type":"image\/jpeg"}],"twitter_card":"summary_large_image","twitter_title":"SMOKE (Soul) - Risin' -  (LP) | Guerssen","twitter_misc":{"Tiempo de lectura":"1 minuto"},"schema":{"@context":"https:\/\/schema.org","@graph":[{"@type":"WebPage","@id":"https:\/\/wpguerssen-test.odoo.rgbconsulting.com\/es\/producto\/risin\/","url":"https:\/\/wpguerssen-test.odoo.rgbconsulting.com\/es\/producto\/risin\/","name":"SMOKE (Soul) - Risin' - (LP) | Guerssen","isPartOf":{"@id":"https:\/\/wpguerssen-test.odoo.rgbconsulting.com\/es\/#website"},"primaryImageOfPage":{"@id":"https:\/\/wpguerssen-test.odoo.rgbconsulting.com\/es\/producto\/risin\/#primaryimage"},"image":{"@id":"https:\/\/wpguerssen-test.odoo.rgbconsulting.com\/es\/producto\/risin\/#primaryimage"},"thumbnailUrl":"https:\/\/wpguerssen-test.odoo.rgbconsulting.com\/wp-content\/uploads\/2023\/07\/44942.jpg","datePublished":"2023-08-20T22:00:00+00:00","dateModified":"2024-02-22T12:52:28+00:00","description":"\"Smoke\" is a soul vocal group from Kansas City though soul music was not so popular at that time. The band had Larry Brown who is also a member ofAHarold Melvin & the Blue Notes, and Melvin Manning who is the younger brother of Marva Whitney.This album was originally released 1976 and P-VINE released this album 24 years ago as LP and that edition has gotten expensive recently. So we decided to present it again for sweet soul lovers all over the world as a limited edition LP with OBI strip.The outstanding slow ballad \"I'm So Lonely\" proves this LP is not only rare, but also has perfect quality!","breadcrumb":{"@id":"https:\/\/wpguerssen-test.odoo.rgbconsulting.com\/es\/producto\/risin\/#breadcrumb"},"inLanguage":"es","potentialAction":[{"@type":"ReadAction","target":["https:\/\/wpguerssen-test.odoo.rgbconsulting.com\/es\/producto\/risin\/"]}]},{"@type":"ImageObject","inLanguage":"es","@id":"https:\/\/wpguerssen-test.odoo.rgbconsulting.com\/es\/producto\/risin\/#primaryimage","url":"https:\/\/wpguerssen-test.odoo.rgbconsulting.com\/wp-content\/uploads\/2023\/07\/44942.jpg","contentUrl":"https:\/\/wpguerssen-test.odoo.rgbconsulting.com\/wp-content\/uploads\/2023\/07\/44942.jpg","width":2048,"height":2048},{"@type":"BreadcrumbList","@id":"https:\/\/wpguerssen-test.odoo.rgbconsulting.com\/es\/producto\/risin\/#breadcrumb","itemListElement":[{"@type":"ListItem","position":1,"name":"Inicio","item":"https:\/\/wpguerssen-test.odoo.rgbconsulting.com\/es\/"},{"@type":"ListItem","position":2,"name":"Shop","item":"https:\/\/wpguerssen-test.odoo.rgbconsulting.com\/shop\/"},{"@type":"ListItem","position":3,"name":"Risin&#8217;"}]},{"@type":"WebSite","@id":"https:\/\/wpguerssen-test.odoo.rgbconsulting.com\/es\/#website","url":"https:\/\/wpguerssen-test.odoo.rgbconsulting.com\/es\/","name":"Guerssen records","description":"psychedelia - progressive - folk - garage ","publisher":{"@id":"https:\/\/wpguerssen-test.odoo.rgbconsulting.com\/es\/#organization"},"potentialAction":[{"@type":"SearchAction","target":{"@type":"EntryPoint","urlTemplate":"https:\/\/wpguerssen-test.odoo.rgbconsulting.com\/es\/?s={search_term_string}"},"query-input":{"@type":"PropertyValueSpecification","valueRequired":true,"valueName":"search_term_string"}}],"inLanguage":"es"},{"@type":"Organization","@id":"https:\/\/wpguerssen-test.odoo.rgbconsulting.com\/es\/#organization","name":"Guerssen records","url":"https:\/\/wpguerssen-test.odoo.rgbconsulting.com\/es\/","logo":{"@type":"ImageObject","inLanguage":"es","@id":"https:\/\/wpguerssen-test.odoo.rgbconsulting.com\/es\/#\/schema\/logo\/image\/","url":"https:\/\/wpguerssen-test.odoo.rgbconsulting.com\/wp-content\/uploads\/2022\/04\/Logo_Guerssen_trans_100.png","contentUrl":"https:\/\/wpguerssen-test.odoo.rgbconsulting.com\/wp-content\/uploads\/2022\/04\/Logo_Guerssen_trans_100.png","width":122,"height":100,"caption":"Guerssen records"},"image":{"@id":"https:\/\/wpguerssen-test.odoo.rgbconsulting.com\/es\/#\/schema\/logo\/image\/"}}]}},"_links":{"self":[{"href":"https:\/\/wpguerssen-test.odoo.rgbconsulting.com\/es\/wp-json\/wp\/v2\/product\/238410","targetHints":{"allow":["GET"]}}],"collection":[{"href":"https:\/\/wpguerssen-test.odoo.rgbconsulting.com\/es\/wp-json\/wp\/v2\/product"}],"about":[{"href":"https:\/\/wpguerssen-test.odoo.rgbconsulting.com\/es\/wp-json\/wp\/v2\/types\/product"}],"wp:featuredmedia":[{"embeddable":true,"href":"https:\/\/wpguerssen-test.odoo.rgbconsulting.com\/es\/wp-json\/wp\/v2\/media\/238464"}],"wp:attachment":[{"href":"https:\/\/wpguerssen-test.odoo.rgbconsulting.com\/es\/wp-json\/wp\/v2\/media?parent=238410"}],"wp:term":[{"taxonomy":"product_brand","embeddable":true,"href":"https:\/\/wpguerssen-test.odoo.rgbconsulting.com\/es\/wp-json\/wp\/v2\/product_brand?post=238410"},{"taxonomy":"product_cat","embeddable":true,"href":"https:\/\/wpguerssen-test.odoo.rgbconsulting.com\/es\/wp-json\/wp\/v2\/product_cat?post=238410"},{"taxonomy":"product_tag","embeddable":true,"href":"https:\/\/wpguerssen-test.odoo.rgbconsulting.com\/es\/wp-json\/wp\/v2\/product_tag?post=238410"}],"curies":[{"name":"wp","href":"https:\/\/api.w.org\/{rel}","templated":true}]}}