{"id":238477,"date":"2023-08-21T00:00:00","date_gmt":"2023-08-20T22:00:00","guid":{"rendered":"https:\/\/wpguerssen-test.odoo.rgbconsulting.com\/product\/freeway\/"},"modified":"2024-02-22T13:54:41","modified_gmt":"2024-02-22T12:54:41","slug":"freeway","status":"publish","type":"product","link":"https:\/\/wpguerssen-test.odoo.rgbconsulting.com\/es\/producto\/freeway\/","title":{"rendered":"Freeway"},"content":{"rendered":"<p>Aqu\u00ed est\u00e1 la pr\u00f3xima serie de reediciones de P-VINE presenta ULTIMATE TSG SURVEY siguiendo a Ricardo Marrero, The Topics y The Ultimates. \u00abFreeway\u00bb fue lanzado en 1976 como el \u00fanico trabajo del pianista y compositor Eric Dunbar que se bas\u00f3 en Nueva Orleans. Casi nadie ten\u00eda la edici\u00f3n original en vinilo lanzada por un legendario sello \u00abTSG Records\u00bb porque de este LP se hab\u00eda prensado solo unas pocas cantidades solo para ahorrar impuestos. Actualmente, este \u00e1lbum es bien conocido como uno de los t\u00edtulos m\u00e1s raros y valiosos entre los lanzamientos del sello. No solo su rareza, sino que la m\u00fasica en s\u00ed tambi\u00e9n es realmente todopoderosa, todas las pistas est\u00e1n llenas de ritmos intensos y h\u00e1biles secciones de metales que apoyan la base del sonido con fuerza. El n\u00famero de apertura \u00abFreeway\u00bb es uno de los aspectos m\u00e1s destacados de este largo juego. P-VINE se enorgullece de presentar esta tan esperada reedici\u00f3n con nueva remasterizaci\u00f3n digital y tira OBI japonesa.<\/p>\n","protected":false},"excerpt":{"rendered":"<p>Aqu\u00ed est\u00e1 la pr\u00f3xima serie de reediciones de P-VINE presenta ULTIMATE TSG SURVEY siguiendo a Ricardo Marrero, The Topics y The Ultimates. \u00abFreeway\u00bb fue lanzado<a class=\"read\" href=\"https:\/\/wpguerssen-test.odoo.rgbconsulting.com\/es\/producto\/freeway\/\"> (...)<\/a>","protected":false},"featured_media":238453,"template":"","meta":{"_acf_changed":false},"product_brand":[],"product_cat":[21649,23219],"product_tag":[],"class_list":{"0":"post-238477","1":"product","2":"type-product","3":"status-publish","4":"has-post-thumbnail","6":"product_cat-soul-rnb-es","7":"product_cat-funk-es","8":"pa_artist-dunbar-eric","9":"pa_format-lp-es","10":"pa_gender-soul-rnb-funk","11":"pa_label-p-vine","12":"pa_location-north-america-es","13":"pa_other-filters-vinyl-only-es","15":"first","16":"instock","17":"taxable","18":"shipping-taxable","19":"purchasable","20":"product-type-simple"},"acf":[],"yoast_head":"<!-- This site is optimized with the Yoast SEO plugin v24.9 - https:\/\/yoast.com\/wordpress\/plugins\/seo\/ -->\n<title>DUNBAR, Eric - Freeway -  (LP) | Guerssen<\/title>\n<meta name=\"description\" content=\"Here is the upcoming P-VINE presents ULTIMATE TSG SURVEY reissue series following Ricardo Marrero, The Topics and The Ultimates.&quot;Freeway&quot; was released in 1976 as the only work from pianist and composer Eric Dunbar who was based on New Orleans. Almost nobody had the original edition vinyl released by a legendary tax scam label &quot;TSG Records&quot; because this LP had pressed only a few quantities just for tax saving. Currently, this album is well known as one of the most rare and valuable titles among releases of the label. Not only its rarelity but the music itself is also truly almighty, all tracks are full of intense low-mid grooves and skillful brass sections support the base of sound strongly. The opening number &quot;Freeway (M1)&quot; is one of the highlights of this long play. P-VINE is proud to present this long awaited reissue with newly digital remastering and Japanese OBI-strip.\" \/>\n<meta name=\"robots\" content=\"index, follow, max-snippet:-1, max-image-preview:large, max-video-preview:-1\" \/>\n<link rel=\"canonical\" href=\"https:\/\/wpguerssen-test.odoo.rgbconsulting.com\/es\/producto\/freeway\/\" \/>\n<meta property=\"og:locale\" content=\"es_ES\" \/>\n<meta property=\"og:type\" content=\"article\" \/>\n<meta property=\"og:title\" content=\"DUNBAR, Eric - Freeway -  (LP) | Guerssen\" \/>\n<meta property=\"og:description\" content=\"Here is the upcoming P-VINE presents ULTIMATE TSG SURVEY reissue series following Ricardo Marrero, The Topics and The Ultimates.&quot;Freeway&quot; was released in 1976 as the only work from pianist and composer Eric Dunbar who was based on New Orleans. Almost nobody had the original edition vinyl released by a legendary tax scam label &quot;TSG Records&quot; because this LP had pressed only a few quantities just for tax saving. Currently, this album is well known as one of the most rare and valuable titles among releases of the label. Not only its rarelity but the music itself is also truly almighty, all tracks are full of intense low-mid grooves and skillful brass sections support the base of sound strongly. The opening number &quot;Freeway (M1)&quot; is one of the highlights of this long play. P-VINE is proud to present this long awaited reissue with newly digital remastering and Japanese OBI-strip.\" \/>\n<meta property=\"og:url\" content=\"https:\/\/wpguerssen-test.odoo.rgbconsulting.com\/es\/producto\/freeway\/\" \/>\n<meta property=\"og:site_name\" content=\"Guerssen records\" \/>\n<meta property=\"article:modified_time\" content=\"2024-02-22T12:54:41+00:00\" \/>\n<meta property=\"og:image\" content=\"https:\/\/wpguerssen-test.odoo.rgbconsulting.com\/wp-content\/uploads\/2023\/07\/44958-scaled.jpg\" \/>\n\t<meta property=\"og:image:width\" content=\"2560\" \/>\n\t<meta property=\"og:image:height\" content=\"2560\" \/>\n\t<meta property=\"og:image:type\" content=\"image\/jpeg\" \/>\n<meta name=\"twitter:card\" content=\"summary_large_image\" \/>\n<meta name=\"twitter:title\" content=\"DUNBAR, Eric - Freeway -  (LP) | Guerssen\" \/>\n<meta name=\"twitter:label1\" content=\"Tiempo de lectura\" \/>\n\t<meta name=\"twitter:data1\" content=\"1 minuto\" \/>\n<script type=\"application\/ld+json\" class=\"yoast-schema-graph\">{\"@context\":\"https:\/\/schema.org\",\"@graph\":[{\"@type\":\"WebPage\",\"@id\":\"https:\/\/wpguerssen-test.odoo.rgbconsulting.com\/es\/producto\/freeway\/\",\"url\":\"https:\/\/wpguerssen-test.odoo.rgbconsulting.com\/es\/producto\/freeway\/\",\"name\":\"DUNBAR, Eric - Freeway - (LP) | Guerssen\",\"isPartOf\":{\"@id\":\"https:\/\/wpguerssen-test.odoo.rgbconsulting.com\/es\/#website\"},\"primaryImageOfPage\":{\"@id\":\"https:\/\/wpguerssen-test.odoo.rgbconsulting.com\/es\/producto\/freeway\/#primaryimage\"},\"image\":{\"@id\":\"https:\/\/wpguerssen-test.odoo.rgbconsulting.com\/es\/producto\/freeway\/#primaryimage\"},\"thumbnailUrl\":\"https:\/\/wpguerssen-test.odoo.rgbconsulting.com\/wp-content\/uploads\/2023\/07\/44958-scaled.jpg\",\"datePublished\":\"2023-08-20T22:00:00+00:00\",\"dateModified\":\"2024-02-22T12:54:41+00:00\",\"description\":\"Here is the upcoming P-VINE presents ULTIMATE TSG SURVEY reissue series following Ricardo Marrero, The Topics and The Ultimates.\\\"Freeway\\\" was released in 1976 as the only work from pianist and composer Eric Dunbar who was based on New Orleans. Almost nobody had the original edition vinyl released by a legendary tax scam label \\\"TSG Records\\\" because this LP had pressed only a few quantities just for tax saving. Currently, this album is well known as one of the most rare and valuable titles among releases of the label. Not only its rarelity but the music itself is also truly almighty, all tracks are full of intense low-mid grooves and skillful brass sections support the base of sound strongly. The opening number \\\"Freeway (M1)\\\" is one of the highlights of this long play. P-VINE is proud to present this long awaited reissue with newly digital remastering and Japanese OBI-strip.\",\"breadcrumb\":{\"@id\":\"https:\/\/wpguerssen-test.odoo.rgbconsulting.com\/es\/producto\/freeway\/#breadcrumb\"},\"inLanguage\":\"es\",\"potentialAction\":[{\"@type\":\"ReadAction\",\"target\":[\"https:\/\/wpguerssen-test.odoo.rgbconsulting.com\/es\/producto\/freeway\/\"]}]},{\"@type\":\"ImageObject\",\"inLanguage\":\"es\",\"@id\":\"https:\/\/wpguerssen-test.odoo.rgbconsulting.com\/es\/producto\/freeway\/#primaryimage\",\"url\":\"https:\/\/wpguerssen-test.odoo.rgbconsulting.com\/wp-content\/uploads\/2023\/07\/44958-scaled.jpg\",\"contentUrl\":\"https:\/\/wpguerssen-test.odoo.rgbconsulting.com\/wp-content\/uploads\/2023\/07\/44958-scaled.jpg\",\"width\":2560,\"height\":2560,\"caption\":\"Eric - Freeway - P-VINE (LP) | Guerssen\"},{\"@type\":\"BreadcrumbList\",\"@id\":\"https:\/\/wpguerssen-test.odoo.rgbconsulting.com\/es\/producto\/freeway\/#breadcrumb\",\"itemListElement\":[{\"@type\":\"ListItem\",\"position\":1,\"name\":\"Inicio\",\"item\":\"https:\/\/wpguerssen-test.odoo.rgbconsulting.com\/es\/\"},{\"@type\":\"ListItem\",\"position\":2,\"name\":\"Shop\",\"item\":\"https:\/\/wpguerssen-test.odoo.rgbconsulting.com\/shop\/\"},{\"@type\":\"ListItem\",\"position\":3,\"name\":\"Freeway\"}]},{\"@type\":\"WebSite\",\"@id\":\"https:\/\/wpguerssen-test.odoo.rgbconsulting.com\/es\/#website\",\"url\":\"https:\/\/wpguerssen-test.odoo.rgbconsulting.com\/es\/\",\"name\":\"Guerssen records\",\"description\":\"psychedelia - progressive - folk - garage \",\"publisher\":{\"@id\":\"https:\/\/wpguerssen-test.odoo.rgbconsulting.com\/es\/#organization\"},\"potentialAction\":[{\"@type\":\"SearchAction\",\"target\":{\"@type\":\"EntryPoint\",\"urlTemplate\":\"https:\/\/wpguerssen-test.odoo.rgbconsulting.com\/es\/?s={search_term_string}\"},\"query-input\":{\"@type\":\"PropertyValueSpecification\",\"valueRequired\":true,\"valueName\":\"search_term_string\"}}],\"inLanguage\":\"es\"},{\"@type\":\"Organization\",\"@id\":\"https:\/\/wpguerssen-test.odoo.rgbconsulting.com\/es\/#organization\",\"name\":\"Guerssen records\",\"url\":\"https:\/\/wpguerssen-test.odoo.rgbconsulting.com\/es\/\",\"logo\":{\"@type\":\"ImageObject\",\"inLanguage\":\"es\",\"@id\":\"https:\/\/wpguerssen-test.odoo.rgbconsulting.com\/es\/#\/schema\/logo\/image\/\",\"url\":\"https:\/\/wpguerssen-test.odoo.rgbconsulting.com\/wp-content\/uploads\/2022\/04\/Logo_Guerssen_trans_100.png\",\"contentUrl\":\"https:\/\/wpguerssen-test.odoo.rgbconsulting.com\/wp-content\/uploads\/2022\/04\/Logo_Guerssen_trans_100.png\",\"width\":122,\"height\":100,\"caption\":\"Guerssen records\"},\"image\":{\"@id\":\"https:\/\/wpguerssen-test.odoo.rgbconsulting.com\/es\/#\/schema\/logo\/image\/\"}}]}<\/script>\n<!-- \/ Yoast SEO plugin. -->","yoast_head_json":{"title":"DUNBAR, Eric - Freeway -  (LP) | Guerssen","description":"Here is the upcoming P-VINE presents ULTIMATE TSG SURVEY reissue series following Ricardo Marrero, The Topics and The Ultimates.\"Freeway\" was released in 1976 as the only work from pianist and composer Eric Dunbar who was based on New Orleans. Almost nobody had the original edition vinyl released by a legendary tax scam label \"TSG Records\" because this LP had pressed only a few quantities just for tax saving. Currently, this album is well known as one of the most rare and valuable titles among releases of the label. Not only its rarelity but the music itself is also truly almighty, all tracks are full of intense low-mid grooves and skillful brass sections support the base of sound strongly. The opening number \"Freeway (M1)\" is one of the highlights of this long play. P-VINE is proud to present this long awaited reissue with newly digital remastering and Japanese OBI-strip.","robots":{"index":"index","follow":"follow","max-snippet":"max-snippet:-1","max-image-preview":"max-image-preview:large","max-video-preview":"max-video-preview:-1"},"canonical":"https:\/\/wpguerssen-test.odoo.rgbconsulting.com\/es\/producto\/freeway\/","og_locale":"es_ES","og_type":"article","og_title":"DUNBAR, Eric - Freeway -  (LP) | Guerssen","og_description":"Here is the upcoming P-VINE presents ULTIMATE TSG SURVEY reissue series following Ricardo Marrero, The Topics and The Ultimates.\"Freeway\" was released in 1976 as the only work from pianist and composer Eric Dunbar who was based on New Orleans. Almost nobody had the original edition vinyl released by a legendary tax scam label \"TSG Records\" because this LP had pressed only a few quantities just for tax saving. Currently, this album is well known as one of the most rare and valuable titles among releases of the label. Not only its rarelity but the music itself is also truly almighty, all tracks are full of intense low-mid grooves and skillful brass sections support the base of sound strongly. The opening number \"Freeway (M1)\" is one of the highlights of this long play. P-VINE is proud to present this long awaited reissue with newly digital remastering and Japanese OBI-strip.","og_url":"https:\/\/wpguerssen-test.odoo.rgbconsulting.com\/es\/producto\/freeway\/","og_site_name":"Guerssen records","article_modified_time":"2024-02-22T12:54:41+00:00","og_image":[{"width":2560,"height":2560,"url":"https:\/\/wpguerssen-test.odoo.rgbconsulting.com\/wp-content\/uploads\/2023\/07\/44958-scaled.jpg","type":"image\/jpeg"}],"twitter_card":"summary_large_image","twitter_title":"DUNBAR, Eric - Freeway -  (LP) | Guerssen","twitter_misc":{"Tiempo de lectura":"1 minuto"},"schema":{"@context":"https:\/\/schema.org","@graph":[{"@type":"WebPage","@id":"https:\/\/wpguerssen-test.odoo.rgbconsulting.com\/es\/producto\/freeway\/","url":"https:\/\/wpguerssen-test.odoo.rgbconsulting.com\/es\/producto\/freeway\/","name":"DUNBAR, Eric - Freeway - (LP) | Guerssen","isPartOf":{"@id":"https:\/\/wpguerssen-test.odoo.rgbconsulting.com\/es\/#website"},"primaryImageOfPage":{"@id":"https:\/\/wpguerssen-test.odoo.rgbconsulting.com\/es\/producto\/freeway\/#primaryimage"},"image":{"@id":"https:\/\/wpguerssen-test.odoo.rgbconsulting.com\/es\/producto\/freeway\/#primaryimage"},"thumbnailUrl":"https:\/\/wpguerssen-test.odoo.rgbconsulting.com\/wp-content\/uploads\/2023\/07\/44958-scaled.jpg","datePublished":"2023-08-20T22:00:00+00:00","dateModified":"2024-02-22T12:54:41+00:00","description":"Here is the upcoming P-VINE presents ULTIMATE TSG SURVEY reissue series following Ricardo Marrero, The Topics and The Ultimates.\"Freeway\" was released in 1976 as the only work from pianist and composer Eric Dunbar who was based on New Orleans. Almost nobody had the original edition vinyl released by a legendary tax scam label \"TSG Records\" because this LP had pressed only a few quantities just for tax saving. Currently, this album is well known as one of the most rare and valuable titles among releases of the label. Not only its rarelity but the music itself is also truly almighty, all tracks are full of intense low-mid grooves and skillful brass sections support the base of sound strongly. The opening number \"Freeway (M1)\" is one of the highlights of this long play. P-VINE is proud to present this long awaited reissue with newly digital remastering and Japanese OBI-strip.","breadcrumb":{"@id":"https:\/\/wpguerssen-test.odoo.rgbconsulting.com\/es\/producto\/freeway\/#breadcrumb"},"inLanguage":"es","potentialAction":[{"@type":"ReadAction","target":["https:\/\/wpguerssen-test.odoo.rgbconsulting.com\/es\/producto\/freeway\/"]}]},{"@type":"ImageObject","inLanguage":"es","@id":"https:\/\/wpguerssen-test.odoo.rgbconsulting.com\/es\/producto\/freeway\/#primaryimage","url":"https:\/\/wpguerssen-test.odoo.rgbconsulting.com\/wp-content\/uploads\/2023\/07\/44958-scaled.jpg","contentUrl":"https:\/\/wpguerssen-test.odoo.rgbconsulting.com\/wp-content\/uploads\/2023\/07\/44958-scaled.jpg","width":2560,"height":2560,"caption":"Eric - Freeway - P-VINE (LP) | Guerssen"},{"@type":"BreadcrumbList","@id":"https:\/\/wpguerssen-test.odoo.rgbconsulting.com\/es\/producto\/freeway\/#breadcrumb","itemListElement":[{"@type":"ListItem","position":1,"name":"Inicio","item":"https:\/\/wpguerssen-test.odoo.rgbconsulting.com\/es\/"},{"@type":"ListItem","position":2,"name":"Shop","item":"https:\/\/wpguerssen-test.odoo.rgbconsulting.com\/shop\/"},{"@type":"ListItem","position":3,"name":"Freeway"}]},{"@type":"WebSite","@id":"https:\/\/wpguerssen-test.odoo.rgbconsulting.com\/es\/#website","url":"https:\/\/wpguerssen-test.odoo.rgbconsulting.com\/es\/","name":"Guerssen records","description":"psychedelia - progressive - folk - garage ","publisher":{"@id":"https:\/\/wpguerssen-test.odoo.rgbconsulting.com\/es\/#organization"},"potentialAction":[{"@type":"SearchAction","target":{"@type":"EntryPoint","urlTemplate":"https:\/\/wpguerssen-test.odoo.rgbconsulting.com\/es\/?s={search_term_string}"},"query-input":{"@type":"PropertyValueSpecification","valueRequired":true,"valueName":"search_term_string"}}],"inLanguage":"es"},{"@type":"Organization","@id":"https:\/\/wpguerssen-test.odoo.rgbconsulting.com\/es\/#organization","name":"Guerssen records","url":"https:\/\/wpguerssen-test.odoo.rgbconsulting.com\/es\/","logo":{"@type":"ImageObject","inLanguage":"es","@id":"https:\/\/wpguerssen-test.odoo.rgbconsulting.com\/es\/#\/schema\/logo\/image\/","url":"https:\/\/wpguerssen-test.odoo.rgbconsulting.com\/wp-content\/uploads\/2022\/04\/Logo_Guerssen_trans_100.png","contentUrl":"https:\/\/wpguerssen-test.odoo.rgbconsulting.com\/wp-content\/uploads\/2022\/04\/Logo_Guerssen_trans_100.png","width":122,"height":100,"caption":"Guerssen records"},"image":{"@id":"https:\/\/wpguerssen-test.odoo.rgbconsulting.com\/es\/#\/schema\/logo\/image\/"}}]}},"_links":{"self":[{"href":"https:\/\/wpguerssen-test.odoo.rgbconsulting.com\/es\/wp-json\/wp\/v2\/product\/238477","targetHints":{"allow":["GET"]}}],"collection":[{"href":"https:\/\/wpguerssen-test.odoo.rgbconsulting.com\/es\/wp-json\/wp\/v2\/product"}],"about":[{"href":"https:\/\/wpguerssen-test.odoo.rgbconsulting.com\/es\/wp-json\/wp\/v2\/types\/product"}],"wp:featuredmedia":[{"embeddable":true,"href":"https:\/\/wpguerssen-test.odoo.rgbconsulting.com\/es\/wp-json\/wp\/v2\/media\/238453"}],"wp:attachment":[{"href":"https:\/\/wpguerssen-test.odoo.rgbconsulting.com\/es\/wp-json\/wp\/v2\/media?parent=238477"}],"wp:term":[{"taxonomy":"product_brand","embeddable":true,"href":"https:\/\/wpguerssen-test.odoo.rgbconsulting.com\/es\/wp-json\/wp\/v2\/product_brand?post=238477"},{"taxonomy":"product_cat","embeddable":true,"href":"https:\/\/wpguerssen-test.odoo.rgbconsulting.com\/es\/wp-json\/wp\/v2\/product_cat?post=238477"},{"taxonomy":"product_tag","embeddable":true,"href":"https:\/\/wpguerssen-test.odoo.rgbconsulting.com\/es\/wp-json\/wp\/v2\/product_tag?post=238477"}],"curies":[{"name":"wp","href":"https:\/\/api.w.org\/{rel}","templated":true}]}}