{"id":238478,"date":"2023-08-21T00:00:00","date_gmt":"2023-08-20T22:00:00","guid":{"rendered":"https:\/\/wpguerssen-test.odoo.rgbconsulting.com\/product\/disco-party\/"},"modified":"2024-02-22T13:54:46","modified_gmt":"2024-02-22T12:54:46","slug":"disco-party","status":"publish","type":"product","link":"https:\/\/wpguerssen-test.odoo.rgbconsulting.com\/es\/producto\/disco-party\/","title":{"rendered":"Disco Party"},"content":{"rendered":"<p>En otra reedici\u00f3n muy esperada de las b\u00f3vedas del legendario sello TSG de los a\u00f1os 70, P-VINE reeditar\u00e1 el raro cl\u00e1sico Disco Party de Reality. Casi nada se sabe de la banda aparte de su asociaci\u00f3n con TSG y el toque divino del sello que eligi\u00f3 a los mejores m\u00fasicos desconocidos de la bulliciosa escena funk y soul de Nueva York. Esta reedici\u00f3n no es una excepci\u00f3n y est\u00e1 repleta de jams funk y disco que seguramente emocionar\u00e1n a los fan\u00e1ticos de RARE GROOVE y deleitar\u00e1n a aquellos que disfrutaron recientemente de las reediciones de Tomorrow&#8217;s People.<\/p>\n","protected":false},"excerpt":{"rendered":"<p>En otra reedici\u00f3n muy esperada de las b\u00f3vedas del legendario sello TSG de los a\u00f1os 70, P-VINE reeditar\u00e1 el raro cl\u00e1sico Disco Party de Reality. Casi nada se sabe<a class=\"read\" href=\"https:\/\/wpguerssen-test.odoo.rgbconsulting.com\/es\/producto\/disco-party\/\"> (...)<\/a>","protected":false},"featured_media":238456,"template":"","meta":{"_acf_changed":false},"product_brand":[],"product_cat":[21649,23219],"product_tag":[],"class_list":{"0":"post-238478","1":"product","2":"type-product","3":"status-publish","4":"has-post-thumbnail","6":"product_cat-soul-rnb-es","7":"product_cat-funk-es","8":"pa_artist-reality-us","9":"pa_format-lp-es","10":"pa_gender-soul-rnb-funk","11":"pa_label-p-vine","12":"pa_location-north-america-es","13":"pa_other-filters-vinyl-only-es","15":"first","16":"instock","17":"taxable","18":"shipping-taxable","19":"purchasable","20":"product-type-simple"},"acf":[],"yoast_head":"<!-- This site is optimized with the Yoast SEO plugin v24.9 - https:\/\/yoast.com\/wordpress\/plugins\/seo\/ -->\n<title>REALITY (US) - Disco Party -  (LP) | Guerssen<\/title>\n<meta name=\"description\" content=\"In another highly anticipated reissue from the vaults of the legendary 70s label TSG, P-VINE will be reissuing Reality&#039;s rare classic Disco Party on its RARE GROOVE imprint. Almost nothing is known about the band apart from their association with TSG, and the label&#039;s divine touch that picked out the best unknown musicians from New York&#039;s bustling funk and soul scene. This reissue is no exception and is packed with funk and disco jams that surely excite RARE GROOVE fans and delight those recently enjoying the reissues of Tomorrow&#039;s People.The rapturous opener &quot;Reality&quot; gets the party underway with an extended groove-ridden jam, rich with domineering organs and slick funk guitars. The high-pace energy of the track bursts through and rushes the next. On tracks like &quot;Movin &amp; Groovin&quot; where they calm the dynamics, they do so at no cost to the onwards movement and progression, a trait the album shares with the motorik drum-beat of krautrock records. From start to finish this is one album that doesn&#039;t let up its commitment to party spirit.\" \/>\n<meta name=\"robots\" content=\"index, follow, max-snippet:-1, max-image-preview:large, max-video-preview:-1\" \/>\n<link rel=\"canonical\" href=\"https:\/\/wpguerssen-test.odoo.rgbconsulting.com\/es\/producto\/disco-party\/\" \/>\n<meta property=\"og:locale\" content=\"es_ES\" \/>\n<meta property=\"og:type\" content=\"article\" \/>\n<meta property=\"og:title\" content=\"REALITY (US) - Disco Party -  (LP) | Guerssen\" \/>\n<meta property=\"og:description\" content=\"In another highly anticipated reissue from the vaults of the legendary 70s label TSG, P-VINE will be reissuing Reality&#039;s rare classic Disco Party on its RARE GROOVE imprint. Almost nothing is known about the band apart from their association with TSG, and the label&#039;s divine touch that picked out the best unknown musicians from New York&#039;s bustling funk and soul scene. This reissue is no exception and is packed with funk and disco jams that surely excite RARE GROOVE fans and delight those recently enjoying the reissues of Tomorrow&#039;s People.The rapturous opener &quot;Reality&quot; gets the party underway with an extended groove-ridden jam, rich with domineering organs and slick funk guitars. The high-pace energy of the track bursts through and rushes the next. On tracks like &quot;Movin &amp; Groovin&quot; where they calm the dynamics, they do so at no cost to the onwards movement and progression, a trait the album shares with the motorik drum-beat of krautrock records. From start to finish this is one album that doesn&#039;t let up its commitment to party spirit.\" \/>\n<meta property=\"og:url\" content=\"https:\/\/wpguerssen-test.odoo.rgbconsulting.com\/es\/producto\/disco-party\/\" \/>\n<meta property=\"og:site_name\" content=\"Guerssen records\" \/>\n<meta property=\"article:modified_time\" content=\"2024-02-22T12:54:46+00:00\" \/>\n<meta property=\"og:image\" content=\"https:\/\/wpguerssen-test.odoo.rgbconsulting.com\/wp-content\/uploads\/2023\/07\/44959-scaled.jpg\" \/>\n\t<meta property=\"og:image:width\" content=\"2560\" \/>\n\t<meta property=\"og:image:height\" content=\"2560\" \/>\n\t<meta property=\"og:image:type\" content=\"image\/jpeg\" \/>\n<meta name=\"twitter:card\" content=\"summary_large_image\" \/>\n<meta name=\"twitter:title\" content=\"REALITY (US) - Disco Party -  (LP) | Guerssen\" \/>\n<meta name=\"twitter:label1\" content=\"Tiempo de lectura\" \/>\n\t<meta name=\"twitter:data1\" content=\"1 minuto\" \/>\n<script type=\"application\/ld+json\" class=\"yoast-schema-graph\">{\"@context\":\"https:\/\/schema.org\",\"@graph\":[{\"@type\":\"WebPage\",\"@id\":\"https:\/\/wpguerssen-test.odoo.rgbconsulting.com\/es\/producto\/disco-party\/\",\"url\":\"https:\/\/wpguerssen-test.odoo.rgbconsulting.com\/es\/producto\/disco-party\/\",\"name\":\"REALITY (US) - Disco Party - (LP) | Guerssen\",\"isPartOf\":{\"@id\":\"https:\/\/wpguerssen-test.odoo.rgbconsulting.com\/es\/#website\"},\"primaryImageOfPage\":{\"@id\":\"https:\/\/wpguerssen-test.odoo.rgbconsulting.com\/es\/producto\/disco-party\/#primaryimage\"},\"image\":{\"@id\":\"https:\/\/wpguerssen-test.odoo.rgbconsulting.com\/es\/producto\/disco-party\/#primaryimage\"},\"thumbnailUrl\":\"https:\/\/wpguerssen-test.odoo.rgbconsulting.com\/wp-content\/uploads\/2023\/07\/44959-scaled.jpg\",\"datePublished\":\"2023-08-20T22:00:00+00:00\",\"dateModified\":\"2024-02-22T12:54:46+00:00\",\"description\":\"In another highly anticipated reissue from the vaults of the legendary 70s label TSG, P-VINE will be reissuing Reality's rare classic Disco Party on its RARE GROOVE imprint. Almost nothing is known about the band apart from their association with TSG, and the label's divine touch that picked out the best unknown musicians from New York's bustling funk and soul scene. This reissue is no exception and is packed with funk and disco jams that surely excite RARE GROOVE fans and delight those recently enjoying the reissues of Tomorrow's People.The rapturous opener \\\"Reality\\\" gets the party underway with an extended groove-ridden jam, rich with domineering organs and slick funk guitars. The high-pace energy of the track bursts through and rushes the next. On tracks like \\\"Movin & Groovin\\\" where they calm the dynamics, they do so at no cost to the onwards movement and progression, a trait the album shares with the motorik drum-beat of krautrock records. From start to finish this is one album that doesn't let up its commitment to party spirit.\",\"breadcrumb\":{\"@id\":\"https:\/\/wpguerssen-test.odoo.rgbconsulting.com\/es\/producto\/disco-party\/#breadcrumb\"},\"inLanguage\":\"es\",\"potentialAction\":[{\"@type\":\"ReadAction\",\"target\":[\"https:\/\/wpguerssen-test.odoo.rgbconsulting.com\/es\/producto\/disco-party\/\"]}]},{\"@type\":\"ImageObject\",\"inLanguage\":\"es\",\"@id\":\"https:\/\/wpguerssen-test.odoo.rgbconsulting.com\/es\/producto\/disco-party\/#primaryimage\",\"url\":\"https:\/\/wpguerssen-test.odoo.rgbconsulting.com\/wp-content\/uploads\/2023\/07\/44959-scaled.jpg\",\"contentUrl\":\"https:\/\/wpguerssen-test.odoo.rgbconsulting.com\/wp-content\/uploads\/2023\/07\/44959-scaled.jpg\",\"width\":2560,\"height\":2560},{\"@type\":\"BreadcrumbList\",\"@id\":\"https:\/\/wpguerssen-test.odoo.rgbconsulting.com\/es\/producto\/disco-party\/#breadcrumb\",\"itemListElement\":[{\"@type\":\"ListItem\",\"position\":1,\"name\":\"Inicio\",\"item\":\"https:\/\/wpguerssen-test.odoo.rgbconsulting.com\/es\/\"},{\"@type\":\"ListItem\",\"position\":2,\"name\":\"Shop\",\"item\":\"https:\/\/wpguerssen-test.odoo.rgbconsulting.com\/shop\/\"},{\"@type\":\"ListItem\",\"position\":3,\"name\":\"Disco Party\"}]},{\"@type\":\"WebSite\",\"@id\":\"https:\/\/wpguerssen-test.odoo.rgbconsulting.com\/es\/#website\",\"url\":\"https:\/\/wpguerssen-test.odoo.rgbconsulting.com\/es\/\",\"name\":\"Guerssen records\",\"description\":\"psychedelia - progressive - folk - garage \",\"publisher\":{\"@id\":\"https:\/\/wpguerssen-test.odoo.rgbconsulting.com\/es\/#organization\"},\"potentialAction\":[{\"@type\":\"SearchAction\",\"target\":{\"@type\":\"EntryPoint\",\"urlTemplate\":\"https:\/\/wpguerssen-test.odoo.rgbconsulting.com\/es\/?s={search_term_string}\"},\"query-input\":{\"@type\":\"PropertyValueSpecification\",\"valueRequired\":true,\"valueName\":\"search_term_string\"}}],\"inLanguage\":\"es\"},{\"@type\":\"Organization\",\"@id\":\"https:\/\/wpguerssen-test.odoo.rgbconsulting.com\/es\/#organization\",\"name\":\"Guerssen records\",\"url\":\"https:\/\/wpguerssen-test.odoo.rgbconsulting.com\/es\/\",\"logo\":{\"@type\":\"ImageObject\",\"inLanguage\":\"es\",\"@id\":\"https:\/\/wpguerssen-test.odoo.rgbconsulting.com\/es\/#\/schema\/logo\/image\/\",\"url\":\"https:\/\/wpguerssen-test.odoo.rgbconsulting.com\/wp-content\/uploads\/2022\/04\/Logo_Guerssen_trans_100.png\",\"contentUrl\":\"https:\/\/wpguerssen-test.odoo.rgbconsulting.com\/wp-content\/uploads\/2022\/04\/Logo_Guerssen_trans_100.png\",\"width\":122,\"height\":100,\"caption\":\"Guerssen records\"},\"image\":{\"@id\":\"https:\/\/wpguerssen-test.odoo.rgbconsulting.com\/es\/#\/schema\/logo\/image\/\"}}]}<\/script>\n<!-- \/ Yoast SEO plugin. -->","yoast_head_json":{"title":"REALITY (US) - Disco Party -  (LP) | Guerssen","description":"In another highly anticipated reissue from the vaults of the legendary 70s label TSG, P-VINE will be reissuing Reality's rare classic Disco Party on its RARE GROOVE imprint. Almost nothing is known about the band apart from their association with TSG, and the label's divine touch that picked out the best unknown musicians from New York's bustling funk and soul scene. This reissue is no exception and is packed with funk and disco jams that surely excite RARE GROOVE fans and delight those recently enjoying the reissues of Tomorrow's People.The rapturous opener \"Reality\" gets the party underway with an extended groove-ridden jam, rich with domineering organs and slick funk guitars. The high-pace energy of the track bursts through and rushes the next. On tracks like \"Movin & Groovin\" where they calm the dynamics, they do so at no cost to the onwards movement and progression, a trait the album shares with the motorik drum-beat of krautrock records. From start to finish this is one album that doesn't let up its commitment to party spirit.","robots":{"index":"index","follow":"follow","max-snippet":"max-snippet:-1","max-image-preview":"max-image-preview:large","max-video-preview":"max-video-preview:-1"},"canonical":"https:\/\/wpguerssen-test.odoo.rgbconsulting.com\/es\/producto\/disco-party\/","og_locale":"es_ES","og_type":"article","og_title":"REALITY (US) - Disco Party -  (LP) | Guerssen","og_description":"In another highly anticipated reissue from the vaults of the legendary 70s label TSG, P-VINE will be reissuing Reality's rare classic Disco Party on its RARE GROOVE imprint. Almost nothing is known about the band apart from their association with TSG, and the label's divine touch that picked out the best unknown musicians from New York's bustling funk and soul scene. This reissue is no exception and is packed with funk and disco jams that surely excite RARE GROOVE fans and delight those recently enjoying the reissues of Tomorrow's People.The rapturous opener \"Reality\" gets the party underway with an extended groove-ridden jam, rich with domineering organs and slick funk guitars. The high-pace energy of the track bursts through and rushes the next. On tracks like \"Movin & Groovin\" where they calm the dynamics, they do so at no cost to the onwards movement and progression, a trait the album shares with the motorik drum-beat of krautrock records. From start to finish this is one album that doesn't let up its commitment to party spirit.","og_url":"https:\/\/wpguerssen-test.odoo.rgbconsulting.com\/es\/producto\/disco-party\/","og_site_name":"Guerssen records","article_modified_time":"2024-02-22T12:54:46+00:00","og_image":[{"width":2560,"height":2560,"url":"https:\/\/wpguerssen-test.odoo.rgbconsulting.com\/wp-content\/uploads\/2023\/07\/44959-scaled.jpg","type":"image\/jpeg"}],"twitter_card":"summary_large_image","twitter_title":"REALITY (US) - Disco Party -  (LP) | Guerssen","twitter_misc":{"Tiempo de lectura":"1 minuto"},"schema":{"@context":"https:\/\/schema.org","@graph":[{"@type":"WebPage","@id":"https:\/\/wpguerssen-test.odoo.rgbconsulting.com\/es\/producto\/disco-party\/","url":"https:\/\/wpguerssen-test.odoo.rgbconsulting.com\/es\/producto\/disco-party\/","name":"REALITY (US) - Disco Party - (LP) | Guerssen","isPartOf":{"@id":"https:\/\/wpguerssen-test.odoo.rgbconsulting.com\/es\/#website"},"primaryImageOfPage":{"@id":"https:\/\/wpguerssen-test.odoo.rgbconsulting.com\/es\/producto\/disco-party\/#primaryimage"},"image":{"@id":"https:\/\/wpguerssen-test.odoo.rgbconsulting.com\/es\/producto\/disco-party\/#primaryimage"},"thumbnailUrl":"https:\/\/wpguerssen-test.odoo.rgbconsulting.com\/wp-content\/uploads\/2023\/07\/44959-scaled.jpg","datePublished":"2023-08-20T22:00:00+00:00","dateModified":"2024-02-22T12:54:46+00:00","description":"In another highly anticipated reissue from the vaults of the legendary 70s label TSG, P-VINE will be reissuing Reality's rare classic Disco Party on its RARE GROOVE imprint. Almost nothing is known about the band apart from their association with TSG, and the label's divine touch that picked out the best unknown musicians from New York's bustling funk and soul scene. This reissue is no exception and is packed with funk and disco jams that surely excite RARE GROOVE fans and delight those recently enjoying the reissues of Tomorrow's People.The rapturous opener \"Reality\" gets the party underway with an extended groove-ridden jam, rich with domineering organs and slick funk guitars. The high-pace energy of the track bursts through and rushes the next. On tracks like \"Movin & Groovin\" where they calm the dynamics, they do so at no cost to the onwards movement and progression, a trait the album shares with the motorik drum-beat of krautrock records. From start to finish this is one album that doesn't let up its commitment to party spirit.","breadcrumb":{"@id":"https:\/\/wpguerssen-test.odoo.rgbconsulting.com\/es\/producto\/disco-party\/#breadcrumb"},"inLanguage":"es","potentialAction":[{"@type":"ReadAction","target":["https:\/\/wpguerssen-test.odoo.rgbconsulting.com\/es\/producto\/disco-party\/"]}]},{"@type":"ImageObject","inLanguage":"es","@id":"https:\/\/wpguerssen-test.odoo.rgbconsulting.com\/es\/producto\/disco-party\/#primaryimage","url":"https:\/\/wpguerssen-test.odoo.rgbconsulting.com\/wp-content\/uploads\/2023\/07\/44959-scaled.jpg","contentUrl":"https:\/\/wpguerssen-test.odoo.rgbconsulting.com\/wp-content\/uploads\/2023\/07\/44959-scaled.jpg","width":2560,"height":2560},{"@type":"BreadcrumbList","@id":"https:\/\/wpguerssen-test.odoo.rgbconsulting.com\/es\/producto\/disco-party\/#breadcrumb","itemListElement":[{"@type":"ListItem","position":1,"name":"Inicio","item":"https:\/\/wpguerssen-test.odoo.rgbconsulting.com\/es\/"},{"@type":"ListItem","position":2,"name":"Shop","item":"https:\/\/wpguerssen-test.odoo.rgbconsulting.com\/shop\/"},{"@type":"ListItem","position":3,"name":"Disco Party"}]},{"@type":"WebSite","@id":"https:\/\/wpguerssen-test.odoo.rgbconsulting.com\/es\/#website","url":"https:\/\/wpguerssen-test.odoo.rgbconsulting.com\/es\/","name":"Guerssen records","description":"psychedelia - progressive - folk - garage ","publisher":{"@id":"https:\/\/wpguerssen-test.odoo.rgbconsulting.com\/es\/#organization"},"potentialAction":[{"@type":"SearchAction","target":{"@type":"EntryPoint","urlTemplate":"https:\/\/wpguerssen-test.odoo.rgbconsulting.com\/es\/?s={search_term_string}"},"query-input":{"@type":"PropertyValueSpecification","valueRequired":true,"valueName":"search_term_string"}}],"inLanguage":"es"},{"@type":"Organization","@id":"https:\/\/wpguerssen-test.odoo.rgbconsulting.com\/es\/#organization","name":"Guerssen records","url":"https:\/\/wpguerssen-test.odoo.rgbconsulting.com\/es\/","logo":{"@type":"ImageObject","inLanguage":"es","@id":"https:\/\/wpguerssen-test.odoo.rgbconsulting.com\/es\/#\/schema\/logo\/image\/","url":"https:\/\/wpguerssen-test.odoo.rgbconsulting.com\/wp-content\/uploads\/2022\/04\/Logo_Guerssen_trans_100.png","contentUrl":"https:\/\/wpguerssen-test.odoo.rgbconsulting.com\/wp-content\/uploads\/2022\/04\/Logo_Guerssen_trans_100.png","width":122,"height":100,"caption":"Guerssen records"},"image":{"@id":"https:\/\/wpguerssen-test.odoo.rgbconsulting.com\/es\/#\/schema\/logo\/image\/"}}]}},"_links":{"self":[{"href":"https:\/\/wpguerssen-test.odoo.rgbconsulting.com\/es\/wp-json\/wp\/v2\/product\/238478","targetHints":{"allow":["GET"]}}],"collection":[{"href":"https:\/\/wpguerssen-test.odoo.rgbconsulting.com\/es\/wp-json\/wp\/v2\/product"}],"about":[{"href":"https:\/\/wpguerssen-test.odoo.rgbconsulting.com\/es\/wp-json\/wp\/v2\/types\/product"}],"wp:featuredmedia":[{"embeddable":true,"href":"https:\/\/wpguerssen-test.odoo.rgbconsulting.com\/es\/wp-json\/wp\/v2\/media\/238456"}],"wp:attachment":[{"href":"https:\/\/wpguerssen-test.odoo.rgbconsulting.com\/es\/wp-json\/wp\/v2\/media?parent=238478"}],"wp:term":[{"taxonomy":"product_brand","embeddable":true,"href":"https:\/\/wpguerssen-test.odoo.rgbconsulting.com\/es\/wp-json\/wp\/v2\/product_brand?post=238478"},{"taxonomy":"product_cat","embeddable":true,"href":"https:\/\/wpguerssen-test.odoo.rgbconsulting.com\/es\/wp-json\/wp\/v2\/product_cat?post=238478"},{"taxonomy":"product_tag","embeddable":true,"href":"https:\/\/wpguerssen-test.odoo.rgbconsulting.com\/es\/wp-json\/wp\/v2\/product_tag?post=238478"}],"curies":[{"name":"wp","href":"https:\/\/api.w.org\/{rel}","templated":true}]}}