{"id":238479,"date":"2023-08-21T00:00:00","date_gmt":"2023-08-20T22:00:00","guid":{"rendered":"https:\/\/wpguerssen-test.odoo.rgbconsulting.com\/product\/69-cents\/"},"modified":"2024-05-08T09:26:11","modified_gmt":"2024-05-08T07:26:11","slug":"69-cents","status":"publish","type":"product","link":"https:\/\/wpguerssen-test.odoo.rgbconsulting.com\/es\/producto\/69-cents\/","title":{"rendered":"69 Cents"},"content":{"rendered":"<p>\u00abEbony Rhythm Funk Campaign\u00bb es un grupo de funk de Minneapolis que se desarroll\u00f3 a partir de cuatro m\u00fasicos que eran amigos y que dejaron la escuela secundaria juntos para tocar en una banda a principios de la d\u00e9cada de 1970. En 1973, lanzaron su primer y m\u00e1s exitoso \u00e1lbum para MCA bajo la producci\u00f3n de Wayne Henderson, conocido como el trombonista de The Crusaders. Despu\u00e9s del lanzamiento, la banda regres\u00f3 a su ciudad natal y comenz\u00f3 a grabar en los estudios de grabaci\u00f3n de Chitown en 1974~75, pero la cinta maestra no se public\u00f3 por algunas razones y se olvid\u00f3 durante d\u00e9cadas. Estos tesoros in\u00e9ditos grabados a mitad de su carrera ser\u00e1n finalmente desvelados por primera vez. Encontrar\u00e1s c\u00f3mo estas pistas perdidas son excelentes y no menos apasionantes que su segundo \u00e1lbum lanzado despu\u00e9s de esta grabaci\u00f3n.  Para fans del soul\/funk psicod\u00e9lico.<\/p>\n","protected":false},"excerpt":{"rendered":"<p>\u00abEbony Rhythm Funk Campaign\u00bb es un grupo de funk de Minneapolis que se desarroll\u00f3 a partir de cuatro m\u00fasicos que eran amigos y que dejaron la escuela secundaria<a class=\"read\" href=\"https:\/\/wpguerssen-test.odoo.rgbconsulting.com\/es\/producto\/69-cents\/\"> (...)<\/a>","protected":false},"featured_media":238459,"template":"","meta":{"_acf_changed":false},"product_brand":[],"product_cat":[21649,23219],"product_tag":[],"class_list":{"0":"post-238479","1":"product","2":"type-product","3":"status-publish","4":"has-post-thumbnail","6":"product_cat-soul-rnb-es","7":"product_cat-funk-es","8":"pa_artist-ebony-rhythm-funk-campaign","9":"pa_format-lp-es","10":"pa_gender-soul-rnb-funk","11":"pa_label-p-vine","12":"pa_location-north-america-es","13":"pa_other-filters-vinyl-only-es","15":"first","16":"instock","17":"taxable","18":"shipping-taxable","19":"purchasable","20":"product-type-simple"},"acf":[],"yoast_head":"<!-- This site is optimized with the Yoast SEO plugin v24.9 - https:\/\/yoast.com\/wordpress\/plugins\/seo\/ -->\n<title>EBONY RHYTHM FUNK CAMPAIGN - 69 Cents -  (LP) | Guerssen<\/title>\n<meta name=\"description\" content=\"&quot;Ebony Rhythm Funk Campaign&quot; is a sweet funk group from Minneapolis that was evolved from four musicians who were friends and all left high school together to play in a band back in early 1970&#039;s. In 1973, they released their first and most successful album for MCA under the production of Wayne Henderson who is well known as trombone player of Crusaders. After the release, the band returned to their hometown and started recording in Chitown records studios in 1974~75 but the master tape had not been published by some reasons and forgotten for decades. These unheard treasures recorded in the middle of their career will be finally unveiled for the first time. You&#039;ll find how these lost tracks are superb and not any less gripping than their 2nd album released after these recording. You can listen to the single from UK disco label Super Disco Edits which will be released as an advance single of this album. For fans of sweet soul \/ psych funk.\" \/>\n<meta name=\"robots\" content=\"index, follow, max-snippet:-1, max-image-preview:large, max-video-preview:-1\" \/>\n<link rel=\"canonical\" href=\"https:\/\/wpguerssen-test.odoo.rgbconsulting.com\/es\/producto\/69-cents\/\" \/>\n<meta property=\"og:locale\" content=\"es_ES\" \/>\n<meta property=\"og:type\" content=\"article\" \/>\n<meta property=\"og:title\" content=\"EBONY RHYTHM FUNK CAMPAIGN - 69 Cents -  (LP) | Guerssen\" \/>\n<meta property=\"og:description\" content=\"&quot;Ebony Rhythm Funk Campaign&quot; is a sweet funk group from Minneapolis that was evolved from four musicians who were friends and all left high school together to play in a band back in early 1970&#039;s. In 1973, they released their first and most successful album for MCA under the production of Wayne Henderson who is well known as trombone player of Crusaders. After the release, the band returned to their hometown and started recording in Chitown records studios in 1974~75 but the master tape had not been published by some reasons and forgotten for decades. These unheard treasures recorded in the middle of their career will be finally unveiled for the first time. You&#039;ll find how these lost tracks are superb and not any less gripping than their 2nd album released after these recording. You can listen to the single from UK disco label Super Disco Edits which will be released as an advance single of this album. For fans of sweet soul \/ psych funk.\" \/>\n<meta property=\"og:url\" content=\"https:\/\/wpguerssen-test.odoo.rgbconsulting.com\/es\/producto\/69-cents\/\" \/>\n<meta property=\"og:site_name\" content=\"Guerssen records\" \/>\n<meta property=\"article:modified_time\" content=\"2024-05-08T07:26:11+00:00\" \/>\n<meta property=\"og:image\" content=\"https:\/\/wpguerssen-test.odoo.rgbconsulting.com\/wp-content\/uploads\/2023\/07\/44960-scaled.jpg\" \/>\n\t<meta property=\"og:image:width\" content=\"2560\" \/>\n\t<meta property=\"og:image:height\" content=\"2536\" \/>\n\t<meta property=\"og:image:type\" content=\"image\/jpeg\" \/>\n<meta name=\"twitter:card\" content=\"summary_large_image\" \/>\n<meta name=\"twitter:title\" content=\"EBONY RHYTHM FUNK CAMPAIGN - 69 Cents -  (LP) | Guerssen\" \/>\n<meta name=\"twitter:label1\" content=\"Tiempo de lectura\" \/>\n\t<meta name=\"twitter:data1\" content=\"1 minuto\" \/>\n<script type=\"application\/ld+json\" class=\"yoast-schema-graph\">{\"@context\":\"https:\/\/schema.org\",\"@graph\":[{\"@type\":\"WebPage\",\"@id\":\"https:\/\/wpguerssen-test.odoo.rgbconsulting.com\/es\/producto\/69-cents\/\",\"url\":\"https:\/\/wpguerssen-test.odoo.rgbconsulting.com\/es\/producto\/69-cents\/\",\"name\":\"EBONY RHYTHM FUNK CAMPAIGN - 69 Cents - (LP) | Guerssen\",\"isPartOf\":{\"@id\":\"https:\/\/wpguerssen-test.odoo.rgbconsulting.com\/es\/#website\"},\"primaryImageOfPage\":{\"@id\":\"https:\/\/wpguerssen-test.odoo.rgbconsulting.com\/es\/producto\/69-cents\/#primaryimage\"},\"image\":{\"@id\":\"https:\/\/wpguerssen-test.odoo.rgbconsulting.com\/es\/producto\/69-cents\/#primaryimage\"},\"thumbnailUrl\":\"https:\/\/wpguerssen-test.odoo.rgbconsulting.com\/wp-content\/uploads\/2023\/07\/44960-scaled.jpg\",\"datePublished\":\"2023-08-20T22:00:00+00:00\",\"dateModified\":\"2024-05-08T07:26:11+00:00\",\"description\":\"\\\"Ebony Rhythm Funk Campaign\\\" is a sweet funk group from Minneapolis that was evolved from four musicians who were friends and all left high school together to play in a band back in early 1970's. In 1973, they released their first and most successful album for MCA under the production of Wayne Henderson who is well known as trombone player of Crusaders. After the release, the band returned to their hometown and started recording in Chitown records studios in 1974~75 but the master tape had not been published by some reasons and forgotten for decades. These unheard treasures recorded in the middle of their career will be finally unveiled for the first time. You'll find how these lost tracks are superb and not any less gripping than their 2nd album released after these recording. You can listen to the single from UK disco label Super Disco Edits which will be released as an advance single of this album. For fans of sweet soul \/ psych funk.\",\"breadcrumb\":{\"@id\":\"https:\/\/wpguerssen-test.odoo.rgbconsulting.com\/es\/producto\/69-cents\/#breadcrumb\"},\"inLanguage\":\"es\",\"potentialAction\":[{\"@type\":\"ReadAction\",\"target\":[\"https:\/\/wpguerssen-test.odoo.rgbconsulting.com\/es\/producto\/69-cents\/\"]}]},{\"@type\":\"ImageObject\",\"inLanguage\":\"es\",\"@id\":\"https:\/\/wpguerssen-test.odoo.rgbconsulting.com\/es\/producto\/69-cents\/#primaryimage\",\"url\":\"https:\/\/wpguerssen-test.odoo.rgbconsulting.com\/wp-content\/uploads\/2023\/07\/44960-scaled.jpg\",\"contentUrl\":\"https:\/\/wpguerssen-test.odoo.rgbconsulting.com\/wp-content\/uploads\/2023\/07\/44960-scaled.jpg\",\"width\":2560,\"height\":2536},{\"@type\":\"BreadcrumbList\",\"@id\":\"https:\/\/wpguerssen-test.odoo.rgbconsulting.com\/es\/producto\/69-cents\/#breadcrumb\",\"itemListElement\":[{\"@type\":\"ListItem\",\"position\":1,\"name\":\"Inicio\",\"item\":\"https:\/\/wpguerssen-test.odoo.rgbconsulting.com\/es\/\"},{\"@type\":\"ListItem\",\"position\":2,\"name\":\"Shop\",\"item\":\"https:\/\/wpguerssen-test.odoo.rgbconsulting.com\/shop\/\"},{\"@type\":\"ListItem\",\"position\":3,\"name\":\"69 Cents\"}]},{\"@type\":\"WebSite\",\"@id\":\"https:\/\/wpguerssen-test.odoo.rgbconsulting.com\/es\/#website\",\"url\":\"https:\/\/wpguerssen-test.odoo.rgbconsulting.com\/es\/\",\"name\":\"Guerssen records\",\"description\":\"psychedelia - progressive - folk - garage \",\"publisher\":{\"@id\":\"https:\/\/wpguerssen-test.odoo.rgbconsulting.com\/es\/#organization\"},\"potentialAction\":[{\"@type\":\"SearchAction\",\"target\":{\"@type\":\"EntryPoint\",\"urlTemplate\":\"https:\/\/wpguerssen-test.odoo.rgbconsulting.com\/es\/?s={search_term_string}\"},\"query-input\":{\"@type\":\"PropertyValueSpecification\",\"valueRequired\":true,\"valueName\":\"search_term_string\"}}],\"inLanguage\":\"es\"},{\"@type\":\"Organization\",\"@id\":\"https:\/\/wpguerssen-test.odoo.rgbconsulting.com\/es\/#organization\",\"name\":\"Guerssen records\",\"url\":\"https:\/\/wpguerssen-test.odoo.rgbconsulting.com\/es\/\",\"logo\":{\"@type\":\"ImageObject\",\"inLanguage\":\"es\",\"@id\":\"https:\/\/wpguerssen-test.odoo.rgbconsulting.com\/es\/#\/schema\/logo\/image\/\",\"url\":\"https:\/\/wpguerssen-test.odoo.rgbconsulting.com\/wp-content\/uploads\/2022\/04\/Logo_Guerssen_trans_100.png\",\"contentUrl\":\"https:\/\/wpguerssen-test.odoo.rgbconsulting.com\/wp-content\/uploads\/2022\/04\/Logo_Guerssen_trans_100.png\",\"width\":122,\"height\":100,\"caption\":\"Guerssen records\"},\"image\":{\"@id\":\"https:\/\/wpguerssen-test.odoo.rgbconsulting.com\/es\/#\/schema\/logo\/image\/\"}}]}<\/script>\n<!-- \/ Yoast SEO plugin. -->","yoast_head_json":{"title":"EBONY RHYTHM FUNK CAMPAIGN - 69 Cents -  (LP) | Guerssen","description":"\"Ebony Rhythm Funk Campaign\" is a sweet funk group from Minneapolis that was evolved from four musicians who were friends and all left high school together to play in a band back in early 1970's. In 1973, they released their first and most successful album for MCA under the production of Wayne Henderson who is well known as trombone player of Crusaders. After the release, the band returned to their hometown and started recording in Chitown records studios in 1974~75 but the master tape had not been published by some reasons and forgotten for decades. These unheard treasures recorded in the middle of their career will be finally unveiled for the first time. You'll find how these lost tracks are superb and not any less gripping than their 2nd album released after these recording. You can listen to the single from UK disco label Super Disco Edits which will be released as an advance single of this album. For fans of sweet soul \/ psych funk.","robots":{"index":"index","follow":"follow","max-snippet":"max-snippet:-1","max-image-preview":"max-image-preview:large","max-video-preview":"max-video-preview:-1"},"canonical":"https:\/\/wpguerssen-test.odoo.rgbconsulting.com\/es\/producto\/69-cents\/","og_locale":"es_ES","og_type":"article","og_title":"EBONY RHYTHM FUNK CAMPAIGN - 69 Cents -  (LP) | Guerssen","og_description":"\"Ebony Rhythm Funk Campaign\" is a sweet funk group from Minneapolis that was evolved from four musicians who were friends and all left high school together to play in a band back in early 1970's. In 1973, they released their first and most successful album for MCA under the production of Wayne Henderson who is well known as trombone player of Crusaders. After the release, the band returned to their hometown and started recording in Chitown records studios in 1974~75 but the master tape had not been published by some reasons and forgotten for decades. These unheard treasures recorded in the middle of their career will be finally unveiled for the first time. You'll find how these lost tracks are superb and not any less gripping than their 2nd album released after these recording. You can listen to the single from UK disco label Super Disco Edits which will be released as an advance single of this album. For fans of sweet soul \/ psych funk.","og_url":"https:\/\/wpguerssen-test.odoo.rgbconsulting.com\/es\/producto\/69-cents\/","og_site_name":"Guerssen records","article_modified_time":"2024-05-08T07:26:11+00:00","og_image":[{"width":2560,"height":2536,"url":"https:\/\/wpguerssen-test.odoo.rgbconsulting.com\/wp-content\/uploads\/2023\/07\/44960-scaled.jpg","type":"image\/jpeg"}],"twitter_card":"summary_large_image","twitter_title":"EBONY RHYTHM FUNK CAMPAIGN - 69 Cents -  (LP) | Guerssen","twitter_misc":{"Tiempo de lectura":"1 minuto"},"schema":{"@context":"https:\/\/schema.org","@graph":[{"@type":"WebPage","@id":"https:\/\/wpguerssen-test.odoo.rgbconsulting.com\/es\/producto\/69-cents\/","url":"https:\/\/wpguerssen-test.odoo.rgbconsulting.com\/es\/producto\/69-cents\/","name":"EBONY RHYTHM FUNK CAMPAIGN - 69 Cents - (LP) | Guerssen","isPartOf":{"@id":"https:\/\/wpguerssen-test.odoo.rgbconsulting.com\/es\/#website"},"primaryImageOfPage":{"@id":"https:\/\/wpguerssen-test.odoo.rgbconsulting.com\/es\/producto\/69-cents\/#primaryimage"},"image":{"@id":"https:\/\/wpguerssen-test.odoo.rgbconsulting.com\/es\/producto\/69-cents\/#primaryimage"},"thumbnailUrl":"https:\/\/wpguerssen-test.odoo.rgbconsulting.com\/wp-content\/uploads\/2023\/07\/44960-scaled.jpg","datePublished":"2023-08-20T22:00:00+00:00","dateModified":"2024-05-08T07:26:11+00:00","description":"\"Ebony Rhythm Funk Campaign\" is a sweet funk group from Minneapolis that was evolved from four musicians who were friends and all left high school together to play in a band back in early 1970's. In 1973, they released their first and most successful album for MCA under the production of Wayne Henderson who is well known as trombone player of Crusaders. After the release, the band returned to their hometown and started recording in Chitown records studios in 1974~75 but the master tape had not been published by some reasons and forgotten for decades. These unheard treasures recorded in the middle of their career will be finally unveiled for the first time. You'll find how these lost tracks are superb and not any less gripping than their 2nd album released after these recording. You can listen to the single from UK disco label Super Disco Edits which will be released as an advance single of this album. For fans of sweet soul \/ psych funk.","breadcrumb":{"@id":"https:\/\/wpguerssen-test.odoo.rgbconsulting.com\/es\/producto\/69-cents\/#breadcrumb"},"inLanguage":"es","potentialAction":[{"@type":"ReadAction","target":["https:\/\/wpguerssen-test.odoo.rgbconsulting.com\/es\/producto\/69-cents\/"]}]},{"@type":"ImageObject","inLanguage":"es","@id":"https:\/\/wpguerssen-test.odoo.rgbconsulting.com\/es\/producto\/69-cents\/#primaryimage","url":"https:\/\/wpguerssen-test.odoo.rgbconsulting.com\/wp-content\/uploads\/2023\/07\/44960-scaled.jpg","contentUrl":"https:\/\/wpguerssen-test.odoo.rgbconsulting.com\/wp-content\/uploads\/2023\/07\/44960-scaled.jpg","width":2560,"height":2536},{"@type":"BreadcrumbList","@id":"https:\/\/wpguerssen-test.odoo.rgbconsulting.com\/es\/producto\/69-cents\/#breadcrumb","itemListElement":[{"@type":"ListItem","position":1,"name":"Inicio","item":"https:\/\/wpguerssen-test.odoo.rgbconsulting.com\/es\/"},{"@type":"ListItem","position":2,"name":"Shop","item":"https:\/\/wpguerssen-test.odoo.rgbconsulting.com\/shop\/"},{"@type":"ListItem","position":3,"name":"69 Cents"}]},{"@type":"WebSite","@id":"https:\/\/wpguerssen-test.odoo.rgbconsulting.com\/es\/#website","url":"https:\/\/wpguerssen-test.odoo.rgbconsulting.com\/es\/","name":"Guerssen records","description":"psychedelia - progressive - folk - garage ","publisher":{"@id":"https:\/\/wpguerssen-test.odoo.rgbconsulting.com\/es\/#organization"},"potentialAction":[{"@type":"SearchAction","target":{"@type":"EntryPoint","urlTemplate":"https:\/\/wpguerssen-test.odoo.rgbconsulting.com\/es\/?s={search_term_string}"},"query-input":{"@type":"PropertyValueSpecification","valueRequired":true,"valueName":"search_term_string"}}],"inLanguage":"es"},{"@type":"Organization","@id":"https:\/\/wpguerssen-test.odoo.rgbconsulting.com\/es\/#organization","name":"Guerssen records","url":"https:\/\/wpguerssen-test.odoo.rgbconsulting.com\/es\/","logo":{"@type":"ImageObject","inLanguage":"es","@id":"https:\/\/wpguerssen-test.odoo.rgbconsulting.com\/es\/#\/schema\/logo\/image\/","url":"https:\/\/wpguerssen-test.odoo.rgbconsulting.com\/wp-content\/uploads\/2022\/04\/Logo_Guerssen_trans_100.png","contentUrl":"https:\/\/wpguerssen-test.odoo.rgbconsulting.com\/wp-content\/uploads\/2022\/04\/Logo_Guerssen_trans_100.png","width":122,"height":100,"caption":"Guerssen records"},"image":{"@id":"https:\/\/wpguerssen-test.odoo.rgbconsulting.com\/es\/#\/schema\/logo\/image\/"}}]}},"_links":{"self":[{"href":"https:\/\/wpguerssen-test.odoo.rgbconsulting.com\/es\/wp-json\/wp\/v2\/product\/238479","targetHints":{"allow":["GET"]}}],"collection":[{"href":"https:\/\/wpguerssen-test.odoo.rgbconsulting.com\/es\/wp-json\/wp\/v2\/product"}],"about":[{"href":"https:\/\/wpguerssen-test.odoo.rgbconsulting.com\/es\/wp-json\/wp\/v2\/types\/product"}],"wp:featuredmedia":[{"embeddable":true,"href":"https:\/\/wpguerssen-test.odoo.rgbconsulting.com\/es\/wp-json\/wp\/v2\/media\/238459"}],"wp:attachment":[{"href":"https:\/\/wpguerssen-test.odoo.rgbconsulting.com\/es\/wp-json\/wp\/v2\/media?parent=238479"}],"wp:term":[{"taxonomy":"product_brand","embeddable":true,"href":"https:\/\/wpguerssen-test.odoo.rgbconsulting.com\/es\/wp-json\/wp\/v2\/product_brand?post=238479"},{"taxonomy":"product_cat","embeddable":true,"href":"https:\/\/wpguerssen-test.odoo.rgbconsulting.com\/es\/wp-json\/wp\/v2\/product_cat?post=238479"},{"taxonomy":"product_tag","embeddable":true,"href":"https:\/\/wpguerssen-test.odoo.rgbconsulting.com\/es\/wp-json\/wp\/v2\/product_tag?post=238479"}],"curies":[{"name":"wp","href":"https:\/\/api.w.org\/{rel}","templated":true}]}}