{"id":238548,"date":"2023-07-19T00:00:00","date_gmt":"2023-07-18T22:00:00","guid":{"rendered":"https:\/\/wpguerssen-test.odoo.rgbconsulting.com\/product\/walkin-limited-edition\/"},"modified":"2024-02-22T13:55:52","modified_gmt":"2024-02-22T12:55:52","slug":"walkin-limited-edition","status":"publish","type":"product","link":"https:\/\/wpguerssen-test.odoo.rgbconsulting.com\/es\/producto\/walkin-limited-edition\/","title":{"rendered":"Walkin&#8217; (Limited Edition)"},"content":{"rendered":"<p>Walkin&#8217; fue (y es) un \u00e1lbum clave en la discograf\u00eda de Miles Davis. Contiene el producto de dos sesiones diferentes. La primera fecha, que en realidad es la segunda cronol\u00f3gicamente, arroj\u00f3 solo dos pistas. Aunque, algo nuevo para la \u00e9poca, eran lo suficientemente largas como para llenar una cara de un LP.<br \/>\u00abLa innegable fuerza y \u00bf\u00bfconvicci\u00f3n presente en la actuaci\u00f3n de Miles Davis en Walkin&#8217;, subraya la urgencia y la pasi\u00f3n con que leg\u00edtimamente reclamar\u00eda su estatus como arquitecto principal del bop. Davis cuenta con el apoyo de sus estrellas, que consisten en su secci\u00f3n r\u00edtmica principal: Horace Silver (piano), Percy Heath (bajo) y Kenny Clarke (bater\u00eda). Walkin! es un \u00e1lbum completamente s\u00f3lido\u00bb. All Music<br \/>&#8216;I&#8217;ll Remember April&#8217; de la misma sesi\u00f3n, pero no incluido en el LP original, se ha agregado como bonificaci\u00f3n.<\/p>\n","protected":false},"excerpt":{"rendered":"<p>Walkin&#8217; fue (y es) un \u00e1lbum clave en la discograf\u00eda de Miles Davis. Contiene el producto de dos sesiones diferentes. La primera fecha, que en realidad es la<a class=\"read\" href=\"https:\/\/wpguerssen-test.odoo.rgbconsulting.com\/es\/producto\/walkin-limited-edition\/\"> (...)<\/a>","protected":false},"featured_media":239212,"template":"","meta":{"_acf_changed":false},"product_brand":[],"product_cat":[23227],"product_tag":[],"class_list":{"0":"post-238548","1":"product","2":"type-product","3":"status-publish","4":"has-post-thumbnail","6":"product_cat-jazz-es","7":"pa_artist-davis-miles-es-2","8":"pa_format-lp-es","9":"pa_gender-jazz","10":"pa_label-pan-am-records","11":"pa_location-north-america-es","12":"pa_other-filters-vinyl-only-es","14":"first","15":"instock","16":"taxable","17":"shipping-taxable","18":"purchasable","19":"product-type-simple"},"acf":[],"yoast_head":"<!-- This site is optimized with the Yoast SEO plugin v24.9 - https:\/\/yoast.com\/wordpress\/plugins\/seo\/ -->\n<title>DAVIS, Miles - Walkin&#039; (Limited Edition) -  (LP) | Guerssen<\/title>\n<meta name=\"description\" content=\"Walkin&#039;was (and is) a key album in Miles Davis&#039; discography. It contains the product of two different sessions. The first date, which is actually the second chronologically, yielded just two tracks. Although, something new for the time, they were long enough to fill up one side of an LP.5 Stars AllMusic: &quot;The undeniable strength and conviction present in Miles Davis&#039; performance on Walkin&#039;, underscores the urgency and passion with which he would rightfully reclaim his status as a primary architect of bop. Davis is supported by his all-stars, consisting of his primary rhythm section:Horace Silver (piano),Percy Heath (bass), andKenny Clarke (drums). Walkin! is a thoroughly solid effort.&quot;&#039;I&#039;ll Remember April&#039;from the same session, but not included on the original LP, has been added as a bonus.\" \/>\n<meta name=\"robots\" content=\"index, follow, max-snippet:-1, max-image-preview:large, max-video-preview:-1\" \/>\n<link rel=\"canonical\" href=\"https:\/\/wpguerssen-test.odoo.rgbconsulting.com\/es\/producto\/walkin-limited-edition\/\" \/>\n<meta property=\"og:locale\" content=\"es_ES\" \/>\n<meta property=\"og:type\" content=\"article\" \/>\n<meta property=\"og:title\" content=\"DAVIS, Miles - Walkin&#039; (Limited Edition) -  (LP) | Guerssen\" \/>\n<meta property=\"og:description\" content=\"Walkin&#039;was (and is) a key album in Miles Davis&#039; discography. It contains the product of two different sessions. The first date, which is actually the second chronologically, yielded just two tracks. Although, something new for the time, they were long enough to fill up one side of an LP.5 Stars AllMusic: &quot;The undeniable strength and conviction present in Miles Davis&#039; performance on Walkin&#039;, underscores the urgency and passion with which he would rightfully reclaim his status as a primary architect of bop. Davis is supported by his all-stars, consisting of his primary rhythm section:Horace Silver (piano),Percy Heath (bass), andKenny Clarke (drums). Walkin! is a thoroughly solid effort.&quot;&#039;I&#039;ll Remember April&#039;from the same session, but not included on the original LP, has been added as a bonus.\" \/>\n<meta property=\"og:url\" content=\"https:\/\/wpguerssen-test.odoo.rgbconsulting.com\/es\/producto\/walkin-limited-edition\/\" \/>\n<meta property=\"og:site_name\" content=\"Guerssen records\" \/>\n<meta property=\"article:modified_time\" content=\"2024-02-22T12:55:52+00:00\" \/>\n<meta property=\"og:image\" content=\"https:\/\/wpguerssen-test.odoo.rgbconsulting.com\/wp-content\/uploads\/2023\/07\/44972.jpg\" \/>\n\t<meta property=\"og:image:width\" content=\"458\" \/>\n\t<meta property=\"og:image:height\" content=\"458\" \/>\n\t<meta property=\"og:image:type\" content=\"image\/jpeg\" \/>\n<meta name=\"twitter:card\" content=\"summary_large_image\" \/>\n<meta name=\"twitter:title\" content=\"DAVIS, Miles - Walkin&#039; (Limited Edition) -  (LP) | Guerssen\" \/>\n<meta name=\"twitter:label1\" content=\"Tiempo de lectura\" \/>\n\t<meta name=\"twitter:data1\" content=\"1 minuto\" \/>\n<script type=\"application\/ld+json\" class=\"yoast-schema-graph\">{\"@context\":\"https:\/\/schema.org\",\"@graph\":[{\"@type\":\"WebPage\",\"@id\":\"https:\/\/wpguerssen-test.odoo.rgbconsulting.com\/es\/producto\/walkin-limited-edition\/\",\"url\":\"https:\/\/wpguerssen-test.odoo.rgbconsulting.com\/es\/producto\/walkin-limited-edition\/\",\"name\":\"DAVIS, Miles - Walkin' (Limited Edition) - (LP) | Guerssen\",\"isPartOf\":{\"@id\":\"https:\/\/wpguerssen-test.odoo.rgbconsulting.com\/es\/#website\"},\"primaryImageOfPage\":{\"@id\":\"https:\/\/wpguerssen-test.odoo.rgbconsulting.com\/es\/producto\/walkin-limited-edition\/#primaryimage\"},\"image\":{\"@id\":\"https:\/\/wpguerssen-test.odoo.rgbconsulting.com\/es\/producto\/walkin-limited-edition\/#primaryimage\"},\"thumbnailUrl\":\"https:\/\/wpguerssen-test.odoo.rgbconsulting.com\/wp-content\/uploads\/2023\/07\/44972.jpg\",\"datePublished\":\"2023-07-18T22:00:00+00:00\",\"dateModified\":\"2024-02-22T12:55:52+00:00\",\"description\":\"Walkin'was (and is) a key album in Miles Davis' discography. It contains the product of two different sessions. The first date, which is actually the second chronologically, yielded just two tracks. Although, something new for the time, they were long enough to fill up one side of an LP.5 Stars AllMusic: \\\"The undeniable strength and conviction present in Miles Davis' performance on Walkin', underscores the urgency and passion with which he would rightfully reclaim his status as a primary architect of bop. Davis is supported by his all-stars, consisting of his primary rhythm section:Horace Silver (piano),Percy Heath (bass), andKenny Clarke (drums). Walkin! is a thoroughly solid effort.\\\"'I'll Remember April'from the same session, but not included on the original LP, has been added as a bonus.\",\"breadcrumb\":{\"@id\":\"https:\/\/wpguerssen-test.odoo.rgbconsulting.com\/es\/producto\/walkin-limited-edition\/#breadcrumb\"},\"inLanguage\":\"es\",\"potentialAction\":[{\"@type\":\"ReadAction\",\"target\":[\"https:\/\/wpguerssen-test.odoo.rgbconsulting.com\/es\/producto\/walkin-limited-edition\/\"]}]},{\"@type\":\"ImageObject\",\"inLanguage\":\"es\",\"@id\":\"https:\/\/wpguerssen-test.odoo.rgbconsulting.com\/es\/producto\/walkin-limited-edition\/#primaryimage\",\"url\":\"https:\/\/wpguerssen-test.odoo.rgbconsulting.com\/wp-content\/uploads\/2023\/07\/44972.jpg\",\"contentUrl\":\"https:\/\/wpguerssen-test.odoo.rgbconsulting.com\/wp-content\/uploads\/2023\/07\/44972.jpg\",\"width\":458,\"height\":458,\"caption\":\"Miles - Walkin' (Limited Edition) - PAN AM RECORDS (LP) | Guerssen\"},{\"@type\":\"BreadcrumbList\",\"@id\":\"https:\/\/wpguerssen-test.odoo.rgbconsulting.com\/es\/producto\/walkin-limited-edition\/#breadcrumb\",\"itemListElement\":[{\"@type\":\"ListItem\",\"position\":1,\"name\":\"Inicio\",\"item\":\"https:\/\/wpguerssen-test.odoo.rgbconsulting.com\/es\/\"},{\"@type\":\"ListItem\",\"position\":2,\"name\":\"Shop\",\"item\":\"https:\/\/wpguerssen-test.odoo.rgbconsulting.com\/shop\/\"},{\"@type\":\"ListItem\",\"position\":3,\"name\":\"Walkin&#8217; (Limited Edition)\"}]},{\"@type\":\"WebSite\",\"@id\":\"https:\/\/wpguerssen-test.odoo.rgbconsulting.com\/es\/#website\",\"url\":\"https:\/\/wpguerssen-test.odoo.rgbconsulting.com\/es\/\",\"name\":\"Guerssen records\",\"description\":\"psychedelia - progressive - folk - garage \",\"publisher\":{\"@id\":\"https:\/\/wpguerssen-test.odoo.rgbconsulting.com\/es\/#organization\"},\"potentialAction\":[{\"@type\":\"SearchAction\",\"target\":{\"@type\":\"EntryPoint\",\"urlTemplate\":\"https:\/\/wpguerssen-test.odoo.rgbconsulting.com\/es\/?s={search_term_string}\"},\"query-input\":{\"@type\":\"PropertyValueSpecification\",\"valueRequired\":true,\"valueName\":\"search_term_string\"}}],\"inLanguage\":\"es\"},{\"@type\":\"Organization\",\"@id\":\"https:\/\/wpguerssen-test.odoo.rgbconsulting.com\/es\/#organization\",\"name\":\"Guerssen records\",\"url\":\"https:\/\/wpguerssen-test.odoo.rgbconsulting.com\/es\/\",\"logo\":{\"@type\":\"ImageObject\",\"inLanguage\":\"es\",\"@id\":\"https:\/\/wpguerssen-test.odoo.rgbconsulting.com\/es\/#\/schema\/logo\/image\/\",\"url\":\"https:\/\/wpguerssen-test.odoo.rgbconsulting.com\/wp-content\/uploads\/2022\/04\/Logo_Guerssen_trans_100.png\",\"contentUrl\":\"https:\/\/wpguerssen-test.odoo.rgbconsulting.com\/wp-content\/uploads\/2022\/04\/Logo_Guerssen_trans_100.png\",\"width\":122,\"height\":100,\"caption\":\"Guerssen records\"},\"image\":{\"@id\":\"https:\/\/wpguerssen-test.odoo.rgbconsulting.com\/es\/#\/schema\/logo\/image\/\"}}]}<\/script>\n<!-- \/ Yoast SEO plugin. -->","yoast_head_json":{"title":"DAVIS, Miles - Walkin' (Limited Edition) -  (LP) | Guerssen","description":"Walkin'was (and is) a key album in Miles Davis' discography. It contains the product of two different sessions. The first date, which is actually the second chronologically, yielded just two tracks. Although, something new for the time, they were long enough to fill up one side of an LP.5 Stars AllMusic: \"The undeniable strength and conviction present in Miles Davis' performance on Walkin', underscores the urgency and passion with which he would rightfully reclaim his status as a primary architect of bop. Davis is supported by his all-stars, consisting of his primary rhythm section:Horace Silver (piano),Percy Heath (bass), andKenny Clarke (drums). Walkin! is a thoroughly solid effort.\"'I'll Remember April'from the same session, but not included on the original LP, has been added as a bonus.","robots":{"index":"index","follow":"follow","max-snippet":"max-snippet:-1","max-image-preview":"max-image-preview:large","max-video-preview":"max-video-preview:-1"},"canonical":"https:\/\/wpguerssen-test.odoo.rgbconsulting.com\/es\/producto\/walkin-limited-edition\/","og_locale":"es_ES","og_type":"article","og_title":"DAVIS, Miles - Walkin' (Limited Edition) -  (LP) | Guerssen","og_description":"Walkin'was (and is) a key album in Miles Davis' discography. It contains the product of two different sessions. The first date, which is actually the second chronologically, yielded just two tracks. Although, something new for the time, they were long enough to fill up one side of an LP.5 Stars AllMusic: \"The undeniable strength and conviction present in Miles Davis' performance on Walkin', underscores the urgency and passion with which he would rightfully reclaim his status as a primary architect of bop. Davis is supported by his all-stars, consisting of his primary rhythm section:Horace Silver (piano),Percy Heath (bass), andKenny Clarke (drums). Walkin! is a thoroughly solid effort.\"'I'll Remember April'from the same session, but not included on the original LP, has been added as a bonus.","og_url":"https:\/\/wpguerssen-test.odoo.rgbconsulting.com\/es\/producto\/walkin-limited-edition\/","og_site_name":"Guerssen records","article_modified_time":"2024-02-22T12:55:52+00:00","og_image":[{"width":458,"height":458,"url":"https:\/\/wpguerssen-test.odoo.rgbconsulting.com\/wp-content\/uploads\/2023\/07\/44972.jpg","type":"image\/jpeg"}],"twitter_card":"summary_large_image","twitter_title":"DAVIS, Miles - Walkin' (Limited Edition) -  (LP) | Guerssen","twitter_misc":{"Tiempo de lectura":"1 minuto"},"schema":{"@context":"https:\/\/schema.org","@graph":[{"@type":"WebPage","@id":"https:\/\/wpguerssen-test.odoo.rgbconsulting.com\/es\/producto\/walkin-limited-edition\/","url":"https:\/\/wpguerssen-test.odoo.rgbconsulting.com\/es\/producto\/walkin-limited-edition\/","name":"DAVIS, Miles - Walkin' (Limited Edition) - (LP) | Guerssen","isPartOf":{"@id":"https:\/\/wpguerssen-test.odoo.rgbconsulting.com\/es\/#website"},"primaryImageOfPage":{"@id":"https:\/\/wpguerssen-test.odoo.rgbconsulting.com\/es\/producto\/walkin-limited-edition\/#primaryimage"},"image":{"@id":"https:\/\/wpguerssen-test.odoo.rgbconsulting.com\/es\/producto\/walkin-limited-edition\/#primaryimage"},"thumbnailUrl":"https:\/\/wpguerssen-test.odoo.rgbconsulting.com\/wp-content\/uploads\/2023\/07\/44972.jpg","datePublished":"2023-07-18T22:00:00+00:00","dateModified":"2024-02-22T12:55:52+00:00","description":"Walkin'was (and is) a key album in Miles Davis' discography. It contains the product of two different sessions. The first date, which is actually the second chronologically, yielded just two tracks. Although, something new for the time, they were long enough to fill up one side of an LP.5 Stars AllMusic: \"The undeniable strength and conviction present in Miles Davis' performance on Walkin', underscores the urgency and passion with which he would rightfully reclaim his status as a primary architect of bop. Davis is supported by his all-stars, consisting of his primary rhythm section:Horace Silver (piano),Percy Heath (bass), andKenny Clarke (drums). Walkin! is a thoroughly solid effort.\"'I'll Remember April'from the same session, but not included on the original LP, has been added as a bonus.","breadcrumb":{"@id":"https:\/\/wpguerssen-test.odoo.rgbconsulting.com\/es\/producto\/walkin-limited-edition\/#breadcrumb"},"inLanguage":"es","potentialAction":[{"@type":"ReadAction","target":["https:\/\/wpguerssen-test.odoo.rgbconsulting.com\/es\/producto\/walkin-limited-edition\/"]}]},{"@type":"ImageObject","inLanguage":"es","@id":"https:\/\/wpguerssen-test.odoo.rgbconsulting.com\/es\/producto\/walkin-limited-edition\/#primaryimage","url":"https:\/\/wpguerssen-test.odoo.rgbconsulting.com\/wp-content\/uploads\/2023\/07\/44972.jpg","contentUrl":"https:\/\/wpguerssen-test.odoo.rgbconsulting.com\/wp-content\/uploads\/2023\/07\/44972.jpg","width":458,"height":458,"caption":"Miles - Walkin' (Limited Edition) - PAN AM RECORDS (LP) | Guerssen"},{"@type":"BreadcrumbList","@id":"https:\/\/wpguerssen-test.odoo.rgbconsulting.com\/es\/producto\/walkin-limited-edition\/#breadcrumb","itemListElement":[{"@type":"ListItem","position":1,"name":"Inicio","item":"https:\/\/wpguerssen-test.odoo.rgbconsulting.com\/es\/"},{"@type":"ListItem","position":2,"name":"Shop","item":"https:\/\/wpguerssen-test.odoo.rgbconsulting.com\/shop\/"},{"@type":"ListItem","position":3,"name":"Walkin&#8217; (Limited Edition)"}]},{"@type":"WebSite","@id":"https:\/\/wpguerssen-test.odoo.rgbconsulting.com\/es\/#website","url":"https:\/\/wpguerssen-test.odoo.rgbconsulting.com\/es\/","name":"Guerssen records","description":"psychedelia - progressive - folk - garage ","publisher":{"@id":"https:\/\/wpguerssen-test.odoo.rgbconsulting.com\/es\/#organization"},"potentialAction":[{"@type":"SearchAction","target":{"@type":"EntryPoint","urlTemplate":"https:\/\/wpguerssen-test.odoo.rgbconsulting.com\/es\/?s={search_term_string}"},"query-input":{"@type":"PropertyValueSpecification","valueRequired":true,"valueName":"search_term_string"}}],"inLanguage":"es"},{"@type":"Organization","@id":"https:\/\/wpguerssen-test.odoo.rgbconsulting.com\/es\/#organization","name":"Guerssen records","url":"https:\/\/wpguerssen-test.odoo.rgbconsulting.com\/es\/","logo":{"@type":"ImageObject","inLanguage":"es","@id":"https:\/\/wpguerssen-test.odoo.rgbconsulting.com\/es\/#\/schema\/logo\/image\/","url":"https:\/\/wpguerssen-test.odoo.rgbconsulting.com\/wp-content\/uploads\/2022\/04\/Logo_Guerssen_trans_100.png","contentUrl":"https:\/\/wpguerssen-test.odoo.rgbconsulting.com\/wp-content\/uploads\/2022\/04\/Logo_Guerssen_trans_100.png","width":122,"height":100,"caption":"Guerssen records"},"image":{"@id":"https:\/\/wpguerssen-test.odoo.rgbconsulting.com\/es\/#\/schema\/logo\/image\/"}}]}},"_links":{"self":[{"href":"https:\/\/wpguerssen-test.odoo.rgbconsulting.com\/es\/wp-json\/wp\/v2\/product\/238548","targetHints":{"allow":["GET"]}}],"collection":[{"href":"https:\/\/wpguerssen-test.odoo.rgbconsulting.com\/es\/wp-json\/wp\/v2\/product"}],"about":[{"href":"https:\/\/wpguerssen-test.odoo.rgbconsulting.com\/es\/wp-json\/wp\/v2\/types\/product"}],"wp:featuredmedia":[{"embeddable":true,"href":"https:\/\/wpguerssen-test.odoo.rgbconsulting.com\/es\/wp-json\/wp\/v2\/media\/239212"}],"wp:attachment":[{"href":"https:\/\/wpguerssen-test.odoo.rgbconsulting.com\/es\/wp-json\/wp\/v2\/media?parent=238548"}],"wp:term":[{"taxonomy":"product_brand","embeddable":true,"href":"https:\/\/wpguerssen-test.odoo.rgbconsulting.com\/es\/wp-json\/wp\/v2\/product_brand?post=238548"},{"taxonomy":"product_cat","embeddable":true,"href":"https:\/\/wpguerssen-test.odoo.rgbconsulting.com\/es\/wp-json\/wp\/v2\/product_cat?post=238548"},{"taxonomy":"product_tag","embeddable":true,"href":"https:\/\/wpguerssen-test.odoo.rgbconsulting.com\/es\/wp-json\/wp\/v2\/product_tag?post=238548"}],"curies":[{"name":"wp","href":"https:\/\/api.w.org\/{rel}","templated":true}]}}