{"id":238556,"date":"2022-03-24T00:00:00","date_gmt":"2022-03-23T23:00:00","guid":{"rendered":"https:\/\/wpguerssen-test.odoo.rgbconsulting.com\/product\/straight-into-this-mess-the-1995-acoustic-broadca\/"},"modified":"2024-06-03T19:18:28","modified_gmt":"2024-06-03T17:18:28","slug":"straight-into-this-mess-the-1995-acoustic-broadca","status":"publish","type":"product","link":"https:\/\/wpguerssen-test.odoo.rgbconsulting.com\/es\/producto\/straight-into-this-mess-the-1995-acoustic-broadca\/","title":{"rendered":"Straight Into This Mess: The 1995 Acoustic Broadca"},"content":{"rendered":"<p>El d\u00eda de San Valent\u00edn de 1995, Hole subi\u00f3 al escenario en la Academia de M\u00fasica de Brooklyn y lo dej\u00f3 todo para la grabaci\u00f3n de su set MTV Unplugged. La actuaci\u00f3n se produjo solo 10 meses despu\u00e9s de que Kurt Cobain muriera por suicidio e incluy\u00f3 una versi\u00f3n de \u00abYou&#8217;ve Got No Right\u00bb, la \u00faltima canci\u00f3n que grab\u00f3 Nirvana antes de su muerte, que finalmente se lanz\u00f3 como \u00abYou Know You&#8217;re Right\u00bb en 2002.<\/p>\n","protected":false},"excerpt":{"rendered":"<p>El d\u00eda de San Valent\u00edn de 1995, Hole subi\u00f3 al escenario en la Academia de M\u00fasica de Brooklyn y lo dej\u00f3 todo para la grabaci\u00f3n de su set MTV Unplugged. La actuaci\u00f3n<a class=\"read\" href=\"https:\/\/wpguerssen-test.odoo.rgbconsulting.com\/es\/producto\/straight-into-this-mess-the-1995-acoustic-broadca\/\"> (...)<\/a>","protected":false},"featured_media":239073,"template":"","meta":{"_acf_changed":false},"product_brand":[],"product_cat":[23234],"product_tag":[],"class_list":{"0":"post-238556","1":"product","2":"type-product","3":"status-publish","4":"has-post-thumbnail","6":"product_cat-pop-rock-es","7":"pa_artist-hole","8":"pa_format-lp-es","9":"pa_gender-pop-rock","10":"pa_label-mind-control","11":"pa_location-north-america-es","12":"pa_other-filters-vinyl-only-es","14":"first","15":"instock","16":"taxable","17":"shipping-taxable","18":"purchasable","19":"product-type-simple"},"acf":[],"yoast_head":"<!-- This site is optimized with the Yoast SEO plugin v24.9 - https:\/\/yoast.com\/wordpress\/plugins\/seo\/ -->\n<title>HOLE - Straight Into This Mess: The 1995 Acoustic Broadca -  (LP) | Guerssen<\/title>\n<meta name=\"description\" content=\"On Valentine&#039;s Day 1995, Hole took to the stage at the Brooklyn Academy of Music and let it all out for the taping of their MTV Unplugged set. The performance came just 10 months after Kurt Cobain died by suicide, and included a cover of &quot;You&#039;ve Got No Right&quot; -- the last song that Nirvana recorded before his death, which was eventually as released as &quot;You Know You&#039;re Right&quot; in 2002 on the band&#039;s self-titled greatest hits set.\" \/>\n<meta name=\"robots\" content=\"index, follow, max-snippet:-1, max-image-preview:large, max-video-preview:-1\" \/>\n<link rel=\"canonical\" href=\"https:\/\/wpguerssen-test.odoo.rgbconsulting.com\/es\/producto\/straight-into-this-mess-the-1995-acoustic-broadca\/\" \/>\n<meta property=\"og:locale\" content=\"es_ES\" \/>\n<meta property=\"og:type\" content=\"article\" \/>\n<meta property=\"og:title\" content=\"HOLE - Straight Into This Mess: The 1995 Acoustic Broadca -  (LP) | Guerssen\" \/>\n<meta property=\"og:description\" content=\"On Valentine&#039;s Day 1995, Hole took to the stage at the Brooklyn Academy of Music and let it all out for the taping of their MTV Unplugged set. The performance came just 10 months after Kurt Cobain died by suicide, and included a cover of &quot;You&#039;ve Got No Right&quot; -- the last song that Nirvana recorded before his death, which was eventually as released as &quot;You Know You&#039;re Right&quot; in 2002 on the band&#039;s self-titled greatest hits set.\" \/>\n<meta property=\"og:url\" content=\"https:\/\/wpguerssen-test.odoo.rgbconsulting.com\/es\/producto\/straight-into-this-mess-the-1995-acoustic-broadca\/\" \/>\n<meta property=\"og:site_name\" content=\"Guerssen records\" \/>\n<meta property=\"article:modified_time\" content=\"2024-06-03T17:18:28+00:00\" \/>\n<meta property=\"og:image\" content=\"https:\/\/wpguerssen-test.odoo.rgbconsulting.com\/wp-content\/uploads\/2023\/07\/44980-scaled.jpg\" \/>\n\t<meta property=\"og:image:width\" content=\"2540\" \/>\n\t<meta property=\"og:image:height\" content=\"2560\" \/>\n\t<meta property=\"og:image:type\" content=\"image\/jpeg\" \/>\n<meta name=\"twitter:card\" content=\"summary_large_image\" \/>\n<meta name=\"twitter:title\" content=\"HOLE - Straight Into This Mess: The 1995 Acoustic Broadca -  (LP) | Guerssen\" \/>\n<script type=\"application\/ld+json\" class=\"yoast-schema-graph\">{\"@context\":\"https:\/\/schema.org\",\"@graph\":[{\"@type\":\"WebPage\",\"@id\":\"https:\/\/wpguerssen-test.odoo.rgbconsulting.com\/es\/producto\/straight-into-this-mess-the-1995-acoustic-broadca\/\",\"url\":\"https:\/\/wpguerssen-test.odoo.rgbconsulting.com\/es\/producto\/straight-into-this-mess-the-1995-acoustic-broadca\/\",\"name\":\"HOLE - Straight Into This Mess: The 1995 Acoustic Broadca - (LP) | Guerssen\",\"isPartOf\":{\"@id\":\"https:\/\/wpguerssen-test.odoo.rgbconsulting.com\/es\/#website\"},\"primaryImageOfPage\":{\"@id\":\"https:\/\/wpguerssen-test.odoo.rgbconsulting.com\/es\/producto\/straight-into-this-mess-the-1995-acoustic-broadca\/#primaryimage\"},\"image\":{\"@id\":\"https:\/\/wpguerssen-test.odoo.rgbconsulting.com\/es\/producto\/straight-into-this-mess-the-1995-acoustic-broadca\/#primaryimage\"},\"thumbnailUrl\":\"https:\/\/wpguerssen-test.odoo.rgbconsulting.com\/wp-content\/uploads\/2023\/07\/44980-scaled.jpg\",\"datePublished\":\"2022-03-23T23:00:00+00:00\",\"dateModified\":\"2024-06-03T17:18:28+00:00\",\"description\":\"On Valentine's Day 1995, Hole took to the stage at the Brooklyn Academy of Music and let it all out for the taping of their MTV Unplugged set. The performance came just 10 months after Kurt Cobain died by suicide, and included a cover of \\\"You've Got No Right\\\" -- the last song that Nirvana recorded before his death, which was eventually as released as \\\"You Know You're Right\\\" in 2002 on the band's self-titled greatest hits set.\",\"breadcrumb\":{\"@id\":\"https:\/\/wpguerssen-test.odoo.rgbconsulting.com\/es\/producto\/straight-into-this-mess-the-1995-acoustic-broadca\/#breadcrumb\"},\"inLanguage\":\"es\",\"potentialAction\":[{\"@type\":\"ReadAction\",\"target\":[\"https:\/\/wpguerssen-test.odoo.rgbconsulting.com\/es\/producto\/straight-into-this-mess-the-1995-acoustic-broadca\/\"]}]},{\"@type\":\"ImageObject\",\"inLanguage\":\"es\",\"@id\":\"https:\/\/wpguerssen-test.odoo.rgbconsulting.com\/es\/producto\/straight-into-this-mess-the-1995-acoustic-broadca\/#primaryimage\",\"url\":\"https:\/\/wpguerssen-test.odoo.rgbconsulting.com\/wp-content\/uploads\/2023\/07\/44980-scaled.jpg\",\"contentUrl\":\"https:\/\/wpguerssen-test.odoo.rgbconsulting.com\/wp-content\/uploads\/2023\/07\/44980-scaled.jpg\",\"width\":2540,\"height\":2560},{\"@type\":\"BreadcrumbList\",\"@id\":\"https:\/\/wpguerssen-test.odoo.rgbconsulting.com\/es\/producto\/straight-into-this-mess-the-1995-acoustic-broadca\/#breadcrumb\",\"itemListElement\":[{\"@type\":\"ListItem\",\"position\":1,\"name\":\"Inicio\",\"item\":\"https:\/\/wpguerssen-test.odoo.rgbconsulting.com\/es\/\"},{\"@type\":\"ListItem\",\"position\":2,\"name\":\"Shop\",\"item\":\"https:\/\/wpguerssen-test.odoo.rgbconsulting.com\/shop\/\"},{\"@type\":\"ListItem\",\"position\":3,\"name\":\"Straight Into This Mess: The 1995 Acoustic Broadca\"}]},{\"@type\":\"WebSite\",\"@id\":\"https:\/\/wpguerssen-test.odoo.rgbconsulting.com\/es\/#website\",\"url\":\"https:\/\/wpguerssen-test.odoo.rgbconsulting.com\/es\/\",\"name\":\"Guerssen records\",\"description\":\"psychedelia - progressive - folk - garage \",\"publisher\":{\"@id\":\"https:\/\/wpguerssen-test.odoo.rgbconsulting.com\/es\/#organization\"},\"potentialAction\":[{\"@type\":\"SearchAction\",\"target\":{\"@type\":\"EntryPoint\",\"urlTemplate\":\"https:\/\/wpguerssen-test.odoo.rgbconsulting.com\/es\/?s={search_term_string}\"},\"query-input\":{\"@type\":\"PropertyValueSpecification\",\"valueRequired\":true,\"valueName\":\"search_term_string\"}}],\"inLanguage\":\"es\"},{\"@type\":\"Organization\",\"@id\":\"https:\/\/wpguerssen-test.odoo.rgbconsulting.com\/es\/#organization\",\"name\":\"Guerssen records\",\"url\":\"https:\/\/wpguerssen-test.odoo.rgbconsulting.com\/es\/\",\"logo\":{\"@type\":\"ImageObject\",\"inLanguage\":\"es\",\"@id\":\"https:\/\/wpguerssen-test.odoo.rgbconsulting.com\/es\/#\/schema\/logo\/image\/\",\"url\":\"https:\/\/wpguerssen-test.odoo.rgbconsulting.com\/wp-content\/uploads\/2022\/04\/Logo_Guerssen_trans_100.png\",\"contentUrl\":\"https:\/\/wpguerssen-test.odoo.rgbconsulting.com\/wp-content\/uploads\/2022\/04\/Logo_Guerssen_trans_100.png\",\"width\":122,\"height\":100,\"caption\":\"Guerssen records\"},\"image\":{\"@id\":\"https:\/\/wpguerssen-test.odoo.rgbconsulting.com\/es\/#\/schema\/logo\/image\/\"}}]}<\/script>\n<!-- \/ Yoast SEO plugin. -->","yoast_head_json":{"title":"HOLE - Straight Into This Mess: The 1995 Acoustic Broadca -  (LP) | Guerssen","description":"On Valentine's Day 1995, Hole took to the stage at the Brooklyn Academy of Music and let it all out for the taping of their MTV Unplugged set. The performance came just 10 months after Kurt Cobain died by suicide, and included a cover of \"You've Got No Right\" -- the last song that Nirvana recorded before his death, which was eventually as released as \"You Know You're Right\" in 2002 on the band's self-titled greatest hits set.","robots":{"index":"index","follow":"follow","max-snippet":"max-snippet:-1","max-image-preview":"max-image-preview:large","max-video-preview":"max-video-preview:-1"},"canonical":"https:\/\/wpguerssen-test.odoo.rgbconsulting.com\/es\/producto\/straight-into-this-mess-the-1995-acoustic-broadca\/","og_locale":"es_ES","og_type":"article","og_title":"HOLE - Straight Into This Mess: The 1995 Acoustic Broadca -  (LP) | Guerssen","og_description":"On Valentine's Day 1995, Hole took to the stage at the Brooklyn Academy of Music and let it all out for the taping of their MTV Unplugged set. The performance came just 10 months after Kurt Cobain died by suicide, and included a cover of \"You've Got No Right\" -- the last song that Nirvana recorded before his death, which was eventually as released as \"You Know You're Right\" in 2002 on the band's self-titled greatest hits set.","og_url":"https:\/\/wpguerssen-test.odoo.rgbconsulting.com\/es\/producto\/straight-into-this-mess-the-1995-acoustic-broadca\/","og_site_name":"Guerssen records","article_modified_time":"2024-06-03T17:18:28+00:00","og_image":[{"width":2540,"height":2560,"url":"https:\/\/wpguerssen-test.odoo.rgbconsulting.com\/wp-content\/uploads\/2023\/07\/44980-scaled.jpg","type":"image\/jpeg"}],"twitter_card":"summary_large_image","twitter_title":"HOLE - Straight Into This Mess: The 1995 Acoustic Broadca -  (LP) | Guerssen","schema":{"@context":"https:\/\/schema.org","@graph":[{"@type":"WebPage","@id":"https:\/\/wpguerssen-test.odoo.rgbconsulting.com\/es\/producto\/straight-into-this-mess-the-1995-acoustic-broadca\/","url":"https:\/\/wpguerssen-test.odoo.rgbconsulting.com\/es\/producto\/straight-into-this-mess-the-1995-acoustic-broadca\/","name":"HOLE - Straight Into This Mess: The 1995 Acoustic Broadca - (LP) | Guerssen","isPartOf":{"@id":"https:\/\/wpguerssen-test.odoo.rgbconsulting.com\/es\/#website"},"primaryImageOfPage":{"@id":"https:\/\/wpguerssen-test.odoo.rgbconsulting.com\/es\/producto\/straight-into-this-mess-the-1995-acoustic-broadca\/#primaryimage"},"image":{"@id":"https:\/\/wpguerssen-test.odoo.rgbconsulting.com\/es\/producto\/straight-into-this-mess-the-1995-acoustic-broadca\/#primaryimage"},"thumbnailUrl":"https:\/\/wpguerssen-test.odoo.rgbconsulting.com\/wp-content\/uploads\/2023\/07\/44980-scaled.jpg","datePublished":"2022-03-23T23:00:00+00:00","dateModified":"2024-06-03T17:18:28+00:00","description":"On Valentine's Day 1995, Hole took to the stage at the Brooklyn Academy of Music and let it all out for the taping of their MTV Unplugged set. The performance came just 10 months after Kurt Cobain died by suicide, and included a cover of \"You've Got No Right\" -- the last song that Nirvana recorded before his death, which was eventually as released as \"You Know You're Right\" in 2002 on the band's self-titled greatest hits set.","breadcrumb":{"@id":"https:\/\/wpguerssen-test.odoo.rgbconsulting.com\/es\/producto\/straight-into-this-mess-the-1995-acoustic-broadca\/#breadcrumb"},"inLanguage":"es","potentialAction":[{"@type":"ReadAction","target":["https:\/\/wpguerssen-test.odoo.rgbconsulting.com\/es\/producto\/straight-into-this-mess-the-1995-acoustic-broadca\/"]}]},{"@type":"ImageObject","inLanguage":"es","@id":"https:\/\/wpguerssen-test.odoo.rgbconsulting.com\/es\/producto\/straight-into-this-mess-the-1995-acoustic-broadca\/#primaryimage","url":"https:\/\/wpguerssen-test.odoo.rgbconsulting.com\/wp-content\/uploads\/2023\/07\/44980-scaled.jpg","contentUrl":"https:\/\/wpguerssen-test.odoo.rgbconsulting.com\/wp-content\/uploads\/2023\/07\/44980-scaled.jpg","width":2540,"height":2560},{"@type":"BreadcrumbList","@id":"https:\/\/wpguerssen-test.odoo.rgbconsulting.com\/es\/producto\/straight-into-this-mess-the-1995-acoustic-broadca\/#breadcrumb","itemListElement":[{"@type":"ListItem","position":1,"name":"Inicio","item":"https:\/\/wpguerssen-test.odoo.rgbconsulting.com\/es\/"},{"@type":"ListItem","position":2,"name":"Shop","item":"https:\/\/wpguerssen-test.odoo.rgbconsulting.com\/shop\/"},{"@type":"ListItem","position":3,"name":"Straight Into This Mess: The 1995 Acoustic Broadca"}]},{"@type":"WebSite","@id":"https:\/\/wpguerssen-test.odoo.rgbconsulting.com\/es\/#website","url":"https:\/\/wpguerssen-test.odoo.rgbconsulting.com\/es\/","name":"Guerssen records","description":"psychedelia - progressive - folk - garage ","publisher":{"@id":"https:\/\/wpguerssen-test.odoo.rgbconsulting.com\/es\/#organization"},"potentialAction":[{"@type":"SearchAction","target":{"@type":"EntryPoint","urlTemplate":"https:\/\/wpguerssen-test.odoo.rgbconsulting.com\/es\/?s={search_term_string}"},"query-input":{"@type":"PropertyValueSpecification","valueRequired":true,"valueName":"search_term_string"}}],"inLanguage":"es"},{"@type":"Organization","@id":"https:\/\/wpguerssen-test.odoo.rgbconsulting.com\/es\/#organization","name":"Guerssen records","url":"https:\/\/wpguerssen-test.odoo.rgbconsulting.com\/es\/","logo":{"@type":"ImageObject","inLanguage":"es","@id":"https:\/\/wpguerssen-test.odoo.rgbconsulting.com\/es\/#\/schema\/logo\/image\/","url":"https:\/\/wpguerssen-test.odoo.rgbconsulting.com\/wp-content\/uploads\/2022\/04\/Logo_Guerssen_trans_100.png","contentUrl":"https:\/\/wpguerssen-test.odoo.rgbconsulting.com\/wp-content\/uploads\/2022\/04\/Logo_Guerssen_trans_100.png","width":122,"height":100,"caption":"Guerssen records"},"image":{"@id":"https:\/\/wpguerssen-test.odoo.rgbconsulting.com\/es\/#\/schema\/logo\/image\/"}}]}},"_links":{"self":[{"href":"https:\/\/wpguerssen-test.odoo.rgbconsulting.com\/es\/wp-json\/wp\/v2\/product\/238556","targetHints":{"allow":["GET"]}}],"collection":[{"href":"https:\/\/wpguerssen-test.odoo.rgbconsulting.com\/es\/wp-json\/wp\/v2\/product"}],"about":[{"href":"https:\/\/wpguerssen-test.odoo.rgbconsulting.com\/es\/wp-json\/wp\/v2\/types\/product"}],"wp:featuredmedia":[{"embeddable":true,"href":"https:\/\/wpguerssen-test.odoo.rgbconsulting.com\/es\/wp-json\/wp\/v2\/media\/239073"}],"wp:attachment":[{"href":"https:\/\/wpguerssen-test.odoo.rgbconsulting.com\/es\/wp-json\/wp\/v2\/media?parent=238556"}],"wp:term":[{"taxonomy":"product_brand","embeddable":true,"href":"https:\/\/wpguerssen-test.odoo.rgbconsulting.com\/es\/wp-json\/wp\/v2\/product_brand?post=238556"},{"taxonomy":"product_cat","embeddable":true,"href":"https:\/\/wpguerssen-test.odoo.rgbconsulting.com\/es\/wp-json\/wp\/v2\/product_cat?post=238556"},{"taxonomy":"product_tag","embeddable":true,"href":"https:\/\/wpguerssen-test.odoo.rgbconsulting.com\/es\/wp-json\/wp\/v2\/product_tag?post=238556"}],"curies":[{"name":"wp","href":"https:\/\/api.w.org\/{rel}","templated":true}]}}