{"id":238568,"date":"2025-01-27T00:00:00","date_gmt":"2025-01-26T23:00:00","guid":{"rendered":"https:\/\/wpguerssen-test.odoo.rgbconsulting.com\/product\/superbad\/"},"modified":"2025-04-11T13:19:13","modified_gmt":"2025-04-11T11:19:13","slug":"superbad","status":"publish","type":"product","link":"https:\/\/wpguerssen-test.odoo.rgbconsulting.com\/es\/producto\/superbad\/","title":{"rendered":"Superbad"},"content":{"rendered":"<p>Uno de los grupos vocales m\u00e1s influyentes de los a\u00f1os 60 con su obra maestra original, una colecci\u00f3n necesaria de raras baladas de groove y soul. Reeditado oficialmente en vinilo despu\u00e9s de m\u00e1s de 40 a\u00f1os, aqu\u00ed est\u00e1 el quinto \u00e1lbum de la banda, lanzado originalmente en 1971 en Little Star Records. Formada en 1958 en Canton, Ohio, y originalmente compuesta por Eddie Levert, Walter Lee Williams, William Powell, Bobby Massey y Bill Isles. Los O&#8217;Jays hicieron su primera aparici\u00f3n en las listas con el \u00e9xito menor \u00abLonely Drifter\u00bb en 1963, pero alcanzaron su mayor nivel de \u00e9xito una vez que Gamble &#038; Huff los contrataron para su Philadelphia International. Super Bad es un cl\u00e1sico funk crudo y profundo. Se encuentra entre sus mejores trabajos y es ampliamente considerado como su \u00e1lbum m\u00e1s completo.<\/p>\n","protected":false},"excerpt":{"rendered":"<p>Uno de los grupos vocales m\u00e1s influyentes de los a\u00f1os 60 con su obra maestra original, una colecci\u00f3n necesaria de raras baladas de groove y soul. Reeditado oficialmente<a class=\"read\" href=\"https:\/\/wpguerssen-test.odoo.rgbconsulting.com\/es\/producto\/superbad\/\"> (...)<\/a>","protected":false},"featured_media":240267,"template":"","meta":{"_acf_changed":false},"product_brand":[],"product_cat":[21649,23219],"product_tag":[24190],"class_list":{"0":"post-238568","1":"product","2":"type-product","3":"status-publish","4":"has-post-thumbnail","6":"product_cat-soul-rnb-es","7":"product_cat-funk-es","8":"product_tag-sales-es","9":"pa_artist-ojays","10":"pa_format-lp-es","11":"pa_gender-soul-rnb-funk","12":"pa_label-soulgramma-es","13":"pa_location-north-america-es","14":"pa_other-filters-vinyl-only-es","16":"first","17":"instock","18":"taxable","19":"shipping-taxable","20":"purchasable","21":"product-type-simple"},"acf":[],"yoast_head":"<!-- This site is optimized with the Yoast SEO plugin v24.9 - https:\/\/yoast.com\/wordpress\/plugins\/seo\/ -->\n<title>O&#039;JAYS - Superbad -  (LP) | Guerssen<\/title>\n<meta name=\"description\" content=\"One of the most influential vocal groups of the 60&#039;s with their original masterpiece, a necessary collection of rare groove and soul ballads. Officially reissued on vinyl after more than 40 years here&#039;s the band fifth album, originally released in 1971 on Little Star Records. Formed in 1958 in Canton, Ohio, and originally consisting of Eddie Levert, Walter Lee Williams, William Powell, Bobby Massey, and Bill Isles. The O&#039;Jays made their first chart appearance with the minor hit &quot;Lonely Drifter&quot; in 1963, but reached their greatest level of success once Gamble &amp; Huff signed them to their Philadelphia International. Super Bad is a raw, deep funk classic. Ranking among their finest work and it is widely regarded as their most complete album.\" \/>\n<meta name=\"robots\" content=\"index, follow, max-snippet:-1, max-image-preview:large, max-video-preview:-1\" \/>\n<link rel=\"canonical\" href=\"https:\/\/wpguerssen-test.odoo.rgbconsulting.com\/es\/producto\/superbad\/\" \/>\n<meta property=\"og:locale\" content=\"es_ES\" \/>\n<meta property=\"og:type\" content=\"article\" \/>\n<meta property=\"og:title\" content=\"O&#039;JAYS - Superbad -  (LP) | Guerssen\" \/>\n<meta property=\"og:description\" content=\"One of the most influential vocal groups of the 60&#039;s with their original masterpiece, a necessary collection of rare groove and soul ballads. Officially reissued on vinyl after more than 40 years here&#039;s the band fifth album, originally released in 1971 on Little Star Records. Formed in 1958 in Canton, Ohio, and originally consisting of Eddie Levert, Walter Lee Williams, William Powell, Bobby Massey, and Bill Isles. The O&#039;Jays made their first chart appearance with the minor hit &quot;Lonely Drifter&quot; in 1963, but reached their greatest level of success once Gamble &amp; Huff signed them to their Philadelphia International. Super Bad is a raw, deep funk classic. Ranking among their finest work and it is widely regarded as their most complete album.\" \/>\n<meta property=\"og:url\" content=\"https:\/\/wpguerssen-test.odoo.rgbconsulting.com\/es\/producto\/superbad\/\" \/>\n<meta property=\"og:site_name\" content=\"Guerssen records\" \/>\n<meta property=\"article:modified_time\" content=\"2025-04-11T11:19:13+00:00\" \/>\n<meta property=\"og:image\" content=\"https:\/\/wpguerssen-test.odoo.rgbconsulting.com\/wp-content\/uploads\/2023\/08\/44992.jpg\" \/>\n\t<meta property=\"og:image:width\" content=\"1400\" \/>\n\t<meta property=\"og:image:height\" content=\"1400\" \/>\n\t<meta property=\"og:image:type\" content=\"image\/jpeg\" \/>\n<meta name=\"twitter:card\" content=\"summary_large_image\" \/>\n<meta name=\"twitter:title\" content=\"O&#039;JAYS - Superbad -  (LP) | Guerssen\" \/>\n<meta name=\"twitter:label1\" content=\"Tiempo de lectura\" \/>\n\t<meta name=\"twitter:data1\" content=\"1 minuto\" \/>\n<script type=\"application\/ld+json\" class=\"yoast-schema-graph\">{\"@context\":\"https:\/\/schema.org\",\"@graph\":[{\"@type\":\"WebPage\",\"@id\":\"https:\/\/wpguerssen-test.odoo.rgbconsulting.com\/es\/producto\/superbad\/\",\"url\":\"https:\/\/wpguerssen-test.odoo.rgbconsulting.com\/es\/producto\/superbad\/\",\"name\":\"O'JAYS - Superbad - (LP) | Guerssen\",\"isPartOf\":{\"@id\":\"https:\/\/wpguerssen-test.odoo.rgbconsulting.com\/es\/#website\"},\"primaryImageOfPage\":{\"@id\":\"https:\/\/wpguerssen-test.odoo.rgbconsulting.com\/es\/producto\/superbad\/#primaryimage\"},\"image\":{\"@id\":\"https:\/\/wpguerssen-test.odoo.rgbconsulting.com\/es\/producto\/superbad\/#primaryimage\"},\"thumbnailUrl\":\"https:\/\/wpguerssen-test.odoo.rgbconsulting.com\/wp-content\/uploads\/2023\/08\/44992.jpg\",\"datePublished\":\"2025-01-26T23:00:00+00:00\",\"dateModified\":\"2025-04-11T11:19:13+00:00\",\"description\":\"One of the most influential vocal groups of the 60's with their original masterpiece, a necessary collection of rare groove and soul ballads. Officially reissued on vinyl after more than 40 years here's the band fifth album, originally released in 1971 on Little Star Records. Formed in 1958 in Canton, Ohio, and originally consisting of Eddie Levert, Walter Lee Williams, William Powell, Bobby Massey, and Bill Isles. The O'Jays made their first chart appearance with the minor hit \\\"Lonely Drifter\\\" in 1963, but reached their greatest level of success once Gamble & Huff signed them to their Philadelphia International. Super Bad is a raw, deep funk classic. Ranking among their finest work and it is widely regarded as their most complete album.\",\"breadcrumb\":{\"@id\":\"https:\/\/wpguerssen-test.odoo.rgbconsulting.com\/es\/producto\/superbad\/#breadcrumb\"},\"inLanguage\":\"es\",\"potentialAction\":[{\"@type\":\"ReadAction\",\"target\":[\"https:\/\/wpguerssen-test.odoo.rgbconsulting.com\/es\/producto\/superbad\/\"]}]},{\"@type\":\"ImageObject\",\"inLanguage\":\"es\",\"@id\":\"https:\/\/wpguerssen-test.odoo.rgbconsulting.com\/es\/producto\/superbad\/#primaryimage\",\"url\":\"https:\/\/wpguerssen-test.odoo.rgbconsulting.com\/wp-content\/uploads\/2023\/08\/44992.jpg\",\"contentUrl\":\"https:\/\/wpguerssen-test.odoo.rgbconsulting.com\/wp-content\/uploads\/2023\/08\/44992.jpg\",\"width\":1400,\"height\":1400},{\"@type\":\"BreadcrumbList\",\"@id\":\"https:\/\/wpguerssen-test.odoo.rgbconsulting.com\/es\/producto\/superbad\/#breadcrumb\",\"itemListElement\":[{\"@type\":\"ListItem\",\"position\":1,\"name\":\"Inicio\",\"item\":\"https:\/\/wpguerssen-test.odoo.rgbconsulting.com\/es\/\"},{\"@type\":\"ListItem\",\"position\":2,\"name\":\"Shop\",\"item\":\"https:\/\/wpguerssen-test.odoo.rgbconsulting.com\/shop\/\"},{\"@type\":\"ListItem\",\"position\":3,\"name\":\"Superbad\"}]},{\"@type\":\"WebSite\",\"@id\":\"https:\/\/wpguerssen-test.odoo.rgbconsulting.com\/es\/#website\",\"url\":\"https:\/\/wpguerssen-test.odoo.rgbconsulting.com\/es\/\",\"name\":\"Guerssen records\",\"description\":\"psychedelia - progressive - folk - garage \",\"publisher\":{\"@id\":\"https:\/\/wpguerssen-test.odoo.rgbconsulting.com\/es\/#organization\"},\"potentialAction\":[{\"@type\":\"SearchAction\",\"target\":{\"@type\":\"EntryPoint\",\"urlTemplate\":\"https:\/\/wpguerssen-test.odoo.rgbconsulting.com\/es\/?s={search_term_string}\"},\"query-input\":{\"@type\":\"PropertyValueSpecification\",\"valueRequired\":true,\"valueName\":\"search_term_string\"}}],\"inLanguage\":\"es\"},{\"@type\":\"Organization\",\"@id\":\"https:\/\/wpguerssen-test.odoo.rgbconsulting.com\/es\/#organization\",\"name\":\"Guerssen records\",\"url\":\"https:\/\/wpguerssen-test.odoo.rgbconsulting.com\/es\/\",\"logo\":{\"@type\":\"ImageObject\",\"inLanguage\":\"es\",\"@id\":\"https:\/\/wpguerssen-test.odoo.rgbconsulting.com\/es\/#\/schema\/logo\/image\/\",\"url\":\"https:\/\/wpguerssen-test.odoo.rgbconsulting.com\/wp-content\/uploads\/2022\/04\/Logo_Guerssen_trans_100.png\",\"contentUrl\":\"https:\/\/wpguerssen-test.odoo.rgbconsulting.com\/wp-content\/uploads\/2022\/04\/Logo_Guerssen_trans_100.png\",\"width\":122,\"height\":100,\"caption\":\"Guerssen records\"},\"image\":{\"@id\":\"https:\/\/wpguerssen-test.odoo.rgbconsulting.com\/es\/#\/schema\/logo\/image\/\"}}]}<\/script>\n<!-- \/ Yoast SEO plugin. -->","yoast_head_json":{"title":"O'JAYS - Superbad -  (LP) | Guerssen","description":"One of the most influential vocal groups of the 60's with their original masterpiece, a necessary collection of rare groove and soul ballads. Officially reissued on vinyl after more than 40 years here's the band fifth album, originally released in 1971 on Little Star Records. Formed in 1958 in Canton, Ohio, and originally consisting of Eddie Levert, Walter Lee Williams, William Powell, Bobby Massey, and Bill Isles. The O'Jays made their first chart appearance with the minor hit \"Lonely Drifter\" in 1963, but reached their greatest level of success once Gamble & Huff signed them to their Philadelphia International. Super Bad is a raw, deep funk classic. Ranking among their finest work and it is widely regarded as their most complete album.","robots":{"index":"index","follow":"follow","max-snippet":"max-snippet:-1","max-image-preview":"max-image-preview:large","max-video-preview":"max-video-preview:-1"},"canonical":"https:\/\/wpguerssen-test.odoo.rgbconsulting.com\/es\/producto\/superbad\/","og_locale":"es_ES","og_type":"article","og_title":"O'JAYS - Superbad -  (LP) | Guerssen","og_description":"One of the most influential vocal groups of the 60's with their original masterpiece, a necessary collection of rare groove and soul ballads. Officially reissued on vinyl after more than 40 years here's the band fifth album, originally released in 1971 on Little Star Records. Formed in 1958 in Canton, Ohio, and originally consisting of Eddie Levert, Walter Lee Williams, William Powell, Bobby Massey, and Bill Isles. The O'Jays made their first chart appearance with the minor hit \"Lonely Drifter\" in 1963, but reached their greatest level of success once Gamble & Huff signed them to their Philadelphia International. Super Bad is a raw, deep funk classic. Ranking among their finest work and it is widely regarded as their most complete album.","og_url":"https:\/\/wpguerssen-test.odoo.rgbconsulting.com\/es\/producto\/superbad\/","og_site_name":"Guerssen records","article_modified_time":"2025-04-11T11:19:13+00:00","og_image":[{"width":1400,"height":1400,"url":"https:\/\/wpguerssen-test.odoo.rgbconsulting.com\/wp-content\/uploads\/2023\/08\/44992.jpg","type":"image\/jpeg"}],"twitter_card":"summary_large_image","twitter_title":"O'JAYS - Superbad -  (LP) | Guerssen","twitter_misc":{"Tiempo de lectura":"1 minuto"},"schema":{"@context":"https:\/\/schema.org","@graph":[{"@type":"WebPage","@id":"https:\/\/wpguerssen-test.odoo.rgbconsulting.com\/es\/producto\/superbad\/","url":"https:\/\/wpguerssen-test.odoo.rgbconsulting.com\/es\/producto\/superbad\/","name":"O'JAYS - Superbad - (LP) | Guerssen","isPartOf":{"@id":"https:\/\/wpguerssen-test.odoo.rgbconsulting.com\/es\/#website"},"primaryImageOfPage":{"@id":"https:\/\/wpguerssen-test.odoo.rgbconsulting.com\/es\/producto\/superbad\/#primaryimage"},"image":{"@id":"https:\/\/wpguerssen-test.odoo.rgbconsulting.com\/es\/producto\/superbad\/#primaryimage"},"thumbnailUrl":"https:\/\/wpguerssen-test.odoo.rgbconsulting.com\/wp-content\/uploads\/2023\/08\/44992.jpg","datePublished":"2025-01-26T23:00:00+00:00","dateModified":"2025-04-11T11:19:13+00:00","description":"One of the most influential vocal groups of the 60's with their original masterpiece, a necessary collection of rare groove and soul ballads. Officially reissued on vinyl after more than 40 years here's the band fifth album, originally released in 1971 on Little Star Records. Formed in 1958 in Canton, Ohio, and originally consisting of Eddie Levert, Walter Lee Williams, William Powell, Bobby Massey, and Bill Isles. The O'Jays made their first chart appearance with the minor hit \"Lonely Drifter\" in 1963, but reached their greatest level of success once Gamble & Huff signed them to their Philadelphia International. Super Bad is a raw, deep funk classic. Ranking among their finest work and it is widely regarded as their most complete album.","breadcrumb":{"@id":"https:\/\/wpguerssen-test.odoo.rgbconsulting.com\/es\/producto\/superbad\/#breadcrumb"},"inLanguage":"es","potentialAction":[{"@type":"ReadAction","target":["https:\/\/wpguerssen-test.odoo.rgbconsulting.com\/es\/producto\/superbad\/"]}]},{"@type":"ImageObject","inLanguage":"es","@id":"https:\/\/wpguerssen-test.odoo.rgbconsulting.com\/es\/producto\/superbad\/#primaryimage","url":"https:\/\/wpguerssen-test.odoo.rgbconsulting.com\/wp-content\/uploads\/2023\/08\/44992.jpg","contentUrl":"https:\/\/wpguerssen-test.odoo.rgbconsulting.com\/wp-content\/uploads\/2023\/08\/44992.jpg","width":1400,"height":1400},{"@type":"BreadcrumbList","@id":"https:\/\/wpguerssen-test.odoo.rgbconsulting.com\/es\/producto\/superbad\/#breadcrumb","itemListElement":[{"@type":"ListItem","position":1,"name":"Inicio","item":"https:\/\/wpguerssen-test.odoo.rgbconsulting.com\/es\/"},{"@type":"ListItem","position":2,"name":"Shop","item":"https:\/\/wpguerssen-test.odoo.rgbconsulting.com\/shop\/"},{"@type":"ListItem","position":3,"name":"Superbad"}]},{"@type":"WebSite","@id":"https:\/\/wpguerssen-test.odoo.rgbconsulting.com\/es\/#website","url":"https:\/\/wpguerssen-test.odoo.rgbconsulting.com\/es\/","name":"Guerssen records","description":"psychedelia - progressive - folk - garage ","publisher":{"@id":"https:\/\/wpguerssen-test.odoo.rgbconsulting.com\/es\/#organization"},"potentialAction":[{"@type":"SearchAction","target":{"@type":"EntryPoint","urlTemplate":"https:\/\/wpguerssen-test.odoo.rgbconsulting.com\/es\/?s={search_term_string}"},"query-input":{"@type":"PropertyValueSpecification","valueRequired":true,"valueName":"search_term_string"}}],"inLanguage":"es"},{"@type":"Organization","@id":"https:\/\/wpguerssen-test.odoo.rgbconsulting.com\/es\/#organization","name":"Guerssen records","url":"https:\/\/wpguerssen-test.odoo.rgbconsulting.com\/es\/","logo":{"@type":"ImageObject","inLanguage":"es","@id":"https:\/\/wpguerssen-test.odoo.rgbconsulting.com\/es\/#\/schema\/logo\/image\/","url":"https:\/\/wpguerssen-test.odoo.rgbconsulting.com\/wp-content\/uploads\/2022\/04\/Logo_Guerssen_trans_100.png","contentUrl":"https:\/\/wpguerssen-test.odoo.rgbconsulting.com\/wp-content\/uploads\/2022\/04\/Logo_Guerssen_trans_100.png","width":122,"height":100,"caption":"Guerssen records"},"image":{"@id":"https:\/\/wpguerssen-test.odoo.rgbconsulting.com\/es\/#\/schema\/logo\/image\/"}}]}},"_links":{"self":[{"href":"https:\/\/wpguerssen-test.odoo.rgbconsulting.com\/es\/wp-json\/wp\/v2\/product\/238568","targetHints":{"allow":["GET"]}}],"collection":[{"href":"https:\/\/wpguerssen-test.odoo.rgbconsulting.com\/es\/wp-json\/wp\/v2\/product"}],"about":[{"href":"https:\/\/wpguerssen-test.odoo.rgbconsulting.com\/es\/wp-json\/wp\/v2\/types\/product"}],"wp:featuredmedia":[{"embeddable":true,"href":"https:\/\/wpguerssen-test.odoo.rgbconsulting.com\/es\/wp-json\/wp\/v2\/media\/240267"}],"wp:attachment":[{"href":"https:\/\/wpguerssen-test.odoo.rgbconsulting.com\/es\/wp-json\/wp\/v2\/media?parent=238568"}],"wp:term":[{"taxonomy":"product_brand","embeddable":true,"href":"https:\/\/wpguerssen-test.odoo.rgbconsulting.com\/es\/wp-json\/wp\/v2\/product_brand?post=238568"},{"taxonomy":"product_cat","embeddable":true,"href":"https:\/\/wpguerssen-test.odoo.rgbconsulting.com\/es\/wp-json\/wp\/v2\/product_cat?post=238568"},{"taxonomy":"product_tag","embeddable":true,"href":"https:\/\/wpguerssen-test.odoo.rgbconsulting.com\/es\/wp-json\/wp\/v2\/product_tag?post=238568"}],"curies":[{"name":"wp","href":"https:\/\/api.w.org\/{rel}","templated":true}]}}