{"id":238574,"date":"2025-01-13T00:00:00","date_gmt":"2025-01-12T23:00:00","guid":{"rendered":"https:\/\/wpguerssen-test.odoo.rgbconsulting.com\/product\/persian-underground\/"},"modified":"2025-03-06T14:10:18","modified_gmt":"2025-03-06T13:10:18","slug":"persian-underground","status":"publish","type":"product","link":"https:\/\/wpguerssen-test.odoo.rgbconsulting.com\/es\/producto\/persian-underground\/","title":{"rendered":"Persian Underground"},"content":{"rendered":"<p>\u00a1Un serio y oscuro objeto de deseo! Incre\u00edble colecci\u00f3n que re\u00fane algunos de los 45 rpm persas m\u00e1s raros. Una mezcla de estilos tan ecl\u00e9ctica, desde garage rock hasta cool beat persa, rock and roll ex\u00f3tico y sorprendentes n\u00fameros progresivos\/psicol\u00f3gicos. Con la baterista y cantante femenina Zangoleah con algunas pistas geniales de rock\/garage, bandas oscuras como Takkhalha haciendo una versi\u00f3n fabulosa de &#8216;Play With Fire&#8217; de los Stones y una versi\u00f3n incre\u00edble de la canci\u00f3n tradicional persa &#8216;Mastom, Mastom&#8217;, al estilo Golden Ring beat por los Big Boys, ex\u00f3tico beat persa de Saeed y Tigers, fant\u00e1stico garage-beat de Ojubeha y los dos lados del Kambiz 45, probablemente el mayor descubrimiento de Ir\u00e1n en los \u00faltimos a\u00f1os y uno de los pocos, si no el \u00fanico, verdaderamente persa Prog\/psych 45s jam\u00e1s grabados.<\/p>\n","protected":false},"excerpt":{"rendered":"<p>\u00a1Un serio y oscuro objeto de deseo! Incre\u00edble colecci\u00f3n que re\u00fane algunos de los 45 rpm persas m\u00e1s raros. Una mezcla de estilos tan ecl\u00e9ctica, desde garage rock<a class=\"read\" href=\"https:\/\/wpguerssen-test.odoo.rgbconsulting.com\/es\/producto\/persian-underground\/\"> (...)<\/a>","protected":false},"featured_media":238797,"template":"","meta":{"_acf_changed":false},"product_brand":[],"product_cat":[21639,23219],"product_tag":[24185],"class_list":{"0":"post-238574","1":"product","2":"type-product","3":"status-publish","4":"has-post-thumbnail","6":"product_cat-psychedelic60s-70s-es","7":"product_cat-funk-es","8":"product_tag-de-nuevo-en-existencia","9":"pa_artist-various-artists-es","10":"pa_format-lp-es","11":"pa_gender-psychedelic60s-70s-funk","12":"pa_label-cosmic-rock-es","13":"pa_location-eastern-es","14":"pa_other-filters-vinyl-only-es","16":"first","17":"instock","18":"taxable","19":"shipping-taxable","20":"purchasable","21":"product-type-simple"},"acf":[],"yoast_head":"<!-- This site is optimized with the Yoast SEO plugin v24.9 - https:\/\/yoast.com\/wordpress\/plugins\/seo\/ -->\n<title>VARIOUS ARTISTS - Persian Underground -  (LP) | Guerssen<\/title>\n<meta name=\"description\" content=\"A serious obscure object of desire ! Amazing collection that gathers some of the rarest Persian 45s. Such an eclectic mix of styles, from garage rock to cool Persian beat, exotic rock&amp;roll and astonishing prog\/psych numbers. Featuring female drummer &amp; singer Zangoleah with some killer garage\/rockin&#039; tracks, obscure bands like Takkhalha doing a fab cover of the Stones &#039;Play With Fire&#039; and an amazing take on the Persian traditional song &#039;Mastom, Mastom&#039;, Golden Ring-styled beat by Big Boys, exotic Persian beat by Saeed and Tigers, terrific garage-beat by Ojubeha and the two sides of the Kambiz 45, probably the major discovery from Iran in the recent years and one of the few, if not the only truly Persian prog\/psych 45s ever recorded.\" \/>\n<meta name=\"robots\" content=\"index, follow, max-snippet:-1, max-image-preview:large, max-video-preview:-1\" \/>\n<link rel=\"canonical\" href=\"https:\/\/wpguerssen-test.odoo.rgbconsulting.com\/es\/producto\/persian-underground\/\" \/>\n<meta property=\"og:locale\" content=\"es_ES\" \/>\n<meta property=\"og:type\" content=\"article\" \/>\n<meta property=\"og:title\" content=\"VARIOUS ARTISTS - Persian Underground -  (LP) | Guerssen\" \/>\n<meta property=\"og:description\" content=\"A serious obscure object of desire ! Amazing collection that gathers some of the rarest Persian 45s. Such an eclectic mix of styles, from garage rock to cool Persian beat, exotic rock&amp;roll and astonishing prog\/psych numbers. Featuring female drummer &amp; singer Zangoleah with some killer garage\/rockin&#039; tracks, obscure bands like Takkhalha doing a fab cover of the Stones &#039;Play With Fire&#039; and an amazing take on the Persian traditional song &#039;Mastom, Mastom&#039;, Golden Ring-styled beat by Big Boys, exotic Persian beat by Saeed and Tigers, terrific garage-beat by Ojubeha and the two sides of the Kambiz 45, probably the major discovery from Iran in the recent years and one of the few, if not the only truly Persian prog\/psych 45s ever recorded.\" \/>\n<meta property=\"og:url\" content=\"https:\/\/wpguerssen-test.odoo.rgbconsulting.com\/es\/producto\/persian-underground\/\" \/>\n<meta property=\"og:site_name\" content=\"Guerssen records\" \/>\n<meta property=\"article:modified_time\" content=\"2025-03-06T13:10:18+00:00\" \/>\n<meta property=\"og:image\" content=\"https:\/\/wpguerssen-test.odoo.rgbconsulting.com\/wp-content\/uploads\/2023\/07\/44996.jpg\" \/>\n\t<meta property=\"og:image:width\" content=\"1400\" \/>\n\t<meta property=\"og:image:height\" content=\"1400\" \/>\n\t<meta property=\"og:image:type\" content=\"image\/jpeg\" \/>\n<meta name=\"twitter:card\" content=\"summary_large_image\" \/>\n<meta name=\"twitter:title\" content=\"VARIOUS ARTISTS - Persian Underground -  (LP) | Guerssen\" \/>\n<meta name=\"twitter:label1\" content=\"Tiempo de lectura\" \/>\n\t<meta name=\"twitter:data1\" content=\"1 minuto\" \/>\n<script type=\"application\/ld+json\" class=\"yoast-schema-graph\">{\"@context\":\"https:\/\/schema.org\",\"@graph\":[{\"@type\":\"WebPage\",\"@id\":\"https:\/\/wpguerssen-test.odoo.rgbconsulting.com\/es\/producto\/persian-underground\/\",\"url\":\"https:\/\/wpguerssen-test.odoo.rgbconsulting.com\/es\/producto\/persian-underground\/\",\"name\":\"VARIOUS ARTISTS - Persian Underground - (LP) | Guerssen\",\"isPartOf\":{\"@id\":\"https:\/\/wpguerssen-test.odoo.rgbconsulting.com\/es\/#website\"},\"primaryImageOfPage\":{\"@id\":\"https:\/\/wpguerssen-test.odoo.rgbconsulting.com\/es\/producto\/persian-underground\/#primaryimage\"},\"image\":{\"@id\":\"https:\/\/wpguerssen-test.odoo.rgbconsulting.com\/es\/producto\/persian-underground\/#primaryimage\"},\"thumbnailUrl\":\"https:\/\/wpguerssen-test.odoo.rgbconsulting.com\/wp-content\/uploads\/2023\/07\/44996.jpg\",\"datePublished\":\"2025-01-12T23:00:00+00:00\",\"dateModified\":\"2025-03-06T13:10:18+00:00\",\"description\":\"A serious obscure object of desire ! Amazing collection that gathers some of the rarest Persian 45s. Such an eclectic mix of styles, from garage rock to cool Persian beat, exotic rock&roll and astonishing prog\/psych numbers. Featuring female drummer & singer Zangoleah with some killer garage\/rockin' tracks, obscure bands like Takkhalha doing a fab cover of the Stones 'Play With Fire' and an amazing take on the Persian traditional song 'Mastom, Mastom', Golden Ring-styled beat by Big Boys, exotic Persian beat by Saeed and Tigers, terrific garage-beat by Ojubeha and the two sides of the Kambiz 45, probably the major discovery from Iran in the recent years and one of the few, if not the only truly Persian prog\/psych 45s ever recorded.\",\"breadcrumb\":{\"@id\":\"https:\/\/wpguerssen-test.odoo.rgbconsulting.com\/es\/producto\/persian-underground\/#breadcrumb\"},\"inLanguage\":\"es\",\"potentialAction\":[{\"@type\":\"ReadAction\",\"target\":[\"https:\/\/wpguerssen-test.odoo.rgbconsulting.com\/es\/producto\/persian-underground\/\"]}]},{\"@type\":\"ImageObject\",\"inLanguage\":\"es\",\"@id\":\"https:\/\/wpguerssen-test.odoo.rgbconsulting.com\/es\/producto\/persian-underground\/#primaryimage\",\"url\":\"https:\/\/wpguerssen-test.odoo.rgbconsulting.com\/wp-content\/uploads\/2023\/07\/44996.jpg\",\"contentUrl\":\"https:\/\/wpguerssen-test.odoo.rgbconsulting.com\/wp-content\/uploads\/2023\/07\/44996.jpg\",\"width\":1400,\"height\":1400},{\"@type\":\"BreadcrumbList\",\"@id\":\"https:\/\/wpguerssen-test.odoo.rgbconsulting.com\/es\/producto\/persian-underground\/#breadcrumb\",\"itemListElement\":[{\"@type\":\"ListItem\",\"position\":1,\"name\":\"Inicio\",\"item\":\"https:\/\/wpguerssen-test.odoo.rgbconsulting.com\/es\/\"},{\"@type\":\"ListItem\",\"position\":2,\"name\":\"Shop\",\"item\":\"https:\/\/wpguerssen-test.odoo.rgbconsulting.com\/shop\/\"},{\"@type\":\"ListItem\",\"position\":3,\"name\":\"Persian Underground\"}]},{\"@type\":\"WebSite\",\"@id\":\"https:\/\/wpguerssen-test.odoo.rgbconsulting.com\/es\/#website\",\"url\":\"https:\/\/wpguerssen-test.odoo.rgbconsulting.com\/es\/\",\"name\":\"Guerssen records\",\"description\":\"psychedelia - progressive - folk - garage \",\"publisher\":{\"@id\":\"https:\/\/wpguerssen-test.odoo.rgbconsulting.com\/es\/#organization\"},\"potentialAction\":[{\"@type\":\"SearchAction\",\"target\":{\"@type\":\"EntryPoint\",\"urlTemplate\":\"https:\/\/wpguerssen-test.odoo.rgbconsulting.com\/es\/?s={search_term_string}\"},\"query-input\":{\"@type\":\"PropertyValueSpecification\",\"valueRequired\":true,\"valueName\":\"search_term_string\"}}],\"inLanguage\":\"es\"},{\"@type\":\"Organization\",\"@id\":\"https:\/\/wpguerssen-test.odoo.rgbconsulting.com\/es\/#organization\",\"name\":\"Guerssen records\",\"url\":\"https:\/\/wpguerssen-test.odoo.rgbconsulting.com\/es\/\",\"logo\":{\"@type\":\"ImageObject\",\"inLanguage\":\"es\",\"@id\":\"https:\/\/wpguerssen-test.odoo.rgbconsulting.com\/es\/#\/schema\/logo\/image\/\",\"url\":\"https:\/\/wpguerssen-test.odoo.rgbconsulting.com\/wp-content\/uploads\/2022\/04\/Logo_Guerssen_trans_100.png\",\"contentUrl\":\"https:\/\/wpguerssen-test.odoo.rgbconsulting.com\/wp-content\/uploads\/2022\/04\/Logo_Guerssen_trans_100.png\",\"width\":122,\"height\":100,\"caption\":\"Guerssen records\"},\"image\":{\"@id\":\"https:\/\/wpguerssen-test.odoo.rgbconsulting.com\/es\/#\/schema\/logo\/image\/\"}}]}<\/script>\n<!-- \/ Yoast SEO plugin. -->","yoast_head_json":{"title":"VARIOUS ARTISTS - Persian Underground -  (LP) | Guerssen","description":"A serious obscure object of desire ! Amazing collection that gathers some of the rarest Persian 45s. Such an eclectic mix of styles, from garage rock to cool Persian beat, exotic rock&roll and astonishing prog\/psych numbers. Featuring female drummer & singer Zangoleah with some killer garage\/rockin' tracks, obscure bands like Takkhalha doing a fab cover of the Stones 'Play With Fire' and an amazing take on the Persian traditional song 'Mastom, Mastom', Golden Ring-styled beat by Big Boys, exotic Persian beat by Saeed and Tigers, terrific garage-beat by Ojubeha and the two sides of the Kambiz 45, probably the major discovery from Iran in the recent years and one of the few, if not the only truly Persian prog\/psych 45s ever recorded.","robots":{"index":"index","follow":"follow","max-snippet":"max-snippet:-1","max-image-preview":"max-image-preview:large","max-video-preview":"max-video-preview:-1"},"canonical":"https:\/\/wpguerssen-test.odoo.rgbconsulting.com\/es\/producto\/persian-underground\/","og_locale":"es_ES","og_type":"article","og_title":"VARIOUS ARTISTS - Persian Underground -  (LP) | Guerssen","og_description":"A serious obscure object of desire ! Amazing collection that gathers some of the rarest Persian 45s. Such an eclectic mix of styles, from garage rock to cool Persian beat, exotic rock&roll and astonishing prog\/psych numbers. Featuring female drummer & singer Zangoleah with some killer garage\/rockin' tracks, obscure bands like Takkhalha doing a fab cover of the Stones 'Play With Fire' and an amazing take on the Persian traditional song 'Mastom, Mastom', Golden Ring-styled beat by Big Boys, exotic Persian beat by Saeed and Tigers, terrific garage-beat by Ojubeha and the two sides of the Kambiz 45, probably the major discovery from Iran in the recent years and one of the few, if not the only truly Persian prog\/psych 45s ever recorded.","og_url":"https:\/\/wpguerssen-test.odoo.rgbconsulting.com\/es\/producto\/persian-underground\/","og_site_name":"Guerssen records","article_modified_time":"2025-03-06T13:10:18+00:00","og_image":[{"width":1400,"height":1400,"url":"https:\/\/wpguerssen-test.odoo.rgbconsulting.com\/wp-content\/uploads\/2023\/07\/44996.jpg","type":"image\/jpeg"}],"twitter_card":"summary_large_image","twitter_title":"VARIOUS ARTISTS - Persian Underground -  (LP) | Guerssen","twitter_misc":{"Tiempo de lectura":"1 minuto"},"schema":{"@context":"https:\/\/schema.org","@graph":[{"@type":"WebPage","@id":"https:\/\/wpguerssen-test.odoo.rgbconsulting.com\/es\/producto\/persian-underground\/","url":"https:\/\/wpguerssen-test.odoo.rgbconsulting.com\/es\/producto\/persian-underground\/","name":"VARIOUS ARTISTS - Persian Underground - (LP) | Guerssen","isPartOf":{"@id":"https:\/\/wpguerssen-test.odoo.rgbconsulting.com\/es\/#website"},"primaryImageOfPage":{"@id":"https:\/\/wpguerssen-test.odoo.rgbconsulting.com\/es\/producto\/persian-underground\/#primaryimage"},"image":{"@id":"https:\/\/wpguerssen-test.odoo.rgbconsulting.com\/es\/producto\/persian-underground\/#primaryimage"},"thumbnailUrl":"https:\/\/wpguerssen-test.odoo.rgbconsulting.com\/wp-content\/uploads\/2023\/07\/44996.jpg","datePublished":"2025-01-12T23:00:00+00:00","dateModified":"2025-03-06T13:10:18+00:00","description":"A serious obscure object of desire ! Amazing collection that gathers some of the rarest Persian 45s. Such an eclectic mix of styles, from garage rock to cool Persian beat, exotic rock&roll and astonishing prog\/psych numbers. Featuring female drummer & singer Zangoleah with some killer garage\/rockin' tracks, obscure bands like Takkhalha doing a fab cover of the Stones 'Play With Fire' and an amazing take on the Persian traditional song 'Mastom, Mastom', Golden Ring-styled beat by Big Boys, exotic Persian beat by Saeed and Tigers, terrific garage-beat by Ojubeha and the two sides of the Kambiz 45, probably the major discovery from Iran in the recent years and one of the few, if not the only truly Persian prog\/psych 45s ever recorded.","breadcrumb":{"@id":"https:\/\/wpguerssen-test.odoo.rgbconsulting.com\/es\/producto\/persian-underground\/#breadcrumb"},"inLanguage":"es","potentialAction":[{"@type":"ReadAction","target":["https:\/\/wpguerssen-test.odoo.rgbconsulting.com\/es\/producto\/persian-underground\/"]}]},{"@type":"ImageObject","inLanguage":"es","@id":"https:\/\/wpguerssen-test.odoo.rgbconsulting.com\/es\/producto\/persian-underground\/#primaryimage","url":"https:\/\/wpguerssen-test.odoo.rgbconsulting.com\/wp-content\/uploads\/2023\/07\/44996.jpg","contentUrl":"https:\/\/wpguerssen-test.odoo.rgbconsulting.com\/wp-content\/uploads\/2023\/07\/44996.jpg","width":1400,"height":1400},{"@type":"BreadcrumbList","@id":"https:\/\/wpguerssen-test.odoo.rgbconsulting.com\/es\/producto\/persian-underground\/#breadcrumb","itemListElement":[{"@type":"ListItem","position":1,"name":"Inicio","item":"https:\/\/wpguerssen-test.odoo.rgbconsulting.com\/es\/"},{"@type":"ListItem","position":2,"name":"Shop","item":"https:\/\/wpguerssen-test.odoo.rgbconsulting.com\/shop\/"},{"@type":"ListItem","position":3,"name":"Persian Underground"}]},{"@type":"WebSite","@id":"https:\/\/wpguerssen-test.odoo.rgbconsulting.com\/es\/#website","url":"https:\/\/wpguerssen-test.odoo.rgbconsulting.com\/es\/","name":"Guerssen records","description":"psychedelia - progressive - folk - garage ","publisher":{"@id":"https:\/\/wpguerssen-test.odoo.rgbconsulting.com\/es\/#organization"},"potentialAction":[{"@type":"SearchAction","target":{"@type":"EntryPoint","urlTemplate":"https:\/\/wpguerssen-test.odoo.rgbconsulting.com\/es\/?s={search_term_string}"},"query-input":{"@type":"PropertyValueSpecification","valueRequired":true,"valueName":"search_term_string"}}],"inLanguage":"es"},{"@type":"Organization","@id":"https:\/\/wpguerssen-test.odoo.rgbconsulting.com\/es\/#organization","name":"Guerssen records","url":"https:\/\/wpguerssen-test.odoo.rgbconsulting.com\/es\/","logo":{"@type":"ImageObject","inLanguage":"es","@id":"https:\/\/wpguerssen-test.odoo.rgbconsulting.com\/es\/#\/schema\/logo\/image\/","url":"https:\/\/wpguerssen-test.odoo.rgbconsulting.com\/wp-content\/uploads\/2022\/04\/Logo_Guerssen_trans_100.png","contentUrl":"https:\/\/wpguerssen-test.odoo.rgbconsulting.com\/wp-content\/uploads\/2022\/04\/Logo_Guerssen_trans_100.png","width":122,"height":100,"caption":"Guerssen records"},"image":{"@id":"https:\/\/wpguerssen-test.odoo.rgbconsulting.com\/es\/#\/schema\/logo\/image\/"}}]}},"_links":{"self":[{"href":"https:\/\/wpguerssen-test.odoo.rgbconsulting.com\/es\/wp-json\/wp\/v2\/product\/238574","targetHints":{"allow":["GET"]}}],"collection":[{"href":"https:\/\/wpguerssen-test.odoo.rgbconsulting.com\/es\/wp-json\/wp\/v2\/product"}],"about":[{"href":"https:\/\/wpguerssen-test.odoo.rgbconsulting.com\/es\/wp-json\/wp\/v2\/types\/product"}],"wp:featuredmedia":[{"embeddable":true,"href":"https:\/\/wpguerssen-test.odoo.rgbconsulting.com\/es\/wp-json\/wp\/v2\/media\/238797"}],"wp:attachment":[{"href":"https:\/\/wpguerssen-test.odoo.rgbconsulting.com\/es\/wp-json\/wp\/v2\/media?parent=238574"}],"wp:term":[{"taxonomy":"product_brand","embeddable":true,"href":"https:\/\/wpguerssen-test.odoo.rgbconsulting.com\/es\/wp-json\/wp\/v2\/product_brand?post=238574"},{"taxonomy":"product_cat","embeddable":true,"href":"https:\/\/wpguerssen-test.odoo.rgbconsulting.com\/es\/wp-json\/wp\/v2\/product_cat?post=238574"},{"taxonomy":"product_tag","embeddable":true,"href":"https:\/\/wpguerssen-test.odoo.rgbconsulting.com\/es\/wp-json\/wp\/v2\/product_tag?post=238574"}],"curies":[{"name":"wp","href":"https:\/\/api.w.org\/{rel}","templated":true}]}}