{"id":238800,"date":"2023-09-07T00:00:00","date_gmt":"2023-09-06T22:00:00","guid":{"rendered":"https:\/\/wpguerssen-test.odoo.rgbconsulting.com\/product\/black-sun-ensemble-volume-2-black\/"},"modified":"2024-02-22T14:00:47","modified_gmt":"2024-02-22T13:00:47","slug":"black-sun-ensemble-volume-2-black","status":"publish","type":"product","link":"https:\/\/wpguerssen-test.odoo.rgbconsulting.com\/es\/producto\/black-sun-ensemble-volume-2-black\/","title":{"rendered":"Black Sun Ensemble (Volume 2) (Black)"},"content":{"rendered":"<p>La versi\u00f3n en vinilo negro es una exclusiva de Return to Analog International<br \/>\u00abLa m\u00fasica aqu\u00ed todav\u00eda me suena tan maravillosa como cuando la encontr\u00e9 por primera vez. El magn\u00edfico peso del trabajo de guitarra de Jes\u00fas es siempre una sorpresa. Desde el medio de las olas de arena m\u00e1s suavemente dibujadas, se eleva con su cimitarra negra y reluciente bajo el ardiente sol del desierto para cumplir una misi\u00f3n cuyas \u00f3rdenes solo \u00e9l puede escuchar. \u00bfQu\u00e9 m\u00e1s se puede pedir? Quiero decir, \u00bfde verdad? &#8211;Byron Coley<br \/>El segundo volumen de Lion de las grabaciones de Black Sun Ensemble para su primer \u00e1lbum cl\u00e1sico contiene una versi\u00f3n alternativa de ese \u00e1lbum, incluidas las pistas de la versi\u00f3n en CD del sello Camera Obscura (c. el a\u00f1o 2000) de ese \u00e1lbum.<\/p>\n","protected":false},"excerpt":{"rendered":"<p>La versi\u00f3n en vinilo negro es una exclusiva de Return to Analog International<br \/>\u00abLa m\u00fasica aqu\u00ed todav\u00eda me suena tan maravillosa como cuando la encontr\u00e9 por<a class=\"read\" href=\"https:\/\/wpguerssen-test.odoo.rgbconsulting.com\/es\/producto\/black-sun-ensemble-volume-2-black\/\"> (...)<\/a>","protected":false},"featured_media":240632,"template":"","meta":{"_acf_changed":false},"product_brand":[],"product_cat":[21688],"product_tag":[],"class_list":{"0":"post-238800","1":"product","2":"type-product","3":"status-publish","4":"has-post-thumbnail","6":"product_cat-psychedelic80s-90s-es","7":"pa_artist-black-sun-ensemble","8":"pa_format-lp-es","9":"pa_gender-psychedelic80s-90s","10":"pa_label-return-to-analog","11":"pa_location-north-america-es","12":"pa_other-filters-vinyl-only-es","14":"first","15":"instock","16":"taxable","17":"shipping-taxable","18":"purchasable","19":"product-type-simple"},"acf":[],"yoast_head":"<!-- This site is optimized with the Yoast SEO plugin v24.9 - https:\/\/yoast.com\/wordpress\/plugins\/seo\/ -->\n<title>BLACK SUN ENSEMBLE - Black Sun Ensemble (Volume 2) (Black) -  (LP) | Guerssen<\/title>\n<meta name=\"description\" content=\"Black vinyl version is a Return to Analog International exclusive&quot;The music here still sounds as gorgeous to me as it did when I first stumbled across it. The magnificent weight of Jesus&#039; guitar work is always a surprise. From the midst of the most gently-drawn sand waves, he rises with his scimitar gleaming black in the hot desert sun to fulfill a mission whose orders only he can hear. What more could you ask for? I mean, really?&quot; --Byron ColeyLion&#039;s second volume of the Black Sun Ensemble&#039;s recordings for their classic first album contains an alternate version of that album, including the tracks from the Camera Obscura label CD (c. the year 2000) version of that album -- well, sort of.\" \/>\n<meta name=\"robots\" content=\"index, follow, max-snippet:-1, max-image-preview:large, max-video-preview:-1\" \/>\n<link rel=\"canonical\" href=\"https:\/\/wpguerssen-test.odoo.rgbconsulting.com\/es\/producto\/black-sun-ensemble-volume-2-black\/\" \/>\n<meta property=\"og:locale\" content=\"es_ES\" \/>\n<meta property=\"og:type\" content=\"article\" \/>\n<meta property=\"og:title\" content=\"BLACK SUN ENSEMBLE - Black Sun Ensemble (Volume 2) (Black) -  (LP) | Guerssen\" \/>\n<meta property=\"og:description\" content=\"Black vinyl version is a Return to Analog International exclusive&quot;The music here still sounds as gorgeous to me as it did when I first stumbled across it. The magnificent weight of Jesus&#039; guitar work is always a surprise. From the midst of the most gently-drawn sand waves, he rises with his scimitar gleaming black in the hot desert sun to fulfill a mission whose orders only he can hear. What more could you ask for? I mean, really?&quot; --Byron ColeyLion&#039;s second volume of the Black Sun Ensemble&#039;s recordings for their classic first album contains an alternate version of that album, including the tracks from the Camera Obscura label CD (c. the year 2000) version of that album -- well, sort of.\" \/>\n<meta property=\"og:url\" content=\"https:\/\/wpguerssen-test.odoo.rgbconsulting.com\/es\/producto\/black-sun-ensemble-volume-2-black\/\" \/>\n<meta property=\"og:site_name\" content=\"Guerssen records\" \/>\n<meta property=\"article:modified_time\" content=\"2024-02-22T13:00:47+00:00\" \/>\n<meta property=\"og:image\" content=\"https:\/\/wpguerssen-test.odoo.rgbconsulting.com\/wp-content\/uploads\/2023\/09\/45031.jpg\" \/>\n\t<meta property=\"og:image:width\" content=\"600\" \/>\n\t<meta property=\"og:image:height\" content=\"600\" \/>\n\t<meta property=\"og:image:type\" content=\"image\/jpeg\" \/>\n<meta name=\"twitter:card\" content=\"summary_large_image\" \/>\n<meta name=\"twitter:title\" content=\"BLACK SUN ENSEMBLE - Black Sun Ensemble (Volume 2) (Black) -  (LP) | Guerssen\" \/>\n<meta name=\"twitter:label1\" content=\"Tiempo de lectura\" \/>\n\t<meta name=\"twitter:data1\" content=\"1 minuto\" \/>\n<script type=\"application\/ld+json\" class=\"yoast-schema-graph\">{\"@context\":\"https:\/\/schema.org\",\"@graph\":[{\"@type\":\"WebPage\",\"@id\":\"https:\/\/wpguerssen-test.odoo.rgbconsulting.com\/es\/producto\/black-sun-ensemble-volume-2-black\/\",\"url\":\"https:\/\/wpguerssen-test.odoo.rgbconsulting.com\/es\/producto\/black-sun-ensemble-volume-2-black\/\",\"name\":\"BLACK SUN ENSEMBLE - Black Sun Ensemble (Volume 2) (Black) - (LP) | Guerssen\",\"isPartOf\":{\"@id\":\"https:\/\/wpguerssen-test.odoo.rgbconsulting.com\/es\/#website\"},\"primaryImageOfPage\":{\"@id\":\"https:\/\/wpguerssen-test.odoo.rgbconsulting.com\/es\/producto\/black-sun-ensemble-volume-2-black\/#primaryimage\"},\"image\":{\"@id\":\"https:\/\/wpguerssen-test.odoo.rgbconsulting.com\/es\/producto\/black-sun-ensemble-volume-2-black\/#primaryimage\"},\"thumbnailUrl\":\"https:\/\/wpguerssen-test.odoo.rgbconsulting.com\/wp-content\/uploads\/2023\/09\/45031.jpg\",\"datePublished\":\"2023-09-06T22:00:00+00:00\",\"dateModified\":\"2024-02-22T13:00:47+00:00\",\"description\":\"Black vinyl version is a Return to Analog International exclusive\\\"The music here still sounds as gorgeous to me as it did when I first stumbled across it. The magnificent weight of Jesus' guitar work is always a surprise. From the midst of the most gently-drawn sand waves, he rises with his scimitar gleaming black in the hot desert sun to fulfill a mission whose orders only he can hear. What more could you ask for? I mean, really?\\\" --Byron ColeyLion's second volume of the Black Sun Ensemble's recordings for their classic first album contains an alternate version of that album, including the tracks from the Camera Obscura label CD (c. the year 2000) version of that album -- well, sort of.\",\"breadcrumb\":{\"@id\":\"https:\/\/wpguerssen-test.odoo.rgbconsulting.com\/es\/producto\/black-sun-ensemble-volume-2-black\/#breadcrumb\"},\"inLanguage\":\"es\",\"potentialAction\":[{\"@type\":\"ReadAction\",\"target\":[\"https:\/\/wpguerssen-test.odoo.rgbconsulting.com\/es\/producto\/black-sun-ensemble-volume-2-black\/\"]}]},{\"@type\":\"ImageObject\",\"inLanguage\":\"es\",\"@id\":\"https:\/\/wpguerssen-test.odoo.rgbconsulting.com\/es\/producto\/black-sun-ensemble-volume-2-black\/#primaryimage\",\"url\":\"https:\/\/wpguerssen-test.odoo.rgbconsulting.com\/wp-content\/uploads\/2023\/09\/45031.jpg\",\"contentUrl\":\"https:\/\/wpguerssen-test.odoo.rgbconsulting.com\/wp-content\/uploads\/2023\/09\/45031.jpg\",\"width\":600,\"height\":600},{\"@type\":\"BreadcrumbList\",\"@id\":\"https:\/\/wpguerssen-test.odoo.rgbconsulting.com\/es\/producto\/black-sun-ensemble-volume-2-black\/#breadcrumb\",\"itemListElement\":[{\"@type\":\"ListItem\",\"position\":1,\"name\":\"Inicio\",\"item\":\"https:\/\/wpguerssen-test.odoo.rgbconsulting.com\/es\/\"},{\"@type\":\"ListItem\",\"position\":2,\"name\":\"Shop\",\"item\":\"https:\/\/wpguerssen-test.odoo.rgbconsulting.com\/shop\/\"},{\"@type\":\"ListItem\",\"position\":3,\"name\":\"Black Sun Ensemble (Volume 2) (Black)\"}]},{\"@type\":\"WebSite\",\"@id\":\"https:\/\/wpguerssen-test.odoo.rgbconsulting.com\/es\/#website\",\"url\":\"https:\/\/wpguerssen-test.odoo.rgbconsulting.com\/es\/\",\"name\":\"Guerssen records\",\"description\":\"psychedelia - progressive - folk - garage \",\"publisher\":{\"@id\":\"https:\/\/wpguerssen-test.odoo.rgbconsulting.com\/es\/#organization\"},\"potentialAction\":[{\"@type\":\"SearchAction\",\"target\":{\"@type\":\"EntryPoint\",\"urlTemplate\":\"https:\/\/wpguerssen-test.odoo.rgbconsulting.com\/es\/?s={search_term_string}\"},\"query-input\":{\"@type\":\"PropertyValueSpecification\",\"valueRequired\":true,\"valueName\":\"search_term_string\"}}],\"inLanguage\":\"es\"},{\"@type\":\"Organization\",\"@id\":\"https:\/\/wpguerssen-test.odoo.rgbconsulting.com\/es\/#organization\",\"name\":\"Guerssen records\",\"url\":\"https:\/\/wpguerssen-test.odoo.rgbconsulting.com\/es\/\",\"logo\":{\"@type\":\"ImageObject\",\"inLanguage\":\"es\",\"@id\":\"https:\/\/wpguerssen-test.odoo.rgbconsulting.com\/es\/#\/schema\/logo\/image\/\",\"url\":\"https:\/\/wpguerssen-test.odoo.rgbconsulting.com\/wp-content\/uploads\/2022\/04\/Logo_Guerssen_trans_100.png\",\"contentUrl\":\"https:\/\/wpguerssen-test.odoo.rgbconsulting.com\/wp-content\/uploads\/2022\/04\/Logo_Guerssen_trans_100.png\",\"width\":122,\"height\":100,\"caption\":\"Guerssen records\"},\"image\":{\"@id\":\"https:\/\/wpguerssen-test.odoo.rgbconsulting.com\/es\/#\/schema\/logo\/image\/\"}}]}<\/script>\n<!-- \/ Yoast SEO plugin. -->","yoast_head_json":{"title":"BLACK SUN ENSEMBLE - Black Sun Ensemble (Volume 2) (Black) -  (LP) | Guerssen","description":"Black vinyl version is a Return to Analog International exclusive\"The music here still sounds as gorgeous to me as it did when I first stumbled across it. The magnificent weight of Jesus' guitar work is always a surprise. From the midst of the most gently-drawn sand waves, he rises with his scimitar gleaming black in the hot desert sun to fulfill a mission whose orders only he can hear. What more could you ask for? I mean, really?\" --Byron ColeyLion's second volume of the Black Sun Ensemble's recordings for their classic first album contains an alternate version of that album, including the tracks from the Camera Obscura label CD (c. the year 2000) version of that album -- well, sort of.","robots":{"index":"index","follow":"follow","max-snippet":"max-snippet:-1","max-image-preview":"max-image-preview:large","max-video-preview":"max-video-preview:-1"},"canonical":"https:\/\/wpguerssen-test.odoo.rgbconsulting.com\/es\/producto\/black-sun-ensemble-volume-2-black\/","og_locale":"es_ES","og_type":"article","og_title":"BLACK SUN ENSEMBLE - Black Sun Ensemble (Volume 2) (Black) -  (LP) | Guerssen","og_description":"Black vinyl version is a Return to Analog International exclusive\"The music here still sounds as gorgeous to me as it did when I first stumbled across it. The magnificent weight of Jesus' guitar work is always a surprise. From the midst of the most gently-drawn sand waves, he rises with his scimitar gleaming black in the hot desert sun to fulfill a mission whose orders only he can hear. What more could you ask for? I mean, really?\" --Byron ColeyLion's second volume of the Black Sun Ensemble's recordings for their classic first album contains an alternate version of that album, including the tracks from the Camera Obscura label CD (c. the year 2000) version of that album -- well, sort of.","og_url":"https:\/\/wpguerssen-test.odoo.rgbconsulting.com\/es\/producto\/black-sun-ensemble-volume-2-black\/","og_site_name":"Guerssen records","article_modified_time":"2024-02-22T13:00:47+00:00","og_image":[{"width":600,"height":600,"url":"https:\/\/wpguerssen-test.odoo.rgbconsulting.com\/wp-content\/uploads\/2023\/09\/45031.jpg","type":"image\/jpeg"}],"twitter_card":"summary_large_image","twitter_title":"BLACK SUN ENSEMBLE - Black Sun Ensemble (Volume 2) (Black) -  (LP) | Guerssen","twitter_misc":{"Tiempo de lectura":"1 minuto"},"schema":{"@context":"https:\/\/schema.org","@graph":[{"@type":"WebPage","@id":"https:\/\/wpguerssen-test.odoo.rgbconsulting.com\/es\/producto\/black-sun-ensemble-volume-2-black\/","url":"https:\/\/wpguerssen-test.odoo.rgbconsulting.com\/es\/producto\/black-sun-ensemble-volume-2-black\/","name":"BLACK SUN ENSEMBLE - Black Sun Ensemble (Volume 2) (Black) - (LP) | Guerssen","isPartOf":{"@id":"https:\/\/wpguerssen-test.odoo.rgbconsulting.com\/es\/#website"},"primaryImageOfPage":{"@id":"https:\/\/wpguerssen-test.odoo.rgbconsulting.com\/es\/producto\/black-sun-ensemble-volume-2-black\/#primaryimage"},"image":{"@id":"https:\/\/wpguerssen-test.odoo.rgbconsulting.com\/es\/producto\/black-sun-ensemble-volume-2-black\/#primaryimage"},"thumbnailUrl":"https:\/\/wpguerssen-test.odoo.rgbconsulting.com\/wp-content\/uploads\/2023\/09\/45031.jpg","datePublished":"2023-09-06T22:00:00+00:00","dateModified":"2024-02-22T13:00:47+00:00","description":"Black vinyl version is a Return to Analog International exclusive\"The music here still sounds as gorgeous to me as it did when I first stumbled across it. The magnificent weight of Jesus' guitar work is always a surprise. From the midst of the most gently-drawn sand waves, he rises with his scimitar gleaming black in the hot desert sun to fulfill a mission whose orders only he can hear. What more could you ask for? I mean, really?\" --Byron ColeyLion's second volume of the Black Sun Ensemble's recordings for their classic first album contains an alternate version of that album, including the tracks from the Camera Obscura label CD (c. the year 2000) version of that album -- well, sort of.","breadcrumb":{"@id":"https:\/\/wpguerssen-test.odoo.rgbconsulting.com\/es\/producto\/black-sun-ensemble-volume-2-black\/#breadcrumb"},"inLanguage":"es","potentialAction":[{"@type":"ReadAction","target":["https:\/\/wpguerssen-test.odoo.rgbconsulting.com\/es\/producto\/black-sun-ensemble-volume-2-black\/"]}]},{"@type":"ImageObject","inLanguage":"es","@id":"https:\/\/wpguerssen-test.odoo.rgbconsulting.com\/es\/producto\/black-sun-ensemble-volume-2-black\/#primaryimage","url":"https:\/\/wpguerssen-test.odoo.rgbconsulting.com\/wp-content\/uploads\/2023\/09\/45031.jpg","contentUrl":"https:\/\/wpguerssen-test.odoo.rgbconsulting.com\/wp-content\/uploads\/2023\/09\/45031.jpg","width":600,"height":600},{"@type":"BreadcrumbList","@id":"https:\/\/wpguerssen-test.odoo.rgbconsulting.com\/es\/producto\/black-sun-ensemble-volume-2-black\/#breadcrumb","itemListElement":[{"@type":"ListItem","position":1,"name":"Inicio","item":"https:\/\/wpguerssen-test.odoo.rgbconsulting.com\/es\/"},{"@type":"ListItem","position":2,"name":"Shop","item":"https:\/\/wpguerssen-test.odoo.rgbconsulting.com\/shop\/"},{"@type":"ListItem","position":3,"name":"Black Sun Ensemble (Volume 2) (Black)"}]},{"@type":"WebSite","@id":"https:\/\/wpguerssen-test.odoo.rgbconsulting.com\/es\/#website","url":"https:\/\/wpguerssen-test.odoo.rgbconsulting.com\/es\/","name":"Guerssen records","description":"psychedelia - progressive - folk - garage ","publisher":{"@id":"https:\/\/wpguerssen-test.odoo.rgbconsulting.com\/es\/#organization"},"potentialAction":[{"@type":"SearchAction","target":{"@type":"EntryPoint","urlTemplate":"https:\/\/wpguerssen-test.odoo.rgbconsulting.com\/es\/?s={search_term_string}"},"query-input":{"@type":"PropertyValueSpecification","valueRequired":true,"valueName":"search_term_string"}}],"inLanguage":"es"},{"@type":"Organization","@id":"https:\/\/wpguerssen-test.odoo.rgbconsulting.com\/es\/#organization","name":"Guerssen records","url":"https:\/\/wpguerssen-test.odoo.rgbconsulting.com\/es\/","logo":{"@type":"ImageObject","inLanguage":"es","@id":"https:\/\/wpguerssen-test.odoo.rgbconsulting.com\/es\/#\/schema\/logo\/image\/","url":"https:\/\/wpguerssen-test.odoo.rgbconsulting.com\/wp-content\/uploads\/2022\/04\/Logo_Guerssen_trans_100.png","contentUrl":"https:\/\/wpguerssen-test.odoo.rgbconsulting.com\/wp-content\/uploads\/2022\/04\/Logo_Guerssen_trans_100.png","width":122,"height":100,"caption":"Guerssen records"},"image":{"@id":"https:\/\/wpguerssen-test.odoo.rgbconsulting.com\/es\/#\/schema\/logo\/image\/"}}]}},"_links":{"self":[{"href":"https:\/\/wpguerssen-test.odoo.rgbconsulting.com\/es\/wp-json\/wp\/v2\/product\/238800","targetHints":{"allow":["GET"]}}],"collection":[{"href":"https:\/\/wpguerssen-test.odoo.rgbconsulting.com\/es\/wp-json\/wp\/v2\/product"}],"about":[{"href":"https:\/\/wpguerssen-test.odoo.rgbconsulting.com\/es\/wp-json\/wp\/v2\/types\/product"}],"wp:featuredmedia":[{"embeddable":true,"href":"https:\/\/wpguerssen-test.odoo.rgbconsulting.com\/es\/wp-json\/wp\/v2\/media\/240632"}],"wp:attachment":[{"href":"https:\/\/wpguerssen-test.odoo.rgbconsulting.com\/es\/wp-json\/wp\/v2\/media?parent=238800"}],"wp:term":[{"taxonomy":"product_brand","embeddable":true,"href":"https:\/\/wpguerssen-test.odoo.rgbconsulting.com\/es\/wp-json\/wp\/v2\/product_brand?post=238800"},{"taxonomy":"product_cat","embeddable":true,"href":"https:\/\/wpguerssen-test.odoo.rgbconsulting.com\/es\/wp-json\/wp\/v2\/product_cat?post=238800"},{"taxonomy":"product_tag","embeddable":true,"href":"https:\/\/wpguerssen-test.odoo.rgbconsulting.com\/es\/wp-json\/wp\/v2\/product_tag?post=238800"}],"curies":[{"name":"wp","href":"https:\/\/api.w.org\/{rel}","templated":true}]}}