{"id":238855,"date":"2023-10-25T00:00:00","date_gmt":"2023-10-24T22:00:00","guid":{"rendered":"https:\/\/wpguerssen-test.odoo.rgbconsulting.com\/product\/bags-groove-mono\/"},"modified":"2024-07-01T18:55:55","modified_gmt":"2024-07-01T16:55:55","slug":"bags-groove-mono","status":"publish","type":"product","link":"https:\/\/wpguerssen-test.odoo.rgbconsulting.com\/es\/producto\/bags-groove-mono\/","title":{"rendered":"Bags Groove (Mono)"},"content":{"rendered":"<p>Hay una multitud de razones por las que Bags&#8217; Groove sigue siendo la piedra angular del g\u00e9nero post-bop. Por supuesto, dice All Music Guide, siempre existir\u00e1 el atractivo del mito urbano que rodea la sesi\u00f3n de Nochebuena de 1954, con Thelonious Monk, que est\u00e1 documentado en las dos tomas de la canci\u00f3n principal. Obviamente, hay elementos m\u00e1s tangibles, como las carreras pr\u00e1cticamente telep\u00e1ticas de Davis con Sonny Rollins (saxo tenor) o la extra\u00f1a habilidad de Horace Silver (piano) para proporcionar una secuencia de progresiones de acordes que brindan una segunda direcci\u00f3n discreta sin llegar a abrumar. De hecho, la elecci\u00f3n de Davis de la ex Dizzy Gillespie Orchestra y los miembros concurrentes del Modern Jazz Quartet Milt Jackson (vibraci\u00f3n), Kenny Clarke (bater\u00eda) y Percy Heath (bajo) obviamente est\u00e1 bien asentada. Este combo se convirti\u00f3 en sin\u00f3nimo de la capacidad de improvisar con buen gusto y proporcionar l\u00edneas de blues bop en escenarios variados. La s\u00edncopa acelerada e infundida en lat\u00edn que se presenta durante la apertura de Airegin fluye hacia l\u00edneas y frases de acordes menores que reaparecer\u00edan varios a\u00f1os despu\u00e9s a lo largo de la epopeya Sketches of Spain de Davis. Bags&#8217; Groove permanece como piedra angular en todas las colecciones de jazz.<\/p>\n","protected":false},"excerpt":{"rendered":"<p>Hay una multitud de razones por las que Bags&#8217; Groove sigue siendo la piedra angular del g\u00e9nero post-bop. Por supuesto, dice All Music Guide, siempre existir\u00e1<a class=\"read\" href=\"https:\/\/wpguerssen-test.odoo.rgbconsulting.com\/es\/producto\/bags-groove-mono\/\"> (...)<\/a>","protected":false},"featured_media":238952,"template":"","meta":{"_acf_changed":false},"product_brand":[],"product_cat":[23227],"product_tag":[],"class_list":{"0":"post-238855","1":"product","2":"type-product","3":"status-publish","4":"has-post-thumbnail","6":"product_cat-jazz-es","7":"pa_artist-davis-miles-es-2","8":"pa_format-lp-es","9":"pa_gender-jazz","10":"pa_label-saar","11":"pa_location-north-america-es","12":"pa_other-filters-vinyl-only-es","14":"first","15":"instock","16":"taxable","17":"shipping-taxable","18":"purchasable","19":"product-type-simple"},"acf":[],"yoast_head":"<!-- This site is optimized with the Yoast SEO plugin v24.9 - https:\/\/yoast.com\/wordpress\/plugins\/seo\/ -->\n<title>DAVIS, Miles - Bags Groove (Mono) -  (LP) | Guerssen<\/title>\n<meta name=\"description\" content=\"There are a multitude of reasons why Bags&#039; Groove remains a cornerstone of the post-bop genre. Of course, says All Music Guide, there will always be the lure of the urban myth surrounding the Christmas Eve 1954 session -- featuring Thelonious Monk -- which is documented on the two takes of the title track. There are obviously more tangible elements, such as Davis&#039; practically telepathic runs with Sonny Rollins (tenor sax). Or Horace Silver&#039;s (piano) uncanny ability to provide a stream of chord progressions that supply a second inconspicuous lead without ever overpowering. Indeed, Davis&#039; choice of former Dizzy Gillespie Orchestra and concurrent Modern Jazz Quartet members Milt Jackson (vibes), Kenny Clarke (drums), and Percy Heath (bass) is obviously well-informed. This combo became synonymous with the ability to tastefully improvise and provide bluesy bop lines in varied settings. The up-tempo and Latin-infused syncopation featured during the opening of Airegin flows into lines and minor-chord phrasings that would reappear several years later throughout Davis&#039; Sketches of Spain epic. The fun and slightly maniacally toned Oleo features one of Heath&#039;s most impressive displays on Bags&#039; Groove. His staccato accompaniment exhibits the effortless nature with which these jazz giants are able to incorporate round after round of solos onto the larger unit. Bags&#039; Groove belongs as a cornerstone of all jazz collections.\" \/>\n<meta name=\"robots\" content=\"index, follow, max-snippet:-1, max-image-preview:large, max-video-preview:-1\" \/>\n<link rel=\"canonical\" href=\"https:\/\/wpguerssen-test.odoo.rgbconsulting.com\/es\/producto\/bags-groove-mono\/\" \/>\n<meta property=\"og:locale\" content=\"es_ES\" \/>\n<meta property=\"og:type\" content=\"article\" \/>\n<meta property=\"og:title\" content=\"DAVIS, Miles - Bags Groove (Mono) -  (LP) | Guerssen\" \/>\n<meta property=\"og:description\" content=\"There are a multitude of reasons why Bags&#039; Groove remains a cornerstone of the post-bop genre. Of course, says All Music Guide, there will always be the lure of the urban myth surrounding the Christmas Eve 1954 session -- featuring Thelonious Monk -- which is documented on the two takes of the title track. There are obviously more tangible elements, such as Davis&#039; practically telepathic runs with Sonny Rollins (tenor sax). Or Horace Silver&#039;s (piano) uncanny ability to provide a stream of chord progressions that supply a second inconspicuous lead without ever overpowering. Indeed, Davis&#039; choice of former Dizzy Gillespie Orchestra and concurrent Modern Jazz Quartet members Milt Jackson (vibes), Kenny Clarke (drums), and Percy Heath (bass) is obviously well-informed. This combo became synonymous with the ability to tastefully improvise and provide bluesy bop lines in varied settings. The up-tempo and Latin-infused syncopation featured during the opening of Airegin flows into lines and minor-chord phrasings that would reappear several years later throughout Davis&#039; Sketches of Spain epic. The fun and slightly maniacally toned Oleo features one of Heath&#039;s most impressive displays on Bags&#039; Groove. His staccato accompaniment exhibits the effortless nature with which these jazz giants are able to incorporate round after round of solos onto the larger unit. Bags&#039; Groove belongs as a cornerstone of all jazz collections.\" \/>\n<meta property=\"og:url\" content=\"https:\/\/wpguerssen-test.odoo.rgbconsulting.com\/es\/producto\/bags-groove-mono\/\" \/>\n<meta property=\"og:site_name\" content=\"Guerssen records\" \/>\n<meta property=\"article:modified_time\" content=\"2024-07-01T16:55:55+00:00\" \/>\n<meta property=\"og:image\" content=\"https:\/\/wpguerssen-test.odoo.rgbconsulting.com\/wp-content\/uploads\/2023\/07\/45049.jpg\" \/>\n\t<meta property=\"og:image:width\" content=\"1500\" \/>\n\t<meta property=\"og:image:height\" content=\"1500\" \/>\n\t<meta property=\"og:image:type\" content=\"image\/jpeg\" \/>\n<meta name=\"twitter:card\" content=\"summary_large_image\" \/>\n<meta name=\"twitter:title\" content=\"DAVIS, Miles - Bags Groove (Mono) -  (LP) | Guerssen\" \/>\n<meta name=\"twitter:label1\" content=\"Tiempo de lectura\" \/>\n\t<meta name=\"twitter:data1\" content=\"1 minuto\" \/>\n<script type=\"application\/ld+json\" class=\"yoast-schema-graph\">{\"@context\":\"https:\/\/schema.org\",\"@graph\":[{\"@type\":\"WebPage\",\"@id\":\"https:\/\/wpguerssen-test.odoo.rgbconsulting.com\/es\/producto\/bags-groove-mono\/\",\"url\":\"https:\/\/wpguerssen-test.odoo.rgbconsulting.com\/es\/producto\/bags-groove-mono\/\",\"name\":\"DAVIS, Miles - Bags Groove (Mono) - (LP) | Guerssen\",\"isPartOf\":{\"@id\":\"https:\/\/wpguerssen-test.odoo.rgbconsulting.com\/es\/#website\"},\"primaryImageOfPage\":{\"@id\":\"https:\/\/wpguerssen-test.odoo.rgbconsulting.com\/es\/producto\/bags-groove-mono\/#primaryimage\"},\"image\":{\"@id\":\"https:\/\/wpguerssen-test.odoo.rgbconsulting.com\/es\/producto\/bags-groove-mono\/#primaryimage\"},\"thumbnailUrl\":\"https:\/\/wpguerssen-test.odoo.rgbconsulting.com\/wp-content\/uploads\/2023\/07\/45049.jpg\",\"datePublished\":\"2023-10-24T22:00:00+00:00\",\"dateModified\":\"2024-07-01T16:55:55+00:00\",\"description\":\"There are a multitude of reasons why Bags' Groove remains a cornerstone of the post-bop genre. Of course, says All Music Guide, there will always be the lure of the urban myth surrounding the Christmas Eve 1954 session -- featuring Thelonious Monk -- which is documented on the two takes of the title track. There are obviously more tangible elements, such as Davis' practically telepathic runs with Sonny Rollins (tenor sax). Or Horace Silver's (piano) uncanny ability to provide a stream of chord progressions that supply a second inconspicuous lead without ever overpowering. Indeed, Davis' choice of former Dizzy Gillespie Orchestra and concurrent Modern Jazz Quartet members Milt Jackson (vibes), Kenny Clarke (drums), and Percy Heath (bass) is obviously well-informed. This combo became synonymous with the ability to tastefully improvise and provide bluesy bop lines in varied settings. The up-tempo and Latin-infused syncopation featured during the opening of Airegin flows into lines and minor-chord phrasings that would reappear several years later throughout Davis' Sketches of Spain epic. The fun and slightly maniacally toned Oleo features one of Heath's most impressive displays on Bags' Groove. His staccato accompaniment exhibits the effortless nature with which these jazz giants are able to incorporate round after round of solos onto the larger unit. Bags' Groove belongs as a cornerstone of all jazz collections.\",\"breadcrumb\":{\"@id\":\"https:\/\/wpguerssen-test.odoo.rgbconsulting.com\/es\/producto\/bags-groove-mono\/#breadcrumb\"},\"inLanguage\":\"es\",\"potentialAction\":[{\"@type\":\"ReadAction\",\"target\":[\"https:\/\/wpguerssen-test.odoo.rgbconsulting.com\/es\/producto\/bags-groove-mono\/\"]}]},{\"@type\":\"ImageObject\",\"inLanguage\":\"es\",\"@id\":\"https:\/\/wpguerssen-test.odoo.rgbconsulting.com\/es\/producto\/bags-groove-mono\/#primaryimage\",\"url\":\"https:\/\/wpguerssen-test.odoo.rgbconsulting.com\/wp-content\/uploads\/2023\/07\/45049.jpg\",\"contentUrl\":\"https:\/\/wpguerssen-test.odoo.rgbconsulting.com\/wp-content\/uploads\/2023\/07\/45049.jpg\",\"width\":1500,\"height\":1500,\"caption\":\"Miles - Bags Groove (Mono) - SAAR (LP) | Guerssen\"},{\"@type\":\"BreadcrumbList\",\"@id\":\"https:\/\/wpguerssen-test.odoo.rgbconsulting.com\/es\/producto\/bags-groove-mono\/#breadcrumb\",\"itemListElement\":[{\"@type\":\"ListItem\",\"position\":1,\"name\":\"Inicio\",\"item\":\"https:\/\/wpguerssen-test.odoo.rgbconsulting.com\/es\/\"},{\"@type\":\"ListItem\",\"position\":2,\"name\":\"Shop\",\"item\":\"https:\/\/wpguerssen-test.odoo.rgbconsulting.com\/shop\/\"},{\"@type\":\"ListItem\",\"position\":3,\"name\":\"Bags Groove (Mono)\"}]},{\"@type\":\"WebSite\",\"@id\":\"https:\/\/wpguerssen-test.odoo.rgbconsulting.com\/es\/#website\",\"url\":\"https:\/\/wpguerssen-test.odoo.rgbconsulting.com\/es\/\",\"name\":\"Guerssen records\",\"description\":\"psychedelia - progressive - folk - garage \",\"publisher\":{\"@id\":\"https:\/\/wpguerssen-test.odoo.rgbconsulting.com\/es\/#organization\"},\"potentialAction\":[{\"@type\":\"SearchAction\",\"target\":{\"@type\":\"EntryPoint\",\"urlTemplate\":\"https:\/\/wpguerssen-test.odoo.rgbconsulting.com\/es\/?s={search_term_string}\"},\"query-input\":{\"@type\":\"PropertyValueSpecification\",\"valueRequired\":true,\"valueName\":\"search_term_string\"}}],\"inLanguage\":\"es\"},{\"@type\":\"Organization\",\"@id\":\"https:\/\/wpguerssen-test.odoo.rgbconsulting.com\/es\/#organization\",\"name\":\"Guerssen records\",\"url\":\"https:\/\/wpguerssen-test.odoo.rgbconsulting.com\/es\/\",\"logo\":{\"@type\":\"ImageObject\",\"inLanguage\":\"es\",\"@id\":\"https:\/\/wpguerssen-test.odoo.rgbconsulting.com\/es\/#\/schema\/logo\/image\/\",\"url\":\"https:\/\/wpguerssen-test.odoo.rgbconsulting.com\/wp-content\/uploads\/2022\/04\/Logo_Guerssen_trans_100.png\",\"contentUrl\":\"https:\/\/wpguerssen-test.odoo.rgbconsulting.com\/wp-content\/uploads\/2022\/04\/Logo_Guerssen_trans_100.png\",\"width\":122,\"height\":100,\"caption\":\"Guerssen records\"},\"image\":{\"@id\":\"https:\/\/wpguerssen-test.odoo.rgbconsulting.com\/es\/#\/schema\/logo\/image\/\"}}]}<\/script>\n<!-- \/ Yoast SEO plugin. -->","yoast_head_json":{"title":"DAVIS, Miles - Bags Groove (Mono) -  (LP) | Guerssen","description":"There are a multitude of reasons why Bags' Groove remains a cornerstone of the post-bop genre. Of course, says All Music Guide, there will always be the lure of the urban myth surrounding the Christmas Eve 1954 session -- featuring Thelonious Monk -- which is documented on the two takes of the title track. There are obviously more tangible elements, such as Davis' practically telepathic runs with Sonny Rollins (tenor sax). Or Horace Silver's (piano) uncanny ability to provide a stream of chord progressions that supply a second inconspicuous lead without ever overpowering. Indeed, Davis' choice of former Dizzy Gillespie Orchestra and concurrent Modern Jazz Quartet members Milt Jackson (vibes), Kenny Clarke (drums), and Percy Heath (bass) is obviously well-informed. This combo became synonymous with the ability to tastefully improvise and provide bluesy bop lines in varied settings. The up-tempo and Latin-infused syncopation featured during the opening of Airegin flows into lines and minor-chord phrasings that would reappear several years later throughout Davis' Sketches of Spain epic. The fun and slightly maniacally toned Oleo features one of Heath's most impressive displays on Bags' Groove. His staccato accompaniment exhibits the effortless nature with which these jazz giants are able to incorporate round after round of solos onto the larger unit. Bags' Groove belongs as a cornerstone of all jazz collections.","robots":{"index":"index","follow":"follow","max-snippet":"max-snippet:-1","max-image-preview":"max-image-preview:large","max-video-preview":"max-video-preview:-1"},"canonical":"https:\/\/wpguerssen-test.odoo.rgbconsulting.com\/es\/producto\/bags-groove-mono\/","og_locale":"es_ES","og_type":"article","og_title":"DAVIS, Miles - Bags Groove (Mono) -  (LP) | Guerssen","og_description":"There are a multitude of reasons why Bags' Groove remains a cornerstone of the post-bop genre. Of course, says All Music Guide, there will always be the lure of the urban myth surrounding the Christmas Eve 1954 session -- featuring Thelonious Monk -- which is documented on the two takes of the title track. There are obviously more tangible elements, such as Davis' practically telepathic runs with Sonny Rollins (tenor sax). Or Horace Silver's (piano) uncanny ability to provide a stream of chord progressions that supply a second inconspicuous lead without ever overpowering. Indeed, Davis' choice of former Dizzy Gillespie Orchestra and concurrent Modern Jazz Quartet members Milt Jackson (vibes), Kenny Clarke (drums), and Percy Heath (bass) is obviously well-informed. This combo became synonymous with the ability to tastefully improvise and provide bluesy bop lines in varied settings. The up-tempo and Latin-infused syncopation featured during the opening of Airegin flows into lines and minor-chord phrasings that would reappear several years later throughout Davis' Sketches of Spain epic. The fun and slightly maniacally toned Oleo features one of Heath's most impressive displays on Bags' Groove. His staccato accompaniment exhibits the effortless nature with which these jazz giants are able to incorporate round after round of solos onto the larger unit. Bags' Groove belongs as a cornerstone of all jazz collections.","og_url":"https:\/\/wpguerssen-test.odoo.rgbconsulting.com\/es\/producto\/bags-groove-mono\/","og_site_name":"Guerssen records","article_modified_time":"2024-07-01T16:55:55+00:00","og_image":[{"width":1500,"height":1500,"url":"https:\/\/wpguerssen-test.odoo.rgbconsulting.com\/wp-content\/uploads\/2023\/07\/45049.jpg","type":"image\/jpeg"}],"twitter_card":"summary_large_image","twitter_title":"DAVIS, Miles - Bags Groove (Mono) -  (LP) | Guerssen","twitter_misc":{"Tiempo de lectura":"1 minuto"},"schema":{"@context":"https:\/\/schema.org","@graph":[{"@type":"WebPage","@id":"https:\/\/wpguerssen-test.odoo.rgbconsulting.com\/es\/producto\/bags-groove-mono\/","url":"https:\/\/wpguerssen-test.odoo.rgbconsulting.com\/es\/producto\/bags-groove-mono\/","name":"DAVIS, Miles - Bags Groove (Mono) - (LP) | Guerssen","isPartOf":{"@id":"https:\/\/wpguerssen-test.odoo.rgbconsulting.com\/es\/#website"},"primaryImageOfPage":{"@id":"https:\/\/wpguerssen-test.odoo.rgbconsulting.com\/es\/producto\/bags-groove-mono\/#primaryimage"},"image":{"@id":"https:\/\/wpguerssen-test.odoo.rgbconsulting.com\/es\/producto\/bags-groove-mono\/#primaryimage"},"thumbnailUrl":"https:\/\/wpguerssen-test.odoo.rgbconsulting.com\/wp-content\/uploads\/2023\/07\/45049.jpg","datePublished":"2023-10-24T22:00:00+00:00","dateModified":"2024-07-01T16:55:55+00:00","description":"There are a multitude of reasons why Bags' Groove remains a cornerstone of the post-bop genre. Of course, says All Music Guide, there will always be the lure of the urban myth surrounding the Christmas Eve 1954 session -- featuring Thelonious Monk -- which is documented on the two takes of the title track. There are obviously more tangible elements, such as Davis' practically telepathic runs with Sonny Rollins (tenor sax). Or Horace Silver's (piano) uncanny ability to provide a stream of chord progressions that supply a second inconspicuous lead without ever overpowering. Indeed, Davis' choice of former Dizzy Gillespie Orchestra and concurrent Modern Jazz Quartet members Milt Jackson (vibes), Kenny Clarke (drums), and Percy Heath (bass) is obviously well-informed. This combo became synonymous with the ability to tastefully improvise and provide bluesy bop lines in varied settings. The up-tempo and Latin-infused syncopation featured during the opening of Airegin flows into lines and minor-chord phrasings that would reappear several years later throughout Davis' Sketches of Spain epic. The fun and slightly maniacally toned Oleo features one of Heath's most impressive displays on Bags' Groove. His staccato accompaniment exhibits the effortless nature with which these jazz giants are able to incorporate round after round of solos onto the larger unit. Bags' Groove belongs as a cornerstone of all jazz collections.","breadcrumb":{"@id":"https:\/\/wpguerssen-test.odoo.rgbconsulting.com\/es\/producto\/bags-groove-mono\/#breadcrumb"},"inLanguage":"es","potentialAction":[{"@type":"ReadAction","target":["https:\/\/wpguerssen-test.odoo.rgbconsulting.com\/es\/producto\/bags-groove-mono\/"]}]},{"@type":"ImageObject","inLanguage":"es","@id":"https:\/\/wpguerssen-test.odoo.rgbconsulting.com\/es\/producto\/bags-groove-mono\/#primaryimage","url":"https:\/\/wpguerssen-test.odoo.rgbconsulting.com\/wp-content\/uploads\/2023\/07\/45049.jpg","contentUrl":"https:\/\/wpguerssen-test.odoo.rgbconsulting.com\/wp-content\/uploads\/2023\/07\/45049.jpg","width":1500,"height":1500,"caption":"Miles - Bags Groove (Mono) - SAAR (LP) | Guerssen"},{"@type":"BreadcrumbList","@id":"https:\/\/wpguerssen-test.odoo.rgbconsulting.com\/es\/producto\/bags-groove-mono\/#breadcrumb","itemListElement":[{"@type":"ListItem","position":1,"name":"Inicio","item":"https:\/\/wpguerssen-test.odoo.rgbconsulting.com\/es\/"},{"@type":"ListItem","position":2,"name":"Shop","item":"https:\/\/wpguerssen-test.odoo.rgbconsulting.com\/shop\/"},{"@type":"ListItem","position":3,"name":"Bags Groove (Mono)"}]},{"@type":"WebSite","@id":"https:\/\/wpguerssen-test.odoo.rgbconsulting.com\/es\/#website","url":"https:\/\/wpguerssen-test.odoo.rgbconsulting.com\/es\/","name":"Guerssen records","description":"psychedelia - progressive - folk - garage ","publisher":{"@id":"https:\/\/wpguerssen-test.odoo.rgbconsulting.com\/es\/#organization"},"potentialAction":[{"@type":"SearchAction","target":{"@type":"EntryPoint","urlTemplate":"https:\/\/wpguerssen-test.odoo.rgbconsulting.com\/es\/?s={search_term_string}"},"query-input":{"@type":"PropertyValueSpecification","valueRequired":true,"valueName":"search_term_string"}}],"inLanguage":"es"},{"@type":"Organization","@id":"https:\/\/wpguerssen-test.odoo.rgbconsulting.com\/es\/#organization","name":"Guerssen records","url":"https:\/\/wpguerssen-test.odoo.rgbconsulting.com\/es\/","logo":{"@type":"ImageObject","inLanguage":"es","@id":"https:\/\/wpguerssen-test.odoo.rgbconsulting.com\/es\/#\/schema\/logo\/image\/","url":"https:\/\/wpguerssen-test.odoo.rgbconsulting.com\/wp-content\/uploads\/2022\/04\/Logo_Guerssen_trans_100.png","contentUrl":"https:\/\/wpguerssen-test.odoo.rgbconsulting.com\/wp-content\/uploads\/2022\/04\/Logo_Guerssen_trans_100.png","width":122,"height":100,"caption":"Guerssen records"},"image":{"@id":"https:\/\/wpguerssen-test.odoo.rgbconsulting.com\/es\/#\/schema\/logo\/image\/"}}]}},"_links":{"self":[{"href":"https:\/\/wpguerssen-test.odoo.rgbconsulting.com\/es\/wp-json\/wp\/v2\/product\/238855","targetHints":{"allow":["GET"]}}],"collection":[{"href":"https:\/\/wpguerssen-test.odoo.rgbconsulting.com\/es\/wp-json\/wp\/v2\/product"}],"about":[{"href":"https:\/\/wpguerssen-test.odoo.rgbconsulting.com\/es\/wp-json\/wp\/v2\/types\/product"}],"wp:featuredmedia":[{"embeddable":true,"href":"https:\/\/wpguerssen-test.odoo.rgbconsulting.com\/es\/wp-json\/wp\/v2\/media\/238952"}],"wp:attachment":[{"href":"https:\/\/wpguerssen-test.odoo.rgbconsulting.com\/es\/wp-json\/wp\/v2\/media?parent=238855"}],"wp:term":[{"taxonomy":"product_brand","embeddable":true,"href":"https:\/\/wpguerssen-test.odoo.rgbconsulting.com\/es\/wp-json\/wp\/v2\/product_brand?post=238855"},{"taxonomy":"product_cat","embeddable":true,"href":"https:\/\/wpguerssen-test.odoo.rgbconsulting.com\/es\/wp-json\/wp\/v2\/product_cat?post=238855"},{"taxonomy":"product_tag","embeddable":true,"href":"https:\/\/wpguerssen-test.odoo.rgbconsulting.com\/es\/wp-json\/wp\/v2\/product_tag?post=238855"}],"curies":[{"name":"wp","href":"https:\/\/api.w.org\/{rel}","templated":true}]}}