{"id":238856,"date":"2023-10-25T00:00:00","date_gmt":"2023-10-24T22:00:00","guid":{"rendered":"https:\/\/wpguerssen-test.odoo.rgbconsulting.com\/product\/relaxin-mono\/"},"modified":"2024-07-01T18:56:03","modified_gmt":"2024-07-01T16:56:03","slug":"relaxin-mono","status":"publish","type":"product","link":"https:\/\/wpguerssen-test.odoo.rgbconsulting.com\/es\/producto\/relaxin-mono\/","title":{"rendered":"Relaxin&#8217; (Mono)"},"content":{"rendered":"<p>Relaxin&#8217; with the Miles Davis Quintet es una obra maestra en todos los sentidos. Cuando Miles Davis, el trompetista (1926-1991), form\u00f3 la banda en 1955, sus colegas, el saxofonista tenor John Coltrane, el pianista Red Garland, el bajista Paul Chambers y el baterista Philly Joe Jones, no eran considerados miembros del mundo del jazz. Y antes de superar su adicci\u00f3n a los narc\u00f3ticos a principios de los a\u00f1os 50, Davis hab\u00eda visto c\u00f3mo su carrera, que alguna vez fue prometedora, se eclips\u00f3. Sin embargo, en 1956, su sonido, especialmente cuando estaba silenciado, era una contraparte dolorosamente personal de las voces de Billie Holiday y Frank Sinatra. Relaxin&#8217; (m\u00e1s sus compa\u00f1eros de prestigio, Miles, Cookin&#8217;, Workin&#8217; y Steamin&#8217;) restableci\u00f3 a Davis y elev\u00f3 a su quinteto como el est\u00e1ndar de oro de los grupos peque\u00f1os.<br \/>Este \u00e1lbum se llama Relaxin&#8217; debido a las interpretaciones de baladas en varios diferentes tempos brillantes. De rebote, Relaxin&#8217; sigue siendo una de las salidas m\u00e1s soleadas de Davis, un excelente ejemplo de uno de los conjuntos m\u00e1s destacados del siglo XX que alcanza la cima de su arte.<\/p>\n","protected":false},"excerpt":{"rendered":"<p>Relaxin&#8217; with the Miles Davis Quintet es una obra maestra en todos los sentidos. Cuando Miles Davis, el trompetista (1926-1991), form\u00f3 la banda en 1955, sus<a class=\"read\" href=\"https:\/\/wpguerssen-test.odoo.rgbconsulting.com\/es\/producto\/relaxin-mono\/\"> (...)<\/a>","protected":false},"featured_media":238954,"template":"","meta":{"_acf_changed":false},"product_brand":[],"product_cat":[23227],"product_tag":[],"class_list":{"0":"post-238856","1":"product","2":"type-product","3":"status-publish","4":"has-post-thumbnail","6":"product_cat-jazz-es","7":"pa_artist-davis-miles-es-2","8":"pa_format-lp-es","9":"pa_gender-jazz","10":"pa_label-saar","11":"pa_location-north-america-es","12":"pa_other-filters-vinyl-only-es","14":"first","15":"instock","16":"taxable","17":"shipping-taxable","18":"purchasable","19":"product-type-simple"},"acf":[],"yoast_head":"<!-- This site is optimized with the Yoast SEO plugin v24.9 - https:\/\/yoast.com\/wordpress\/plugins\/seo\/ -->\n<title>DAVIS, Miles - Relaxin&#039; (Mono) -  (LP) | Guerssen<\/title>\n<meta name=\"description\" content=\"Relaxin&#039; with the Miles Davis Quintet is in every way a masterpiece. When Miles Davis, the trumpeter (1926-1991), had formed the band in 1955, his colleagues - tenor saxophonist John Coltrane, pianist Red Garland, bassist Paul Chambers, and drummer Philly Joe Jones - were not considered jazz-world A-listers. And before conquering his narcotics addiction earlier in the &#039;50s, Davis had seen his once-promising career go into eclipse. By 1956, however, his sound, especially when muted, was an achingly personal counterpart to the vocals of Billie Holiday and Frank Sinatra. Relaxin&#039; (plus its prestige companions, Miles, Cookin&#039;, Workin&#039; and Steamin&#039;) reestablished Davis, and elevated his quintet as the gold standard of small groups.This set is called Relaxin&#039; because of the ballad performances in several different bright tempos. From medium-bounce to crisply up, Relaxin&#039; remains one of Davis&#039;s sunniest outings, a prime example of one of the outstanding ensembles of the 20th century reaching the summit of their artistry.\" \/>\n<meta name=\"robots\" content=\"index, follow, max-snippet:-1, max-image-preview:large, max-video-preview:-1\" \/>\n<link rel=\"canonical\" href=\"https:\/\/wpguerssen-test.odoo.rgbconsulting.com\/es\/producto\/relaxin-mono\/\" \/>\n<meta property=\"og:locale\" content=\"es_ES\" \/>\n<meta property=\"og:type\" content=\"article\" \/>\n<meta property=\"og:title\" content=\"DAVIS, Miles - Relaxin&#039; (Mono) -  (LP) | Guerssen\" \/>\n<meta property=\"og:description\" content=\"Relaxin&#039; with the Miles Davis Quintet is in every way a masterpiece. When Miles Davis, the trumpeter (1926-1991), had formed the band in 1955, his colleagues - tenor saxophonist John Coltrane, pianist Red Garland, bassist Paul Chambers, and drummer Philly Joe Jones - were not considered jazz-world A-listers. And before conquering his narcotics addiction earlier in the &#039;50s, Davis had seen his once-promising career go into eclipse. By 1956, however, his sound, especially when muted, was an achingly personal counterpart to the vocals of Billie Holiday and Frank Sinatra. Relaxin&#039; (plus its prestige companions, Miles, Cookin&#039;, Workin&#039; and Steamin&#039;) reestablished Davis, and elevated his quintet as the gold standard of small groups.This set is called Relaxin&#039; because of the ballad performances in several different bright tempos. From medium-bounce to crisply up, Relaxin&#039; remains one of Davis&#039;s sunniest outings, a prime example of one of the outstanding ensembles of the 20th century reaching the summit of their artistry.\" \/>\n<meta property=\"og:url\" content=\"https:\/\/wpguerssen-test.odoo.rgbconsulting.com\/es\/producto\/relaxin-mono\/\" \/>\n<meta property=\"og:site_name\" content=\"Guerssen records\" \/>\n<meta property=\"article:modified_time\" content=\"2024-07-01T16:56:03+00:00\" \/>\n<meta property=\"og:image\" content=\"https:\/\/wpguerssen-test.odoo.rgbconsulting.com\/wp-content\/uploads\/2023\/07\/45050.jpg\" \/>\n\t<meta property=\"og:image:width\" content=\"1500\" \/>\n\t<meta property=\"og:image:height\" content=\"1500\" \/>\n\t<meta property=\"og:image:type\" content=\"image\/jpeg\" \/>\n<meta name=\"twitter:card\" content=\"summary_large_image\" \/>\n<meta name=\"twitter:title\" content=\"DAVIS, Miles - Relaxin&#039; (Mono) -  (LP) | Guerssen\" \/>\n<meta name=\"twitter:label1\" content=\"Tiempo de lectura\" \/>\n\t<meta name=\"twitter:data1\" content=\"1 minuto\" \/>\n<script type=\"application\/ld+json\" class=\"yoast-schema-graph\">{\"@context\":\"https:\/\/schema.org\",\"@graph\":[{\"@type\":\"WebPage\",\"@id\":\"https:\/\/wpguerssen-test.odoo.rgbconsulting.com\/es\/producto\/relaxin-mono\/\",\"url\":\"https:\/\/wpguerssen-test.odoo.rgbconsulting.com\/es\/producto\/relaxin-mono\/\",\"name\":\"DAVIS, Miles - Relaxin' (Mono) - (LP) | Guerssen\",\"isPartOf\":{\"@id\":\"https:\/\/wpguerssen-test.odoo.rgbconsulting.com\/es\/#website\"},\"primaryImageOfPage\":{\"@id\":\"https:\/\/wpguerssen-test.odoo.rgbconsulting.com\/es\/producto\/relaxin-mono\/#primaryimage\"},\"image\":{\"@id\":\"https:\/\/wpguerssen-test.odoo.rgbconsulting.com\/es\/producto\/relaxin-mono\/#primaryimage\"},\"thumbnailUrl\":\"https:\/\/wpguerssen-test.odoo.rgbconsulting.com\/wp-content\/uploads\/2023\/07\/45050.jpg\",\"datePublished\":\"2023-10-24T22:00:00+00:00\",\"dateModified\":\"2024-07-01T16:56:03+00:00\",\"description\":\"Relaxin' with the Miles Davis Quintet is in every way a masterpiece. When Miles Davis, the trumpeter (1926-1991), had formed the band in 1955, his colleagues - tenor saxophonist John Coltrane, pianist Red Garland, bassist Paul Chambers, and drummer Philly Joe Jones - were not considered jazz-world A-listers. And before conquering his narcotics addiction earlier in the '50s, Davis had seen his once-promising career go into eclipse. By 1956, however, his sound, especially when muted, was an achingly personal counterpart to the vocals of Billie Holiday and Frank Sinatra. Relaxin' (plus its prestige companions, Miles, Cookin', Workin' and Steamin') reestablished Davis, and elevated his quintet as the gold standard of small groups.This set is called Relaxin' because of the ballad performances in several different bright tempos. From medium-bounce to crisply up, Relaxin' remains one of Davis's sunniest outings, a prime example of one of the outstanding ensembles of the 20th century reaching the summit of their artistry.\",\"breadcrumb\":{\"@id\":\"https:\/\/wpguerssen-test.odoo.rgbconsulting.com\/es\/producto\/relaxin-mono\/#breadcrumb\"},\"inLanguage\":\"es\",\"potentialAction\":[{\"@type\":\"ReadAction\",\"target\":[\"https:\/\/wpguerssen-test.odoo.rgbconsulting.com\/es\/producto\/relaxin-mono\/\"]}]},{\"@type\":\"ImageObject\",\"inLanguage\":\"es\",\"@id\":\"https:\/\/wpguerssen-test.odoo.rgbconsulting.com\/es\/producto\/relaxin-mono\/#primaryimage\",\"url\":\"https:\/\/wpguerssen-test.odoo.rgbconsulting.com\/wp-content\/uploads\/2023\/07\/45050.jpg\",\"contentUrl\":\"https:\/\/wpguerssen-test.odoo.rgbconsulting.com\/wp-content\/uploads\/2023\/07\/45050.jpg\",\"width\":1500,\"height\":1500,\"caption\":\"Miles - Relaxin' (Mono) - SAAR (LP) | Guerssen\"},{\"@type\":\"BreadcrumbList\",\"@id\":\"https:\/\/wpguerssen-test.odoo.rgbconsulting.com\/es\/producto\/relaxin-mono\/#breadcrumb\",\"itemListElement\":[{\"@type\":\"ListItem\",\"position\":1,\"name\":\"Inicio\",\"item\":\"https:\/\/wpguerssen-test.odoo.rgbconsulting.com\/es\/\"},{\"@type\":\"ListItem\",\"position\":2,\"name\":\"Shop\",\"item\":\"https:\/\/wpguerssen-test.odoo.rgbconsulting.com\/shop\/\"},{\"@type\":\"ListItem\",\"position\":3,\"name\":\"Relaxin&#8217; (Mono)\"}]},{\"@type\":\"WebSite\",\"@id\":\"https:\/\/wpguerssen-test.odoo.rgbconsulting.com\/es\/#website\",\"url\":\"https:\/\/wpguerssen-test.odoo.rgbconsulting.com\/es\/\",\"name\":\"Guerssen records\",\"description\":\"psychedelia - progressive - folk - garage \",\"publisher\":{\"@id\":\"https:\/\/wpguerssen-test.odoo.rgbconsulting.com\/es\/#organization\"},\"potentialAction\":[{\"@type\":\"SearchAction\",\"target\":{\"@type\":\"EntryPoint\",\"urlTemplate\":\"https:\/\/wpguerssen-test.odoo.rgbconsulting.com\/es\/?s={search_term_string}\"},\"query-input\":{\"@type\":\"PropertyValueSpecification\",\"valueRequired\":true,\"valueName\":\"search_term_string\"}}],\"inLanguage\":\"es\"},{\"@type\":\"Organization\",\"@id\":\"https:\/\/wpguerssen-test.odoo.rgbconsulting.com\/es\/#organization\",\"name\":\"Guerssen records\",\"url\":\"https:\/\/wpguerssen-test.odoo.rgbconsulting.com\/es\/\",\"logo\":{\"@type\":\"ImageObject\",\"inLanguage\":\"es\",\"@id\":\"https:\/\/wpguerssen-test.odoo.rgbconsulting.com\/es\/#\/schema\/logo\/image\/\",\"url\":\"https:\/\/wpguerssen-test.odoo.rgbconsulting.com\/wp-content\/uploads\/2022\/04\/Logo_Guerssen_trans_100.png\",\"contentUrl\":\"https:\/\/wpguerssen-test.odoo.rgbconsulting.com\/wp-content\/uploads\/2022\/04\/Logo_Guerssen_trans_100.png\",\"width\":122,\"height\":100,\"caption\":\"Guerssen records\"},\"image\":{\"@id\":\"https:\/\/wpguerssen-test.odoo.rgbconsulting.com\/es\/#\/schema\/logo\/image\/\"}}]}<\/script>\n<!-- \/ Yoast SEO plugin. -->","yoast_head_json":{"title":"DAVIS, Miles - Relaxin' (Mono) -  (LP) | Guerssen","description":"Relaxin' with the Miles Davis Quintet is in every way a masterpiece. When Miles Davis, the trumpeter (1926-1991), had formed the band in 1955, his colleagues - tenor saxophonist John Coltrane, pianist Red Garland, bassist Paul Chambers, and drummer Philly Joe Jones - were not considered jazz-world A-listers. And before conquering his narcotics addiction earlier in the '50s, Davis had seen his once-promising career go into eclipse. By 1956, however, his sound, especially when muted, was an achingly personal counterpart to the vocals of Billie Holiday and Frank Sinatra. Relaxin' (plus its prestige companions, Miles, Cookin', Workin' and Steamin') reestablished Davis, and elevated his quintet as the gold standard of small groups.This set is called Relaxin' because of the ballad performances in several different bright tempos. From medium-bounce to crisply up, Relaxin' remains one of Davis's sunniest outings, a prime example of one of the outstanding ensembles of the 20th century reaching the summit of their artistry.","robots":{"index":"index","follow":"follow","max-snippet":"max-snippet:-1","max-image-preview":"max-image-preview:large","max-video-preview":"max-video-preview:-1"},"canonical":"https:\/\/wpguerssen-test.odoo.rgbconsulting.com\/es\/producto\/relaxin-mono\/","og_locale":"es_ES","og_type":"article","og_title":"DAVIS, Miles - Relaxin' (Mono) -  (LP) | Guerssen","og_description":"Relaxin' with the Miles Davis Quintet is in every way a masterpiece. When Miles Davis, the trumpeter (1926-1991), had formed the band in 1955, his colleagues - tenor saxophonist John Coltrane, pianist Red Garland, bassist Paul Chambers, and drummer Philly Joe Jones - were not considered jazz-world A-listers. And before conquering his narcotics addiction earlier in the '50s, Davis had seen his once-promising career go into eclipse. By 1956, however, his sound, especially when muted, was an achingly personal counterpart to the vocals of Billie Holiday and Frank Sinatra. Relaxin' (plus its prestige companions, Miles, Cookin', Workin' and Steamin') reestablished Davis, and elevated his quintet as the gold standard of small groups.This set is called Relaxin' because of the ballad performances in several different bright tempos. From medium-bounce to crisply up, Relaxin' remains one of Davis's sunniest outings, a prime example of one of the outstanding ensembles of the 20th century reaching the summit of their artistry.","og_url":"https:\/\/wpguerssen-test.odoo.rgbconsulting.com\/es\/producto\/relaxin-mono\/","og_site_name":"Guerssen records","article_modified_time":"2024-07-01T16:56:03+00:00","og_image":[{"width":1500,"height":1500,"url":"https:\/\/wpguerssen-test.odoo.rgbconsulting.com\/wp-content\/uploads\/2023\/07\/45050.jpg","type":"image\/jpeg"}],"twitter_card":"summary_large_image","twitter_title":"DAVIS, Miles - Relaxin' (Mono) -  (LP) | Guerssen","twitter_misc":{"Tiempo de lectura":"1 minuto"},"schema":{"@context":"https:\/\/schema.org","@graph":[{"@type":"WebPage","@id":"https:\/\/wpguerssen-test.odoo.rgbconsulting.com\/es\/producto\/relaxin-mono\/","url":"https:\/\/wpguerssen-test.odoo.rgbconsulting.com\/es\/producto\/relaxin-mono\/","name":"DAVIS, Miles - Relaxin' (Mono) - (LP) | Guerssen","isPartOf":{"@id":"https:\/\/wpguerssen-test.odoo.rgbconsulting.com\/es\/#website"},"primaryImageOfPage":{"@id":"https:\/\/wpguerssen-test.odoo.rgbconsulting.com\/es\/producto\/relaxin-mono\/#primaryimage"},"image":{"@id":"https:\/\/wpguerssen-test.odoo.rgbconsulting.com\/es\/producto\/relaxin-mono\/#primaryimage"},"thumbnailUrl":"https:\/\/wpguerssen-test.odoo.rgbconsulting.com\/wp-content\/uploads\/2023\/07\/45050.jpg","datePublished":"2023-10-24T22:00:00+00:00","dateModified":"2024-07-01T16:56:03+00:00","description":"Relaxin' with the Miles Davis Quintet is in every way a masterpiece. When Miles Davis, the trumpeter (1926-1991), had formed the band in 1955, his colleagues - tenor saxophonist John Coltrane, pianist Red Garland, bassist Paul Chambers, and drummer Philly Joe Jones - were not considered jazz-world A-listers. And before conquering his narcotics addiction earlier in the '50s, Davis had seen his once-promising career go into eclipse. By 1956, however, his sound, especially when muted, was an achingly personal counterpart to the vocals of Billie Holiday and Frank Sinatra. Relaxin' (plus its prestige companions, Miles, Cookin', Workin' and Steamin') reestablished Davis, and elevated his quintet as the gold standard of small groups.This set is called Relaxin' because of the ballad performances in several different bright tempos. From medium-bounce to crisply up, Relaxin' remains one of Davis's sunniest outings, a prime example of one of the outstanding ensembles of the 20th century reaching the summit of their artistry.","breadcrumb":{"@id":"https:\/\/wpguerssen-test.odoo.rgbconsulting.com\/es\/producto\/relaxin-mono\/#breadcrumb"},"inLanguage":"es","potentialAction":[{"@type":"ReadAction","target":["https:\/\/wpguerssen-test.odoo.rgbconsulting.com\/es\/producto\/relaxin-mono\/"]}]},{"@type":"ImageObject","inLanguage":"es","@id":"https:\/\/wpguerssen-test.odoo.rgbconsulting.com\/es\/producto\/relaxin-mono\/#primaryimage","url":"https:\/\/wpguerssen-test.odoo.rgbconsulting.com\/wp-content\/uploads\/2023\/07\/45050.jpg","contentUrl":"https:\/\/wpguerssen-test.odoo.rgbconsulting.com\/wp-content\/uploads\/2023\/07\/45050.jpg","width":1500,"height":1500,"caption":"Miles - Relaxin' (Mono) - SAAR (LP) | Guerssen"},{"@type":"BreadcrumbList","@id":"https:\/\/wpguerssen-test.odoo.rgbconsulting.com\/es\/producto\/relaxin-mono\/#breadcrumb","itemListElement":[{"@type":"ListItem","position":1,"name":"Inicio","item":"https:\/\/wpguerssen-test.odoo.rgbconsulting.com\/es\/"},{"@type":"ListItem","position":2,"name":"Shop","item":"https:\/\/wpguerssen-test.odoo.rgbconsulting.com\/shop\/"},{"@type":"ListItem","position":3,"name":"Relaxin&#8217; (Mono)"}]},{"@type":"WebSite","@id":"https:\/\/wpguerssen-test.odoo.rgbconsulting.com\/es\/#website","url":"https:\/\/wpguerssen-test.odoo.rgbconsulting.com\/es\/","name":"Guerssen records","description":"psychedelia - progressive - folk - garage ","publisher":{"@id":"https:\/\/wpguerssen-test.odoo.rgbconsulting.com\/es\/#organization"},"potentialAction":[{"@type":"SearchAction","target":{"@type":"EntryPoint","urlTemplate":"https:\/\/wpguerssen-test.odoo.rgbconsulting.com\/es\/?s={search_term_string}"},"query-input":{"@type":"PropertyValueSpecification","valueRequired":true,"valueName":"search_term_string"}}],"inLanguage":"es"},{"@type":"Organization","@id":"https:\/\/wpguerssen-test.odoo.rgbconsulting.com\/es\/#organization","name":"Guerssen records","url":"https:\/\/wpguerssen-test.odoo.rgbconsulting.com\/es\/","logo":{"@type":"ImageObject","inLanguage":"es","@id":"https:\/\/wpguerssen-test.odoo.rgbconsulting.com\/es\/#\/schema\/logo\/image\/","url":"https:\/\/wpguerssen-test.odoo.rgbconsulting.com\/wp-content\/uploads\/2022\/04\/Logo_Guerssen_trans_100.png","contentUrl":"https:\/\/wpguerssen-test.odoo.rgbconsulting.com\/wp-content\/uploads\/2022\/04\/Logo_Guerssen_trans_100.png","width":122,"height":100,"caption":"Guerssen records"},"image":{"@id":"https:\/\/wpguerssen-test.odoo.rgbconsulting.com\/es\/#\/schema\/logo\/image\/"}}]}},"_links":{"self":[{"href":"https:\/\/wpguerssen-test.odoo.rgbconsulting.com\/es\/wp-json\/wp\/v2\/product\/238856","targetHints":{"allow":["GET"]}}],"collection":[{"href":"https:\/\/wpguerssen-test.odoo.rgbconsulting.com\/es\/wp-json\/wp\/v2\/product"}],"about":[{"href":"https:\/\/wpguerssen-test.odoo.rgbconsulting.com\/es\/wp-json\/wp\/v2\/types\/product"}],"wp:featuredmedia":[{"embeddable":true,"href":"https:\/\/wpguerssen-test.odoo.rgbconsulting.com\/es\/wp-json\/wp\/v2\/media\/238954"}],"wp:attachment":[{"href":"https:\/\/wpguerssen-test.odoo.rgbconsulting.com\/es\/wp-json\/wp\/v2\/media?parent=238856"}],"wp:term":[{"taxonomy":"product_brand","embeddable":true,"href":"https:\/\/wpguerssen-test.odoo.rgbconsulting.com\/es\/wp-json\/wp\/v2\/product_brand?post=238856"},{"taxonomy":"product_cat","embeddable":true,"href":"https:\/\/wpguerssen-test.odoo.rgbconsulting.com\/es\/wp-json\/wp\/v2\/product_cat?post=238856"},{"taxonomy":"product_tag","embeddable":true,"href":"https:\/\/wpguerssen-test.odoo.rgbconsulting.com\/es\/wp-json\/wp\/v2\/product_tag?post=238856"}],"curies":[{"name":"wp","href":"https:\/\/api.w.org\/{rel}","templated":true}]}}