{"id":238857,"date":"2023-07-25T00:00:00","date_gmt":"2023-07-24T22:00:00","guid":{"rendered":"https:\/\/wpguerssen-test.odoo.rgbconsulting.com\/product\/raxola-red\/"},"modified":"2025-01-09T15:26:09","modified_gmt":"2025-01-09T14:26:09","slug":"raxola-red","status":"publish","type":"product","link":"https:\/\/wpguerssen-test.odoo.rgbconsulting.com\/es\/producto\/raxola-red\/","title":{"rendered":"Raxola (Red)"},"content":{"rendered":"<p>Los innovadores del punk belga RAXOLA se formaron en 1977, el nombre denota Revolution Axis Opens Lights Ahead, uno de los tres \u00fanicos grupos punk belgas que grabaron un \u00e1lbum en los primeros d\u00edas. El guitarrista y vocalista Yves Kengen, alias Yke, lanz\u00f3 el tr\u00edo con el bajista Louis Hubeau y el baterista Guy Van Snick, coincidiendo con el tiempo en que Kengen tocaba el bajo en Bastard con Brian James, quien regres\u00f3 al Reino Unido para unirse a London SS y, en \u00faltima instancia, a The Damned. El debut hom\u00f3nimo de Raxola es una explosi\u00f3n furiosa, mel\u00f3dica e inteligente de la primera ola euro-punk, un cl\u00e1sico codiciado durante mucho tiempo cuyos originales se venden por mucho dinero, ahora completamente maduro para ser redescubierto.<\/p>\n","protected":false},"excerpt":{"rendered":"<p>Los innovadores del punk belga RAXOLA se formaron en 1977, el nombre denota Revolution Axis Opens Lights Ahead, uno de los tres \u00fanicos grupos punk belgas que grabaron<a class=\"read\" href=\"https:\/\/wpguerssen-test.odoo.rgbconsulting.com\/es\/producto\/raxola-red\/\"> (...)<\/a>","protected":false},"featured_media":238956,"template":"","meta":{"_acf_changed":false},"product_brand":[],"product_cat":[21650],"product_tag":[29140],"class_list":{"0":"post-238857","1":"product","2":"type-product","3":"status-publish","4":"has-post-thumbnail","6":"product_cat-punk-es","7":"product_tag-color-vinyl-es","8":"pa_artist-raxola","9":"pa_format-lp-es","10":"pa_gender-punk","11":"pa_label-radiation","12":"pa_location-europe-es","13":"pa_other-filters-vinyl-only-es","15":"first","16":"instock","17":"taxable","18":"shipping-taxable","19":"purchasable","20":"product-type-simple"},"acf":[],"yoast_head":"<!-- This site is optimized with the Yoast SEO plugin v24.9 - https:\/\/yoast.com\/wordpress\/plugins\/seo\/ -->\n<title>RAXOLA - Raxola (Red) -  (LP) | Guerssen<\/title>\n<meta name=\"description\" content=\"Belgian punk innovators RAXOLA formed in 1977, the name denoting Revolution Axis Opens Lights Ahead, one of only three Belgian punk acts to record an album in the early days. Guitarist\/vocalist Yves Kengen, alias Yke, launched the trio with bassist Louis Hubeau and drummer Guy Van Snick, overlapping with the time that Kengen played bass in Bastard with Brian James, who returned to the UK to join London SS and ultimately, The Damned. Raxola&#039;s self-titled debut is a furious, melodic, and intelligent blast of first-waveEuro-punk, a long sought-after classic whose originals go for silly money, now fully ripe for rediscovery.\" \/>\n<meta name=\"robots\" content=\"index, follow, max-snippet:-1, max-image-preview:large, max-video-preview:-1\" \/>\n<link rel=\"canonical\" href=\"https:\/\/wpguerssen-test.odoo.rgbconsulting.com\/es\/producto\/raxola-red\/\" \/>\n<meta property=\"og:locale\" content=\"es_ES\" \/>\n<meta property=\"og:type\" content=\"article\" \/>\n<meta property=\"og:title\" content=\"RAXOLA - Raxola (Red) -  (LP) | Guerssen\" \/>\n<meta property=\"og:description\" content=\"Belgian punk innovators RAXOLA formed in 1977, the name denoting Revolution Axis Opens Lights Ahead, one of only three Belgian punk acts to record an album in the early days. Guitarist\/vocalist Yves Kengen, alias Yke, launched the trio with bassist Louis Hubeau and drummer Guy Van Snick, overlapping with the time that Kengen played bass in Bastard with Brian James, who returned to the UK to join London SS and ultimately, The Damned. Raxola&#039;s self-titled debut is a furious, melodic, and intelligent blast of first-waveEuro-punk, a long sought-after classic whose originals go for silly money, now fully ripe for rediscovery.\" \/>\n<meta property=\"og:url\" content=\"https:\/\/wpguerssen-test.odoo.rgbconsulting.com\/es\/producto\/raxola-red\/\" \/>\n<meta property=\"og:site_name\" content=\"Guerssen records\" \/>\n<meta property=\"article:modified_time\" content=\"2025-01-09T14:26:09+00:00\" \/>\n<meta property=\"og:image\" content=\"https:\/\/wpguerssen-test.odoo.rgbconsulting.com\/wp-content\/uploads\/2023\/07\/45051-scaled.jpg\" \/>\n\t<meta property=\"og:image:width\" content=\"2498\" \/>\n\t<meta property=\"og:image:height\" content=\"2560\" \/>\n\t<meta property=\"og:image:type\" content=\"image\/jpeg\" \/>\n<meta name=\"twitter:card\" content=\"summary_large_image\" \/>\n<meta name=\"twitter:title\" content=\"RAXOLA - Raxola (Red) -  (LP) | Guerssen\" \/>\n<meta name=\"twitter:label1\" content=\"Tiempo de lectura\" \/>\n\t<meta name=\"twitter:data1\" content=\"1 minuto\" \/>\n<script type=\"application\/ld+json\" class=\"yoast-schema-graph\">{\"@context\":\"https:\/\/schema.org\",\"@graph\":[{\"@type\":\"WebPage\",\"@id\":\"https:\/\/wpguerssen-test.odoo.rgbconsulting.com\/es\/producto\/raxola-red\/\",\"url\":\"https:\/\/wpguerssen-test.odoo.rgbconsulting.com\/es\/producto\/raxola-red\/\",\"name\":\"RAXOLA - Raxola (Red) - (LP) | Guerssen\",\"isPartOf\":{\"@id\":\"https:\/\/wpguerssen-test.odoo.rgbconsulting.com\/es\/#website\"},\"primaryImageOfPage\":{\"@id\":\"https:\/\/wpguerssen-test.odoo.rgbconsulting.com\/es\/producto\/raxola-red\/#primaryimage\"},\"image\":{\"@id\":\"https:\/\/wpguerssen-test.odoo.rgbconsulting.com\/es\/producto\/raxola-red\/#primaryimage\"},\"thumbnailUrl\":\"https:\/\/wpguerssen-test.odoo.rgbconsulting.com\/wp-content\/uploads\/2023\/07\/45051-scaled.jpg\",\"datePublished\":\"2023-07-24T22:00:00+00:00\",\"dateModified\":\"2025-01-09T14:26:09+00:00\",\"description\":\"Belgian punk innovators RAXOLA formed in 1977, the name denoting Revolution Axis Opens Lights Ahead, one of only three Belgian punk acts to record an album in the early days. Guitarist\/vocalist Yves Kengen, alias Yke, launched the trio with bassist Louis Hubeau and drummer Guy Van Snick, overlapping with the time that Kengen played bass in Bastard with Brian James, who returned to the UK to join London SS and ultimately, The Damned. Raxola's self-titled debut is a furious, melodic, and intelligent blast of first-waveEuro-punk, a long sought-after classic whose originals go for silly money, now fully ripe for rediscovery.\",\"breadcrumb\":{\"@id\":\"https:\/\/wpguerssen-test.odoo.rgbconsulting.com\/es\/producto\/raxola-red\/#breadcrumb\"},\"inLanguage\":\"es\",\"potentialAction\":[{\"@type\":\"ReadAction\",\"target\":[\"https:\/\/wpguerssen-test.odoo.rgbconsulting.com\/es\/producto\/raxola-red\/\"]}]},{\"@type\":\"ImageObject\",\"inLanguage\":\"es\",\"@id\":\"https:\/\/wpguerssen-test.odoo.rgbconsulting.com\/es\/producto\/raxola-red\/#primaryimage\",\"url\":\"https:\/\/wpguerssen-test.odoo.rgbconsulting.com\/wp-content\/uploads\/2023\/07\/45051-scaled.jpg\",\"contentUrl\":\"https:\/\/wpguerssen-test.odoo.rgbconsulting.com\/wp-content\/uploads\/2023\/07\/45051-scaled.jpg\",\"width\":2498,\"height\":2560},{\"@type\":\"BreadcrumbList\",\"@id\":\"https:\/\/wpguerssen-test.odoo.rgbconsulting.com\/es\/producto\/raxola-red\/#breadcrumb\",\"itemListElement\":[{\"@type\":\"ListItem\",\"position\":1,\"name\":\"Inicio\",\"item\":\"https:\/\/wpguerssen-test.odoo.rgbconsulting.com\/es\/\"},{\"@type\":\"ListItem\",\"position\":2,\"name\":\"Shop\",\"item\":\"https:\/\/wpguerssen-test.odoo.rgbconsulting.com\/shop\/\"},{\"@type\":\"ListItem\",\"position\":3,\"name\":\"Raxola (Red)\"}]},{\"@type\":\"WebSite\",\"@id\":\"https:\/\/wpguerssen-test.odoo.rgbconsulting.com\/es\/#website\",\"url\":\"https:\/\/wpguerssen-test.odoo.rgbconsulting.com\/es\/\",\"name\":\"Guerssen records\",\"description\":\"psychedelia - progressive - folk - garage \",\"publisher\":{\"@id\":\"https:\/\/wpguerssen-test.odoo.rgbconsulting.com\/es\/#organization\"},\"potentialAction\":[{\"@type\":\"SearchAction\",\"target\":{\"@type\":\"EntryPoint\",\"urlTemplate\":\"https:\/\/wpguerssen-test.odoo.rgbconsulting.com\/es\/?s={search_term_string}\"},\"query-input\":{\"@type\":\"PropertyValueSpecification\",\"valueRequired\":true,\"valueName\":\"search_term_string\"}}],\"inLanguage\":\"es\"},{\"@type\":\"Organization\",\"@id\":\"https:\/\/wpguerssen-test.odoo.rgbconsulting.com\/es\/#organization\",\"name\":\"Guerssen records\",\"url\":\"https:\/\/wpguerssen-test.odoo.rgbconsulting.com\/es\/\",\"logo\":{\"@type\":\"ImageObject\",\"inLanguage\":\"es\",\"@id\":\"https:\/\/wpguerssen-test.odoo.rgbconsulting.com\/es\/#\/schema\/logo\/image\/\",\"url\":\"https:\/\/wpguerssen-test.odoo.rgbconsulting.com\/wp-content\/uploads\/2022\/04\/Logo_Guerssen_trans_100.png\",\"contentUrl\":\"https:\/\/wpguerssen-test.odoo.rgbconsulting.com\/wp-content\/uploads\/2022\/04\/Logo_Guerssen_trans_100.png\",\"width\":122,\"height\":100,\"caption\":\"Guerssen records\"},\"image\":{\"@id\":\"https:\/\/wpguerssen-test.odoo.rgbconsulting.com\/es\/#\/schema\/logo\/image\/\"}}]}<\/script>\n<!-- \/ Yoast SEO plugin. -->","yoast_head_json":{"title":"RAXOLA - Raxola (Red) -  (LP) | Guerssen","description":"Belgian punk innovators RAXOLA formed in 1977, the name denoting Revolution Axis Opens Lights Ahead, one of only three Belgian punk acts to record an album in the early days. Guitarist\/vocalist Yves Kengen, alias Yke, launched the trio with bassist Louis Hubeau and drummer Guy Van Snick, overlapping with the time that Kengen played bass in Bastard with Brian James, who returned to the UK to join London SS and ultimately, The Damned. Raxola's self-titled debut is a furious, melodic, and intelligent blast of first-waveEuro-punk, a long sought-after classic whose originals go for silly money, now fully ripe for rediscovery.","robots":{"index":"index","follow":"follow","max-snippet":"max-snippet:-1","max-image-preview":"max-image-preview:large","max-video-preview":"max-video-preview:-1"},"canonical":"https:\/\/wpguerssen-test.odoo.rgbconsulting.com\/es\/producto\/raxola-red\/","og_locale":"es_ES","og_type":"article","og_title":"RAXOLA - Raxola (Red) -  (LP) | Guerssen","og_description":"Belgian punk innovators RAXOLA formed in 1977, the name denoting Revolution Axis Opens Lights Ahead, one of only three Belgian punk acts to record an album in the early days. Guitarist\/vocalist Yves Kengen, alias Yke, launched the trio with bassist Louis Hubeau and drummer Guy Van Snick, overlapping with the time that Kengen played bass in Bastard with Brian James, who returned to the UK to join London SS and ultimately, The Damned. Raxola's self-titled debut is a furious, melodic, and intelligent blast of first-waveEuro-punk, a long sought-after classic whose originals go for silly money, now fully ripe for rediscovery.","og_url":"https:\/\/wpguerssen-test.odoo.rgbconsulting.com\/es\/producto\/raxola-red\/","og_site_name":"Guerssen records","article_modified_time":"2025-01-09T14:26:09+00:00","og_image":[{"width":2498,"height":2560,"url":"https:\/\/wpguerssen-test.odoo.rgbconsulting.com\/wp-content\/uploads\/2023\/07\/45051-scaled.jpg","type":"image\/jpeg"}],"twitter_card":"summary_large_image","twitter_title":"RAXOLA - Raxola (Red) -  (LP) | Guerssen","twitter_misc":{"Tiempo de lectura":"1 minuto"},"schema":{"@context":"https:\/\/schema.org","@graph":[{"@type":"WebPage","@id":"https:\/\/wpguerssen-test.odoo.rgbconsulting.com\/es\/producto\/raxola-red\/","url":"https:\/\/wpguerssen-test.odoo.rgbconsulting.com\/es\/producto\/raxola-red\/","name":"RAXOLA - Raxola (Red) - (LP) | Guerssen","isPartOf":{"@id":"https:\/\/wpguerssen-test.odoo.rgbconsulting.com\/es\/#website"},"primaryImageOfPage":{"@id":"https:\/\/wpguerssen-test.odoo.rgbconsulting.com\/es\/producto\/raxola-red\/#primaryimage"},"image":{"@id":"https:\/\/wpguerssen-test.odoo.rgbconsulting.com\/es\/producto\/raxola-red\/#primaryimage"},"thumbnailUrl":"https:\/\/wpguerssen-test.odoo.rgbconsulting.com\/wp-content\/uploads\/2023\/07\/45051-scaled.jpg","datePublished":"2023-07-24T22:00:00+00:00","dateModified":"2025-01-09T14:26:09+00:00","description":"Belgian punk innovators RAXOLA formed in 1977, the name denoting Revolution Axis Opens Lights Ahead, one of only three Belgian punk acts to record an album in the early days. Guitarist\/vocalist Yves Kengen, alias Yke, launched the trio with bassist Louis Hubeau and drummer Guy Van Snick, overlapping with the time that Kengen played bass in Bastard with Brian James, who returned to the UK to join London SS and ultimately, The Damned. Raxola's self-titled debut is a furious, melodic, and intelligent blast of first-waveEuro-punk, a long sought-after classic whose originals go for silly money, now fully ripe for rediscovery.","breadcrumb":{"@id":"https:\/\/wpguerssen-test.odoo.rgbconsulting.com\/es\/producto\/raxola-red\/#breadcrumb"},"inLanguage":"es","potentialAction":[{"@type":"ReadAction","target":["https:\/\/wpguerssen-test.odoo.rgbconsulting.com\/es\/producto\/raxola-red\/"]}]},{"@type":"ImageObject","inLanguage":"es","@id":"https:\/\/wpguerssen-test.odoo.rgbconsulting.com\/es\/producto\/raxola-red\/#primaryimage","url":"https:\/\/wpguerssen-test.odoo.rgbconsulting.com\/wp-content\/uploads\/2023\/07\/45051-scaled.jpg","contentUrl":"https:\/\/wpguerssen-test.odoo.rgbconsulting.com\/wp-content\/uploads\/2023\/07\/45051-scaled.jpg","width":2498,"height":2560},{"@type":"BreadcrumbList","@id":"https:\/\/wpguerssen-test.odoo.rgbconsulting.com\/es\/producto\/raxola-red\/#breadcrumb","itemListElement":[{"@type":"ListItem","position":1,"name":"Inicio","item":"https:\/\/wpguerssen-test.odoo.rgbconsulting.com\/es\/"},{"@type":"ListItem","position":2,"name":"Shop","item":"https:\/\/wpguerssen-test.odoo.rgbconsulting.com\/shop\/"},{"@type":"ListItem","position":3,"name":"Raxola (Red)"}]},{"@type":"WebSite","@id":"https:\/\/wpguerssen-test.odoo.rgbconsulting.com\/es\/#website","url":"https:\/\/wpguerssen-test.odoo.rgbconsulting.com\/es\/","name":"Guerssen records","description":"psychedelia - progressive - folk - garage ","publisher":{"@id":"https:\/\/wpguerssen-test.odoo.rgbconsulting.com\/es\/#organization"},"potentialAction":[{"@type":"SearchAction","target":{"@type":"EntryPoint","urlTemplate":"https:\/\/wpguerssen-test.odoo.rgbconsulting.com\/es\/?s={search_term_string}"},"query-input":{"@type":"PropertyValueSpecification","valueRequired":true,"valueName":"search_term_string"}}],"inLanguage":"es"},{"@type":"Organization","@id":"https:\/\/wpguerssen-test.odoo.rgbconsulting.com\/es\/#organization","name":"Guerssen records","url":"https:\/\/wpguerssen-test.odoo.rgbconsulting.com\/es\/","logo":{"@type":"ImageObject","inLanguage":"es","@id":"https:\/\/wpguerssen-test.odoo.rgbconsulting.com\/es\/#\/schema\/logo\/image\/","url":"https:\/\/wpguerssen-test.odoo.rgbconsulting.com\/wp-content\/uploads\/2022\/04\/Logo_Guerssen_trans_100.png","contentUrl":"https:\/\/wpguerssen-test.odoo.rgbconsulting.com\/wp-content\/uploads\/2022\/04\/Logo_Guerssen_trans_100.png","width":122,"height":100,"caption":"Guerssen records"},"image":{"@id":"https:\/\/wpguerssen-test.odoo.rgbconsulting.com\/es\/#\/schema\/logo\/image\/"}}]}},"_links":{"self":[{"href":"https:\/\/wpguerssen-test.odoo.rgbconsulting.com\/es\/wp-json\/wp\/v2\/product\/238857","targetHints":{"allow":["GET"]}}],"collection":[{"href":"https:\/\/wpguerssen-test.odoo.rgbconsulting.com\/es\/wp-json\/wp\/v2\/product"}],"about":[{"href":"https:\/\/wpguerssen-test.odoo.rgbconsulting.com\/es\/wp-json\/wp\/v2\/types\/product"}],"wp:featuredmedia":[{"embeddable":true,"href":"https:\/\/wpguerssen-test.odoo.rgbconsulting.com\/es\/wp-json\/wp\/v2\/media\/238956"}],"wp:attachment":[{"href":"https:\/\/wpguerssen-test.odoo.rgbconsulting.com\/es\/wp-json\/wp\/v2\/media?parent=238857"}],"wp:term":[{"taxonomy":"product_brand","embeddable":true,"href":"https:\/\/wpguerssen-test.odoo.rgbconsulting.com\/es\/wp-json\/wp\/v2\/product_brand?post=238857"},{"taxonomy":"product_cat","embeddable":true,"href":"https:\/\/wpguerssen-test.odoo.rgbconsulting.com\/es\/wp-json\/wp\/v2\/product_cat?post=238857"},{"taxonomy":"product_tag","embeddable":true,"href":"https:\/\/wpguerssen-test.odoo.rgbconsulting.com\/es\/wp-json\/wp\/v2\/product_tag?post=238857"}],"curies":[{"name":"wp","href":"https:\/\/api.w.org\/{rel}","templated":true}]}}