{"id":238970,"date":"2024-10-09T00:00:00","date_gmt":"2024-10-08T22:00:00","guid":{"rendered":"https:\/\/wpguerssen-test.odoo.rgbconsulting.com\/product\/demo-lition-style-color\/"},"modified":"2025-01-30T16:56:29","modified_gmt":"2025-01-30T15:56:29","slug":"demo-lition-style-color","status":"publish","type":"product","link":"https:\/\/wpguerssen-test.odoo.rgbconsulting.com\/es\/producto\/demo-lition-style-color\/","title":{"rendered":"Demo-Lition Style (Color)"},"content":{"rendered":"<p>Demo-lition Style es una compilaci\u00f3n de demos de la banda brit\u00e1nica de hardcore punk Discharge, figuras poco conocidas fuera del circuito punk pero figuras temiblemente veneradas dentro. Considerado uno de los fundadores del subg\u00e9nero D-beat, y una influencia en el thrash metal, el black metal y el crust punk, el estilo punk metal\u00fargico de Discharge se ejemplifica mejor con su voz gutural y demon\u00edaca, interpretada por el l\u00edder y leyenda Jeff \u00abJJ\u00bb Janiak. La compilaci\u00f3n contiene pistas completamente crudas y sin cortes grabadas en 1977 y 1981, con su calidad sin pulir que les otorga una inclinaci\u00f3n extra infernal.<\/p>\n","protected":false},"excerpt":{"rendered":"<p>Demo-lition Style es una compilaci\u00f3n de demos de la banda brit\u00e1nica de hardcore punk Discharge, figuras poco conocidas fuera del circuito punk pero figuras temiblemente<a class=\"read\" href=\"https:\/\/wpguerssen-test.odoo.rgbconsulting.com\/es\/producto\/demo-lition-style-color\/\"> (...)<\/a>","protected":false},"featured_media":238890,"template":"","meta":{"_acf_changed":false},"product_brand":[],"product_cat":[21650],"product_tag":[29140],"class_list":{"0":"post-238970","1":"product","2":"type-product","3":"status-publish","4":"has-post-thumbnail","6":"product_cat-punk-es","7":"product_tag-color-vinyl-es","8":"pa_artist-discharge","9":"pa_format-lp-es","10":"pa_gender-punk","11":"pa_label-vile-records","12":"pa_location-uk-ireland-es","13":"pa_other-filters-vinyl-only-es","15":"first","16":"instock","17":"taxable","18":"shipping-taxable","19":"purchasable","20":"product-type-simple"},"acf":[],"yoast_head":"<!-- This site is optimized with the Yoast SEO plugin v24.9 - https:\/\/yoast.com\/wordpress\/plugins\/seo\/ -->\n<title>DISCHARGE - Demo-Lition Style (Color) -  (LP) | Guerssen<\/title>\n<meta name=\"description\" content=\"Demo-lition Style is a compilation of demo recordings by the British hardcore punk band Discharge, little-known figures outside the punk circuit but fearsomely revered figures within. Considered one of the founders of the D-beat subgenre - and an influence on thrash metal, black metal and crust punk - Discharge&#039;s metallurgic punk style is best exemplified by their guttural, demonic vocals, performed by frontman\/legend Jeff &quot;JJ&quot; Janiak. The comp contains entirely raw and uncut tracks recorded 1977 and 1981, with their unpolished quality lending them an extra hellish bent.\" \/>\n<meta name=\"robots\" content=\"index, follow, max-snippet:-1, max-image-preview:large, max-video-preview:-1\" \/>\n<link rel=\"canonical\" href=\"https:\/\/wpguerssen-test.odoo.rgbconsulting.com\/es\/producto\/demo-lition-style-color\/\" \/>\n<meta property=\"og:locale\" content=\"es_ES\" \/>\n<meta property=\"og:type\" content=\"article\" \/>\n<meta property=\"og:title\" content=\"DISCHARGE - Demo-Lition Style (Color) -  (LP) | Guerssen\" \/>\n<meta property=\"og:description\" content=\"Demo-lition Style is a compilation of demo recordings by the British hardcore punk band Discharge, little-known figures outside the punk circuit but fearsomely revered figures within. Considered one of the founders of the D-beat subgenre - and an influence on thrash metal, black metal and crust punk - Discharge&#039;s metallurgic punk style is best exemplified by their guttural, demonic vocals, performed by frontman\/legend Jeff &quot;JJ&quot; Janiak. The comp contains entirely raw and uncut tracks recorded 1977 and 1981, with their unpolished quality lending them an extra hellish bent.\" \/>\n<meta property=\"og:url\" content=\"https:\/\/wpguerssen-test.odoo.rgbconsulting.com\/es\/producto\/demo-lition-style-color\/\" \/>\n<meta property=\"og:site_name\" content=\"Guerssen records\" \/>\n<meta property=\"article:modified_time\" content=\"2025-01-30T15:56:29+00:00\" \/>\n<meta property=\"og:image\" content=\"https:\/\/wpguerssen-test.odoo.rgbconsulting.com\/wp-content\/uploads\/2023\/07\/45061.jpg\" \/>\n\t<meta property=\"og:image:width\" content=\"600\" \/>\n\t<meta property=\"og:image:height\" content=\"600\" \/>\n\t<meta property=\"og:image:type\" content=\"image\/jpeg\" \/>\n<meta name=\"twitter:card\" content=\"summary_large_image\" \/>\n<meta name=\"twitter:title\" content=\"DISCHARGE - Demo-Lition Style (Color) -  (LP) | Guerssen\" \/>\n<meta name=\"twitter:label1\" content=\"Tiempo de lectura\" \/>\n\t<meta name=\"twitter:data1\" content=\"1 minuto\" \/>\n<script type=\"application\/ld+json\" class=\"yoast-schema-graph\">{\"@context\":\"https:\/\/schema.org\",\"@graph\":[{\"@type\":\"WebPage\",\"@id\":\"https:\/\/wpguerssen-test.odoo.rgbconsulting.com\/es\/producto\/demo-lition-style-color\/\",\"url\":\"https:\/\/wpguerssen-test.odoo.rgbconsulting.com\/es\/producto\/demo-lition-style-color\/\",\"name\":\"DISCHARGE - Demo-Lition Style (Color) - (LP) | Guerssen\",\"isPartOf\":{\"@id\":\"https:\/\/wpguerssen-test.odoo.rgbconsulting.com\/es\/#website\"},\"primaryImageOfPage\":{\"@id\":\"https:\/\/wpguerssen-test.odoo.rgbconsulting.com\/es\/producto\/demo-lition-style-color\/#primaryimage\"},\"image\":{\"@id\":\"https:\/\/wpguerssen-test.odoo.rgbconsulting.com\/es\/producto\/demo-lition-style-color\/#primaryimage\"},\"thumbnailUrl\":\"https:\/\/wpguerssen-test.odoo.rgbconsulting.com\/wp-content\/uploads\/2023\/07\/45061.jpg\",\"datePublished\":\"2024-10-08T22:00:00+00:00\",\"dateModified\":\"2025-01-30T15:56:29+00:00\",\"description\":\"Demo-lition Style is a compilation of demo recordings by the British hardcore punk band Discharge, little-known figures outside the punk circuit but fearsomely revered figures within. Considered one of the founders of the D-beat subgenre - and an influence on thrash metal, black metal and crust punk - Discharge's metallurgic punk style is best exemplified by their guttural, demonic vocals, performed by frontman\/legend Jeff \\\"JJ\\\" Janiak. The comp contains entirely raw and uncut tracks recorded 1977 and 1981, with their unpolished quality lending them an extra hellish bent.\",\"breadcrumb\":{\"@id\":\"https:\/\/wpguerssen-test.odoo.rgbconsulting.com\/es\/producto\/demo-lition-style-color\/#breadcrumb\"},\"inLanguage\":\"es\",\"potentialAction\":[{\"@type\":\"ReadAction\",\"target\":[\"https:\/\/wpguerssen-test.odoo.rgbconsulting.com\/es\/producto\/demo-lition-style-color\/\"]}]},{\"@type\":\"ImageObject\",\"inLanguage\":\"es\",\"@id\":\"https:\/\/wpguerssen-test.odoo.rgbconsulting.com\/es\/producto\/demo-lition-style-color\/#primaryimage\",\"url\":\"https:\/\/wpguerssen-test.odoo.rgbconsulting.com\/wp-content\/uploads\/2023\/07\/45061.jpg\",\"contentUrl\":\"https:\/\/wpguerssen-test.odoo.rgbconsulting.com\/wp-content\/uploads\/2023\/07\/45061.jpg\",\"width\":600,\"height\":600},{\"@type\":\"BreadcrumbList\",\"@id\":\"https:\/\/wpguerssen-test.odoo.rgbconsulting.com\/es\/producto\/demo-lition-style-color\/#breadcrumb\",\"itemListElement\":[{\"@type\":\"ListItem\",\"position\":1,\"name\":\"Inicio\",\"item\":\"https:\/\/wpguerssen-test.odoo.rgbconsulting.com\/es\/\"},{\"@type\":\"ListItem\",\"position\":2,\"name\":\"Shop\",\"item\":\"https:\/\/wpguerssen-test.odoo.rgbconsulting.com\/shop\/\"},{\"@type\":\"ListItem\",\"position\":3,\"name\":\"Demo-Lition Style (Color)\"}]},{\"@type\":\"WebSite\",\"@id\":\"https:\/\/wpguerssen-test.odoo.rgbconsulting.com\/es\/#website\",\"url\":\"https:\/\/wpguerssen-test.odoo.rgbconsulting.com\/es\/\",\"name\":\"Guerssen records\",\"description\":\"psychedelia - progressive - folk - garage \",\"publisher\":{\"@id\":\"https:\/\/wpguerssen-test.odoo.rgbconsulting.com\/es\/#organization\"},\"potentialAction\":[{\"@type\":\"SearchAction\",\"target\":{\"@type\":\"EntryPoint\",\"urlTemplate\":\"https:\/\/wpguerssen-test.odoo.rgbconsulting.com\/es\/?s={search_term_string}\"},\"query-input\":{\"@type\":\"PropertyValueSpecification\",\"valueRequired\":true,\"valueName\":\"search_term_string\"}}],\"inLanguage\":\"es\"},{\"@type\":\"Organization\",\"@id\":\"https:\/\/wpguerssen-test.odoo.rgbconsulting.com\/es\/#organization\",\"name\":\"Guerssen records\",\"url\":\"https:\/\/wpguerssen-test.odoo.rgbconsulting.com\/es\/\",\"logo\":{\"@type\":\"ImageObject\",\"inLanguage\":\"es\",\"@id\":\"https:\/\/wpguerssen-test.odoo.rgbconsulting.com\/es\/#\/schema\/logo\/image\/\",\"url\":\"https:\/\/wpguerssen-test.odoo.rgbconsulting.com\/wp-content\/uploads\/2022\/04\/Logo_Guerssen_trans_100.png\",\"contentUrl\":\"https:\/\/wpguerssen-test.odoo.rgbconsulting.com\/wp-content\/uploads\/2022\/04\/Logo_Guerssen_trans_100.png\",\"width\":122,\"height\":100,\"caption\":\"Guerssen records\"},\"image\":{\"@id\":\"https:\/\/wpguerssen-test.odoo.rgbconsulting.com\/es\/#\/schema\/logo\/image\/\"}}]}<\/script>\n<!-- \/ Yoast SEO plugin. -->","yoast_head_json":{"title":"DISCHARGE - Demo-Lition Style (Color) -  (LP) | Guerssen","description":"Demo-lition Style is a compilation of demo recordings by the British hardcore punk band Discharge, little-known figures outside the punk circuit but fearsomely revered figures within. Considered one of the founders of the D-beat subgenre - and an influence on thrash metal, black metal and crust punk - Discharge's metallurgic punk style is best exemplified by their guttural, demonic vocals, performed by frontman\/legend Jeff \"JJ\" Janiak. The comp contains entirely raw and uncut tracks recorded 1977 and 1981, with their unpolished quality lending them an extra hellish bent.","robots":{"index":"index","follow":"follow","max-snippet":"max-snippet:-1","max-image-preview":"max-image-preview:large","max-video-preview":"max-video-preview:-1"},"canonical":"https:\/\/wpguerssen-test.odoo.rgbconsulting.com\/es\/producto\/demo-lition-style-color\/","og_locale":"es_ES","og_type":"article","og_title":"DISCHARGE - Demo-Lition Style (Color) -  (LP) | Guerssen","og_description":"Demo-lition Style is a compilation of demo recordings by the British hardcore punk band Discharge, little-known figures outside the punk circuit but fearsomely revered figures within. Considered one of the founders of the D-beat subgenre - and an influence on thrash metal, black metal and crust punk - Discharge's metallurgic punk style is best exemplified by their guttural, demonic vocals, performed by frontman\/legend Jeff \"JJ\" Janiak. The comp contains entirely raw and uncut tracks recorded 1977 and 1981, with their unpolished quality lending them an extra hellish bent.","og_url":"https:\/\/wpguerssen-test.odoo.rgbconsulting.com\/es\/producto\/demo-lition-style-color\/","og_site_name":"Guerssen records","article_modified_time":"2025-01-30T15:56:29+00:00","og_image":[{"width":600,"height":600,"url":"https:\/\/wpguerssen-test.odoo.rgbconsulting.com\/wp-content\/uploads\/2023\/07\/45061.jpg","type":"image\/jpeg"}],"twitter_card":"summary_large_image","twitter_title":"DISCHARGE - Demo-Lition Style (Color) -  (LP) | Guerssen","twitter_misc":{"Tiempo de lectura":"1 minuto"},"schema":{"@context":"https:\/\/schema.org","@graph":[{"@type":"WebPage","@id":"https:\/\/wpguerssen-test.odoo.rgbconsulting.com\/es\/producto\/demo-lition-style-color\/","url":"https:\/\/wpguerssen-test.odoo.rgbconsulting.com\/es\/producto\/demo-lition-style-color\/","name":"DISCHARGE - Demo-Lition Style (Color) - (LP) | Guerssen","isPartOf":{"@id":"https:\/\/wpguerssen-test.odoo.rgbconsulting.com\/es\/#website"},"primaryImageOfPage":{"@id":"https:\/\/wpguerssen-test.odoo.rgbconsulting.com\/es\/producto\/demo-lition-style-color\/#primaryimage"},"image":{"@id":"https:\/\/wpguerssen-test.odoo.rgbconsulting.com\/es\/producto\/demo-lition-style-color\/#primaryimage"},"thumbnailUrl":"https:\/\/wpguerssen-test.odoo.rgbconsulting.com\/wp-content\/uploads\/2023\/07\/45061.jpg","datePublished":"2024-10-08T22:00:00+00:00","dateModified":"2025-01-30T15:56:29+00:00","description":"Demo-lition Style is a compilation of demo recordings by the British hardcore punk band Discharge, little-known figures outside the punk circuit but fearsomely revered figures within. Considered one of the founders of the D-beat subgenre - and an influence on thrash metal, black metal and crust punk - Discharge's metallurgic punk style is best exemplified by their guttural, demonic vocals, performed by frontman\/legend Jeff \"JJ\" Janiak. The comp contains entirely raw and uncut tracks recorded 1977 and 1981, with their unpolished quality lending them an extra hellish bent.","breadcrumb":{"@id":"https:\/\/wpguerssen-test.odoo.rgbconsulting.com\/es\/producto\/demo-lition-style-color\/#breadcrumb"},"inLanguage":"es","potentialAction":[{"@type":"ReadAction","target":["https:\/\/wpguerssen-test.odoo.rgbconsulting.com\/es\/producto\/demo-lition-style-color\/"]}]},{"@type":"ImageObject","inLanguage":"es","@id":"https:\/\/wpguerssen-test.odoo.rgbconsulting.com\/es\/producto\/demo-lition-style-color\/#primaryimage","url":"https:\/\/wpguerssen-test.odoo.rgbconsulting.com\/wp-content\/uploads\/2023\/07\/45061.jpg","contentUrl":"https:\/\/wpguerssen-test.odoo.rgbconsulting.com\/wp-content\/uploads\/2023\/07\/45061.jpg","width":600,"height":600},{"@type":"BreadcrumbList","@id":"https:\/\/wpguerssen-test.odoo.rgbconsulting.com\/es\/producto\/demo-lition-style-color\/#breadcrumb","itemListElement":[{"@type":"ListItem","position":1,"name":"Inicio","item":"https:\/\/wpguerssen-test.odoo.rgbconsulting.com\/es\/"},{"@type":"ListItem","position":2,"name":"Shop","item":"https:\/\/wpguerssen-test.odoo.rgbconsulting.com\/shop\/"},{"@type":"ListItem","position":3,"name":"Demo-Lition Style (Color)"}]},{"@type":"WebSite","@id":"https:\/\/wpguerssen-test.odoo.rgbconsulting.com\/es\/#website","url":"https:\/\/wpguerssen-test.odoo.rgbconsulting.com\/es\/","name":"Guerssen records","description":"psychedelia - progressive - folk - garage ","publisher":{"@id":"https:\/\/wpguerssen-test.odoo.rgbconsulting.com\/es\/#organization"},"potentialAction":[{"@type":"SearchAction","target":{"@type":"EntryPoint","urlTemplate":"https:\/\/wpguerssen-test.odoo.rgbconsulting.com\/es\/?s={search_term_string}"},"query-input":{"@type":"PropertyValueSpecification","valueRequired":true,"valueName":"search_term_string"}}],"inLanguage":"es"},{"@type":"Organization","@id":"https:\/\/wpguerssen-test.odoo.rgbconsulting.com\/es\/#organization","name":"Guerssen records","url":"https:\/\/wpguerssen-test.odoo.rgbconsulting.com\/es\/","logo":{"@type":"ImageObject","inLanguage":"es","@id":"https:\/\/wpguerssen-test.odoo.rgbconsulting.com\/es\/#\/schema\/logo\/image\/","url":"https:\/\/wpguerssen-test.odoo.rgbconsulting.com\/wp-content\/uploads\/2022\/04\/Logo_Guerssen_trans_100.png","contentUrl":"https:\/\/wpguerssen-test.odoo.rgbconsulting.com\/wp-content\/uploads\/2022\/04\/Logo_Guerssen_trans_100.png","width":122,"height":100,"caption":"Guerssen records"},"image":{"@id":"https:\/\/wpguerssen-test.odoo.rgbconsulting.com\/es\/#\/schema\/logo\/image\/"}}]}},"_links":{"self":[{"href":"https:\/\/wpguerssen-test.odoo.rgbconsulting.com\/es\/wp-json\/wp\/v2\/product\/238970","targetHints":{"allow":["GET"]}}],"collection":[{"href":"https:\/\/wpguerssen-test.odoo.rgbconsulting.com\/es\/wp-json\/wp\/v2\/product"}],"about":[{"href":"https:\/\/wpguerssen-test.odoo.rgbconsulting.com\/es\/wp-json\/wp\/v2\/types\/product"}],"wp:featuredmedia":[{"embeddable":true,"href":"https:\/\/wpguerssen-test.odoo.rgbconsulting.com\/es\/wp-json\/wp\/v2\/media\/238890"}],"wp:attachment":[{"href":"https:\/\/wpguerssen-test.odoo.rgbconsulting.com\/es\/wp-json\/wp\/v2\/media?parent=238970"}],"wp:term":[{"taxonomy":"product_brand","embeddable":true,"href":"https:\/\/wpguerssen-test.odoo.rgbconsulting.com\/es\/wp-json\/wp\/v2\/product_brand?post=238970"},{"taxonomy":"product_cat","embeddable":true,"href":"https:\/\/wpguerssen-test.odoo.rgbconsulting.com\/es\/wp-json\/wp\/v2\/product_cat?post=238970"},{"taxonomy":"product_tag","embeddable":true,"href":"https:\/\/wpguerssen-test.odoo.rgbconsulting.com\/es\/wp-json\/wp\/v2\/product_tag?post=238970"}],"curies":[{"name":"wp","href":"https:\/\/api.w.org\/{rel}","templated":true}]}}