{"id":239009,"date":"2023-10-10T00:00:00","date_gmt":"2023-10-09T22:00:00","guid":{"rendered":"https:\/\/wpguerssen-test.odoo.rgbconsulting.com\/product\/umbra-3\/"},"modified":"2025-03-03T18:30:02","modified_gmt":"2025-03-03T17:30:02","slug":"umbra-3","status":"publish","type":"product","link":"https:\/\/wpguerssen-test.odoo.rgbconsulting.com\/es\/producto\/umbra-3\/","title":{"rendered":"Umbra"},"content":{"rendered":"<p>\u00abEn menos de dos a\u00f1os desde el lanzamiento de su LP debut Ultra, Kadabra se ha ganado la reputaci\u00f3n de ser un grupo en vivo cautivador y explosivo a trav\u00e9s de una \u00abpresencia apasionada en el escenario que te lleva a su propio mundo con canciones largas y fascinantes que se construyen desde un hervor lento hasta una completo crescendos\u00bb. &#8211; Brian L\u00f3pez, revista New Noise<br \/>La banda se form\u00f3 durante los d\u00edas oscuros de 2020 y r\u00e1pidamente firm\u00f3 con Heavy Psych Sounds, que lanz\u00f3 Ultra en el oto\u00f1o de 2021 y estableci\u00f3 la inclinaci\u00f3n de la banda por ofrecer riffs devastadores y voces inquietantes acentuadas por estallidos de estilo psicod\u00e9lico y fanfarroner\u00eda americana pantanosa. Y aunque la qu\u00edmica de los viejos amigos Garrett Zanol (guitarra\/voz), Ian Nelson (bajo) y Chase Howard (bater\u00eda) se hizo evidente al escuchar su debut, su v\u00ednculo se fortaleci\u00f3 a\u00fan m\u00e1s al recorrer sin descanso el oeste de los Estados Unidos y completar una gira de un mes por Europa. El tr\u00edo casi de inmediato comenz\u00f3 a mirar hacia adelante, probando y cristalizando las canciones que comprender\u00edan su seguimiento, que encontr\u00f3 a la banda reunida con el productor de Ultra, Dawson Scholz. El resultado es Umbra: una declaraci\u00f3n singular que es m\u00e1s enfocada y cohesiva que su predecesora, mientras logra capturar la experiencia inmersiva y fluida de su show en vivo. Para fans de: Uncle Acid and the Deadbeats y Dead Meadow!!<\/p>\n","protected":false},"excerpt":{"rendered":"<p>\u00abEn menos de dos a\u00f1os desde el lanzamiento de su LP debut Ultra, Kadabra se ha ganado la reputaci\u00f3n de ser un grupo en vivo cautivador y explosivo a trav\u00e9s de<a class=\"read\" href=\"https:\/\/wpguerssen-test.odoo.rgbconsulting.com\/es\/producto\/umbra-3\/\"> (...)<\/a>","protected":false},"featured_media":239230,"template":"","meta":{"_acf_changed":false},"product_brand":[],"product_cat":[21659,23223],"product_tag":[],"class_list":{"0":"post-239009","1":"product","2":"type-product","3":"status-publish","4":"has-post-thumbnail","6":"product_cat-psychedelic00s-now-es","7":"product_cat-hard-rock-00s-now-es","8":"pa_artist-kadabra","9":"pa_format-lp-es","10":"pa_gender-psychedelic00s-now-hard-rock-00s-now","11":"pa_label-heavy-psych-sounds","12":"pa_location-north-america-es","13":"pa_other-filters-vinyl-only-es","15":"first","16":"instock","17":"taxable","18":"shipping-taxable","19":"purchasable","20":"product-type-simple"},"acf":[],"yoast_head":"<!-- This site is optimized with the Yoast SEO plugin v24.9 - https:\/\/yoast.com\/wordpress\/plugins\/seo\/ -->\n<title>KADABRA - Umbra -  (LP) | Guerssen<\/title>\n<meta name=\"description\" content=\"&quot;In under two years since the release of their debut LP Ultra, Kadabra has earned a reputation as a captivating and explosive live act through &quot;passionate stage presence drawing you into their own world with lengthy, mesmerizing, songs building from a slow boil into full crescendos.&quot; - Brian Lopez, New Noise MagazineThe band formed during the dark days of 2020 and were quickly signed by Heavy Psych Sounds, who released Ultra in the fall of 2021 and established the band&#039;s penchant for delivering crushing doom riffs and haunting vocals accentuated by bursts of psychedelic flair and swampy Americana swagger. And while the chemistry of long-time friends Garrett Zanol (guitar\/vocals), Ian Nelson (bass) and Chase Howard (drums) was apparent upon listening to their debut, their bond was further strengthened by relentlessly touring the western United States and completing a month-long tour of Europe. The trio almost immediately began looking forward, road-testing and crystalizing the songs that would comprise their follow-up, which found the band reuniting with Ultra producer Dawson Scholz. The result is Umbra: a singular statement that is more focused and cohesive than its predecessor, while managing to capture the immersive, free-flowing experience of their live show. For fans of: Uncle Acid and the Deadbeats and Dead Meadow !!\" \/>\n<meta name=\"robots\" content=\"index, follow, max-snippet:-1, max-image-preview:large, max-video-preview:-1\" \/>\n<link rel=\"canonical\" href=\"https:\/\/wpguerssen-test.odoo.rgbconsulting.com\/es\/producto\/umbra-3\/\" \/>\n<meta property=\"og:locale\" content=\"es_ES\" \/>\n<meta property=\"og:type\" content=\"article\" \/>\n<meta property=\"og:title\" content=\"KADABRA - Umbra -  (LP) | Guerssen\" \/>\n<meta property=\"og:description\" content=\"&quot;In under two years since the release of their debut LP Ultra, Kadabra has earned a reputation as a captivating and explosive live act through &quot;passionate stage presence drawing you into their own world with lengthy, mesmerizing, songs building from a slow boil into full crescendos.&quot; - Brian Lopez, New Noise MagazineThe band formed during the dark days of 2020 and were quickly signed by Heavy Psych Sounds, who released Ultra in the fall of 2021 and established the band&#039;s penchant for delivering crushing doom riffs and haunting vocals accentuated by bursts of psychedelic flair and swampy Americana swagger. And while the chemistry of long-time friends Garrett Zanol (guitar\/vocals), Ian Nelson (bass) and Chase Howard (drums) was apparent upon listening to their debut, their bond was further strengthened by relentlessly touring the western United States and completing a month-long tour of Europe. The trio almost immediately began looking forward, road-testing and crystalizing the songs that would comprise their follow-up, which found the band reuniting with Ultra producer Dawson Scholz. The result is Umbra: a singular statement that is more focused and cohesive than its predecessor, while managing to capture the immersive, free-flowing experience of their live show. For fans of: Uncle Acid and the Deadbeats and Dead Meadow !!\" \/>\n<meta property=\"og:url\" content=\"https:\/\/wpguerssen-test.odoo.rgbconsulting.com\/es\/producto\/umbra-3\/\" \/>\n<meta property=\"og:site_name\" content=\"Guerssen records\" \/>\n<meta property=\"article:modified_time\" content=\"2025-03-03T17:30:02+00:00\" \/>\n<meta property=\"og:image\" content=\"https:\/\/wpguerssen-test.odoo.rgbconsulting.com\/wp-content\/uploads\/2023\/07\/45080.jpg\" \/>\n\t<meta property=\"og:image:width\" content=\"1440\" \/>\n\t<meta property=\"og:image:height\" content=\"1440\" \/>\n\t<meta property=\"og:image:type\" content=\"image\/jpeg\" \/>\n<meta name=\"twitter:card\" content=\"summary_large_image\" \/>\n<meta name=\"twitter:title\" content=\"KADABRA - Umbra -  (LP) | Guerssen\" \/>\n<meta name=\"twitter:label1\" content=\"Tiempo de lectura\" \/>\n\t<meta name=\"twitter:data1\" content=\"1 minuto\" \/>\n<script type=\"application\/ld+json\" class=\"yoast-schema-graph\">{\"@context\":\"https:\/\/schema.org\",\"@graph\":[{\"@type\":\"WebPage\",\"@id\":\"https:\/\/wpguerssen-test.odoo.rgbconsulting.com\/es\/producto\/umbra-3\/\",\"url\":\"https:\/\/wpguerssen-test.odoo.rgbconsulting.com\/es\/producto\/umbra-3\/\",\"name\":\"KADABRA - Umbra - (LP) | Guerssen\",\"isPartOf\":{\"@id\":\"https:\/\/wpguerssen-test.odoo.rgbconsulting.com\/es\/#website\"},\"primaryImageOfPage\":{\"@id\":\"https:\/\/wpguerssen-test.odoo.rgbconsulting.com\/es\/producto\/umbra-3\/#primaryimage\"},\"image\":{\"@id\":\"https:\/\/wpguerssen-test.odoo.rgbconsulting.com\/es\/producto\/umbra-3\/#primaryimage\"},\"thumbnailUrl\":\"https:\/\/wpguerssen-test.odoo.rgbconsulting.com\/wp-content\/uploads\/2023\/07\/45080.jpg\",\"datePublished\":\"2023-10-09T22:00:00+00:00\",\"dateModified\":\"2025-03-03T17:30:02+00:00\",\"description\":\"\\\"In under two years since the release of their debut LP Ultra, Kadabra has earned a reputation as a captivating and explosive live act through \\\"passionate stage presence drawing you into their own world with lengthy, mesmerizing, songs building from a slow boil into full crescendos.\\\" - Brian Lopez, New Noise MagazineThe band formed during the dark days of 2020 and were quickly signed by Heavy Psych Sounds, who released Ultra in the fall of 2021 and established the band's penchant for delivering crushing doom riffs and haunting vocals accentuated by bursts of psychedelic flair and swampy Americana swagger. And while the chemistry of long-time friends Garrett Zanol (guitar\/vocals), Ian Nelson (bass) and Chase Howard (drums) was apparent upon listening to their debut, their bond was further strengthened by relentlessly touring the western United States and completing a month-long tour of Europe. The trio almost immediately began looking forward, road-testing and crystalizing the songs that would comprise their follow-up, which found the band reuniting with Ultra producer Dawson Scholz. The result is Umbra: a singular statement that is more focused and cohesive than its predecessor, while managing to capture the immersive, free-flowing experience of their live show. For fans of: Uncle Acid and the Deadbeats and Dead Meadow !!\",\"breadcrumb\":{\"@id\":\"https:\/\/wpguerssen-test.odoo.rgbconsulting.com\/es\/producto\/umbra-3\/#breadcrumb\"},\"inLanguage\":\"es\",\"potentialAction\":[{\"@type\":\"ReadAction\",\"target\":[\"https:\/\/wpguerssen-test.odoo.rgbconsulting.com\/es\/producto\/umbra-3\/\"]}]},{\"@type\":\"ImageObject\",\"inLanguage\":\"es\",\"@id\":\"https:\/\/wpguerssen-test.odoo.rgbconsulting.com\/es\/producto\/umbra-3\/#primaryimage\",\"url\":\"https:\/\/wpguerssen-test.odoo.rgbconsulting.com\/wp-content\/uploads\/2023\/07\/45080.jpg\",\"contentUrl\":\"https:\/\/wpguerssen-test.odoo.rgbconsulting.com\/wp-content\/uploads\/2023\/07\/45080.jpg\",\"width\":1440,\"height\":1440},{\"@type\":\"BreadcrumbList\",\"@id\":\"https:\/\/wpguerssen-test.odoo.rgbconsulting.com\/es\/producto\/umbra-3\/#breadcrumb\",\"itemListElement\":[{\"@type\":\"ListItem\",\"position\":1,\"name\":\"Inicio\",\"item\":\"https:\/\/wpguerssen-test.odoo.rgbconsulting.com\/es\/\"},{\"@type\":\"ListItem\",\"position\":2,\"name\":\"Shop\",\"item\":\"https:\/\/wpguerssen-test.odoo.rgbconsulting.com\/shop\/\"},{\"@type\":\"ListItem\",\"position\":3,\"name\":\"Umbra\"}]},{\"@type\":\"WebSite\",\"@id\":\"https:\/\/wpguerssen-test.odoo.rgbconsulting.com\/es\/#website\",\"url\":\"https:\/\/wpguerssen-test.odoo.rgbconsulting.com\/es\/\",\"name\":\"Guerssen records\",\"description\":\"psychedelia - progressive - folk - garage \",\"publisher\":{\"@id\":\"https:\/\/wpguerssen-test.odoo.rgbconsulting.com\/es\/#organization\"},\"potentialAction\":[{\"@type\":\"SearchAction\",\"target\":{\"@type\":\"EntryPoint\",\"urlTemplate\":\"https:\/\/wpguerssen-test.odoo.rgbconsulting.com\/es\/?s={search_term_string}\"},\"query-input\":{\"@type\":\"PropertyValueSpecification\",\"valueRequired\":true,\"valueName\":\"search_term_string\"}}],\"inLanguage\":\"es\"},{\"@type\":\"Organization\",\"@id\":\"https:\/\/wpguerssen-test.odoo.rgbconsulting.com\/es\/#organization\",\"name\":\"Guerssen records\",\"url\":\"https:\/\/wpguerssen-test.odoo.rgbconsulting.com\/es\/\",\"logo\":{\"@type\":\"ImageObject\",\"inLanguage\":\"es\",\"@id\":\"https:\/\/wpguerssen-test.odoo.rgbconsulting.com\/es\/#\/schema\/logo\/image\/\",\"url\":\"https:\/\/wpguerssen-test.odoo.rgbconsulting.com\/wp-content\/uploads\/2022\/04\/Logo_Guerssen_trans_100.png\",\"contentUrl\":\"https:\/\/wpguerssen-test.odoo.rgbconsulting.com\/wp-content\/uploads\/2022\/04\/Logo_Guerssen_trans_100.png\",\"width\":122,\"height\":100,\"caption\":\"Guerssen records\"},\"image\":{\"@id\":\"https:\/\/wpguerssen-test.odoo.rgbconsulting.com\/es\/#\/schema\/logo\/image\/\"}}]}<\/script>\n<!-- \/ Yoast SEO plugin. -->","yoast_head_json":{"title":"KADABRA - Umbra -  (LP) | Guerssen","description":"\"In under two years since the release of their debut LP Ultra, Kadabra has earned a reputation as a captivating and explosive live act through \"passionate stage presence drawing you into their own world with lengthy, mesmerizing, songs building from a slow boil into full crescendos.\" - Brian Lopez, New Noise MagazineThe band formed during the dark days of 2020 and were quickly signed by Heavy Psych Sounds, who released Ultra in the fall of 2021 and established the band's penchant for delivering crushing doom riffs and haunting vocals accentuated by bursts of psychedelic flair and swampy Americana swagger. And while the chemistry of long-time friends Garrett Zanol (guitar\/vocals), Ian Nelson (bass) and Chase Howard (drums) was apparent upon listening to their debut, their bond was further strengthened by relentlessly touring the western United States and completing a month-long tour of Europe. The trio almost immediately began looking forward, road-testing and crystalizing the songs that would comprise their follow-up, which found the band reuniting with Ultra producer Dawson Scholz. The result is Umbra: a singular statement that is more focused and cohesive than its predecessor, while managing to capture the immersive, free-flowing experience of their live show. For fans of: Uncle Acid and the Deadbeats and Dead Meadow !!","robots":{"index":"index","follow":"follow","max-snippet":"max-snippet:-1","max-image-preview":"max-image-preview:large","max-video-preview":"max-video-preview:-1"},"canonical":"https:\/\/wpguerssen-test.odoo.rgbconsulting.com\/es\/producto\/umbra-3\/","og_locale":"es_ES","og_type":"article","og_title":"KADABRA - Umbra -  (LP) | Guerssen","og_description":"\"In under two years since the release of their debut LP Ultra, Kadabra has earned a reputation as a captivating and explosive live act through \"passionate stage presence drawing you into their own world with lengthy, mesmerizing, songs building from a slow boil into full crescendos.\" - Brian Lopez, New Noise MagazineThe band formed during the dark days of 2020 and were quickly signed by Heavy Psych Sounds, who released Ultra in the fall of 2021 and established the band's penchant for delivering crushing doom riffs and haunting vocals accentuated by bursts of psychedelic flair and swampy Americana swagger. And while the chemistry of long-time friends Garrett Zanol (guitar\/vocals), Ian Nelson (bass) and Chase Howard (drums) was apparent upon listening to their debut, their bond was further strengthened by relentlessly touring the western United States and completing a month-long tour of Europe. The trio almost immediately began looking forward, road-testing and crystalizing the songs that would comprise their follow-up, which found the band reuniting with Ultra producer Dawson Scholz. The result is Umbra: a singular statement that is more focused and cohesive than its predecessor, while managing to capture the immersive, free-flowing experience of their live show. For fans of: Uncle Acid and the Deadbeats and Dead Meadow !!","og_url":"https:\/\/wpguerssen-test.odoo.rgbconsulting.com\/es\/producto\/umbra-3\/","og_site_name":"Guerssen records","article_modified_time":"2025-03-03T17:30:02+00:00","og_image":[{"width":1440,"height":1440,"url":"https:\/\/wpguerssen-test.odoo.rgbconsulting.com\/wp-content\/uploads\/2023\/07\/45080.jpg","type":"image\/jpeg"}],"twitter_card":"summary_large_image","twitter_title":"KADABRA - Umbra -  (LP) | Guerssen","twitter_misc":{"Tiempo de lectura":"1 minuto"},"schema":{"@context":"https:\/\/schema.org","@graph":[{"@type":"WebPage","@id":"https:\/\/wpguerssen-test.odoo.rgbconsulting.com\/es\/producto\/umbra-3\/","url":"https:\/\/wpguerssen-test.odoo.rgbconsulting.com\/es\/producto\/umbra-3\/","name":"KADABRA - Umbra - (LP) | Guerssen","isPartOf":{"@id":"https:\/\/wpguerssen-test.odoo.rgbconsulting.com\/es\/#website"},"primaryImageOfPage":{"@id":"https:\/\/wpguerssen-test.odoo.rgbconsulting.com\/es\/producto\/umbra-3\/#primaryimage"},"image":{"@id":"https:\/\/wpguerssen-test.odoo.rgbconsulting.com\/es\/producto\/umbra-3\/#primaryimage"},"thumbnailUrl":"https:\/\/wpguerssen-test.odoo.rgbconsulting.com\/wp-content\/uploads\/2023\/07\/45080.jpg","datePublished":"2023-10-09T22:00:00+00:00","dateModified":"2025-03-03T17:30:02+00:00","description":"\"In under two years since the release of their debut LP Ultra, Kadabra has earned a reputation as a captivating and explosive live act through \"passionate stage presence drawing you into their own world with lengthy, mesmerizing, songs building from a slow boil into full crescendos.\" - Brian Lopez, New Noise MagazineThe band formed during the dark days of 2020 and were quickly signed by Heavy Psych Sounds, who released Ultra in the fall of 2021 and established the band's penchant for delivering crushing doom riffs and haunting vocals accentuated by bursts of psychedelic flair and swampy Americana swagger. And while the chemistry of long-time friends Garrett Zanol (guitar\/vocals), Ian Nelson (bass) and Chase Howard (drums) was apparent upon listening to their debut, their bond was further strengthened by relentlessly touring the western United States and completing a month-long tour of Europe. The trio almost immediately began looking forward, road-testing and crystalizing the songs that would comprise their follow-up, which found the band reuniting with Ultra producer Dawson Scholz. The result is Umbra: a singular statement that is more focused and cohesive than its predecessor, while managing to capture the immersive, free-flowing experience of their live show. For fans of: Uncle Acid and the Deadbeats and Dead Meadow !!","breadcrumb":{"@id":"https:\/\/wpguerssen-test.odoo.rgbconsulting.com\/es\/producto\/umbra-3\/#breadcrumb"},"inLanguage":"es","potentialAction":[{"@type":"ReadAction","target":["https:\/\/wpguerssen-test.odoo.rgbconsulting.com\/es\/producto\/umbra-3\/"]}]},{"@type":"ImageObject","inLanguage":"es","@id":"https:\/\/wpguerssen-test.odoo.rgbconsulting.com\/es\/producto\/umbra-3\/#primaryimage","url":"https:\/\/wpguerssen-test.odoo.rgbconsulting.com\/wp-content\/uploads\/2023\/07\/45080.jpg","contentUrl":"https:\/\/wpguerssen-test.odoo.rgbconsulting.com\/wp-content\/uploads\/2023\/07\/45080.jpg","width":1440,"height":1440},{"@type":"BreadcrumbList","@id":"https:\/\/wpguerssen-test.odoo.rgbconsulting.com\/es\/producto\/umbra-3\/#breadcrumb","itemListElement":[{"@type":"ListItem","position":1,"name":"Inicio","item":"https:\/\/wpguerssen-test.odoo.rgbconsulting.com\/es\/"},{"@type":"ListItem","position":2,"name":"Shop","item":"https:\/\/wpguerssen-test.odoo.rgbconsulting.com\/shop\/"},{"@type":"ListItem","position":3,"name":"Umbra"}]},{"@type":"WebSite","@id":"https:\/\/wpguerssen-test.odoo.rgbconsulting.com\/es\/#website","url":"https:\/\/wpguerssen-test.odoo.rgbconsulting.com\/es\/","name":"Guerssen records","description":"psychedelia - progressive - folk - garage ","publisher":{"@id":"https:\/\/wpguerssen-test.odoo.rgbconsulting.com\/es\/#organization"},"potentialAction":[{"@type":"SearchAction","target":{"@type":"EntryPoint","urlTemplate":"https:\/\/wpguerssen-test.odoo.rgbconsulting.com\/es\/?s={search_term_string}"},"query-input":{"@type":"PropertyValueSpecification","valueRequired":true,"valueName":"search_term_string"}}],"inLanguage":"es"},{"@type":"Organization","@id":"https:\/\/wpguerssen-test.odoo.rgbconsulting.com\/es\/#organization","name":"Guerssen records","url":"https:\/\/wpguerssen-test.odoo.rgbconsulting.com\/es\/","logo":{"@type":"ImageObject","inLanguage":"es","@id":"https:\/\/wpguerssen-test.odoo.rgbconsulting.com\/es\/#\/schema\/logo\/image\/","url":"https:\/\/wpguerssen-test.odoo.rgbconsulting.com\/wp-content\/uploads\/2022\/04\/Logo_Guerssen_trans_100.png","contentUrl":"https:\/\/wpguerssen-test.odoo.rgbconsulting.com\/wp-content\/uploads\/2022\/04\/Logo_Guerssen_trans_100.png","width":122,"height":100,"caption":"Guerssen records"},"image":{"@id":"https:\/\/wpguerssen-test.odoo.rgbconsulting.com\/es\/#\/schema\/logo\/image\/"}}]}},"_links":{"self":[{"href":"https:\/\/wpguerssen-test.odoo.rgbconsulting.com\/es\/wp-json\/wp\/v2\/product\/239009","targetHints":{"allow":["GET"]}}],"collection":[{"href":"https:\/\/wpguerssen-test.odoo.rgbconsulting.com\/es\/wp-json\/wp\/v2\/product"}],"about":[{"href":"https:\/\/wpguerssen-test.odoo.rgbconsulting.com\/es\/wp-json\/wp\/v2\/types\/product"}],"wp:featuredmedia":[{"embeddable":true,"href":"https:\/\/wpguerssen-test.odoo.rgbconsulting.com\/es\/wp-json\/wp\/v2\/media\/239230"}],"wp:attachment":[{"href":"https:\/\/wpguerssen-test.odoo.rgbconsulting.com\/es\/wp-json\/wp\/v2\/media?parent=239009"}],"wp:term":[{"taxonomy":"product_brand","embeddable":true,"href":"https:\/\/wpguerssen-test.odoo.rgbconsulting.com\/es\/wp-json\/wp\/v2\/product_brand?post=239009"},{"taxonomy":"product_cat","embeddable":true,"href":"https:\/\/wpguerssen-test.odoo.rgbconsulting.com\/es\/wp-json\/wp\/v2\/product_cat?post=239009"},{"taxonomy":"product_tag","embeddable":true,"href":"https:\/\/wpguerssen-test.odoo.rgbconsulting.com\/es\/wp-json\/wp\/v2\/product_tag?post=239009"}],"curies":[{"name":"wp","href":"https:\/\/api.w.org\/{rel}","templated":true}]}}