{"id":239010,"date":"2023-07-25T00:00:00","date_gmt":"2023-07-24T22:00:00","guid":{"rendered":"https:\/\/wpguerssen-test.odoo.rgbconsulting.com\/product\/studio-sessions-1972-1980\/"},"modified":"2024-02-22T14:05:20","modified_gmt":"2024-02-22T13:05:20","slug":"studio-sessions-1972-1980","status":"publish","type":"product","link":"https:\/\/wpguerssen-test.odoo.rgbconsulting.com\/es\/producto\/studio-sessions-1972-1980\/","title":{"rendered":"Studio Sessions 1972-1980"},"content":{"rendered":"<p>Alucinantes grabaciones de ruido psicod\u00e9lico lo-fi de 1972 y 1980 de los m\u00edticos psych-rockeros japoneses Les Rallizes D\u00e9nud\u00e9s, incluido el \u00abGuitar Jam\u00bb de 23 minutos que llena toda la cara A, una especie de riff de Stooges con Ramones como bater\u00eda que termina en una org\u00eda de ruido de retroalimentaci\u00f3n total. Grabado el 9 de septiembre de 1980. La cara B comienza con la canci\u00f3n mon\u00f3tona de 18 minutos \u00abA Tale Of Love\u00bb, de las mismas sesiones de Mars Studio de 1980 grabadas 3 d\u00edas antes de \u00abGuitar Jam\u00bb y termina con una versi\u00f3n de 6 minutos del cl\u00e1sico \u00bb Field Of Artificial Flowers\u00bb, grabado en 1972 durante las sesiones de estudio de Oz Days.<br \/>LISTA DE PISTAS: A1 Guitar Jam (1980) B1 A Tale Of Love (1980) B2 Field Of Artificial Flowers (1972)<\/p>\n","protected":false},"excerpt":{"rendered":"<p>Alucinantes grabaciones de ruido psicod\u00e9lico lo-fi de 1972 y 1980 de los m\u00edticos psych-rockeros japoneses Les Rallizes D\u00e9nud\u00e9s, incluido el \u00abGuitar Jam\u00bb de 23<a class=\"read\" href=\"https:\/\/wpguerssen-test.odoo.rgbconsulting.com\/es\/producto\/studio-sessions-1972-1980\/\"> (...)<\/a>","protected":false},"featured_media":239132,"template":"","meta":{"_acf_changed":false},"product_brand":[],"product_cat":[21639,23260],"product_tag":[],"class_list":{"0":"post-239010","1":"product","2":"type-product","3":"status-publish","4":"has-post-thumbnail","6":"product_cat-psychedelic60s-70s-es","7":"product_cat-avant-garde-experime-es","8":"pa_artist-rallizes-denudes-les","9":"pa_format-lp-es","10":"pa_gender-avant-garde-experime-psychedelic60s-70s","11":"pa_label-take-it-acid-is","12":"pa_location-asia-es","13":"pa_other-filters-vinyl-only-es","15":"first","16":"instock","17":"taxable","18":"shipping-taxable","19":"purchasable","20":"product-type-simple"},"acf":[],"yoast_head":"<!-- This site is optimized with the Yoast SEO plugin v24.9 - https:\/\/yoast.com\/wordpress\/plugins\/seo\/ -->\n<title>RALLIZES DENUDES, Les - Studio Sessions 1972-1980 -  (LP) | Guerssen<\/title>\n<meta name=\"description\" content=\"Freaked out lo-fi psychedelic noise recordings from 1972 and 1980 by the mythical Japanese psych rockers Les Rallizes D\u00e9nud\u00e9s, including the 23 minute &quot;Guitar Jam&quot; filling the complete A-side, a sort of Stooges riff with Ramones like drumming ending up in a total feedback noise orgy. Recorded on Sept. 9, 1980. Side B starts with the droning 18 minute track &quot;A Tale Of Love,&quot; from the same 1980 Mars Studio sessions recorded 3 days before &quot;Guitar Jam&quot; and ends with a 6 minute version of the classic &quot;Field Of Artificial Flowers,&quot; recorded in 1972 during the Oz Days studio sessions.TRACKLIST: A1 Guitar Jam (1980) B1 A Tale Of Love (1980) B2 Field Of Artificial Flowers (1972)\" \/>\n<meta name=\"robots\" content=\"index, follow, max-snippet:-1, max-image-preview:large, max-video-preview:-1\" \/>\n<link rel=\"canonical\" href=\"https:\/\/wpguerssen-test.odoo.rgbconsulting.com\/es\/producto\/studio-sessions-1972-1980\/\" \/>\n<meta property=\"og:locale\" content=\"es_ES\" \/>\n<meta property=\"og:type\" content=\"article\" \/>\n<meta property=\"og:title\" content=\"RALLIZES DENUDES, Les - Studio Sessions 1972-1980 -  (LP) | Guerssen\" \/>\n<meta property=\"og:description\" content=\"Freaked out lo-fi psychedelic noise recordings from 1972 and 1980 by the mythical Japanese psych rockers Les Rallizes D\u00e9nud\u00e9s, including the 23 minute &quot;Guitar Jam&quot; filling the complete A-side, a sort of Stooges riff with Ramones like drumming ending up in a total feedback noise orgy. Recorded on Sept. 9, 1980. Side B starts with the droning 18 minute track &quot;A Tale Of Love,&quot; from the same 1980 Mars Studio sessions recorded 3 days before &quot;Guitar Jam&quot; and ends with a 6 minute version of the classic &quot;Field Of Artificial Flowers,&quot; recorded in 1972 during the Oz Days studio sessions.TRACKLIST: A1 Guitar Jam (1980) B1 A Tale Of Love (1980) B2 Field Of Artificial Flowers (1972)\" \/>\n<meta property=\"og:url\" content=\"https:\/\/wpguerssen-test.odoo.rgbconsulting.com\/es\/producto\/studio-sessions-1972-1980\/\" \/>\n<meta property=\"og:site_name\" content=\"Guerssen records\" \/>\n<meta property=\"article:modified_time\" content=\"2024-02-22T13:05:20+00:00\" \/>\n<meta property=\"og:image\" content=\"https:\/\/wpguerssen-test.odoo.rgbconsulting.com\/wp-content\/uploads\/2023\/07\/45081-scaled.jpg\" \/>\n\t<meta property=\"og:image:width\" content=\"2546\" \/>\n\t<meta property=\"og:image:height\" content=\"2560\" \/>\n\t<meta property=\"og:image:type\" content=\"image\/jpeg\" \/>\n<meta name=\"twitter:card\" content=\"summary_large_image\" \/>\n<meta name=\"twitter:title\" content=\"RALLIZES DENUDES, Les - Studio Sessions 1972-1980 -  (LP) | Guerssen\" \/>\n<meta name=\"twitter:label1\" content=\"Tiempo de lectura\" \/>\n\t<meta name=\"twitter:data1\" content=\"1 minuto\" \/>\n<script type=\"application\/ld+json\" class=\"yoast-schema-graph\">{\"@context\":\"https:\/\/schema.org\",\"@graph\":[{\"@type\":\"WebPage\",\"@id\":\"https:\/\/wpguerssen-test.odoo.rgbconsulting.com\/es\/producto\/studio-sessions-1972-1980\/\",\"url\":\"https:\/\/wpguerssen-test.odoo.rgbconsulting.com\/es\/producto\/studio-sessions-1972-1980\/\",\"name\":\"RALLIZES DENUDES, Les - Studio Sessions 1972-1980 - (LP) | Guerssen\",\"isPartOf\":{\"@id\":\"https:\/\/wpguerssen-test.odoo.rgbconsulting.com\/es\/#website\"},\"primaryImageOfPage\":{\"@id\":\"https:\/\/wpguerssen-test.odoo.rgbconsulting.com\/es\/producto\/studio-sessions-1972-1980\/#primaryimage\"},\"image\":{\"@id\":\"https:\/\/wpguerssen-test.odoo.rgbconsulting.com\/es\/producto\/studio-sessions-1972-1980\/#primaryimage\"},\"thumbnailUrl\":\"https:\/\/wpguerssen-test.odoo.rgbconsulting.com\/wp-content\/uploads\/2023\/07\/45081-scaled.jpg\",\"datePublished\":\"2023-07-24T22:00:00+00:00\",\"dateModified\":\"2024-02-22T13:05:20+00:00\",\"description\":\"Freaked out lo-fi psychedelic noise recordings from 1972 and 1980 by the mythical Japanese psych rockers Les Rallizes D\u00e9nud\u00e9s, including the 23 minute \\\"Guitar Jam\\\" filling the complete A-side, a sort of Stooges riff with Ramones like drumming ending up in a total feedback noise orgy. Recorded on Sept. 9, 1980. Side B starts with the droning 18 minute track \\\"A Tale Of Love,\\\" from the same 1980 Mars Studio sessions recorded 3 days before \\\"Guitar Jam\\\" and ends with a 6 minute version of the classic \\\"Field Of Artificial Flowers,\\\" recorded in 1972 during the Oz Days studio sessions.TRACKLIST: A1 Guitar Jam (1980) B1 A Tale Of Love (1980) B2 Field Of Artificial Flowers (1972)\",\"breadcrumb\":{\"@id\":\"https:\/\/wpguerssen-test.odoo.rgbconsulting.com\/es\/producto\/studio-sessions-1972-1980\/#breadcrumb\"},\"inLanguage\":\"es\",\"potentialAction\":[{\"@type\":\"ReadAction\",\"target\":[\"https:\/\/wpguerssen-test.odoo.rgbconsulting.com\/es\/producto\/studio-sessions-1972-1980\/\"]}]},{\"@type\":\"ImageObject\",\"inLanguage\":\"es\",\"@id\":\"https:\/\/wpguerssen-test.odoo.rgbconsulting.com\/es\/producto\/studio-sessions-1972-1980\/#primaryimage\",\"url\":\"https:\/\/wpguerssen-test.odoo.rgbconsulting.com\/wp-content\/uploads\/2023\/07\/45081-scaled.jpg\",\"contentUrl\":\"https:\/\/wpguerssen-test.odoo.rgbconsulting.com\/wp-content\/uploads\/2023\/07\/45081-scaled.jpg\",\"width\":2546,\"height\":2560,\"caption\":\"Les - Studio Sessions 1972-1980 - TAKE IT ACID IS (LP) | Guerssen\"},{\"@type\":\"BreadcrumbList\",\"@id\":\"https:\/\/wpguerssen-test.odoo.rgbconsulting.com\/es\/producto\/studio-sessions-1972-1980\/#breadcrumb\",\"itemListElement\":[{\"@type\":\"ListItem\",\"position\":1,\"name\":\"Inicio\",\"item\":\"https:\/\/wpguerssen-test.odoo.rgbconsulting.com\/es\/\"},{\"@type\":\"ListItem\",\"position\":2,\"name\":\"Shop\",\"item\":\"https:\/\/wpguerssen-test.odoo.rgbconsulting.com\/shop\/\"},{\"@type\":\"ListItem\",\"position\":3,\"name\":\"Studio Sessions 1972-1980\"}]},{\"@type\":\"WebSite\",\"@id\":\"https:\/\/wpguerssen-test.odoo.rgbconsulting.com\/es\/#website\",\"url\":\"https:\/\/wpguerssen-test.odoo.rgbconsulting.com\/es\/\",\"name\":\"Guerssen records\",\"description\":\"psychedelia - progressive - folk - garage \",\"publisher\":{\"@id\":\"https:\/\/wpguerssen-test.odoo.rgbconsulting.com\/es\/#organization\"},\"potentialAction\":[{\"@type\":\"SearchAction\",\"target\":{\"@type\":\"EntryPoint\",\"urlTemplate\":\"https:\/\/wpguerssen-test.odoo.rgbconsulting.com\/es\/?s={search_term_string}\"},\"query-input\":{\"@type\":\"PropertyValueSpecification\",\"valueRequired\":true,\"valueName\":\"search_term_string\"}}],\"inLanguage\":\"es\"},{\"@type\":\"Organization\",\"@id\":\"https:\/\/wpguerssen-test.odoo.rgbconsulting.com\/es\/#organization\",\"name\":\"Guerssen records\",\"url\":\"https:\/\/wpguerssen-test.odoo.rgbconsulting.com\/es\/\",\"logo\":{\"@type\":\"ImageObject\",\"inLanguage\":\"es\",\"@id\":\"https:\/\/wpguerssen-test.odoo.rgbconsulting.com\/es\/#\/schema\/logo\/image\/\",\"url\":\"https:\/\/wpguerssen-test.odoo.rgbconsulting.com\/wp-content\/uploads\/2022\/04\/Logo_Guerssen_trans_100.png\",\"contentUrl\":\"https:\/\/wpguerssen-test.odoo.rgbconsulting.com\/wp-content\/uploads\/2022\/04\/Logo_Guerssen_trans_100.png\",\"width\":122,\"height\":100,\"caption\":\"Guerssen records\"},\"image\":{\"@id\":\"https:\/\/wpguerssen-test.odoo.rgbconsulting.com\/es\/#\/schema\/logo\/image\/\"}}]}<\/script>\n<!-- \/ Yoast SEO plugin. -->","yoast_head_json":{"title":"RALLIZES DENUDES, Les - Studio Sessions 1972-1980 -  (LP) | Guerssen","description":"Freaked out lo-fi psychedelic noise recordings from 1972 and 1980 by the mythical Japanese psych rockers Les Rallizes D\u00e9nud\u00e9s, including the 23 minute \"Guitar Jam\" filling the complete A-side, a sort of Stooges riff with Ramones like drumming ending up in a total feedback noise orgy. Recorded on Sept. 9, 1980. Side B starts with the droning 18 minute track \"A Tale Of Love,\" from the same 1980 Mars Studio sessions recorded 3 days before \"Guitar Jam\" and ends with a 6 minute version of the classic \"Field Of Artificial Flowers,\" recorded in 1972 during the Oz Days studio sessions.TRACKLIST: A1 Guitar Jam (1980) B1 A Tale Of Love (1980) B2 Field Of Artificial Flowers (1972)","robots":{"index":"index","follow":"follow","max-snippet":"max-snippet:-1","max-image-preview":"max-image-preview:large","max-video-preview":"max-video-preview:-1"},"canonical":"https:\/\/wpguerssen-test.odoo.rgbconsulting.com\/es\/producto\/studio-sessions-1972-1980\/","og_locale":"es_ES","og_type":"article","og_title":"RALLIZES DENUDES, Les - Studio Sessions 1972-1980 -  (LP) | Guerssen","og_description":"Freaked out lo-fi psychedelic noise recordings from 1972 and 1980 by the mythical Japanese psych rockers Les Rallizes D\u00e9nud\u00e9s, including the 23 minute \"Guitar Jam\" filling the complete A-side, a sort of Stooges riff with Ramones like drumming ending up in a total feedback noise orgy. Recorded on Sept. 9, 1980. Side B starts with the droning 18 minute track \"A Tale Of Love,\" from the same 1980 Mars Studio sessions recorded 3 days before \"Guitar Jam\" and ends with a 6 minute version of the classic \"Field Of Artificial Flowers,\" recorded in 1972 during the Oz Days studio sessions.TRACKLIST: A1 Guitar Jam (1980) B1 A Tale Of Love (1980) B2 Field Of Artificial Flowers (1972)","og_url":"https:\/\/wpguerssen-test.odoo.rgbconsulting.com\/es\/producto\/studio-sessions-1972-1980\/","og_site_name":"Guerssen records","article_modified_time":"2024-02-22T13:05:20+00:00","og_image":[{"width":2546,"height":2560,"url":"https:\/\/wpguerssen-test.odoo.rgbconsulting.com\/wp-content\/uploads\/2023\/07\/45081-scaled.jpg","type":"image\/jpeg"}],"twitter_card":"summary_large_image","twitter_title":"RALLIZES DENUDES, Les - Studio Sessions 1972-1980 -  (LP) | Guerssen","twitter_misc":{"Tiempo de lectura":"1 minuto"},"schema":{"@context":"https:\/\/schema.org","@graph":[{"@type":"WebPage","@id":"https:\/\/wpguerssen-test.odoo.rgbconsulting.com\/es\/producto\/studio-sessions-1972-1980\/","url":"https:\/\/wpguerssen-test.odoo.rgbconsulting.com\/es\/producto\/studio-sessions-1972-1980\/","name":"RALLIZES DENUDES, Les - Studio Sessions 1972-1980 - (LP) | Guerssen","isPartOf":{"@id":"https:\/\/wpguerssen-test.odoo.rgbconsulting.com\/es\/#website"},"primaryImageOfPage":{"@id":"https:\/\/wpguerssen-test.odoo.rgbconsulting.com\/es\/producto\/studio-sessions-1972-1980\/#primaryimage"},"image":{"@id":"https:\/\/wpguerssen-test.odoo.rgbconsulting.com\/es\/producto\/studio-sessions-1972-1980\/#primaryimage"},"thumbnailUrl":"https:\/\/wpguerssen-test.odoo.rgbconsulting.com\/wp-content\/uploads\/2023\/07\/45081-scaled.jpg","datePublished":"2023-07-24T22:00:00+00:00","dateModified":"2024-02-22T13:05:20+00:00","description":"Freaked out lo-fi psychedelic noise recordings from 1972 and 1980 by the mythical Japanese psych rockers Les Rallizes D\u00e9nud\u00e9s, including the 23 minute \"Guitar Jam\" filling the complete A-side, a sort of Stooges riff with Ramones like drumming ending up in a total feedback noise orgy. Recorded on Sept. 9, 1980. Side B starts with the droning 18 minute track \"A Tale Of Love,\" from the same 1980 Mars Studio sessions recorded 3 days before \"Guitar Jam\" and ends with a 6 minute version of the classic \"Field Of Artificial Flowers,\" recorded in 1972 during the Oz Days studio sessions.TRACKLIST: A1 Guitar Jam (1980) B1 A Tale Of Love (1980) B2 Field Of Artificial Flowers (1972)","breadcrumb":{"@id":"https:\/\/wpguerssen-test.odoo.rgbconsulting.com\/es\/producto\/studio-sessions-1972-1980\/#breadcrumb"},"inLanguage":"es","potentialAction":[{"@type":"ReadAction","target":["https:\/\/wpguerssen-test.odoo.rgbconsulting.com\/es\/producto\/studio-sessions-1972-1980\/"]}]},{"@type":"ImageObject","inLanguage":"es","@id":"https:\/\/wpguerssen-test.odoo.rgbconsulting.com\/es\/producto\/studio-sessions-1972-1980\/#primaryimage","url":"https:\/\/wpguerssen-test.odoo.rgbconsulting.com\/wp-content\/uploads\/2023\/07\/45081-scaled.jpg","contentUrl":"https:\/\/wpguerssen-test.odoo.rgbconsulting.com\/wp-content\/uploads\/2023\/07\/45081-scaled.jpg","width":2546,"height":2560,"caption":"Les - Studio Sessions 1972-1980 - TAKE IT ACID IS (LP) | Guerssen"},{"@type":"BreadcrumbList","@id":"https:\/\/wpguerssen-test.odoo.rgbconsulting.com\/es\/producto\/studio-sessions-1972-1980\/#breadcrumb","itemListElement":[{"@type":"ListItem","position":1,"name":"Inicio","item":"https:\/\/wpguerssen-test.odoo.rgbconsulting.com\/es\/"},{"@type":"ListItem","position":2,"name":"Shop","item":"https:\/\/wpguerssen-test.odoo.rgbconsulting.com\/shop\/"},{"@type":"ListItem","position":3,"name":"Studio Sessions 1972-1980"}]},{"@type":"WebSite","@id":"https:\/\/wpguerssen-test.odoo.rgbconsulting.com\/es\/#website","url":"https:\/\/wpguerssen-test.odoo.rgbconsulting.com\/es\/","name":"Guerssen records","description":"psychedelia - progressive - folk - garage ","publisher":{"@id":"https:\/\/wpguerssen-test.odoo.rgbconsulting.com\/es\/#organization"},"potentialAction":[{"@type":"SearchAction","target":{"@type":"EntryPoint","urlTemplate":"https:\/\/wpguerssen-test.odoo.rgbconsulting.com\/es\/?s={search_term_string}"},"query-input":{"@type":"PropertyValueSpecification","valueRequired":true,"valueName":"search_term_string"}}],"inLanguage":"es"},{"@type":"Organization","@id":"https:\/\/wpguerssen-test.odoo.rgbconsulting.com\/es\/#organization","name":"Guerssen records","url":"https:\/\/wpguerssen-test.odoo.rgbconsulting.com\/es\/","logo":{"@type":"ImageObject","inLanguage":"es","@id":"https:\/\/wpguerssen-test.odoo.rgbconsulting.com\/es\/#\/schema\/logo\/image\/","url":"https:\/\/wpguerssen-test.odoo.rgbconsulting.com\/wp-content\/uploads\/2022\/04\/Logo_Guerssen_trans_100.png","contentUrl":"https:\/\/wpguerssen-test.odoo.rgbconsulting.com\/wp-content\/uploads\/2022\/04\/Logo_Guerssen_trans_100.png","width":122,"height":100,"caption":"Guerssen records"},"image":{"@id":"https:\/\/wpguerssen-test.odoo.rgbconsulting.com\/es\/#\/schema\/logo\/image\/"}}]}},"_links":{"self":[{"href":"https:\/\/wpguerssen-test.odoo.rgbconsulting.com\/es\/wp-json\/wp\/v2\/product\/239010","targetHints":{"allow":["GET"]}}],"collection":[{"href":"https:\/\/wpguerssen-test.odoo.rgbconsulting.com\/es\/wp-json\/wp\/v2\/product"}],"about":[{"href":"https:\/\/wpguerssen-test.odoo.rgbconsulting.com\/es\/wp-json\/wp\/v2\/types\/product"}],"wp:featuredmedia":[{"embeddable":true,"href":"https:\/\/wpguerssen-test.odoo.rgbconsulting.com\/es\/wp-json\/wp\/v2\/media\/239132"}],"wp:attachment":[{"href":"https:\/\/wpguerssen-test.odoo.rgbconsulting.com\/es\/wp-json\/wp\/v2\/media?parent=239010"}],"wp:term":[{"taxonomy":"product_brand","embeddable":true,"href":"https:\/\/wpguerssen-test.odoo.rgbconsulting.com\/es\/wp-json\/wp\/v2\/product_brand?post=239010"},{"taxonomy":"product_cat","embeddable":true,"href":"https:\/\/wpguerssen-test.odoo.rgbconsulting.com\/es\/wp-json\/wp\/v2\/product_cat?post=239010"},{"taxonomy":"product_tag","embeddable":true,"href":"https:\/\/wpguerssen-test.odoo.rgbconsulting.com\/es\/wp-json\/wp\/v2\/product_tag?post=239010"}],"curies":[{"name":"wp","href":"https:\/\/api.w.org\/{rel}","templated":true}]}}