{"id":239013,"date":"2023-08-21T00:00:00","date_gmt":"2023-08-20T22:00:00","guid":{"rendered":"https:\/\/wpguerssen-test.odoo.rgbconsulting.com\/product\/let-there-be-spice\/"},"modified":"2024-02-22T14:05:37","modified_gmt":"2024-02-22T13:05:37","slug":"let-there-be-spice","status":"publish","type":"product","link":"https:\/\/wpguerssen-test.odoo.rgbconsulting.com\/es\/producto\/let-there-be-spice\/","title":{"rendered":"Let There Be Spice"},"content":{"rendered":"<p>Junto con otras reediciones de The Ultimates, The Topics y Ricardo Marrero, P-VINE ha estado reeditando constantemente las gemas funk y soul dif\u00edciles de encontrar en el ef\u00edmero sello de los 70 TSG, y esta \u00faltima reedici\u00f3n para el disco Let There de Spice de 1976 Be Spice est\u00e1 lleno de calor sazonado. Es un disco que complementa y difumina las l\u00edneas de soul, funk y disco, y que alguna vez fue tan raro que ni siquiera la banda sab\u00eda de su existencia. Solo en tiempos recientes hemos podido armar una imagen de un grupo que crece en el Bronx con el ardiente deseo de actuar e iluminar el escenario.<br \/>Pistas como \u00abEverything Is You\u00bb, \u00abDon&#8217;t Fight It \u00bb y \u00abFool In Love\u00bb son ejemplos gloriosos del sonido del alma celestial que el grupo construye con ondas armonizantes de voces relajantes que bailan junto con c\u00e1lidas secciones de cuerdas. \u00abHappy Music\u00bb y el siguiente \u00abDo It Nice\u00bb aumentan el tempo y muestran otro lado de su sonido a medida que las canciones giran y giran a trav\u00e9s de solos de sintetizador progresivo y ritmos de guitarra funk. P-VINE no puede esperar para entregar este emocionante lanzamiento y mantener el fuego ardiendo con fuerza para este \u00e1lbum excepcional.<\/p>\n","protected":false},"excerpt":{"rendered":"<p>Junto con otras reediciones de The Ultimates, The Topics y Ricardo Marrero, P-VINE ha estado reeditando constantemente las gemas funk y soul dif\u00edciles de encontrar<a class=\"read\" href=\"https:\/\/wpguerssen-test.odoo.rgbconsulting.com\/es\/producto\/let-there-be-spice\/\"> (...)<\/a>","protected":false},"featured_media":239918,"template":"","meta":{"_acf_changed":false},"product_brand":[],"product_cat":[21649],"product_tag":[],"class_list":{"0":"post-239013","1":"product","2":"type-product","3":"status-publish","4":"has-post-thumbnail","6":"product_cat-soul-rnb-es","7":"pa_artist-spice","8":"pa_format-lp-es","9":"pa_gender-soul-rnb","10":"pa_label-p-vine","11":"pa_location-north-america-es","12":"pa_other-filters-vinyl-only-es","14":"first","15":"instock","16":"taxable","17":"shipping-taxable","18":"purchasable","19":"product-type-simple"},"acf":[],"yoast_head":"<!-- This site is optimized with the Yoast SEO plugin v24.9 - https:\/\/yoast.com\/wordpress\/plugins\/seo\/ -->\n<title>SPICE - Let There Be Spice -  (LP) | Guerssen<\/title>\n<meta name=\"description\" content=\"Along with other reissues for The Ultimates, The Topics and Ricardo Marrero, P-VINE has been steadily reissuing the hard-to-find funk and soul gems on the short-lived 70s label TSG, and this latest reissue for Spice&#039;s 1976 record Let There Be Spice is packed with seasoned heat. It&#039;s a record that complements and blurs the lines of soul, funk and disco, and was once so rare that not even the band knew of its existence. Only in recent times have we been able to put together a picture of a group growing up in The Bronx with the burning desire to perform and light up the stage.Tracks like &quot;Everything Is You&quot;, &quot;Don&#039;t Fight It&quot; and &quot;Fool In Love&quot; are glorious examples of the heavenly soul sound the group construct with harmonising waves of soothing vocals dancing together with warm string sections. &quot;Happy Music&quot; and the following &quot;Do It Nice&quot; up the tempo and show off another side to their sound as the songs twist and turn through proggy synthesizer solos and funk guitar rhythms. P-VINE can&#039;t wait to deliver this exciting release and keep the fire burning strong for this exceptional album.\" \/>\n<meta name=\"robots\" content=\"index, follow, max-snippet:-1, max-image-preview:large, max-video-preview:-1\" \/>\n<link rel=\"canonical\" href=\"https:\/\/wpguerssen-test.odoo.rgbconsulting.com\/es\/producto\/let-there-be-spice\/\" \/>\n<meta property=\"og:locale\" content=\"es_ES\" \/>\n<meta property=\"og:type\" content=\"article\" \/>\n<meta property=\"og:title\" content=\"SPICE - Let There Be Spice -  (LP) | Guerssen\" \/>\n<meta property=\"og:description\" content=\"Along with other reissues for The Ultimates, The Topics and Ricardo Marrero, P-VINE has been steadily reissuing the hard-to-find funk and soul gems on the short-lived 70s label TSG, and this latest reissue for Spice&#039;s 1976 record Let There Be Spice is packed with seasoned heat. It&#039;s a record that complements and blurs the lines of soul, funk and disco, and was once so rare that not even the band knew of its existence. Only in recent times have we been able to put together a picture of a group growing up in The Bronx with the burning desire to perform and light up the stage.Tracks like &quot;Everything Is You&quot;, &quot;Don&#039;t Fight It&quot; and &quot;Fool In Love&quot; are glorious examples of the heavenly soul sound the group construct with harmonising waves of soothing vocals dancing together with warm string sections. &quot;Happy Music&quot; and the following &quot;Do It Nice&quot; up the tempo and show off another side to their sound as the songs twist and turn through proggy synthesizer solos and funk guitar rhythms. P-VINE can&#039;t wait to deliver this exciting release and keep the fire burning strong for this exceptional album.\" \/>\n<meta property=\"og:url\" content=\"https:\/\/wpguerssen-test.odoo.rgbconsulting.com\/es\/producto\/let-there-be-spice\/\" \/>\n<meta property=\"og:site_name\" content=\"Guerssen records\" \/>\n<meta property=\"article:modified_time\" content=\"2024-02-22T13:05:37+00:00\" \/>\n<meta property=\"og:image\" content=\"https:\/\/wpguerssen-test.odoo.rgbconsulting.com\/wp-content\/uploads\/2023\/08\/45084.jpg\" \/>\n\t<meta property=\"og:image:width\" content=\"470\" \/>\n\t<meta property=\"og:image:height\" content=\"466\" \/>\n\t<meta property=\"og:image:type\" content=\"image\/jpeg\" \/>\n<meta name=\"twitter:card\" content=\"summary_large_image\" \/>\n<meta name=\"twitter:title\" content=\"SPICE - Let There Be Spice -  (LP) | Guerssen\" \/>\n<meta name=\"twitter:label1\" content=\"Tiempo de lectura\" \/>\n\t<meta name=\"twitter:data1\" content=\"1 minuto\" \/>\n<script type=\"application\/ld+json\" class=\"yoast-schema-graph\">{\"@context\":\"https:\/\/schema.org\",\"@graph\":[{\"@type\":\"WebPage\",\"@id\":\"https:\/\/wpguerssen-test.odoo.rgbconsulting.com\/es\/producto\/let-there-be-spice\/\",\"url\":\"https:\/\/wpguerssen-test.odoo.rgbconsulting.com\/es\/producto\/let-there-be-spice\/\",\"name\":\"SPICE - Let There Be Spice - (LP) | Guerssen\",\"isPartOf\":{\"@id\":\"https:\/\/wpguerssen-test.odoo.rgbconsulting.com\/es\/#website\"},\"primaryImageOfPage\":{\"@id\":\"https:\/\/wpguerssen-test.odoo.rgbconsulting.com\/es\/producto\/let-there-be-spice\/#primaryimage\"},\"image\":{\"@id\":\"https:\/\/wpguerssen-test.odoo.rgbconsulting.com\/es\/producto\/let-there-be-spice\/#primaryimage\"},\"thumbnailUrl\":\"https:\/\/wpguerssen-test.odoo.rgbconsulting.com\/wp-content\/uploads\/2023\/08\/45084.jpg\",\"datePublished\":\"2023-08-20T22:00:00+00:00\",\"dateModified\":\"2024-02-22T13:05:37+00:00\",\"description\":\"Along with other reissues for The Ultimates, The Topics and Ricardo Marrero, P-VINE has been steadily reissuing the hard-to-find funk and soul gems on the short-lived 70s label TSG, and this latest reissue for Spice's 1976 record Let There Be Spice is packed with seasoned heat. It's a record that complements and blurs the lines of soul, funk and disco, and was once so rare that not even the band knew of its existence. Only in recent times have we been able to put together a picture of a group growing up in The Bronx with the burning desire to perform and light up the stage.Tracks like \\\"Everything Is You\\\", \\\"Don't Fight It\\\" and \\\"Fool In Love\\\" are glorious examples of the heavenly soul sound the group construct with harmonising waves of soothing vocals dancing together with warm string sections. \\\"Happy Music\\\" and the following \\\"Do It Nice\\\" up the tempo and show off another side to their sound as the songs twist and turn through proggy synthesizer solos and funk guitar rhythms. P-VINE can't wait to deliver this exciting release and keep the fire burning strong for this exceptional album.\",\"breadcrumb\":{\"@id\":\"https:\/\/wpguerssen-test.odoo.rgbconsulting.com\/es\/producto\/let-there-be-spice\/#breadcrumb\"},\"inLanguage\":\"es\",\"potentialAction\":[{\"@type\":\"ReadAction\",\"target\":[\"https:\/\/wpguerssen-test.odoo.rgbconsulting.com\/es\/producto\/let-there-be-spice\/\"]}]},{\"@type\":\"ImageObject\",\"inLanguage\":\"es\",\"@id\":\"https:\/\/wpguerssen-test.odoo.rgbconsulting.com\/es\/producto\/let-there-be-spice\/#primaryimage\",\"url\":\"https:\/\/wpguerssen-test.odoo.rgbconsulting.com\/wp-content\/uploads\/2023\/08\/45084.jpg\",\"contentUrl\":\"https:\/\/wpguerssen-test.odoo.rgbconsulting.com\/wp-content\/uploads\/2023\/08\/45084.jpg\",\"width\":470,\"height\":466},{\"@type\":\"BreadcrumbList\",\"@id\":\"https:\/\/wpguerssen-test.odoo.rgbconsulting.com\/es\/producto\/let-there-be-spice\/#breadcrumb\",\"itemListElement\":[{\"@type\":\"ListItem\",\"position\":1,\"name\":\"Inicio\",\"item\":\"https:\/\/wpguerssen-test.odoo.rgbconsulting.com\/es\/\"},{\"@type\":\"ListItem\",\"position\":2,\"name\":\"Shop\",\"item\":\"https:\/\/wpguerssen-test.odoo.rgbconsulting.com\/shop\/\"},{\"@type\":\"ListItem\",\"position\":3,\"name\":\"Let There Be Spice\"}]},{\"@type\":\"WebSite\",\"@id\":\"https:\/\/wpguerssen-test.odoo.rgbconsulting.com\/es\/#website\",\"url\":\"https:\/\/wpguerssen-test.odoo.rgbconsulting.com\/es\/\",\"name\":\"Guerssen records\",\"description\":\"psychedelia - progressive - folk - garage \",\"publisher\":{\"@id\":\"https:\/\/wpguerssen-test.odoo.rgbconsulting.com\/es\/#organization\"},\"potentialAction\":[{\"@type\":\"SearchAction\",\"target\":{\"@type\":\"EntryPoint\",\"urlTemplate\":\"https:\/\/wpguerssen-test.odoo.rgbconsulting.com\/es\/?s={search_term_string}\"},\"query-input\":{\"@type\":\"PropertyValueSpecification\",\"valueRequired\":true,\"valueName\":\"search_term_string\"}}],\"inLanguage\":\"es\"},{\"@type\":\"Organization\",\"@id\":\"https:\/\/wpguerssen-test.odoo.rgbconsulting.com\/es\/#organization\",\"name\":\"Guerssen records\",\"url\":\"https:\/\/wpguerssen-test.odoo.rgbconsulting.com\/es\/\",\"logo\":{\"@type\":\"ImageObject\",\"inLanguage\":\"es\",\"@id\":\"https:\/\/wpguerssen-test.odoo.rgbconsulting.com\/es\/#\/schema\/logo\/image\/\",\"url\":\"https:\/\/wpguerssen-test.odoo.rgbconsulting.com\/wp-content\/uploads\/2022\/04\/Logo_Guerssen_trans_100.png\",\"contentUrl\":\"https:\/\/wpguerssen-test.odoo.rgbconsulting.com\/wp-content\/uploads\/2022\/04\/Logo_Guerssen_trans_100.png\",\"width\":122,\"height\":100,\"caption\":\"Guerssen records\"},\"image\":{\"@id\":\"https:\/\/wpguerssen-test.odoo.rgbconsulting.com\/es\/#\/schema\/logo\/image\/\"}}]}<\/script>\n<!-- \/ Yoast SEO plugin. -->","yoast_head_json":{"title":"SPICE - Let There Be Spice -  (LP) | Guerssen","description":"Along with other reissues for The Ultimates, The Topics and Ricardo Marrero, P-VINE has been steadily reissuing the hard-to-find funk and soul gems on the short-lived 70s label TSG, and this latest reissue for Spice's 1976 record Let There Be Spice is packed with seasoned heat. It's a record that complements and blurs the lines of soul, funk and disco, and was once so rare that not even the band knew of its existence. Only in recent times have we been able to put together a picture of a group growing up in The Bronx with the burning desire to perform and light up the stage.Tracks like \"Everything Is You\", \"Don't Fight It\" and \"Fool In Love\" are glorious examples of the heavenly soul sound the group construct with harmonising waves of soothing vocals dancing together with warm string sections. \"Happy Music\" and the following \"Do It Nice\" up the tempo and show off another side to their sound as the songs twist and turn through proggy synthesizer solos and funk guitar rhythms. P-VINE can't wait to deliver this exciting release and keep the fire burning strong for this exceptional album.","robots":{"index":"index","follow":"follow","max-snippet":"max-snippet:-1","max-image-preview":"max-image-preview:large","max-video-preview":"max-video-preview:-1"},"canonical":"https:\/\/wpguerssen-test.odoo.rgbconsulting.com\/es\/producto\/let-there-be-spice\/","og_locale":"es_ES","og_type":"article","og_title":"SPICE - Let There Be Spice -  (LP) | Guerssen","og_description":"Along with other reissues for The Ultimates, The Topics and Ricardo Marrero, P-VINE has been steadily reissuing the hard-to-find funk and soul gems on the short-lived 70s label TSG, and this latest reissue for Spice's 1976 record Let There Be Spice is packed with seasoned heat. It's a record that complements and blurs the lines of soul, funk and disco, and was once so rare that not even the band knew of its existence. Only in recent times have we been able to put together a picture of a group growing up in The Bronx with the burning desire to perform and light up the stage.Tracks like \"Everything Is You\", \"Don't Fight It\" and \"Fool In Love\" are glorious examples of the heavenly soul sound the group construct with harmonising waves of soothing vocals dancing together with warm string sections. \"Happy Music\" and the following \"Do It Nice\" up the tempo and show off another side to their sound as the songs twist and turn through proggy synthesizer solos and funk guitar rhythms. P-VINE can't wait to deliver this exciting release and keep the fire burning strong for this exceptional album.","og_url":"https:\/\/wpguerssen-test.odoo.rgbconsulting.com\/es\/producto\/let-there-be-spice\/","og_site_name":"Guerssen records","article_modified_time":"2024-02-22T13:05:37+00:00","og_image":[{"width":470,"height":466,"url":"https:\/\/wpguerssen-test.odoo.rgbconsulting.com\/wp-content\/uploads\/2023\/08\/45084.jpg","type":"image\/jpeg"}],"twitter_card":"summary_large_image","twitter_title":"SPICE - Let There Be Spice -  (LP) | Guerssen","twitter_misc":{"Tiempo de lectura":"1 minuto"},"schema":{"@context":"https:\/\/schema.org","@graph":[{"@type":"WebPage","@id":"https:\/\/wpguerssen-test.odoo.rgbconsulting.com\/es\/producto\/let-there-be-spice\/","url":"https:\/\/wpguerssen-test.odoo.rgbconsulting.com\/es\/producto\/let-there-be-spice\/","name":"SPICE - Let There Be Spice - (LP) | Guerssen","isPartOf":{"@id":"https:\/\/wpguerssen-test.odoo.rgbconsulting.com\/es\/#website"},"primaryImageOfPage":{"@id":"https:\/\/wpguerssen-test.odoo.rgbconsulting.com\/es\/producto\/let-there-be-spice\/#primaryimage"},"image":{"@id":"https:\/\/wpguerssen-test.odoo.rgbconsulting.com\/es\/producto\/let-there-be-spice\/#primaryimage"},"thumbnailUrl":"https:\/\/wpguerssen-test.odoo.rgbconsulting.com\/wp-content\/uploads\/2023\/08\/45084.jpg","datePublished":"2023-08-20T22:00:00+00:00","dateModified":"2024-02-22T13:05:37+00:00","description":"Along with other reissues for The Ultimates, The Topics and Ricardo Marrero, P-VINE has been steadily reissuing the hard-to-find funk and soul gems on the short-lived 70s label TSG, and this latest reissue for Spice's 1976 record Let There Be Spice is packed with seasoned heat. It's a record that complements and blurs the lines of soul, funk and disco, and was once so rare that not even the band knew of its existence. Only in recent times have we been able to put together a picture of a group growing up in The Bronx with the burning desire to perform and light up the stage.Tracks like \"Everything Is You\", \"Don't Fight It\" and \"Fool In Love\" are glorious examples of the heavenly soul sound the group construct with harmonising waves of soothing vocals dancing together with warm string sections. \"Happy Music\" and the following \"Do It Nice\" up the tempo and show off another side to their sound as the songs twist and turn through proggy synthesizer solos and funk guitar rhythms. P-VINE can't wait to deliver this exciting release and keep the fire burning strong for this exceptional album.","breadcrumb":{"@id":"https:\/\/wpguerssen-test.odoo.rgbconsulting.com\/es\/producto\/let-there-be-spice\/#breadcrumb"},"inLanguage":"es","potentialAction":[{"@type":"ReadAction","target":["https:\/\/wpguerssen-test.odoo.rgbconsulting.com\/es\/producto\/let-there-be-spice\/"]}]},{"@type":"ImageObject","inLanguage":"es","@id":"https:\/\/wpguerssen-test.odoo.rgbconsulting.com\/es\/producto\/let-there-be-spice\/#primaryimage","url":"https:\/\/wpguerssen-test.odoo.rgbconsulting.com\/wp-content\/uploads\/2023\/08\/45084.jpg","contentUrl":"https:\/\/wpguerssen-test.odoo.rgbconsulting.com\/wp-content\/uploads\/2023\/08\/45084.jpg","width":470,"height":466},{"@type":"BreadcrumbList","@id":"https:\/\/wpguerssen-test.odoo.rgbconsulting.com\/es\/producto\/let-there-be-spice\/#breadcrumb","itemListElement":[{"@type":"ListItem","position":1,"name":"Inicio","item":"https:\/\/wpguerssen-test.odoo.rgbconsulting.com\/es\/"},{"@type":"ListItem","position":2,"name":"Shop","item":"https:\/\/wpguerssen-test.odoo.rgbconsulting.com\/shop\/"},{"@type":"ListItem","position":3,"name":"Let There Be Spice"}]},{"@type":"WebSite","@id":"https:\/\/wpguerssen-test.odoo.rgbconsulting.com\/es\/#website","url":"https:\/\/wpguerssen-test.odoo.rgbconsulting.com\/es\/","name":"Guerssen records","description":"psychedelia - progressive - folk - garage ","publisher":{"@id":"https:\/\/wpguerssen-test.odoo.rgbconsulting.com\/es\/#organization"},"potentialAction":[{"@type":"SearchAction","target":{"@type":"EntryPoint","urlTemplate":"https:\/\/wpguerssen-test.odoo.rgbconsulting.com\/es\/?s={search_term_string}"},"query-input":{"@type":"PropertyValueSpecification","valueRequired":true,"valueName":"search_term_string"}}],"inLanguage":"es"},{"@type":"Organization","@id":"https:\/\/wpguerssen-test.odoo.rgbconsulting.com\/es\/#organization","name":"Guerssen records","url":"https:\/\/wpguerssen-test.odoo.rgbconsulting.com\/es\/","logo":{"@type":"ImageObject","inLanguage":"es","@id":"https:\/\/wpguerssen-test.odoo.rgbconsulting.com\/es\/#\/schema\/logo\/image\/","url":"https:\/\/wpguerssen-test.odoo.rgbconsulting.com\/wp-content\/uploads\/2022\/04\/Logo_Guerssen_trans_100.png","contentUrl":"https:\/\/wpguerssen-test.odoo.rgbconsulting.com\/wp-content\/uploads\/2022\/04\/Logo_Guerssen_trans_100.png","width":122,"height":100,"caption":"Guerssen records"},"image":{"@id":"https:\/\/wpguerssen-test.odoo.rgbconsulting.com\/es\/#\/schema\/logo\/image\/"}}]}},"_links":{"self":[{"href":"https:\/\/wpguerssen-test.odoo.rgbconsulting.com\/es\/wp-json\/wp\/v2\/product\/239013","targetHints":{"allow":["GET"]}}],"collection":[{"href":"https:\/\/wpguerssen-test.odoo.rgbconsulting.com\/es\/wp-json\/wp\/v2\/product"}],"about":[{"href":"https:\/\/wpguerssen-test.odoo.rgbconsulting.com\/es\/wp-json\/wp\/v2\/types\/product"}],"wp:featuredmedia":[{"embeddable":true,"href":"https:\/\/wpguerssen-test.odoo.rgbconsulting.com\/es\/wp-json\/wp\/v2\/media\/239918"}],"wp:attachment":[{"href":"https:\/\/wpguerssen-test.odoo.rgbconsulting.com\/es\/wp-json\/wp\/v2\/media?parent=239013"}],"wp:term":[{"taxonomy":"product_brand","embeddable":true,"href":"https:\/\/wpguerssen-test.odoo.rgbconsulting.com\/es\/wp-json\/wp\/v2\/product_brand?post=239013"},{"taxonomy":"product_cat","embeddable":true,"href":"https:\/\/wpguerssen-test.odoo.rgbconsulting.com\/es\/wp-json\/wp\/v2\/product_cat?post=239013"},{"taxonomy":"product_tag","embeddable":true,"href":"https:\/\/wpguerssen-test.odoo.rgbconsulting.com\/es\/wp-json\/wp\/v2\/product_tag?post=239013"}],"curies":[{"name":"wp","href":"https:\/\/api.w.org\/{rel}","templated":true}]}}