{"id":239076,"date":"2014-02-10T00:00:00","date_gmt":"2014-02-09T23:00:00","guid":{"rendered":"https:\/\/wpguerssen-test.odoo.rgbconsulting.com\/product\/francesco-ti-ricordi\/"},"modified":"2024-02-15T18:14:29","modified_gmt":"2024-02-15T17:14:29","slug":"francesco-ti-ricordi","status":"publish","type":"product","link":"https:\/\/wpguerssen-test.odoo.rgbconsulting.com\/es\/producto\/francesco-ti-ricordi\/","title":{"rendered":"Francesco ti ricordi"},"content":{"rendered":"<p>Grupo italiano de principios de los 70 que se estableci\u00f3 en Alemania, ejerciendo de teloneros de bandas como Message, Atlantis o Scorpions, con buenas cr\u00edticas en la prensa de la \u00e9poca. En 1976, editaron de forma privada este LP en onda hard-rock, cantado en italiano y con impresionante guitarra fuzz.<\/p>\n","protected":false},"excerpt":{"rendered":"<p>Grupo italiano de principios de los 70 que se estableci\u00f3 en Alemania, ejerciendo de teloneros de bandas como Message, Atlantis o Scorpions, con buenas cr\u00edticas en<a class=\"read\" href=\"https:\/\/wpguerssen-test.odoo.rgbconsulting.com\/es\/producto\/francesco-ti-ricordi\/\"> (...)<\/a>","protected":false},"featured_media":114320,"template":"","meta":{"_acf_changed":false},"product_brand":[],"product_cat":[23215,23224],"product_tag":[],"class_list":{"0":"post-239076","1":"product","2":"type-product","3":"status-publish","4":"has-post-thumbnail","6":"product_cat-progressive60s-70s-es","7":"product_cat-hard-rock-60s-70s-es","8":"pa_artist-atlantide-es","9":"pa_format-lp-es","10":"pa_gender-hard-rock-60s-70s-progressive60s-70s","11":"pa_label-mellotron-2","12":"pa_location-europe-es","13":"pa_other-filters-vinyl-only-es","15":"first","16":"instock","17":"taxable","18":"shipping-taxable","19":"purchasable","20":"product-type-simple"},"acf":[],"yoast_head":"<!-- This site is optimized with the Yoast SEO plugin v24.9 - https:\/\/yoast.com\/wordpress\/plugins\/seo\/ -->\n<title>ATLANTIDE - Francesco ti ricordi -  (LP) | Guerssen<\/title>\n<meta name=\"description\" content=\"Coming from Cirigliano, Basilicata, in Southern Italy, the four brothers Sanseverino already used to play together in Italy, before moving to Germany, in Rottweil, since 1973. In that country they supported such major bands like Message, Atlantis, Scorpions, gaining a good live experience and press reviews. Despite all this they decided to release their self-produced album, only issued in Germany in 1976, singing in Italian, and with a very different style from the typical production of the time, being a hard-rock album with very small prog influences and based on the good fuzz guitar playing of Mimmo Sanseverino. Italian listeners will find the singer&#039;s strong dialect accent a bit disturbing, but the record is very well played and includes six long tracks varying in length from 5 minutes to the 11:15 of the long La luna.\" \/>\n<meta name=\"robots\" content=\"index, follow, max-snippet:-1, max-image-preview:large, max-video-preview:-1\" \/>\n<link rel=\"canonical\" href=\"https:\/\/wpguerssen-test.odoo.rgbconsulting.com\/es\/producto\/francesco-ti-ricordi\/\" \/>\n<meta property=\"og:locale\" content=\"es_ES\" \/>\n<meta property=\"og:type\" content=\"article\" \/>\n<meta property=\"og:title\" content=\"ATLANTIDE - Francesco ti ricordi -  (LP) | Guerssen\" \/>\n<meta property=\"og:description\" content=\"Coming from Cirigliano, Basilicata, in Southern Italy, the four brothers Sanseverino already used to play together in Italy, before moving to Germany, in Rottweil, since 1973. In that country they supported such major bands like Message, Atlantis, Scorpions, gaining a good live experience and press reviews. Despite all this they decided to release their self-produced album, only issued in Germany in 1976, singing in Italian, and with a very different style from the typical production of the time, being a hard-rock album with very small prog influences and based on the good fuzz guitar playing of Mimmo Sanseverino. Italian listeners will find the singer&#039;s strong dialect accent a bit disturbing, but the record is very well played and includes six long tracks varying in length from 5 minutes to the 11:15 of the long La luna.\" \/>\n<meta property=\"og:url\" content=\"https:\/\/wpguerssen-test.odoo.rgbconsulting.com\/es\/producto\/francesco-ti-ricordi\/\" \/>\n<meta property=\"og:site_name\" content=\"Guerssen records\" \/>\n<meta property=\"article:modified_time\" content=\"2024-02-15T17:14:29+00:00\" \/>\n<meta property=\"og:image\" content=\"https:\/\/wpguerssen-test.odoo.rgbconsulting.com\/wp-content\/uploads\/2022\/03\/14806.jpg\" \/>\n\t<meta property=\"og:image:width\" content=\"180\" \/>\n\t<meta property=\"og:image:height\" content=\"177\" \/>\n\t<meta property=\"og:image:type\" content=\"image\/jpeg\" \/>\n<meta name=\"twitter:card\" content=\"summary_large_image\" \/>\n<meta name=\"twitter:title\" content=\"ATLANTIDE - Francesco ti ricordi -  (LP) | Guerssen\" \/>\n<script type=\"application\/ld+json\" class=\"yoast-schema-graph\">{\"@context\":\"https:\/\/schema.org\",\"@graph\":[{\"@type\":\"WebPage\",\"@id\":\"https:\/\/wpguerssen-test.odoo.rgbconsulting.com\/es\/producto\/francesco-ti-ricordi\/\",\"url\":\"https:\/\/wpguerssen-test.odoo.rgbconsulting.com\/es\/producto\/francesco-ti-ricordi\/\",\"name\":\"ATLANTIDE - Francesco ti ricordi - (LP) | Guerssen\",\"isPartOf\":{\"@id\":\"https:\/\/wpguerssen-test.odoo.rgbconsulting.com\/es\/#website\"},\"primaryImageOfPage\":{\"@id\":\"https:\/\/wpguerssen-test.odoo.rgbconsulting.com\/es\/producto\/francesco-ti-ricordi\/#primaryimage\"},\"image\":{\"@id\":\"https:\/\/wpguerssen-test.odoo.rgbconsulting.com\/es\/producto\/francesco-ti-ricordi\/#primaryimage\"},\"thumbnailUrl\":\"https:\/\/wpguerssen-test.odoo.rgbconsulting.com\/wp-content\/uploads\/2022\/03\/14806.jpg\",\"datePublished\":\"2014-02-09T23:00:00+00:00\",\"dateModified\":\"2024-02-15T17:14:29+00:00\",\"description\":\"Coming from Cirigliano, Basilicata, in Southern Italy, the four brothers Sanseverino already used to play together in Italy, before moving to Germany, in Rottweil, since 1973. In that country they supported such major bands like Message, Atlantis, Scorpions, gaining a good live experience and press reviews. Despite all this they decided to release their self-produced album, only issued in Germany in 1976, singing in Italian, and with a very different style from the typical production of the time, being a hard-rock album with very small prog influences and based on the good fuzz guitar playing of Mimmo Sanseverino. Italian listeners will find the singer's strong dialect accent a bit disturbing, but the record is very well played and includes six long tracks varying in length from 5 minutes to the 11:15 of the long La luna.\",\"breadcrumb\":{\"@id\":\"https:\/\/wpguerssen-test.odoo.rgbconsulting.com\/es\/producto\/francesco-ti-ricordi\/#breadcrumb\"},\"inLanguage\":\"es\",\"potentialAction\":[{\"@type\":\"ReadAction\",\"target\":[\"https:\/\/wpguerssen-test.odoo.rgbconsulting.com\/es\/producto\/francesco-ti-ricordi\/\"]}]},{\"@type\":\"ImageObject\",\"inLanguage\":\"es\",\"@id\":\"https:\/\/wpguerssen-test.odoo.rgbconsulting.com\/es\/producto\/francesco-ti-ricordi\/#primaryimage\",\"url\":\"https:\/\/wpguerssen-test.odoo.rgbconsulting.com\/wp-content\/uploads\/2022\/03\/14806.jpg\",\"contentUrl\":\"https:\/\/wpguerssen-test.odoo.rgbconsulting.com\/wp-content\/uploads\/2022\/03\/14806.jpg\",\"width\":180,\"height\":177,\"caption\":\"ATLANTIDE - Francesco ti ricordi - MELLOTRON (LP) | Guerssen\"},{\"@type\":\"BreadcrumbList\",\"@id\":\"https:\/\/wpguerssen-test.odoo.rgbconsulting.com\/es\/producto\/francesco-ti-ricordi\/#breadcrumb\",\"itemListElement\":[{\"@type\":\"ListItem\",\"position\":1,\"name\":\"Inicio\",\"item\":\"https:\/\/wpguerssen-test.odoo.rgbconsulting.com\/es\/\"},{\"@type\":\"ListItem\",\"position\":2,\"name\":\"Shop\",\"item\":\"https:\/\/wpguerssen-test.odoo.rgbconsulting.com\/shop\/\"},{\"@type\":\"ListItem\",\"position\":3,\"name\":\"Francesco ti ricordi\"}]},{\"@type\":\"WebSite\",\"@id\":\"https:\/\/wpguerssen-test.odoo.rgbconsulting.com\/es\/#website\",\"url\":\"https:\/\/wpguerssen-test.odoo.rgbconsulting.com\/es\/\",\"name\":\"Guerssen records\",\"description\":\"psychedelia - progressive - folk - garage \",\"publisher\":{\"@id\":\"https:\/\/wpguerssen-test.odoo.rgbconsulting.com\/es\/#organization\"},\"potentialAction\":[{\"@type\":\"SearchAction\",\"target\":{\"@type\":\"EntryPoint\",\"urlTemplate\":\"https:\/\/wpguerssen-test.odoo.rgbconsulting.com\/es\/?s={search_term_string}\"},\"query-input\":{\"@type\":\"PropertyValueSpecification\",\"valueRequired\":true,\"valueName\":\"search_term_string\"}}],\"inLanguage\":\"es\"},{\"@type\":\"Organization\",\"@id\":\"https:\/\/wpguerssen-test.odoo.rgbconsulting.com\/es\/#organization\",\"name\":\"Guerssen records\",\"url\":\"https:\/\/wpguerssen-test.odoo.rgbconsulting.com\/es\/\",\"logo\":{\"@type\":\"ImageObject\",\"inLanguage\":\"es\",\"@id\":\"https:\/\/wpguerssen-test.odoo.rgbconsulting.com\/es\/#\/schema\/logo\/image\/\",\"url\":\"https:\/\/wpguerssen-test.odoo.rgbconsulting.com\/wp-content\/uploads\/2022\/04\/Logo_Guerssen_trans_100.png\",\"contentUrl\":\"https:\/\/wpguerssen-test.odoo.rgbconsulting.com\/wp-content\/uploads\/2022\/04\/Logo_Guerssen_trans_100.png\",\"width\":122,\"height\":100,\"caption\":\"Guerssen records\"},\"image\":{\"@id\":\"https:\/\/wpguerssen-test.odoo.rgbconsulting.com\/es\/#\/schema\/logo\/image\/\"}}]}<\/script>\n<!-- \/ Yoast SEO plugin. -->","yoast_head_json":{"title":"ATLANTIDE - Francesco ti ricordi -  (LP) | Guerssen","description":"Coming from Cirigliano, Basilicata, in Southern Italy, the four brothers Sanseverino already used to play together in Italy, before moving to Germany, in Rottweil, since 1973. In that country they supported such major bands like Message, Atlantis, Scorpions, gaining a good live experience and press reviews. Despite all this they decided to release their self-produced album, only issued in Germany in 1976, singing in Italian, and with a very different style from the typical production of the time, being a hard-rock album with very small prog influences and based on the good fuzz guitar playing of Mimmo Sanseverino. Italian listeners will find the singer's strong dialect accent a bit disturbing, but the record is very well played and includes six long tracks varying in length from 5 minutes to the 11:15 of the long La luna.","robots":{"index":"index","follow":"follow","max-snippet":"max-snippet:-1","max-image-preview":"max-image-preview:large","max-video-preview":"max-video-preview:-1"},"canonical":"https:\/\/wpguerssen-test.odoo.rgbconsulting.com\/es\/producto\/francesco-ti-ricordi\/","og_locale":"es_ES","og_type":"article","og_title":"ATLANTIDE - Francesco ti ricordi -  (LP) | Guerssen","og_description":"Coming from Cirigliano, Basilicata, in Southern Italy, the four brothers Sanseverino already used to play together in Italy, before moving to Germany, in Rottweil, since 1973. In that country they supported such major bands like Message, Atlantis, Scorpions, gaining a good live experience and press reviews. Despite all this they decided to release their self-produced album, only issued in Germany in 1976, singing in Italian, and with a very different style from the typical production of the time, being a hard-rock album with very small prog influences and based on the good fuzz guitar playing of Mimmo Sanseverino. Italian listeners will find the singer's strong dialect accent a bit disturbing, but the record is very well played and includes six long tracks varying in length from 5 minutes to the 11:15 of the long La luna.","og_url":"https:\/\/wpguerssen-test.odoo.rgbconsulting.com\/es\/producto\/francesco-ti-ricordi\/","og_site_name":"Guerssen records","article_modified_time":"2024-02-15T17:14:29+00:00","og_image":[{"width":180,"height":177,"url":"https:\/\/wpguerssen-test.odoo.rgbconsulting.com\/wp-content\/uploads\/2022\/03\/14806.jpg","type":"image\/jpeg"}],"twitter_card":"summary_large_image","twitter_title":"ATLANTIDE - Francesco ti ricordi -  (LP) | Guerssen","schema":{"@context":"https:\/\/schema.org","@graph":[{"@type":"WebPage","@id":"https:\/\/wpguerssen-test.odoo.rgbconsulting.com\/es\/producto\/francesco-ti-ricordi\/","url":"https:\/\/wpguerssen-test.odoo.rgbconsulting.com\/es\/producto\/francesco-ti-ricordi\/","name":"ATLANTIDE - Francesco ti ricordi - (LP) | Guerssen","isPartOf":{"@id":"https:\/\/wpguerssen-test.odoo.rgbconsulting.com\/es\/#website"},"primaryImageOfPage":{"@id":"https:\/\/wpguerssen-test.odoo.rgbconsulting.com\/es\/producto\/francesco-ti-ricordi\/#primaryimage"},"image":{"@id":"https:\/\/wpguerssen-test.odoo.rgbconsulting.com\/es\/producto\/francesco-ti-ricordi\/#primaryimage"},"thumbnailUrl":"https:\/\/wpguerssen-test.odoo.rgbconsulting.com\/wp-content\/uploads\/2022\/03\/14806.jpg","datePublished":"2014-02-09T23:00:00+00:00","dateModified":"2024-02-15T17:14:29+00:00","description":"Coming from Cirigliano, Basilicata, in Southern Italy, the four brothers Sanseverino already used to play together in Italy, before moving to Germany, in Rottweil, since 1973. In that country they supported such major bands like Message, Atlantis, Scorpions, gaining a good live experience and press reviews. Despite all this they decided to release their self-produced album, only issued in Germany in 1976, singing in Italian, and with a very different style from the typical production of the time, being a hard-rock album with very small prog influences and based on the good fuzz guitar playing of Mimmo Sanseverino. Italian listeners will find the singer's strong dialect accent a bit disturbing, but the record is very well played and includes six long tracks varying in length from 5 minutes to the 11:15 of the long La luna.","breadcrumb":{"@id":"https:\/\/wpguerssen-test.odoo.rgbconsulting.com\/es\/producto\/francesco-ti-ricordi\/#breadcrumb"},"inLanguage":"es","potentialAction":[{"@type":"ReadAction","target":["https:\/\/wpguerssen-test.odoo.rgbconsulting.com\/es\/producto\/francesco-ti-ricordi\/"]}]},{"@type":"ImageObject","inLanguage":"es","@id":"https:\/\/wpguerssen-test.odoo.rgbconsulting.com\/es\/producto\/francesco-ti-ricordi\/#primaryimage","url":"https:\/\/wpguerssen-test.odoo.rgbconsulting.com\/wp-content\/uploads\/2022\/03\/14806.jpg","contentUrl":"https:\/\/wpguerssen-test.odoo.rgbconsulting.com\/wp-content\/uploads\/2022\/03\/14806.jpg","width":180,"height":177,"caption":"ATLANTIDE - Francesco ti ricordi - MELLOTRON (LP) | Guerssen"},{"@type":"BreadcrumbList","@id":"https:\/\/wpguerssen-test.odoo.rgbconsulting.com\/es\/producto\/francesco-ti-ricordi\/#breadcrumb","itemListElement":[{"@type":"ListItem","position":1,"name":"Inicio","item":"https:\/\/wpguerssen-test.odoo.rgbconsulting.com\/es\/"},{"@type":"ListItem","position":2,"name":"Shop","item":"https:\/\/wpguerssen-test.odoo.rgbconsulting.com\/shop\/"},{"@type":"ListItem","position":3,"name":"Francesco ti ricordi"}]},{"@type":"WebSite","@id":"https:\/\/wpguerssen-test.odoo.rgbconsulting.com\/es\/#website","url":"https:\/\/wpguerssen-test.odoo.rgbconsulting.com\/es\/","name":"Guerssen records","description":"psychedelia - progressive - folk - garage ","publisher":{"@id":"https:\/\/wpguerssen-test.odoo.rgbconsulting.com\/es\/#organization"},"potentialAction":[{"@type":"SearchAction","target":{"@type":"EntryPoint","urlTemplate":"https:\/\/wpguerssen-test.odoo.rgbconsulting.com\/es\/?s={search_term_string}"},"query-input":{"@type":"PropertyValueSpecification","valueRequired":true,"valueName":"search_term_string"}}],"inLanguage":"es"},{"@type":"Organization","@id":"https:\/\/wpguerssen-test.odoo.rgbconsulting.com\/es\/#organization","name":"Guerssen records","url":"https:\/\/wpguerssen-test.odoo.rgbconsulting.com\/es\/","logo":{"@type":"ImageObject","inLanguage":"es","@id":"https:\/\/wpguerssen-test.odoo.rgbconsulting.com\/es\/#\/schema\/logo\/image\/","url":"https:\/\/wpguerssen-test.odoo.rgbconsulting.com\/wp-content\/uploads\/2022\/04\/Logo_Guerssen_trans_100.png","contentUrl":"https:\/\/wpguerssen-test.odoo.rgbconsulting.com\/wp-content\/uploads\/2022\/04\/Logo_Guerssen_trans_100.png","width":122,"height":100,"caption":"Guerssen records"},"image":{"@id":"https:\/\/wpguerssen-test.odoo.rgbconsulting.com\/es\/#\/schema\/logo\/image\/"}}]}},"_links":{"self":[{"href":"https:\/\/wpguerssen-test.odoo.rgbconsulting.com\/es\/wp-json\/wp\/v2\/product\/239076","targetHints":{"allow":["GET"]}}],"collection":[{"href":"https:\/\/wpguerssen-test.odoo.rgbconsulting.com\/es\/wp-json\/wp\/v2\/product"}],"about":[{"href":"https:\/\/wpguerssen-test.odoo.rgbconsulting.com\/es\/wp-json\/wp\/v2\/types\/product"}],"wp:featuredmedia":[{"embeddable":true,"href":"https:\/\/wpguerssen-test.odoo.rgbconsulting.com\/es\/wp-json\/wp\/v2\/media\/114320"}],"wp:attachment":[{"href":"https:\/\/wpguerssen-test.odoo.rgbconsulting.com\/es\/wp-json\/wp\/v2\/media?parent=239076"}],"wp:term":[{"taxonomy":"product_brand","embeddable":true,"href":"https:\/\/wpguerssen-test.odoo.rgbconsulting.com\/es\/wp-json\/wp\/v2\/product_brand?post=239076"},{"taxonomy":"product_cat","embeddable":true,"href":"https:\/\/wpguerssen-test.odoo.rgbconsulting.com\/es\/wp-json\/wp\/v2\/product_cat?post=239076"},{"taxonomy":"product_tag","embeddable":true,"href":"https:\/\/wpguerssen-test.odoo.rgbconsulting.com\/es\/wp-json\/wp\/v2\/product_tag?post=239076"}],"curies":[{"name":"wp","href":"https:\/\/api.w.org\/{rel}","templated":true}]}}