{"id":239278,"date":"2023-09-14T00:00:00","date_gmt":"2023-09-13T22:00:00","guid":{"rendered":"https:\/\/wpguerssen-test.odoo.rgbconsulting.com\/product\/som-definitivo\/"},"modified":"2025-03-28T12:36:22","modified_gmt":"2025-03-28T11:36:22","slug":"som-definitivo","status":"publish","type":"product","link":"https:\/\/wpguerssen-test.odoo.rgbconsulting.com\/es\/producto\/som-definitivo\/","title":{"rendered":"Som Definitivo"},"content":{"rendered":"<p>En Som Definitvo, su segundo long-play, los acompa\u00f1a otro gran nombre de la m\u00fasica popular brasile\u00f1a: el incre\u00edble Tamba Trio, que cont\u00f3 con Luiz E\u00e7a en piano, voz y arreglos, Bebeto Castilho en contrabajo, flauta, saxo y voz y Helcio Milito en bater\u00eda, percusi\u00f3n y voz.<br \/>Juntos, Quarteto Em Cy y Tamba Trio entregan un LP sensacional donde suena bossa nova, jazz y ascendencia brasile\u00f1a se mezclan a la perfecci\u00f3n como base para las fenomenales armon\u00edas vocales del septeto en canciones escritas por algunos de los mayores talentos de Brasil en ese momento, como Edu Lobo, Dorival Caymmi, Gilberto Gil o el mismo Vin\u00edcius de Moraes, a.o.<\/p>\n","protected":false},"excerpt":{"rendered":"<p>En Som Definitvo, su segundo long-play, los acompa\u00f1a otro gran nombre de la m\u00fasica popular brasile\u00f1a: el incre\u00edble Tamba Trio, que cont\u00f3 con Luiz E\u00e7a en piano,<a class=\"read\" href=\"https:\/\/wpguerssen-test.odoo.rgbconsulting.com\/es\/producto\/som-definitivo\/\"> (...)<\/a>","protected":false},"featured_media":239572,"template":"","meta":{"_acf_changed":false},"product_brand":[],"product_cat":[23231],"product_tag":[],"class_list":{"0":"post-239278","1":"product","2":"type-product","3":"status-publish","4":"has-post-thumbnail","6":"product_cat-latin-brazilian-es","7":"pa_artist-quarteto-em-cy-tamba-trio","8":"pa_format-lp-es","9":"pa_gender-latin-brazilian","10":"pa_label-shellac-disc","11":"pa_location-south-america-caribbean-es","12":"pa_other-filters-vinyl-only-es","14":"first","15":"instock","16":"taxable","17":"shipping-taxable","18":"purchasable","19":"product-type-simple"},"acf":[],"yoast_head":"<!-- This site is optimized with the Yoast SEO plugin v24.9 - https:\/\/yoast.com\/wordpress\/plugins\/seo\/ -->\n<title>QUARTETO EM CY \/ TAMBA TRIO - Som Definitivo -  (LP) | Guerssen<\/title>\n<meta name=\"description\" content=\"On Som Definitvo, their second long-play, they are accompained by another big name of Brazilian popular music: the amazing Tamba Trio, which featured Luiz E\u00bfa on piano, vocals and arrangements, Bebeto Castilho on double bass, flute, sax and vocals and Helcio Milito on drums, percussion and vocals.Together, Quarteto Em Cy and Tamba Trio deliver a sensational LP where bossa nova, jazz and Brazilian ancestry sounds mix to perfection as the base for the septet&#039;s phenomenal vocal harmonies on songs written by some of the biggest talents in Brazil at that time, such as Edu Lobo, Dorival Caymmi, Gilberto Gil or Vin\u00bfcius de Moraes himself, a.o.\" \/>\n<meta name=\"robots\" content=\"index, follow, max-snippet:-1, max-image-preview:large, max-video-preview:-1\" \/>\n<link rel=\"canonical\" href=\"https:\/\/wpguerssen-test.odoo.rgbconsulting.com\/es\/producto\/som-definitivo\/\" \/>\n<meta property=\"og:locale\" content=\"es_ES\" \/>\n<meta property=\"og:type\" content=\"article\" \/>\n<meta property=\"og:title\" content=\"QUARTETO EM CY \/ TAMBA TRIO - Som Definitivo -  (LP) | Guerssen\" \/>\n<meta property=\"og:description\" content=\"On Som Definitvo, their second long-play, they are accompained by another big name of Brazilian popular music: the amazing Tamba Trio, which featured Luiz E\u00bfa on piano, vocals and arrangements, Bebeto Castilho on double bass, flute, sax and vocals and Helcio Milito on drums, percussion and vocals.Together, Quarteto Em Cy and Tamba Trio deliver a sensational LP where bossa nova, jazz and Brazilian ancestry sounds mix to perfection as the base for the septet&#039;s phenomenal vocal harmonies on songs written by some of the biggest talents in Brazil at that time, such as Edu Lobo, Dorival Caymmi, Gilberto Gil or Vin\u00bfcius de Moraes himself, a.o.\" \/>\n<meta property=\"og:url\" content=\"https:\/\/wpguerssen-test.odoo.rgbconsulting.com\/es\/producto\/som-definitivo\/\" \/>\n<meta property=\"og:site_name\" content=\"Guerssen records\" \/>\n<meta property=\"article:modified_time\" content=\"2025-03-28T11:36:22+00:00\" \/>\n<meta property=\"og:image\" content=\"https:\/\/wpguerssen-test.odoo.rgbconsulting.com\/wp-content\/uploads\/2023\/07\/45138.jpg\" \/>\n\t<meta property=\"og:image:width\" content=\"600\" \/>\n\t<meta property=\"og:image:height\" content=\"600\" \/>\n\t<meta property=\"og:image:type\" content=\"image\/jpeg\" \/>\n<meta name=\"twitter:card\" content=\"summary_large_image\" \/>\n<meta name=\"twitter:title\" content=\"QUARTETO EM CY \/ TAMBA TRIO - Som Definitivo -  (LP) | Guerssen\" \/>\n<meta name=\"twitter:label1\" content=\"Tiempo de lectura\" \/>\n\t<meta name=\"twitter:data1\" content=\"1 minuto\" \/>\n<script type=\"application\/ld+json\" class=\"yoast-schema-graph\">{\"@context\":\"https:\/\/schema.org\",\"@graph\":[{\"@type\":\"WebPage\",\"@id\":\"https:\/\/wpguerssen-test.odoo.rgbconsulting.com\/es\/producto\/som-definitivo\/\",\"url\":\"https:\/\/wpguerssen-test.odoo.rgbconsulting.com\/es\/producto\/som-definitivo\/\",\"name\":\"QUARTETO EM CY \/ TAMBA TRIO - Som Definitivo - (LP) | Guerssen\",\"isPartOf\":{\"@id\":\"https:\/\/wpguerssen-test.odoo.rgbconsulting.com\/es\/#website\"},\"primaryImageOfPage\":{\"@id\":\"https:\/\/wpguerssen-test.odoo.rgbconsulting.com\/es\/producto\/som-definitivo\/#primaryimage\"},\"image\":{\"@id\":\"https:\/\/wpguerssen-test.odoo.rgbconsulting.com\/es\/producto\/som-definitivo\/#primaryimage\"},\"thumbnailUrl\":\"https:\/\/wpguerssen-test.odoo.rgbconsulting.com\/wp-content\/uploads\/2023\/07\/45138.jpg\",\"datePublished\":\"2023-09-13T22:00:00+00:00\",\"dateModified\":\"2025-03-28T11:36:22+00:00\",\"description\":\"On Som Definitvo, their second long-play, they are accompained by another big name of Brazilian popular music: the amazing Tamba Trio, which featured Luiz E\u00bfa on piano, vocals and arrangements, Bebeto Castilho on double bass, flute, sax and vocals and Helcio Milito on drums, percussion and vocals.Together, Quarteto Em Cy and Tamba Trio deliver a sensational LP where bossa nova, jazz and Brazilian ancestry sounds mix to perfection as the base for the septet's phenomenal vocal harmonies on songs written by some of the biggest talents in Brazil at that time, such as Edu Lobo, Dorival Caymmi, Gilberto Gil or Vin\u00bfcius de Moraes himself, a.o.\",\"breadcrumb\":{\"@id\":\"https:\/\/wpguerssen-test.odoo.rgbconsulting.com\/es\/producto\/som-definitivo\/#breadcrumb\"},\"inLanguage\":\"es\",\"potentialAction\":[{\"@type\":\"ReadAction\",\"target\":[\"https:\/\/wpguerssen-test.odoo.rgbconsulting.com\/es\/producto\/som-definitivo\/\"]}]},{\"@type\":\"ImageObject\",\"inLanguage\":\"es\",\"@id\":\"https:\/\/wpguerssen-test.odoo.rgbconsulting.com\/es\/producto\/som-definitivo\/#primaryimage\",\"url\":\"https:\/\/wpguerssen-test.odoo.rgbconsulting.com\/wp-content\/uploads\/2023\/07\/45138.jpg\",\"contentUrl\":\"https:\/\/wpguerssen-test.odoo.rgbconsulting.com\/wp-content\/uploads\/2023\/07\/45138.jpg\",\"width\":600,\"height\":600},{\"@type\":\"BreadcrumbList\",\"@id\":\"https:\/\/wpguerssen-test.odoo.rgbconsulting.com\/es\/producto\/som-definitivo\/#breadcrumb\",\"itemListElement\":[{\"@type\":\"ListItem\",\"position\":1,\"name\":\"Inicio\",\"item\":\"https:\/\/wpguerssen-test.odoo.rgbconsulting.com\/es\/\"},{\"@type\":\"ListItem\",\"position\":2,\"name\":\"Shop\",\"item\":\"https:\/\/wpguerssen-test.odoo.rgbconsulting.com\/shop\/\"},{\"@type\":\"ListItem\",\"position\":3,\"name\":\"Som Definitivo\"}]},{\"@type\":\"WebSite\",\"@id\":\"https:\/\/wpguerssen-test.odoo.rgbconsulting.com\/es\/#website\",\"url\":\"https:\/\/wpguerssen-test.odoo.rgbconsulting.com\/es\/\",\"name\":\"Guerssen records\",\"description\":\"psychedelia - progressive - folk - garage \",\"publisher\":{\"@id\":\"https:\/\/wpguerssen-test.odoo.rgbconsulting.com\/es\/#organization\"},\"potentialAction\":[{\"@type\":\"SearchAction\",\"target\":{\"@type\":\"EntryPoint\",\"urlTemplate\":\"https:\/\/wpguerssen-test.odoo.rgbconsulting.com\/es\/?s={search_term_string}\"},\"query-input\":{\"@type\":\"PropertyValueSpecification\",\"valueRequired\":true,\"valueName\":\"search_term_string\"}}],\"inLanguage\":\"es\"},{\"@type\":\"Organization\",\"@id\":\"https:\/\/wpguerssen-test.odoo.rgbconsulting.com\/es\/#organization\",\"name\":\"Guerssen records\",\"url\":\"https:\/\/wpguerssen-test.odoo.rgbconsulting.com\/es\/\",\"logo\":{\"@type\":\"ImageObject\",\"inLanguage\":\"es\",\"@id\":\"https:\/\/wpguerssen-test.odoo.rgbconsulting.com\/es\/#\/schema\/logo\/image\/\",\"url\":\"https:\/\/wpguerssen-test.odoo.rgbconsulting.com\/wp-content\/uploads\/2022\/04\/Logo_Guerssen_trans_100.png\",\"contentUrl\":\"https:\/\/wpguerssen-test.odoo.rgbconsulting.com\/wp-content\/uploads\/2022\/04\/Logo_Guerssen_trans_100.png\",\"width\":122,\"height\":100,\"caption\":\"Guerssen records\"},\"image\":{\"@id\":\"https:\/\/wpguerssen-test.odoo.rgbconsulting.com\/es\/#\/schema\/logo\/image\/\"}}]}<\/script>\n<!-- \/ Yoast SEO plugin. -->","yoast_head_json":{"title":"QUARTETO EM CY \/ TAMBA TRIO - Som Definitivo -  (LP) | Guerssen","description":"On Som Definitvo, their second long-play, they are accompained by another big name of Brazilian popular music: the amazing Tamba Trio, which featured Luiz E\u00bfa on piano, vocals and arrangements, Bebeto Castilho on double bass, flute, sax and vocals and Helcio Milito on drums, percussion and vocals.Together, Quarteto Em Cy and Tamba Trio deliver a sensational LP where bossa nova, jazz and Brazilian ancestry sounds mix to perfection as the base for the septet's phenomenal vocal harmonies on songs written by some of the biggest talents in Brazil at that time, such as Edu Lobo, Dorival Caymmi, Gilberto Gil or Vin\u00bfcius de Moraes himself, a.o.","robots":{"index":"index","follow":"follow","max-snippet":"max-snippet:-1","max-image-preview":"max-image-preview:large","max-video-preview":"max-video-preview:-1"},"canonical":"https:\/\/wpguerssen-test.odoo.rgbconsulting.com\/es\/producto\/som-definitivo\/","og_locale":"es_ES","og_type":"article","og_title":"QUARTETO EM CY \/ TAMBA TRIO - Som Definitivo -  (LP) | Guerssen","og_description":"On Som Definitvo, their second long-play, they are accompained by another big name of Brazilian popular music: the amazing Tamba Trio, which featured Luiz E\u00bfa on piano, vocals and arrangements, Bebeto Castilho on double bass, flute, sax and vocals and Helcio Milito on drums, percussion and vocals.Together, Quarteto Em Cy and Tamba Trio deliver a sensational LP where bossa nova, jazz and Brazilian ancestry sounds mix to perfection as the base for the septet's phenomenal vocal harmonies on songs written by some of the biggest talents in Brazil at that time, such as Edu Lobo, Dorival Caymmi, Gilberto Gil or Vin\u00bfcius de Moraes himself, a.o.","og_url":"https:\/\/wpguerssen-test.odoo.rgbconsulting.com\/es\/producto\/som-definitivo\/","og_site_name":"Guerssen records","article_modified_time":"2025-03-28T11:36:22+00:00","og_image":[{"width":600,"height":600,"url":"https:\/\/wpguerssen-test.odoo.rgbconsulting.com\/wp-content\/uploads\/2023\/07\/45138.jpg","type":"image\/jpeg"}],"twitter_card":"summary_large_image","twitter_title":"QUARTETO EM CY \/ TAMBA TRIO - Som Definitivo -  (LP) | Guerssen","twitter_misc":{"Tiempo de lectura":"1 minuto"},"schema":{"@context":"https:\/\/schema.org","@graph":[{"@type":"WebPage","@id":"https:\/\/wpguerssen-test.odoo.rgbconsulting.com\/es\/producto\/som-definitivo\/","url":"https:\/\/wpguerssen-test.odoo.rgbconsulting.com\/es\/producto\/som-definitivo\/","name":"QUARTETO EM CY \/ TAMBA TRIO - Som Definitivo - (LP) | Guerssen","isPartOf":{"@id":"https:\/\/wpguerssen-test.odoo.rgbconsulting.com\/es\/#website"},"primaryImageOfPage":{"@id":"https:\/\/wpguerssen-test.odoo.rgbconsulting.com\/es\/producto\/som-definitivo\/#primaryimage"},"image":{"@id":"https:\/\/wpguerssen-test.odoo.rgbconsulting.com\/es\/producto\/som-definitivo\/#primaryimage"},"thumbnailUrl":"https:\/\/wpguerssen-test.odoo.rgbconsulting.com\/wp-content\/uploads\/2023\/07\/45138.jpg","datePublished":"2023-09-13T22:00:00+00:00","dateModified":"2025-03-28T11:36:22+00:00","description":"On Som Definitvo, their second long-play, they are accompained by another big name of Brazilian popular music: the amazing Tamba Trio, which featured Luiz E\u00bfa on piano, vocals and arrangements, Bebeto Castilho on double bass, flute, sax and vocals and Helcio Milito on drums, percussion and vocals.Together, Quarteto Em Cy and Tamba Trio deliver a sensational LP where bossa nova, jazz and Brazilian ancestry sounds mix to perfection as the base for the septet's phenomenal vocal harmonies on songs written by some of the biggest talents in Brazil at that time, such as Edu Lobo, Dorival Caymmi, Gilberto Gil or Vin\u00bfcius de Moraes himself, a.o.","breadcrumb":{"@id":"https:\/\/wpguerssen-test.odoo.rgbconsulting.com\/es\/producto\/som-definitivo\/#breadcrumb"},"inLanguage":"es","potentialAction":[{"@type":"ReadAction","target":["https:\/\/wpguerssen-test.odoo.rgbconsulting.com\/es\/producto\/som-definitivo\/"]}]},{"@type":"ImageObject","inLanguage":"es","@id":"https:\/\/wpguerssen-test.odoo.rgbconsulting.com\/es\/producto\/som-definitivo\/#primaryimage","url":"https:\/\/wpguerssen-test.odoo.rgbconsulting.com\/wp-content\/uploads\/2023\/07\/45138.jpg","contentUrl":"https:\/\/wpguerssen-test.odoo.rgbconsulting.com\/wp-content\/uploads\/2023\/07\/45138.jpg","width":600,"height":600},{"@type":"BreadcrumbList","@id":"https:\/\/wpguerssen-test.odoo.rgbconsulting.com\/es\/producto\/som-definitivo\/#breadcrumb","itemListElement":[{"@type":"ListItem","position":1,"name":"Inicio","item":"https:\/\/wpguerssen-test.odoo.rgbconsulting.com\/es\/"},{"@type":"ListItem","position":2,"name":"Shop","item":"https:\/\/wpguerssen-test.odoo.rgbconsulting.com\/shop\/"},{"@type":"ListItem","position":3,"name":"Som Definitivo"}]},{"@type":"WebSite","@id":"https:\/\/wpguerssen-test.odoo.rgbconsulting.com\/es\/#website","url":"https:\/\/wpguerssen-test.odoo.rgbconsulting.com\/es\/","name":"Guerssen records","description":"psychedelia - progressive - folk - garage ","publisher":{"@id":"https:\/\/wpguerssen-test.odoo.rgbconsulting.com\/es\/#organization"},"potentialAction":[{"@type":"SearchAction","target":{"@type":"EntryPoint","urlTemplate":"https:\/\/wpguerssen-test.odoo.rgbconsulting.com\/es\/?s={search_term_string}"},"query-input":{"@type":"PropertyValueSpecification","valueRequired":true,"valueName":"search_term_string"}}],"inLanguage":"es"},{"@type":"Organization","@id":"https:\/\/wpguerssen-test.odoo.rgbconsulting.com\/es\/#organization","name":"Guerssen records","url":"https:\/\/wpguerssen-test.odoo.rgbconsulting.com\/es\/","logo":{"@type":"ImageObject","inLanguage":"es","@id":"https:\/\/wpguerssen-test.odoo.rgbconsulting.com\/es\/#\/schema\/logo\/image\/","url":"https:\/\/wpguerssen-test.odoo.rgbconsulting.com\/wp-content\/uploads\/2022\/04\/Logo_Guerssen_trans_100.png","contentUrl":"https:\/\/wpguerssen-test.odoo.rgbconsulting.com\/wp-content\/uploads\/2022\/04\/Logo_Guerssen_trans_100.png","width":122,"height":100,"caption":"Guerssen records"},"image":{"@id":"https:\/\/wpguerssen-test.odoo.rgbconsulting.com\/es\/#\/schema\/logo\/image\/"}}]}},"_links":{"self":[{"href":"https:\/\/wpguerssen-test.odoo.rgbconsulting.com\/es\/wp-json\/wp\/v2\/product\/239278","targetHints":{"allow":["GET"]}}],"collection":[{"href":"https:\/\/wpguerssen-test.odoo.rgbconsulting.com\/es\/wp-json\/wp\/v2\/product"}],"about":[{"href":"https:\/\/wpguerssen-test.odoo.rgbconsulting.com\/es\/wp-json\/wp\/v2\/types\/product"}],"wp:featuredmedia":[{"embeddable":true,"href":"https:\/\/wpguerssen-test.odoo.rgbconsulting.com\/es\/wp-json\/wp\/v2\/media\/239572"}],"wp:attachment":[{"href":"https:\/\/wpguerssen-test.odoo.rgbconsulting.com\/es\/wp-json\/wp\/v2\/media?parent=239278"}],"wp:term":[{"taxonomy":"product_brand","embeddable":true,"href":"https:\/\/wpguerssen-test.odoo.rgbconsulting.com\/es\/wp-json\/wp\/v2\/product_brand?post=239278"},{"taxonomy":"product_cat","embeddable":true,"href":"https:\/\/wpguerssen-test.odoo.rgbconsulting.com\/es\/wp-json\/wp\/v2\/product_cat?post=239278"},{"taxonomy":"product_tag","embeddable":true,"href":"https:\/\/wpguerssen-test.odoo.rgbconsulting.com\/es\/wp-json\/wp\/v2\/product_tag?post=239278"}],"curies":[{"name":"wp","href":"https:\/\/api.w.org\/{rel}","templated":true}]}}