{"id":239652,"date":"2023-09-25T00:00:00","date_gmt":"2023-09-24T22:00:00","guid":{"rendered":"https:\/\/wpguerssen-test.odoo.rgbconsulting.com\/product\/stream\/"},"modified":"2024-03-01T14:29:03","modified_gmt":"2024-03-01T13:29:03","slug":"stream","status":"publish","type":"product","link":"https:\/\/wpguerssen-test.odoo.rgbconsulting.com\/es\/producto\/stream\/","title":{"rendered":"Stream"},"content":{"rendered":"<p>\u00a1Fusi\u00f3n europea en su m\u00e1xima expresi\u00f3n! Philip Catherine ha estado en la vanguardia de la escena del jazz europeo desde los a\u00f1os sesenta, trabajando con artistas como Chet Baker, Larry Coryell, Tom Harrell, NHOP, St\u00e9phane Grappelli, Charles Mingus. A los 18 a\u00f1os realiz\u00f3 una gira por Europa con Lou Bennett y en 1971 Jean-Luc Ponty le pidi\u00f3 que se uniera a su quinteto. En 1971 grab\u00f3 su primer disco bajo su nombre, Stream, con una formaci\u00f3n estelar compuesta por Freddie Deronde (bajo), Fr\u00e9d\u00e9ric Rottier (bater\u00eda), Giggs Whigham (tromb\u00f3n) y el maestro compositor y pianista Marc Moulin (cofundador de Placebo y futuro miembro de Telex)<\/p>\n","protected":false},"excerpt":{"rendered":"<p>\u00a1Fusi\u00f3n europea en su m\u00e1xima expresi\u00f3n! Philip Catherine ha estado en la vanguardia de la escena del jazz europeo desde los a\u00f1os sesenta, trabajando con artistas<a class=\"read\" href=\"https:\/\/wpguerssen-test.odoo.rgbconsulting.com\/es\/producto\/stream\/\"> (...)<\/a>","protected":false},"featured_media":241770,"template":"","meta":{"_acf_changed":false},"product_brand":[],"product_cat":[23227],"product_tag":[],"class_list":{"0":"post-239652","1":"product","2":"type-product","3":"status-publish","4":"has-post-thumbnail","6":"product_cat-jazz-es","7":"pa_artist-catherine-philip","8":"pa_format-lp-es","9":"pa_gender-jazz","10":"pa_label-audio-clarity-es","11":"pa_location-europe-es","12":"pa_other-filters-vinyl-only-es","14":"first","15":"instock","16":"taxable","17":"shipping-taxable","18":"purchasable","19":"product-type-simple"},"acf":[],"yoast_head":"<!-- This site is optimized with the Yoast SEO plugin v24.9 - https:\/\/yoast.com\/wordpress\/plugins\/seo\/ -->\n<title>CATHERINE, Philip - Stream -  (LP) | Guerssen<\/title>\n<meta name=\"description\" content=\"European fusion at its best ! Philip Catherine has been on the forefront of the European jazz scene since the sixties, working with the likes Chet Baker, Larry Coryell, Tom Harrell, NHOP, St\u00e9phane Grappelli, Charles Mingus. At the age of 18 he toured Europe with Lou Bennett and in 1971 Jean-Luc Ponty asked him to join his quintet. In 1971 he made his first record under his name - Stream - with a stellar line-up comprised of Freddie Deronde (bass), Fr\u00e9d\u00e9ric Rottier (Drums), Giggs Whigham (trombone) and master composer\/piano player Marc Moulin (co-founder of Placebo and future member of Telex)\" \/>\n<meta name=\"robots\" content=\"index, follow, max-snippet:-1, max-image-preview:large, max-video-preview:-1\" \/>\n<link rel=\"canonical\" href=\"https:\/\/wpguerssen-test.odoo.rgbconsulting.com\/es\/producto\/stream\/\" \/>\n<meta property=\"og:locale\" content=\"es_ES\" \/>\n<meta property=\"og:type\" content=\"article\" \/>\n<meta property=\"og:title\" content=\"CATHERINE, Philip - Stream -  (LP) | Guerssen\" \/>\n<meta property=\"og:description\" content=\"European fusion at its best ! Philip Catherine has been on the forefront of the European jazz scene since the sixties, working with the likes Chet Baker, Larry Coryell, Tom Harrell, NHOP, St\u00e9phane Grappelli, Charles Mingus. At the age of 18 he toured Europe with Lou Bennett and in 1971 Jean-Luc Ponty asked him to join his quintet. In 1971 he made his first record under his name - Stream - with a stellar line-up comprised of Freddie Deronde (bass), Fr\u00e9d\u00e9ric Rottier (Drums), Giggs Whigham (trombone) and master composer\/piano player Marc Moulin (co-founder of Placebo and future member of Telex)\" \/>\n<meta property=\"og:url\" content=\"https:\/\/wpguerssen-test.odoo.rgbconsulting.com\/es\/producto\/stream\/\" \/>\n<meta property=\"og:site_name\" content=\"Guerssen records\" \/>\n<meta property=\"article:modified_time\" content=\"2024-03-01T13:29:03+00:00\" \/>\n<meta property=\"og:image\" content=\"https:\/\/wpguerssen-test.odoo.rgbconsulting.com\/wp-content\/uploads\/2023\/09\/45211.jpg\" \/>\n\t<meta property=\"og:image:width\" content=\"945\" \/>\n\t<meta property=\"og:image:height\" content=\"943\" \/>\n\t<meta property=\"og:image:type\" content=\"image\/jpeg\" \/>\n<meta name=\"twitter:card\" content=\"summary_large_image\" \/>\n<meta name=\"twitter:title\" content=\"CATHERINE, Philip - Stream -  (LP) | Guerssen\" \/>\n<meta name=\"twitter:label1\" content=\"Tiempo de lectura\" \/>\n\t<meta name=\"twitter:data1\" content=\"1 minuto\" \/>\n<script type=\"application\/ld+json\" class=\"yoast-schema-graph\">{\"@context\":\"https:\/\/schema.org\",\"@graph\":[{\"@type\":\"WebPage\",\"@id\":\"https:\/\/wpguerssen-test.odoo.rgbconsulting.com\/es\/producto\/stream\/\",\"url\":\"https:\/\/wpguerssen-test.odoo.rgbconsulting.com\/es\/producto\/stream\/\",\"name\":\"CATHERINE, Philip - Stream - (LP) | Guerssen\",\"isPartOf\":{\"@id\":\"https:\/\/wpguerssen-test.odoo.rgbconsulting.com\/es\/#website\"},\"primaryImageOfPage\":{\"@id\":\"https:\/\/wpguerssen-test.odoo.rgbconsulting.com\/es\/producto\/stream\/#primaryimage\"},\"image\":{\"@id\":\"https:\/\/wpguerssen-test.odoo.rgbconsulting.com\/es\/producto\/stream\/#primaryimage\"},\"thumbnailUrl\":\"https:\/\/wpguerssen-test.odoo.rgbconsulting.com\/wp-content\/uploads\/2023\/09\/45211.jpg\",\"datePublished\":\"2023-09-24T22:00:00+00:00\",\"dateModified\":\"2024-03-01T13:29:03+00:00\",\"description\":\"European fusion at its best ! Philip Catherine has been on the forefront of the European jazz scene since the sixties, working with the likes Chet Baker, Larry Coryell, Tom Harrell, NHOP, St\u00e9phane Grappelli, Charles Mingus. At the age of 18 he toured Europe with Lou Bennett and in 1971 Jean-Luc Ponty asked him to join his quintet. In 1971 he made his first record under his name - Stream - with a stellar line-up comprised of Freddie Deronde (bass), Fr\u00e9d\u00e9ric Rottier (Drums), Giggs Whigham (trombone) and master composer\/piano player Marc Moulin (co-founder of Placebo and future member of Telex)\",\"breadcrumb\":{\"@id\":\"https:\/\/wpguerssen-test.odoo.rgbconsulting.com\/es\/producto\/stream\/#breadcrumb\"},\"inLanguage\":\"es\",\"potentialAction\":[{\"@type\":\"ReadAction\",\"target\":[\"https:\/\/wpguerssen-test.odoo.rgbconsulting.com\/es\/producto\/stream\/\"]}]},{\"@type\":\"ImageObject\",\"inLanguage\":\"es\",\"@id\":\"https:\/\/wpguerssen-test.odoo.rgbconsulting.com\/es\/producto\/stream\/#primaryimage\",\"url\":\"https:\/\/wpguerssen-test.odoo.rgbconsulting.com\/wp-content\/uploads\/2023\/09\/45211.jpg\",\"contentUrl\":\"https:\/\/wpguerssen-test.odoo.rgbconsulting.com\/wp-content\/uploads\/2023\/09\/45211.jpg\",\"width\":945,\"height\":943,\"caption\":\"Philip - Stream - AUDIO CLARITY (LP) | Guerssen\"},{\"@type\":\"BreadcrumbList\",\"@id\":\"https:\/\/wpguerssen-test.odoo.rgbconsulting.com\/es\/producto\/stream\/#breadcrumb\",\"itemListElement\":[{\"@type\":\"ListItem\",\"position\":1,\"name\":\"Inicio\",\"item\":\"https:\/\/wpguerssen-test.odoo.rgbconsulting.com\/es\/\"},{\"@type\":\"ListItem\",\"position\":2,\"name\":\"Shop\",\"item\":\"https:\/\/wpguerssen-test.odoo.rgbconsulting.com\/shop\/\"},{\"@type\":\"ListItem\",\"position\":3,\"name\":\"Stream\"}]},{\"@type\":\"WebSite\",\"@id\":\"https:\/\/wpguerssen-test.odoo.rgbconsulting.com\/es\/#website\",\"url\":\"https:\/\/wpguerssen-test.odoo.rgbconsulting.com\/es\/\",\"name\":\"Guerssen records\",\"description\":\"psychedelia - progressive - folk - garage \",\"publisher\":{\"@id\":\"https:\/\/wpguerssen-test.odoo.rgbconsulting.com\/es\/#organization\"},\"potentialAction\":[{\"@type\":\"SearchAction\",\"target\":{\"@type\":\"EntryPoint\",\"urlTemplate\":\"https:\/\/wpguerssen-test.odoo.rgbconsulting.com\/es\/?s={search_term_string}\"},\"query-input\":{\"@type\":\"PropertyValueSpecification\",\"valueRequired\":true,\"valueName\":\"search_term_string\"}}],\"inLanguage\":\"es\"},{\"@type\":\"Organization\",\"@id\":\"https:\/\/wpguerssen-test.odoo.rgbconsulting.com\/es\/#organization\",\"name\":\"Guerssen records\",\"url\":\"https:\/\/wpguerssen-test.odoo.rgbconsulting.com\/es\/\",\"logo\":{\"@type\":\"ImageObject\",\"inLanguage\":\"es\",\"@id\":\"https:\/\/wpguerssen-test.odoo.rgbconsulting.com\/es\/#\/schema\/logo\/image\/\",\"url\":\"https:\/\/wpguerssen-test.odoo.rgbconsulting.com\/wp-content\/uploads\/2022\/04\/Logo_Guerssen_trans_100.png\",\"contentUrl\":\"https:\/\/wpguerssen-test.odoo.rgbconsulting.com\/wp-content\/uploads\/2022\/04\/Logo_Guerssen_trans_100.png\",\"width\":122,\"height\":100,\"caption\":\"Guerssen records\"},\"image\":{\"@id\":\"https:\/\/wpguerssen-test.odoo.rgbconsulting.com\/es\/#\/schema\/logo\/image\/\"}}]}<\/script>\n<!-- \/ Yoast SEO plugin. -->","yoast_head_json":{"title":"CATHERINE, Philip - Stream -  (LP) | Guerssen","description":"European fusion at its best ! Philip Catherine has been on the forefront of the European jazz scene since the sixties, working with the likes Chet Baker, Larry Coryell, Tom Harrell, NHOP, St\u00e9phane Grappelli, Charles Mingus. At the age of 18 he toured Europe with Lou Bennett and in 1971 Jean-Luc Ponty asked him to join his quintet. In 1971 he made his first record under his name - Stream - with a stellar line-up comprised of Freddie Deronde (bass), Fr\u00e9d\u00e9ric Rottier (Drums), Giggs Whigham (trombone) and master composer\/piano player Marc Moulin (co-founder of Placebo and future member of Telex)","robots":{"index":"index","follow":"follow","max-snippet":"max-snippet:-1","max-image-preview":"max-image-preview:large","max-video-preview":"max-video-preview:-1"},"canonical":"https:\/\/wpguerssen-test.odoo.rgbconsulting.com\/es\/producto\/stream\/","og_locale":"es_ES","og_type":"article","og_title":"CATHERINE, Philip - Stream -  (LP) | Guerssen","og_description":"European fusion at its best ! Philip Catherine has been on the forefront of the European jazz scene since the sixties, working with the likes Chet Baker, Larry Coryell, Tom Harrell, NHOP, St\u00e9phane Grappelli, Charles Mingus. At the age of 18 he toured Europe with Lou Bennett and in 1971 Jean-Luc Ponty asked him to join his quintet. In 1971 he made his first record under his name - Stream - with a stellar line-up comprised of Freddie Deronde (bass), Fr\u00e9d\u00e9ric Rottier (Drums), Giggs Whigham (trombone) and master composer\/piano player Marc Moulin (co-founder of Placebo and future member of Telex)","og_url":"https:\/\/wpguerssen-test.odoo.rgbconsulting.com\/es\/producto\/stream\/","og_site_name":"Guerssen records","article_modified_time":"2024-03-01T13:29:03+00:00","og_image":[{"width":945,"height":943,"url":"https:\/\/wpguerssen-test.odoo.rgbconsulting.com\/wp-content\/uploads\/2023\/09\/45211.jpg","type":"image\/jpeg"}],"twitter_card":"summary_large_image","twitter_title":"CATHERINE, Philip - Stream -  (LP) | Guerssen","twitter_misc":{"Tiempo de lectura":"1 minuto"},"schema":{"@context":"https:\/\/schema.org","@graph":[{"@type":"WebPage","@id":"https:\/\/wpguerssen-test.odoo.rgbconsulting.com\/es\/producto\/stream\/","url":"https:\/\/wpguerssen-test.odoo.rgbconsulting.com\/es\/producto\/stream\/","name":"CATHERINE, Philip - Stream - (LP) | Guerssen","isPartOf":{"@id":"https:\/\/wpguerssen-test.odoo.rgbconsulting.com\/es\/#website"},"primaryImageOfPage":{"@id":"https:\/\/wpguerssen-test.odoo.rgbconsulting.com\/es\/producto\/stream\/#primaryimage"},"image":{"@id":"https:\/\/wpguerssen-test.odoo.rgbconsulting.com\/es\/producto\/stream\/#primaryimage"},"thumbnailUrl":"https:\/\/wpguerssen-test.odoo.rgbconsulting.com\/wp-content\/uploads\/2023\/09\/45211.jpg","datePublished":"2023-09-24T22:00:00+00:00","dateModified":"2024-03-01T13:29:03+00:00","description":"European fusion at its best ! Philip Catherine has been on the forefront of the European jazz scene since the sixties, working with the likes Chet Baker, Larry Coryell, Tom Harrell, NHOP, St\u00e9phane Grappelli, Charles Mingus. At the age of 18 he toured Europe with Lou Bennett and in 1971 Jean-Luc Ponty asked him to join his quintet. In 1971 he made his first record under his name - Stream - with a stellar line-up comprised of Freddie Deronde (bass), Fr\u00e9d\u00e9ric Rottier (Drums), Giggs Whigham (trombone) and master composer\/piano player Marc Moulin (co-founder of Placebo and future member of Telex)","breadcrumb":{"@id":"https:\/\/wpguerssen-test.odoo.rgbconsulting.com\/es\/producto\/stream\/#breadcrumb"},"inLanguage":"es","potentialAction":[{"@type":"ReadAction","target":["https:\/\/wpguerssen-test.odoo.rgbconsulting.com\/es\/producto\/stream\/"]}]},{"@type":"ImageObject","inLanguage":"es","@id":"https:\/\/wpguerssen-test.odoo.rgbconsulting.com\/es\/producto\/stream\/#primaryimage","url":"https:\/\/wpguerssen-test.odoo.rgbconsulting.com\/wp-content\/uploads\/2023\/09\/45211.jpg","contentUrl":"https:\/\/wpguerssen-test.odoo.rgbconsulting.com\/wp-content\/uploads\/2023\/09\/45211.jpg","width":945,"height":943,"caption":"Philip - Stream - AUDIO CLARITY (LP) | Guerssen"},{"@type":"BreadcrumbList","@id":"https:\/\/wpguerssen-test.odoo.rgbconsulting.com\/es\/producto\/stream\/#breadcrumb","itemListElement":[{"@type":"ListItem","position":1,"name":"Inicio","item":"https:\/\/wpguerssen-test.odoo.rgbconsulting.com\/es\/"},{"@type":"ListItem","position":2,"name":"Shop","item":"https:\/\/wpguerssen-test.odoo.rgbconsulting.com\/shop\/"},{"@type":"ListItem","position":3,"name":"Stream"}]},{"@type":"WebSite","@id":"https:\/\/wpguerssen-test.odoo.rgbconsulting.com\/es\/#website","url":"https:\/\/wpguerssen-test.odoo.rgbconsulting.com\/es\/","name":"Guerssen records","description":"psychedelia - progressive - folk - garage ","publisher":{"@id":"https:\/\/wpguerssen-test.odoo.rgbconsulting.com\/es\/#organization"},"potentialAction":[{"@type":"SearchAction","target":{"@type":"EntryPoint","urlTemplate":"https:\/\/wpguerssen-test.odoo.rgbconsulting.com\/es\/?s={search_term_string}"},"query-input":{"@type":"PropertyValueSpecification","valueRequired":true,"valueName":"search_term_string"}}],"inLanguage":"es"},{"@type":"Organization","@id":"https:\/\/wpguerssen-test.odoo.rgbconsulting.com\/es\/#organization","name":"Guerssen records","url":"https:\/\/wpguerssen-test.odoo.rgbconsulting.com\/es\/","logo":{"@type":"ImageObject","inLanguage":"es","@id":"https:\/\/wpguerssen-test.odoo.rgbconsulting.com\/es\/#\/schema\/logo\/image\/","url":"https:\/\/wpguerssen-test.odoo.rgbconsulting.com\/wp-content\/uploads\/2022\/04\/Logo_Guerssen_trans_100.png","contentUrl":"https:\/\/wpguerssen-test.odoo.rgbconsulting.com\/wp-content\/uploads\/2022\/04\/Logo_Guerssen_trans_100.png","width":122,"height":100,"caption":"Guerssen records"},"image":{"@id":"https:\/\/wpguerssen-test.odoo.rgbconsulting.com\/es\/#\/schema\/logo\/image\/"}}]}},"_links":{"self":[{"href":"https:\/\/wpguerssen-test.odoo.rgbconsulting.com\/es\/wp-json\/wp\/v2\/product\/239652","targetHints":{"allow":["GET"]}}],"collection":[{"href":"https:\/\/wpguerssen-test.odoo.rgbconsulting.com\/es\/wp-json\/wp\/v2\/product"}],"about":[{"href":"https:\/\/wpguerssen-test.odoo.rgbconsulting.com\/es\/wp-json\/wp\/v2\/types\/product"}],"wp:featuredmedia":[{"embeddable":true,"href":"https:\/\/wpguerssen-test.odoo.rgbconsulting.com\/es\/wp-json\/wp\/v2\/media\/241770"}],"wp:attachment":[{"href":"https:\/\/wpguerssen-test.odoo.rgbconsulting.com\/es\/wp-json\/wp\/v2\/media?parent=239652"}],"wp:term":[{"taxonomy":"product_brand","embeddable":true,"href":"https:\/\/wpguerssen-test.odoo.rgbconsulting.com\/es\/wp-json\/wp\/v2\/product_brand?post=239652"},{"taxonomy":"product_cat","embeddable":true,"href":"https:\/\/wpguerssen-test.odoo.rgbconsulting.com\/es\/wp-json\/wp\/v2\/product_cat?post=239652"},{"taxonomy":"product_tag","embeddable":true,"href":"https:\/\/wpguerssen-test.odoo.rgbconsulting.com\/es\/wp-json\/wp\/v2\/product_tag?post=239652"}],"curies":[{"name":"wp","href":"https:\/\/api.w.org\/{rel}","templated":true}]}}