{"id":239654,"date":"2023-09-13T00:00:00","date_gmt":"2023-09-12T22:00:00","guid":{"rendered":"https:\/\/wpguerssen-test.odoo.rgbconsulting.com\/product\/indo-jazz-suite\/"},"modified":"2024-10-29T16:41:05","modified_gmt":"2024-10-29T15:41:05","slug":"indo-jazz-suite","status":"publish","type":"product","link":"https:\/\/wpguerssen-test.odoo.rgbconsulting.com\/es\/producto\/indo-jazz-suite\/","title":{"rendered":"Indo-jazz suite"},"content":{"rendered":"<p>La magn\u00edfica suite Indo-Jazz del Joe Harriott Double Quintet bajo la direcci\u00f3n de John Mayer. Cuenta con Kenny Wheeler en la trompeta, el l\u00edder de la banda Joe Harriott en el saxof\u00f3n alto, el sitarista Diwan Motihar y m\u00e1s. En el lanzamiento de Indo-Jazz Suite en 1966, sus cuatro pistas: &#8216;Overture&#8217;, &#8216;Contrasts&#8217;, &#8216;Raga Megha&#8217; y &#8216;Raga Gaud-Saranga&#8217;, congelaron algo en la fusi\u00f3n de Indo-jazz que era exclusivo de Gran Breta\u00f1a. Es posible que los Estados Unidos hayan tenido personajes notables como Don Ellis, pero nunca John Mayer o Joe Harriott. Mayer era un compositor y violinista criado en Calcuta que se sent\u00eda tan c\u00f3modo con las formas vern\u00e1culas indias y cl\u00e1sicas indostan\u00edes como con las formas de m\u00fasica cl\u00e1sica y popular occidentales. Harriott, el alto\u00edsta nacido en Kingston, Jamaica, era un m\u00fasico de jazz que tom\u00f3 el camino del jazz en lugar de la ruta del jazz al ska.<\/p>\n","protected":false},"excerpt":{"rendered":"<p>La magn\u00edfica suite Indo-Jazz del Joe Harriott Double Quintet bajo la direcci\u00f3n de John Mayer. Cuenta con Kenny Wheeler en la trompeta, el l\u00edder de la banda Joe<a class=\"read\" href=\"https:\/\/wpguerssen-test.odoo.rgbconsulting.com\/es\/producto\/indo-jazz-suite\/\"> (...)<\/a>","protected":false},"featured_media":240901,"template":"","meta":{"_acf_changed":false},"product_brand":[],"product_cat":[23227],"product_tag":[],"class_list":{"0":"post-239654","1":"product","2":"type-product","3":"status-publish","4":"has-post-thumbnail","6":"product_cat-jazz-es","7":"pa_artist-harriott-joe","8":"pa_format-lp-es","9":"pa_gender-jazz","10":"pa_label-audio-clarity-es","11":"pa_location-south-america-caribbean-es","12":"pa_other-filters-vinyl-only-es","14":"first","15":"instock","16":"taxable","17":"shipping-taxable","18":"purchasable","19":"product-type-simple"},"acf":[],"yoast_head":"<!-- This site is optimized with the Yoast SEO plugin v24.9 - https:\/\/yoast.com\/wordpress\/plugins\/seo\/ -->\n<title>HARRIOTT, Joe - Indo-jazz suite -  (LP) | Guerssen<\/title>\n<meta name=\"description\" content=\"The magnificent Indo-Jazz suite by The Joe Harriott Double Quintet Under The Direction Of John Mayer. Features Kenny Wheeler on trumpet, band leader Joe Harriott on alto saxophone, sitar player Diwan Motihar and more. On Indo-Jazz Suite&#039;s release in 1966 its four tracks - &#039;Overture&#039;, &#039;Contrasts&#039;, &#039;Raga Megha&#039; and &#039;Raga Gaud-Saranga&#039; - freeze-framed something in Indo-jazz fusion that was unique to Britain. The States may have had &#039;happening&#039; notables like Don Ellis but never a John Mayer or a Joe Harriott. Mayer was a Calcutta-raised composer-violinist as equally at home in Hindustani classical and Indian vernacular forms as he was in Western classical and popular music forms. Kingston, Jamaica-born altoist Harriott was a jazzer who took the jazz path rather than the jazz-into-ska route.\" \/>\n<meta name=\"robots\" content=\"index, follow, max-snippet:-1, max-image-preview:large, max-video-preview:-1\" \/>\n<link rel=\"canonical\" href=\"https:\/\/wpguerssen-test.odoo.rgbconsulting.com\/es\/producto\/indo-jazz-suite\/\" \/>\n<meta property=\"og:locale\" content=\"es_ES\" \/>\n<meta property=\"og:type\" content=\"article\" \/>\n<meta property=\"og:title\" content=\"HARRIOTT, Joe - Indo-jazz suite -  (LP) | Guerssen\" \/>\n<meta property=\"og:description\" content=\"The magnificent Indo-Jazz suite by The Joe Harriott Double Quintet Under The Direction Of John Mayer. Features Kenny Wheeler on trumpet, band leader Joe Harriott on alto saxophone, sitar player Diwan Motihar and more. On Indo-Jazz Suite&#039;s release in 1966 its four tracks - &#039;Overture&#039;, &#039;Contrasts&#039;, &#039;Raga Megha&#039; and &#039;Raga Gaud-Saranga&#039; - freeze-framed something in Indo-jazz fusion that was unique to Britain. The States may have had &#039;happening&#039; notables like Don Ellis but never a John Mayer or a Joe Harriott. Mayer was a Calcutta-raised composer-violinist as equally at home in Hindustani classical and Indian vernacular forms as he was in Western classical and popular music forms. Kingston, Jamaica-born altoist Harriott was a jazzer who took the jazz path rather than the jazz-into-ska route.\" \/>\n<meta property=\"og:url\" content=\"https:\/\/wpguerssen-test.odoo.rgbconsulting.com\/es\/producto\/indo-jazz-suite\/\" \/>\n<meta property=\"og:site_name\" content=\"Guerssen records\" \/>\n<meta property=\"article:modified_time\" content=\"2024-10-29T15:41:05+00:00\" \/>\n<meta property=\"og:image\" content=\"https:\/\/wpguerssen-test.odoo.rgbconsulting.com\/wp-content\/uploads\/2023\/09\/45213.jpg\" \/>\n\t<meta property=\"og:image:width\" content=\"945\" \/>\n\t<meta property=\"og:image:height\" content=\"944\" \/>\n\t<meta property=\"og:image:type\" content=\"image\/jpeg\" \/>\n<meta name=\"twitter:card\" content=\"summary_large_image\" \/>\n<meta name=\"twitter:title\" content=\"HARRIOTT, Joe - Indo-jazz suite -  (LP) | Guerssen\" \/>\n<meta name=\"twitter:label1\" content=\"Tiempo de lectura\" \/>\n\t<meta name=\"twitter:data1\" content=\"1 minuto\" \/>\n<script type=\"application\/ld+json\" class=\"yoast-schema-graph\">{\"@context\":\"https:\/\/schema.org\",\"@graph\":[{\"@type\":\"WebPage\",\"@id\":\"https:\/\/wpguerssen-test.odoo.rgbconsulting.com\/es\/producto\/indo-jazz-suite\/\",\"url\":\"https:\/\/wpguerssen-test.odoo.rgbconsulting.com\/es\/producto\/indo-jazz-suite\/\",\"name\":\"HARRIOTT, Joe - Indo-jazz suite - (LP) | Guerssen\",\"isPartOf\":{\"@id\":\"https:\/\/wpguerssen-test.odoo.rgbconsulting.com\/es\/#website\"},\"primaryImageOfPage\":{\"@id\":\"https:\/\/wpguerssen-test.odoo.rgbconsulting.com\/es\/producto\/indo-jazz-suite\/#primaryimage\"},\"image\":{\"@id\":\"https:\/\/wpguerssen-test.odoo.rgbconsulting.com\/es\/producto\/indo-jazz-suite\/#primaryimage\"},\"thumbnailUrl\":\"https:\/\/wpguerssen-test.odoo.rgbconsulting.com\/wp-content\/uploads\/2023\/09\/45213.jpg\",\"datePublished\":\"2023-09-12T22:00:00+00:00\",\"dateModified\":\"2024-10-29T15:41:05+00:00\",\"description\":\"The magnificent Indo-Jazz suite by The Joe Harriott Double Quintet Under The Direction Of John Mayer. Features Kenny Wheeler on trumpet, band leader Joe Harriott on alto saxophone, sitar player Diwan Motihar and more. On Indo-Jazz Suite's release in 1966 its four tracks - 'Overture', 'Contrasts', 'Raga Megha' and 'Raga Gaud-Saranga' - freeze-framed something in Indo-jazz fusion that was unique to Britain. The States may have had 'happening' notables like Don Ellis but never a John Mayer or a Joe Harriott. Mayer was a Calcutta-raised composer-violinist as equally at home in Hindustani classical and Indian vernacular forms as he was in Western classical and popular music forms. Kingston, Jamaica-born altoist Harriott was a jazzer who took the jazz path rather than the jazz-into-ska route.\",\"breadcrumb\":{\"@id\":\"https:\/\/wpguerssen-test.odoo.rgbconsulting.com\/es\/producto\/indo-jazz-suite\/#breadcrumb\"},\"inLanguage\":\"es\",\"potentialAction\":[{\"@type\":\"ReadAction\",\"target\":[\"https:\/\/wpguerssen-test.odoo.rgbconsulting.com\/es\/producto\/indo-jazz-suite\/\"]}]},{\"@type\":\"ImageObject\",\"inLanguage\":\"es\",\"@id\":\"https:\/\/wpguerssen-test.odoo.rgbconsulting.com\/es\/producto\/indo-jazz-suite\/#primaryimage\",\"url\":\"https:\/\/wpguerssen-test.odoo.rgbconsulting.com\/wp-content\/uploads\/2023\/09\/45213.jpg\",\"contentUrl\":\"https:\/\/wpguerssen-test.odoo.rgbconsulting.com\/wp-content\/uploads\/2023\/09\/45213.jpg\",\"width\":945,\"height\":944,\"caption\":\"Joe - Indo-jazz suite - AUDIO CLARITY (LP) | Guerssen\"},{\"@type\":\"BreadcrumbList\",\"@id\":\"https:\/\/wpguerssen-test.odoo.rgbconsulting.com\/es\/producto\/indo-jazz-suite\/#breadcrumb\",\"itemListElement\":[{\"@type\":\"ListItem\",\"position\":1,\"name\":\"Inicio\",\"item\":\"https:\/\/wpguerssen-test.odoo.rgbconsulting.com\/es\/\"},{\"@type\":\"ListItem\",\"position\":2,\"name\":\"Shop\",\"item\":\"https:\/\/wpguerssen-test.odoo.rgbconsulting.com\/shop\/\"},{\"@type\":\"ListItem\",\"position\":3,\"name\":\"Indo-jazz suite\"}]},{\"@type\":\"WebSite\",\"@id\":\"https:\/\/wpguerssen-test.odoo.rgbconsulting.com\/es\/#website\",\"url\":\"https:\/\/wpguerssen-test.odoo.rgbconsulting.com\/es\/\",\"name\":\"Guerssen records\",\"description\":\"psychedelia - progressive - folk - garage \",\"publisher\":{\"@id\":\"https:\/\/wpguerssen-test.odoo.rgbconsulting.com\/es\/#organization\"},\"potentialAction\":[{\"@type\":\"SearchAction\",\"target\":{\"@type\":\"EntryPoint\",\"urlTemplate\":\"https:\/\/wpguerssen-test.odoo.rgbconsulting.com\/es\/?s={search_term_string}\"},\"query-input\":{\"@type\":\"PropertyValueSpecification\",\"valueRequired\":true,\"valueName\":\"search_term_string\"}}],\"inLanguage\":\"es\"},{\"@type\":\"Organization\",\"@id\":\"https:\/\/wpguerssen-test.odoo.rgbconsulting.com\/es\/#organization\",\"name\":\"Guerssen records\",\"url\":\"https:\/\/wpguerssen-test.odoo.rgbconsulting.com\/es\/\",\"logo\":{\"@type\":\"ImageObject\",\"inLanguage\":\"es\",\"@id\":\"https:\/\/wpguerssen-test.odoo.rgbconsulting.com\/es\/#\/schema\/logo\/image\/\",\"url\":\"https:\/\/wpguerssen-test.odoo.rgbconsulting.com\/wp-content\/uploads\/2022\/04\/Logo_Guerssen_trans_100.png\",\"contentUrl\":\"https:\/\/wpguerssen-test.odoo.rgbconsulting.com\/wp-content\/uploads\/2022\/04\/Logo_Guerssen_trans_100.png\",\"width\":122,\"height\":100,\"caption\":\"Guerssen records\"},\"image\":{\"@id\":\"https:\/\/wpguerssen-test.odoo.rgbconsulting.com\/es\/#\/schema\/logo\/image\/\"}}]}<\/script>\n<!-- \/ Yoast SEO plugin. -->","yoast_head_json":{"title":"HARRIOTT, Joe - Indo-jazz suite -  (LP) | Guerssen","description":"The magnificent Indo-Jazz suite by The Joe Harriott Double Quintet Under The Direction Of John Mayer. Features Kenny Wheeler on trumpet, band leader Joe Harriott on alto saxophone, sitar player Diwan Motihar and more. On Indo-Jazz Suite's release in 1966 its four tracks - 'Overture', 'Contrasts', 'Raga Megha' and 'Raga Gaud-Saranga' - freeze-framed something in Indo-jazz fusion that was unique to Britain. The States may have had 'happening' notables like Don Ellis but never a John Mayer or a Joe Harriott. Mayer was a Calcutta-raised composer-violinist as equally at home in Hindustani classical and Indian vernacular forms as he was in Western classical and popular music forms. Kingston, Jamaica-born altoist Harriott was a jazzer who took the jazz path rather than the jazz-into-ska route.","robots":{"index":"index","follow":"follow","max-snippet":"max-snippet:-1","max-image-preview":"max-image-preview:large","max-video-preview":"max-video-preview:-1"},"canonical":"https:\/\/wpguerssen-test.odoo.rgbconsulting.com\/es\/producto\/indo-jazz-suite\/","og_locale":"es_ES","og_type":"article","og_title":"HARRIOTT, Joe - Indo-jazz suite -  (LP) | Guerssen","og_description":"The magnificent Indo-Jazz suite by The Joe Harriott Double Quintet Under The Direction Of John Mayer. Features Kenny Wheeler on trumpet, band leader Joe Harriott on alto saxophone, sitar player Diwan Motihar and more. On Indo-Jazz Suite's release in 1966 its four tracks - 'Overture', 'Contrasts', 'Raga Megha' and 'Raga Gaud-Saranga' - freeze-framed something in Indo-jazz fusion that was unique to Britain. The States may have had 'happening' notables like Don Ellis but never a John Mayer or a Joe Harriott. Mayer was a Calcutta-raised composer-violinist as equally at home in Hindustani classical and Indian vernacular forms as he was in Western classical and popular music forms. Kingston, Jamaica-born altoist Harriott was a jazzer who took the jazz path rather than the jazz-into-ska route.","og_url":"https:\/\/wpguerssen-test.odoo.rgbconsulting.com\/es\/producto\/indo-jazz-suite\/","og_site_name":"Guerssen records","article_modified_time":"2024-10-29T15:41:05+00:00","og_image":[{"width":945,"height":944,"url":"https:\/\/wpguerssen-test.odoo.rgbconsulting.com\/wp-content\/uploads\/2023\/09\/45213.jpg","type":"image\/jpeg"}],"twitter_card":"summary_large_image","twitter_title":"HARRIOTT, Joe - Indo-jazz suite -  (LP) | Guerssen","twitter_misc":{"Tiempo de lectura":"1 minuto"},"schema":{"@context":"https:\/\/schema.org","@graph":[{"@type":"WebPage","@id":"https:\/\/wpguerssen-test.odoo.rgbconsulting.com\/es\/producto\/indo-jazz-suite\/","url":"https:\/\/wpguerssen-test.odoo.rgbconsulting.com\/es\/producto\/indo-jazz-suite\/","name":"HARRIOTT, Joe - Indo-jazz suite - (LP) | Guerssen","isPartOf":{"@id":"https:\/\/wpguerssen-test.odoo.rgbconsulting.com\/es\/#website"},"primaryImageOfPage":{"@id":"https:\/\/wpguerssen-test.odoo.rgbconsulting.com\/es\/producto\/indo-jazz-suite\/#primaryimage"},"image":{"@id":"https:\/\/wpguerssen-test.odoo.rgbconsulting.com\/es\/producto\/indo-jazz-suite\/#primaryimage"},"thumbnailUrl":"https:\/\/wpguerssen-test.odoo.rgbconsulting.com\/wp-content\/uploads\/2023\/09\/45213.jpg","datePublished":"2023-09-12T22:00:00+00:00","dateModified":"2024-10-29T15:41:05+00:00","description":"The magnificent Indo-Jazz suite by The Joe Harriott Double Quintet Under The Direction Of John Mayer. Features Kenny Wheeler on trumpet, band leader Joe Harriott on alto saxophone, sitar player Diwan Motihar and more. On Indo-Jazz Suite's release in 1966 its four tracks - 'Overture', 'Contrasts', 'Raga Megha' and 'Raga Gaud-Saranga' - freeze-framed something in Indo-jazz fusion that was unique to Britain. The States may have had 'happening' notables like Don Ellis but never a John Mayer or a Joe Harriott. Mayer was a Calcutta-raised composer-violinist as equally at home in Hindustani classical and Indian vernacular forms as he was in Western classical and popular music forms. Kingston, Jamaica-born altoist Harriott was a jazzer who took the jazz path rather than the jazz-into-ska route.","breadcrumb":{"@id":"https:\/\/wpguerssen-test.odoo.rgbconsulting.com\/es\/producto\/indo-jazz-suite\/#breadcrumb"},"inLanguage":"es","potentialAction":[{"@type":"ReadAction","target":["https:\/\/wpguerssen-test.odoo.rgbconsulting.com\/es\/producto\/indo-jazz-suite\/"]}]},{"@type":"ImageObject","inLanguage":"es","@id":"https:\/\/wpguerssen-test.odoo.rgbconsulting.com\/es\/producto\/indo-jazz-suite\/#primaryimage","url":"https:\/\/wpguerssen-test.odoo.rgbconsulting.com\/wp-content\/uploads\/2023\/09\/45213.jpg","contentUrl":"https:\/\/wpguerssen-test.odoo.rgbconsulting.com\/wp-content\/uploads\/2023\/09\/45213.jpg","width":945,"height":944,"caption":"Joe - Indo-jazz suite - AUDIO CLARITY (LP) | Guerssen"},{"@type":"BreadcrumbList","@id":"https:\/\/wpguerssen-test.odoo.rgbconsulting.com\/es\/producto\/indo-jazz-suite\/#breadcrumb","itemListElement":[{"@type":"ListItem","position":1,"name":"Inicio","item":"https:\/\/wpguerssen-test.odoo.rgbconsulting.com\/es\/"},{"@type":"ListItem","position":2,"name":"Shop","item":"https:\/\/wpguerssen-test.odoo.rgbconsulting.com\/shop\/"},{"@type":"ListItem","position":3,"name":"Indo-jazz suite"}]},{"@type":"WebSite","@id":"https:\/\/wpguerssen-test.odoo.rgbconsulting.com\/es\/#website","url":"https:\/\/wpguerssen-test.odoo.rgbconsulting.com\/es\/","name":"Guerssen records","description":"psychedelia - progressive - folk - garage ","publisher":{"@id":"https:\/\/wpguerssen-test.odoo.rgbconsulting.com\/es\/#organization"},"potentialAction":[{"@type":"SearchAction","target":{"@type":"EntryPoint","urlTemplate":"https:\/\/wpguerssen-test.odoo.rgbconsulting.com\/es\/?s={search_term_string}"},"query-input":{"@type":"PropertyValueSpecification","valueRequired":true,"valueName":"search_term_string"}}],"inLanguage":"es"},{"@type":"Organization","@id":"https:\/\/wpguerssen-test.odoo.rgbconsulting.com\/es\/#organization","name":"Guerssen records","url":"https:\/\/wpguerssen-test.odoo.rgbconsulting.com\/es\/","logo":{"@type":"ImageObject","inLanguage":"es","@id":"https:\/\/wpguerssen-test.odoo.rgbconsulting.com\/es\/#\/schema\/logo\/image\/","url":"https:\/\/wpguerssen-test.odoo.rgbconsulting.com\/wp-content\/uploads\/2022\/04\/Logo_Guerssen_trans_100.png","contentUrl":"https:\/\/wpguerssen-test.odoo.rgbconsulting.com\/wp-content\/uploads\/2022\/04\/Logo_Guerssen_trans_100.png","width":122,"height":100,"caption":"Guerssen records"},"image":{"@id":"https:\/\/wpguerssen-test.odoo.rgbconsulting.com\/es\/#\/schema\/logo\/image\/"}}]}},"_links":{"self":[{"href":"https:\/\/wpguerssen-test.odoo.rgbconsulting.com\/es\/wp-json\/wp\/v2\/product\/239654","targetHints":{"allow":["GET"]}}],"collection":[{"href":"https:\/\/wpguerssen-test.odoo.rgbconsulting.com\/es\/wp-json\/wp\/v2\/product"}],"about":[{"href":"https:\/\/wpguerssen-test.odoo.rgbconsulting.com\/es\/wp-json\/wp\/v2\/types\/product"}],"wp:featuredmedia":[{"embeddable":true,"href":"https:\/\/wpguerssen-test.odoo.rgbconsulting.com\/es\/wp-json\/wp\/v2\/media\/240901"}],"wp:attachment":[{"href":"https:\/\/wpguerssen-test.odoo.rgbconsulting.com\/es\/wp-json\/wp\/v2\/media?parent=239654"}],"wp:term":[{"taxonomy":"product_brand","embeddable":true,"href":"https:\/\/wpguerssen-test.odoo.rgbconsulting.com\/es\/wp-json\/wp\/v2\/product_brand?post=239654"},{"taxonomy":"product_cat","embeddable":true,"href":"https:\/\/wpguerssen-test.odoo.rgbconsulting.com\/es\/wp-json\/wp\/v2\/product_cat?post=239654"},{"taxonomy":"product_tag","embeddable":true,"href":"https:\/\/wpguerssen-test.odoo.rgbconsulting.com\/es\/wp-json\/wp\/v2\/product_tag?post=239654"}],"curies":[{"name":"wp","href":"https:\/\/api.w.org\/{rel}","templated":true}]}}