{"id":239660,"date":"2023-09-13T00:00:00","date_gmt":"2023-09-12T22:00:00","guid":{"rendered":"https:\/\/wpguerssen-test.odoo.rgbconsulting.com\/product\/tapestry-koto-the-occident-sea\/"},"modified":"2024-12-02T17:05:54","modified_gmt":"2024-12-02T16:05:54","slug":"tapestry-koto-the-occident-sea","status":"publish","type":"product","link":"https:\/\/wpguerssen-test.odoo.rgbconsulting.com\/es\/producto\/tapestry-koto-the-occident-sea\/","title":{"rendered":"Tapestry: Koto &#038; The Occident Sea"},"content":{"rendered":"<p>&#8216;Tapestry: Koto&#8217; es una serie de 3 \u00e1lbumes producida por Nippon Columbia a mediados de la d\u00e9cada de 1970 dedicada a uno de los principales instrumentos de la m\u00fasica tradicional japonesa: el koto. La belleza de la trilog\u00eda comisariada por el compositor Kiyoshi Yamaya, cuyos cap\u00edtulos est\u00e1n dedicados respectivamente a Sea, Hillside y Country, radica en que son una traducci\u00f3n moderna de la tradici\u00f3n utilizando lenguajes sonoros m\u00e1s nuevos y vanguardistas, integrando el koto con el jazz. Una mezcla original, un &#8216;crossover&#8217; que permite el despertar y la consiguiente difusi\u00f3n de la m\u00fasica tradicional en contextos m\u00e1s amplios.<br \/>La extrema precisi\u00f3n de las maravillosas grabaciones tambi\u00e9n es notable.<\/p>\n","protected":false},"excerpt":{"rendered":"<p>&#8216;Tapestry: Koto&#8217; es una serie de 3 \u00e1lbumes producida por Nippon Columbia a mediados de la d\u00e9cada de 1970 dedicada a uno de los principales instrumentos<a class=\"read\" href=\"https:\/\/wpguerssen-test.odoo.rgbconsulting.com\/es\/producto\/tapestry-koto-the-occident-sea\/\"> (...)<\/a>","protected":false},"featured_media":240905,"template":"","meta":{"_acf_changed":false},"product_brand":[],"product_cat":[23227],"product_tag":[],"class_list":{"0":"post-239660","1":"product","2":"type-product","3":"status-publish","4":"has-post-thumbnail","6":"product_cat-jazz-es","7":"pa_artist-yonekawa-toshiko-yamaha-kiyoshi","8":"pa_format-lp-es","9":"pa_gender-jazz","10":"pa_label-cinedelic","11":"pa_location-asia-es","12":"pa_other-filters-vinyl-only-es","14":"first","15":"instock","16":"taxable","17":"shipping-taxable","18":"purchasable","19":"product-type-simple"},"acf":[],"yoast_head":"<!-- This site is optimized with the Yoast SEO plugin v24.9 - https:\/\/yoast.com\/wordpress\/plugins\/seo\/ -->\n<title>YONEKAWA, Toshiko &amp; YAMAHA, Kiyoshi - Tapestry: Koto &amp; The Occident Sea -  (LP) | Guerssen<\/title>\n<meta name=\"description\" content=\"&#039;Tapestry: Koto&#039; is a 3-album series produced by Nippon Columbia in the mid-1970s dedicated to one of the main instruments of Japanese traditional music: Koto. The beauty of the trilogy curated by composer Kiyoshi Yamaya, whose chapters are respectively dedicated to Sea, Hillside and Country, lies in the fact that they are a modern translation of tradition using newer and more avant-garde sound idioms, integrating the koto with jazz musicians. An original mix, a &#039;crossover&#039; that allows for the awakening and the consequential spread of traditional music in larger contexts.The extreme accuracy of the marvellous recordings is also remarkable.\" \/>\n<meta name=\"robots\" content=\"index, follow, max-snippet:-1, max-image-preview:large, max-video-preview:-1\" \/>\n<link rel=\"canonical\" href=\"https:\/\/wpguerssen-test.odoo.rgbconsulting.com\/es\/producto\/tapestry-koto-the-occident-sea\/\" \/>\n<meta property=\"og:locale\" content=\"es_ES\" \/>\n<meta property=\"og:type\" content=\"article\" \/>\n<meta property=\"og:title\" content=\"YONEKAWA, Toshiko &amp; YAMAHA, Kiyoshi - Tapestry: Koto &amp; The Occident Sea -  (LP) | Guerssen\" \/>\n<meta property=\"og:description\" content=\"&#039;Tapestry: Koto&#039; is a 3-album series produced by Nippon Columbia in the mid-1970s dedicated to one of the main instruments of Japanese traditional music: Koto. The beauty of the trilogy curated by composer Kiyoshi Yamaya, whose chapters are respectively dedicated to Sea, Hillside and Country, lies in the fact that they are a modern translation of tradition using newer and more avant-garde sound idioms, integrating the koto with jazz musicians. An original mix, a &#039;crossover&#039; that allows for the awakening and the consequential spread of traditional music in larger contexts.The extreme accuracy of the marvellous recordings is also remarkable.\" \/>\n<meta property=\"og:url\" content=\"https:\/\/wpguerssen-test.odoo.rgbconsulting.com\/es\/producto\/tapestry-koto-the-occident-sea\/\" \/>\n<meta property=\"og:site_name\" content=\"Guerssen records\" \/>\n<meta property=\"article:modified_time\" content=\"2024-12-02T16:05:54+00:00\" \/>\n<meta property=\"og:image\" content=\"https:\/\/wpguerssen-test.odoo.rgbconsulting.com\/wp-content\/uploads\/2023\/09\/45219.jpg\" \/>\n\t<meta property=\"og:image:width\" content=\"800\" \/>\n\t<meta property=\"og:image:height\" content=\"793\" \/>\n\t<meta property=\"og:image:type\" content=\"image\/jpeg\" \/>\n<meta name=\"twitter:card\" content=\"summary_large_image\" \/>\n<meta name=\"twitter:title\" content=\"YONEKAWA, Toshiko &amp; YAMAHA, Kiyoshi - Tapestry: Koto &amp; The Occident Sea -  (LP) | Guerssen\" \/>\n<meta name=\"twitter:label1\" content=\"Tiempo de lectura\" \/>\n\t<meta name=\"twitter:data1\" content=\"1 minuto\" \/>\n<script type=\"application\/ld+json\" class=\"yoast-schema-graph\">{\"@context\":\"https:\/\/schema.org\",\"@graph\":[{\"@type\":\"WebPage\",\"@id\":\"https:\/\/wpguerssen-test.odoo.rgbconsulting.com\/es\/producto\/tapestry-koto-the-occident-sea\/\",\"url\":\"https:\/\/wpguerssen-test.odoo.rgbconsulting.com\/es\/producto\/tapestry-koto-the-occident-sea\/\",\"name\":\"YONEKAWA, Toshiko & YAMAHA, Kiyoshi - Tapestry: Koto & The Occident Sea - (LP) | Guerssen\",\"isPartOf\":{\"@id\":\"https:\/\/wpguerssen-test.odoo.rgbconsulting.com\/es\/#website\"},\"primaryImageOfPage\":{\"@id\":\"https:\/\/wpguerssen-test.odoo.rgbconsulting.com\/es\/producto\/tapestry-koto-the-occident-sea\/#primaryimage\"},\"image\":{\"@id\":\"https:\/\/wpguerssen-test.odoo.rgbconsulting.com\/es\/producto\/tapestry-koto-the-occident-sea\/#primaryimage\"},\"thumbnailUrl\":\"https:\/\/wpguerssen-test.odoo.rgbconsulting.com\/wp-content\/uploads\/2023\/09\/45219.jpg\",\"datePublished\":\"2023-09-12T22:00:00+00:00\",\"dateModified\":\"2024-12-02T16:05:54+00:00\",\"description\":\"'Tapestry: Koto' is a 3-album series produced by Nippon Columbia in the mid-1970s dedicated to one of the main instruments of Japanese traditional music: Koto. The beauty of the trilogy curated by composer Kiyoshi Yamaya, whose chapters are respectively dedicated to Sea, Hillside and Country, lies in the fact that they are a modern translation of tradition using newer and more avant-garde sound idioms, integrating the koto with jazz musicians. An original mix, a 'crossover' that allows for the awakening and the consequential spread of traditional music in larger contexts.The extreme accuracy of the marvellous recordings is also remarkable.\",\"breadcrumb\":{\"@id\":\"https:\/\/wpguerssen-test.odoo.rgbconsulting.com\/es\/producto\/tapestry-koto-the-occident-sea\/#breadcrumb\"},\"inLanguage\":\"es\",\"potentialAction\":[{\"@type\":\"ReadAction\",\"target\":[\"https:\/\/wpguerssen-test.odoo.rgbconsulting.com\/es\/producto\/tapestry-koto-the-occident-sea\/\"]}]},{\"@type\":\"ImageObject\",\"inLanguage\":\"es\",\"@id\":\"https:\/\/wpguerssen-test.odoo.rgbconsulting.com\/es\/producto\/tapestry-koto-the-occident-sea\/#primaryimage\",\"url\":\"https:\/\/wpguerssen-test.odoo.rgbconsulting.com\/wp-content\/uploads\/2023\/09\/45219.jpg\",\"contentUrl\":\"https:\/\/wpguerssen-test.odoo.rgbconsulting.com\/wp-content\/uploads\/2023\/09\/45219.jpg\",\"width\":800,\"height\":793,\"caption\":\"Toshiko & YAMAHA\"},{\"@type\":\"BreadcrumbList\",\"@id\":\"https:\/\/wpguerssen-test.odoo.rgbconsulting.com\/es\/producto\/tapestry-koto-the-occident-sea\/#breadcrumb\",\"itemListElement\":[{\"@type\":\"ListItem\",\"position\":1,\"name\":\"Inicio\",\"item\":\"https:\/\/wpguerssen-test.odoo.rgbconsulting.com\/es\/\"},{\"@type\":\"ListItem\",\"position\":2,\"name\":\"Shop\",\"item\":\"https:\/\/wpguerssen-test.odoo.rgbconsulting.com\/shop\/\"},{\"@type\":\"ListItem\",\"position\":3,\"name\":\"Tapestry: Koto &#038; The Occident Sea\"}]},{\"@type\":\"WebSite\",\"@id\":\"https:\/\/wpguerssen-test.odoo.rgbconsulting.com\/es\/#website\",\"url\":\"https:\/\/wpguerssen-test.odoo.rgbconsulting.com\/es\/\",\"name\":\"Guerssen records\",\"description\":\"psychedelia - progressive - folk - garage \",\"publisher\":{\"@id\":\"https:\/\/wpguerssen-test.odoo.rgbconsulting.com\/es\/#organization\"},\"potentialAction\":[{\"@type\":\"SearchAction\",\"target\":{\"@type\":\"EntryPoint\",\"urlTemplate\":\"https:\/\/wpguerssen-test.odoo.rgbconsulting.com\/es\/?s={search_term_string}\"},\"query-input\":{\"@type\":\"PropertyValueSpecification\",\"valueRequired\":true,\"valueName\":\"search_term_string\"}}],\"inLanguage\":\"es\"},{\"@type\":\"Organization\",\"@id\":\"https:\/\/wpguerssen-test.odoo.rgbconsulting.com\/es\/#organization\",\"name\":\"Guerssen records\",\"url\":\"https:\/\/wpguerssen-test.odoo.rgbconsulting.com\/es\/\",\"logo\":{\"@type\":\"ImageObject\",\"inLanguage\":\"es\",\"@id\":\"https:\/\/wpguerssen-test.odoo.rgbconsulting.com\/es\/#\/schema\/logo\/image\/\",\"url\":\"https:\/\/wpguerssen-test.odoo.rgbconsulting.com\/wp-content\/uploads\/2022\/04\/Logo_Guerssen_trans_100.png\",\"contentUrl\":\"https:\/\/wpguerssen-test.odoo.rgbconsulting.com\/wp-content\/uploads\/2022\/04\/Logo_Guerssen_trans_100.png\",\"width\":122,\"height\":100,\"caption\":\"Guerssen records\"},\"image\":{\"@id\":\"https:\/\/wpguerssen-test.odoo.rgbconsulting.com\/es\/#\/schema\/logo\/image\/\"}}]}<\/script>\n<!-- \/ Yoast SEO plugin. -->","yoast_head_json":{"title":"YONEKAWA, Toshiko & YAMAHA, Kiyoshi - Tapestry: Koto & The Occident Sea -  (LP) | Guerssen","description":"'Tapestry: Koto' is a 3-album series produced by Nippon Columbia in the mid-1970s dedicated to one of the main instruments of Japanese traditional music: Koto. The beauty of the trilogy curated by composer Kiyoshi Yamaya, whose chapters are respectively dedicated to Sea, Hillside and Country, lies in the fact that they are a modern translation of tradition using newer and more avant-garde sound idioms, integrating the koto with jazz musicians. An original mix, a 'crossover' that allows for the awakening and the consequential spread of traditional music in larger contexts.The extreme accuracy of the marvellous recordings is also remarkable.","robots":{"index":"index","follow":"follow","max-snippet":"max-snippet:-1","max-image-preview":"max-image-preview:large","max-video-preview":"max-video-preview:-1"},"canonical":"https:\/\/wpguerssen-test.odoo.rgbconsulting.com\/es\/producto\/tapestry-koto-the-occident-sea\/","og_locale":"es_ES","og_type":"article","og_title":"YONEKAWA, Toshiko & YAMAHA, Kiyoshi - Tapestry: Koto & The Occident Sea -  (LP) | Guerssen","og_description":"'Tapestry: Koto' is a 3-album series produced by Nippon Columbia in the mid-1970s dedicated to one of the main instruments of Japanese traditional music: Koto. The beauty of the trilogy curated by composer Kiyoshi Yamaya, whose chapters are respectively dedicated to Sea, Hillside and Country, lies in the fact that they are a modern translation of tradition using newer and more avant-garde sound idioms, integrating the koto with jazz musicians. An original mix, a 'crossover' that allows for the awakening and the consequential spread of traditional music in larger contexts.The extreme accuracy of the marvellous recordings is also remarkable.","og_url":"https:\/\/wpguerssen-test.odoo.rgbconsulting.com\/es\/producto\/tapestry-koto-the-occident-sea\/","og_site_name":"Guerssen records","article_modified_time":"2024-12-02T16:05:54+00:00","og_image":[{"width":800,"height":793,"url":"https:\/\/wpguerssen-test.odoo.rgbconsulting.com\/wp-content\/uploads\/2023\/09\/45219.jpg","type":"image\/jpeg"}],"twitter_card":"summary_large_image","twitter_title":"YONEKAWA, Toshiko & YAMAHA, Kiyoshi - Tapestry: Koto & The Occident Sea -  (LP) | Guerssen","twitter_misc":{"Tiempo de lectura":"1 minuto"},"schema":{"@context":"https:\/\/schema.org","@graph":[{"@type":"WebPage","@id":"https:\/\/wpguerssen-test.odoo.rgbconsulting.com\/es\/producto\/tapestry-koto-the-occident-sea\/","url":"https:\/\/wpguerssen-test.odoo.rgbconsulting.com\/es\/producto\/tapestry-koto-the-occident-sea\/","name":"YONEKAWA, Toshiko & YAMAHA, Kiyoshi - Tapestry: Koto & The Occident Sea - (LP) | Guerssen","isPartOf":{"@id":"https:\/\/wpguerssen-test.odoo.rgbconsulting.com\/es\/#website"},"primaryImageOfPage":{"@id":"https:\/\/wpguerssen-test.odoo.rgbconsulting.com\/es\/producto\/tapestry-koto-the-occident-sea\/#primaryimage"},"image":{"@id":"https:\/\/wpguerssen-test.odoo.rgbconsulting.com\/es\/producto\/tapestry-koto-the-occident-sea\/#primaryimage"},"thumbnailUrl":"https:\/\/wpguerssen-test.odoo.rgbconsulting.com\/wp-content\/uploads\/2023\/09\/45219.jpg","datePublished":"2023-09-12T22:00:00+00:00","dateModified":"2024-12-02T16:05:54+00:00","description":"'Tapestry: Koto' is a 3-album series produced by Nippon Columbia in the mid-1970s dedicated to one of the main instruments of Japanese traditional music: Koto. The beauty of the trilogy curated by composer Kiyoshi Yamaya, whose chapters are respectively dedicated to Sea, Hillside and Country, lies in the fact that they are a modern translation of tradition using newer and more avant-garde sound idioms, integrating the koto with jazz musicians. An original mix, a 'crossover' that allows for the awakening and the consequential spread of traditional music in larger contexts.The extreme accuracy of the marvellous recordings is also remarkable.","breadcrumb":{"@id":"https:\/\/wpguerssen-test.odoo.rgbconsulting.com\/es\/producto\/tapestry-koto-the-occident-sea\/#breadcrumb"},"inLanguage":"es","potentialAction":[{"@type":"ReadAction","target":["https:\/\/wpguerssen-test.odoo.rgbconsulting.com\/es\/producto\/tapestry-koto-the-occident-sea\/"]}]},{"@type":"ImageObject","inLanguage":"es","@id":"https:\/\/wpguerssen-test.odoo.rgbconsulting.com\/es\/producto\/tapestry-koto-the-occident-sea\/#primaryimage","url":"https:\/\/wpguerssen-test.odoo.rgbconsulting.com\/wp-content\/uploads\/2023\/09\/45219.jpg","contentUrl":"https:\/\/wpguerssen-test.odoo.rgbconsulting.com\/wp-content\/uploads\/2023\/09\/45219.jpg","width":800,"height":793,"caption":"Toshiko & YAMAHA"},{"@type":"BreadcrumbList","@id":"https:\/\/wpguerssen-test.odoo.rgbconsulting.com\/es\/producto\/tapestry-koto-the-occident-sea\/#breadcrumb","itemListElement":[{"@type":"ListItem","position":1,"name":"Inicio","item":"https:\/\/wpguerssen-test.odoo.rgbconsulting.com\/es\/"},{"@type":"ListItem","position":2,"name":"Shop","item":"https:\/\/wpguerssen-test.odoo.rgbconsulting.com\/shop\/"},{"@type":"ListItem","position":3,"name":"Tapestry: Koto &#038; The Occident Sea"}]},{"@type":"WebSite","@id":"https:\/\/wpguerssen-test.odoo.rgbconsulting.com\/es\/#website","url":"https:\/\/wpguerssen-test.odoo.rgbconsulting.com\/es\/","name":"Guerssen records","description":"psychedelia - progressive - folk - garage ","publisher":{"@id":"https:\/\/wpguerssen-test.odoo.rgbconsulting.com\/es\/#organization"},"potentialAction":[{"@type":"SearchAction","target":{"@type":"EntryPoint","urlTemplate":"https:\/\/wpguerssen-test.odoo.rgbconsulting.com\/es\/?s={search_term_string}"},"query-input":{"@type":"PropertyValueSpecification","valueRequired":true,"valueName":"search_term_string"}}],"inLanguage":"es"},{"@type":"Organization","@id":"https:\/\/wpguerssen-test.odoo.rgbconsulting.com\/es\/#organization","name":"Guerssen records","url":"https:\/\/wpguerssen-test.odoo.rgbconsulting.com\/es\/","logo":{"@type":"ImageObject","inLanguage":"es","@id":"https:\/\/wpguerssen-test.odoo.rgbconsulting.com\/es\/#\/schema\/logo\/image\/","url":"https:\/\/wpguerssen-test.odoo.rgbconsulting.com\/wp-content\/uploads\/2022\/04\/Logo_Guerssen_trans_100.png","contentUrl":"https:\/\/wpguerssen-test.odoo.rgbconsulting.com\/wp-content\/uploads\/2022\/04\/Logo_Guerssen_trans_100.png","width":122,"height":100,"caption":"Guerssen records"},"image":{"@id":"https:\/\/wpguerssen-test.odoo.rgbconsulting.com\/es\/#\/schema\/logo\/image\/"}}]}},"_links":{"self":[{"href":"https:\/\/wpguerssen-test.odoo.rgbconsulting.com\/es\/wp-json\/wp\/v2\/product\/239660","targetHints":{"allow":["GET"]}}],"collection":[{"href":"https:\/\/wpguerssen-test.odoo.rgbconsulting.com\/es\/wp-json\/wp\/v2\/product"}],"about":[{"href":"https:\/\/wpguerssen-test.odoo.rgbconsulting.com\/es\/wp-json\/wp\/v2\/types\/product"}],"wp:featuredmedia":[{"embeddable":true,"href":"https:\/\/wpguerssen-test.odoo.rgbconsulting.com\/es\/wp-json\/wp\/v2\/media\/240905"}],"wp:attachment":[{"href":"https:\/\/wpguerssen-test.odoo.rgbconsulting.com\/es\/wp-json\/wp\/v2\/media?parent=239660"}],"wp:term":[{"taxonomy":"product_brand","embeddable":true,"href":"https:\/\/wpguerssen-test.odoo.rgbconsulting.com\/es\/wp-json\/wp\/v2\/product_brand?post=239660"},{"taxonomy":"product_cat","embeddable":true,"href":"https:\/\/wpguerssen-test.odoo.rgbconsulting.com\/es\/wp-json\/wp\/v2\/product_cat?post=239660"},{"taxonomy":"product_tag","embeddable":true,"href":"https:\/\/wpguerssen-test.odoo.rgbconsulting.com\/es\/wp-json\/wp\/v2\/product_tag?post=239660"}],"curies":[{"name":"wp","href":"https:\/\/api.w.org\/{rel}","templated":true}]}}