{"id":239661,"date":"2023-10-24T00:00:00","date_gmt":"2023-10-23T22:00:00","guid":{"rendered":"https:\/\/wpguerssen-test.odoo.rgbconsulting.com\/product\/artefactes-sonors-de-lunderground-catala-64-79\/"},"modified":"2025-02-03T15:25:04","modified_gmt":"2025-02-03T14:25:04","slug":"artefactes-sonors-de-lunderground-catala-64-79","status":"publish","type":"product","link":"https:\/\/wpguerssen-test.odoo.rgbconsulting.com\/es\/producto\/artefactes-sonors-de-lunderground-catala-64-79\/","title":{"rendered":"Artefactes Sonors De L&#8217;Underground Catal\u00e0 (64-79)"},"content":{"rendered":"<p>Este disco es un regalo, una verdadera joya para los amantes de los sonidos m\u00e1s ocultos de las d\u00e9cadas de los 60 y los 70.<br \/>En la Catalu\u00f1a de finales del franquismo, en plena revoluci\u00f3n generacional, una serie de artistas iluminados experimentaron de manera magistral con g\u00e9neros como el folk-rock, el rhythm&#038;blues, el garaje, la psicodelia o la rumba.<br \/>Eran artistas como Pau Riba, Sisa, Ia &#038; Batiste, Toti Soler, Gato P\u00e9rez, Guillermina Motta y tantos otros, que crearon obras maestras como Dioptria, Galeta Gal\u00e0ctica, Chichonera&#8217;s Cat o Miniatura.<br \/>Ahora, Ricky Gil &#038; Biscuit, una de las combinaciones m\u00e1s explosivas de los \u00faltimos tiempos, han investigado en el repertorio de estos pioneros, han desenterrado una docena de canciones y han grabado un \u00e1lbum sin concesiones, poderoso, intenso y respetuoso con las fuentes, que adem\u00e1s ha contado con la colaboraci\u00f3n de algunos de los artistas originales supervivientes.<\/p>\n","protected":false},"excerpt":{"rendered":"<p>Este disco es un regalo, una verdadera joya para los amantes de los sonidos m\u00e1s ocultos de las d\u00e9cadas de los 60 y los 70.<br \/>En la Catalu\u00f1a de finales del franquismo,<a class=\"read\" href=\"https:\/\/wpguerssen-test.odoo.rgbconsulting.com\/es\/producto\/artefactes-sonors-de-lunderground-catala-64-79\/\"> (...)<\/a>","protected":false},"featured_media":244096,"template":"","meta":{"_acf_changed":false},"product_brand":[],"product_cat":[23281,23274],"product_tag":[],"class_list":{"0":"post-239661","1":"product","2":"type-product","3":"status-publish","4":"has-post-thumbnail","6":"product_cat-garagebeatrnb60-70-es","7":"product_cat-folk-rock-60s-70s-es","8":"pa_artist-gil-ricky-biscuit","9":"pa_format-lp-es","10":"pa_gender-garagebeatrnb60-70-folk-rock-60s-70s","11":"pa_label-chesapik","12":"pa_location-spain-es","13":"pa_other-filters-vinyl-only-es","15":"first","16":"instock","17":"taxable","18":"shipping-taxable","19":"purchasable","20":"product-type-simple"},"acf":[],"yoast_head":"<!-- This site is optimized with the Yoast SEO plugin v24.9 - https:\/\/yoast.com\/wordpress\/plugins\/seo\/ -->\n<title>GIL, Ricky &amp; BISCUIT - Artefactes Sonors De L&#039;Underground Catal\u00e0 (64-79) -  (LP) | Guerssen<\/title>\n<meta name=\"description\" content=\"This record is a jewel for followers of the more obscure sounds of the 1960&#039;s and 1970&#039;s.In Catalonia, at the end of Franco&#039;s dictatorship, a group far-out singers and musicians experimented with genres such as folk-rock, rhythm&amp;blues, garage rock, psychedelia or Catalan rumba.Their names were Pau Riba, Sisa, Ia &amp; Batiste, Toti Soler, Gato P\u00e9rez, Guillermina Motta and many others, who were responsible for the creation of masterpieces such as Dioptria, Galeta Gal\u00e0ctica, Chichonera&#039;s Cat or the Miniatura EP.Now, Barcelona&#039;s power-pop mainstay Ricky Gil teams up with high-energy rockers Biscuit to recreate the repertoire of those pioneers. Together they have unearthed a dozen nuggets and have recorded a powerful, intense and fully enjoyable album, featuring the collaboration of some of the surviving original artists.\" \/>\n<meta name=\"robots\" content=\"index, follow, max-snippet:-1, max-image-preview:large, max-video-preview:-1\" \/>\n<link rel=\"canonical\" href=\"https:\/\/wpguerssen-test.odoo.rgbconsulting.com\/es\/producto\/artefactes-sonors-de-lunderground-catala-64-79\/\" \/>\n<meta property=\"og:locale\" content=\"es_ES\" \/>\n<meta property=\"og:type\" content=\"article\" \/>\n<meta property=\"og:title\" content=\"GIL, Ricky &amp; BISCUIT - Artefactes Sonors De L&#039;Underground Catal\u00e0 (64-79) -  (LP) | Guerssen\" \/>\n<meta property=\"og:description\" content=\"This record is a jewel for followers of the more obscure sounds of the 1960&#039;s and 1970&#039;s.In Catalonia, at the end of Franco&#039;s dictatorship, a group far-out singers and musicians experimented with genres such as folk-rock, rhythm&amp;blues, garage rock, psychedelia or Catalan rumba.Their names were Pau Riba, Sisa, Ia &amp; Batiste, Toti Soler, Gato P\u00e9rez, Guillermina Motta and many others, who were responsible for the creation of masterpieces such as Dioptria, Galeta Gal\u00e0ctica, Chichonera&#039;s Cat or the Miniatura EP.Now, Barcelona&#039;s power-pop mainstay Ricky Gil teams up with high-energy rockers Biscuit to recreate the repertoire of those pioneers. Together they have unearthed a dozen nuggets and have recorded a powerful, intense and fully enjoyable album, featuring the collaboration of some of the surviving original artists.\" \/>\n<meta property=\"og:url\" content=\"https:\/\/wpguerssen-test.odoo.rgbconsulting.com\/es\/producto\/artefactes-sonors-de-lunderground-catala-64-79\/\" \/>\n<meta property=\"og:site_name\" content=\"Guerssen records\" \/>\n<meta property=\"article:modified_time\" content=\"2025-02-03T14:25:04+00:00\" \/>\n<meta property=\"og:image\" content=\"https:\/\/wpguerssen-test.odoo.rgbconsulting.com\/wp-content\/uploads\/2023\/10\/45220.jpg\" \/>\n\t<meta property=\"og:image:width\" content=\"1024\" \/>\n\t<meta property=\"og:image:height\" content=\"1024\" \/>\n\t<meta property=\"og:image:type\" content=\"image\/jpeg\" \/>\n<meta name=\"twitter:card\" content=\"summary_large_image\" \/>\n<meta name=\"twitter:title\" content=\"GIL, Ricky &amp; BISCUIT - Artefactes Sonors De L&#039;Underground Catal\u00e0 (64-79) -  (LP) | Guerssen\" \/>\n<meta name=\"twitter:label1\" content=\"Tiempo de lectura\" \/>\n\t<meta name=\"twitter:data1\" content=\"1 minuto\" \/>\n<script type=\"application\/ld+json\" class=\"yoast-schema-graph\">{\"@context\":\"https:\/\/schema.org\",\"@graph\":[{\"@type\":\"WebPage\",\"@id\":\"https:\/\/wpguerssen-test.odoo.rgbconsulting.com\/es\/producto\/artefactes-sonors-de-lunderground-catala-64-79\/\",\"url\":\"https:\/\/wpguerssen-test.odoo.rgbconsulting.com\/es\/producto\/artefactes-sonors-de-lunderground-catala-64-79\/\",\"name\":\"GIL, Ricky & BISCUIT - Artefactes Sonors De L'Underground Catal\u00e0 (64-79) - (LP) | Guerssen\",\"isPartOf\":{\"@id\":\"https:\/\/wpguerssen-test.odoo.rgbconsulting.com\/es\/#website\"},\"primaryImageOfPage\":{\"@id\":\"https:\/\/wpguerssen-test.odoo.rgbconsulting.com\/es\/producto\/artefactes-sonors-de-lunderground-catala-64-79\/#primaryimage\"},\"image\":{\"@id\":\"https:\/\/wpguerssen-test.odoo.rgbconsulting.com\/es\/producto\/artefactes-sonors-de-lunderground-catala-64-79\/#primaryimage\"},\"thumbnailUrl\":\"https:\/\/wpguerssen-test.odoo.rgbconsulting.com\/wp-content\/uploads\/2023\/10\/45220.jpg\",\"datePublished\":\"2023-10-23T22:00:00+00:00\",\"dateModified\":\"2025-02-03T14:25:04+00:00\",\"description\":\"This record is a jewel for followers of the more obscure sounds of the 1960's and 1970's.In Catalonia, at the end of Franco's dictatorship, a group far-out singers and musicians experimented with genres such as folk-rock, rhythm&blues, garage rock, psychedelia or Catalan rumba.Their names were Pau Riba, Sisa, Ia & Batiste, Toti Soler, Gato P\u00e9rez, Guillermina Motta and many others, who were responsible for the creation of masterpieces such as Dioptria, Galeta Gal\u00e0ctica, Chichonera's Cat or the Miniatura EP.Now, Barcelona's power-pop mainstay Ricky Gil teams up with high-energy rockers Biscuit to recreate the repertoire of those pioneers. Together they have unearthed a dozen nuggets and have recorded a powerful, intense and fully enjoyable album, featuring the collaboration of some of the surviving original artists.\",\"breadcrumb\":{\"@id\":\"https:\/\/wpguerssen-test.odoo.rgbconsulting.com\/es\/producto\/artefactes-sonors-de-lunderground-catala-64-79\/#breadcrumb\"},\"inLanguage\":\"es\",\"potentialAction\":[{\"@type\":\"ReadAction\",\"target\":[\"https:\/\/wpguerssen-test.odoo.rgbconsulting.com\/es\/producto\/artefactes-sonors-de-lunderground-catala-64-79\/\"]}]},{\"@type\":\"ImageObject\",\"inLanguage\":\"es\",\"@id\":\"https:\/\/wpguerssen-test.odoo.rgbconsulting.com\/es\/producto\/artefactes-sonors-de-lunderground-catala-64-79\/#primaryimage\",\"url\":\"https:\/\/wpguerssen-test.odoo.rgbconsulting.com\/wp-content\/uploads\/2023\/10\/45220.jpg\",\"contentUrl\":\"https:\/\/wpguerssen-test.odoo.rgbconsulting.com\/wp-content\/uploads\/2023\/10\/45220.jpg\",\"width\":1024,\"height\":1024,\"caption\":\"Ricky & BISCUIT - Artefactes Sonors De L'Underground Catal\u00e0 (64-79) - CHESAPIK (LP) | Guerssen\"},{\"@type\":\"BreadcrumbList\",\"@id\":\"https:\/\/wpguerssen-test.odoo.rgbconsulting.com\/es\/producto\/artefactes-sonors-de-lunderground-catala-64-79\/#breadcrumb\",\"itemListElement\":[{\"@type\":\"ListItem\",\"position\":1,\"name\":\"Inicio\",\"item\":\"https:\/\/wpguerssen-test.odoo.rgbconsulting.com\/es\/\"},{\"@type\":\"ListItem\",\"position\":2,\"name\":\"Shop\",\"item\":\"https:\/\/wpguerssen-test.odoo.rgbconsulting.com\/shop\/\"},{\"@type\":\"ListItem\",\"position\":3,\"name\":\"Artefactes Sonors De L&#8217;Underground Catal\u00e0 (64-79)\"}]},{\"@type\":\"WebSite\",\"@id\":\"https:\/\/wpguerssen-test.odoo.rgbconsulting.com\/es\/#website\",\"url\":\"https:\/\/wpguerssen-test.odoo.rgbconsulting.com\/es\/\",\"name\":\"Guerssen records\",\"description\":\"psychedelia - progressive - folk - garage \",\"publisher\":{\"@id\":\"https:\/\/wpguerssen-test.odoo.rgbconsulting.com\/es\/#organization\"},\"potentialAction\":[{\"@type\":\"SearchAction\",\"target\":{\"@type\":\"EntryPoint\",\"urlTemplate\":\"https:\/\/wpguerssen-test.odoo.rgbconsulting.com\/es\/?s={search_term_string}\"},\"query-input\":{\"@type\":\"PropertyValueSpecification\",\"valueRequired\":true,\"valueName\":\"search_term_string\"}}],\"inLanguage\":\"es\"},{\"@type\":\"Organization\",\"@id\":\"https:\/\/wpguerssen-test.odoo.rgbconsulting.com\/es\/#organization\",\"name\":\"Guerssen records\",\"url\":\"https:\/\/wpguerssen-test.odoo.rgbconsulting.com\/es\/\",\"logo\":{\"@type\":\"ImageObject\",\"inLanguage\":\"es\",\"@id\":\"https:\/\/wpguerssen-test.odoo.rgbconsulting.com\/es\/#\/schema\/logo\/image\/\",\"url\":\"https:\/\/wpguerssen-test.odoo.rgbconsulting.com\/wp-content\/uploads\/2022\/04\/Logo_Guerssen_trans_100.png\",\"contentUrl\":\"https:\/\/wpguerssen-test.odoo.rgbconsulting.com\/wp-content\/uploads\/2022\/04\/Logo_Guerssen_trans_100.png\",\"width\":122,\"height\":100,\"caption\":\"Guerssen records\"},\"image\":{\"@id\":\"https:\/\/wpguerssen-test.odoo.rgbconsulting.com\/es\/#\/schema\/logo\/image\/\"}}]}<\/script>\n<!-- \/ Yoast SEO plugin. -->","yoast_head_json":{"title":"GIL, Ricky & BISCUIT - Artefactes Sonors De L'Underground Catal\u00e0 (64-79) -  (LP) | Guerssen","description":"This record is a jewel for followers of the more obscure sounds of the 1960's and 1970's.In Catalonia, at the end of Franco's dictatorship, a group far-out singers and musicians experimented with genres such as folk-rock, rhythm&blues, garage rock, psychedelia or Catalan rumba.Their names were Pau Riba, Sisa, Ia & Batiste, Toti Soler, Gato P\u00e9rez, Guillermina Motta and many others, who were responsible for the creation of masterpieces such as Dioptria, Galeta Gal\u00e0ctica, Chichonera's Cat or the Miniatura EP.Now, Barcelona's power-pop mainstay Ricky Gil teams up with high-energy rockers Biscuit to recreate the repertoire of those pioneers. Together they have unearthed a dozen nuggets and have recorded a powerful, intense and fully enjoyable album, featuring the collaboration of some of the surviving original artists.","robots":{"index":"index","follow":"follow","max-snippet":"max-snippet:-1","max-image-preview":"max-image-preview:large","max-video-preview":"max-video-preview:-1"},"canonical":"https:\/\/wpguerssen-test.odoo.rgbconsulting.com\/es\/producto\/artefactes-sonors-de-lunderground-catala-64-79\/","og_locale":"es_ES","og_type":"article","og_title":"GIL, Ricky & BISCUIT - Artefactes Sonors De L'Underground Catal\u00e0 (64-79) -  (LP) | Guerssen","og_description":"This record is a jewel for followers of the more obscure sounds of the 1960's and 1970's.In Catalonia, at the end of Franco's dictatorship, a group far-out singers and musicians experimented with genres such as folk-rock, rhythm&blues, garage rock, psychedelia or Catalan rumba.Their names were Pau Riba, Sisa, Ia & Batiste, Toti Soler, Gato P\u00e9rez, Guillermina Motta and many others, who were responsible for the creation of masterpieces such as Dioptria, Galeta Gal\u00e0ctica, Chichonera's Cat or the Miniatura EP.Now, Barcelona's power-pop mainstay Ricky Gil teams up with high-energy rockers Biscuit to recreate the repertoire of those pioneers. Together they have unearthed a dozen nuggets and have recorded a powerful, intense and fully enjoyable album, featuring the collaboration of some of the surviving original artists.","og_url":"https:\/\/wpguerssen-test.odoo.rgbconsulting.com\/es\/producto\/artefactes-sonors-de-lunderground-catala-64-79\/","og_site_name":"Guerssen records","article_modified_time":"2025-02-03T14:25:04+00:00","og_image":[{"width":1024,"height":1024,"url":"https:\/\/wpguerssen-test.odoo.rgbconsulting.com\/wp-content\/uploads\/2023\/10\/45220.jpg","type":"image\/jpeg"}],"twitter_card":"summary_large_image","twitter_title":"GIL, Ricky & BISCUIT - Artefactes Sonors De L'Underground Catal\u00e0 (64-79) -  (LP) | Guerssen","twitter_misc":{"Tiempo de lectura":"1 minuto"},"schema":{"@context":"https:\/\/schema.org","@graph":[{"@type":"WebPage","@id":"https:\/\/wpguerssen-test.odoo.rgbconsulting.com\/es\/producto\/artefactes-sonors-de-lunderground-catala-64-79\/","url":"https:\/\/wpguerssen-test.odoo.rgbconsulting.com\/es\/producto\/artefactes-sonors-de-lunderground-catala-64-79\/","name":"GIL, Ricky & BISCUIT - Artefactes Sonors De L'Underground Catal\u00e0 (64-79) - (LP) | Guerssen","isPartOf":{"@id":"https:\/\/wpguerssen-test.odoo.rgbconsulting.com\/es\/#website"},"primaryImageOfPage":{"@id":"https:\/\/wpguerssen-test.odoo.rgbconsulting.com\/es\/producto\/artefactes-sonors-de-lunderground-catala-64-79\/#primaryimage"},"image":{"@id":"https:\/\/wpguerssen-test.odoo.rgbconsulting.com\/es\/producto\/artefactes-sonors-de-lunderground-catala-64-79\/#primaryimage"},"thumbnailUrl":"https:\/\/wpguerssen-test.odoo.rgbconsulting.com\/wp-content\/uploads\/2023\/10\/45220.jpg","datePublished":"2023-10-23T22:00:00+00:00","dateModified":"2025-02-03T14:25:04+00:00","description":"This record is a jewel for followers of the more obscure sounds of the 1960's and 1970's.In Catalonia, at the end of Franco's dictatorship, a group far-out singers and musicians experimented with genres such as folk-rock, rhythm&blues, garage rock, psychedelia or Catalan rumba.Their names were Pau Riba, Sisa, Ia & Batiste, Toti Soler, Gato P\u00e9rez, Guillermina Motta and many others, who were responsible for the creation of masterpieces such as Dioptria, Galeta Gal\u00e0ctica, Chichonera's Cat or the Miniatura EP.Now, Barcelona's power-pop mainstay Ricky Gil teams up with high-energy rockers Biscuit to recreate the repertoire of those pioneers. Together they have unearthed a dozen nuggets and have recorded a powerful, intense and fully enjoyable album, featuring the collaboration of some of the surviving original artists.","breadcrumb":{"@id":"https:\/\/wpguerssen-test.odoo.rgbconsulting.com\/es\/producto\/artefactes-sonors-de-lunderground-catala-64-79\/#breadcrumb"},"inLanguage":"es","potentialAction":[{"@type":"ReadAction","target":["https:\/\/wpguerssen-test.odoo.rgbconsulting.com\/es\/producto\/artefactes-sonors-de-lunderground-catala-64-79\/"]}]},{"@type":"ImageObject","inLanguage":"es","@id":"https:\/\/wpguerssen-test.odoo.rgbconsulting.com\/es\/producto\/artefactes-sonors-de-lunderground-catala-64-79\/#primaryimage","url":"https:\/\/wpguerssen-test.odoo.rgbconsulting.com\/wp-content\/uploads\/2023\/10\/45220.jpg","contentUrl":"https:\/\/wpguerssen-test.odoo.rgbconsulting.com\/wp-content\/uploads\/2023\/10\/45220.jpg","width":1024,"height":1024,"caption":"Ricky & BISCUIT - Artefactes Sonors De L'Underground Catal\u00e0 (64-79) - CHESAPIK (LP) | Guerssen"},{"@type":"BreadcrumbList","@id":"https:\/\/wpguerssen-test.odoo.rgbconsulting.com\/es\/producto\/artefactes-sonors-de-lunderground-catala-64-79\/#breadcrumb","itemListElement":[{"@type":"ListItem","position":1,"name":"Inicio","item":"https:\/\/wpguerssen-test.odoo.rgbconsulting.com\/es\/"},{"@type":"ListItem","position":2,"name":"Shop","item":"https:\/\/wpguerssen-test.odoo.rgbconsulting.com\/shop\/"},{"@type":"ListItem","position":3,"name":"Artefactes Sonors De L&#8217;Underground Catal\u00e0 (64-79)"}]},{"@type":"WebSite","@id":"https:\/\/wpguerssen-test.odoo.rgbconsulting.com\/es\/#website","url":"https:\/\/wpguerssen-test.odoo.rgbconsulting.com\/es\/","name":"Guerssen records","description":"psychedelia - progressive - folk - garage ","publisher":{"@id":"https:\/\/wpguerssen-test.odoo.rgbconsulting.com\/es\/#organization"},"potentialAction":[{"@type":"SearchAction","target":{"@type":"EntryPoint","urlTemplate":"https:\/\/wpguerssen-test.odoo.rgbconsulting.com\/es\/?s={search_term_string}"},"query-input":{"@type":"PropertyValueSpecification","valueRequired":true,"valueName":"search_term_string"}}],"inLanguage":"es"},{"@type":"Organization","@id":"https:\/\/wpguerssen-test.odoo.rgbconsulting.com\/es\/#organization","name":"Guerssen records","url":"https:\/\/wpguerssen-test.odoo.rgbconsulting.com\/es\/","logo":{"@type":"ImageObject","inLanguage":"es","@id":"https:\/\/wpguerssen-test.odoo.rgbconsulting.com\/es\/#\/schema\/logo\/image\/","url":"https:\/\/wpguerssen-test.odoo.rgbconsulting.com\/wp-content\/uploads\/2022\/04\/Logo_Guerssen_trans_100.png","contentUrl":"https:\/\/wpguerssen-test.odoo.rgbconsulting.com\/wp-content\/uploads\/2022\/04\/Logo_Guerssen_trans_100.png","width":122,"height":100,"caption":"Guerssen records"},"image":{"@id":"https:\/\/wpguerssen-test.odoo.rgbconsulting.com\/es\/#\/schema\/logo\/image\/"}}]}},"_links":{"self":[{"href":"https:\/\/wpguerssen-test.odoo.rgbconsulting.com\/es\/wp-json\/wp\/v2\/product\/239661","targetHints":{"allow":["GET"]}}],"collection":[{"href":"https:\/\/wpguerssen-test.odoo.rgbconsulting.com\/es\/wp-json\/wp\/v2\/product"}],"about":[{"href":"https:\/\/wpguerssen-test.odoo.rgbconsulting.com\/es\/wp-json\/wp\/v2\/types\/product"}],"wp:featuredmedia":[{"embeddable":true,"href":"https:\/\/wpguerssen-test.odoo.rgbconsulting.com\/es\/wp-json\/wp\/v2\/media\/244096"}],"wp:attachment":[{"href":"https:\/\/wpguerssen-test.odoo.rgbconsulting.com\/es\/wp-json\/wp\/v2\/media?parent=239661"}],"wp:term":[{"taxonomy":"product_brand","embeddable":true,"href":"https:\/\/wpguerssen-test.odoo.rgbconsulting.com\/es\/wp-json\/wp\/v2\/product_brand?post=239661"},{"taxonomy":"product_cat","embeddable":true,"href":"https:\/\/wpguerssen-test.odoo.rgbconsulting.com\/es\/wp-json\/wp\/v2\/product_cat?post=239661"},{"taxonomy":"product_tag","embeddable":true,"href":"https:\/\/wpguerssen-test.odoo.rgbconsulting.com\/es\/wp-json\/wp\/v2\/product_tag?post=239661"}],"curies":[{"name":"wp","href":"https:\/\/api.w.org\/{rel}","templated":true}]}}