{"id":239665,"date":"2023-08-21T00:00:00","date_gmt":"2023-08-20T22:00:00","guid":{"rendered":"https:\/\/wpguerssen-test.odoo.rgbconsulting.com\/product\/concerts-by-the-sea\/"},"modified":"2024-02-22T14:16:55","modified_gmt":"2024-02-22T13:16:55","slug":"concerts-by-the-sea","status":"publish","type":"product","link":"https:\/\/wpguerssen-test.odoo.rgbconsulting.com\/es\/producto\/concerts-by-the-sea\/","title":{"rendered":"Concerts By The sea"},"content":{"rendered":"<p>Desde el anuncio de apertura del MC, el primer \u00e1lbum en vivo de la brillante carrera del baterista de jazz Les Demerle salta directamente al meollo del asunto. Live At The Concerts By The Sea se lanz\u00f3 originalmente en 1978 y presenta la presentaci\u00f3n en vivo de la banda de Demerle en el ic\u00f3nico club de jazz Concerts By The Sea de Howard Rumsey; un club que produjo una serie de conciertos de 1971 a 1985 en Redondo Beach, California. Desde el abridor de jazz-fusi\u00f3n \u00abQuetzal\u00bb hasta el ritmo de jazz-funk de \u00abSan Quentin Quail\u00bb, Les Demerle gu\u00eda a su banda a trav\u00e9s de un memorable conjunto de g\u00e9neros de jazz con un dominio constante y ejemplar de su equipo. P-VINE est\u00e1 encantado de producir la primera reedici\u00f3n oficial en su sello Groove-Diggers con un LP de edici\u00f3n limitada y una ic\u00f3nica tira obi japonesa adjunta.<\/p>\n","protected":false},"excerpt":{"rendered":"<p>Desde el anuncio de apertura del MC, el primer \u00e1lbum en vivo de la brillante carrera del baterista de jazz Les Demerle salta directamente al meollo del asunto. Live<a class=\"read\" href=\"https:\/\/wpguerssen-test.odoo.rgbconsulting.com\/es\/producto\/concerts-by-the-sea\/\"> (...)<\/a>","protected":false},"featured_media":239924,"template":"","meta":{"_acf_changed":false},"product_brand":[],"product_cat":[23227],"product_tag":[],"class_list":{"0":"post-239665","1":"product","2":"type-product","3":"status-publish","4":"has-post-thumbnail","6":"product_cat-jazz-es","7":"pa_artist-demerle-les","8":"pa_format-lp-es","9":"pa_gender-jazz","10":"pa_label-p-vine","11":"pa_location-north-america-es","12":"pa_other-filters-vinyl-only-es","14":"first","15":"instock","16":"taxable","17":"shipping-taxable","18":"purchasable","19":"product-type-simple"},"acf":[],"yoast_head":"<!-- This site is optimized with the Yoast SEO plugin v24.9 - https:\/\/yoast.com\/wordpress\/plugins\/seo\/ -->\n<title>DEMERLE, Les - Concerts By The sea -  (LP) | Guerssen<\/title>\n<meta name=\"description\" content=\"From the opening announcement of the MC, the first live album of jazz drummer Les Demerle&#039;s glowing career jumps right into the thick of it. Live At The Concerts By The Sea was originally released in 1978, and showcases the live performance of Demerle&#039;s band at Howard Rumsey&#039;s iconic jazz club Concerts By The Sea; a club which produced a series of concerts from 1971 to 1985 in Redondo Beach, California. From the jazz-fusion opener &quot;Quetzal&quot; to the pacy jazz-funk of &quot;San Quentin Quail,&quot; Les Demerle leads his band through a memorable set of genre-hopping jazz with a steady and exemplary command of his kit. P-VINE is thrilled to be producing the first official reissue on its Groove-Diggers imprint with a limited edition LP pressing, and an iconic Japanese obi strip attached.\" \/>\n<meta name=\"robots\" content=\"index, follow, max-snippet:-1, max-image-preview:large, max-video-preview:-1\" \/>\n<link rel=\"canonical\" href=\"https:\/\/wpguerssen-test.odoo.rgbconsulting.com\/es\/producto\/concerts-by-the-sea\/\" \/>\n<meta property=\"og:locale\" content=\"es_ES\" \/>\n<meta property=\"og:type\" content=\"article\" \/>\n<meta property=\"og:title\" content=\"DEMERLE, Les - Concerts By The sea -  (LP) | Guerssen\" \/>\n<meta property=\"og:description\" content=\"From the opening announcement of the MC, the first live album of jazz drummer Les Demerle&#039;s glowing career jumps right into the thick of it. Live At The Concerts By The Sea was originally released in 1978, and showcases the live performance of Demerle&#039;s band at Howard Rumsey&#039;s iconic jazz club Concerts By The Sea; a club which produced a series of concerts from 1971 to 1985 in Redondo Beach, California. From the jazz-fusion opener &quot;Quetzal&quot; to the pacy jazz-funk of &quot;San Quentin Quail,&quot; Les Demerle leads his band through a memorable set of genre-hopping jazz with a steady and exemplary command of his kit. P-VINE is thrilled to be producing the first official reissue on its Groove-Diggers imprint with a limited edition LP pressing, and an iconic Japanese obi strip attached.\" \/>\n<meta property=\"og:url\" content=\"https:\/\/wpguerssen-test.odoo.rgbconsulting.com\/es\/producto\/concerts-by-the-sea\/\" \/>\n<meta property=\"og:site_name\" content=\"Guerssen records\" \/>\n<meta property=\"article:modified_time\" content=\"2024-02-22T13:16:55+00:00\" \/>\n<meta property=\"og:image\" content=\"https:\/\/wpguerssen-test.odoo.rgbconsulting.com\/wp-content\/uploads\/2023\/08\/45224-scaled.jpg\" \/>\n\t<meta property=\"og:image:width\" content=\"2560\" \/>\n\t<meta property=\"og:image:height\" content=\"2552\" \/>\n\t<meta property=\"og:image:type\" content=\"image\/jpeg\" \/>\n<meta name=\"twitter:card\" content=\"summary_large_image\" \/>\n<meta name=\"twitter:title\" content=\"DEMERLE, Les - Concerts By The sea -  (LP) | Guerssen\" \/>\n<meta name=\"twitter:label1\" content=\"Tiempo de lectura\" \/>\n\t<meta name=\"twitter:data1\" content=\"1 minuto\" \/>\n<script type=\"application\/ld+json\" class=\"yoast-schema-graph\">{\"@context\":\"https:\/\/schema.org\",\"@graph\":[{\"@type\":\"WebPage\",\"@id\":\"https:\/\/wpguerssen-test.odoo.rgbconsulting.com\/es\/producto\/concerts-by-the-sea\/\",\"url\":\"https:\/\/wpguerssen-test.odoo.rgbconsulting.com\/es\/producto\/concerts-by-the-sea\/\",\"name\":\"DEMERLE, Les - Concerts By The sea - (LP) | Guerssen\",\"isPartOf\":{\"@id\":\"https:\/\/wpguerssen-test.odoo.rgbconsulting.com\/es\/#website\"},\"primaryImageOfPage\":{\"@id\":\"https:\/\/wpguerssen-test.odoo.rgbconsulting.com\/es\/producto\/concerts-by-the-sea\/#primaryimage\"},\"image\":{\"@id\":\"https:\/\/wpguerssen-test.odoo.rgbconsulting.com\/es\/producto\/concerts-by-the-sea\/#primaryimage\"},\"thumbnailUrl\":\"https:\/\/wpguerssen-test.odoo.rgbconsulting.com\/wp-content\/uploads\/2023\/08\/45224-scaled.jpg\",\"datePublished\":\"2023-08-20T22:00:00+00:00\",\"dateModified\":\"2024-02-22T13:16:55+00:00\",\"description\":\"From the opening announcement of the MC, the first live album of jazz drummer Les Demerle's glowing career jumps right into the thick of it. Live At The Concerts By The Sea was originally released in 1978, and showcases the live performance of Demerle's band at Howard Rumsey's iconic jazz club Concerts By The Sea; a club which produced a series of concerts from 1971 to 1985 in Redondo Beach, California. From the jazz-fusion opener \\\"Quetzal\\\" to the pacy jazz-funk of \\\"San Quentin Quail,\\\" Les Demerle leads his band through a memorable set of genre-hopping jazz with a steady and exemplary command of his kit. P-VINE is thrilled to be producing the first official reissue on its Groove-Diggers imprint with a limited edition LP pressing, and an iconic Japanese obi strip attached.\",\"breadcrumb\":{\"@id\":\"https:\/\/wpguerssen-test.odoo.rgbconsulting.com\/es\/producto\/concerts-by-the-sea\/#breadcrumb\"},\"inLanguage\":\"es\",\"potentialAction\":[{\"@type\":\"ReadAction\",\"target\":[\"https:\/\/wpguerssen-test.odoo.rgbconsulting.com\/es\/producto\/concerts-by-the-sea\/\"]}]},{\"@type\":\"ImageObject\",\"inLanguage\":\"es\",\"@id\":\"https:\/\/wpguerssen-test.odoo.rgbconsulting.com\/es\/producto\/concerts-by-the-sea\/#primaryimage\",\"url\":\"https:\/\/wpguerssen-test.odoo.rgbconsulting.com\/wp-content\/uploads\/2023\/08\/45224-scaled.jpg\",\"contentUrl\":\"https:\/\/wpguerssen-test.odoo.rgbconsulting.com\/wp-content\/uploads\/2023\/08\/45224-scaled.jpg\",\"width\":2560,\"height\":2552,\"caption\":\"Les - Concerts By The sea - P-VINE (LP) | Guerssen\"},{\"@type\":\"BreadcrumbList\",\"@id\":\"https:\/\/wpguerssen-test.odoo.rgbconsulting.com\/es\/producto\/concerts-by-the-sea\/#breadcrumb\",\"itemListElement\":[{\"@type\":\"ListItem\",\"position\":1,\"name\":\"Inicio\",\"item\":\"https:\/\/wpguerssen-test.odoo.rgbconsulting.com\/es\/\"},{\"@type\":\"ListItem\",\"position\":2,\"name\":\"Shop\",\"item\":\"https:\/\/wpguerssen-test.odoo.rgbconsulting.com\/shop\/\"},{\"@type\":\"ListItem\",\"position\":3,\"name\":\"Concerts By The sea\"}]},{\"@type\":\"WebSite\",\"@id\":\"https:\/\/wpguerssen-test.odoo.rgbconsulting.com\/es\/#website\",\"url\":\"https:\/\/wpguerssen-test.odoo.rgbconsulting.com\/es\/\",\"name\":\"Guerssen records\",\"description\":\"psychedelia - progressive - folk - garage \",\"publisher\":{\"@id\":\"https:\/\/wpguerssen-test.odoo.rgbconsulting.com\/es\/#organization\"},\"potentialAction\":[{\"@type\":\"SearchAction\",\"target\":{\"@type\":\"EntryPoint\",\"urlTemplate\":\"https:\/\/wpguerssen-test.odoo.rgbconsulting.com\/es\/?s={search_term_string}\"},\"query-input\":{\"@type\":\"PropertyValueSpecification\",\"valueRequired\":true,\"valueName\":\"search_term_string\"}}],\"inLanguage\":\"es\"},{\"@type\":\"Organization\",\"@id\":\"https:\/\/wpguerssen-test.odoo.rgbconsulting.com\/es\/#organization\",\"name\":\"Guerssen records\",\"url\":\"https:\/\/wpguerssen-test.odoo.rgbconsulting.com\/es\/\",\"logo\":{\"@type\":\"ImageObject\",\"inLanguage\":\"es\",\"@id\":\"https:\/\/wpguerssen-test.odoo.rgbconsulting.com\/es\/#\/schema\/logo\/image\/\",\"url\":\"https:\/\/wpguerssen-test.odoo.rgbconsulting.com\/wp-content\/uploads\/2022\/04\/Logo_Guerssen_trans_100.png\",\"contentUrl\":\"https:\/\/wpguerssen-test.odoo.rgbconsulting.com\/wp-content\/uploads\/2022\/04\/Logo_Guerssen_trans_100.png\",\"width\":122,\"height\":100,\"caption\":\"Guerssen records\"},\"image\":{\"@id\":\"https:\/\/wpguerssen-test.odoo.rgbconsulting.com\/es\/#\/schema\/logo\/image\/\"}}]}<\/script>\n<!-- \/ Yoast SEO plugin. -->","yoast_head_json":{"title":"DEMERLE, Les - Concerts By The sea -  (LP) | Guerssen","description":"From the opening announcement of the MC, the first live album of jazz drummer Les Demerle's glowing career jumps right into the thick of it. Live At The Concerts By The Sea was originally released in 1978, and showcases the live performance of Demerle's band at Howard Rumsey's iconic jazz club Concerts By The Sea; a club which produced a series of concerts from 1971 to 1985 in Redondo Beach, California. From the jazz-fusion opener \"Quetzal\" to the pacy jazz-funk of \"San Quentin Quail,\" Les Demerle leads his band through a memorable set of genre-hopping jazz with a steady and exemplary command of his kit. P-VINE is thrilled to be producing the first official reissue on its Groove-Diggers imprint with a limited edition LP pressing, and an iconic Japanese obi strip attached.","robots":{"index":"index","follow":"follow","max-snippet":"max-snippet:-1","max-image-preview":"max-image-preview:large","max-video-preview":"max-video-preview:-1"},"canonical":"https:\/\/wpguerssen-test.odoo.rgbconsulting.com\/es\/producto\/concerts-by-the-sea\/","og_locale":"es_ES","og_type":"article","og_title":"DEMERLE, Les - Concerts By The sea -  (LP) | Guerssen","og_description":"From the opening announcement of the MC, the first live album of jazz drummer Les Demerle's glowing career jumps right into the thick of it. Live At The Concerts By The Sea was originally released in 1978, and showcases the live performance of Demerle's band at Howard Rumsey's iconic jazz club Concerts By The Sea; a club which produced a series of concerts from 1971 to 1985 in Redondo Beach, California. From the jazz-fusion opener \"Quetzal\" to the pacy jazz-funk of \"San Quentin Quail,\" Les Demerle leads his band through a memorable set of genre-hopping jazz with a steady and exemplary command of his kit. P-VINE is thrilled to be producing the first official reissue on its Groove-Diggers imprint with a limited edition LP pressing, and an iconic Japanese obi strip attached.","og_url":"https:\/\/wpguerssen-test.odoo.rgbconsulting.com\/es\/producto\/concerts-by-the-sea\/","og_site_name":"Guerssen records","article_modified_time":"2024-02-22T13:16:55+00:00","og_image":[{"width":2560,"height":2552,"url":"https:\/\/wpguerssen-test.odoo.rgbconsulting.com\/wp-content\/uploads\/2023\/08\/45224-scaled.jpg","type":"image\/jpeg"}],"twitter_card":"summary_large_image","twitter_title":"DEMERLE, Les - Concerts By The sea -  (LP) | Guerssen","twitter_misc":{"Tiempo de lectura":"1 minuto"},"schema":{"@context":"https:\/\/schema.org","@graph":[{"@type":"WebPage","@id":"https:\/\/wpguerssen-test.odoo.rgbconsulting.com\/es\/producto\/concerts-by-the-sea\/","url":"https:\/\/wpguerssen-test.odoo.rgbconsulting.com\/es\/producto\/concerts-by-the-sea\/","name":"DEMERLE, Les - Concerts By The sea - (LP) | Guerssen","isPartOf":{"@id":"https:\/\/wpguerssen-test.odoo.rgbconsulting.com\/es\/#website"},"primaryImageOfPage":{"@id":"https:\/\/wpguerssen-test.odoo.rgbconsulting.com\/es\/producto\/concerts-by-the-sea\/#primaryimage"},"image":{"@id":"https:\/\/wpguerssen-test.odoo.rgbconsulting.com\/es\/producto\/concerts-by-the-sea\/#primaryimage"},"thumbnailUrl":"https:\/\/wpguerssen-test.odoo.rgbconsulting.com\/wp-content\/uploads\/2023\/08\/45224-scaled.jpg","datePublished":"2023-08-20T22:00:00+00:00","dateModified":"2024-02-22T13:16:55+00:00","description":"From the opening announcement of the MC, the first live album of jazz drummer Les Demerle's glowing career jumps right into the thick of it. Live At The Concerts By The Sea was originally released in 1978, and showcases the live performance of Demerle's band at Howard Rumsey's iconic jazz club Concerts By The Sea; a club which produced a series of concerts from 1971 to 1985 in Redondo Beach, California. From the jazz-fusion opener \"Quetzal\" to the pacy jazz-funk of \"San Quentin Quail,\" Les Demerle leads his band through a memorable set of genre-hopping jazz with a steady and exemplary command of his kit. P-VINE is thrilled to be producing the first official reissue on its Groove-Diggers imprint with a limited edition LP pressing, and an iconic Japanese obi strip attached.","breadcrumb":{"@id":"https:\/\/wpguerssen-test.odoo.rgbconsulting.com\/es\/producto\/concerts-by-the-sea\/#breadcrumb"},"inLanguage":"es","potentialAction":[{"@type":"ReadAction","target":["https:\/\/wpguerssen-test.odoo.rgbconsulting.com\/es\/producto\/concerts-by-the-sea\/"]}]},{"@type":"ImageObject","inLanguage":"es","@id":"https:\/\/wpguerssen-test.odoo.rgbconsulting.com\/es\/producto\/concerts-by-the-sea\/#primaryimage","url":"https:\/\/wpguerssen-test.odoo.rgbconsulting.com\/wp-content\/uploads\/2023\/08\/45224-scaled.jpg","contentUrl":"https:\/\/wpguerssen-test.odoo.rgbconsulting.com\/wp-content\/uploads\/2023\/08\/45224-scaled.jpg","width":2560,"height":2552,"caption":"Les - Concerts By The sea - P-VINE (LP) | Guerssen"},{"@type":"BreadcrumbList","@id":"https:\/\/wpguerssen-test.odoo.rgbconsulting.com\/es\/producto\/concerts-by-the-sea\/#breadcrumb","itemListElement":[{"@type":"ListItem","position":1,"name":"Inicio","item":"https:\/\/wpguerssen-test.odoo.rgbconsulting.com\/es\/"},{"@type":"ListItem","position":2,"name":"Shop","item":"https:\/\/wpguerssen-test.odoo.rgbconsulting.com\/shop\/"},{"@type":"ListItem","position":3,"name":"Concerts By The sea"}]},{"@type":"WebSite","@id":"https:\/\/wpguerssen-test.odoo.rgbconsulting.com\/es\/#website","url":"https:\/\/wpguerssen-test.odoo.rgbconsulting.com\/es\/","name":"Guerssen records","description":"psychedelia - progressive - folk - garage ","publisher":{"@id":"https:\/\/wpguerssen-test.odoo.rgbconsulting.com\/es\/#organization"},"potentialAction":[{"@type":"SearchAction","target":{"@type":"EntryPoint","urlTemplate":"https:\/\/wpguerssen-test.odoo.rgbconsulting.com\/es\/?s={search_term_string}"},"query-input":{"@type":"PropertyValueSpecification","valueRequired":true,"valueName":"search_term_string"}}],"inLanguage":"es"},{"@type":"Organization","@id":"https:\/\/wpguerssen-test.odoo.rgbconsulting.com\/es\/#organization","name":"Guerssen records","url":"https:\/\/wpguerssen-test.odoo.rgbconsulting.com\/es\/","logo":{"@type":"ImageObject","inLanguage":"es","@id":"https:\/\/wpguerssen-test.odoo.rgbconsulting.com\/es\/#\/schema\/logo\/image\/","url":"https:\/\/wpguerssen-test.odoo.rgbconsulting.com\/wp-content\/uploads\/2022\/04\/Logo_Guerssen_trans_100.png","contentUrl":"https:\/\/wpguerssen-test.odoo.rgbconsulting.com\/wp-content\/uploads\/2022\/04\/Logo_Guerssen_trans_100.png","width":122,"height":100,"caption":"Guerssen records"},"image":{"@id":"https:\/\/wpguerssen-test.odoo.rgbconsulting.com\/es\/#\/schema\/logo\/image\/"}}]}},"_links":{"self":[{"href":"https:\/\/wpguerssen-test.odoo.rgbconsulting.com\/es\/wp-json\/wp\/v2\/product\/239665","targetHints":{"allow":["GET"]}}],"collection":[{"href":"https:\/\/wpguerssen-test.odoo.rgbconsulting.com\/es\/wp-json\/wp\/v2\/product"}],"about":[{"href":"https:\/\/wpguerssen-test.odoo.rgbconsulting.com\/es\/wp-json\/wp\/v2\/types\/product"}],"wp:featuredmedia":[{"embeddable":true,"href":"https:\/\/wpguerssen-test.odoo.rgbconsulting.com\/es\/wp-json\/wp\/v2\/media\/239924"}],"wp:attachment":[{"href":"https:\/\/wpguerssen-test.odoo.rgbconsulting.com\/es\/wp-json\/wp\/v2\/media?parent=239665"}],"wp:term":[{"taxonomy":"product_brand","embeddable":true,"href":"https:\/\/wpguerssen-test.odoo.rgbconsulting.com\/es\/wp-json\/wp\/v2\/product_brand?post=239665"},{"taxonomy":"product_cat","embeddable":true,"href":"https:\/\/wpguerssen-test.odoo.rgbconsulting.com\/es\/wp-json\/wp\/v2\/product_cat?post=239665"},{"taxonomy":"product_tag","embeddable":true,"href":"https:\/\/wpguerssen-test.odoo.rgbconsulting.com\/es\/wp-json\/wp\/v2\/product_tag?post=239665"}],"curies":[{"name":"wp","href":"https:\/\/api.w.org\/{rel}","templated":true}]}}