{"id":239666,"date":"2023-08-21T00:00:00","date_gmt":"2023-08-20T22:00:00","guid":{"rendered":"https:\/\/wpguerssen-test.odoo.rgbconsulting.com\/product\/just-us\/"},"modified":"2024-02-22T14:17:01","modified_gmt":"2024-02-22T13:17:01","slug":"just-us","status":"publish","type":"product","link":"https:\/\/wpguerssen-test.odoo.rgbconsulting.com\/es\/producto\/just-us\/","title":{"rendered":"Just Us"},"content":{"rendered":"<p>Por lo general, los \u00e1lbumes de prensajes privados de grupos de m\u00fasicos desconocidos no regresan a la circulaci\u00f3n: se pierden debido a su inaccesibilidad para el consumo p\u00fablico y las limpiezas rutinarias de los hogares. Poco se sabe sobre Four-Um, el grupo que lanz\u00f3 el \u00e1lbum de versiones Just Us en 1972, aparte de su asociaci\u00f3n con Buffalo, Nueva York y su propio sello de corta duraci\u00f3n, Libra 7 Records. Just Us, sin embargo, se ha aferrado a los estantes de los coleccionistas de discos debido a la creatividad de sus interpretaciones llenas de jazz y soul de pistas cl\u00e1sicas, y su fuerte seguimiento de culto.<br \/>Prep\u00e1rate para sorprenderte con la forma de estos cl\u00e1sicos reinventados. &#8216;Day Dreaming&#8217; de Aretha Franklin con sus exuberantes arreglos vocales hace eco a trav\u00e9s de salas de reverberaci\u00f3n y suena vivamente psicod\u00e9lico. La \u00abScarborough Fair\u00bb de Simon &#038; Garfunkel se extiende durante siete minutos con c\u00e1lidos solos de \u00f3rgano. Otros aspectos destacados incluyen versiones de More Today Than Yesterday de The Spiral Staircase y What The World Needs Now de Burt Bacharach. P-VINE se complace en reeditar Just Us en vinilo de edici\u00f3n limitada por primera vez con una tira obi adjunta.<\/p>\n","protected":false},"excerpt":{"rendered":"<p>Por lo general, los \u00e1lbumes de prensajes privados de grupos de m\u00fasicos desconocidos no regresan a la circulaci\u00f3n: se pierden debido a su inaccesibilidad para el<a class=\"read\" href=\"https:\/\/wpguerssen-test.odoo.rgbconsulting.com\/es\/producto\/just-us\/\"> (...)<\/a>","protected":false},"featured_media":239926,"template":"","meta":{"_acf_changed":false},"product_brand":[],"product_cat":[23227],"product_tag":[],"class_list":{"0":"post-239666","1":"product","2":"type-product","3":"status-publish","4":"has-post-thumbnail","6":"product_cat-jazz-es","7":"pa_artist-four-um","8":"pa_format-lp-es","9":"pa_gender-jazz","10":"pa_label-p-vine","11":"pa_location-north-america-es","12":"pa_other-filters-vinyl-only-es","14":"first","15":"instock","16":"taxable","17":"shipping-taxable","18":"purchasable","19":"product-type-simple"},"acf":[],"yoast_head":"<!-- This site is optimized with the Yoast SEO plugin v24.9 - https:\/\/yoast.com\/wordpress\/plugins\/seo\/ -->\n<title>FOUR-UM - Just Us -  (LP) | Guerssen<\/title>\n<meta name=\"description\" content=\"Ordinarily, private press albums by groups of unknown musicians don&#039;t make their way back into circulation - they are lost due to their inaccessibility for public consumption and routine home clearouts. Little is known about Four-Um, the group who released the covers album Just Us in 1972, other than their association with Buffalo, New York and their own short-lived label Libra 7 Records. Just Us, however, has clung onto record collector shelves owing to the creativity of its jazz and soul-packed interpretations of classic tracks, and its strong cult-following.Be prepared to be surprised by the shape of these reimagined classics. Aretha Franklin&#039;s &#039;Day Dreaming&#039; with its lush vocal arrangements echoes through halls of reverb, and sounds spritely psychedelic. Simon &amp; Garfunkel&#039;s &#039;Scarborough Fair&#039; is stretched over seven minutes with warm break-out organ solos. Other highlights include covers of The Spiral Staircase&#039;s More Today Than Yesterday&#039; and Burt Bacharach&#039;s &#039;What The World Needs Now&#039;. P-VINE is delighted to reissue Just Us on limited edition vinyl for the first time ever with an obi strip attached.\" \/>\n<meta name=\"robots\" content=\"index, follow, max-snippet:-1, max-image-preview:large, max-video-preview:-1\" \/>\n<link rel=\"canonical\" href=\"https:\/\/wpguerssen-test.odoo.rgbconsulting.com\/es\/producto\/just-us\/\" \/>\n<meta property=\"og:locale\" content=\"es_ES\" \/>\n<meta property=\"og:type\" content=\"article\" \/>\n<meta property=\"og:title\" content=\"FOUR-UM - Just Us -  (LP) | Guerssen\" \/>\n<meta property=\"og:description\" content=\"Ordinarily, private press albums by groups of unknown musicians don&#039;t make their way back into circulation - they are lost due to their inaccessibility for public consumption and routine home clearouts. Little is known about Four-Um, the group who released the covers album Just Us in 1972, other than their association with Buffalo, New York and their own short-lived label Libra 7 Records. Just Us, however, has clung onto record collector shelves owing to the creativity of its jazz and soul-packed interpretations of classic tracks, and its strong cult-following.Be prepared to be surprised by the shape of these reimagined classics. Aretha Franklin&#039;s &#039;Day Dreaming&#039; with its lush vocal arrangements echoes through halls of reverb, and sounds spritely psychedelic. Simon &amp; Garfunkel&#039;s &#039;Scarborough Fair&#039; is stretched over seven minutes with warm break-out organ solos. Other highlights include covers of The Spiral Staircase&#039;s More Today Than Yesterday&#039; and Burt Bacharach&#039;s &#039;What The World Needs Now&#039;. P-VINE is delighted to reissue Just Us on limited edition vinyl for the first time ever with an obi strip attached.\" \/>\n<meta property=\"og:url\" content=\"https:\/\/wpguerssen-test.odoo.rgbconsulting.com\/es\/producto\/just-us\/\" \/>\n<meta property=\"og:site_name\" content=\"Guerssen records\" \/>\n<meta property=\"article:modified_time\" content=\"2024-02-22T13:17:01+00:00\" \/>\n<meta property=\"og:image\" content=\"https:\/\/wpguerssen-test.odoo.rgbconsulting.com\/wp-content\/uploads\/2023\/08\/45225-scaled.jpg\" \/>\n\t<meta property=\"og:image:width\" content=\"2560\" \/>\n\t<meta property=\"og:image:height\" content=\"2551\" \/>\n\t<meta property=\"og:image:type\" content=\"image\/jpeg\" \/>\n<meta name=\"twitter:card\" content=\"summary_large_image\" \/>\n<meta name=\"twitter:title\" content=\"FOUR-UM - Just Us -  (LP) | Guerssen\" \/>\n<meta name=\"twitter:label1\" content=\"Tiempo de lectura\" \/>\n\t<meta name=\"twitter:data1\" content=\"1 minuto\" \/>\n<script type=\"application\/ld+json\" class=\"yoast-schema-graph\">{\"@context\":\"https:\/\/schema.org\",\"@graph\":[{\"@type\":\"WebPage\",\"@id\":\"https:\/\/wpguerssen-test.odoo.rgbconsulting.com\/es\/producto\/just-us\/\",\"url\":\"https:\/\/wpguerssen-test.odoo.rgbconsulting.com\/es\/producto\/just-us\/\",\"name\":\"FOUR-UM - Just Us - (LP) | Guerssen\",\"isPartOf\":{\"@id\":\"https:\/\/wpguerssen-test.odoo.rgbconsulting.com\/es\/#website\"},\"primaryImageOfPage\":{\"@id\":\"https:\/\/wpguerssen-test.odoo.rgbconsulting.com\/es\/producto\/just-us\/#primaryimage\"},\"image\":{\"@id\":\"https:\/\/wpguerssen-test.odoo.rgbconsulting.com\/es\/producto\/just-us\/#primaryimage\"},\"thumbnailUrl\":\"https:\/\/wpguerssen-test.odoo.rgbconsulting.com\/wp-content\/uploads\/2023\/08\/45225-scaled.jpg\",\"datePublished\":\"2023-08-20T22:00:00+00:00\",\"dateModified\":\"2024-02-22T13:17:01+00:00\",\"description\":\"Ordinarily, private press albums by groups of unknown musicians don't make their way back into circulation - they are lost due to their inaccessibility for public consumption and routine home clearouts. Little is known about Four-Um, the group who released the covers album Just Us in 1972, other than their association with Buffalo, New York and their own short-lived label Libra 7 Records. Just Us, however, has clung onto record collector shelves owing to the creativity of its jazz and soul-packed interpretations of classic tracks, and its strong cult-following.Be prepared to be surprised by the shape of these reimagined classics. Aretha Franklin's 'Day Dreaming' with its lush vocal arrangements echoes through halls of reverb, and sounds spritely psychedelic. Simon & Garfunkel's 'Scarborough Fair' is stretched over seven minutes with warm break-out organ solos. Other highlights include covers of The Spiral Staircase's More Today Than Yesterday' and Burt Bacharach's 'What The World Needs Now'. P-VINE is delighted to reissue Just Us on limited edition vinyl for the first time ever with an obi strip attached.\",\"breadcrumb\":{\"@id\":\"https:\/\/wpguerssen-test.odoo.rgbconsulting.com\/es\/producto\/just-us\/#breadcrumb\"},\"inLanguage\":\"es\",\"potentialAction\":[{\"@type\":\"ReadAction\",\"target\":[\"https:\/\/wpguerssen-test.odoo.rgbconsulting.com\/es\/producto\/just-us\/\"]}]},{\"@type\":\"ImageObject\",\"inLanguage\":\"es\",\"@id\":\"https:\/\/wpguerssen-test.odoo.rgbconsulting.com\/es\/producto\/just-us\/#primaryimage\",\"url\":\"https:\/\/wpguerssen-test.odoo.rgbconsulting.com\/wp-content\/uploads\/2023\/08\/45225-scaled.jpg\",\"contentUrl\":\"https:\/\/wpguerssen-test.odoo.rgbconsulting.com\/wp-content\/uploads\/2023\/08\/45225-scaled.jpg\",\"width\":2560,\"height\":2551},{\"@type\":\"BreadcrumbList\",\"@id\":\"https:\/\/wpguerssen-test.odoo.rgbconsulting.com\/es\/producto\/just-us\/#breadcrumb\",\"itemListElement\":[{\"@type\":\"ListItem\",\"position\":1,\"name\":\"Inicio\",\"item\":\"https:\/\/wpguerssen-test.odoo.rgbconsulting.com\/es\/\"},{\"@type\":\"ListItem\",\"position\":2,\"name\":\"Shop\",\"item\":\"https:\/\/wpguerssen-test.odoo.rgbconsulting.com\/shop\/\"},{\"@type\":\"ListItem\",\"position\":3,\"name\":\"Just Us\"}]},{\"@type\":\"WebSite\",\"@id\":\"https:\/\/wpguerssen-test.odoo.rgbconsulting.com\/es\/#website\",\"url\":\"https:\/\/wpguerssen-test.odoo.rgbconsulting.com\/es\/\",\"name\":\"Guerssen records\",\"description\":\"psychedelia - progressive - folk - garage \",\"publisher\":{\"@id\":\"https:\/\/wpguerssen-test.odoo.rgbconsulting.com\/es\/#organization\"},\"potentialAction\":[{\"@type\":\"SearchAction\",\"target\":{\"@type\":\"EntryPoint\",\"urlTemplate\":\"https:\/\/wpguerssen-test.odoo.rgbconsulting.com\/es\/?s={search_term_string}\"},\"query-input\":{\"@type\":\"PropertyValueSpecification\",\"valueRequired\":true,\"valueName\":\"search_term_string\"}}],\"inLanguage\":\"es\"},{\"@type\":\"Organization\",\"@id\":\"https:\/\/wpguerssen-test.odoo.rgbconsulting.com\/es\/#organization\",\"name\":\"Guerssen records\",\"url\":\"https:\/\/wpguerssen-test.odoo.rgbconsulting.com\/es\/\",\"logo\":{\"@type\":\"ImageObject\",\"inLanguage\":\"es\",\"@id\":\"https:\/\/wpguerssen-test.odoo.rgbconsulting.com\/es\/#\/schema\/logo\/image\/\",\"url\":\"https:\/\/wpguerssen-test.odoo.rgbconsulting.com\/wp-content\/uploads\/2022\/04\/Logo_Guerssen_trans_100.png\",\"contentUrl\":\"https:\/\/wpguerssen-test.odoo.rgbconsulting.com\/wp-content\/uploads\/2022\/04\/Logo_Guerssen_trans_100.png\",\"width\":122,\"height\":100,\"caption\":\"Guerssen records\"},\"image\":{\"@id\":\"https:\/\/wpguerssen-test.odoo.rgbconsulting.com\/es\/#\/schema\/logo\/image\/\"}}]}<\/script>\n<!-- \/ Yoast SEO plugin. -->","yoast_head_json":{"title":"FOUR-UM - Just Us -  (LP) | Guerssen","description":"Ordinarily, private press albums by groups of unknown musicians don't make their way back into circulation - they are lost due to their inaccessibility for public consumption and routine home clearouts. Little is known about Four-Um, the group who released the covers album Just Us in 1972, other than their association with Buffalo, New York and their own short-lived label Libra 7 Records. Just Us, however, has clung onto record collector shelves owing to the creativity of its jazz and soul-packed interpretations of classic tracks, and its strong cult-following.Be prepared to be surprised by the shape of these reimagined classics. Aretha Franklin's 'Day Dreaming' with its lush vocal arrangements echoes through halls of reverb, and sounds spritely psychedelic. Simon & Garfunkel's 'Scarborough Fair' is stretched over seven minutes with warm break-out organ solos. Other highlights include covers of The Spiral Staircase's More Today Than Yesterday' and Burt Bacharach's 'What The World Needs Now'. P-VINE is delighted to reissue Just Us on limited edition vinyl for the first time ever with an obi strip attached.","robots":{"index":"index","follow":"follow","max-snippet":"max-snippet:-1","max-image-preview":"max-image-preview:large","max-video-preview":"max-video-preview:-1"},"canonical":"https:\/\/wpguerssen-test.odoo.rgbconsulting.com\/es\/producto\/just-us\/","og_locale":"es_ES","og_type":"article","og_title":"FOUR-UM - Just Us -  (LP) | Guerssen","og_description":"Ordinarily, private press albums by groups of unknown musicians don't make their way back into circulation - they are lost due to their inaccessibility for public consumption and routine home clearouts. Little is known about Four-Um, the group who released the covers album Just Us in 1972, other than their association with Buffalo, New York and their own short-lived label Libra 7 Records. Just Us, however, has clung onto record collector shelves owing to the creativity of its jazz and soul-packed interpretations of classic tracks, and its strong cult-following.Be prepared to be surprised by the shape of these reimagined classics. Aretha Franklin's 'Day Dreaming' with its lush vocal arrangements echoes through halls of reverb, and sounds spritely psychedelic. Simon & Garfunkel's 'Scarborough Fair' is stretched over seven minutes with warm break-out organ solos. Other highlights include covers of The Spiral Staircase's More Today Than Yesterday' and Burt Bacharach's 'What The World Needs Now'. P-VINE is delighted to reissue Just Us on limited edition vinyl for the first time ever with an obi strip attached.","og_url":"https:\/\/wpguerssen-test.odoo.rgbconsulting.com\/es\/producto\/just-us\/","og_site_name":"Guerssen records","article_modified_time":"2024-02-22T13:17:01+00:00","og_image":[{"width":2560,"height":2551,"url":"https:\/\/wpguerssen-test.odoo.rgbconsulting.com\/wp-content\/uploads\/2023\/08\/45225-scaled.jpg","type":"image\/jpeg"}],"twitter_card":"summary_large_image","twitter_title":"FOUR-UM - Just Us -  (LP) | Guerssen","twitter_misc":{"Tiempo de lectura":"1 minuto"},"schema":{"@context":"https:\/\/schema.org","@graph":[{"@type":"WebPage","@id":"https:\/\/wpguerssen-test.odoo.rgbconsulting.com\/es\/producto\/just-us\/","url":"https:\/\/wpguerssen-test.odoo.rgbconsulting.com\/es\/producto\/just-us\/","name":"FOUR-UM - Just Us - (LP) | Guerssen","isPartOf":{"@id":"https:\/\/wpguerssen-test.odoo.rgbconsulting.com\/es\/#website"},"primaryImageOfPage":{"@id":"https:\/\/wpguerssen-test.odoo.rgbconsulting.com\/es\/producto\/just-us\/#primaryimage"},"image":{"@id":"https:\/\/wpguerssen-test.odoo.rgbconsulting.com\/es\/producto\/just-us\/#primaryimage"},"thumbnailUrl":"https:\/\/wpguerssen-test.odoo.rgbconsulting.com\/wp-content\/uploads\/2023\/08\/45225-scaled.jpg","datePublished":"2023-08-20T22:00:00+00:00","dateModified":"2024-02-22T13:17:01+00:00","description":"Ordinarily, private press albums by groups of unknown musicians don't make their way back into circulation - they are lost due to their inaccessibility for public consumption and routine home clearouts. Little is known about Four-Um, the group who released the covers album Just Us in 1972, other than their association with Buffalo, New York and their own short-lived label Libra 7 Records. Just Us, however, has clung onto record collector shelves owing to the creativity of its jazz and soul-packed interpretations of classic tracks, and its strong cult-following.Be prepared to be surprised by the shape of these reimagined classics. Aretha Franklin's 'Day Dreaming' with its lush vocal arrangements echoes through halls of reverb, and sounds spritely psychedelic. Simon & Garfunkel's 'Scarborough Fair' is stretched over seven minutes with warm break-out organ solos. Other highlights include covers of The Spiral Staircase's More Today Than Yesterday' and Burt Bacharach's 'What The World Needs Now'. P-VINE is delighted to reissue Just Us on limited edition vinyl for the first time ever with an obi strip attached.","breadcrumb":{"@id":"https:\/\/wpguerssen-test.odoo.rgbconsulting.com\/es\/producto\/just-us\/#breadcrumb"},"inLanguage":"es","potentialAction":[{"@type":"ReadAction","target":["https:\/\/wpguerssen-test.odoo.rgbconsulting.com\/es\/producto\/just-us\/"]}]},{"@type":"ImageObject","inLanguage":"es","@id":"https:\/\/wpguerssen-test.odoo.rgbconsulting.com\/es\/producto\/just-us\/#primaryimage","url":"https:\/\/wpguerssen-test.odoo.rgbconsulting.com\/wp-content\/uploads\/2023\/08\/45225-scaled.jpg","contentUrl":"https:\/\/wpguerssen-test.odoo.rgbconsulting.com\/wp-content\/uploads\/2023\/08\/45225-scaled.jpg","width":2560,"height":2551},{"@type":"BreadcrumbList","@id":"https:\/\/wpguerssen-test.odoo.rgbconsulting.com\/es\/producto\/just-us\/#breadcrumb","itemListElement":[{"@type":"ListItem","position":1,"name":"Inicio","item":"https:\/\/wpguerssen-test.odoo.rgbconsulting.com\/es\/"},{"@type":"ListItem","position":2,"name":"Shop","item":"https:\/\/wpguerssen-test.odoo.rgbconsulting.com\/shop\/"},{"@type":"ListItem","position":3,"name":"Just Us"}]},{"@type":"WebSite","@id":"https:\/\/wpguerssen-test.odoo.rgbconsulting.com\/es\/#website","url":"https:\/\/wpguerssen-test.odoo.rgbconsulting.com\/es\/","name":"Guerssen records","description":"psychedelia - progressive - folk - garage ","publisher":{"@id":"https:\/\/wpguerssen-test.odoo.rgbconsulting.com\/es\/#organization"},"potentialAction":[{"@type":"SearchAction","target":{"@type":"EntryPoint","urlTemplate":"https:\/\/wpguerssen-test.odoo.rgbconsulting.com\/es\/?s={search_term_string}"},"query-input":{"@type":"PropertyValueSpecification","valueRequired":true,"valueName":"search_term_string"}}],"inLanguage":"es"},{"@type":"Organization","@id":"https:\/\/wpguerssen-test.odoo.rgbconsulting.com\/es\/#organization","name":"Guerssen records","url":"https:\/\/wpguerssen-test.odoo.rgbconsulting.com\/es\/","logo":{"@type":"ImageObject","inLanguage":"es","@id":"https:\/\/wpguerssen-test.odoo.rgbconsulting.com\/es\/#\/schema\/logo\/image\/","url":"https:\/\/wpguerssen-test.odoo.rgbconsulting.com\/wp-content\/uploads\/2022\/04\/Logo_Guerssen_trans_100.png","contentUrl":"https:\/\/wpguerssen-test.odoo.rgbconsulting.com\/wp-content\/uploads\/2022\/04\/Logo_Guerssen_trans_100.png","width":122,"height":100,"caption":"Guerssen records"},"image":{"@id":"https:\/\/wpguerssen-test.odoo.rgbconsulting.com\/es\/#\/schema\/logo\/image\/"}}]}},"_links":{"self":[{"href":"https:\/\/wpguerssen-test.odoo.rgbconsulting.com\/es\/wp-json\/wp\/v2\/product\/239666","targetHints":{"allow":["GET"]}}],"collection":[{"href":"https:\/\/wpguerssen-test.odoo.rgbconsulting.com\/es\/wp-json\/wp\/v2\/product"}],"about":[{"href":"https:\/\/wpguerssen-test.odoo.rgbconsulting.com\/es\/wp-json\/wp\/v2\/types\/product"}],"wp:featuredmedia":[{"embeddable":true,"href":"https:\/\/wpguerssen-test.odoo.rgbconsulting.com\/es\/wp-json\/wp\/v2\/media\/239926"}],"wp:attachment":[{"href":"https:\/\/wpguerssen-test.odoo.rgbconsulting.com\/es\/wp-json\/wp\/v2\/media?parent=239666"}],"wp:term":[{"taxonomy":"product_brand","embeddable":true,"href":"https:\/\/wpguerssen-test.odoo.rgbconsulting.com\/es\/wp-json\/wp\/v2\/product_brand?post=239666"},{"taxonomy":"product_cat","embeddable":true,"href":"https:\/\/wpguerssen-test.odoo.rgbconsulting.com\/es\/wp-json\/wp\/v2\/product_cat?post=239666"},{"taxonomy":"product_tag","embeddable":true,"href":"https:\/\/wpguerssen-test.odoo.rgbconsulting.com\/es\/wp-json\/wp\/v2\/product_tag?post=239666"}],"curies":[{"name":"wp","href":"https:\/\/api.w.org\/{rel}","templated":true}]}}