{"id":239676,"date":"2023-08-21T00:00:00","date_gmt":"2023-08-20T22:00:00","guid":{"rendered":"https:\/\/wpguerssen-test.odoo.rgbconsulting.com\/product\/when-sonny-blows-blue\/"},"modified":"2024-02-22T14:17:54","modified_gmt":"2024-02-22T13:17:54","slug":"when-sonny-blows-blue","status":"publish","type":"product","link":"https:\/\/wpguerssen-test.odoo.rgbconsulting.com\/es\/producto\/when-sonny-blows-blue\/","title":{"rendered":"When Sonny Blows Blue"},"content":{"rendered":"<p>Groove Diggers se complace en presentar una reedici\u00f3n de When Sonny Blows Blue del legendario saxofonista Sonny Stitt por primera vez en vinilo de edici\u00f3n limitada. Lanzado originalmente en 1970, este \u00e1lbum cont\u00f3 con una formaci\u00f3n repleta de estrellas como Herbie Hancock, Grady Tate y Ron Carter respaldando a Stitt en una serie de est\u00e1ndares de jazz. Por fuerza de su elenco, &#8216;Summertime&#8217; y &#8216;Out of This World&#8217;, nunca han sonado as\u00ed. La funda dorada regresa junto con una ic\u00f3nica tira obi japonesa.<\/p>\n","protected":false},"excerpt":{"rendered":"<p>Groove Diggers se complace en presentar una reedici\u00f3n de When Sonny Blows Blue del legendario saxofonista Sonny Stitt por primera vez en vinilo de edici\u00f3n limitada.<a class=\"read\" href=\"https:\/\/wpguerssen-test.odoo.rgbconsulting.com\/es\/producto\/when-sonny-blows-blue\/\"> (...)<\/a>","protected":false},"featured_media":239932,"template":"","meta":{"_acf_changed":false},"product_brand":[],"product_cat":[23227],"product_tag":[],"class_list":{"0":"post-239676","1":"product","2":"type-product","3":"status-publish","4":"has-post-thumbnail","6":"product_cat-jazz-es","7":"pa_artist-stitt-sonny","8":"pa_format-lp-es","9":"pa_gender-jazz","10":"pa_label-p-vine","11":"pa_location-north-america-es","12":"pa_other-filters-vinyl-only-es","14":"first","15":"instock","16":"taxable","17":"shipping-taxable","18":"purchasable","19":"product-type-simple"},"acf":[],"yoast_head":"<!-- This site is optimized with the Yoast SEO plugin v24.9 - https:\/\/yoast.com\/wordpress\/plugins\/seo\/ -->\n<title>STITT, Sonny - When Sonny Blows Blue -  (LP) | Guerssen<\/title>\n<meta name=\"description\" content=\"Groove Diggers is delighted to present a reissue of When Sonny Blows Blue by the legendary saxophonist Sonny Stitt for the first time on limited edition vinyl. Originally released in 1970, this album featured a star-studded line-up with the likes of Herbie Hancock, Grady Tate and Ron Carter backing Stitt across a number of jazz standards. By force of its cast, &#039;Summertime&#039; and &#039;Out of This World&#039;, have never sounded quite like this. The gold sleeve returns along with an iconic Japanese obi strip.\" \/>\n<meta name=\"robots\" content=\"index, follow, max-snippet:-1, max-image-preview:large, max-video-preview:-1\" \/>\n<link rel=\"canonical\" href=\"https:\/\/wpguerssen-test.odoo.rgbconsulting.com\/es\/producto\/when-sonny-blows-blue\/\" \/>\n<meta property=\"og:locale\" content=\"es_ES\" \/>\n<meta property=\"og:type\" content=\"article\" \/>\n<meta property=\"og:title\" content=\"STITT, Sonny - When Sonny Blows Blue -  (LP) | Guerssen\" \/>\n<meta property=\"og:description\" content=\"Groove Diggers is delighted to present a reissue of When Sonny Blows Blue by the legendary saxophonist Sonny Stitt for the first time on limited edition vinyl. Originally released in 1970, this album featured a star-studded line-up with the likes of Herbie Hancock, Grady Tate and Ron Carter backing Stitt across a number of jazz standards. By force of its cast, &#039;Summertime&#039; and &#039;Out of This World&#039;, have never sounded quite like this. The gold sleeve returns along with an iconic Japanese obi strip.\" \/>\n<meta property=\"og:url\" content=\"https:\/\/wpguerssen-test.odoo.rgbconsulting.com\/es\/producto\/when-sonny-blows-blue\/\" \/>\n<meta property=\"og:site_name\" content=\"Guerssen records\" \/>\n<meta property=\"article:modified_time\" content=\"2024-02-22T13:17:54+00:00\" \/>\n<meta property=\"og:image\" content=\"https:\/\/wpguerssen-test.odoo.rgbconsulting.com\/wp-content\/uploads\/2023\/08\/45235-scaled.jpg\" \/>\n\t<meta property=\"og:image:width\" content=\"2560\" \/>\n\t<meta property=\"og:image:height\" content=\"2560\" \/>\n\t<meta property=\"og:image:type\" content=\"image\/jpeg\" \/>\n<meta name=\"twitter:card\" content=\"summary_large_image\" \/>\n<meta name=\"twitter:title\" content=\"STITT, Sonny - When Sonny Blows Blue -  (LP) | Guerssen\" \/>\n<script type=\"application\/ld+json\" class=\"yoast-schema-graph\">{\"@context\":\"https:\/\/schema.org\",\"@graph\":[{\"@type\":\"WebPage\",\"@id\":\"https:\/\/wpguerssen-test.odoo.rgbconsulting.com\/es\/producto\/when-sonny-blows-blue\/\",\"url\":\"https:\/\/wpguerssen-test.odoo.rgbconsulting.com\/es\/producto\/when-sonny-blows-blue\/\",\"name\":\"STITT, Sonny - When Sonny Blows Blue - (LP) | Guerssen\",\"isPartOf\":{\"@id\":\"https:\/\/wpguerssen-test.odoo.rgbconsulting.com\/es\/#website\"},\"primaryImageOfPage\":{\"@id\":\"https:\/\/wpguerssen-test.odoo.rgbconsulting.com\/es\/producto\/when-sonny-blows-blue\/#primaryimage\"},\"image\":{\"@id\":\"https:\/\/wpguerssen-test.odoo.rgbconsulting.com\/es\/producto\/when-sonny-blows-blue\/#primaryimage\"},\"thumbnailUrl\":\"https:\/\/wpguerssen-test.odoo.rgbconsulting.com\/wp-content\/uploads\/2023\/08\/45235-scaled.jpg\",\"datePublished\":\"2023-08-20T22:00:00+00:00\",\"dateModified\":\"2024-02-22T13:17:54+00:00\",\"description\":\"Groove Diggers is delighted to present a reissue of When Sonny Blows Blue by the legendary saxophonist Sonny Stitt for the first time on limited edition vinyl. Originally released in 1970, this album featured a star-studded line-up with the likes of Herbie Hancock, Grady Tate and Ron Carter backing Stitt across a number of jazz standards. By force of its cast, 'Summertime' and 'Out of This World', have never sounded quite like this. The gold sleeve returns along with an iconic Japanese obi strip.\",\"breadcrumb\":{\"@id\":\"https:\/\/wpguerssen-test.odoo.rgbconsulting.com\/es\/producto\/when-sonny-blows-blue\/#breadcrumb\"},\"inLanguage\":\"es\",\"potentialAction\":[{\"@type\":\"ReadAction\",\"target\":[\"https:\/\/wpguerssen-test.odoo.rgbconsulting.com\/es\/producto\/when-sonny-blows-blue\/\"]}]},{\"@type\":\"ImageObject\",\"inLanguage\":\"es\",\"@id\":\"https:\/\/wpguerssen-test.odoo.rgbconsulting.com\/es\/producto\/when-sonny-blows-blue\/#primaryimage\",\"url\":\"https:\/\/wpguerssen-test.odoo.rgbconsulting.com\/wp-content\/uploads\/2023\/08\/45235-scaled.jpg\",\"contentUrl\":\"https:\/\/wpguerssen-test.odoo.rgbconsulting.com\/wp-content\/uploads\/2023\/08\/45235-scaled.jpg\",\"width\":2560,\"height\":2560,\"caption\":\"Sonny - When Sonny Blows Blue - P-VINE (LP) | Guerssen\"},{\"@type\":\"BreadcrumbList\",\"@id\":\"https:\/\/wpguerssen-test.odoo.rgbconsulting.com\/es\/producto\/when-sonny-blows-blue\/#breadcrumb\",\"itemListElement\":[{\"@type\":\"ListItem\",\"position\":1,\"name\":\"Inicio\",\"item\":\"https:\/\/wpguerssen-test.odoo.rgbconsulting.com\/es\/\"},{\"@type\":\"ListItem\",\"position\":2,\"name\":\"Shop\",\"item\":\"https:\/\/wpguerssen-test.odoo.rgbconsulting.com\/shop\/\"},{\"@type\":\"ListItem\",\"position\":3,\"name\":\"When Sonny Blows Blue\"}]},{\"@type\":\"WebSite\",\"@id\":\"https:\/\/wpguerssen-test.odoo.rgbconsulting.com\/es\/#website\",\"url\":\"https:\/\/wpguerssen-test.odoo.rgbconsulting.com\/es\/\",\"name\":\"Guerssen records\",\"description\":\"psychedelia - progressive - folk - garage \",\"publisher\":{\"@id\":\"https:\/\/wpguerssen-test.odoo.rgbconsulting.com\/es\/#organization\"},\"potentialAction\":[{\"@type\":\"SearchAction\",\"target\":{\"@type\":\"EntryPoint\",\"urlTemplate\":\"https:\/\/wpguerssen-test.odoo.rgbconsulting.com\/es\/?s={search_term_string}\"},\"query-input\":{\"@type\":\"PropertyValueSpecification\",\"valueRequired\":true,\"valueName\":\"search_term_string\"}}],\"inLanguage\":\"es\"},{\"@type\":\"Organization\",\"@id\":\"https:\/\/wpguerssen-test.odoo.rgbconsulting.com\/es\/#organization\",\"name\":\"Guerssen records\",\"url\":\"https:\/\/wpguerssen-test.odoo.rgbconsulting.com\/es\/\",\"logo\":{\"@type\":\"ImageObject\",\"inLanguage\":\"es\",\"@id\":\"https:\/\/wpguerssen-test.odoo.rgbconsulting.com\/es\/#\/schema\/logo\/image\/\",\"url\":\"https:\/\/wpguerssen-test.odoo.rgbconsulting.com\/wp-content\/uploads\/2022\/04\/Logo_Guerssen_trans_100.png\",\"contentUrl\":\"https:\/\/wpguerssen-test.odoo.rgbconsulting.com\/wp-content\/uploads\/2022\/04\/Logo_Guerssen_trans_100.png\",\"width\":122,\"height\":100,\"caption\":\"Guerssen records\"},\"image\":{\"@id\":\"https:\/\/wpguerssen-test.odoo.rgbconsulting.com\/es\/#\/schema\/logo\/image\/\"}}]}<\/script>\n<!-- \/ Yoast SEO plugin. -->","yoast_head_json":{"title":"STITT, Sonny - When Sonny Blows Blue -  (LP) | Guerssen","description":"Groove Diggers is delighted to present a reissue of When Sonny Blows Blue by the legendary saxophonist Sonny Stitt for the first time on limited edition vinyl. Originally released in 1970, this album featured a star-studded line-up with the likes of Herbie Hancock, Grady Tate and Ron Carter backing Stitt across a number of jazz standards. By force of its cast, 'Summertime' and 'Out of This World', have never sounded quite like this. The gold sleeve returns along with an iconic Japanese obi strip.","robots":{"index":"index","follow":"follow","max-snippet":"max-snippet:-1","max-image-preview":"max-image-preview:large","max-video-preview":"max-video-preview:-1"},"canonical":"https:\/\/wpguerssen-test.odoo.rgbconsulting.com\/es\/producto\/when-sonny-blows-blue\/","og_locale":"es_ES","og_type":"article","og_title":"STITT, Sonny - When Sonny Blows Blue -  (LP) | Guerssen","og_description":"Groove Diggers is delighted to present a reissue of When Sonny Blows Blue by the legendary saxophonist Sonny Stitt for the first time on limited edition vinyl. Originally released in 1970, this album featured a star-studded line-up with the likes of Herbie Hancock, Grady Tate and Ron Carter backing Stitt across a number of jazz standards. By force of its cast, 'Summertime' and 'Out of This World', have never sounded quite like this. The gold sleeve returns along with an iconic Japanese obi strip.","og_url":"https:\/\/wpguerssen-test.odoo.rgbconsulting.com\/es\/producto\/when-sonny-blows-blue\/","og_site_name":"Guerssen records","article_modified_time":"2024-02-22T13:17:54+00:00","og_image":[{"width":2560,"height":2560,"url":"https:\/\/wpguerssen-test.odoo.rgbconsulting.com\/wp-content\/uploads\/2023\/08\/45235-scaled.jpg","type":"image\/jpeg"}],"twitter_card":"summary_large_image","twitter_title":"STITT, Sonny - When Sonny Blows Blue -  (LP) | Guerssen","schema":{"@context":"https:\/\/schema.org","@graph":[{"@type":"WebPage","@id":"https:\/\/wpguerssen-test.odoo.rgbconsulting.com\/es\/producto\/when-sonny-blows-blue\/","url":"https:\/\/wpguerssen-test.odoo.rgbconsulting.com\/es\/producto\/when-sonny-blows-blue\/","name":"STITT, Sonny - When Sonny Blows Blue - (LP) | Guerssen","isPartOf":{"@id":"https:\/\/wpguerssen-test.odoo.rgbconsulting.com\/es\/#website"},"primaryImageOfPage":{"@id":"https:\/\/wpguerssen-test.odoo.rgbconsulting.com\/es\/producto\/when-sonny-blows-blue\/#primaryimage"},"image":{"@id":"https:\/\/wpguerssen-test.odoo.rgbconsulting.com\/es\/producto\/when-sonny-blows-blue\/#primaryimage"},"thumbnailUrl":"https:\/\/wpguerssen-test.odoo.rgbconsulting.com\/wp-content\/uploads\/2023\/08\/45235-scaled.jpg","datePublished":"2023-08-20T22:00:00+00:00","dateModified":"2024-02-22T13:17:54+00:00","description":"Groove Diggers is delighted to present a reissue of When Sonny Blows Blue by the legendary saxophonist Sonny Stitt for the first time on limited edition vinyl. Originally released in 1970, this album featured a star-studded line-up with the likes of Herbie Hancock, Grady Tate and Ron Carter backing Stitt across a number of jazz standards. By force of its cast, 'Summertime' and 'Out of This World', have never sounded quite like this. The gold sleeve returns along with an iconic Japanese obi strip.","breadcrumb":{"@id":"https:\/\/wpguerssen-test.odoo.rgbconsulting.com\/es\/producto\/when-sonny-blows-blue\/#breadcrumb"},"inLanguage":"es","potentialAction":[{"@type":"ReadAction","target":["https:\/\/wpguerssen-test.odoo.rgbconsulting.com\/es\/producto\/when-sonny-blows-blue\/"]}]},{"@type":"ImageObject","inLanguage":"es","@id":"https:\/\/wpguerssen-test.odoo.rgbconsulting.com\/es\/producto\/when-sonny-blows-blue\/#primaryimage","url":"https:\/\/wpguerssen-test.odoo.rgbconsulting.com\/wp-content\/uploads\/2023\/08\/45235-scaled.jpg","contentUrl":"https:\/\/wpguerssen-test.odoo.rgbconsulting.com\/wp-content\/uploads\/2023\/08\/45235-scaled.jpg","width":2560,"height":2560,"caption":"Sonny - When Sonny Blows Blue - P-VINE (LP) | Guerssen"},{"@type":"BreadcrumbList","@id":"https:\/\/wpguerssen-test.odoo.rgbconsulting.com\/es\/producto\/when-sonny-blows-blue\/#breadcrumb","itemListElement":[{"@type":"ListItem","position":1,"name":"Inicio","item":"https:\/\/wpguerssen-test.odoo.rgbconsulting.com\/es\/"},{"@type":"ListItem","position":2,"name":"Shop","item":"https:\/\/wpguerssen-test.odoo.rgbconsulting.com\/shop\/"},{"@type":"ListItem","position":3,"name":"When Sonny Blows Blue"}]},{"@type":"WebSite","@id":"https:\/\/wpguerssen-test.odoo.rgbconsulting.com\/es\/#website","url":"https:\/\/wpguerssen-test.odoo.rgbconsulting.com\/es\/","name":"Guerssen records","description":"psychedelia - progressive - folk - garage ","publisher":{"@id":"https:\/\/wpguerssen-test.odoo.rgbconsulting.com\/es\/#organization"},"potentialAction":[{"@type":"SearchAction","target":{"@type":"EntryPoint","urlTemplate":"https:\/\/wpguerssen-test.odoo.rgbconsulting.com\/es\/?s={search_term_string}"},"query-input":{"@type":"PropertyValueSpecification","valueRequired":true,"valueName":"search_term_string"}}],"inLanguage":"es"},{"@type":"Organization","@id":"https:\/\/wpguerssen-test.odoo.rgbconsulting.com\/es\/#organization","name":"Guerssen records","url":"https:\/\/wpguerssen-test.odoo.rgbconsulting.com\/es\/","logo":{"@type":"ImageObject","inLanguage":"es","@id":"https:\/\/wpguerssen-test.odoo.rgbconsulting.com\/es\/#\/schema\/logo\/image\/","url":"https:\/\/wpguerssen-test.odoo.rgbconsulting.com\/wp-content\/uploads\/2022\/04\/Logo_Guerssen_trans_100.png","contentUrl":"https:\/\/wpguerssen-test.odoo.rgbconsulting.com\/wp-content\/uploads\/2022\/04\/Logo_Guerssen_trans_100.png","width":122,"height":100,"caption":"Guerssen records"},"image":{"@id":"https:\/\/wpguerssen-test.odoo.rgbconsulting.com\/es\/#\/schema\/logo\/image\/"}}]}},"_links":{"self":[{"href":"https:\/\/wpguerssen-test.odoo.rgbconsulting.com\/es\/wp-json\/wp\/v2\/product\/239676","targetHints":{"allow":["GET"]}}],"collection":[{"href":"https:\/\/wpguerssen-test.odoo.rgbconsulting.com\/es\/wp-json\/wp\/v2\/product"}],"about":[{"href":"https:\/\/wpguerssen-test.odoo.rgbconsulting.com\/es\/wp-json\/wp\/v2\/types\/product"}],"wp:featuredmedia":[{"embeddable":true,"href":"https:\/\/wpguerssen-test.odoo.rgbconsulting.com\/es\/wp-json\/wp\/v2\/media\/239932"}],"wp:attachment":[{"href":"https:\/\/wpguerssen-test.odoo.rgbconsulting.com\/es\/wp-json\/wp\/v2\/media?parent=239676"}],"wp:term":[{"taxonomy":"product_brand","embeddable":true,"href":"https:\/\/wpguerssen-test.odoo.rgbconsulting.com\/es\/wp-json\/wp\/v2\/product_brand?post=239676"},{"taxonomy":"product_cat","embeddable":true,"href":"https:\/\/wpguerssen-test.odoo.rgbconsulting.com\/es\/wp-json\/wp\/v2\/product_cat?post=239676"},{"taxonomy":"product_tag","embeddable":true,"href":"https:\/\/wpguerssen-test.odoo.rgbconsulting.com\/es\/wp-json\/wp\/v2\/product_tag?post=239676"}],"curies":[{"name":"wp","href":"https:\/\/api.w.org\/{rel}","templated":true}]}}