{"id":239680,"date":"2023-08-21T00:00:00","date_gmt":"2023-08-20T22:00:00","guid":{"rendered":"https:\/\/wpguerssen-test.odoo.rgbconsulting.com\/product\/reminiscing\/"},"modified":"2024-02-22T14:18:16","modified_gmt":"2024-02-22T13:18:16","slug":"reminiscing","status":"publish","type":"product","link":"https:\/\/wpguerssen-test.odoo.rgbconsulting.com\/es\/producto\/reminiscing\/","title":{"rendered":"Reminiscing"},"content":{"rendered":"<p>Desde la d\u00e9cada de 1970, Reggie Fields (tambi\u00e9n conocido como The Real ShooBeeDoo) se hab\u00eda hecho un nombre como uno de los mejores bajistas de Detroit. Tocando en las primeras grabaciones de Tribe, as\u00ed como tambi\u00e9n como miembro de Sun Ra Arkestra, su enfoque distintivo, funky pero arm\u00f3nicamente complejo para tocar el bajo estaba causando sensaci\u00f3n en Motor City. Su primer \u00e1lbum como l\u00edder (y el primero bajo el apodo de ShooBeeDoo), Reawakening, ve su ic\u00f3nica forma de tocar el bajo en el centro del escenario, con cada pista destacando su inmenso talento. La canci\u00f3n principal, \u00abReawakening\u00bb, abre con un solo de contrabajo y, a pesar de su destreza t\u00e9cnica, est\u00e1 claro que cada nota tiene un significado; simplemente una parte del plan m\u00e1s grande. Incluso cuando est\u00e1 interpretando un papel secundario, est\u00e1 claro que el bajo de Field est\u00e1 impulsando la m\u00fasica como una fuerza de ritmo implacable. Reawakening tambi\u00e9n ve a Wendell Harrison hacer una aparici\u00f3n, sus apasionadas improvisaciones de saxof\u00f3n en el lado A del disco agregan un elemento de espiritualidad al disco que parece unir todos los discos relacionados con Tribe. \u00a1Reeditado por primera vez con una tira OBI, esta joya oculta del cat\u00e1logo de Tribe es una que no debe perderse!<\/p>\n","protected":false},"excerpt":{"rendered":"<p>Desde la d\u00e9cada de 1970, Reggie Fields (tambi\u00e9n conocido como The Real ShooBeeDoo) se hab\u00eda hecho un nombre como uno de los mejores bajistas de Detroit. Tocando<a class=\"read\" href=\"https:\/\/wpguerssen-test.odoo.rgbconsulting.com\/es\/producto\/reminiscing\/\"> (...)<\/a>","protected":false},"featured_media":239940,"template":"","meta":{"_acf_changed":false},"product_brand":[],"product_cat":[23227],"product_tag":[],"class_list":{"0":"post-239680","1":"product","2":"type-product","3":"status-publish","4":"has-post-thumbnail","6":"product_cat-jazz-es","7":"pa_artist-real-shoobeedoo-the","8":"pa_format-lp-es","9":"pa_gender-jazz","10":"pa_label-p-vine","11":"pa_location-north-america-es","12":"pa_other-filters-vinyl-only-es","14":"first","15":"instock","16":"taxable","17":"shipping-taxable","18":"purchasable","19":"product-type-simple"},"acf":[],"yoast_head":"<!-- This site is optimized with the Yoast SEO plugin v24.9 - https:\/\/yoast.com\/wordpress\/plugins\/seo\/ -->\n<title>REAL SHOOBEEDOO, The - Reminiscing -  (LP) | Guerssen<\/title>\n<meta name=\"description\" content=\"Since the 1970s, Reggie Fields (A.K.A. The Real ShooBeeDoo) had been making a name for himself as one of the finest bass players in Detroit. Playing on early Tribe recordings, as well as as a member of Sun Ra&#039;s Arkestra, his distinct, funky, yet harmonically complex approach to bass playing was making waves in the Motor City. His first album as a leader (and his first under the ShooBeeDoo moniker), Reawakening, sees his iconic bass playing take center stage, with each track highlighting his immense talent. The title track, &quot;Reawakening&quot; opens with an upright bass solo, and despite his technical prowess, it&#039;s clear that each note is meaningful; simply a part of the larger plan. Even when he&#039;s playing a supporting role, it&#039;s clear that Field&#039;s bass playing is driving the music forward like an unrelenting force of rhythm. Reawakening also sees Wendell Harrison make an appearance, his impassioned saxophone improvisations on the A-side of the record adding an element of spirituality to the record that seems to tie together all Tribe related records. Reissued for the first time ever with an OBI-strip, this hidden gem of the Tribe catalog is one you must not miss!\" \/>\n<meta name=\"robots\" content=\"index, follow, max-snippet:-1, max-image-preview:large, max-video-preview:-1\" \/>\n<link rel=\"canonical\" href=\"https:\/\/wpguerssen-test.odoo.rgbconsulting.com\/es\/producto\/reminiscing\/\" \/>\n<meta property=\"og:locale\" content=\"es_ES\" \/>\n<meta property=\"og:type\" content=\"article\" \/>\n<meta property=\"og:title\" content=\"REAL SHOOBEEDOO, The - Reminiscing -  (LP) | Guerssen\" \/>\n<meta property=\"og:description\" content=\"Since the 1970s, Reggie Fields (A.K.A. The Real ShooBeeDoo) had been making a name for himself as one of the finest bass players in Detroit. Playing on early Tribe recordings, as well as as a member of Sun Ra&#039;s Arkestra, his distinct, funky, yet harmonically complex approach to bass playing was making waves in the Motor City. His first album as a leader (and his first under the ShooBeeDoo moniker), Reawakening, sees his iconic bass playing take center stage, with each track highlighting his immense talent. The title track, &quot;Reawakening&quot; opens with an upright bass solo, and despite his technical prowess, it&#039;s clear that each note is meaningful; simply a part of the larger plan. Even when he&#039;s playing a supporting role, it&#039;s clear that Field&#039;s bass playing is driving the music forward like an unrelenting force of rhythm. Reawakening also sees Wendell Harrison make an appearance, his impassioned saxophone improvisations on the A-side of the record adding an element of spirituality to the record that seems to tie together all Tribe related records. Reissued for the first time ever with an OBI-strip, this hidden gem of the Tribe catalog is one you must not miss!\" \/>\n<meta property=\"og:url\" content=\"https:\/\/wpguerssen-test.odoo.rgbconsulting.com\/es\/producto\/reminiscing\/\" \/>\n<meta property=\"og:site_name\" content=\"Guerssen records\" \/>\n<meta property=\"article:modified_time\" content=\"2024-02-22T13:18:16+00:00\" \/>\n<meta property=\"og:image\" content=\"https:\/\/wpguerssen-test.odoo.rgbconsulting.com\/wp-content\/uploads\/2023\/08\/45239-scaled.jpg\" \/>\n\t<meta property=\"og:image:width\" content=\"2560\" \/>\n\t<meta property=\"og:image:height\" content=\"2536\" \/>\n\t<meta property=\"og:image:type\" content=\"image\/jpeg\" \/>\n<meta name=\"twitter:card\" content=\"summary_large_image\" \/>\n<meta name=\"twitter:title\" content=\"REAL SHOOBEEDOO, The - Reminiscing -  (LP) | Guerssen\" \/>\n<meta name=\"twitter:label1\" content=\"Tiempo de lectura\" \/>\n\t<meta name=\"twitter:data1\" content=\"1 minuto\" \/>\n<script type=\"application\/ld+json\" class=\"yoast-schema-graph\">{\"@context\":\"https:\/\/schema.org\",\"@graph\":[{\"@type\":\"WebPage\",\"@id\":\"https:\/\/wpguerssen-test.odoo.rgbconsulting.com\/es\/producto\/reminiscing\/\",\"url\":\"https:\/\/wpguerssen-test.odoo.rgbconsulting.com\/es\/producto\/reminiscing\/\",\"name\":\"REAL SHOOBEEDOO, The - Reminiscing - (LP) | Guerssen\",\"isPartOf\":{\"@id\":\"https:\/\/wpguerssen-test.odoo.rgbconsulting.com\/es\/#website\"},\"primaryImageOfPage\":{\"@id\":\"https:\/\/wpguerssen-test.odoo.rgbconsulting.com\/es\/producto\/reminiscing\/#primaryimage\"},\"image\":{\"@id\":\"https:\/\/wpguerssen-test.odoo.rgbconsulting.com\/es\/producto\/reminiscing\/#primaryimage\"},\"thumbnailUrl\":\"https:\/\/wpguerssen-test.odoo.rgbconsulting.com\/wp-content\/uploads\/2023\/08\/45239-scaled.jpg\",\"datePublished\":\"2023-08-20T22:00:00+00:00\",\"dateModified\":\"2024-02-22T13:18:16+00:00\",\"description\":\"Since the 1970s, Reggie Fields (A.K.A. The Real ShooBeeDoo) had been making a name for himself as one of the finest bass players in Detroit. Playing on early Tribe recordings, as well as as a member of Sun Ra's Arkestra, his distinct, funky, yet harmonically complex approach to bass playing was making waves in the Motor City. His first album as a leader (and his first under the ShooBeeDoo moniker), Reawakening, sees his iconic bass playing take center stage, with each track highlighting his immense talent. The title track, \\\"Reawakening\\\" opens with an upright bass solo, and despite his technical prowess, it's clear that each note is meaningful; simply a part of the larger plan. Even when he's playing a supporting role, it's clear that Field's bass playing is driving the music forward like an unrelenting force of rhythm. Reawakening also sees Wendell Harrison make an appearance, his impassioned saxophone improvisations on the A-side of the record adding an element of spirituality to the record that seems to tie together all Tribe related records. Reissued for the first time ever with an OBI-strip, this hidden gem of the Tribe catalog is one you must not miss!\",\"breadcrumb\":{\"@id\":\"https:\/\/wpguerssen-test.odoo.rgbconsulting.com\/es\/producto\/reminiscing\/#breadcrumb\"},\"inLanguage\":\"es\",\"potentialAction\":[{\"@type\":\"ReadAction\",\"target\":[\"https:\/\/wpguerssen-test.odoo.rgbconsulting.com\/es\/producto\/reminiscing\/\"]}]},{\"@type\":\"ImageObject\",\"inLanguage\":\"es\",\"@id\":\"https:\/\/wpguerssen-test.odoo.rgbconsulting.com\/es\/producto\/reminiscing\/#primaryimage\",\"url\":\"https:\/\/wpguerssen-test.odoo.rgbconsulting.com\/wp-content\/uploads\/2023\/08\/45239-scaled.jpg\",\"contentUrl\":\"https:\/\/wpguerssen-test.odoo.rgbconsulting.com\/wp-content\/uploads\/2023\/08\/45239-scaled.jpg\",\"width\":2560,\"height\":2536,\"caption\":\"The - Reminiscing - P-VINE (LP) | Guerssen\"},{\"@type\":\"BreadcrumbList\",\"@id\":\"https:\/\/wpguerssen-test.odoo.rgbconsulting.com\/es\/producto\/reminiscing\/#breadcrumb\",\"itemListElement\":[{\"@type\":\"ListItem\",\"position\":1,\"name\":\"Inicio\",\"item\":\"https:\/\/wpguerssen-test.odoo.rgbconsulting.com\/es\/\"},{\"@type\":\"ListItem\",\"position\":2,\"name\":\"Shop\",\"item\":\"https:\/\/wpguerssen-test.odoo.rgbconsulting.com\/shop\/\"},{\"@type\":\"ListItem\",\"position\":3,\"name\":\"Reminiscing\"}]},{\"@type\":\"WebSite\",\"@id\":\"https:\/\/wpguerssen-test.odoo.rgbconsulting.com\/es\/#website\",\"url\":\"https:\/\/wpguerssen-test.odoo.rgbconsulting.com\/es\/\",\"name\":\"Guerssen records\",\"description\":\"psychedelia - progressive - folk - garage \",\"publisher\":{\"@id\":\"https:\/\/wpguerssen-test.odoo.rgbconsulting.com\/es\/#organization\"},\"potentialAction\":[{\"@type\":\"SearchAction\",\"target\":{\"@type\":\"EntryPoint\",\"urlTemplate\":\"https:\/\/wpguerssen-test.odoo.rgbconsulting.com\/es\/?s={search_term_string}\"},\"query-input\":{\"@type\":\"PropertyValueSpecification\",\"valueRequired\":true,\"valueName\":\"search_term_string\"}}],\"inLanguage\":\"es\"},{\"@type\":\"Organization\",\"@id\":\"https:\/\/wpguerssen-test.odoo.rgbconsulting.com\/es\/#organization\",\"name\":\"Guerssen records\",\"url\":\"https:\/\/wpguerssen-test.odoo.rgbconsulting.com\/es\/\",\"logo\":{\"@type\":\"ImageObject\",\"inLanguage\":\"es\",\"@id\":\"https:\/\/wpguerssen-test.odoo.rgbconsulting.com\/es\/#\/schema\/logo\/image\/\",\"url\":\"https:\/\/wpguerssen-test.odoo.rgbconsulting.com\/wp-content\/uploads\/2022\/04\/Logo_Guerssen_trans_100.png\",\"contentUrl\":\"https:\/\/wpguerssen-test.odoo.rgbconsulting.com\/wp-content\/uploads\/2022\/04\/Logo_Guerssen_trans_100.png\",\"width\":122,\"height\":100,\"caption\":\"Guerssen records\"},\"image\":{\"@id\":\"https:\/\/wpguerssen-test.odoo.rgbconsulting.com\/es\/#\/schema\/logo\/image\/\"}}]}<\/script>\n<!-- \/ Yoast SEO plugin. -->","yoast_head_json":{"title":"REAL SHOOBEEDOO, The - Reminiscing -  (LP) | Guerssen","description":"Since the 1970s, Reggie Fields (A.K.A. The Real ShooBeeDoo) had been making a name for himself as one of the finest bass players in Detroit. Playing on early Tribe recordings, as well as as a member of Sun Ra's Arkestra, his distinct, funky, yet harmonically complex approach to bass playing was making waves in the Motor City. His first album as a leader (and his first under the ShooBeeDoo moniker), Reawakening, sees his iconic bass playing take center stage, with each track highlighting his immense talent. The title track, \"Reawakening\" opens with an upright bass solo, and despite his technical prowess, it's clear that each note is meaningful; simply a part of the larger plan. Even when he's playing a supporting role, it's clear that Field's bass playing is driving the music forward like an unrelenting force of rhythm. Reawakening also sees Wendell Harrison make an appearance, his impassioned saxophone improvisations on the A-side of the record adding an element of spirituality to the record that seems to tie together all Tribe related records. Reissued for the first time ever with an OBI-strip, this hidden gem of the Tribe catalog is one you must not miss!","robots":{"index":"index","follow":"follow","max-snippet":"max-snippet:-1","max-image-preview":"max-image-preview:large","max-video-preview":"max-video-preview:-1"},"canonical":"https:\/\/wpguerssen-test.odoo.rgbconsulting.com\/es\/producto\/reminiscing\/","og_locale":"es_ES","og_type":"article","og_title":"REAL SHOOBEEDOO, The - Reminiscing -  (LP) | Guerssen","og_description":"Since the 1970s, Reggie Fields (A.K.A. The Real ShooBeeDoo) had been making a name for himself as one of the finest bass players in Detroit. Playing on early Tribe recordings, as well as as a member of Sun Ra's Arkestra, his distinct, funky, yet harmonically complex approach to bass playing was making waves in the Motor City. His first album as a leader (and his first under the ShooBeeDoo moniker), Reawakening, sees his iconic bass playing take center stage, with each track highlighting his immense talent. The title track, \"Reawakening\" opens with an upright bass solo, and despite his technical prowess, it's clear that each note is meaningful; simply a part of the larger plan. Even when he's playing a supporting role, it's clear that Field's bass playing is driving the music forward like an unrelenting force of rhythm. Reawakening also sees Wendell Harrison make an appearance, his impassioned saxophone improvisations on the A-side of the record adding an element of spirituality to the record that seems to tie together all Tribe related records. Reissued for the first time ever with an OBI-strip, this hidden gem of the Tribe catalog is one you must not miss!","og_url":"https:\/\/wpguerssen-test.odoo.rgbconsulting.com\/es\/producto\/reminiscing\/","og_site_name":"Guerssen records","article_modified_time":"2024-02-22T13:18:16+00:00","og_image":[{"width":2560,"height":2536,"url":"https:\/\/wpguerssen-test.odoo.rgbconsulting.com\/wp-content\/uploads\/2023\/08\/45239-scaled.jpg","type":"image\/jpeg"}],"twitter_card":"summary_large_image","twitter_title":"REAL SHOOBEEDOO, The - Reminiscing -  (LP) | Guerssen","twitter_misc":{"Tiempo de lectura":"1 minuto"},"schema":{"@context":"https:\/\/schema.org","@graph":[{"@type":"WebPage","@id":"https:\/\/wpguerssen-test.odoo.rgbconsulting.com\/es\/producto\/reminiscing\/","url":"https:\/\/wpguerssen-test.odoo.rgbconsulting.com\/es\/producto\/reminiscing\/","name":"REAL SHOOBEEDOO, The - Reminiscing - (LP) | Guerssen","isPartOf":{"@id":"https:\/\/wpguerssen-test.odoo.rgbconsulting.com\/es\/#website"},"primaryImageOfPage":{"@id":"https:\/\/wpguerssen-test.odoo.rgbconsulting.com\/es\/producto\/reminiscing\/#primaryimage"},"image":{"@id":"https:\/\/wpguerssen-test.odoo.rgbconsulting.com\/es\/producto\/reminiscing\/#primaryimage"},"thumbnailUrl":"https:\/\/wpguerssen-test.odoo.rgbconsulting.com\/wp-content\/uploads\/2023\/08\/45239-scaled.jpg","datePublished":"2023-08-20T22:00:00+00:00","dateModified":"2024-02-22T13:18:16+00:00","description":"Since the 1970s, Reggie Fields (A.K.A. The Real ShooBeeDoo) had been making a name for himself as one of the finest bass players in Detroit. Playing on early Tribe recordings, as well as as a member of Sun Ra's Arkestra, his distinct, funky, yet harmonically complex approach to bass playing was making waves in the Motor City. His first album as a leader (and his first under the ShooBeeDoo moniker), Reawakening, sees his iconic bass playing take center stage, with each track highlighting his immense talent. The title track, \"Reawakening\" opens with an upright bass solo, and despite his technical prowess, it's clear that each note is meaningful; simply a part of the larger plan. Even when he's playing a supporting role, it's clear that Field's bass playing is driving the music forward like an unrelenting force of rhythm. Reawakening also sees Wendell Harrison make an appearance, his impassioned saxophone improvisations on the A-side of the record adding an element of spirituality to the record that seems to tie together all Tribe related records. Reissued for the first time ever with an OBI-strip, this hidden gem of the Tribe catalog is one you must not miss!","breadcrumb":{"@id":"https:\/\/wpguerssen-test.odoo.rgbconsulting.com\/es\/producto\/reminiscing\/#breadcrumb"},"inLanguage":"es","potentialAction":[{"@type":"ReadAction","target":["https:\/\/wpguerssen-test.odoo.rgbconsulting.com\/es\/producto\/reminiscing\/"]}]},{"@type":"ImageObject","inLanguage":"es","@id":"https:\/\/wpguerssen-test.odoo.rgbconsulting.com\/es\/producto\/reminiscing\/#primaryimage","url":"https:\/\/wpguerssen-test.odoo.rgbconsulting.com\/wp-content\/uploads\/2023\/08\/45239-scaled.jpg","contentUrl":"https:\/\/wpguerssen-test.odoo.rgbconsulting.com\/wp-content\/uploads\/2023\/08\/45239-scaled.jpg","width":2560,"height":2536,"caption":"The - Reminiscing - P-VINE (LP) | Guerssen"},{"@type":"BreadcrumbList","@id":"https:\/\/wpguerssen-test.odoo.rgbconsulting.com\/es\/producto\/reminiscing\/#breadcrumb","itemListElement":[{"@type":"ListItem","position":1,"name":"Inicio","item":"https:\/\/wpguerssen-test.odoo.rgbconsulting.com\/es\/"},{"@type":"ListItem","position":2,"name":"Shop","item":"https:\/\/wpguerssen-test.odoo.rgbconsulting.com\/shop\/"},{"@type":"ListItem","position":3,"name":"Reminiscing"}]},{"@type":"WebSite","@id":"https:\/\/wpguerssen-test.odoo.rgbconsulting.com\/es\/#website","url":"https:\/\/wpguerssen-test.odoo.rgbconsulting.com\/es\/","name":"Guerssen records","description":"psychedelia - progressive - folk - garage ","publisher":{"@id":"https:\/\/wpguerssen-test.odoo.rgbconsulting.com\/es\/#organization"},"potentialAction":[{"@type":"SearchAction","target":{"@type":"EntryPoint","urlTemplate":"https:\/\/wpguerssen-test.odoo.rgbconsulting.com\/es\/?s={search_term_string}"},"query-input":{"@type":"PropertyValueSpecification","valueRequired":true,"valueName":"search_term_string"}}],"inLanguage":"es"},{"@type":"Organization","@id":"https:\/\/wpguerssen-test.odoo.rgbconsulting.com\/es\/#organization","name":"Guerssen records","url":"https:\/\/wpguerssen-test.odoo.rgbconsulting.com\/es\/","logo":{"@type":"ImageObject","inLanguage":"es","@id":"https:\/\/wpguerssen-test.odoo.rgbconsulting.com\/es\/#\/schema\/logo\/image\/","url":"https:\/\/wpguerssen-test.odoo.rgbconsulting.com\/wp-content\/uploads\/2022\/04\/Logo_Guerssen_trans_100.png","contentUrl":"https:\/\/wpguerssen-test.odoo.rgbconsulting.com\/wp-content\/uploads\/2022\/04\/Logo_Guerssen_trans_100.png","width":122,"height":100,"caption":"Guerssen records"},"image":{"@id":"https:\/\/wpguerssen-test.odoo.rgbconsulting.com\/es\/#\/schema\/logo\/image\/"}}]}},"_links":{"self":[{"href":"https:\/\/wpguerssen-test.odoo.rgbconsulting.com\/es\/wp-json\/wp\/v2\/product\/239680","targetHints":{"allow":["GET"]}}],"collection":[{"href":"https:\/\/wpguerssen-test.odoo.rgbconsulting.com\/es\/wp-json\/wp\/v2\/product"}],"about":[{"href":"https:\/\/wpguerssen-test.odoo.rgbconsulting.com\/es\/wp-json\/wp\/v2\/types\/product"}],"wp:featuredmedia":[{"embeddable":true,"href":"https:\/\/wpguerssen-test.odoo.rgbconsulting.com\/es\/wp-json\/wp\/v2\/media\/239940"}],"wp:attachment":[{"href":"https:\/\/wpguerssen-test.odoo.rgbconsulting.com\/es\/wp-json\/wp\/v2\/media?parent=239680"}],"wp:term":[{"taxonomy":"product_brand","embeddable":true,"href":"https:\/\/wpguerssen-test.odoo.rgbconsulting.com\/es\/wp-json\/wp\/v2\/product_brand?post=239680"},{"taxonomy":"product_cat","embeddable":true,"href":"https:\/\/wpguerssen-test.odoo.rgbconsulting.com\/es\/wp-json\/wp\/v2\/product_cat?post=239680"},{"taxonomy":"product_tag","embeddable":true,"href":"https:\/\/wpguerssen-test.odoo.rgbconsulting.com\/es\/wp-json\/wp\/v2\/product_tag?post=239680"}],"curies":[{"name":"wp","href":"https:\/\/api.w.org\/{rel}","templated":true}]}}