{"id":239682,"date":"2023-08-21T00:00:00","date_gmt":"2023-08-20T22:00:00","guid":{"rendered":"https:\/\/wpguerssen-test.odoo.rgbconsulting.com\/product\/cruisin\/"},"modified":"2024-02-22T14:18:28","modified_gmt":"2024-02-22T13:18:28","slug":"cruisin","status":"publish","type":"product","link":"https:\/\/wpguerssen-test.odoo.rgbconsulting.com\/es\/producto\/cruisin\/","title":{"rendered":"Cruisin&#8217;"},"content":{"rendered":"<p>\u00a1Cruisin&#8217; lo tiene todo, desde temas de soul suave hasta boogie disco de los 80 cargado de sintetizadores!. El tema que abre el \u00e1lbum y le da t\u00edtulo al disco, \u00abCruisin'\u00bb, es un disco boogie electrizante, una melod\u00eda que har\u00e1 que incluso los asistentes al club m\u00e1s t\u00edmidos quieran levantarse y bailar. En comparaci\u00f3n, las pistas como \u00abWhere Am I\u00bb son suaves, con la flauta reconocible al instante de Wendell Harrison y los pads de sintetizador que le dan a la pista un ritmo c\u00e1lido y relajado. Pero a lo largo de todo, la influencia de Wendell Harrison todav\u00eda se puede escuchar, no solo en sus excelentes interpretaciones, sino tambi\u00e9n a trav\u00e9s de su papel como coguionista. Las referencias a la conciencia universal son abundantes en todo momento y, a pesar del sonido suave del \u00e1lbum, la espiritualidad de The Tribe sigue siendo un trasfondo constante; un suave recordatorio de las ra\u00edces de Wenha. Con un sonido como este, no es de extra\u00f1ar que este \u00e1lbum haya sido considerado durante mucho tiempo un grial para los buscadores de cajas de todo el mundo. Reeditado por primera vez, ahora con una tira obi, \u00a1este \u00e1lbum nunca se hab\u00eda visto o sonado tan bien!<\/p>\n","protected":false},"excerpt":{"rendered":"<p>\u00a1Cruisin&#8217; lo tiene todo, desde temas de soul suave hasta boogie disco de los 80 cargado de sintetizadores!. El tema que abre el \u00e1lbum y le da t\u00edtulo al disco,<a class=\"read\" href=\"https:\/\/wpguerssen-test.odoo.rgbconsulting.com\/es\/producto\/cruisin\/\"> (...)<\/a>","protected":false},"featured_media":239942,"template":"","meta":{"_acf_changed":false},"product_brand":[],"product_cat":[23227],"product_tag":[],"class_list":{"0":"post-239682","1":"product","2":"type-product","3":"status-publish","4":"has-post-thumbnail","6":"product_cat-jazz-es","7":"pa_artist-hughes-william-odell","8":"pa_format-lp-es","9":"pa_gender-jazz","10":"pa_label-p-vine","11":"pa_location-north-america-es","12":"pa_other-filters-vinyl-only-es","14":"first","15":"instock","16":"taxable","17":"shipping-taxable","18":"purchasable","19":"product-type-simple"},"acf":[],"yoast_head":"<!-- This site is optimized with the Yoast SEO plugin v24.9 - https:\/\/yoast.com\/wordpress\/plugins\/seo\/ -->\n<title>HUGHES, William Odell - Cruisin&#039; -  (LP) | Guerssen<\/title>\n<meta name=\"description\" content=\"Everything from mellow soul numbers, to synth-heavy 80s disco boogie, Cruisin&#039; has it!Originally released from Wenha in 1981, the debut album from Detroit soul singer William Odell Hughes is funky, soulful, and has all the best characteristics of an 80s album. Album opener and title track &quot;Cruisin&#039;&quot; is electrifying disco boogie - a tune that&#039;ll make even the shyest of clubgoers want to get up and dance. In comparison, tracks like &quot;Where Am I&quot; are mellow, with Wendell Harrison&#039;s instantly recognizable flute playing and synth pads giving the track a warm, relaxed groove.But throughout it all, the influence of Wendell Harrison can still be heard, not only in his excellent performances, but also through his role as a co-writer. References to universal awareness are plentiful throughout, and despite the album&#039;s mellow sound, the spirituality of The Tribe remains a constant undertone; a gentle reminder of Wenha&#039;s roots. With a sound like this, it&#039;s no wonder that this album has long been considered a grail for crate diggers around the world. Reissued for the first time ever, now with an obi-strip, this album has never looked or sounded this good!\" \/>\n<meta name=\"robots\" content=\"index, follow, max-snippet:-1, max-image-preview:large, max-video-preview:-1\" \/>\n<link rel=\"canonical\" href=\"https:\/\/wpguerssen-test.odoo.rgbconsulting.com\/es\/producto\/cruisin\/\" \/>\n<meta property=\"og:locale\" content=\"es_ES\" \/>\n<meta property=\"og:type\" content=\"article\" \/>\n<meta property=\"og:title\" content=\"HUGHES, William Odell - Cruisin&#039; -  (LP) | Guerssen\" \/>\n<meta property=\"og:description\" content=\"Everything from mellow soul numbers, to synth-heavy 80s disco boogie, Cruisin&#039; has it!Originally released from Wenha in 1981, the debut album from Detroit soul singer William Odell Hughes is funky, soulful, and has all the best characteristics of an 80s album. Album opener and title track &quot;Cruisin&#039;&quot; is electrifying disco boogie - a tune that&#039;ll make even the shyest of clubgoers want to get up and dance. In comparison, tracks like &quot;Where Am I&quot; are mellow, with Wendell Harrison&#039;s instantly recognizable flute playing and synth pads giving the track a warm, relaxed groove.But throughout it all, the influence of Wendell Harrison can still be heard, not only in his excellent performances, but also through his role as a co-writer. References to universal awareness are plentiful throughout, and despite the album&#039;s mellow sound, the spirituality of The Tribe remains a constant undertone; a gentle reminder of Wenha&#039;s roots. With a sound like this, it&#039;s no wonder that this album has long been considered a grail for crate diggers around the world. Reissued for the first time ever, now with an obi-strip, this album has never looked or sounded this good!\" \/>\n<meta property=\"og:url\" content=\"https:\/\/wpguerssen-test.odoo.rgbconsulting.com\/es\/producto\/cruisin\/\" \/>\n<meta property=\"og:site_name\" content=\"Guerssen records\" \/>\n<meta property=\"article:modified_time\" content=\"2024-02-22T13:18:28+00:00\" \/>\n<meta property=\"og:image\" content=\"https:\/\/wpguerssen-test.odoo.rgbconsulting.com\/wp-content\/uploads\/2023\/08\/45241-scaled.jpg\" \/>\n\t<meta property=\"og:image:width\" content=\"2560\" \/>\n\t<meta property=\"og:image:height\" content=\"2536\" \/>\n\t<meta property=\"og:image:type\" content=\"image\/jpeg\" \/>\n<meta name=\"twitter:card\" content=\"summary_large_image\" \/>\n<meta name=\"twitter:title\" content=\"HUGHES, William Odell - Cruisin&#039; -  (LP) | Guerssen\" \/>\n<meta name=\"twitter:label1\" content=\"Tiempo de lectura\" \/>\n\t<meta name=\"twitter:data1\" content=\"1 minuto\" \/>\n<script type=\"application\/ld+json\" class=\"yoast-schema-graph\">{\"@context\":\"https:\/\/schema.org\",\"@graph\":[{\"@type\":\"WebPage\",\"@id\":\"https:\/\/wpguerssen-test.odoo.rgbconsulting.com\/es\/producto\/cruisin\/\",\"url\":\"https:\/\/wpguerssen-test.odoo.rgbconsulting.com\/es\/producto\/cruisin\/\",\"name\":\"HUGHES, William Odell - Cruisin' - (LP) | Guerssen\",\"isPartOf\":{\"@id\":\"https:\/\/wpguerssen-test.odoo.rgbconsulting.com\/es\/#website\"},\"primaryImageOfPage\":{\"@id\":\"https:\/\/wpguerssen-test.odoo.rgbconsulting.com\/es\/producto\/cruisin\/#primaryimage\"},\"image\":{\"@id\":\"https:\/\/wpguerssen-test.odoo.rgbconsulting.com\/es\/producto\/cruisin\/#primaryimage\"},\"thumbnailUrl\":\"https:\/\/wpguerssen-test.odoo.rgbconsulting.com\/wp-content\/uploads\/2023\/08\/45241-scaled.jpg\",\"datePublished\":\"2023-08-20T22:00:00+00:00\",\"dateModified\":\"2024-02-22T13:18:28+00:00\",\"description\":\"Everything from mellow soul numbers, to synth-heavy 80s disco boogie, Cruisin' has it!Originally released from Wenha in 1981, the debut album from Detroit soul singer William Odell Hughes is funky, soulful, and has all the best characteristics of an 80s album. Album opener and title track \\\"Cruisin'\\\" is electrifying disco boogie - a tune that'll make even the shyest of clubgoers want to get up and dance. In comparison, tracks like \\\"Where Am I\\\" are mellow, with Wendell Harrison's instantly recognizable flute playing and synth pads giving the track a warm, relaxed groove.But throughout it all, the influence of Wendell Harrison can still be heard, not only in his excellent performances, but also through his role as a co-writer. References to universal awareness are plentiful throughout, and despite the album's mellow sound, the spirituality of The Tribe remains a constant undertone; a gentle reminder of Wenha's roots. With a sound like this, it's no wonder that this album has long been considered a grail for crate diggers around the world. Reissued for the first time ever, now with an obi-strip, this album has never looked or sounded this good!\",\"breadcrumb\":{\"@id\":\"https:\/\/wpguerssen-test.odoo.rgbconsulting.com\/es\/producto\/cruisin\/#breadcrumb\"},\"inLanguage\":\"es\",\"potentialAction\":[{\"@type\":\"ReadAction\",\"target\":[\"https:\/\/wpguerssen-test.odoo.rgbconsulting.com\/es\/producto\/cruisin\/\"]}]},{\"@type\":\"ImageObject\",\"inLanguage\":\"es\",\"@id\":\"https:\/\/wpguerssen-test.odoo.rgbconsulting.com\/es\/producto\/cruisin\/#primaryimage\",\"url\":\"https:\/\/wpguerssen-test.odoo.rgbconsulting.com\/wp-content\/uploads\/2023\/08\/45241-scaled.jpg\",\"contentUrl\":\"https:\/\/wpguerssen-test.odoo.rgbconsulting.com\/wp-content\/uploads\/2023\/08\/45241-scaled.jpg\",\"width\":2560,\"height\":2536,\"caption\":\"William Odell - Cruisin' - P-VINE (LP) | Guerssen\"},{\"@type\":\"BreadcrumbList\",\"@id\":\"https:\/\/wpguerssen-test.odoo.rgbconsulting.com\/es\/producto\/cruisin\/#breadcrumb\",\"itemListElement\":[{\"@type\":\"ListItem\",\"position\":1,\"name\":\"Inicio\",\"item\":\"https:\/\/wpguerssen-test.odoo.rgbconsulting.com\/es\/\"},{\"@type\":\"ListItem\",\"position\":2,\"name\":\"Shop\",\"item\":\"https:\/\/wpguerssen-test.odoo.rgbconsulting.com\/shop\/\"},{\"@type\":\"ListItem\",\"position\":3,\"name\":\"Cruisin&#8217;\"}]},{\"@type\":\"WebSite\",\"@id\":\"https:\/\/wpguerssen-test.odoo.rgbconsulting.com\/es\/#website\",\"url\":\"https:\/\/wpguerssen-test.odoo.rgbconsulting.com\/es\/\",\"name\":\"Guerssen records\",\"description\":\"psychedelia - progressive - folk - garage \",\"publisher\":{\"@id\":\"https:\/\/wpguerssen-test.odoo.rgbconsulting.com\/es\/#organization\"},\"potentialAction\":[{\"@type\":\"SearchAction\",\"target\":{\"@type\":\"EntryPoint\",\"urlTemplate\":\"https:\/\/wpguerssen-test.odoo.rgbconsulting.com\/es\/?s={search_term_string}\"},\"query-input\":{\"@type\":\"PropertyValueSpecification\",\"valueRequired\":true,\"valueName\":\"search_term_string\"}}],\"inLanguage\":\"es\"},{\"@type\":\"Organization\",\"@id\":\"https:\/\/wpguerssen-test.odoo.rgbconsulting.com\/es\/#organization\",\"name\":\"Guerssen records\",\"url\":\"https:\/\/wpguerssen-test.odoo.rgbconsulting.com\/es\/\",\"logo\":{\"@type\":\"ImageObject\",\"inLanguage\":\"es\",\"@id\":\"https:\/\/wpguerssen-test.odoo.rgbconsulting.com\/es\/#\/schema\/logo\/image\/\",\"url\":\"https:\/\/wpguerssen-test.odoo.rgbconsulting.com\/wp-content\/uploads\/2022\/04\/Logo_Guerssen_trans_100.png\",\"contentUrl\":\"https:\/\/wpguerssen-test.odoo.rgbconsulting.com\/wp-content\/uploads\/2022\/04\/Logo_Guerssen_trans_100.png\",\"width\":122,\"height\":100,\"caption\":\"Guerssen records\"},\"image\":{\"@id\":\"https:\/\/wpguerssen-test.odoo.rgbconsulting.com\/es\/#\/schema\/logo\/image\/\"}}]}<\/script>\n<!-- \/ Yoast SEO plugin. -->","yoast_head_json":{"title":"HUGHES, William Odell - Cruisin' -  (LP) | Guerssen","description":"Everything from mellow soul numbers, to synth-heavy 80s disco boogie, Cruisin' has it!Originally released from Wenha in 1981, the debut album from Detroit soul singer William Odell Hughes is funky, soulful, and has all the best characteristics of an 80s album. Album opener and title track \"Cruisin'\" is electrifying disco boogie - a tune that'll make even the shyest of clubgoers want to get up and dance. In comparison, tracks like \"Where Am I\" are mellow, with Wendell Harrison's instantly recognizable flute playing and synth pads giving the track a warm, relaxed groove.But throughout it all, the influence of Wendell Harrison can still be heard, not only in his excellent performances, but also through his role as a co-writer. References to universal awareness are plentiful throughout, and despite the album's mellow sound, the spirituality of The Tribe remains a constant undertone; a gentle reminder of Wenha's roots. With a sound like this, it's no wonder that this album has long been considered a grail for crate diggers around the world. Reissued for the first time ever, now with an obi-strip, this album has never looked or sounded this good!","robots":{"index":"index","follow":"follow","max-snippet":"max-snippet:-1","max-image-preview":"max-image-preview:large","max-video-preview":"max-video-preview:-1"},"canonical":"https:\/\/wpguerssen-test.odoo.rgbconsulting.com\/es\/producto\/cruisin\/","og_locale":"es_ES","og_type":"article","og_title":"HUGHES, William Odell - Cruisin' -  (LP) | Guerssen","og_description":"Everything from mellow soul numbers, to synth-heavy 80s disco boogie, Cruisin' has it!Originally released from Wenha in 1981, the debut album from Detroit soul singer William Odell Hughes is funky, soulful, and has all the best characteristics of an 80s album. Album opener and title track \"Cruisin'\" is electrifying disco boogie - a tune that'll make even the shyest of clubgoers want to get up and dance. In comparison, tracks like \"Where Am I\" are mellow, with Wendell Harrison's instantly recognizable flute playing and synth pads giving the track a warm, relaxed groove.But throughout it all, the influence of Wendell Harrison can still be heard, not only in his excellent performances, but also through his role as a co-writer. References to universal awareness are plentiful throughout, and despite the album's mellow sound, the spirituality of The Tribe remains a constant undertone; a gentle reminder of Wenha's roots. With a sound like this, it's no wonder that this album has long been considered a grail for crate diggers around the world. Reissued for the first time ever, now with an obi-strip, this album has never looked or sounded this good!","og_url":"https:\/\/wpguerssen-test.odoo.rgbconsulting.com\/es\/producto\/cruisin\/","og_site_name":"Guerssen records","article_modified_time":"2024-02-22T13:18:28+00:00","og_image":[{"width":2560,"height":2536,"url":"https:\/\/wpguerssen-test.odoo.rgbconsulting.com\/wp-content\/uploads\/2023\/08\/45241-scaled.jpg","type":"image\/jpeg"}],"twitter_card":"summary_large_image","twitter_title":"HUGHES, William Odell - Cruisin' -  (LP) | Guerssen","twitter_misc":{"Tiempo de lectura":"1 minuto"},"schema":{"@context":"https:\/\/schema.org","@graph":[{"@type":"WebPage","@id":"https:\/\/wpguerssen-test.odoo.rgbconsulting.com\/es\/producto\/cruisin\/","url":"https:\/\/wpguerssen-test.odoo.rgbconsulting.com\/es\/producto\/cruisin\/","name":"HUGHES, William Odell - Cruisin' - (LP) | Guerssen","isPartOf":{"@id":"https:\/\/wpguerssen-test.odoo.rgbconsulting.com\/es\/#website"},"primaryImageOfPage":{"@id":"https:\/\/wpguerssen-test.odoo.rgbconsulting.com\/es\/producto\/cruisin\/#primaryimage"},"image":{"@id":"https:\/\/wpguerssen-test.odoo.rgbconsulting.com\/es\/producto\/cruisin\/#primaryimage"},"thumbnailUrl":"https:\/\/wpguerssen-test.odoo.rgbconsulting.com\/wp-content\/uploads\/2023\/08\/45241-scaled.jpg","datePublished":"2023-08-20T22:00:00+00:00","dateModified":"2024-02-22T13:18:28+00:00","description":"Everything from mellow soul numbers, to synth-heavy 80s disco boogie, Cruisin' has it!Originally released from Wenha in 1981, the debut album from Detroit soul singer William Odell Hughes is funky, soulful, and has all the best characteristics of an 80s album. Album opener and title track \"Cruisin'\" is electrifying disco boogie - a tune that'll make even the shyest of clubgoers want to get up and dance. In comparison, tracks like \"Where Am I\" are mellow, with Wendell Harrison's instantly recognizable flute playing and synth pads giving the track a warm, relaxed groove.But throughout it all, the influence of Wendell Harrison can still be heard, not only in his excellent performances, but also through his role as a co-writer. References to universal awareness are plentiful throughout, and despite the album's mellow sound, the spirituality of The Tribe remains a constant undertone; a gentle reminder of Wenha's roots. With a sound like this, it's no wonder that this album has long been considered a grail for crate diggers around the world. Reissued for the first time ever, now with an obi-strip, this album has never looked or sounded this good!","breadcrumb":{"@id":"https:\/\/wpguerssen-test.odoo.rgbconsulting.com\/es\/producto\/cruisin\/#breadcrumb"},"inLanguage":"es","potentialAction":[{"@type":"ReadAction","target":["https:\/\/wpguerssen-test.odoo.rgbconsulting.com\/es\/producto\/cruisin\/"]}]},{"@type":"ImageObject","inLanguage":"es","@id":"https:\/\/wpguerssen-test.odoo.rgbconsulting.com\/es\/producto\/cruisin\/#primaryimage","url":"https:\/\/wpguerssen-test.odoo.rgbconsulting.com\/wp-content\/uploads\/2023\/08\/45241-scaled.jpg","contentUrl":"https:\/\/wpguerssen-test.odoo.rgbconsulting.com\/wp-content\/uploads\/2023\/08\/45241-scaled.jpg","width":2560,"height":2536,"caption":"William Odell - Cruisin' - P-VINE (LP) | Guerssen"},{"@type":"BreadcrumbList","@id":"https:\/\/wpguerssen-test.odoo.rgbconsulting.com\/es\/producto\/cruisin\/#breadcrumb","itemListElement":[{"@type":"ListItem","position":1,"name":"Inicio","item":"https:\/\/wpguerssen-test.odoo.rgbconsulting.com\/es\/"},{"@type":"ListItem","position":2,"name":"Shop","item":"https:\/\/wpguerssen-test.odoo.rgbconsulting.com\/shop\/"},{"@type":"ListItem","position":3,"name":"Cruisin&#8217;"}]},{"@type":"WebSite","@id":"https:\/\/wpguerssen-test.odoo.rgbconsulting.com\/es\/#website","url":"https:\/\/wpguerssen-test.odoo.rgbconsulting.com\/es\/","name":"Guerssen records","description":"psychedelia - progressive - folk - garage ","publisher":{"@id":"https:\/\/wpguerssen-test.odoo.rgbconsulting.com\/es\/#organization"},"potentialAction":[{"@type":"SearchAction","target":{"@type":"EntryPoint","urlTemplate":"https:\/\/wpguerssen-test.odoo.rgbconsulting.com\/es\/?s={search_term_string}"},"query-input":{"@type":"PropertyValueSpecification","valueRequired":true,"valueName":"search_term_string"}}],"inLanguage":"es"},{"@type":"Organization","@id":"https:\/\/wpguerssen-test.odoo.rgbconsulting.com\/es\/#organization","name":"Guerssen records","url":"https:\/\/wpguerssen-test.odoo.rgbconsulting.com\/es\/","logo":{"@type":"ImageObject","inLanguage":"es","@id":"https:\/\/wpguerssen-test.odoo.rgbconsulting.com\/es\/#\/schema\/logo\/image\/","url":"https:\/\/wpguerssen-test.odoo.rgbconsulting.com\/wp-content\/uploads\/2022\/04\/Logo_Guerssen_trans_100.png","contentUrl":"https:\/\/wpguerssen-test.odoo.rgbconsulting.com\/wp-content\/uploads\/2022\/04\/Logo_Guerssen_trans_100.png","width":122,"height":100,"caption":"Guerssen records"},"image":{"@id":"https:\/\/wpguerssen-test.odoo.rgbconsulting.com\/es\/#\/schema\/logo\/image\/"}}]}},"_links":{"self":[{"href":"https:\/\/wpguerssen-test.odoo.rgbconsulting.com\/es\/wp-json\/wp\/v2\/product\/239682","targetHints":{"allow":["GET"]}}],"collection":[{"href":"https:\/\/wpguerssen-test.odoo.rgbconsulting.com\/es\/wp-json\/wp\/v2\/product"}],"about":[{"href":"https:\/\/wpguerssen-test.odoo.rgbconsulting.com\/es\/wp-json\/wp\/v2\/types\/product"}],"wp:featuredmedia":[{"embeddable":true,"href":"https:\/\/wpguerssen-test.odoo.rgbconsulting.com\/es\/wp-json\/wp\/v2\/media\/239942"}],"wp:attachment":[{"href":"https:\/\/wpguerssen-test.odoo.rgbconsulting.com\/es\/wp-json\/wp\/v2\/media?parent=239682"}],"wp:term":[{"taxonomy":"product_brand","embeddable":true,"href":"https:\/\/wpguerssen-test.odoo.rgbconsulting.com\/es\/wp-json\/wp\/v2\/product_brand?post=239682"},{"taxonomy":"product_cat","embeddable":true,"href":"https:\/\/wpguerssen-test.odoo.rgbconsulting.com\/es\/wp-json\/wp\/v2\/product_cat?post=239682"},{"taxonomy":"product_tag","embeddable":true,"href":"https:\/\/wpguerssen-test.odoo.rgbconsulting.com\/es\/wp-json\/wp\/v2\/product_tag?post=239682"}],"curies":[{"name":"wp","href":"https:\/\/api.w.org\/{rel}","templated":true}]}}