{"id":240159,"date":"2018-05-02T00:00:00","date_gmt":"2018-05-01T22:00:00","guid":{"rendered":"https:\/\/wpguerssen-test.odoo.rgbconsulting.com\/product\/el-sonido-de-joan-lluis-moraleda-7\/"},"modified":"2024-02-19T16:21:39","modified_gmt":"2024-02-19T15:21:39","slug":"el-sonido-de-joan-lluis-moraleda-7","status":"publish","type":"product","link":"https:\/\/wpguerssen-test.odoo.rgbconsulting.com\/es\/producto\/el-sonido-de-joan-lluis-moraleda-7\/","title":{"rendered":"El Sonido de Joan Llu\u00eds Moraleda (7&#8243;)"},"content":{"rendered":"<p>En un nuevo esfuerzo por cartografiar el mapa de nuestro infravalorado pasado sonoro Madmua Records tiene el placer de presentarles una selecci\u00f3n de los trabajos que el compositor Joan Llu\u00eds Moraleda realiz\u00f3 en 1975 para campa\u00f1as publicitarias del Estudio Carbonell. Seis piezas de m\u00fasica directa y concisa, escueta y con pegada, trufada de los necesarios se\u00f1uelos musicales que la relacionen con la modernidad. Ilustraciones sonoras para campa\u00f1as publicitarias de productos como Aquarella, Werlisa, Kas, Veterano, Kickers y Simca. Una serie de pinceladas musicales que van de los lujuriosos arreglos de cuerdas, pedal fuzz y marejadas de instrumentos de viento a las escalas musicales con Moog y sintetizadores. Del Wah Wah despendolado y la influencia de la M\u00fasica Disco a las reminiscencias de las BSO Spaghetti Western o al evocador folklore aut\u00f3ctono. A su lado los coros de las Hermanas Ros, colaboradoras habituales de Moraleda, y de fondo sutiles o evidentes referencias; Un homenaje al Schifrin de Mission Imposible por aqu\u00ed, otro al Isaac Hayes de Shaft por all\u00e1&#8230; <\/p>\n<p> Es el vestigio de una \u00e9poca inexistente para la gran mayor\u00eda del p\u00fablico m\u00e1s all\u00e1 de su subconsciente, este peque\u00f1o disco pretende mostrar una manera de trabajo que merece ser recordada; artesanal, urgente, no m\u00e1s atenta de lo necesario a la coartada art\u00edstica y por tanto sin las pretensiones de aquel que pretende lograr la trascendencia. Algo que, parad\u00f3jicamente, en alg\u00fan instante -de acuerdo, breve- acaba consiguiendo. <\/p>\n<p> Se trata de una edici\u00f3n limitada y numerada de 450 copias, que incluyen un d\u00edptico con textos de Llu\u00eds Bassat y Don Sical\u00edptico, adem\u00e1s de dos postales, una de ellas firmada por el autor.<\/p>\n","protected":false},"excerpt":{"rendered":"<p>En un nuevo esfuerzo por cartografiar el mapa de nuestro infravalorado pasado sonoro Madmua Records tiene el placer de presentarles una selecci\u00f3n de los trabajos<a class=\"read\" href=\"https:\/\/wpguerssen-test.odoo.rgbconsulting.com\/es\/producto\/el-sonido-de-joan-lluis-moraleda-7\/\"> (...)<\/a>","protected":false},"featured_media":122849,"template":"","meta":{"_acf_changed":false},"product_brand":[],"product_cat":[21641,23232],"product_tag":[],"class_list":{"0":"post-240159","1":"product","2":"type-product","3":"status-publish","4":"has-post-thumbnail","6":"product_cat-soundtracks-es","7":"product_cat-library-music-lounge-es","8":"pa_artist-moraleda-joan-lluis","9":"pa_format-7-es","10":"pa_gender-soundtracks-library-music-lounge","11":"pa_label-madmua","12":"pa_location-spain-es","13":"pa_other-filters-vinyl-only-es","15":"first","16":"instock","17":"taxable","18":"shipping-taxable","19":"purchasable","20":"product-type-simple"},"acf":[],"yoast_head":"<!-- This site is optimized with the Yoast SEO plugin v24.9 - https:\/\/yoast.com\/wordpress\/plugins\/seo\/ -->\n<title>MORALEDA, Joan Llu\u00eds - El Sonido de Joan Llu\u00eds Moraleda (7&quot;) -  (7&quot;) | Guerssen<\/title>\n<meta name=\"description\" content=\"The EP you have in your hands belongs to the time that the Catalan composer Joan Llu\u00eds Moraleda spent in Estudios Carbonell in the mid 70s, with amazing songs made of magic string arrangements, pedal fuzz and awesome synthesizers and moog. You can feel the influence of disco music and even the Spaghetti western soundtracks.Joan Llu\u00eds Moraleda was born in Santa Maria de Palautordera (Barcelona) in 1943. At 12, he decided to focus only on music and he&#039;d never leave this path. He learned to play piano and oboe, and won the maximum prize in the Conservatory. His hobby was to spend hours listening to the radio classical songs, but also the hits of Frank Sinatra and Barbra Streisand. He checked every musical arrangement in those songs.In the mid 60s he worked for the Spanish label Belter as temporary substitute of Adolfo Ventas and Joan Barcons, the principal arrangers.He also occasionally contributed to Odeon, Vergara and Edigsa.In 1975 he was hired by Estudios Carbonell as musical director replacing Francesc Burrull. This firm was specialized in jingles and library music for advertising. It was the golden era of the advertising, with healthy budgets. Moraleda composed the music for some of the Spanish most famous and remembered commercials in the 70s and 80s, such as Turr\u00f3n Suchard, Avecrem, La Mas\u00eda, Barbie, Seat or Kas. From 1980 to 1995 he worked in his own studio. #nl# Limited to 450 numbered copies that include a diptych with words by Llu\u00eds Bassat and Don Sical\u00edptico and two postcards, one signed by Mr Moraleda.\" \/>\n<meta name=\"robots\" content=\"index, follow, max-snippet:-1, max-image-preview:large, max-video-preview:-1\" \/>\n<link rel=\"canonical\" href=\"https:\/\/wpguerssen-test.odoo.rgbconsulting.com\/es\/producto\/el-sonido-de-joan-lluis-moraleda-7\/\" \/>\n<meta property=\"og:locale\" content=\"es_ES\" \/>\n<meta property=\"og:type\" content=\"article\" \/>\n<meta property=\"og:title\" content=\"MORALEDA, Joan Llu\u00eds - El Sonido de Joan Llu\u00eds Moraleda (7&quot;) -  (7&quot;) | Guerssen\" \/>\n<meta property=\"og:description\" content=\"The EP you have in your hands belongs to the time that the Catalan composer Joan Llu\u00eds Moraleda spent in Estudios Carbonell in the mid 70s, with amazing songs made of magic string arrangements, pedal fuzz and awesome synthesizers and moog. You can feel the influence of disco music and even the Spaghetti western soundtracks.Joan Llu\u00eds Moraleda was born in Santa Maria de Palautordera (Barcelona) in 1943. At 12, he decided to focus only on music and he&#039;d never leave this path. He learned to play piano and oboe, and won the maximum prize in the Conservatory. His hobby was to spend hours listening to the radio classical songs, but also the hits of Frank Sinatra and Barbra Streisand. He checked every musical arrangement in those songs.In the mid 60s he worked for the Spanish label Belter as temporary substitute of Adolfo Ventas and Joan Barcons, the principal arrangers.He also occasionally contributed to Odeon, Vergara and Edigsa.In 1975 he was hired by Estudios Carbonell as musical director replacing Francesc Burrull. This firm was specialized in jingles and library music for advertising. It was the golden era of the advertising, with healthy budgets. Moraleda composed the music for some of the Spanish most famous and remembered commercials in the 70s and 80s, such as Turr\u00f3n Suchard, Avecrem, La Mas\u00eda, Barbie, Seat or Kas. From 1980 to 1995 he worked in his own studio. #nl# Limited to 450 numbered copies that include a diptych with words by Llu\u00eds Bassat and Don Sical\u00edptico and two postcards, one signed by Mr Moraleda.\" \/>\n<meta property=\"og:url\" content=\"https:\/\/wpguerssen-test.odoo.rgbconsulting.com\/es\/producto\/el-sonido-de-joan-lluis-moraleda-7\/\" \/>\n<meta property=\"og:site_name\" content=\"Guerssen records\" \/>\n<meta property=\"article:modified_time\" content=\"2024-02-19T15:21:39+00:00\" \/>\n<meta property=\"og:image\" content=\"https:\/\/wpguerssen-test.odoo.rgbconsulting.com\/wp-content\/uploads\/2022\/03\/31909.jpg\" \/>\n\t<meta property=\"og:image:width\" content=\"303\" \/>\n\t<meta property=\"og:image:height\" content=\"304\" \/>\n\t<meta property=\"og:image:type\" content=\"image\/jpeg\" \/>\n<meta name=\"twitter:card\" content=\"summary_large_image\" \/>\n<meta name=\"twitter:title\" content=\"MORALEDA, Joan Llu\u00eds - El Sonido de Joan Llu\u00eds Moraleda (7&quot;) -  (7&quot;) | Guerssen\" \/>\n<meta name=\"twitter:label1\" content=\"Tiempo de lectura\" \/>\n\t<meta name=\"twitter:data1\" content=\"1 minuto\" \/>\n<script type=\"application\/ld+json\" class=\"yoast-schema-graph\">{\"@context\":\"https:\/\/schema.org\",\"@graph\":[{\"@type\":\"WebPage\",\"@id\":\"https:\/\/wpguerssen-test.odoo.rgbconsulting.com\/es\/producto\/el-sonido-de-joan-lluis-moraleda-7\/\",\"url\":\"https:\/\/wpguerssen-test.odoo.rgbconsulting.com\/es\/producto\/el-sonido-de-joan-lluis-moraleda-7\/\",\"name\":\"MORALEDA, Joan Llu\u00eds - El Sonido de Joan Llu\u00eds Moraleda (7\\\") - (7\\\") | Guerssen\",\"isPartOf\":{\"@id\":\"https:\/\/wpguerssen-test.odoo.rgbconsulting.com\/es\/#website\"},\"primaryImageOfPage\":{\"@id\":\"https:\/\/wpguerssen-test.odoo.rgbconsulting.com\/es\/producto\/el-sonido-de-joan-lluis-moraleda-7\/#primaryimage\"},\"image\":{\"@id\":\"https:\/\/wpguerssen-test.odoo.rgbconsulting.com\/es\/producto\/el-sonido-de-joan-lluis-moraleda-7\/#primaryimage\"},\"thumbnailUrl\":\"https:\/\/wpguerssen-test.odoo.rgbconsulting.com\/wp-content\/uploads\/2022\/03\/31909.jpg\",\"datePublished\":\"2018-05-01T22:00:00+00:00\",\"dateModified\":\"2024-02-19T15:21:39+00:00\",\"description\":\"The EP you have in your hands belongs to the time that the Catalan composer Joan Llu\u00eds Moraleda spent in Estudios Carbonell in the mid 70s, with amazing songs made of magic string arrangements, pedal fuzz and awesome synthesizers and moog. You can feel the influence of disco music and even the Spaghetti western soundtracks.Joan Llu\u00eds Moraleda was born in Santa Maria de Palautordera (Barcelona) in 1943. At 12, he decided to focus only on music and he'd never leave this path. He learned to play piano and oboe, and won the maximum prize in the Conservatory. His hobby was to spend hours listening to the radio classical songs, but also the hits of Frank Sinatra and Barbra Streisand. He checked every musical arrangement in those songs.In the mid 60s he worked for the Spanish label Belter as temporary substitute of Adolfo Ventas and Joan Barcons, the principal arrangers.He also occasionally contributed to Odeon, Vergara and Edigsa.In 1975 he was hired by Estudios Carbonell as musical director replacing Francesc Burrull. This firm was specialized in jingles and library music for advertising. It was the golden era of the advertising, with healthy budgets. Moraleda composed the music for some of the Spanish most famous and remembered commercials in the 70s and 80s, such as Turr\u00f3n Suchard, Avecrem, La Mas\u00eda, Barbie, Seat or Kas. From 1980 to 1995 he worked in his own studio. #nl# Limited to 450 numbered copies that include a diptych with words by Llu\u00eds Bassat and Don Sical\u00edptico and two postcards, one signed by Mr Moraleda.\",\"breadcrumb\":{\"@id\":\"https:\/\/wpguerssen-test.odoo.rgbconsulting.com\/es\/producto\/el-sonido-de-joan-lluis-moraleda-7\/#breadcrumb\"},\"inLanguage\":\"es\",\"potentialAction\":[{\"@type\":\"ReadAction\",\"target\":[\"https:\/\/wpguerssen-test.odoo.rgbconsulting.com\/es\/producto\/el-sonido-de-joan-lluis-moraleda-7\/\"]}]},{\"@type\":\"ImageObject\",\"inLanguage\":\"es\",\"@id\":\"https:\/\/wpguerssen-test.odoo.rgbconsulting.com\/es\/producto\/el-sonido-de-joan-lluis-moraleda-7\/#primaryimage\",\"url\":\"https:\/\/wpguerssen-test.odoo.rgbconsulting.com\/wp-content\/uploads\/2022\/03\/31909.jpg\",\"contentUrl\":\"https:\/\/wpguerssen-test.odoo.rgbconsulting.com\/wp-content\/uploads\/2022\/03\/31909.jpg\",\"width\":303,\"height\":304,\"caption\":\"Joan Llu\u00eds - El Sonido de Joan Llu\u00eds Moraleda (7\\\") - MADMUA (7\\\") | Guerssen\"},{\"@type\":\"BreadcrumbList\",\"@id\":\"https:\/\/wpguerssen-test.odoo.rgbconsulting.com\/es\/producto\/el-sonido-de-joan-lluis-moraleda-7\/#breadcrumb\",\"itemListElement\":[{\"@type\":\"ListItem\",\"position\":1,\"name\":\"Inicio\",\"item\":\"https:\/\/wpguerssen-test.odoo.rgbconsulting.com\/es\/\"},{\"@type\":\"ListItem\",\"position\":2,\"name\":\"Shop\",\"item\":\"https:\/\/wpguerssen-test.odoo.rgbconsulting.com\/shop\/\"},{\"@type\":\"ListItem\",\"position\":3,\"name\":\"El Sonido de Joan Llu\u00eds Moraleda (7&#8243;)\"}]},{\"@type\":\"WebSite\",\"@id\":\"https:\/\/wpguerssen-test.odoo.rgbconsulting.com\/es\/#website\",\"url\":\"https:\/\/wpguerssen-test.odoo.rgbconsulting.com\/es\/\",\"name\":\"Guerssen records\",\"description\":\"psychedelia - progressive - folk - garage \",\"publisher\":{\"@id\":\"https:\/\/wpguerssen-test.odoo.rgbconsulting.com\/es\/#organization\"},\"potentialAction\":[{\"@type\":\"SearchAction\",\"target\":{\"@type\":\"EntryPoint\",\"urlTemplate\":\"https:\/\/wpguerssen-test.odoo.rgbconsulting.com\/es\/?s={search_term_string}\"},\"query-input\":{\"@type\":\"PropertyValueSpecification\",\"valueRequired\":true,\"valueName\":\"search_term_string\"}}],\"inLanguage\":\"es\"},{\"@type\":\"Organization\",\"@id\":\"https:\/\/wpguerssen-test.odoo.rgbconsulting.com\/es\/#organization\",\"name\":\"Guerssen records\",\"url\":\"https:\/\/wpguerssen-test.odoo.rgbconsulting.com\/es\/\",\"logo\":{\"@type\":\"ImageObject\",\"inLanguage\":\"es\",\"@id\":\"https:\/\/wpguerssen-test.odoo.rgbconsulting.com\/es\/#\/schema\/logo\/image\/\",\"url\":\"https:\/\/wpguerssen-test.odoo.rgbconsulting.com\/wp-content\/uploads\/2022\/04\/Logo_Guerssen_trans_100.png\",\"contentUrl\":\"https:\/\/wpguerssen-test.odoo.rgbconsulting.com\/wp-content\/uploads\/2022\/04\/Logo_Guerssen_trans_100.png\",\"width\":122,\"height\":100,\"caption\":\"Guerssen records\"},\"image\":{\"@id\":\"https:\/\/wpguerssen-test.odoo.rgbconsulting.com\/es\/#\/schema\/logo\/image\/\"}}]}<\/script>\n<!-- \/ Yoast SEO plugin. -->","yoast_head_json":{"title":"MORALEDA, Joan Llu\u00eds - El Sonido de Joan Llu\u00eds Moraleda (7\") -  (7\") | Guerssen","description":"The EP you have in your hands belongs to the time that the Catalan composer Joan Llu\u00eds Moraleda spent in Estudios Carbonell in the mid 70s, with amazing songs made of magic string arrangements, pedal fuzz and awesome synthesizers and moog. You can feel the influence of disco music and even the Spaghetti western soundtracks.Joan Llu\u00eds Moraleda was born in Santa Maria de Palautordera (Barcelona) in 1943. At 12, he decided to focus only on music and he'd never leave this path. He learned to play piano and oboe, and won the maximum prize in the Conservatory. His hobby was to spend hours listening to the radio classical songs, but also the hits of Frank Sinatra and Barbra Streisand. He checked every musical arrangement in those songs.In the mid 60s he worked for the Spanish label Belter as temporary substitute of Adolfo Ventas and Joan Barcons, the principal arrangers.He also occasionally contributed to Odeon, Vergara and Edigsa.In 1975 he was hired by Estudios Carbonell as musical director replacing Francesc Burrull. This firm was specialized in jingles and library music for advertising. It was the golden era of the advertising, with healthy budgets. Moraleda composed the music for some of the Spanish most famous and remembered commercials in the 70s and 80s, such as Turr\u00f3n Suchard, Avecrem, La Mas\u00eda, Barbie, Seat or Kas. From 1980 to 1995 he worked in his own studio. #nl# Limited to 450 numbered copies that include a diptych with words by Llu\u00eds Bassat and Don Sical\u00edptico and two postcards, one signed by Mr Moraleda.","robots":{"index":"index","follow":"follow","max-snippet":"max-snippet:-1","max-image-preview":"max-image-preview:large","max-video-preview":"max-video-preview:-1"},"canonical":"https:\/\/wpguerssen-test.odoo.rgbconsulting.com\/es\/producto\/el-sonido-de-joan-lluis-moraleda-7\/","og_locale":"es_ES","og_type":"article","og_title":"MORALEDA, Joan Llu\u00eds - El Sonido de Joan Llu\u00eds Moraleda (7\") -  (7\") | Guerssen","og_description":"The EP you have in your hands belongs to the time that the Catalan composer Joan Llu\u00eds Moraleda spent in Estudios Carbonell in the mid 70s, with amazing songs made of magic string arrangements, pedal fuzz and awesome synthesizers and moog. You can feel the influence of disco music and even the Spaghetti western soundtracks.Joan Llu\u00eds Moraleda was born in Santa Maria de Palautordera (Barcelona) in 1943. At 12, he decided to focus only on music and he'd never leave this path. He learned to play piano and oboe, and won the maximum prize in the Conservatory. His hobby was to spend hours listening to the radio classical songs, but also the hits of Frank Sinatra and Barbra Streisand. He checked every musical arrangement in those songs.In the mid 60s he worked for the Spanish label Belter as temporary substitute of Adolfo Ventas and Joan Barcons, the principal arrangers.He also occasionally contributed to Odeon, Vergara and Edigsa.In 1975 he was hired by Estudios Carbonell as musical director replacing Francesc Burrull. This firm was specialized in jingles and library music for advertising. It was the golden era of the advertising, with healthy budgets. Moraleda composed the music for some of the Spanish most famous and remembered commercials in the 70s and 80s, such as Turr\u00f3n Suchard, Avecrem, La Mas\u00eda, Barbie, Seat or Kas. From 1980 to 1995 he worked in his own studio. #nl# Limited to 450 numbered copies that include a diptych with words by Llu\u00eds Bassat and Don Sical\u00edptico and two postcards, one signed by Mr Moraleda.","og_url":"https:\/\/wpguerssen-test.odoo.rgbconsulting.com\/es\/producto\/el-sonido-de-joan-lluis-moraleda-7\/","og_site_name":"Guerssen records","article_modified_time":"2024-02-19T15:21:39+00:00","og_image":[{"width":303,"height":304,"url":"https:\/\/wpguerssen-test.odoo.rgbconsulting.com\/wp-content\/uploads\/2022\/03\/31909.jpg","type":"image\/jpeg"}],"twitter_card":"summary_large_image","twitter_title":"MORALEDA, Joan Llu\u00eds - El Sonido de Joan Llu\u00eds Moraleda (7\") -  (7\") | Guerssen","twitter_misc":{"Tiempo de lectura":"1 minuto"},"schema":{"@context":"https:\/\/schema.org","@graph":[{"@type":"WebPage","@id":"https:\/\/wpguerssen-test.odoo.rgbconsulting.com\/es\/producto\/el-sonido-de-joan-lluis-moraleda-7\/","url":"https:\/\/wpguerssen-test.odoo.rgbconsulting.com\/es\/producto\/el-sonido-de-joan-lluis-moraleda-7\/","name":"MORALEDA, Joan Llu\u00eds - El Sonido de Joan Llu\u00eds Moraleda (7\") - (7\") | Guerssen","isPartOf":{"@id":"https:\/\/wpguerssen-test.odoo.rgbconsulting.com\/es\/#website"},"primaryImageOfPage":{"@id":"https:\/\/wpguerssen-test.odoo.rgbconsulting.com\/es\/producto\/el-sonido-de-joan-lluis-moraleda-7\/#primaryimage"},"image":{"@id":"https:\/\/wpguerssen-test.odoo.rgbconsulting.com\/es\/producto\/el-sonido-de-joan-lluis-moraleda-7\/#primaryimage"},"thumbnailUrl":"https:\/\/wpguerssen-test.odoo.rgbconsulting.com\/wp-content\/uploads\/2022\/03\/31909.jpg","datePublished":"2018-05-01T22:00:00+00:00","dateModified":"2024-02-19T15:21:39+00:00","description":"The EP you have in your hands belongs to the time that the Catalan composer Joan Llu\u00eds Moraleda spent in Estudios Carbonell in the mid 70s, with amazing songs made of magic string arrangements, pedal fuzz and awesome synthesizers and moog. You can feel the influence of disco music and even the Spaghetti western soundtracks.Joan Llu\u00eds Moraleda was born in Santa Maria de Palautordera (Barcelona) in 1943. At 12, he decided to focus only on music and he'd never leave this path. He learned to play piano and oboe, and won the maximum prize in the Conservatory. His hobby was to spend hours listening to the radio classical songs, but also the hits of Frank Sinatra and Barbra Streisand. He checked every musical arrangement in those songs.In the mid 60s he worked for the Spanish label Belter as temporary substitute of Adolfo Ventas and Joan Barcons, the principal arrangers.He also occasionally contributed to Odeon, Vergara and Edigsa.In 1975 he was hired by Estudios Carbonell as musical director replacing Francesc Burrull. This firm was specialized in jingles and library music for advertising. It was the golden era of the advertising, with healthy budgets. Moraleda composed the music for some of the Spanish most famous and remembered commercials in the 70s and 80s, such as Turr\u00f3n Suchard, Avecrem, La Mas\u00eda, Barbie, Seat or Kas. From 1980 to 1995 he worked in his own studio. #nl# Limited to 450 numbered copies that include a diptych with words by Llu\u00eds Bassat and Don Sical\u00edptico and two postcards, one signed by Mr Moraleda.","breadcrumb":{"@id":"https:\/\/wpguerssen-test.odoo.rgbconsulting.com\/es\/producto\/el-sonido-de-joan-lluis-moraleda-7\/#breadcrumb"},"inLanguage":"es","potentialAction":[{"@type":"ReadAction","target":["https:\/\/wpguerssen-test.odoo.rgbconsulting.com\/es\/producto\/el-sonido-de-joan-lluis-moraleda-7\/"]}]},{"@type":"ImageObject","inLanguage":"es","@id":"https:\/\/wpguerssen-test.odoo.rgbconsulting.com\/es\/producto\/el-sonido-de-joan-lluis-moraleda-7\/#primaryimage","url":"https:\/\/wpguerssen-test.odoo.rgbconsulting.com\/wp-content\/uploads\/2022\/03\/31909.jpg","contentUrl":"https:\/\/wpguerssen-test.odoo.rgbconsulting.com\/wp-content\/uploads\/2022\/03\/31909.jpg","width":303,"height":304,"caption":"Joan Llu\u00eds - El Sonido de Joan Llu\u00eds Moraleda (7\") - MADMUA (7\") | Guerssen"},{"@type":"BreadcrumbList","@id":"https:\/\/wpguerssen-test.odoo.rgbconsulting.com\/es\/producto\/el-sonido-de-joan-lluis-moraleda-7\/#breadcrumb","itemListElement":[{"@type":"ListItem","position":1,"name":"Inicio","item":"https:\/\/wpguerssen-test.odoo.rgbconsulting.com\/es\/"},{"@type":"ListItem","position":2,"name":"Shop","item":"https:\/\/wpguerssen-test.odoo.rgbconsulting.com\/shop\/"},{"@type":"ListItem","position":3,"name":"El Sonido de Joan Llu\u00eds Moraleda (7&#8243;)"}]},{"@type":"WebSite","@id":"https:\/\/wpguerssen-test.odoo.rgbconsulting.com\/es\/#website","url":"https:\/\/wpguerssen-test.odoo.rgbconsulting.com\/es\/","name":"Guerssen records","description":"psychedelia - progressive - folk - garage ","publisher":{"@id":"https:\/\/wpguerssen-test.odoo.rgbconsulting.com\/es\/#organization"},"potentialAction":[{"@type":"SearchAction","target":{"@type":"EntryPoint","urlTemplate":"https:\/\/wpguerssen-test.odoo.rgbconsulting.com\/es\/?s={search_term_string}"},"query-input":{"@type":"PropertyValueSpecification","valueRequired":true,"valueName":"search_term_string"}}],"inLanguage":"es"},{"@type":"Organization","@id":"https:\/\/wpguerssen-test.odoo.rgbconsulting.com\/es\/#organization","name":"Guerssen records","url":"https:\/\/wpguerssen-test.odoo.rgbconsulting.com\/es\/","logo":{"@type":"ImageObject","inLanguage":"es","@id":"https:\/\/wpguerssen-test.odoo.rgbconsulting.com\/es\/#\/schema\/logo\/image\/","url":"https:\/\/wpguerssen-test.odoo.rgbconsulting.com\/wp-content\/uploads\/2022\/04\/Logo_Guerssen_trans_100.png","contentUrl":"https:\/\/wpguerssen-test.odoo.rgbconsulting.com\/wp-content\/uploads\/2022\/04\/Logo_Guerssen_trans_100.png","width":122,"height":100,"caption":"Guerssen records"},"image":{"@id":"https:\/\/wpguerssen-test.odoo.rgbconsulting.com\/es\/#\/schema\/logo\/image\/"}}]}},"_links":{"self":[{"href":"https:\/\/wpguerssen-test.odoo.rgbconsulting.com\/es\/wp-json\/wp\/v2\/product\/240159","targetHints":{"allow":["GET"]}}],"collection":[{"href":"https:\/\/wpguerssen-test.odoo.rgbconsulting.com\/es\/wp-json\/wp\/v2\/product"}],"about":[{"href":"https:\/\/wpguerssen-test.odoo.rgbconsulting.com\/es\/wp-json\/wp\/v2\/types\/product"}],"wp:featuredmedia":[{"embeddable":true,"href":"https:\/\/wpguerssen-test.odoo.rgbconsulting.com\/es\/wp-json\/wp\/v2\/media\/122849"}],"wp:attachment":[{"href":"https:\/\/wpguerssen-test.odoo.rgbconsulting.com\/es\/wp-json\/wp\/v2\/media?parent=240159"}],"wp:term":[{"taxonomy":"product_brand","embeddable":true,"href":"https:\/\/wpguerssen-test.odoo.rgbconsulting.com\/es\/wp-json\/wp\/v2\/product_brand?post=240159"},{"taxonomy":"product_cat","embeddable":true,"href":"https:\/\/wpguerssen-test.odoo.rgbconsulting.com\/es\/wp-json\/wp\/v2\/product_cat?post=240159"},{"taxonomy":"product_tag","embeddable":true,"href":"https:\/\/wpguerssen-test.odoo.rgbconsulting.com\/es\/wp-json\/wp\/v2\/product_tag?post=240159"}],"curies":[{"name":"wp","href":"https:\/\/api.w.org\/{rel}","templated":true}]}}