{"id":240163,"date":"2021-02-24T00:00:00","date_gmt":"2021-02-23T23:00:00","guid":{"rendered":"https:\/\/wpguerssen-test.odoo.rgbconsulting.com\/product\/dunden-bugune-picture-disc\/"},"modified":"2025-04-16T17:56:07","modified_gmt":"2025-04-16T15:56:07","slug":"dunden-bugune-picture-disc","status":"publish","type":"product","link":"https:\/\/wpguerssen-test.odoo.rgbconsulting.com\/es\/producto\/dunden-bugune-picture-disc\/","title":{"rendered":"D\u00fcnden B\u00fcgune (Picture Disc)"},"content":{"rendered":"<p>POR PRIMERA VEZ REEDITADO EN PICTURE DISC, EDICI\u00d3N LIMITADA DE 500 COPIAS NUMERADAS A MANO. <\/p>\n<p> Uno de los cracks del rock turco es Baris Man\u00e7o, y uno de los m\u00e1s influyentes junto a Koray, Akbayram y Cem Karaca. Este es su primer \u00e1lbum, editado por Sayan Productions en 1971 y conteniendo temas extra\u00eddos de singles de los tres a\u00f1os anteriores, m\u00e1s el tema \u00abLory\u00bb que s\u00f3lo apareci\u00f3 en este disco. <\/p>\n<p> Rock con fuerte aroma a psicodelia y folklore turco, aqu\u00ed se incluyen cl\u00e1sicos de Baris como \u00abDerule\u00bb o \u00abDaglar Daglar\u00bb, adem\u00e1s del brutal tema \u00abK\u00fc\u00e7\u00fck bir gece m\u00fczigi\u00bb inundado de wah-wah y con una infecciosa base r\u00edtmica que aturde a cualquier rastreador de samplers.<br \/>No confundir con dos diferentes ediciones con el mismo nombre que tienen diferente tracklist y portada, este es el D\u00fcnden Bug\u00fcne tal como fue editado en su dia, sin alteraciones y por primera vez reeditado en picture disc para vuestro goce.<br \/><br<Tracklist: Daglar Daglar - Kirpiklerin ok ok eyle - Kagizman - K\u00fc\u00e7\u00fck bir gece m\u00fczigi - Kol d\u00fcgmeleri - Derule - Iste hendek iste deve - Seher vakti - Anadolu - Aglama degmez hayat - Lory - Katip arzuhalim yaz yare b\u00f6yle\n<\/p>\n","protected":false},"excerpt":{"rendered":"<p>POR PRIMERA VEZ REEDITADO EN PICTURE DISC, EDICI\u00d3N LIMITADA DE 500 COPIAS NUMERADAS A MANO. <\/p>\n<p>\u00a0<\/p>\n<p> Uno de los cracks del rock turco es Baris Man\u00e7o, y<a class=\"read\" href=\"https:\/\/wpguerssen-test.odoo.rgbconsulting.com\/es\/producto\/dunden-bugune-picture-disc\/\"> (...)<\/a>","protected":false},"featured_media":127422,"template":"","meta":{"_acf_changed":false},"product_brand":[],"product_cat":[21639],"product_tag":[29139],"class_list":{"0":"post-240163","1":"product","2":"type-product","3":"status-publish","4":"has-post-thumbnail","6":"product_cat-psychedelic60s-70s-es","7":"product_tag-picture-disc-es","8":"pa_artist-manco-baris-es","9":"pa_format-lp-es","10":"pa_gender-psychedelic60s-70s","11":"pa_label-guerssen-es","12":"pa_location-eastern-es","13":"pa_other-filters-vinyl-only-es","15":"first","16":"instock","17":"taxable","18":"shipping-taxable","19":"purchasable","20":"product-type-simple"},"acf":[],"yoast_head":"<!-- This site is optimized with the Yoast SEO plugin v24.9 - https:\/\/yoast.com\/wordpress\/plugins\/seo\/ -->\n<title>MAN\u00c7O, Baris - D\u00fcnden B\u00fcgune (Picture Disc) -  (LP) | Guerssen<\/title>\n<meta name=\"description\" content=\"FIRST EVER PICTURE DISC REISSUE #nl# LIMITED TO 500 HAND-NUMBERED COPIES #nl# One of the leading Turkish rock musicians ever and one of the most influent, along with Erkin Koray, Edip Akbayram and Cem Karaca. This is his first longplayer, released in 1971 by Sayan Productions. It&#039;s a compilation of tracks taken from previously released 45s, plus the track &quot;Lory&quot; that only appeared on this album. Killer psych rock with strong Turkish flavour, this features Baris&#039; all-time classics like &quot;Derule&quot; or &quot;Daglar Daglar&quot;, as well as the brutal wah-wah flooded &quot;K\u00fc\u00e7\u00fck bir gece m\u00fczigi&quot; with its infectious drumming that drives mad anyone searching for sampling stuff. #nl# Not to be confused with two different releases with the same name that actually have different tracklist and artwork, this is the real album as it was originally released, reissued for the first time as a cool picture disc. #nl# Tracklist: Daglar Daglar - Kirpiklerin ok ok eyle - Kagizman - K\u00fc\u00e7\u00fck bir gece m\u00fczigi - Kol d\u00fcgmeleri - Derule - Iste hendek iste deve - Seher vakti - Anadolu - Aglama degmez hayat - Lory - Katip arzuhalim yaz yare b\u00f6yle\" \/>\n<meta name=\"robots\" content=\"index, follow, max-snippet:-1, max-image-preview:large, max-video-preview:-1\" \/>\n<link rel=\"canonical\" href=\"https:\/\/wpguerssen-test.odoo.rgbconsulting.com\/es\/producto\/dunden-bugune-picture-disc\/\" \/>\n<meta property=\"og:locale\" content=\"es_ES\" \/>\n<meta property=\"og:type\" content=\"article\" \/>\n<meta property=\"og:title\" content=\"MAN\u00c7O, Baris - D\u00fcnden B\u00fcgune (Picture Disc) -  (LP) | Guerssen\" \/>\n<meta property=\"og:description\" content=\"FIRST EVER PICTURE DISC REISSUE #nl# LIMITED TO 500 HAND-NUMBERED COPIES #nl# One of the leading Turkish rock musicians ever and one of the most influent, along with Erkin Koray, Edip Akbayram and Cem Karaca. This is his first longplayer, released in 1971 by Sayan Productions. It&#039;s a compilation of tracks taken from previously released 45s, plus the track &quot;Lory&quot; that only appeared on this album. Killer psych rock with strong Turkish flavour, this features Baris&#039; all-time classics like &quot;Derule&quot; or &quot;Daglar Daglar&quot;, as well as the brutal wah-wah flooded &quot;K\u00fc\u00e7\u00fck bir gece m\u00fczigi&quot; with its infectious drumming that drives mad anyone searching for sampling stuff. #nl# Not to be confused with two different releases with the same name that actually have different tracklist and artwork, this is the real album as it was originally released, reissued for the first time as a cool picture disc. #nl# Tracklist: Daglar Daglar - Kirpiklerin ok ok eyle - Kagizman - K\u00fc\u00e7\u00fck bir gece m\u00fczigi - Kol d\u00fcgmeleri - Derule - Iste hendek iste deve - Seher vakti - Anadolu - Aglama degmez hayat - Lory - Katip arzuhalim yaz yare b\u00f6yle\" \/>\n<meta property=\"og:url\" content=\"https:\/\/wpguerssen-test.odoo.rgbconsulting.com\/es\/producto\/dunden-bugune-picture-disc\/\" \/>\n<meta property=\"og:site_name\" content=\"Guerssen records\" \/>\n<meta property=\"article:modified_time\" content=\"2025-04-16T15:56:07+00:00\" \/>\n<meta property=\"og:image\" content=\"https:\/\/wpguerssen-test.odoo.rgbconsulting.com\/wp-content\/uploads\/2022\/03\/37508.jpg\" \/>\n\t<meta property=\"og:image:width\" content=\"1500\" \/>\n\t<meta property=\"og:image:height\" content=\"1500\" \/>\n\t<meta property=\"og:image:type\" content=\"image\/jpeg\" \/>\n<meta name=\"twitter:card\" content=\"summary_large_image\" \/>\n<meta name=\"twitter:title\" content=\"MAN\u00c7O, Baris - D\u00fcnden B\u00fcgune (Picture Disc) -  (LP) | Guerssen\" \/>\n<meta name=\"twitter:label1\" content=\"Tiempo de lectura\" \/>\n\t<meta name=\"twitter:data1\" content=\"1 minuto\" \/>\n<script type=\"application\/ld+json\" class=\"yoast-schema-graph\">{\"@context\":\"https:\/\/schema.org\",\"@graph\":[{\"@type\":\"WebPage\",\"@id\":\"https:\/\/wpguerssen-test.odoo.rgbconsulting.com\/es\/producto\/dunden-bugune-picture-disc\/\",\"url\":\"https:\/\/wpguerssen-test.odoo.rgbconsulting.com\/es\/producto\/dunden-bugune-picture-disc\/\",\"name\":\"MAN\u00c7O, Baris - D\u00fcnden B\u00fcgune (Picture Disc) - (LP) | Guerssen\",\"isPartOf\":{\"@id\":\"https:\/\/wpguerssen-test.odoo.rgbconsulting.com\/es\/#website\"},\"primaryImageOfPage\":{\"@id\":\"https:\/\/wpguerssen-test.odoo.rgbconsulting.com\/es\/producto\/dunden-bugune-picture-disc\/#primaryimage\"},\"image\":{\"@id\":\"https:\/\/wpguerssen-test.odoo.rgbconsulting.com\/es\/producto\/dunden-bugune-picture-disc\/#primaryimage\"},\"thumbnailUrl\":\"https:\/\/wpguerssen-test.odoo.rgbconsulting.com\/wp-content\/uploads\/2022\/03\/37508.jpg\",\"datePublished\":\"2021-02-23T23:00:00+00:00\",\"dateModified\":\"2025-04-16T15:56:07+00:00\",\"description\":\"FIRST EVER PICTURE DISC REISSUE #nl# LIMITED TO 500 HAND-NUMBERED COPIES #nl# One of the leading Turkish rock musicians ever and one of the most influent, along with Erkin Koray, Edip Akbayram and Cem Karaca. This is his first longplayer, released in 1971 by Sayan Productions. It's a compilation of tracks taken from previously released 45s, plus the track \\\"Lory\\\" that only appeared on this album. Killer psych rock with strong Turkish flavour, this features Baris' all-time classics like \\\"Derule\\\" or \\\"Daglar Daglar\\\", as well as the brutal wah-wah flooded \\\"K\u00fc\u00e7\u00fck bir gece m\u00fczigi\\\" with its infectious drumming that drives mad anyone searching for sampling stuff. #nl# Not to be confused with two different releases with the same name that actually have different tracklist and artwork, this is the real album as it was originally released, reissued for the first time as a cool picture disc. #nl# Tracklist: Daglar Daglar - Kirpiklerin ok ok eyle - Kagizman - K\u00fc\u00e7\u00fck bir gece m\u00fczigi - Kol d\u00fcgmeleri - Derule - Iste hendek iste deve - Seher vakti - Anadolu - Aglama degmez hayat - Lory - Katip arzuhalim yaz yare b\u00f6yle\",\"breadcrumb\":{\"@id\":\"https:\/\/wpguerssen-test.odoo.rgbconsulting.com\/es\/producto\/dunden-bugune-picture-disc\/#breadcrumb\"},\"inLanguage\":\"es\",\"potentialAction\":[{\"@type\":\"ReadAction\",\"target\":[\"https:\/\/wpguerssen-test.odoo.rgbconsulting.com\/es\/producto\/dunden-bugune-picture-disc\/\"]}]},{\"@type\":\"ImageObject\",\"inLanguage\":\"es\",\"@id\":\"https:\/\/wpguerssen-test.odoo.rgbconsulting.com\/es\/producto\/dunden-bugune-picture-disc\/#primaryimage\",\"url\":\"https:\/\/wpguerssen-test.odoo.rgbconsulting.com\/wp-content\/uploads\/2022\/03\/37508.jpg\",\"contentUrl\":\"https:\/\/wpguerssen-test.odoo.rgbconsulting.com\/wp-content\/uploads\/2022\/03\/37508.jpg\",\"width\":1500,\"height\":1500,\"caption\":\"Baris - D\u00fcnden B\u00fcgune (Picture Disc) - GUERSSEN (LP) | Guerssen\"},{\"@type\":\"BreadcrumbList\",\"@id\":\"https:\/\/wpguerssen-test.odoo.rgbconsulting.com\/es\/producto\/dunden-bugune-picture-disc\/#breadcrumb\",\"itemListElement\":[{\"@type\":\"ListItem\",\"position\":1,\"name\":\"Inicio\",\"item\":\"https:\/\/wpguerssen-test.odoo.rgbconsulting.com\/es\/\"},{\"@type\":\"ListItem\",\"position\":2,\"name\":\"Shop\",\"item\":\"https:\/\/wpguerssen-test.odoo.rgbconsulting.com\/shop\/\"},{\"@type\":\"ListItem\",\"position\":3,\"name\":\"D\u00fcnden B\u00fcgune (Picture Disc)\"}]},{\"@type\":\"WebSite\",\"@id\":\"https:\/\/wpguerssen-test.odoo.rgbconsulting.com\/es\/#website\",\"url\":\"https:\/\/wpguerssen-test.odoo.rgbconsulting.com\/es\/\",\"name\":\"Guerssen records\",\"description\":\"psychedelia - progressive - folk - garage \",\"publisher\":{\"@id\":\"https:\/\/wpguerssen-test.odoo.rgbconsulting.com\/es\/#organization\"},\"potentialAction\":[{\"@type\":\"SearchAction\",\"target\":{\"@type\":\"EntryPoint\",\"urlTemplate\":\"https:\/\/wpguerssen-test.odoo.rgbconsulting.com\/es\/?s={search_term_string}\"},\"query-input\":{\"@type\":\"PropertyValueSpecification\",\"valueRequired\":true,\"valueName\":\"search_term_string\"}}],\"inLanguage\":\"es\"},{\"@type\":\"Organization\",\"@id\":\"https:\/\/wpguerssen-test.odoo.rgbconsulting.com\/es\/#organization\",\"name\":\"Guerssen records\",\"url\":\"https:\/\/wpguerssen-test.odoo.rgbconsulting.com\/es\/\",\"logo\":{\"@type\":\"ImageObject\",\"inLanguage\":\"es\",\"@id\":\"https:\/\/wpguerssen-test.odoo.rgbconsulting.com\/es\/#\/schema\/logo\/image\/\",\"url\":\"https:\/\/wpguerssen-test.odoo.rgbconsulting.com\/wp-content\/uploads\/2022\/04\/Logo_Guerssen_trans_100.png\",\"contentUrl\":\"https:\/\/wpguerssen-test.odoo.rgbconsulting.com\/wp-content\/uploads\/2022\/04\/Logo_Guerssen_trans_100.png\",\"width\":122,\"height\":100,\"caption\":\"Guerssen records\"},\"image\":{\"@id\":\"https:\/\/wpguerssen-test.odoo.rgbconsulting.com\/es\/#\/schema\/logo\/image\/\"}}]}<\/script>\n<!-- \/ Yoast SEO plugin. -->","yoast_head_json":{"title":"MAN\u00c7O, Baris - D\u00fcnden B\u00fcgune (Picture Disc) -  (LP) | Guerssen","description":"FIRST EVER PICTURE DISC REISSUE #nl# LIMITED TO 500 HAND-NUMBERED COPIES #nl# One of the leading Turkish rock musicians ever and one of the most influent, along with Erkin Koray, Edip Akbayram and Cem Karaca. This is his first longplayer, released in 1971 by Sayan Productions. It's a compilation of tracks taken from previously released 45s, plus the track \"Lory\" that only appeared on this album. Killer psych rock with strong Turkish flavour, this features Baris' all-time classics like \"Derule\" or \"Daglar Daglar\", as well as the brutal wah-wah flooded \"K\u00fc\u00e7\u00fck bir gece m\u00fczigi\" with its infectious drumming that drives mad anyone searching for sampling stuff. #nl# Not to be confused with two different releases with the same name that actually have different tracklist and artwork, this is the real album as it was originally released, reissued for the first time as a cool picture disc. #nl# Tracklist: Daglar Daglar - Kirpiklerin ok ok eyle - Kagizman - K\u00fc\u00e7\u00fck bir gece m\u00fczigi - Kol d\u00fcgmeleri - Derule - Iste hendek iste deve - Seher vakti - Anadolu - Aglama degmez hayat - Lory - Katip arzuhalim yaz yare b\u00f6yle","robots":{"index":"index","follow":"follow","max-snippet":"max-snippet:-1","max-image-preview":"max-image-preview:large","max-video-preview":"max-video-preview:-1"},"canonical":"https:\/\/wpguerssen-test.odoo.rgbconsulting.com\/es\/producto\/dunden-bugune-picture-disc\/","og_locale":"es_ES","og_type":"article","og_title":"MAN\u00c7O, Baris - D\u00fcnden B\u00fcgune (Picture Disc) -  (LP) | Guerssen","og_description":"FIRST EVER PICTURE DISC REISSUE #nl# LIMITED TO 500 HAND-NUMBERED COPIES #nl# One of the leading Turkish rock musicians ever and one of the most influent, along with Erkin Koray, Edip Akbayram and Cem Karaca. This is his first longplayer, released in 1971 by Sayan Productions. It's a compilation of tracks taken from previously released 45s, plus the track \"Lory\" that only appeared on this album. Killer psych rock with strong Turkish flavour, this features Baris' all-time classics like \"Derule\" or \"Daglar Daglar\", as well as the brutal wah-wah flooded \"K\u00fc\u00e7\u00fck bir gece m\u00fczigi\" with its infectious drumming that drives mad anyone searching for sampling stuff. #nl# Not to be confused with two different releases with the same name that actually have different tracklist and artwork, this is the real album as it was originally released, reissued for the first time as a cool picture disc. #nl# Tracklist: Daglar Daglar - Kirpiklerin ok ok eyle - Kagizman - K\u00fc\u00e7\u00fck bir gece m\u00fczigi - Kol d\u00fcgmeleri - Derule - Iste hendek iste deve - Seher vakti - Anadolu - Aglama degmez hayat - Lory - Katip arzuhalim yaz yare b\u00f6yle","og_url":"https:\/\/wpguerssen-test.odoo.rgbconsulting.com\/es\/producto\/dunden-bugune-picture-disc\/","og_site_name":"Guerssen records","article_modified_time":"2025-04-16T15:56:07+00:00","og_image":[{"width":1500,"height":1500,"url":"https:\/\/wpguerssen-test.odoo.rgbconsulting.com\/wp-content\/uploads\/2022\/03\/37508.jpg","type":"image\/jpeg"}],"twitter_card":"summary_large_image","twitter_title":"MAN\u00c7O, Baris - D\u00fcnden B\u00fcgune (Picture Disc) -  (LP) | Guerssen","twitter_misc":{"Tiempo de lectura":"1 minuto"},"schema":{"@context":"https:\/\/schema.org","@graph":[{"@type":"WebPage","@id":"https:\/\/wpguerssen-test.odoo.rgbconsulting.com\/es\/producto\/dunden-bugune-picture-disc\/","url":"https:\/\/wpguerssen-test.odoo.rgbconsulting.com\/es\/producto\/dunden-bugune-picture-disc\/","name":"MAN\u00c7O, Baris - D\u00fcnden B\u00fcgune (Picture Disc) - (LP) | Guerssen","isPartOf":{"@id":"https:\/\/wpguerssen-test.odoo.rgbconsulting.com\/es\/#website"},"primaryImageOfPage":{"@id":"https:\/\/wpguerssen-test.odoo.rgbconsulting.com\/es\/producto\/dunden-bugune-picture-disc\/#primaryimage"},"image":{"@id":"https:\/\/wpguerssen-test.odoo.rgbconsulting.com\/es\/producto\/dunden-bugune-picture-disc\/#primaryimage"},"thumbnailUrl":"https:\/\/wpguerssen-test.odoo.rgbconsulting.com\/wp-content\/uploads\/2022\/03\/37508.jpg","datePublished":"2021-02-23T23:00:00+00:00","dateModified":"2025-04-16T15:56:07+00:00","description":"FIRST EVER PICTURE DISC REISSUE #nl# LIMITED TO 500 HAND-NUMBERED COPIES #nl# One of the leading Turkish rock musicians ever and one of the most influent, along with Erkin Koray, Edip Akbayram and Cem Karaca. This is his first longplayer, released in 1971 by Sayan Productions. It's a compilation of tracks taken from previously released 45s, plus the track \"Lory\" that only appeared on this album. Killer psych rock with strong Turkish flavour, this features Baris' all-time classics like \"Derule\" or \"Daglar Daglar\", as well as the brutal wah-wah flooded \"K\u00fc\u00e7\u00fck bir gece m\u00fczigi\" with its infectious drumming that drives mad anyone searching for sampling stuff. #nl# Not to be confused with two different releases with the same name that actually have different tracklist and artwork, this is the real album as it was originally released, reissued for the first time as a cool picture disc. #nl# Tracklist: Daglar Daglar - Kirpiklerin ok ok eyle - Kagizman - K\u00fc\u00e7\u00fck bir gece m\u00fczigi - Kol d\u00fcgmeleri - Derule - Iste hendek iste deve - Seher vakti - Anadolu - Aglama degmez hayat - Lory - Katip arzuhalim yaz yare b\u00f6yle","breadcrumb":{"@id":"https:\/\/wpguerssen-test.odoo.rgbconsulting.com\/es\/producto\/dunden-bugune-picture-disc\/#breadcrumb"},"inLanguage":"es","potentialAction":[{"@type":"ReadAction","target":["https:\/\/wpguerssen-test.odoo.rgbconsulting.com\/es\/producto\/dunden-bugune-picture-disc\/"]}]},{"@type":"ImageObject","inLanguage":"es","@id":"https:\/\/wpguerssen-test.odoo.rgbconsulting.com\/es\/producto\/dunden-bugune-picture-disc\/#primaryimage","url":"https:\/\/wpguerssen-test.odoo.rgbconsulting.com\/wp-content\/uploads\/2022\/03\/37508.jpg","contentUrl":"https:\/\/wpguerssen-test.odoo.rgbconsulting.com\/wp-content\/uploads\/2022\/03\/37508.jpg","width":1500,"height":1500,"caption":"Baris - D\u00fcnden B\u00fcgune (Picture Disc) - GUERSSEN (LP) | Guerssen"},{"@type":"BreadcrumbList","@id":"https:\/\/wpguerssen-test.odoo.rgbconsulting.com\/es\/producto\/dunden-bugune-picture-disc\/#breadcrumb","itemListElement":[{"@type":"ListItem","position":1,"name":"Inicio","item":"https:\/\/wpguerssen-test.odoo.rgbconsulting.com\/es\/"},{"@type":"ListItem","position":2,"name":"Shop","item":"https:\/\/wpguerssen-test.odoo.rgbconsulting.com\/shop\/"},{"@type":"ListItem","position":3,"name":"D\u00fcnden B\u00fcgune (Picture Disc)"}]},{"@type":"WebSite","@id":"https:\/\/wpguerssen-test.odoo.rgbconsulting.com\/es\/#website","url":"https:\/\/wpguerssen-test.odoo.rgbconsulting.com\/es\/","name":"Guerssen records","description":"psychedelia - progressive - folk - garage ","publisher":{"@id":"https:\/\/wpguerssen-test.odoo.rgbconsulting.com\/es\/#organization"},"potentialAction":[{"@type":"SearchAction","target":{"@type":"EntryPoint","urlTemplate":"https:\/\/wpguerssen-test.odoo.rgbconsulting.com\/es\/?s={search_term_string}"},"query-input":{"@type":"PropertyValueSpecification","valueRequired":true,"valueName":"search_term_string"}}],"inLanguage":"es"},{"@type":"Organization","@id":"https:\/\/wpguerssen-test.odoo.rgbconsulting.com\/es\/#organization","name":"Guerssen records","url":"https:\/\/wpguerssen-test.odoo.rgbconsulting.com\/es\/","logo":{"@type":"ImageObject","inLanguage":"es","@id":"https:\/\/wpguerssen-test.odoo.rgbconsulting.com\/es\/#\/schema\/logo\/image\/","url":"https:\/\/wpguerssen-test.odoo.rgbconsulting.com\/wp-content\/uploads\/2022\/04\/Logo_Guerssen_trans_100.png","contentUrl":"https:\/\/wpguerssen-test.odoo.rgbconsulting.com\/wp-content\/uploads\/2022\/04\/Logo_Guerssen_trans_100.png","width":122,"height":100,"caption":"Guerssen records"},"image":{"@id":"https:\/\/wpguerssen-test.odoo.rgbconsulting.com\/es\/#\/schema\/logo\/image\/"}}]}},"_links":{"self":[{"href":"https:\/\/wpguerssen-test.odoo.rgbconsulting.com\/es\/wp-json\/wp\/v2\/product\/240163","targetHints":{"allow":["GET"]}}],"collection":[{"href":"https:\/\/wpguerssen-test.odoo.rgbconsulting.com\/es\/wp-json\/wp\/v2\/product"}],"about":[{"href":"https:\/\/wpguerssen-test.odoo.rgbconsulting.com\/es\/wp-json\/wp\/v2\/types\/product"}],"wp:featuredmedia":[{"embeddable":true,"href":"https:\/\/wpguerssen-test.odoo.rgbconsulting.com\/es\/wp-json\/wp\/v2\/media\/127422"}],"wp:attachment":[{"href":"https:\/\/wpguerssen-test.odoo.rgbconsulting.com\/es\/wp-json\/wp\/v2\/media?parent=240163"}],"wp:term":[{"taxonomy":"product_brand","embeddable":true,"href":"https:\/\/wpguerssen-test.odoo.rgbconsulting.com\/es\/wp-json\/wp\/v2\/product_brand?post=240163"},{"taxonomy":"product_cat","embeddable":true,"href":"https:\/\/wpguerssen-test.odoo.rgbconsulting.com\/es\/wp-json\/wp\/v2\/product_cat?post=240163"},{"taxonomy":"product_tag","embeddable":true,"href":"https:\/\/wpguerssen-test.odoo.rgbconsulting.com\/es\/wp-json\/wp\/v2\/product_tag?post=240163"}],"curies":[{"name":"wp","href":"https:\/\/api.w.org\/{rel}","templated":true}]}}