{"id":240168,"date":"2022-10-07T00:00:00","date_gmt":"2022-10-06T22:00:00","guid":{"rendered":"https:\/\/wpguerssen-test.odoo.rgbconsulting.com\/product\/solid-oak-splatter\/"},"modified":"2025-04-29T13:32:58","modified_gmt":"2025-04-29T11:32:58","slug":"solid-oak-splatter","status":"publish","type":"product","link":"https:\/\/wpguerssen-test.odoo.rgbconsulting.com\/es\/producto\/solid-oak-splatter\/","title":{"rendered":"Solid Oak (splatter)"},"content":{"rendered":"<p>VINILO SPLATTER, S\u00d3LO 313 COPIAS NUMERADAS A MANO!!! <\/p>\n<p> Uno de los discos privados USA m\u00e1s raros y buscados, editado originalmente en 1972 por este grupo de Mansfield, Ohio. <\/p>\n<p> Rock psicod\u00e9lico con flashes hard y garajeros, buena guitarra y \u00f3rgano. Incluye la impresionante \u00abSong Of A Sinner\u00bb (siete minutos de \u00e1cida y atmosf\u00e9rica psicodelia) y m\u00e1s! <\/p>\n<p> Sonido de los m\u00e1sters originales. <\/p>\n<p> Portada de cart\u00f3n duro + OBI. <\/p>\n<p> Insert con notas por el miembro del grupo Steve Geary y fotos. <\/p>\n<p> Cup\u00f3n de descarga digital. <\/p>\n<p> &#8230;una de las leyendas originales dentro de la escena local de prensajes privados&#8230;\u00bb &#8211; Patrick Lundborg (Acid Archives). <\/p>\n<p> Tracklist:<br \/>Side A: A1. Song Of A Sinner &#8211; A2. What Happened Before They Took The People Away &#8211; A3. Middle Class America &#8211; A4. Time Passes Much Too Quickly<br \/>Side B: B1. Messed Up &#8211; B2. Baker&#8217;s Boogie &#8211; B3. What&#8217;s In Store &#8211; B4. Sweet Memories &#8211; B5. Lies<\/p>\n","protected":false},"excerpt":{"rendered":"<p>VINILO SPLATTER, S\u00d3LO 313 COPIAS NUMERADAS A MANO!!! <\/p>\n<p>\u00a0<\/p>\n<p> Uno de los discos privados USA m\u00e1s raros y buscados, editado originalmente en 1972 por este<a class=\"read\" href=\"https:\/\/wpguerssen-test.odoo.rgbconsulting.com\/es\/producto\/solid-oak-splatter\/\"> (...)<\/a>","protected":false},"featured_media":218089,"template":"","meta":{"_acf_changed":false},"product_brand":[],"product_cat":[24508,21639],"product_tag":[29140],"class_list":{"0":"post-240168","1":"product","2":"type-product","3":"status-publish","4":"has-post-thumbnail","6":"product_cat-uncategorized","7":"product_cat-psychedelic60s-70s-es","8":"product_tag-color-vinyl-es","9":"pa_artist-top-drawer","10":"pa_format-lp-es","11":"pa_gender-psychedelic60s-70s","12":"pa_label-guerssen-es","13":"pa_location-north-america-es","14":"pa_other-filters-vinyl-only-es","16":"first","17":"instock","18":"taxable","19":"shipping-taxable","20":"purchasable","21":"product-type-simple"},"acf":[],"yoast_head":"<!-- This site is optimized with the Yoast SEO plugin v24.9 - https:\/\/yoast.com\/wordpress\/plugins\/seo\/ -->\n<title>TOP DRAWER - Solid Oak (splatter) -  (LP) | Guerssen<\/title>\n<meta name=\"description\" content=\"SPLATTER VINYL, 313 HAND-NUMBERED COPIES ONLY! #nl# One of the rarest private pressings from the US, originally released in 1972 by this band from Mansfiel, Ohio. Psychedelic hard rock with a charming, homemade feel. Including the monster psych opus &quot;Song Of A Sinner&quot; plus more cool tracks with great guitar\/organ interplay. #nl# *Sourced from the original master tapes #nl# *Hard cardboard sleeve + OBI #nl# *Insert with liner notes by band member Steve Geary and photos #nl# *Digital Download Card #nl# &quot;...one of the original legends of the private and local press scene...&quot;- Patrick Lundborg (Acid Archives) #nl# Tracklist:Side A: A1. Song Of A Sinner - A2. What Happened Before They Took The People Away - A3. Middle Class America - A4. Time Passes Much Too QuicklySide B: B1. Messed Up - B2. Baker&#039;s Boogie - B3. What&#039;s In Store - B4. Sweet Memories - B5. Lies #nl# Tracklist:Side A: A1. Song Of A Sinner - A2. What Happened Before They Took The People Away - A3. Middle Class America - A4. Time Passes Much Too QuicklySide B: B1. Messed Up - B2. Baker&#039;s Boogie - B3. What&#039;s In Store - B4. Sweet Memories - B5. Lies\" \/>\n<meta name=\"robots\" content=\"index, follow, max-snippet:-1, max-image-preview:large, max-video-preview:-1\" \/>\n<link rel=\"canonical\" href=\"https:\/\/wpguerssen-test.odoo.rgbconsulting.com\/es\/producto\/solid-oak-splatter\/\" \/>\n<meta property=\"og:locale\" content=\"es_ES\" \/>\n<meta property=\"og:type\" content=\"article\" \/>\n<meta property=\"og:title\" content=\"TOP DRAWER - Solid Oak (splatter) -  (LP) | Guerssen\" \/>\n<meta property=\"og:description\" content=\"SPLATTER VINYL, 313 HAND-NUMBERED COPIES ONLY! #nl# One of the rarest private pressings from the US, originally released in 1972 by this band from Mansfiel, Ohio. Psychedelic hard rock with a charming, homemade feel. Including the monster psych opus &quot;Song Of A Sinner&quot; plus more cool tracks with great guitar\/organ interplay. #nl# *Sourced from the original master tapes #nl# *Hard cardboard sleeve + OBI #nl# *Insert with liner notes by band member Steve Geary and photos #nl# *Digital Download Card #nl# &quot;...one of the original legends of the private and local press scene...&quot;- Patrick Lundborg (Acid Archives) #nl# Tracklist:Side A: A1. Song Of A Sinner - A2. What Happened Before They Took The People Away - A3. Middle Class America - A4. Time Passes Much Too QuicklySide B: B1. Messed Up - B2. Baker&#039;s Boogie - B3. What&#039;s In Store - B4. Sweet Memories - B5. Lies #nl# Tracklist:Side A: A1. Song Of A Sinner - A2. What Happened Before They Took The People Away - A3. Middle Class America - A4. Time Passes Much Too QuicklySide B: B1. Messed Up - B2. Baker&#039;s Boogie - B3. What&#039;s In Store - B4. Sweet Memories - B5. Lies\" \/>\n<meta property=\"og:url\" content=\"https:\/\/wpguerssen-test.odoo.rgbconsulting.com\/es\/producto\/solid-oak-splatter\/\" \/>\n<meta property=\"og:site_name\" content=\"Guerssen records\" \/>\n<meta property=\"article:modified_time\" content=\"2025-04-29T11:32:58+00:00\" \/>\n<meta property=\"og:image\" content=\"https:\/\/wpguerssen-test.odoo.rgbconsulting.com\/wp-content\/uploads\/2022\/09\/41873-1024x1024.jpg\" \/>\n\t<meta property=\"og:image:width\" content=\"1024\" \/>\n\t<meta property=\"og:image:height\" content=\"1024\" \/>\n\t<meta property=\"og:image:type\" content=\"image\/jpeg\" \/>\n<meta name=\"twitter:card\" content=\"summary_large_image\" \/>\n<meta name=\"twitter:title\" content=\"TOP DRAWER - Solid Oak (splatter) -  (LP) | Guerssen\" \/>\n<meta name=\"twitter:label1\" content=\"Tiempo de lectura\" \/>\n\t<meta name=\"twitter:data1\" content=\"1 minuto\" \/>\n<script type=\"application\/ld+json\" class=\"yoast-schema-graph\">{\"@context\":\"https:\/\/schema.org\",\"@graph\":[{\"@type\":\"WebPage\",\"@id\":\"https:\/\/wpguerssen-test.odoo.rgbconsulting.com\/es\/producto\/solid-oak-splatter\/\",\"url\":\"https:\/\/wpguerssen-test.odoo.rgbconsulting.com\/es\/producto\/solid-oak-splatter\/\",\"name\":\"TOP DRAWER - Solid Oak (splatter) - (LP) | Guerssen\",\"isPartOf\":{\"@id\":\"https:\/\/wpguerssen-test.odoo.rgbconsulting.com\/es\/#website\"},\"primaryImageOfPage\":{\"@id\":\"https:\/\/wpguerssen-test.odoo.rgbconsulting.com\/es\/producto\/solid-oak-splatter\/#primaryimage\"},\"image\":{\"@id\":\"https:\/\/wpguerssen-test.odoo.rgbconsulting.com\/es\/producto\/solid-oak-splatter\/#primaryimage\"},\"thumbnailUrl\":\"https:\/\/wpguerssen-test.odoo.rgbconsulting.com\/wp-content\/uploads\/2022\/09\/41873.jpg\",\"datePublished\":\"2022-10-06T22:00:00+00:00\",\"dateModified\":\"2025-04-29T11:32:58+00:00\",\"description\":\"SPLATTER VINYL, 313 HAND-NUMBERED COPIES ONLY! #nl# One of the rarest private pressings from the US, originally released in 1972 by this band from Mansfiel, Ohio. Psychedelic hard rock with a charming, homemade feel. Including the monster psych opus \\\"Song Of A Sinner\\\" plus more cool tracks with great guitar\/organ interplay. #nl# *Sourced from the original master tapes #nl# *Hard cardboard sleeve + OBI #nl# *Insert with liner notes by band member Steve Geary and photos #nl# *Digital Download Card #nl# \\\"...one of the original legends of the private and local press scene...\\\"- Patrick Lundborg (Acid Archives) #nl# Tracklist:Side A: A1. Song Of A Sinner - A2. What Happened Before They Took The People Away - A3. Middle Class America - A4. Time Passes Much Too QuicklySide B: B1. Messed Up - B2. Baker's Boogie - B3. What's In Store - B4. Sweet Memories - B5. Lies #nl# Tracklist:Side A: A1. Song Of A Sinner - A2. What Happened Before They Took The People Away - A3. Middle Class America - A4. Time Passes Much Too QuicklySide B: B1. Messed Up - B2. Baker's Boogie - B3. What's In Store - B4. Sweet Memories - B5. Lies\",\"breadcrumb\":{\"@id\":\"https:\/\/wpguerssen-test.odoo.rgbconsulting.com\/es\/producto\/solid-oak-splatter\/#breadcrumb\"},\"inLanguage\":\"es\",\"potentialAction\":[{\"@type\":\"ReadAction\",\"target\":[\"https:\/\/wpguerssen-test.odoo.rgbconsulting.com\/es\/producto\/solid-oak-splatter\/\"]}]},{\"@type\":\"ImageObject\",\"inLanguage\":\"es\",\"@id\":\"https:\/\/wpguerssen-test.odoo.rgbconsulting.com\/es\/producto\/solid-oak-splatter\/#primaryimage\",\"url\":\"https:\/\/wpguerssen-test.odoo.rgbconsulting.com\/wp-content\/uploads\/2022\/09\/41873.jpg\",\"contentUrl\":\"https:\/\/wpguerssen-test.odoo.rgbconsulting.com\/wp-content\/uploads\/2022\/09\/41873.jpg\",\"width\":1400,\"height\":1400},{\"@type\":\"BreadcrumbList\",\"@id\":\"https:\/\/wpguerssen-test.odoo.rgbconsulting.com\/es\/producto\/solid-oak-splatter\/#breadcrumb\",\"itemListElement\":[{\"@type\":\"ListItem\",\"position\":1,\"name\":\"Inicio\",\"item\":\"https:\/\/wpguerssen-test.odoo.rgbconsulting.com\/es\/\"},{\"@type\":\"ListItem\",\"position\":2,\"name\":\"Shop\",\"item\":\"https:\/\/wpguerssen-test.odoo.rgbconsulting.com\/shop\/\"},{\"@type\":\"ListItem\",\"position\":3,\"name\":\"Solid Oak (splatter)\"}]},{\"@type\":\"WebSite\",\"@id\":\"https:\/\/wpguerssen-test.odoo.rgbconsulting.com\/es\/#website\",\"url\":\"https:\/\/wpguerssen-test.odoo.rgbconsulting.com\/es\/\",\"name\":\"Guerssen records\",\"description\":\"psychedelia - progressive - folk - garage \",\"publisher\":{\"@id\":\"https:\/\/wpguerssen-test.odoo.rgbconsulting.com\/es\/#organization\"},\"potentialAction\":[{\"@type\":\"SearchAction\",\"target\":{\"@type\":\"EntryPoint\",\"urlTemplate\":\"https:\/\/wpguerssen-test.odoo.rgbconsulting.com\/es\/?s={search_term_string}\"},\"query-input\":{\"@type\":\"PropertyValueSpecification\",\"valueRequired\":true,\"valueName\":\"search_term_string\"}}],\"inLanguage\":\"es\"},{\"@type\":\"Organization\",\"@id\":\"https:\/\/wpguerssen-test.odoo.rgbconsulting.com\/es\/#organization\",\"name\":\"Guerssen records\",\"url\":\"https:\/\/wpguerssen-test.odoo.rgbconsulting.com\/es\/\",\"logo\":{\"@type\":\"ImageObject\",\"inLanguage\":\"es\",\"@id\":\"https:\/\/wpguerssen-test.odoo.rgbconsulting.com\/es\/#\/schema\/logo\/image\/\",\"url\":\"https:\/\/wpguerssen-test.odoo.rgbconsulting.com\/wp-content\/uploads\/2022\/04\/Logo_Guerssen_trans_100.png\",\"contentUrl\":\"https:\/\/wpguerssen-test.odoo.rgbconsulting.com\/wp-content\/uploads\/2022\/04\/Logo_Guerssen_trans_100.png\",\"width\":122,\"height\":100,\"caption\":\"Guerssen records\"},\"image\":{\"@id\":\"https:\/\/wpguerssen-test.odoo.rgbconsulting.com\/es\/#\/schema\/logo\/image\/\"}}]}<\/script>\n<!-- \/ Yoast SEO plugin. -->","yoast_head_json":{"title":"TOP DRAWER - Solid Oak (splatter) -  (LP) | Guerssen","description":"SPLATTER VINYL, 313 HAND-NUMBERED COPIES ONLY! #nl# One of the rarest private pressings from the US, originally released in 1972 by this band from Mansfiel, Ohio. Psychedelic hard rock with a charming, homemade feel. Including the monster psych opus \"Song Of A Sinner\" plus more cool tracks with great guitar\/organ interplay. #nl# *Sourced from the original master tapes #nl# *Hard cardboard sleeve + OBI #nl# *Insert with liner notes by band member Steve Geary and photos #nl# *Digital Download Card #nl# \"...one of the original legends of the private and local press scene...\"- Patrick Lundborg (Acid Archives) #nl# Tracklist:Side A: A1. Song Of A Sinner - A2. What Happened Before They Took The People Away - A3. Middle Class America - A4. Time Passes Much Too QuicklySide B: B1. Messed Up - B2. Baker's Boogie - B3. What's In Store - B4. Sweet Memories - B5. Lies #nl# Tracklist:Side A: A1. Song Of A Sinner - A2. What Happened Before They Took The People Away - A3. Middle Class America - A4. Time Passes Much Too QuicklySide B: B1. Messed Up - B2. Baker's Boogie - B3. What's In Store - B4. Sweet Memories - B5. Lies","robots":{"index":"index","follow":"follow","max-snippet":"max-snippet:-1","max-image-preview":"max-image-preview:large","max-video-preview":"max-video-preview:-1"},"canonical":"https:\/\/wpguerssen-test.odoo.rgbconsulting.com\/es\/producto\/solid-oak-splatter\/","og_locale":"es_ES","og_type":"article","og_title":"TOP DRAWER - Solid Oak (splatter) -  (LP) | Guerssen","og_description":"SPLATTER VINYL, 313 HAND-NUMBERED COPIES ONLY! #nl# One of the rarest private pressings from the US, originally released in 1972 by this band from Mansfiel, Ohio. Psychedelic hard rock with a charming, homemade feel. Including the monster psych opus \"Song Of A Sinner\" plus more cool tracks with great guitar\/organ interplay. #nl# *Sourced from the original master tapes #nl# *Hard cardboard sleeve + OBI #nl# *Insert with liner notes by band member Steve Geary and photos #nl# *Digital Download Card #nl# \"...one of the original legends of the private and local press scene...\"- Patrick Lundborg (Acid Archives) #nl# Tracklist:Side A: A1. Song Of A Sinner - A2. What Happened Before They Took The People Away - A3. Middle Class America - A4. Time Passes Much Too QuicklySide B: B1. Messed Up - B2. Baker's Boogie - B3. What's In Store - B4. Sweet Memories - B5. Lies #nl# Tracklist:Side A: A1. Song Of A Sinner - A2. What Happened Before They Took The People Away - A3. Middle Class America - A4. Time Passes Much Too QuicklySide B: B1. Messed Up - B2. Baker's Boogie - B3. What's In Store - B4. Sweet Memories - B5. Lies","og_url":"https:\/\/wpguerssen-test.odoo.rgbconsulting.com\/es\/producto\/solid-oak-splatter\/","og_site_name":"Guerssen records","article_modified_time":"2025-04-29T11:32:58+00:00","og_image":[{"width":1024,"height":1024,"url":"https:\/\/wpguerssen-test.odoo.rgbconsulting.com\/wp-content\/uploads\/2022\/09\/41873-1024x1024.jpg","type":"image\/jpeg"}],"twitter_card":"summary_large_image","twitter_title":"TOP DRAWER - Solid Oak (splatter) -  (LP) | Guerssen","twitter_misc":{"Tiempo de lectura":"1 minuto"},"schema":{"@context":"https:\/\/schema.org","@graph":[{"@type":"WebPage","@id":"https:\/\/wpguerssen-test.odoo.rgbconsulting.com\/es\/producto\/solid-oak-splatter\/","url":"https:\/\/wpguerssen-test.odoo.rgbconsulting.com\/es\/producto\/solid-oak-splatter\/","name":"TOP DRAWER - Solid Oak (splatter) - (LP) | Guerssen","isPartOf":{"@id":"https:\/\/wpguerssen-test.odoo.rgbconsulting.com\/es\/#website"},"primaryImageOfPage":{"@id":"https:\/\/wpguerssen-test.odoo.rgbconsulting.com\/es\/producto\/solid-oak-splatter\/#primaryimage"},"image":{"@id":"https:\/\/wpguerssen-test.odoo.rgbconsulting.com\/es\/producto\/solid-oak-splatter\/#primaryimage"},"thumbnailUrl":"https:\/\/wpguerssen-test.odoo.rgbconsulting.com\/wp-content\/uploads\/2022\/09\/41873.jpg","datePublished":"2022-10-06T22:00:00+00:00","dateModified":"2025-04-29T11:32:58+00:00","description":"SPLATTER VINYL, 313 HAND-NUMBERED COPIES ONLY! #nl# One of the rarest private pressings from the US, originally released in 1972 by this band from Mansfiel, Ohio. Psychedelic hard rock with a charming, homemade feel. Including the monster psych opus \"Song Of A Sinner\" plus more cool tracks with great guitar\/organ interplay. #nl# *Sourced from the original master tapes #nl# *Hard cardboard sleeve + OBI #nl# *Insert with liner notes by band member Steve Geary and photos #nl# *Digital Download Card #nl# \"...one of the original legends of the private and local press scene...\"- Patrick Lundborg (Acid Archives) #nl# Tracklist:Side A: A1. Song Of A Sinner - A2. What Happened Before They Took The People Away - A3. Middle Class America - A4. Time Passes Much Too QuicklySide B: B1. Messed Up - B2. Baker's Boogie - B3. What's In Store - B4. Sweet Memories - B5. Lies #nl# Tracklist:Side A: A1. Song Of A Sinner - A2. What Happened Before They Took The People Away - A3. Middle Class America - A4. Time Passes Much Too QuicklySide B: B1. Messed Up - B2. Baker's Boogie - B3. What's In Store - B4. Sweet Memories - B5. Lies","breadcrumb":{"@id":"https:\/\/wpguerssen-test.odoo.rgbconsulting.com\/es\/producto\/solid-oak-splatter\/#breadcrumb"},"inLanguage":"es","potentialAction":[{"@type":"ReadAction","target":["https:\/\/wpguerssen-test.odoo.rgbconsulting.com\/es\/producto\/solid-oak-splatter\/"]}]},{"@type":"ImageObject","inLanguage":"es","@id":"https:\/\/wpguerssen-test.odoo.rgbconsulting.com\/es\/producto\/solid-oak-splatter\/#primaryimage","url":"https:\/\/wpguerssen-test.odoo.rgbconsulting.com\/wp-content\/uploads\/2022\/09\/41873.jpg","contentUrl":"https:\/\/wpguerssen-test.odoo.rgbconsulting.com\/wp-content\/uploads\/2022\/09\/41873.jpg","width":1400,"height":1400},{"@type":"BreadcrumbList","@id":"https:\/\/wpguerssen-test.odoo.rgbconsulting.com\/es\/producto\/solid-oak-splatter\/#breadcrumb","itemListElement":[{"@type":"ListItem","position":1,"name":"Inicio","item":"https:\/\/wpguerssen-test.odoo.rgbconsulting.com\/es\/"},{"@type":"ListItem","position":2,"name":"Shop","item":"https:\/\/wpguerssen-test.odoo.rgbconsulting.com\/shop\/"},{"@type":"ListItem","position":3,"name":"Solid Oak (splatter)"}]},{"@type":"WebSite","@id":"https:\/\/wpguerssen-test.odoo.rgbconsulting.com\/es\/#website","url":"https:\/\/wpguerssen-test.odoo.rgbconsulting.com\/es\/","name":"Guerssen records","description":"psychedelia - progressive - folk - garage ","publisher":{"@id":"https:\/\/wpguerssen-test.odoo.rgbconsulting.com\/es\/#organization"},"potentialAction":[{"@type":"SearchAction","target":{"@type":"EntryPoint","urlTemplate":"https:\/\/wpguerssen-test.odoo.rgbconsulting.com\/es\/?s={search_term_string}"},"query-input":{"@type":"PropertyValueSpecification","valueRequired":true,"valueName":"search_term_string"}}],"inLanguage":"es"},{"@type":"Organization","@id":"https:\/\/wpguerssen-test.odoo.rgbconsulting.com\/es\/#organization","name":"Guerssen records","url":"https:\/\/wpguerssen-test.odoo.rgbconsulting.com\/es\/","logo":{"@type":"ImageObject","inLanguage":"es","@id":"https:\/\/wpguerssen-test.odoo.rgbconsulting.com\/es\/#\/schema\/logo\/image\/","url":"https:\/\/wpguerssen-test.odoo.rgbconsulting.com\/wp-content\/uploads\/2022\/04\/Logo_Guerssen_trans_100.png","contentUrl":"https:\/\/wpguerssen-test.odoo.rgbconsulting.com\/wp-content\/uploads\/2022\/04\/Logo_Guerssen_trans_100.png","width":122,"height":100,"caption":"Guerssen records"},"image":{"@id":"https:\/\/wpguerssen-test.odoo.rgbconsulting.com\/es\/#\/schema\/logo\/image\/"}}]}},"_links":{"self":[{"href":"https:\/\/wpguerssen-test.odoo.rgbconsulting.com\/es\/wp-json\/wp\/v2\/product\/240168","targetHints":{"allow":["GET"]}}],"collection":[{"href":"https:\/\/wpguerssen-test.odoo.rgbconsulting.com\/es\/wp-json\/wp\/v2\/product"}],"about":[{"href":"https:\/\/wpguerssen-test.odoo.rgbconsulting.com\/es\/wp-json\/wp\/v2\/types\/product"}],"wp:featuredmedia":[{"embeddable":true,"href":"https:\/\/wpguerssen-test.odoo.rgbconsulting.com\/es\/wp-json\/wp\/v2\/media\/218089"}],"wp:attachment":[{"href":"https:\/\/wpguerssen-test.odoo.rgbconsulting.com\/es\/wp-json\/wp\/v2\/media?parent=240168"}],"wp:term":[{"taxonomy":"product_brand","embeddable":true,"href":"https:\/\/wpguerssen-test.odoo.rgbconsulting.com\/es\/wp-json\/wp\/v2\/product_brand?post=240168"},{"taxonomy":"product_cat","embeddable":true,"href":"https:\/\/wpguerssen-test.odoo.rgbconsulting.com\/es\/wp-json\/wp\/v2\/product_cat?post=240168"},{"taxonomy":"product_tag","embeddable":true,"href":"https:\/\/wpguerssen-test.odoo.rgbconsulting.com\/es\/wp-json\/wp\/v2\/product_tag?post=240168"}],"curies":[{"name":"wp","href":"https:\/\/api.w.org\/{rel}","templated":true}]}}