{"id":240574,"date":"2023-10-02T00:00:00","date_gmt":"2023-10-01T22:00:00","guid":{"rendered":"https:\/\/wpguerssen-test.odoo.rgbconsulting.com\/product\/down-in-the-park-the-nyc-broadcast\/"},"modified":"2024-03-01T14:30:33","modified_gmt":"2024-03-01T13:30:33","slug":"down-in-the-park-the-nyc-broadcast","status":"publish","type":"product","link":"https:\/\/wpguerssen-test.odoo.rgbconsulting.com\/es\/producto\/down-in-the-park-the-nyc-broadcast\/","title":{"rendered":"Down In The Park &#8211; The NYC Broadcast"},"content":{"rendered":"<p>En octubre de 1994, poco despu\u00e9s de la muerte de Kurt Cobain, el baterista de Nirvana, Dave Grohl, volvi\u00f3 a entrar en el estudio de Robert Lang en Seattle, donde Nirvana hab\u00eda llevado a cabo sus \u00faltimas sesiones de grabaci\u00f3n. Con la intenci\u00f3n de crear demostraciones de su propio material, en el transcurso de una semana Grohl grabar\u00eda sus ideas en cinta. Excepto por algo de ayuda de guitarra de Greg Dulli en una pista, Grohl se convertir\u00eda literalmente en una banda de un solo hombre durante estas sesiones, escribiendo todas las canciones, tocando todos los instrumentos y cantando todas las voces \u00e9l mismo. Grabados en Tramps en la ciudad de Nueva York, estos m\u00fasicos actuaron como teloneros y como banda de acompa\u00f1amiento para Mike Watt. Experimente la alineaci\u00f3n inicial de Foo Fighters en vivo en el escenario, dos meses antes del lanzamiento de su primer \u00e1lbum.<\/p>\n","protected":false},"excerpt":{"rendered":"<p>En octubre de 1994, poco despu\u00e9s de la muerte de Kurt Cobain, el baterista de Nirvana, Dave Grohl, volvi\u00f3 a entrar en el estudio de Robert Lang en Seattle, donde<a class=\"read\" href=\"https:\/\/wpguerssen-test.odoo.rgbconsulting.com\/es\/producto\/down-in-the-park-the-nyc-broadcast\/\"> (...)<\/a>","protected":false},"featured_media":258377,"template":"","meta":{"_acf_changed":false},"product_brand":[],"product_cat":[23234],"product_tag":[],"class_list":{"0":"post-240574","1":"product","2":"type-product","3":"status-publish","4":"has-post-thumbnail","6":"product_cat-pop-rock-es","7":"pa_artist-foo-fighters-es","8":"pa_format-lp-es","9":"pa_gender-pop-rock","10":"pa_label-mind-control","11":"pa_location-north-america-es","12":"pa_other-filters-vinyl-only-es","14":"first","15":"instock","16":"taxable","17":"shipping-taxable","18":"purchasable","19":"product-type-simple"},"acf":[],"yoast_head":"<!-- This site is optimized with the Yoast SEO plugin v24.9 - https:\/\/yoast.com\/wordpress\/plugins\/seo\/ -->\n<title>FOO FIGHTERS - Down In The Park - The NYC Broadcast -  (LP) | Guerssen<\/title>\n<meta name=\"description\" content=\"In October of 1994, shortly after the death of Kurt Cobain, Nirvana drummer Dave Grohl re-entered Robert Lang&#039;s Seattle studio, where Nirvana had conducted their final recording sessions. Intending to create demos of his own material, over the course of a week Grohl would commit his ideas to tape. Except for some guitar assistance from Greg Dulli on one track, Grohl would literally become a one-man band during these sessions, writing all the songs, playing all the instruments and singing all the vocals himself. Recorded at Tramps in New York City, these musicians served as both an opening act and as backing band for Mike Watt. Experience the initial Foo Fighters lineup live on stage, two months prior to their first album release.\" \/>\n<meta name=\"robots\" content=\"index, follow, max-snippet:-1, max-image-preview:large, max-video-preview:-1\" \/>\n<link rel=\"canonical\" href=\"https:\/\/wpguerssen-test.odoo.rgbconsulting.com\/es\/producto\/down-in-the-park-the-nyc-broadcast\/\" \/>\n<meta property=\"og:locale\" content=\"es_ES\" \/>\n<meta property=\"og:type\" content=\"article\" \/>\n<meta property=\"og:title\" content=\"FOO FIGHTERS - Down In The Park - The NYC Broadcast -  (LP) | Guerssen\" \/>\n<meta property=\"og:description\" content=\"In October of 1994, shortly after the death of Kurt Cobain, Nirvana drummer Dave Grohl re-entered Robert Lang&#039;s Seattle studio, where Nirvana had conducted their final recording sessions. Intending to create demos of his own material, over the course of a week Grohl would commit his ideas to tape. Except for some guitar assistance from Greg Dulli on one track, Grohl would literally become a one-man band during these sessions, writing all the songs, playing all the instruments and singing all the vocals himself. Recorded at Tramps in New York City, these musicians served as both an opening act and as backing band for Mike Watt. Experience the initial Foo Fighters lineup live on stage, two months prior to their first album release.\" \/>\n<meta property=\"og:url\" content=\"https:\/\/wpguerssen-test.odoo.rgbconsulting.com\/es\/producto\/down-in-the-park-the-nyc-broadcast\/\" \/>\n<meta property=\"og:site_name\" content=\"Guerssen records\" \/>\n<meta property=\"article:modified_time\" content=\"2024-03-01T13:30:33+00:00\" \/>\n<meta property=\"og:image\" content=\"https:\/\/wpguerssen-test.odoo.rgbconsulting.com\/wp-content\/uploads\/2024\/02\/45346.jpg\" \/>\n\t<meta property=\"og:image:width\" content=\"550\" \/>\n\t<meta property=\"og:image:height\" content=\"554\" \/>\n\t<meta property=\"og:image:type\" content=\"image\/jpeg\" \/>\n<meta name=\"twitter:card\" content=\"summary_large_image\" \/>\n<meta name=\"twitter:title\" content=\"FOO FIGHTERS - Down In The Park - The NYC Broadcast -  (LP) | Guerssen\" \/>\n<meta name=\"twitter:label1\" content=\"Tiempo de lectura\" \/>\n\t<meta name=\"twitter:data1\" content=\"1 minuto\" \/>\n<script type=\"application\/ld+json\" class=\"yoast-schema-graph\">{\"@context\":\"https:\/\/schema.org\",\"@graph\":[{\"@type\":\"WebPage\",\"@id\":\"https:\/\/wpguerssen-test.odoo.rgbconsulting.com\/es\/producto\/down-in-the-park-the-nyc-broadcast\/\",\"url\":\"https:\/\/wpguerssen-test.odoo.rgbconsulting.com\/es\/producto\/down-in-the-park-the-nyc-broadcast\/\",\"name\":\"FOO FIGHTERS - Down In The Park - The NYC Broadcast - (LP) | Guerssen\",\"isPartOf\":{\"@id\":\"https:\/\/wpguerssen-test.odoo.rgbconsulting.com\/es\/#website\"},\"primaryImageOfPage\":{\"@id\":\"https:\/\/wpguerssen-test.odoo.rgbconsulting.com\/es\/producto\/down-in-the-park-the-nyc-broadcast\/#primaryimage\"},\"image\":{\"@id\":\"https:\/\/wpguerssen-test.odoo.rgbconsulting.com\/es\/producto\/down-in-the-park-the-nyc-broadcast\/#primaryimage\"},\"thumbnailUrl\":\"https:\/\/wpguerssen-test.odoo.rgbconsulting.com\/wp-content\/uploads\/2024\/02\/45346.jpg\",\"datePublished\":\"2023-10-01T22:00:00+00:00\",\"dateModified\":\"2024-03-01T13:30:33+00:00\",\"description\":\"In October of 1994, shortly after the death of Kurt Cobain, Nirvana drummer Dave Grohl re-entered Robert Lang's Seattle studio, where Nirvana had conducted their final recording sessions. Intending to create demos of his own material, over the course of a week Grohl would commit his ideas to tape. Except for some guitar assistance from Greg Dulli on one track, Grohl would literally become a one-man band during these sessions, writing all the songs, playing all the instruments and singing all the vocals himself. Recorded at Tramps in New York City, these musicians served as both an opening act and as backing band for Mike Watt. Experience the initial Foo Fighters lineup live on stage, two months prior to their first album release.\",\"breadcrumb\":{\"@id\":\"https:\/\/wpguerssen-test.odoo.rgbconsulting.com\/es\/producto\/down-in-the-park-the-nyc-broadcast\/#breadcrumb\"},\"inLanguage\":\"es\",\"potentialAction\":[{\"@type\":\"ReadAction\",\"target\":[\"https:\/\/wpguerssen-test.odoo.rgbconsulting.com\/es\/producto\/down-in-the-park-the-nyc-broadcast\/\"]}]},{\"@type\":\"ImageObject\",\"inLanguage\":\"es\",\"@id\":\"https:\/\/wpguerssen-test.odoo.rgbconsulting.com\/es\/producto\/down-in-the-park-the-nyc-broadcast\/#primaryimage\",\"url\":\"https:\/\/wpguerssen-test.odoo.rgbconsulting.com\/wp-content\/uploads\/2024\/02\/45346.jpg\",\"contentUrl\":\"https:\/\/wpguerssen-test.odoo.rgbconsulting.com\/wp-content\/uploads\/2024\/02\/45346.jpg\",\"width\":550,\"height\":554},{\"@type\":\"BreadcrumbList\",\"@id\":\"https:\/\/wpguerssen-test.odoo.rgbconsulting.com\/es\/producto\/down-in-the-park-the-nyc-broadcast\/#breadcrumb\",\"itemListElement\":[{\"@type\":\"ListItem\",\"position\":1,\"name\":\"Inicio\",\"item\":\"https:\/\/wpguerssen-test.odoo.rgbconsulting.com\/es\/\"},{\"@type\":\"ListItem\",\"position\":2,\"name\":\"Shop\",\"item\":\"https:\/\/wpguerssen-test.odoo.rgbconsulting.com\/shop\/\"},{\"@type\":\"ListItem\",\"position\":3,\"name\":\"Down In The Park &#8211; The NYC Broadcast\"}]},{\"@type\":\"WebSite\",\"@id\":\"https:\/\/wpguerssen-test.odoo.rgbconsulting.com\/es\/#website\",\"url\":\"https:\/\/wpguerssen-test.odoo.rgbconsulting.com\/es\/\",\"name\":\"Guerssen records\",\"description\":\"psychedelia - progressive - folk - garage \",\"publisher\":{\"@id\":\"https:\/\/wpguerssen-test.odoo.rgbconsulting.com\/es\/#organization\"},\"potentialAction\":[{\"@type\":\"SearchAction\",\"target\":{\"@type\":\"EntryPoint\",\"urlTemplate\":\"https:\/\/wpguerssen-test.odoo.rgbconsulting.com\/es\/?s={search_term_string}\"},\"query-input\":{\"@type\":\"PropertyValueSpecification\",\"valueRequired\":true,\"valueName\":\"search_term_string\"}}],\"inLanguage\":\"es\"},{\"@type\":\"Organization\",\"@id\":\"https:\/\/wpguerssen-test.odoo.rgbconsulting.com\/es\/#organization\",\"name\":\"Guerssen records\",\"url\":\"https:\/\/wpguerssen-test.odoo.rgbconsulting.com\/es\/\",\"logo\":{\"@type\":\"ImageObject\",\"inLanguage\":\"es\",\"@id\":\"https:\/\/wpguerssen-test.odoo.rgbconsulting.com\/es\/#\/schema\/logo\/image\/\",\"url\":\"https:\/\/wpguerssen-test.odoo.rgbconsulting.com\/wp-content\/uploads\/2022\/04\/Logo_Guerssen_trans_100.png\",\"contentUrl\":\"https:\/\/wpguerssen-test.odoo.rgbconsulting.com\/wp-content\/uploads\/2022\/04\/Logo_Guerssen_trans_100.png\",\"width\":122,\"height\":100,\"caption\":\"Guerssen records\"},\"image\":{\"@id\":\"https:\/\/wpguerssen-test.odoo.rgbconsulting.com\/es\/#\/schema\/logo\/image\/\"}}]}<\/script>\n<!-- \/ Yoast SEO plugin. -->","yoast_head_json":{"title":"FOO FIGHTERS - Down In The Park - The NYC Broadcast -  (LP) | Guerssen","description":"In October of 1994, shortly after the death of Kurt Cobain, Nirvana drummer Dave Grohl re-entered Robert Lang's Seattle studio, where Nirvana had conducted their final recording sessions. Intending to create demos of his own material, over the course of a week Grohl would commit his ideas to tape. Except for some guitar assistance from Greg Dulli on one track, Grohl would literally become a one-man band during these sessions, writing all the songs, playing all the instruments and singing all the vocals himself. Recorded at Tramps in New York City, these musicians served as both an opening act and as backing band for Mike Watt. Experience the initial Foo Fighters lineup live on stage, two months prior to their first album release.","robots":{"index":"index","follow":"follow","max-snippet":"max-snippet:-1","max-image-preview":"max-image-preview:large","max-video-preview":"max-video-preview:-1"},"canonical":"https:\/\/wpguerssen-test.odoo.rgbconsulting.com\/es\/producto\/down-in-the-park-the-nyc-broadcast\/","og_locale":"es_ES","og_type":"article","og_title":"FOO FIGHTERS - Down In The Park - The NYC Broadcast -  (LP) | Guerssen","og_description":"In October of 1994, shortly after the death of Kurt Cobain, Nirvana drummer Dave Grohl re-entered Robert Lang's Seattle studio, where Nirvana had conducted their final recording sessions. Intending to create demos of his own material, over the course of a week Grohl would commit his ideas to tape. Except for some guitar assistance from Greg Dulli on one track, Grohl would literally become a one-man band during these sessions, writing all the songs, playing all the instruments and singing all the vocals himself. Recorded at Tramps in New York City, these musicians served as both an opening act and as backing band for Mike Watt. Experience the initial Foo Fighters lineup live on stage, two months prior to their first album release.","og_url":"https:\/\/wpguerssen-test.odoo.rgbconsulting.com\/es\/producto\/down-in-the-park-the-nyc-broadcast\/","og_site_name":"Guerssen records","article_modified_time":"2024-03-01T13:30:33+00:00","og_image":[{"width":550,"height":554,"url":"https:\/\/wpguerssen-test.odoo.rgbconsulting.com\/wp-content\/uploads\/2024\/02\/45346.jpg","type":"image\/jpeg"}],"twitter_card":"summary_large_image","twitter_title":"FOO FIGHTERS - Down In The Park - The NYC Broadcast -  (LP) | Guerssen","twitter_misc":{"Tiempo de lectura":"1 minuto"},"schema":{"@context":"https:\/\/schema.org","@graph":[{"@type":"WebPage","@id":"https:\/\/wpguerssen-test.odoo.rgbconsulting.com\/es\/producto\/down-in-the-park-the-nyc-broadcast\/","url":"https:\/\/wpguerssen-test.odoo.rgbconsulting.com\/es\/producto\/down-in-the-park-the-nyc-broadcast\/","name":"FOO FIGHTERS - Down In The Park - The NYC Broadcast - (LP) | Guerssen","isPartOf":{"@id":"https:\/\/wpguerssen-test.odoo.rgbconsulting.com\/es\/#website"},"primaryImageOfPage":{"@id":"https:\/\/wpguerssen-test.odoo.rgbconsulting.com\/es\/producto\/down-in-the-park-the-nyc-broadcast\/#primaryimage"},"image":{"@id":"https:\/\/wpguerssen-test.odoo.rgbconsulting.com\/es\/producto\/down-in-the-park-the-nyc-broadcast\/#primaryimage"},"thumbnailUrl":"https:\/\/wpguerssen-test.odoo.rgbconsulting.com\/wp-content\/uploads\/2024\/02\/45346.jpg","datePublished":"2023-10-01T22:00:00+00:00","dateModified":"2024-03-01T13:30:33+00:00","description":"In October of 1994, shortly after the death of Kurt Cobain, Nirvana drummer Dave Grohl re-entered Robert Lang's Seattle studio, where Nirvana had conducted their final recording sessions. Intending to create demos of his own material, over the course of a week Grohl would commit his ideas to tape. Except for some guitar assistance from Greg Dulli on one track, Grohl would literally become a one-man band during these sessions, writing all the songs, playing all the instruments and singing all the vocals himself. Recorded at Tramps in New York City, these musicians served as both an opening act and as backing band for Mike Watt. Experience the initial Foo Fighters lineup live on stage, two months prior to their first album release.","breadcrumb":{"@id":"https:\/\/wpguerssen-test.odoo.rgbconsulting.com\/es\/producto\/down-in-the-park-the-nyc-broadcast\/#breadcrumb"},"inLanguage":"es","potentialAction":[{"@type":"ReadAction","target":["https:\/\/wpguerssen-test.odoo.rgbconsulting.com\/es\/producto\/down-in-the-park-the-nyc-broadcast\/"]}]},{"@type":"ImageObject","inLanguage":"es","@id":"https:\/\/wpguerssen-test.odoo.rgbconsulting.com\/es\/producto\/down-in-the-park-the-nyc-broadcast\/#primaryimage","url":"https:\/\/wpguerssen-test.odoo.rgbconsulting.com\/wp-content\/uploads\/2024\/02\/45346.jpg","contentUrl":"https:\/\/wpguerssen-test.odoo.rgbconsulting.com\/wp-content\/uploads\/2024\/02\/45346.jpg","width":550,"height":554},{"@type":"BreadcrumbList","@id":"https:\/\/wpguerssen-test.odoo.rgbconsulting.com\/es\/producto\/down-in-the-park-the-nyc-broadcast\/#breadcrumb","itemListElement":[{"@type":"ListItem","position":1,"name":"Inicio","item":"https:\/\/wpguerssen-test.odoo.rgbconsulting.com\/es\/"},{"@type":"ListItem","position":2,"name":"Shop","item":"https:\/\/wpguerssen-test.odoo.rgbconsulting.com\/shop\/"},{"@type":"ListItem","position":3,"name":"Down In The Park &#8211; The NYC Broadcast"}]},{"@type":"WebSite","@id":"https:\/\/wpguerssen-test.odoo.rgbconsulting.com\/es\/#website","url":"https:\/\/wpguerssen-test.odoo.rgbconsulting.com\/es\/","name":"Guerssen records","description":"psychedelia - progressive - folk - garage ","publisher":{"@id":"https:\/\/wpguerssen-test.odoo.rgbconsulting.com\/es\/#organization"},"potentialAction":[{"@type":"SearchAction","target":{"@type":"EntryPoint","urlTemplate":"https:\/\/wpguerssen-test.odoo.rgbconsulting.com\/es\/?s={search_term_string}"},"query-input":{"@type":"PropertyValueSpecification","valueRequired":true,"valueName":"search_term_string"}}],"inLanguage":"es"},{"@type":"Organization","@id":"https:\/\/wpguerssen-test.odoo.rgbconsulting.com\/es\/#organization","name":"Guerssen records","url":"https:\/\/wpguerssen-test.odoo.rgbconsulting.com\/es\/","logo":{"@type":"ImageObject","inLanguage":"es","@id":"https:\/\/wpguerssen-test.odoo.rgbconsulting.com\/es\/#\/schema\/logo\/image\/","url":"https:\/\/wpguerssen-test.odoo.rgbconsulting.com\/wp-content\/uploads\/2022\/04\/Logo_Guerssen_trans_100.png","contentUrl":"https:\/\/wpguerssen-test.odoo.rgbconsulting.com\/wp-content\/uploads\/2022\/04\/Logo_Guerssen_trans_100.png","width":122,"height":100,"caption":"Guerssen records"},"image":{"@id":"https:\/\/wpguerssen-test.odoo.rgbconsulting.com\/es\/#\/schema\/logo\/image\/"}}]}},"_links":{"self":[{"href":"https:\/\/wpguerssen-test.odoo.rgbconsulting.com\/es\/wp-json\/wp\/v2\/product\/240574","targetHints":{"allow":["GET"]}}],"collection":[{"href":"https:\/\/wpguerssen-test.odoo.rgbconsulting.com\/es\/wp-json\/wp\/v2\/product"}],"about":[{"href":"https:\/\/wpguerssen-test.odoo.rgbconsulting.com\/es\/wp-json\/wp\/v2\/types\/product"}],"wp:featuredmedia":[{"embeddable":true,"href":"https:\/\/wpguerssen-test.odoo.rgbconsulting.com\/es\/wp-json\/wp\/v2\/media\/258377"}],"wp:attachment":[{"href":"https:\/\/wpguerssen-test.odoo.rgbconsulting.com\/es\/wp-json\/wp\/v2\/media?parent=240574"}],"wp:term":[{"taxonomy":"product_brand","embeddable":true,"href":"https:\/\/wpguerssen-test.odoo.rgbconsulting.com\/es\/wp-json\/wp\/v2\/product_brand?post=240574"},{"taxonomy":"product_cat","embeddable":true,"href":"https:\/\/wpguerssen-test.odoo.rgbconsulting.com\/es\/wp-json\/wp\/v2\/product_cat?post=240574"},{"taxonomy":"product_tag","embeddable":true,"href":"https:\/\/wpguerssen-test.odoo.rgbconsulting.com\/es\/wp-json\/wp\/v2\/product_tag?post=240574"}],"curies":[{"name":"wp","href":"https:\/\/api.w.org\/{rel}","templated":true}]}}