{"id":240649,"date":"2025-01-15T00:00:00","date_gmt":"2025-01-14T23:00:00","guid":{"rendered":"https:\/\/wpguerssen-test.odoo.rgbconsulting.com\/product\/leon-keita\/"},"modified":"2025-01-16T16:21:53","modified_gmt":"2025-01-16T15:21:53","slug":"leon-keita","status":"publish","type":"product","link":"https:\/\/wpguerssen-test.odoo.rgbconsulting.com\/es\/producto\/leon-keita\/","title":{"rendered":"Leon Keita"},"content":{"rendered":"<p>Figura destacada de la escena musical maliense, Leon Ke\u00efta naci\u00f3 en Conakry, en la costa atl\u00e1ntica de Guinea, en 1947. Tras finalizar sus estudios, se traslad\u00f3 a la capital maliense, donde, adem\u00e1s de fundar la Piano Jazz Orchestra, trabaj\u00f3 como docente, organizador de festivales culturales y contador de la Empresa Nacional de Tabacos y F\u00f3sforos. Durante este tiempo tambi\u00e9n escribi\u00f3 informes para el presidente de Mal\u00ed, Modibo Keita, y al final de las reuniones a veces entreten\u00eda a los delegados con una canci\u00f3n o dos.<br \/>En 1970, junto con su amigo cercano Manfila Keita, Le\u00f3n ayud\u00f3 a fundar la la legendaria Rail-Band, que se convirti\u00f3 en un c\u00e9lebre pilar de la vida nocturna de Bamako y lanz\u00f3 las carreras internacionales de Salif Keita, Mory Kant\u00e9 y muchos otros. El propio Le\u00f3n se uni\u00f3 a Les Ambassadeurs Internationaux, con quienes realiz\u00f3 giras por \u00c1frica Occidental, antes de partir para trabajar en sus propias composiciones.<br \/>Cuando Le\u00f3n estaba listo para visitar el estudio de grabaci\u00f3n, invit\u00f3 a sus amigos de Les Ambassadeurs Internationaux a servir como su banda de acompa\u00f1amiento; La colaboraci\u00f3n dio como resultado dos discos, ambos lanzados en 1978 con el sello Papa Disco. Un a\u00f1o despu\u00e9s Le\u00f3n lanz\u00f3 \u00abRythmes et M\u00e9lodies du Mali\u00bb, coescrito con su hermano Germain y respaldado por la magn\u00edfica Orquesta Black Santiago; Con la contagiosa trompeta del l\u00edder de la banda Ignace de Souza, el LP fue grabado en Benin en el Satel Studio en Cotonou.<br \/>Aunque Leon no hizo muchas grabaciones en solitario, sus canciones contin\u00faan inspirando la reverencia de cualquiera que tenga la suerte de tenerlas. En los \u00faltimos a\u00f1os, la canci\u00f3n \u00abDalaka\u00bb fue redescubierta por el operador del sistema de sonido de Barranquilla, Carlos Estrada, y se convirti\u00f3 en un \u00e9xito inesperado en la costa caribe\u00f1a de Colombia.<br \/>Doce a\u00f1os despu\u00e9s del lanzamiento de la compilaci\u00f3n Bambara Mystic Soul, aclamada por la cr\u00edtica, esta nueva compilaci\u00f3n profundiza otra vez en la cultura mandingua con cinco raras canciones grabadas durante las legendarias sesiones de Leon Ke\u00efta de finales de los 70. El LP, impreso en vinilo virgen de 180 g y alojado en una hermosa cubierta serigrafiada en Grecia, est\u00e1 limitado a 2000 copias en todo el mundo.<\/p>\n","protected":false},"excerpt":{"rendered":"<p>Figura destacada de la escena musical maliense, Leon Ke\u00efta naci\u00f3 en Conakry, en la costa atl\u00e1ntica de Guinea, en 1947. Tras finalizar sus estudios, se traslad\u00f3<a class=\"read\" href=\"https:\/\/wpguerssen-test.odoo.rgbconsulting.com\/es\/producto\/leon-keita\/\"> (...)<\/a>","protected":false},"featured_media":243344,"template":"","meta":{"_acf_changed":false},"product_brand":[],"product_cat":[23258],"product_tag":[24185],"class_list":{"0":"post-240649","1":"product","2":"type-product","3":"status-publish","4":"has-post-thumbnail","6":"product_cat-afro-funk-afrobeat-es","7":"product_tag-de-nuevo-en-existencia","8":"pa_artist-keita-leon","9":"pa_format-lp-es","10":"pa_gender-afro-funk-afrobeat","11":"pa_label-analog-africa-es","12":"pa_location-africa-es","13":"pa_other-filters-vinyl-only-es","15":"first","16":"instock","17":"taxable","18":"shipping-taxable","19":"purchasable","20":"product-type-simple"},"acf":[],"yoast_head":"<!-- This site is optimized with the Yoast SEO plugin v24.9 - https:\/\/yoast.com\/wordpress\/plugins\/seo\/ -->\n<title>KEITA, Leon - Leon Keita -  (LP) | Guerssen<\/title>\n<meta name=\"description\" content=\"A fixture on the Malian music scene, Leon Ke\u00efta was born in Conakry on the Atlantic coast of Guinea in 1947. After completing his studies he found his way to the Malian capital where, in addition to founding the Piano Jazz Orchestra, he worked as a teacher, organiser of cultural festivals, and accountant for the National Tobacco and Match company. During this time he also wrote reports for the Malian President Modibo Keita, and at the end of meetings he would sometimes entertain the delegates with a song or two.In 1970, alongside his close friend Manfila Keita, Leon helped to found the legendary Rail-Band, which became a celebrated mainstay of Bamako&#039;s nightlife and launched the international careers of Salif Keita, Mory Kant\u00e9 andmany others. Leon himself went on to join Les Ambassadeurs Internationaux, with whom he toured throughout West Africa, before departing to work on his own compositions.When Leon was ready to visit the recording studio he invited his friends from Les Ambassadeurs Internationaux to serve as his backing band; the collaboration yielded two records, both released in 1978 on the Papa Disco label. A year later Leon released &quot;Rythmes et M\u00e9lodies du Mali&quot;, co-written with his brother Germain and backed by the magnificent Orchestre Black Santiago; featuring infectious trumpet from band-leader Ignace de Souza, the LP was recorded in Benin at the Satel Studio in Cotonou.Although Leon didn&#039;t make many solo recordings, his songs continue to inspire the reverence of anyone fortunate enough to have heard them. In recent years the song &quot;Dalaka&quot; was rediscovered by Barranquilla&#039;s sound system operator Carlos Estrada and became an unexpected hit on the caribbean coast of Colombia.Twelve years after the release of the critically-acclaimed Bambara Mystic Soul compilation, this new compilation takes another deep-dive into Mandingue culture with five rare sides recorded during Leon Ke\u00efta&#039;s fabled late 70s sessions. The LP, pressed on 180g virgin vinyl and housed in a beautiful jacket screen-printed in Greece, is limited to 2000 copies worldwide.\" \/>\n<meta name=\"robots\" content=\"index, follow, max-snippet:-1, max-image-preview:large, max-video-preview:-1\" \/>\n<link rel=\"canonical\" href=\"https:\/\/wpguerssen-test.odoo.rgbconsulting.com\/es\/producto\/leon-keita\/\" \/>\n<meta property=\"og:locale\" content=\"es_ES\" \/>\n<meta property=\"og:type\" content=\"article\" \/>\n<meta property=\"og:title\" content=\"KEITA, Leon - Leon Keita -  (LP) | Guerssen\" \/>\n<meta property=\"og:description\" content=\"A fixture on the Malian music scene, Leon Ke\u00efta was born in Conakry on the Atlantic coast of Guinea in 1947. After completing his studies he found his way to the Malian capital where, in addition to founding the Piano Jazz Orchestra, he worked as a teacher, organiser of cultural festivals, and accountant for the National Tobacco and Match company. During this time he also wrote reports for the Malian President Modibo Keita, and at the end of meetings he would sometimes entertain the delegates with a song or two.In 1970, alongside his close friend Manfila Keita, Leon helped to found the legendary Rail-Band, which became a celebrated mainstay of Bamako&#039;s nightlife and launched the international careers of Salif Keita, Mory Kant\u00e9 andmany others. Leon himself went on to join Les Ambassadeurs Internationaux, with whom he toured throughout West Africa, before departing to work on his own compositions.When Leon was ready to visit the recording studio he invited his friends from Les Ambassadeurs Internationaux to serve as his backing band; the collaboration yielded two records, both released in 1978 on the Papa Disco label. A year later Leon released &quot;Rythmes et M\u00e9lodies du Mali&quot;, co-written with his brother Germain and backed by the magnificent Orchestre Black Santiago; featuring infectious trumpet from band-leader Ignace de Souza, the LP was recorded in Benin at the Satel Studio in Cotonou.Although Leon didn&#039;t make many solo recordings, his songs continue to inspire the reverence of anyone fortunate enough to have heard them. In recent years the song &quot;Dalaka&quot; was rediscovered by Barranquilla&#039;s sound system operator Carlos Estrada and became an unexpected hit on the caribbean coast of Colombia.Twelve years after the release of the critically-acclaimed Bambara Mystic Soul compilation, this new compilation takes another deep-dive into Mandingue culture with five rare sides recorded during Leon Ke\u00efta&#039;s fabled late 70s sessions. The LP, pressed on 180g virgin vinyl and housed in a beautiful jacket screen-printed in Greece, is limited to 2000 copies worldwide.\" \/>\n<meta property=\"og:url\" content=\"https:\/\/wpguerssen-test.odoo.rgbconsulting.com\/es\/producto\/leon-keita\/\" \/>\n<meta property=\"og:site_name\" content=\"Guerssen records\" \/>\n<meta property=\"article:modified_time\" content=\"2025-01-16T15:21:53+00:00\" \/>\n<meta property=\"og:image\" content=\"https:\/\/wpguerssen-test.odoo.rgbconsulting.com\/wp-content\/uploads\/2023\/10\/45364.jpg\" \/>\n\t<meta property=\"og:image:width\" content=\"1200\" \/>\n\t<meta property=\"og:image:height\" content=\"1200\" \/>\n\t<meta property=\"og:image:type\" content=\"image\/jpeg\" \/>\n<meta name=\"twitter:card\" content=\"summary_large_image\" \/>\n<meta name=\"twitter:title\" content=\"KEITA, Leon - Leon Keita -  (LP) | Guerssen\" \/>\n<meta name=\"twitter:label1\" content=\"Tiempo de lectura\" \/>\n\t<meta name=\"twitter:data1\" content=\"2 minutos\" \/>\n<script type=\"application\/ld+json\" class=\"yoast-schema-graph\">{\"@context\":\"https:\/\/schema.org\",\"@graph\":[{\"@type\":\"WebPage\",\"@id\":\"https:\/\/wpguerssen-test.odoo.rgbconsulting.com\/es\/producto\/leon-keita\/\",\"url\":\"https:\/\/wpguerssen-test.odoo.rgbconsulting.com\/es\/producto\/leon-keita\/\",\"name\":\"KEITA, Leon - Leon Keita - (LP) | Guerssen\",\"isPartOf\":{\"@id\":\"https:\/\/wpguerssen-test.odoo.rgbconsulting.com\/es\/#website\"},\"primaryImageOfPage\":{\"@id\":\"https:\/\/wpguerssen-test.odoo.rgbconsulting.com\/es\/producto\/leon-keita\/#primaryimage\"},\"image\":{\"@id\":\"https:\/\/wpguerssen-test.odoo.rgbconsulting.com\/es\/producto\/leon-keita\/#primaryimage\"},\"thumbnailUrl\":\"https:\/\/wpguerssen-test.odoo.rgbconsulting.com\/wp-content\/uploads\/2023\/10\/45364.jpg\",\"datePublished\":\"2025-01-14T23:00:00+00:00\",\"dateModified\":\"2025-01-16T15:21:53+00:00\",\"description\":\"A fixture on the Malian music scene, Leon Ke\u00efta was born in Conakry on the Atlantic coast of Guinea in 1947. After completing his studies he found his way to the Malian capital where, in addition to founding the Piano Jazz Orchestra, he worked as a teacher, organiser of cultural festivals, and accountant for the National Tobacco and Match company. During this time he also wrote reports for the Malian President Modibo Keita, and at the end of meetings he would sometimes entertain the delegates with a song or two.In 1970, alongside his close friend Manfila Keita, Leon helped to found the legendary Rail-Band, which became a celebrated mainstay of Bamako's nightlife and launched the international careers of Salif Keita, Mory Kant\u00e9 andmany others. Leon himself went on to join Les Ambassadeurs Internationaux, with whom he toured throughout West Africa, before departing to work on his own compositions.When Leon was ready to visit the recording studio he invited his friends from Les Ambassadeurs Internationaux to serve as his backing band; the collaboration yielded two records, both released in 1978 on the Papa Disco label. A year later Leon released \\\"Rythmes et M\u00e9lodies du Mali\\\", co-written with his brother Germain and backed by the magnificent Orchestre Black Santiago; featuring infectious trumpet from band-leader Ignace de Souza, the LP was recorded in Benin at the Satel Studio in Cotonou.Although Leon didn't make many solo recordings, his songs continue to inspire the reverence of anyone fortunate enough to have heard them. In recent years the song \\\"Dalaka\\\" was rediscovered by Barranquilla's sound system operator Carlos Estrada and became an unexpected hit on the caribbean coast of Colombia.Twelve years after the release of the critically-acclaimed Bambara Mystic Soul compilation, this new compilation takes another deep-dive into Mandingue culture with five rare sides recorded during Leon Ke\u00efta's fabled late 70s sessions. The LP, pressed on 180g virgin vinyl and housed in a beautiful jacket screen-printed in Greece, is limited to 2000 copies worldwide.\",\"breadcrumb\":{\"@id\":\"https:\/\/wpguerssen-test.odoo.rgbconsulting.com\/es\/producto\/leon-keita\/#breadcrumb\"},\"inLanguage\":\"es\",\"potentialAction\":[{\"@type\":\"ReadAction\",\"target\":[\"https:\/\/wpguerssen-test.odoo.rgbconsulting.com\/es\/producto\/leon-keita\/\"]}]},{\"@type\":\"ImageObject\",\"inLanguage\":\"es\",\"@id\":\"https:\/\/wpguerssen-test.odoo.rgbconsulting.com\/es\/producto\/leon-keita\/#primaryimage\",\"url\":\"https:\/\/wpguerssen-test.odoo.rgbconsulting.com\/wp-content\/uploads\/2023\/10\/45364.jpg\",\"contentUrl\":\"https:\/\/wpguerssen-test.odoo.rgbconsulting.com\/wp-content\/uploads\/2023\/10\/45364.jpg\",\"width\":1200,\"height\":1200,\"caption\":\"Leon - Leon Keita - ANALOG AFRICA (LP) | Guerssen\"},{\"@type\":\"BreadcrumbList\",\"@id\":\"https:\/\/wpguerssen-test.odoo.rgbconsulting.com\/es\/producto\/leon-keita\/#breadcrumb\",\"itemListElement\":[{\"@type\":\"ListItem\",\"position\":1,\"name\":\"Inicio\",\"item\":\"https:\/\/wpguerssen-test.odoo.rgbconsulting.com\/es\/\"},{\"@type\":\"ListItem\",\"position\":2,\"name\":\"Shop\",\"item\":\"https:\/\/wpguerssen-test.odoo.rgbconsulting.com\/shop\/\"},{\"@type\":\"ListItem\",\"position\":3,\"name\":\"Leon Keita\"}]},{\"@type\":\"WebSite\",\"@id\":\"https:\/\/wpguerssen-test.odoo.rgbconsulting.com\/es\/#website\",\"url\":\"https:\/\/wpguerssen-test.odoo.rgbconsulting.com\/es\/\",\"name\":\"Guerssen records\",\"description\":\"psychedelia - progressive - folk - garage \",\"publisher\":{\"@id\":\"https:\/\/wpguerssen-test.odoo.rgbconsulting.com\/es\/#organization\"},\"potentialAction\":[{\"@type\":\"SearchAction\",\"target\":{\"@type\":\"EntryPoint\",\"urlTemplate\":\"https:\/\/wpguerssen-test.odoo.rgbconsulting.com\/es\/?s={search_term_string}\"},\"query-input\":{\"@type\":\"PropertyValueSpecification\",\"valueRequired\":true,\"valueName\":\"search_term_string\"}}],\"inLanguage\":\"es\"},{\"@type\":\"Organization\",\"@id\":\"https:\/\/wpguerssen-test.odoo.rgbconsulting.com\/es\/#organization\",\"name\":\"Guerssen records\",\"url\":\"https:\/\/wpguerssen-test.odoo.rgbconsulting.com\/es\/\",\"logo\":{\"@type\":\"ImageObject\",\"inLanguage\":\"es\",\"@id\":\"https:\/\/wpguerssen-test.odoo.rgbconsulting.com\/es\/#\/schema\/logo\/image\/\",\"url\":\"https:\/\/wpguerssen-test.odoo.rgbconsulting.com\/wp-content\/uploads\/2022\/04\/Logo_Guerssen_trans_100.png\",\"contentUrl\":\"https:\/\/wpguerssen-test.odoo.rgbconsulting.com\/wp-content\/uploads\/2022\/04\/Logo_Guerssen_trans_100.png\",\"width\":122,\"height\":100,\"caption\":\"Guerssen records\"},\"image\":{\"@id\":\"https:\/\/wpguerssen-test.odoo.rgbconsulting.com\/es\/#\/schema\/logo\/image\/\"}}]}<\/script>\n<!-- \/ Yoast SEO plugin. -->","yoast_head_json":{"title":"KEITA, Leon - Leon Keita -  (LP) | Guerssen","description":"A fixture on the Malian music scene, Leon Ke\u00efta was born in Conakry on the Atlantic coast of Guinea in 1947. After completing his studies he found his way to the Malian capital where, in addition to founding the Piano Jazz Orchestra, he worked as a teacher, organiser of cultural festivals, and accountant for the National Tobacco and Match company. During this time he also wrote reports for the Malian President Modibo Keita, and at the end of meetings he would sometimes entertain the delegates with a song or two.In 1970, alongside his close friend Manfila Keita, Leon helped to found the legendary Rail-Band, which became a celebrated mainstay of Bamako's nightlife and launched the international careers of Salif Keita, Mory Kant\u00e9 andmany others. Leon himself went on to join Les Ambassadeurs Internationaux, with whom he toured throughout West Africa, before departing to work on his own compositions.When Leon was ready to visit the recording studio he invited his friends from Les Ambassadeurs Internationaux to serve as his backing band; the collaboration yielded two records, both released in 1978 on the Papa Disco label. A year later Leon released \"Rythmes et M\u00e9lodies du Mali\", co-written with his brother Germain and backed by the magnificent Orchestre Black Santiago; featuring infectious trumpet from band-leader Ignace de Souza, the LP was recorded in Benin at the Satel Studio in Cotonou.Although Leon didn't make many solo recordings, his songs continue to inspire the reverence of anyone fortunate enough to have heard them. In recent years the song \"Dalaka\" was rediscovered by Barranquilla's sound system operator Carlos Estrada and became an unexpected hit on the caribbean coast of Colombia.Twelve years after the release of the critically-acclaimed Bambara Mystic Soul compilation, this new compilation takes another deep-dive into Mandingue culture with five rare sides recorded during Leon Ke\u00efta's fabled late 70s sessions. The LP, pressed on 180g virgin vinyl and housed in a beautiful jacket screen-printed in Greece, is limited to 2000 copies worldwide.","robots":{"index":"index","follow":"follow","max-snippet":"max-snippet:-1","max-image-preview":"max-image-preview:large","max-video-preview":"max-video-preview:-1"},"canonical":"https:\/\/wpguerssen-test.odoo.rgbconsulting.com\/es\/producto\/leon-keita\/","og_locale":"es_ES","og_type":"article","og_title":"KEITA, Leon - Leon Keita -  (LP) | Guerssen","og_description":"A fixture on the Malian music scene, Leon Ke\u00efta was born in Conakry on the Atlantic coast of Guinea in 1947. After completing his studies he found his way to the Malian capital where, in addition to founding the Piano Jazz Orchestra, he worked as a teacher, organiser of cultural festivals, and accountant for the National Tobacco and Match company. During this time he also wrote reports for the Malian President Modibo Keita, and at the end of meetings he would sometimes entertain the delegates with a song or two.In 1970, alongside his close friend Manfila Keita, Leon helped to found the legendary Rail-Band, which became a celebrated mainstay of Bamako's nightlife and launched the international careers of Salif Keita, Mory Kant\u00e9 andmany others. Leon himself went on to join Les Ambassadeurs Internationaux, with whom he toured throughout West Africa, before departing to work on his own compositions.When Leon was ready to visit the recording studio he invited his friends from Les Ambassadeurs Internationaux to serve as his backing band; the collaboration yielded two records, both released in 1978 on the Papa Disco label. A year later Leon released \"Rythmes et M\u00e9lodies du Mali\", co-written with his brother Germain and backed by the magnificent Orchestre Black Santiago; featuring infectious trumpet from band-leader Ignace de Souza, the LP was recorded in Benin at the Satel Studio in Cotonou.Although Leon didn't make many solo recordings, his songs continue to inspire the reverence of anyone fortunate enough to have heard them. In recent years the song \"Dalaka\" was rediscovered by Barranquilla's sound system operator Carlos Estrada and became an unexpected hit on the caribbean coast of Colombia.Twelve years after the release of the critically-acclaimed Bambara Mystic Soul compilation, this new compilation takes another deep-dive into Mandingue culture with five rare sides recorded during Leon Ke\u00efta's fabled late 70s sessions. The LP, pressed on 180g virgin vinyl and housed in a beautiful jacket screen-printed in Greece, is limited to 2000 copies worldwide.","og_url":"https:\/\/wpguerssen-test.odoo.rgbconsulting.com\/es\/producto\/leon-keita\/","og_site_name":"Guerssen records","article_modified_time":"2025-01-16T15:21:53+00:00","og_image":[{"width":1200,"height":1200,"url":"https:\/\/wpguerssen-test.odoo.rgbconsulting.com\/wp-content\/uploads\/2023\/10\/45364.jpg","type":"image\/jpeg"}],"twitter_card":"summary_large_image","twitter_title":"KEITA, Leon - Leon Keita -  (LP) | Guerssen","twitter_misc":{"Tiempo de lectura":"2 minutos"},"schema":{"@context":"https:\/\/schema.org","@graph":[{"@type":"WebPage","@id":"https:\/\/wpguerssen-test.odoo.rgbconsulting.com\/es\/producto\/leon-keita\/","url":"https:\/\/wpguerssen-test.odoo.rgbconsulting.com\/es\/producto\/leon-keita\/","name":"KEITA, Leon - Leon Keita - (LP) | Guerssen","isPartOf":{"@id":"https:\/\/wpguerssen-test.odoo.rgbconsulting.com\/es\/#website"},"primaryImageOfPage":{"@id":"https:\/\/wpguerssen-test.odoo.rgbconsulting.com\/es\/producto\/leon-keita\/#primaryimage"},"image":{"@id":"https:\/\/wpguerssen-test.odoo.rgbconsulting.com\/es\/producto\/leon-keita\/#primaryimage"},"thumbnailUrl":"https:\/\/wpguerssen-test.odoo.rgbconsulting.com\/wp-content\/uploads\/2023\/10\/45364.jpg","datePublished":"2025-01-14T23:00:00+00:00","dateModified":"2025-01-16T15:21:53+00:00","description":"A fixture on the Malian music scene, Leon Ke\u00efta was born in Conakry on the Atlantic coast of Guinea in 1947. After completing his studies he found his way to the Malian capital where, in addition to founding the Piano Jazz Orchestra, he worked as a teacher, organiser of cultural festivals, and accountant for the National Tobacco and Match company. During this time he also wrote reports for the Malian President Modibo Keita, and at the end of meetings he would sometimes entertain the delegates with a song or two.In 1970, alongside his close friend Manfila Keita, Leon helped to found the legendary Rail-Band, which became a celebrated mainstay of Bamako's nightlife and launched the international careers of Salif Keita, Mory Kant\u00e9 andmany others. Leon himself went on to join Les Ambassadeurs Internationaux, with whom he toured throughout West Africa, before departing to work on his own compositions.When Leon was ready to visit the recording studio he invited his friends from Les Ambassadeurs Internationaux to serve as his backing band; the collaboration yielded two records, both released in 1978 on the Papa Disco label. A year later Leon released \"Rythmes et M\u00e9lodies du Mali\", co-written with his brother Germain and backed by the magnificent Orchestre Black Santiago; featuring infectious trumpet from band-leader Ignace de Souza, the LP was recorded in Benin at the Satel Studio in Cotonou.Although Leon didn't make many solo recordings, his songs continue to inspire the reverence of anyone fortunate enough to have heard them. In recent years the song \"Dalaka\" was rediscovered by Barranquilla's sound system operator Carlos Estrada and became an unexpected hit on the caribbean coast of Colombia.Twelve years after the release of the critically-acclaimed Bambara Mystic Soul compilation, this new compilation takes another deep-dive into Mandingue culture with five rare sides recorded during Leon Ke\u00efta's fabled late 70s sessions. The LP, pressed on 180g virgin vinyl and housed in a beautiful jacket screen-printed in Greece, is limited to 2000 copies worldwide.","breadcrumb":{"@id":"https:\/\/wpguerssen-test.odoo.rgbconsulting.com\/es\/producto\/leon-keita\/#breadcrumb"},"inLanguage":"es","potentialAction":[{"@type":"ReadAction","target":["https:\/\/wpguerssen-test.odoo.rgbconsulting.com\/es\/producto\/leon-keita\/"]}]},{"@type":"ImageObject","inLanguage":"es","@id":"https:\/\/wpguerssen-test.odoo.rgbconsulting.com\/es\/producto\/leon-keita\/#primaryimage","url":"https:\/\/wpguerssen-test.odoo.rgbconsulting.com\/wp-content\/uploads\/2023\/10\/45364.jpg","contentUrl":"https:\/\/wpguerssen-test.odoo.rgbconsulting.com\/wp-content\/uploads\/2023\/10\/45364.jpg","width":1200,"height":1200,"caption":"Leon - Leon Keita - ANALOG AFRICA (LP) | Guerssen"},{"@type":"BreadcrumbList","@id":"https:\/\/wpguerssen-test.odoo.rgbconsulting.com\/es\/producto\/leon-keita\/#breadcrumb","itemListElement":[{"@type":"ListItem","position":1,"name":"Inicio","item":"https:\/\/wpguerssen-test.odoo.rgbconsulting.com\/es\/"},{"@type":"ListItem","position":2,"name":"Shop","item":"https:\/\/wpguerssen-test.odoo.rgbconsulting.com\/shop\/"},{"@type":"ListItem","position":3,"name":"Leon Keita"}]},{"@type":"WebSite","@id":"https:\/\/wpguerssen-test.odoo.rgbconsulting.com\/es\/#website","url":"https:\/\/wpguerssen-test.odoo.rgbconsulting.com\/es\/","name":"Guerssen records","description":"psychedelia - progressive - folk - garage ","publisher":{"@id":"https:\/\/wpguerssen-test.odoo.rgbconsulting.com\/es\/#organization"},"potentialAction":[{"@type":"SearchAction","target":{"@type":"EntryPoint","urlTemplate":"https:\/\/wpguerssen-test.odoo.rgbconsulting.com\/es\/?s={search_term_string}"},"query-input":{"@type":"PropertyValueSpecification","valueRequired":true,"valueName":"search_term_string"}}],"inLanguage":"es"},{"@type":"Organization","@id":"https:\/\/wpguerssen-test.odoo.rgbconsulting.com\/es\/#organization","name":"Guerssen records","url":"https:\/\/wpguerssen-test.odoo.rgbconsulting.com\/es\/","logo":{"@type":"ImageObject","inLanguage":"es","@id":"https:\/\/wpguerssen-test.odoo.rgbconsulting.com\/es\/#\/schema\/logo\/image\/","url":"https:\/\/wpguerssen-test.odoo.rgbconsulting.com\/wp-content\/uploads\/2022\/04\/Logo_Guerssen_trans_100.png","contentUrl":"https:\/\/wpguerssen-test.odoo.rgbconsulting.com\/wp-content\/uploads\/2022\/04\/Logo_Guerssen_trans_100.png","width":122,"height":100,"caption":"Guerssen records"},"image":{"@id":"https:\/\/wpguerssen-test.odoo.rgbconsulting.com\/es\/#\/schema\/logo\/image\/"}}]}},"_links":{"self":[{"href":"https:\/\/wpguerssen-test.odoo.rgbconsulting.com\/es\/wp-json\/wp\/v2\/product\/240649","targetHints":{"allow":["GET"]}}],"collection":[{"href":"https:\/\/wpguerssen-test.odoo.rgbconsulting.com\/es\/wp-json\/wp\/v2\/product"}],"about":[{"href":"https:\/\/wpguerssen-test.odoo.rgbconsulting.com\/es\/wp-json\/wp\/v2\/types\/product"}],"wp:featuredmedia":[{"embeddable":true,"href":"https:\/\/wpguerssen-test.odoo.rgbconsulting.com\/es\/wp-json\/wp\/v2\/media\/243344"}],"wp:attachment":[{"href":"https:\/\/wpguerssen-test.odoo.rgbconsulting.com\/es\/wp-json\/wp\/v2\/media?parent=240649"}],"wp:term":[{"taxonomy":"product_brand","embeddable":true,"href":"https:\/\/wpguerssen-test.odoo.rgbconsulting.com\/es\/wp-json\/wp\/v2\/product_brand?post=240649"},{"taxonomy":"product_cat","embeddable":true,"href":"https:\/\/wpguerssen-test.odoo.rgbconsulting.com\/es\/wp-json\/wp\/v2\/product_cat?post=240649"},{"taxonomy":"product_tag","embeddable":true,"href":"https:\/\/wpguerssen-test.odoo.rgbconsulting.com\/es\/wp-json\/wp\/v2\/product_tag?post=240649"}],"curies":[{"name":"wp","href":"https:\/\/api.w.org\/{rel}","templated":true}]}}