{"id":240764,"date":"2023-09-25T00:00:00","date_gmt":"2023-09-24T22:00:00","guid":{"rendered":"https:\/\/wpguerssen-test.odoo.rgbconsulting.com\/product\/the-wind-in-the-willows\/"},"modified":"2024-10-29T16:41:34","modified_gmt":"2024-10-29T15:41:34","slug":"the-wind-in-the-willows","status":"publish","type":"product","link":"https:\/\/wpguerssen-test.odoo.rgbconsulting.com\/es\/producto\/the-wind-in-the-willows\/","title":{"rendered":"The Wind in The Willows"},"content":{"rendered":"<p>Reedici\u00f3n del \u00fanico \u00e1lbum de la banda, lanzado originalmente en 1968 en Capitol Records. El disco es una mezcla de pop psicod\u00e9lico ligero y folk. La banda se disolvi\u00f3 poco despu\u00e9s de no lograr el \u00e9xito comercial ni la aclamaci\u00f3n de la cr\u00edtica. Al a\u00f1o siguiente, Artie Kornfeld, el ingeniero discogr\u00e1fico del \u00e1lbum, pas\u00f3 a ser el productor musical del festival de Woodstock en 1969. Debbie Harry pas\u00f3 a unirse a The Stillettos en 1974 y a otras bandas hasta alcanzar posteriormente el \u00e9xito en 1976 al frente de la nueva ola con la banda Blondie.<\/p>\n","protected":false},"excerpt":{"rendered":"<p>Reedici\u00f3n del \u00fanico \u00e1lbum de la banda, lanzado originalmente en 1968 en Capitol Records. El disco es una mezcla de pop psicod\u00e9lico ligero y folk. La banda se disolvi\u00f3<a class=\"read\" href=\"https:\/\/wpguerssen-test.odoo.rgbconsulting.com\/es\/producto\/the-wind-in-the-willows\/\"> (...)<\/a>","protected":false},"featured_media":241774,"template":"","meta":{"_acf_changed":false},"product_brand":[],"product_cat":[21639,23274],"product_tag":[],"class_list":{"0":"post-240764","1":"product","2":"type-product","3":"status-publish","4":"has-post-thumbnail","6":"product_cat-psychedelic60s-70s-es","7":"product_cat-folk-rock-60s-70s-es","8":"pa_artist-wind-in-the-willows-es","9":"pa_format-lp-es","10":"pa_gender-folk-rock-60s-70s-psychedelic60s-70s","11":"pa_label-cosmic-rock-es","12":"pa_location-north-america-es","13":"pa_other-filters-vinyl-only-es","15":"first","16":"instock","17":"taxable","18":"shipping-taxable","19":"purchasable","20":"product-type-simple"},"acf":[],"yoast_head":"<!-- This site is optimized with the Yoast SEO plugin v24.9 - https:\/\/yoast.com\/wordpress\/plugins\/seo\/ -->\n<title>WIND IN THE WILLOWS - The Wind in The Willows -  (LP) | Guerssen<\/title>\n<meta name=\"description\" content=\"Reissue of the band sole album, originally released in 1968 on Capitol Records. The record is a mixture of light psychedelic pop and folk. The band broke up shortly after failing to achieve commercial success or critical acclaim. The following year Artie Kornfeld, the record engineer of the album, went on to be the music producer of the Woodstock festival in 1969. Debbie Harry went on to join The Stillettos in 1974 and other bands until subsequently achieving success in 1976 fronting the new wave band Blondie.\" \/>\n<meta name=\"robots\" content=\"index, follow, max-snippet:-1, max-image-preview:large, max-video-preview:-1\" \/>\n<link rel=\"canonical\" href=\"https:\/\/wpguerssen-test.odoo.rgbconsulting.com\/es\/producto\/the-wind-in-the-willows\/\" \/>\n<meta property=\"og:locale\" content=\"es_ES\" \/>\n<meta property=\"og:type\" content=\"article\" \/>\n<meta property=\"og:title\" content=\"WIND IN THE WILLOWS - The Wind in The Willows -  (LP) | Guerssen\" \/>\n<meta property=\"og:description\" content=\"Reissue of the band sole album, originally released in 1968 on Capitol Records. The record is a mixture of light psychedelic pop and folk. The band broke up shortly after failing to achieve commercial success or critical acclaim. The following year Artie Kornfeld, the record engineer of the album, went on to be the music producer of the Woodstock festival in 1969. Debbie Harry went on to join The Stillettos in 1974 and other bands until subsequently achieving success in 1976 fronting the new wave band Blondie.\" \/>\n<meta property=\"og:url\" content=\"https:\/\/wpguerssen-test.odoo.rgbconsulting.com\/es\/producto\/the-wind-in-the-willows\/\" \/>\n<meta property=\"og:site_name\" content=\"Guerssen records\" \/>\n<meta property=\"article:modified_time\" content=\"2024-10-29T15:41:34+00:00\" \/>\n<meta property=\"og:image\" content=\"https:\/\/wpguerssen-test.odoo.rgbconsulting.com\/wp-content\/uploads\/2023\/09\/45383.jpg\" \/>\n\t<meta property=\"og:image:width\" content=\"1411\" \/>\n\t<meta property=\"og:image:height\" content=\"1400\" \/>\n\t<meta property=\"og:image:type\" content=\"image\/jpeg\" \/>\n<meta name=\"twitter:card\" content=\"summary_large_image\" \/>\n<meta name=\"twitter:title\" content=\"WIND IN THE WILLOWS - The Wind in The Willows -  (LP) | Guerssen\" \/>\n<script type=\"application\/ld+json\" class=\"yoast-schema-graph\">{\"@context\":\"https:\/\/schema.org\",\"@graph\":[{\"@type\":\"WebPage\",\"@id\":\"https:\/\/wpguerssen-test.odoo.rgbconsulting.com\/es\/producto\/the-wind-in-the-willows\/\",\"url\":\"https:\/\/wpguerssen-test.odoo.rgbconsulting.com\/es\/producto\/the-wind-in-the-willows\/\",\"name\":\"WIND IN THE WILLOWS - The Wind in The Willows - (LP) | Guerssen\",\"isPartOf\":{\"@id\":\"https:\/\/wpguerssen-test.odoo.rgbconsulting.com\/es\/#website\"},\"primaryImageOfPage\":{\"@id\":\"https:\/\/wpguerssen-test.odoo.rgbconsulting.com\/es\/producto\/the-wind-in-the-willows\/#primaryimage\"},\"image\":{\"@id\":\"https:\/\/wpguerssen-test.odoo.rgbconsulting.com\/es\/producto\/the-wind-in-the-willows\/#primaryimage\"},\"thumbnailUrl\":\"https:\/\/wpguerssen-test.odoo.rgbconsulting.com\/wp-content\/uploads\/2023\/09\/45383.jpg\",\"datePublished\":\"2023-09-24T22:00:00+00:00\",\"dateModified\":\"2024-10-29T15:41:34+00:00\",\"description\":\"Reissue of the band sole album, originally released in 1968 on Capitol Records. The record is a mixture of light psychedelic pop and folk. The band broke up shortly after failing to achieve commercial success or critical acclaim. The following year Artie Kornfeld, the record engineer of the album, went on to be the music producer of the Woodstock festival in 1969. Debbie Harry went on to join The Stillettos in 1974 and other bands until subsequently achieving success in 1976 fronting the new wave band Blondie.\",\"breadcrumb\":{\"@id\":\"https:\/\/wpguerssen-test.odoo.rgbconsulting.com\/es\/producto\/the-wind-in-the-willows\/#breadcrumb\"},\"inLanguage\":\"es\",\"potentialAction\":[{\"@type\":\"ReadAction\",\"target\":[\"https:\/\/wpguerssen-test.odoo.rgbconsulting.com\/es\/producto\/the-wind-in-the-willows\/\"]}]},{\"@type\":\"ImageObject\",\"inLanguage\":\"es\",\"@id\":\"https:\/\/wpguerssen-test.odoo.rgbconsulting.com\/es\/producto\/the-wind-in-the-willows\/#primaryimage\",\"url\":\"https:\/\/wpguerssen-test.odoo.rgbconsulting.com\/wp-content\/uploads\/2023\/09\/45383.jpg\",\"contentUrl\":\"https:\/\/wpguerssen-test.odoo.rgbconsulting.com\/wp-content\/uploads\/2023\/09\/45383.jpg\",\"width\":1411,\"height\":1400},{\"@type\":\"BreadcrumbList\",\"@id\":\"https:\/\/wpguerssen-test.odoo.rgbconsulting.com\/es\/producto\/the-wind-in-the-willows\/#breadcrumb\",\"itemListElement\":[{\"@type\":\"ListItem\",\"position\":1,\"name\":\"Inicio\",\"item\":\"https:\/\/wpguerssen-test.odoo.rgbconsulting.com\/es\/\"},{\"@type\":\"ListItem\",\"position\":2,\"name\":\"Shop\",\"item\":\"https:\/\/wpguerssen-test.odoo.rgbconsulting.com\/shop\/\"},{\"@type\":\"ListItem\",\"position\":3,\"name\":\"The Wind in The Willows\"}]},{\"@type\":\"WebSite\",\"@id\":\"https:\/\/wpguerssen-test.odoo.rgbconsulting.com\/es\/#website\",\"url\":\"https:\/\/wpguerssen-test.odoo.rgbconsulting.com\/es\/\",\"name\":\"Guerssen records\",\"description\":\"psychedelia - progressive - folk - garage \",\"publisher\":{\"@id\":\"https:\/\/wpguerssen-test.odoo.rgbconsulting.com\/es\/#organization\"},\"potentialAction\":[{\"@type\":\"SearchAction\",\"target\":{\"@type\":\"EntryPoint\",\"urlTemplate\":\"https:\/\/wpguerssen-test.odoo.rgbconsulting.com\/es\/?s={search_term_string}\"},\"query-input\":{\"@type\":\"PropertyValueSpecification\",\"valueRequired\":true,\"valueName\":\"search_term_string\"}}],\"inLanguage\":\"es\"},{\"@type\":\"Organization\",\"@id\":\"https:\/\/wpguerssen-test.odoo.rgbconsulting.com\/es\/#organization\",\"name\":\"Guerssen records\",\"url\":\"https:\/\/wpguerssen-test.odoo.rgbconsulting.com\/es\/\",\"logo\":{\"@type\":\"ImageObject\",\"inLanguage\":\"es\",\"@id\":\"https:\/\/wpguerssen-test.odoo.rgbconsulting.com\/es\/#\/schema\/logo\/image\/\",\"url\":\"https:\/\/wpguerssen-test.odoo.rgbconsulting.com\/wp-content\/uploads\/2022\/04\/Logo_Guerssen_trans_100.png\",\"contentUrl\":\"https:\/\/wpguerssen-test.odoo.rgbconsulting.com\/wp-content\/uploads\/2022\/04\/Logo_Guerssen_trans_100.png\",\"width\":122,\"height\":100,\"caption\":\"Guerssen records\"},\"image\":{\"@id\":\"https:\/\/wpguerssen-test.odoo.rgbconsulting.com\/es\/#\/schema\/logo\/image\/\"}}]}<\/script>\n<!-- \/ Yoast SEO plugin. -->","yoast_head_json":{"title":"WIND IN THE WILLOWS - The Wind in The Willows -  (LP) | Guerssen","description":"Reissue of the band sole album, originally released in 1968 on Capitol Records. The record is a mixture of light psychedelic pop and folk. The band broke up shortly after failing to achieve commercial success or critical acclaim. The following year Artie Kornfeld, the record engineer of the album, went on to be the music producer of the Woodstock festival in 1969. Debbie Harry went on to join The Stillettos in 1974 and other bands until subsequently achieving success in 1976 fronting the new wave band Blondie.","robots":{"index":"index","follow":"follow","max-snippet":"max-snippet:-1","max-image-preview":"max-image-preview:large","max-video-preview":"max-video-preview:-1"},"canonical":"https:\/\/wpguerssen-test.odoo.rgbconsulting.com\/es\/producto\/the-wind-in-the-willows\/","og_locale":"es_ES","og_type":"article","og_title":"WIND IN THE WILLOWS - The Wind in The Willows -  (LP) | Guerssen","og_description":"Reissue of the band sole album, originally released in 1968 on Capitol Records. The record is a mixture of light psychedelic pop and folk. The band broke up shortly after failing to achieve commercial success or critical acclaim. The following year Artie Kornfeld, the record engineer of the album, went on to be the music producer of the Woodstock festival in 1969. Debbie Harry went on to join The Stillettos in 1974 and other bands until subsequently achieving success in 1976 fronting the new wave band Blondie.","og_url":"https:\/\/wpguerssen-test.odoo.rgbconsulting.com\/es\/producto\/the-wind-in-the-willows\/","og_site_name":"Guerssen records","article_modified_time":"2024-10-29T15:41:34+00:00","og_image":[{"width":1411,"height":1400,"url":"https:\/\/wpguerssen-test.odoo.rgbconsulting.com\/wp-content\/uploads\/2023\/09\/45383.jpg","type":"image\/jpeg"}],"twitter_card":"summary_large_image","twitter_title":"WIND IN THE WILLOWS - The Wind in The Willows -  (LP) | Guerssen","schema":{"@context":"https:\/\/schema.org","@graph":[{"@type":"WebPage","@id":"https:\/\/wpguerssen-test.odoo.rgbconsulting.com\/es\/producto\/the-wind-in-the-willows\/","url":"https:\/\/wpguerssen-test.odoo.rgbconsulting.com\/es\/producto\/the-wind-in-the-willows\/","name":"WIND IN THE WILLOWS - The Wind in The Willows - (LP) | Guerssen","isPartOf":{"@id":"https:\/\/wpguerssen-test.odoo.rgbconsulting.com\/es\/#website"},"primaryImageOfPage":{"@id":"https:\/\/wpguerssen-test.odoo.rgbconsulting.com\/es\/producto\/the-wind-in-the-willows\/#primaryimage"},"image":{"@id":"https:\/\/wpguerssen-test.odoo.rgbconsulting.com\/es\/producto\/the-wind-in-the-willows\/#primaryimage"},"thumbnailUrl":"https:\/\/wpguerssen-test.odoo.rgbconsulting.com\/wp-content\/uploads\/2023\/09\/45383.jpg","datePublished":"2023-09-24T22:00:00+00:00","dateModified":"2024-10-29T15:41:34+00:00","description":"Reissue of the band sole album, originally released in 1968 on Capitol Records. The record is a mixture of light psychedelic pop and folk. The band broke up shortly after failing to achieve commercial success or critical acclaim. The following year Artie Kornfeld, the record engineer of the album, went on to be the music producer of the Woodstock festival in 1969. Debbie Harry went on to join The Stillettos in 1974 and other bands until subsequently achieving success in 1976 fronting the new wave band Blondie.","breadcrumb":{"@id":"https:\/\/wpguerssen-test.odoo.rgbconsulting.com\/es\/producto\/the-wind-in-the-willows\/#breadcrumb"},"inLanguage":"es","potentialAction":[{"@type":"ReadAction","target":["https:\/\/wpguerssen-test.odoo.rgbconsulting.com\/es\/producto\/the-wind-in-the-willows\/"]}]},{"@type":"ImageObject","inLanguage":"es","@id":"https:\/\/wpguerssen-test.odoo.rgbconsulting.com\/es\/producto\/the-wind-in-the-willows\/#primaryimage","url":"https:\/\/wpguerssen-test.odoo.rgbconsulting.com\/wp-content\/uploads\/2023\/09\/45383.jpg","contentUrl":"https:\/\/wpguerssen-test.odoo.rgbconsulting.com\/wp-content\/uploads\/2023\/09\/45383.jpg","width":1411,"height":1400},{"@type":"BreadcrumbList","@id":"https:\/\/wpguerssen-test.odoo.rgbconsulting.com\/es\/producto\/the-wind-in-the-willows\/#breadcrumb","itemListElement":[{"@type":"ListItem","position":1,"name":"Inicio","item":"https:\/\/wpguerssen-test.odoo.rgbconsulting.com\/es\/"},{"@type":"ListItem","position":2,"name":"Shop","item":"https:\/\/wpguerssen-test.odoo.rgbconsulting.com\/shop\/"},{"@type":"ListItem","position":3,"name":"The Wind in The Willows"}]},{"@type":"WebSite","@id":"https:\/\/wpguerssen-test.odoo.rgbconsulting.com\/es\/#website","url":"https:\/\/wpguerssen-test.odoo.rgbconsulting.com\/es\/","name":"Guerssen records","description":"psychedelia - progressive - folk - garage ","publisher":{"@id":"https:\/\/wpguerssen-test.odoo.rgbconsulting.com\/es\/#organization"},"potentialAction":[{"@type":"SearchAction","target":{"@type":"EntryPoint","urlTemplate":"https:\/\/wpguerssen-test.odoo.rgbconsulting.com\/es\/?s={search_term_string}"},"query-input":{"@type":"PropertyValueSpecification","valueRequired":true,"valueName":"search_term_string"}}],"inLanguage":"es"},{"@type":"Organization","@id":"https:\/\/wpguerssen-test.odoo.rgbconsulting.com\/es\/#organization","name":"Guerssen records","url":"https:\/\/wpguerssen-test.odoo.rgbconsulting.com\/es\/","logo":{"@type":"ImageObject","inLanguage":"es","@id":"https:\/\/wpguerssen-test.odoo.rgbconsulting.com\/es\/#\/schema\/logo\/image\/","url":"https:\/\/wpguerssen-test.odoo.rgbconsulting.com\/wp-content\/uploads\/2022\/04\/Logo_Guerssen_trans_100.png","contentUrl":"https:\/\/wpguerssen-test.odoo.rgbconsulting.com\/wp-content\/uploads\/2022\/04\/Logo_Guerssen_trans_100.png","width":122,"height":100,"caption":"Guerssen records"},"image":{"@id":"https:\/\/wpguerssen-test.odoo.rgbconsulting.com\/es\/#\/schema\/logo\/image\/"}}]}},"_links":{"self":[{"href":"https:\/\/wpguerssen-test.odoo.rgbconsulting.com\/es\/wp-json\/wp\/v2\/product\/240764","targetHints":{"allow":["GET"]}}],"collection":[{"href":"https:\/\/wpguerssen-test.odoo.rgbconsulting.com\/es\/wp-json\/wp\/v2\/product"}],"about":[{"href":"https:\/\/wpguerssen-test.odoo.rgbconsulting.com\/es\/wp-json\/wp\/v2\/types\/product"}],"wp:featuredmedia":[{"embeddable":true,"href":"https:\/\/wpguerssen-test.odoo.rgbconsulting.com\/es\/wp-json\/wp\/v2\/media\/241774"}],"wp:attachment":[{"href":"https:\/\/wpguerssen-test.odoo.rgbconsulting.com\/es\/wp-json\/wp\/v2\/media?parent=240764"}],"wp:term":[{"taxonomy":"product_brand","embeddable":true,"href":"https:\/\/wpguerssen-test.odoo.rgbconsulting.com\/es\/wp-json\/wp\/v2\/product_brand?post=240764"},{"taxonomy":"product_cat","embeddable":true,"href":"https:\/\/wpguerssen-test.odoo.rgbconsulting.com\/es\/wp-json\/wp\/v2\/product_cat?post=240764"},{"taxonomy":"product_tag","embeddable":true,"href":"https:\/\/wpguerssen-test.odoo.rgbconsulting.com\/es\/wp-json\/wp\/v2\/product_tag?post=240764"}],"curies":[{"name":"wp","href":"https:\/\/api.w.org\/{rel}","templated":true}]}}