{"id":240919,"date":"2022-03-24T00:00:00","date_gmt":"2022-03-23T23:00:00","guid":{"rendered":"https:\/\/wpguerssen-test.odoo.rgbconsulting.com\/product\/stardust-clear\/"},"modified":"2025-01-09T15:29:14","modified_gmt":"2025-01-09T14:29:14","slug":"stardust-clear","status":"publish","type":"product","link":"https:\/\/wpguerssen-test.odoo.rgbconsulting.com\/es\/producto\/stardust-clear\/","title":{"rendered":"Stardust (Clear)"},"content":{"rendered":"<p>A finales de la d\u00e9cada de 1950, el ic\u00f3nico saxofonista tenor John Coltrane estaba explorando diferentes entornos con varios asociados, en particular reconect\u00e1ndose con Miles Davis durante una \u00e9poca en la que este \u00faltimo trabajaba con el pianista Red Garland, el bajista Paul Chambers y los bateristas Jimmy Cobb y Art Taylor. Estos m\u00fasicos aparecen en la sesi\u00f3n de 1958 que producir\u00eda Stardust, lanzado por Prestige cuatro a\u00f1os despu\u00e9s, y aunque se compone de cuatro versiones est\u00e1ndar, la interpretaci\u00f3n de Trane es tan sumamente emotiva y los arreglos de hard bop tan sutiles y atractivos que el LP se convierte en otra inmersi\u00f3n de audio profunda que suena mejor con cada escucha.<\/p>\n","protected":false},"excerpt":{"rendered":"<p>A finales de la d\u00e9cada de 1950, el ic\u00f3nico saxofonista tenor John Coltrane estaba explorando diferentes entornos con varios asociados, en particular reconect\u00e1ndose<a class=\"read\" href=\"https:\/\/wpguerssen-test.odoo.rgbconsulting.com\/es\/producto\/stardust-clear\/\"> (...)<\/a>","protected":false},"featured_media":240891,"template":"","meta":{"_acf_changed":false},"product_brand":[],"product_cat":[23227],"product_tag":[29140],"class_list":{"0":"post-240919","1":"product","2":"type-product","3":"status-publish","4":"has-post-thumbnail","6":"product_cat-jazz-es","7":"product_tag-color-vinyl-es","8":"pa_artist-coltrane-john-es","9":"pa_format-lp-es","10":"pa_gender-jazz","11":"pa_label-destination-moon","12":"pa_location-north-america-es","13":"pa_other-filters-vinyl-only-es","15":"first","16":"instock","17":"taxable","18":"shipping-taxable","19":"purchasable","20":"product-type-simple"},"acf":[],"yoast_head":"<!-- This site is optimized with the Yoast SEO plugin v24.9 - https:\/\/yoast.com\/wordpress\/plugins\/seo\/ -->\n<title>COLTRANE, John - Stardust (Clear) -  (LP) | Guerssen<\/title>\n<meta name=\"description\" content=\"During the late 1950s, the iconic tenor saxophonist John Coltrane was exploring different milieus with various associates, most notably reconnecting with Miles Davis during a time when the latter was working with pianist Red Garland, bassist Paul Chambers, and drummers Jimmy Cobb and Art Taylor. These players are featured on the 1958 session that would yield Stardust, released by Prestige four years later, and although comprised of four standard cover tunes, Trane&#039;s playing is so supremely emotive and the hard-bop arrangements so subtle and engaging that the LP becomes another deep audio dive that sounds better with every listen.\" \/>\n<meta name=\"robots\" content=\"index, follow, max-snippet:-1, max-image-preview:large, max-video-preview:-1\" \/>\n<link rel=\"canonical\" href=\"https:\/\/wpguerssen-test.odoo.rgbconsulting.com\/es\/producto\/stardust-clear\/\" \/>\n<meta property=\"og:locale\" content=\"es_ES\" \/>\n<meta property=\"og:type\" content=\"article\" \/>\n<meta property=\"og:title\" content=\"COLTRANE, John - Stardust (Clear) -  (LP) | Guerssen\" \/>\n<meta property=\"og:description\" content=\"During the late 1950s, the iconic tenor saxophonist John Coltrane was exploring different milieus with various associates, most notably reconnecting with Miles Davis during a time when the latter was working with pianist Red Garland, bassist Paul Chambers, and drummers Jimmy Cobb and Art Taylor. These players are featured on the 1958 session that would yield Stardust, released by Prestige four years later, and although comprised of four standard cover tunes, Trane&#039;s playing is so supremely emotive and the hard-bop arrangements so subtle and engaging that the LP becomes another deep audio dive that sounds better with every listen.\" \/>\n<meta property=\"og:url\" content=\"https:\/\/wpguerssen-test.odoo.rgbconsulting.com\/es\/producto\/stardust-clear\/\" \/>\n<meta property=\"og:site_name\" content=\"Guerssen records\" \/>\n<meta property=\"article:modified_time\" content=\"2025-01-09T14:29:14+00:00\" \/>\n<meta property=\"og:image\" content=\"https:\/\/wpguerssen-test.odoo.rgbconsulting.com\/wp-content\/uploads\/2023\/09\/45402-scaled.jpg\" \/>\n\t<meta property=\"og:image:width\" content=\"2486\" \/>\n\t<meta property=\"og:image:height\" content=\"2560\" \/>\n\t<meta property=\"og:image:type\" content=\"image\/jpeg\" \/>\n<meta name=\"twitter:card\" content=\"summary_large_image\" \/>\n<meta name=\"twitter:title\" content=\"COLTRANE, John - Stardust (Clear) -  (LP) | Guerssen\" \/>\n<meta name=\"twitter:label1\" content=\"Tiempo de lectura\" \/>\n\t<meta name=\"twitter:data1\" content=\"1 minuto\" \/>\n<script type=\"application\/ld+json\" class=\"yoast-schema-graph\">{\"@context\":\"https:\/\/schema.org\",\"@graph\":[{\"@type\":\"WebPage\",\"@id\":\"https:\/\/wpguerssen-test.odoo.rgbconsulting.com\/es\/producto\/stardust-clear\/\",\"url\":\"https:\/\/wpguerssen-test.odoo.rgbconsulting.com\/es\/producto\/stardust-clear\/\",\"name\":\"COLTRANE, John - Stardust (Clear) - (LP) | Guerssen\",\"isPartOf\":{\"@id\":\"https:\/\/wpguerssen-test.odoo.rgbconsulting.com\/es\/#website\"},\"primaryImageOfPage\":{\"@id\":\"https:\/\/wpguerssen-test.odoo.rgbconsulting.com\/es\/producto\/stardust-clear\/#primaryimage\"},\"image\":{\"@id\":\"https:\/\/wpguerssen-test.odoo.rgbconsulting.com\/es\/producto\/stardust-clear\/#primaryimage\"},\"thumbnailUrl\":\"https:\/\/wpguerssen-test.odoo.rgbconsulting.com\/wp-content\/uploads\/2023\/09\/45402-scaled.jpg\",\"datePublished\":\"2022-03-23T23:00:00+00:00\",\"dateModified\":\"2025-01-09T14:29:14+00:00\",\"description\":\"During the late 1950s, the iconic tenor saxophonist John Coltrane was exploring different milieus with various associates, most notably reconnecting with Miles Davis during a time when the latter was working with pianist Red Garland, bassist Paul Chambers, and drummers Jimmy Cobb and Art Taylor. These players are featured on the 1958 session that would yield Stardust, released by Prestige four years later, and although comprised of four standard cover tunes, Trane's playing is so supremely emotive and the hard-bop arrangements so subtle and engaging that the LP becomes another deep audio dive that sounds better with every listen.\",\"breadcrumb\":{\"@id\":\"https:\/\/wpguerssen-test.odoo.rgbconsulting.com\/es\/producto\/stardust-clear\/#breadcrumb\"},\"inLanguage\":\"es\",\"potentialAction\":[{\"@type\":\"ReadAction\",\"target\":[\"https:\/\/wpguerssen-test.odoo.rgbconsulting.com\/es\/producto\/stardust-clear\/\"]}]},{\"@type\":\"ImageObject\",\"inLanguage\":\"es\",\"@id\":\"https:\/\/wpguerssen-test.odoo.rgbconsulting.com\/es\/producto\/stardust-clear\/#primaryimage\",\"url\":\"https:\/\/wpguerssen-test.odoo.rgbconsulting.com\/wp-content\/uploads\/2023\/09\/45402-scaled.jpg\",\"contentUrl\":\"https:\/\/wpguerssen-test.odoo.rgbconsulting.com\/wp-content\/uploads\/2023\/09\/45402-scaled.jpg\",\"width\":2486,\"height\":2560,\"caption\":\"John - Stardust (Clear) - DESTINATION MOON (LP) | Guerssen\"},{\"@type\":\"BreadcrumbList\",\"@id\":\"https:\/\/wpguerssen-test.odoo.rgbconsulting.com\/es\/producto\/stardust-clear\/#breadcrumb\",\"itemListElement\":[{\"@type\":\"ListItem\",\"position\":1,\"name\":\"Inicio\",\"item\":\"https:\/\/wpguerssen-test.odoo.rgbconsulting.com\/es\/\"},{\"@type\":\"ListItem\",\"position\":2,\"name\":\"Shop\",\"item\":\"https:\/\/wpguerssen-test.odoo.rgbconsulting.com\/shop\/\"},{\"@type\":\"ListItem\",\"position\":3,\"name\":\"Stardust (Clear)\"}]},{\"@type\":\"WebSite\",\"@id\":\"https:\/\/wpguerssen-test.odoo.rgbconsulting.com\/es\/#website\",\"url\":\"https:\/\/wpguerssen-test.odoo.rgbconsulting.com\/es\/\",\"name\":\"Guerssen records\",\"description\":\"psychedelia - progressive - folk - garage \",\"publisher\":{\"@id\":\"https:\/\/wpguerssen-test.odoo.rgbconsulting.com\/es\/#organization\"},\"potentialAction\":[{\"@type\":\"SearchAction\",\"target\":{\"@type\":\"EntryPoint\",\"urlTemplate\":\"https:\/\/wpguerssen-test.odoo.rgbconsulting.com\/es\/?s={search_term_string}\"},\"query-input\":{\"@type\":\"PropertyValueSpecification\",\"valueRequired\":true,\"valueName\":\"search_term_string\"}}],\"inLanguage\":\"es\"},{\"@type\":\"Organization\",\"@id\":\"https:\/\/wpguerssen-test.odoo.rgbconsulting.com\/es\/#organization\",\"name\":\"Guerssen records\",\"url\":\"https:\/\/wpguerssen-test.odoo.rgbconsulting.com\/es\/\",\"logo\":{\"@type\":\"ImageObject\",\"inLanguage\":\"es\",\"@id\":\"https:\/\/wpguerssen-test.odoo.rgbconsulting.com\/es\/#\/schema\/logo\/image\/\",\"url\":\"https:\/\/wpguerssen-test.odoo.rgbconsulting.com\/wp-content\/uploads\/2022\/04\/Logo_Guerssen_trans_100.png\",\"contentUrl\":\"https:\/\/wpguerssen-test.odoo.rgbconsulting.com\/wp-content\/uploads\/2022\/04\/Logo_Guerssen_trans_100.png\",\"width\":122,\"height\":100,\"caption\":\"Guerssen records\"},\"image\":{\"@id\":\"https:\/\/wpguerssen-test.odoo.rgbconsulting.com\/es\/#\/schema\/logo\/image\/\"}}]}<\/script>\n<!-- \/ Yoast SEO plugin. -->","yoast_head_json":{"title":"COLTRANE, John - Stardust (Clear) -  (LP) | Guerssen","description":"During the late 1950s, the iconic tenor saxophonist John Coltrane was exploring different milieus with various associates, most notably reconnecting with Miles Davis during a time when the latter was working with pianist Red Garland, bassist Paul Chambers, and drummers Jimmy Cobb and Art Taylor. These players are featured on the 1958 session that would yield Stardust, released by Prestige four years later, and although comprised of four standard cover tunes, Trane's playing is so supremely emotive and the hard-bop arrangements so subtle and engaging that the LP becomes another deep audio dive that sounds better with every listen.","robots":{"index":"index","follow":"follow","max-snippet":"max-snippet:-1","max-image-preview":"max-image-preview:large","max-video-preview":"max-video-preview:-1"},"canonical":"https:\/\/wpguerssen-test.odoo.rgbconsulting.com\/es\/producto\/stardust-clear\/","og_locale":"es_ES","og_type":"article","og_title":"COLTRANE, John - Stardust (Clear) -  (LP) | Guerssen","og_description":"During the late 1950s, the iconic tenor saxophonist John Coltrane was exploring different milieus with various associates, most notably reconnecting with Miles Davis during a time when the latter was working with pianist Red Garland, bassist Paul Chambers, and drummers Jimmy Cobb and Art Taylor. These players are featured on the 1958 session that would yield Stardust, released by Prestige four years later, and although comprised of four standard cover tunes, Trane's playing is so supremely emotive and the hard-bop arrangements so subtle and engaging that the LP becomes another deep audio dive that sounds better with every listen.","og_url":"https:\/\/wpguerssen-test.odoo.rgbconsulting.com\/es\/producto\/stardust-clear\/","og_site_name":"Guerssen records","article_modified_time":"2025-01-09T14:29:14+00:00","og_image":[{"width":2486,"height":2560,"url":"https:\/\/wpguerssen-test.odoo.rgbconsulting.com\/wp-content\/uploads\/2023\/09\/45402-scaled.jpg","type":"image\/jpeg"}],"twitter_card":"summary_large_image","twitter_title":"COLTRANE, John - Stardust (Clear) -  (LP) | Guerssen","twitter_misc":{"Tiempo de lectura":"1 minuto"},"schema":{"@context":"https:\/\/schema.org","@graph":[{"@type":"WebPage","@id":"https:\/\/wpguerssen-test.odoo.rgbconsulting.com\/es\/producto\/stardust-clear\/","url":"https:\/\/wpguerssen-test.odoo.rgbconsulting.com\/es\/producto\/stardust-clear\/","name":"COLTRANE, John - Stardust (Clear) - (LP) | Guerssen","isPartOf":{"@id":"https:\/\/wpguerssen-test.odoo.rgbconsulting.com\/es\/#website"},"primaryImageOfPage":{"@id":"https:\/\/wpguerssen-test.odoo.rgbconsulting.com\/es\/producto\/stardust-clear\/#primaryimage"},"image":{"@id":"https:\/\/wpguerssen-test.odoo.rgbconsulting.com\/es\/producto\/stardust-clear\/#primaryimage"},"thumbnailUrl":"https:\/\/wpguerssen-test.odoo.rgbconsulting.com\/wp-content\/uploads\/2023\/09\/45402-scaled.jpg","datePublished":"2022-03-23T23:00:00+00:00","dateModified":"2025-01-09T14:29:14+00:00","description":"During the late 1950s, the iconic tenor saxophonist John Coltrane was exploring different milieus with various associates, most notably reconnecting with Miles Davis during a time when the latter was working with pianist Red Garland, bassist Paul Chambers, and drummers Jimmy Cobb and Art Taylor. These players are featured on the 1958 session that would yield Stardust, released by Prestige four years later, and although comprised of four standard cover tunes, Trane's playing is so supremely emotive and the hard-bop arrangements so subtle and engaging that the LP becomes another deep audio dive that sounds better with every listen.","breadcrumb":{"@id":"https:\/\/wpguerssen-test.odoo.rgbconsulting.com\/es\/producto\/stardust-clear\/#breadcrumb"},"inLanguage":"es","potentialAction":[{"@type":"ReadAction","target":["https:\/\/wpguerssen-test.odoo.rgbconsulting.com\/es\/producto\/stardust-clear\/"]}]},{"@type":"ImageObject","inLanguage":"es","@id":"https:\/\/wpguerssen-test.odoo.rgbconsulting.com\/es\/producto\/stardust-clear\/#primaryimage","url":"https:\/\/wpguerssen-test.odoo.rgbconsulting.com\/wp-content\/uploads\/2023\/09\/45402-scaled.jpg","contentUrl":"https:\/\/wpguerssen-test.odoo.rgbconsulting.com\/wp-content\/uploads\/2023\/09\/45402-scaled.jpg","width":2486,"height":2560,"caption":"John - Stardust (Clear) - DESTINATION MOON (LP) | Guerssen"},{"@type":"BreadcrumbList","@id":"https:\/\/wpguerssen-test.odoo.rgbconsulting.com\/es\/producto\/stardust-clear\/#breadcrumb","itemListElement":[{"@type":"ListItem","position":1,"name":"Inicio","item":"https:\/\/wpguerssen-test.odoo.rgbconsulting.com\/es\/"},{"@type":"ListItem","position":2,"name":"Shop","item":"https:\/\/wpguerssen-test.odoo.rgbconsulting.com\/shop\/"},{"@type":"ListItem","position":3,"name":"Stardust (Clear)"}]},{"@type":"WebSite","@id":"https:\/\/wpguerssen-test.odoo.rgbconsulting.com\/es\/#website","url":"https:\/\/wpguerssen-test.odoo.rgbconsulting.com\/es\/","name":"Guerssen records","description":"psychedelia - progressive - folk - garage ","publisher":{"@id":"https:\/\/wpguerssen-test.odoo.rgbconsulting.com\/es\/#organization"},"potentialAction":[{"@type":"SearchAction","target":{"@type":"EntryPoint","urlTemplate":"https:\/\/wpguerssen-test.odoo.rgbconsulting.com\/es\/?s={search_term_string}"},"query-input":{"@type":"PropertyValueSpecification","valueRequired":true,"valueName":"search_term_string"}}],"inLanguage":"es"},{"@type":"Organization","@id":"https:\/\/wpguerssen-test.odoo.rgbconsulting.com\/es\/#organization","name":"Guerssen records","url":"https:\/\/wpguerssen-test.odoo.rgbconsulting.com\/es\/","logo":{"@type":"ImageObject","inLanguage":"es","@id":"https:\/\/wpguerssen-test.odoo.rgbconsulting.com\/es\/#\/schema\/logo\/image\/","url":"https:\/\/wpguerssen-test.odoo.rgbconsulting.com\/wp-content\/uploads\/2022\/04\/Logo_Guerssen_trans_100.png","contentUrl":"https:\/\/wpguerssen-test.odoo.rgbconsulting.com\/wp-content\/uploads\/2022\/04\/Logo_Guerssen_trans_100.png","width":122,"height":100,"caption":"Guerssen records"},"image":{"@id":"https:\/\/wpguerssen-test.odoo.rgbconsulting.com\/es\/#\/schema\/logo\/image\/"}}]}},"_links":{"self":[{"href":"https:\/\/wpguerssen-test.odoo.rgbconsulting.com\/es\/wp-json\/wp\/v2\/product\/240919","targetHints":{"allow":["GET"]}}],"collection":[{"href":"https:\/\/wpguerssen-test.odoo.rgbconsulting.com\/es\/wp-json\/wp\/v2\/product"}],"about":[{"href":"https:\/\/wpguerssen-test.odoo.rgbconsulting.com\/es\/wp-json\/wp\/v2\/types\/product"}],"wp:featuredmedia":[{"embeddable":true,"href":"https:\/\/wpguerssen-test.odoo.rgbconsulting.com\/es\/wp-json\/wp\/v2\/media\/240891"}],"wp:attachment":[{"href":"https:\/\/wpguerssen-test.odoo.rgbconsulting.com\/es\/wp-json\/wp\/v2\/media?parent=240919"}],"wp:term":[{"taxonomy":"product_brand","embeddable":true,"href":"https:\/\/wpguerssen-test.odoo.rgbconsulting.com\/es\/wp-json\/wp\/v2\/product_brand?post=240919"},{"taxonomy":"product_cat","embeddable":true,"href":"https:\/\/wpguerssen-test.odoo.rgbconsulting.com\/es\/wp-json\/wp\/v2\/product_cat?post=240919"},{"taxonomy":"product_tag","embeddable":true,"href":"https:\/\/wpguerssen-test.odoo.rgbconsulting.com\/es\/wp-json\/wp\/v2\/product_tag?post=240919"}],"curies":[{"name":"wp","href":"https:\/\/api.w.org\/{rel}","templated":true}]}}