{"id":241103,"date":"2023-09-25T00:00:00","date_gmt":"2023-09-24T22:00:00","guid":{"rendered":"https:\/\/wpguerssen-test.odoo.rgbconsulting.com\/product\/live-at-montreux-1971\/"},"modified":"2025-03-19T16:28:46","modified_gmt":"2025-03-19T15:28:46","slug":"live-at-montreux-1971","status":"publish","type":"product","link":"https:\/\/wpguerssen-test.odoo.rgbconsulting.com\/es\/producto\/live-at-montreux-1971\/","title":{"rendered":"Live At Montreux 1971"},"content":{"rendered":"<p>Una actuaci\u00f3n asombrosa que captura a la Reina del Soul en su mejor momento. Esta fue su \u00faltima aparici\u00f3n en vivo con King Curtis and the Kingpins, una incre\u00edble banda de catorce integrantes (la misma que aparece en su famoso \u00e1lbum \u00abLive At The Fillmore West\u00bb) que cuenta con pesos pesados \u00bf\u00bfcomo el guitarrista Cornell Dupree, el baterista Bernard Purdie y el propio King Curtis en saxo tenor, as\u00ed como la s\u00faper ajustada secci\u00f3n Memphis Horns y los invaluables coros de Sweethearts Of Soul. \u00a1Solo eche un vistazo a la lista de canciones, una secuencia impresionante de su mejor material interpretado con la m\u00e1xima energ\u00eda e inspiraci\u00f3n! \u00bfC\u00f3mo puedes equivocarte con ella?<\/p>\n","protected":false},"excerpt":{"rendered":"<p>Una actuaci\u00f3n asombrosa que captura a la Reina del Soul en su mejor momento. Esta fue su \u00faltima aparici\u00f3n en vivo con King Curtis and the Kingpins, una incre\u00edble<a class=\"read\" href=\"https:\/\/wpguerssen-test.odoo.rgbconsulting.com\/es\/producto\/live-at-montreux-1971\/\"> (...)<\/a>","protected":false},"featured_media":241027,"template":"","meta":{"_acf_changed":false},"product_brand":[],"product_cat":[21649,23219],"product_tag":[24190],"class_list":{"0":"post-241103","1":"product","2":"type-product","3":"status-publish","4":"has-post-thumbnail","6":"product_cat-soul-rnb-es","7":"product_cat-funk-es","8":"product_tag-sales-es","9":"pa_artist-franklin-aretha-es","10":"pa_format-lp-es","11":"pa_gender-soul-rnb-funk","12":"pa_label-whp","13":"pa_location-north-america-es","14":"pa_other-filters-vinyl-only-es","16":"first","17":"instock","18":"taxable","19":"shipping-taxable","20":"purchasable","21":"product-type-simple"},"acf":[],"yoast_head":"<!-- This site is optimized with the Yoast SEO plugin v24.9 - https:\/\/yoast.com\/wordpress\/plugins\/seo\/ -->\n<title>FRANKLIN, Aretha - Live At Montreux 1971 -  (LP) | Guerssen<\/title>\n<meta name=\"description\" content=\"An amazing performance that captures the Queen of Soul in her prime. This was her last live appearance with King Curtis and the Kingpins, an amazing fourteen piece band (the same appearing on her famous &quot;Live At The Fillmore West&quot; album) featuring heavyweights such as guitarist Cornell Dupree, drummer Bernard Purdie and King Curtis himself on tenor sax, as well as the super tight Memphis Horns section and the invaluable Sweethearts Of Soul&#039;s backing vocals. Just have a look at the track list, a breathtaking sequence of her finest material performed at maximum energy and inspiration! How can you go wrong with all that?\" \/>\n<meta name=\"robots\" content=\"index, follow, max-snippet:-1, max-image-preview:large, max-video-preview:-1\" \/>\n<link rel=\"canonical\" href=\"https:\/\/wpguerssen-test.odoo.rgbconsulting.com\/es\/producto\/live-at-montreux-1971\/\" \/>\n<meta property=\"og:locale\" content=\"es_ES\" \/>\n<meta property=\"og:type\" content=\"article\" \/>\n<meta property=\"og:title\" content=\"FRANKLIN, Aretha - Live At Montreux 1971 -  (LP) | Guerssen\" \/>\n<meta property=\"og:description\" content=\"An amazing performance that captures the Queen of Soul in her prime. This was her last live appearance with King Curtis and the Kingpins, an amazing fourteen piece band (the same appearing on her famous &quot;Live At The Fillmore West&quot; album) featuring heavyweights such as guitarist Cornell Dupree, drummer Bernard Purdie and King Curtis himself on tenor sax, as well as the super tight Memphis Horns section and the invaluable Sweethearts Of Soul&#039;s backing vocals. Just have a look at the track list, a breathtaking sequence of her finest material performed at maximum energy and inspiration! How can you go wrong with all that?\" \/>\n<meta property=\"og:url\" content=\"https:\/\/wpguerssen-test.odoo.rgbconsulting.com\/es\/producto\/live-at-montreux-1971\/\" \/>\n<meta property=\"og:site_name\" content=\"Guerssen records\" \/>\n<meta property=\"article:modified_time\" content=\"2025-03-19T15:28:46+00:00\" \/>\n<meta property=\"og:image\" content=\"https:\/\/wpguerssen-test.odoo.rgbconsulting.com\/wp-content\/uploads\/2023\/09\/45407.jpg\" \/>\n\t<meta property=\"og:image:width\" content=\"1181\" \/>\n\t<meta property=\"og:image:height\" content=\"1192\" \/>\n\t<meta property=\"og:image:type\" content=\"image\/jpeg\" \/>\n<meta name=\"twitter:card\" content=\"summary_large_image\" \/>\n<meta name=\"twitter:title\" content=\"FRANKLIN, Aretha - Live At Montreux 1971 -  (LP) | Guerssen\" \/>\n<meta name=\"twitter:label1\" content=\"Tiempo de lectura\" \/>\n\t<meta name=\"twitter:data1\" content=\"1 minuto\" \/>\n<script type=\"application\/ld+json\" class=\"yoast-schema-graph\">{\"@context\":\"https:\/\/schema.org\",\"@graph\":[{\"@type\":\"WebPage\",\"@id\":\"https:\/\/wpguerssen-test.odoo.rgbconsulting.com\/es\/producto\/live-at-montreux-1971\/\",\"url\":\"https:\/\/wpguerssen-test.odoo.rgbconsulting.com\/es\/producto\/live-at-montreux-1971\/\",\"name\":\"FRANKLIN, Aretha - Live At Montreux 1971 - (LP) | Guerssen\",\"isPartOf\":{\"@id\":\"https:\/\/wpguerssen-test.odoo.rgbconsulting.com\/es\/#website\"},\"primaryImageOfPage\":{\"@id\":\"https:\/\/wpguerssen-test.odoo.rgbconsulting.com\/es\/producto\/live-at-montreux-1971\/#primaryimage\"},\"image\":{\"@id\":\"https:\/\/wpguerssen-test.odoo.rgbconsulting.com\/es\/producto\/live-at-montreux-1971\/#primaryimage\"},\"thumbnailUrl\":\"https:\/\/wpguerssen-test.odoo.rgbconsulting.com\/wp-content\/uploads\/2023\/09\/45407.jpg\",\"datePublished\":\"2023-09-24T22:00:00+00:00\",\"dateModified\":\"2025-03-19T15:28:46+00:00\",\"description\":\"An amazing performance that captures the Queen of Soul in her prime. This was her last live appearance with King Curtis and the Kingpins, an amazing fourteen piece band (the same appearing on her famous \\\"Live At The Fillmore West\\\" album) featuring heavyweights such as guitarist Cornell Dupree, drummer Bernard Purdie and King Curtis himself on tenor sax, as well as the super tight Memphis Horns section and the invaluable Sweethearts Of Soul's backing vocals. Just have a look at the track list, a breathtaking sequence of her finest material performed at maximum energy and inspiration! How can you go wrong with all that?\",\"breadcrumb\":{\"@id\":\"https:\/\/wpguerssen-test.odoo.rgbconsulting.com\/es\/producto\/live-at-montreux-1971\/#breadcrumb\"},\"inLanguage\":\"es\",\"potentialAction\":[{\"@type\":\"ReadAction\",\"target\":[\"https:\/\/wpguerssen-test.odoo.rgbconsulting.com\/es\/producto\/live-at-montreux-1971\/\"]}]},{\"@type\":\"ImageObject\",\"inLanguage\":\"es\",\"@id\":\"https:\/\/wpguerssen-test.odoo.rgbconsulting.com\/es\/producto\/live-at-montreux-1971\/#primaryimage\",\"url\":\"https:\/\/wpguerssen-test.odoo.rgbconsulting.com\/wp-content\/uploads\/2023\/09\/45407.jpg\",\"contentUrl\":\"https:\/\/wpguerssen-test.odoo.rgbconsulting.com\/wp-content\/uploads\/2023\/09\/45407.jpg\",\"width\":1181,\"height\":1192,\"caption\":\"Aretha - Live At Montreux 1971 - WHP (LP) | Guerssen\"},{\"@type\":\"BreadcrumbList\",\"@id\":\"https:\/\/wpguerssen-test.odoo.rgbconsulting.com\/es\/producto\/live-at-montreux-1971\/#breadcrumb\",\"itemListElement\":[{\"@type\":\"ListItem\",\"position\":1,\"name\":\"Inicio\",\"item\":\"https:\/\/wpguerssen-test.odoo.rgbconsulting.com\/es\/\"},{\"@type\":\"ListItem\",\"position\":2,\"name\":\"Shop\",\"item\":\"https:\/\/wpguerssen-test.odoo.rgbconsulting.com\/shop\/\"},{\"@type\":\"ListItem\",\"position\":3,\"name\":\"Live At Montreux 1971\"}]},{\"@type\":\"WebSite\",\"@id\":\"https:\/\/wpguerssen-test.odoo.rgbconsulting.com\/es\/#website\",\"url\":\"https:\/\/wpguerssen-test.odoo.rgbconsulting.com\/es\/\",\"name\":\"Guerssen records\",\"description\":\"psychedelia - progressive - folk - garage \",\"publisher\":{\"@id\":\"https:\/\/wpguerssen-test.odoo.rgbconsulting.com\/es\/#organization\"},\"potentialAction\":[{\"@type\":\"SearchAction\",\"target\":{\"@type\":\"EntryPoint\",\"urlTemplate\":\"https:\/\/wpguerssen-test.odoo.rgbconsulting.com\/es\/?s={search_term_string}\"},\"query-input\":{\"@type\":\"PropertyValueSpecification\",\"valueRequired\":true,\"valueName\":\"search_term_string\"}}],\"inLanguage\":\"es\"},{\"@type\":\"Organization\",\"@id\":\"https:\/\/wpguerssen-test.odoo.rgbconsulting.com\/es\/#organization\",\"name\":\"Guerssen records\",\"url\":\"https:\/\/wpguerssen-test.odoo.rgbconsulting.com\/es\/\",\"logo\":{\"@type\":\"ImageObject\",\"inLanguage\":\"es\",\"@id\":\"https:\/\/wpguerssen-test.odoo.rgbconsulting.com\/es\/#\/schema\/logo\/image\/\",\"url\":\"https:\/\/wpguerssen-test.odoo.rgbconsulting.com\/wp-content\/uploads\/2022\/04\/Logo_Guerssen_trans_100.png\",\"contentUrl\":\"https:\/\/wpguerssen-test.odoo.rgbconsulting.com\/wp-content\/uploads\/2022\/04\/Logo_Guerssen_trans_100.png\",\"width\":122,\"height\":100,\"caption\":\"Guerssen records\"},\"image\":{\"@id\":\"https:\/\/wpguerssen-test.odoo.rgbconsulting.com\/es\/#\/schema\/logo\/image\/\"}}]}<\/script>\n<!-- \/ Yoast SEO plugin. -->","yoast_head_json":{"title":"FRANKLIN, Aretha - Live At Montreux 1971 -  (LP) | Guerssen","description":"An amazing performance that captures the Queen of Soul in her prime. This was her last live appearance with King Curtis and the Kingpins, an amazing fourteen piece band (the same appearing on her famous \"Live At The Fillmore West\" album) featuring heavyweights such as guitarist Cornell Dupree, drummer Bernard Purdie and King Curtis himself on tenor sax, as well as the super tight Memphis Horns section and the invaluable Sweethearts Of Soul's backing vocals. Just have a look at the track list, a breathtaking sequence of her finest material performed at maximum energy and inspiration! How can you go wrong with all that?","robots":{"index":"index","follow":"follow","max-snippet":"max-snippet:-1","max-image-preview":"max-image-preview:large","max-video-preview":"max-video-preview:-1"},"canonical":"https:\/\/wpguerssen-test.odoo.rgbconsulting.com\/es\/producto\/live-at-montreux-1971\/","og_locale":"es_ES","og_type":"article","og_title":"FRANKLIN, Aretha - Live At Montreux 1971 -  (LP) | Guerssen","og_description":"An amazing performance that captures the Queen of Soul in her prime. This was her last live appearance with King Curtis and the Kingpins, an amazing fourteen piece band (the same appearing on her famous \"Live At The Fillmore West\" album) featuring heavyweights such as guitarist Cornell Dupree, drummer Bernard Purdie and King Curtis himself on tenor sax, as well as the super tight Memphis Horns section and the invaluable Sweethearts Of Soul's backing vocals. Just have a look at the track list, a breathtaking sequence of her finest material performed at maximum energy and inspiration! How can you go wrong with all that?","og_url":"https:\/\/wpguerssen-test.odoo.rgbconsulting.com\/es\/producto\/live-at-montreux-1971\/","og_site_name":"Guerssen records","article_modified_time":"2025-03-19T15:28:46+00:00","og_image":[{"width":1181,"height":1192,"url":"https:\/\/wpguerssen-test.odoo.rgbconsulting.com\/wp-content\/uploads\/2023\/09\/45407.jpg","type":"image\/jpeg"}],"twitter_card":"summary_large_image","twitter_title":"FRANKLIN, Aretha - Live At Montreux 1971 -  (LP) | Guerssen","twitter_misc":{"Tiempo de lectura":"1 minuto"},"schema":{"@context":"https:\/\/schema.org","@graph":[{"@type":"WebPage","@id":"https:\/\/wpguerssen-test.odoo.rgbconsulting.com\/es\/producto\/live-at-montreux-1971\/","url":"https:\/\/wpguerssen-test.odoo.rgbconsulting.com\/es\/producto\/live-at-montreux-1971\/","name":"FRANKLIN, Aretha - Live At Montreux 1971 - (LP) | Guerssen","isPartOf":{"@id":"https:\/\/wpguerssen-test.odoo.rgbconsulting.com\/es\/#website"},"primaryImageOfPage":{"@id":"https:\/\/wpguerssen-test.odoo.rgbconsulting.com\/es\/producto\/live-at-montreux-1971\/#primaryimage"},"image":{"@id":"https:\/\/wpguerssen-test.odoo.rgbconsulting.com\/es\/producto\/live-at-montreux-1971\/#primaryimage"},"thumbnailUrl":"https:\/\/wpguerssen-test.odoo.rgbconsulting.com\/wp-content\/uploads\/2023\/09\/45407.jpg","datePublished":"2023-09-24T22:00:00+00:00","dateModified":"2025-03-19T15:28:46+00:00","description":"An amazing performance that captures the Queen of Soul in her prime. This was her last live appearance with King Curtis and the Kingpins, an amazing fourteen piece band (the same appearing on her famous \"Live At The Fillmore West\" album) featuring heavyweights such as guitarist Cornell Dupree, drummer Bernard Purdie and King Curtis himself on tenor sax, as well as the super tight Memphis Horns section and the invaluable Sweethearts Of Soul's backing vocals. Just have a look at the track list, a breathtaking sequence of her finest material performed at maximum energy and inspiration! How can you go wrong with all that?","breadcrumb":{"@id":"https:\/\/wpguerssen-test.odoo.rgbconsulting.com\/es\/producto\/live-at-montreux-1971\/#breadcrumb"},"inLanguage":"es","potentialAction":[{"@type":"ReadAction","target":["https:\/\/wpguerssen-test.odoo.rgbconsulting.com\/es\/producto\/live-at-montreux-1971\/"]}]},{"@type":"ImageObject","inLanguage":"es","@id":"https:\/\/wpguerssen-test.odoo.rgbconsulting.com\/es\/producto\/live-at-montreux-1971\/#primaryimage","url":"https:\/\/wpguerssen-test.odoo.rgbconsulting.com\/wp-content\/uploads\/2023\/09\/45407.jpg","contentUrl":"https:\/\/wpguerssen-test.odoo.rgbconsulting.com\/wp-content\/uploads\/2023\/09\/45407.jpg","width":1181,"height":1192,"caption":"Aretha - Live At Montreux 1971 - WHP (LP) | Guerssen"},{"@type":"BreadcrumbList","@id":"https:\/\/wpguerssen-test.odoo.rgbconsulting.com\/es\/producto\/live-at-montreux-1971\/#breadcrumb","itemListElement":[{"@type":"ListItem","position":1,"name":"Inicio","item":"https:\/\/wpguerssen-test.odoo.rgbconsulting.com\/es\/"},{"@type":"ListItem","position":2,"name":"Shop","item":"https:\/\/wpguerssen-test.odoo.rgbconsulting.com\/shop\/"},{"@type":"ListItem","position":3,"name":"Live At Montreux 1971"}]},{"@type":"WebSite","@id":"https:\/\/wpguerssen-test.odoo.rgbconsulting.com\/es\/#website","url":"https:\/\/wpguerssen-test.odoo.rgbconsulting.com\/es\/","name":"Guerssen records","description":"psychedelia - progressive - folk - garage ","publisher":{"@id":"https:\/\/wpguerssen-test.odoo.rgbconsulting.com\/es\/#organization"},"potentialAction":[{"@type":"SearchAction","target":{"@type":"EntryPoint","urlTemplate":"https:\/\/wpguerssen-test.odoo.rgbconsulting.com\/es\/?s={search_term_string}"},"query-input":{"@type":"PropertyValueSpecification","valueRequired":true,"valueName":"search_term_string"}}],"inLanguage":"es"},{"@type":"Organization","@id":"https:\/\/wpguerssen-test.odoo.rgbconsulting.com\/es\/#organization","name":"Guerssen records","url":"https:\/\/wpguerssen-test.odoo.rgbconsulting.com\/es\/","logo":{"@type":"ImageObject","inLanguage":"es","@id":"https:\/\/wpguerssen-test.odoo.rgbconsulting.com\/es\/#\/schema\/logo\/image\/","url":"https:\/\/wpguerssen-test.odoo.rgbconsulting.com\/wp-content\/uploads\/2022\/04\/Logo_Guerssen_trans_100.png","contentUrl":"https:\/\/wpguerssen-test.odoo.rgbconsulting.com\/wp-content\/uploads\/2022\/04\/Logo_Guerssen_trans_100.png","width":122,"height":100,"caption":"Guerssen records"},"image":{"@id":"https:\/\/wpguerssen-test.odoo.rgbconsulting.com\/es\/#\/schema\/logo\/image\/"}}]}},"_links":{"self":[{"href":"https:\/\/wpguerssen-test.odoo.rgbconsulting.com\/es\/wp-json\/wp\/v2\/product\/241103","targetHints":{"allow":["GET"]}}],"collection":[{"href":"https:\/\/wpguerssen-test.odoo.rgbconsulting.com\/es\/wp-json\/wp\/v2\/product"}],"about":[{"href":"https:\/\/wpguerssen-test.odoo.rgbconsulting.com\/es\/wp-json\/wp\/v2\/types\/product"}],"wp:featuredmedia":[{"embeddable":true,"href":"https:\/\/wpguerssen-test.odoo.rgbconsulting.com\/es\/wp-json\/wp\/v2\/media\/241027"}],"wp:attachment":[{"href":"https:\/\/wpguerssen-test.odoo.rgbconsulting.com\/es\/wp-json\/wp\/v2\/media?parent=241103"}],"wp:term":[{"taxonomy":"product_brand","embeddable":true,"href":"https:\/\/wpguerssen-test.odoo.rgbconsulting.com\/es\/wp-json\/wp\/v2\/product_brand?post=241103"},{"taxonomy":"product_cat","embeddable":true,"href":"https:\/\/wpguerssen-test.odoo.rgbconsulting.com\/es\/wp-json\/wp\/v2\/product_cat?post=241103"},{"taxonomy":"product_tag","embeddable":true,"href":"https:\/\/wpguerssen-test.odoo.rgbconsulting.com\/es\/wp-json\/wp\/v2\/product_tag?post=241103"}],"curies":[{"name":"wp","href":"https:\/\/api.w.org\/{rel}","templated":true}]}}