{"id":241108,"date":"2023-10-26T00:00:00","date_gmt":"2023-10-25T22:00:00","guid":{"rendered":"https:\/\/wpguerssen-test.odoo.rgbconsulting.com\/product\/tellegraph-avenue-gatefold\/"},"modified":"2024-10-29T16:41:46","modified_gmt":"2024-10-29T15:41:46","slug":"telegraph-avenue-gatefold","status":"publish","type":"product","link":"https:\/\/wpguerssen-test.odoo.rgbconsulting.com\/es\/producto\/telegraph-avenue-gatefold\/","title":{"rendered":"Telegraph Avenue (Gatefold)"},"content":{"rendered":"<p>El \u00e1lbum debut de Telegraph Avenue muestra el punto culminante que hab\u00eda alcanzado el rock peruano en 1971, cuando grupos psicod\u00e9licos como Traffic Sound y Laghonia se retiraban de la escena, y Pax, Tarkus, El Polen y Zulu tomaban el relevo con sus nuevos proyectos. Aunque este \u00e1lbum bebe de fuentes similares de psicodelia y rock latino, sus ra\u00edces se entrelazan con la ruptura de Los Doltons, una banda beat, cuyo vocalista, C\u00e9sar Ichikawa, viaj\u00f3 a Estados Unidos a principios de 1969, asistiendo a conciertos de The Doors, Jefferson Airplane, Santana y Jimi Hendrix entre muchos otros. El \u00e1lbum fue un \u00e9xito inmediato y se vendi\u00f3 en todo el Per\u00fa gracias a las constantes giras de la banda fuera de Lima y al llamativo dise\u00f1o de la portada del LP. Todas las canciones del \u00e1lbum son tan fuertes que fueron lanzadas como singles.<\/p>\n","protected":false},"excerpt":{"rendered":"<p>El \u00e1lbum debut de Telegraph Avenue muestra el punto culminante que hab\u00eda alcanzado el rock peruano en 1971, cuando grupos psicod\u00e9licos como Traffic Sound y Laghonia<a class=\"read\" href=\"https:\/\/wpguerssen-test.odoo.rgbconsulting.com\/es\/producto\/telegraph-avenue-gatefold\/\"> (...)<\/a>","protected":false},"featured_media":241040,"template":"","meta":{"_acf_changed":false},"product_brand":[],"product_cat":[23215,23224],"product_tag":[],"class_list":{"0":"post-241108","1":"product","2":"type-product","3":"status-publish","4":"has-post-thumbnail","6":"product_cat-progressive60s-70s-es","7":"product_cat-hard-rock-60s-70s-es","8":"pa_artist-telegraph-avenue-es","9":"pa_format-lp-es","10":"pa_gender-hard-rock-60s-70s-progressive60s-70s","11":"pa_label-munster-es","12":"pa_location-south-america-caribbean-es","13":"pa_other-filters-vinyl-only-es","15":"first","16":"instock","17":"taxable","18":"shipping-taxable","19":"purchasable","20":"product-type-simple"},"acf":[],"yoast_head":"<!-- This site is optimized with the Yoast SEO plugin v24.9 - https:\/\/yoast.com\/wordpress\/plugins\/seo\/ -->\n<title>TELEGRAPH AVENUE - Telegraph Avenue (Gatefold) -  (LP) | Guerssen<\/title>\n<meta name=\"description\" content=\"Telegraph Avenue&#039;s debut album shows the highpoint Peruvian rock had reached by 1971, when psychedelic groups like Traffic Sound and Laghonia were bowing out of the scene, and Pax, Tarkus, El Polen and Zulu were picking up the baton with their new projects. Although this album draws on similar psychedelia and Latin rock sources, its roots are intertwined with the breakup of Los Doltons, a beat band, whose vocalist, C\u00e9sar Ichikawa, took a trip to the United States at the beginning of 1969, going to concerts by The Doors, Jefferson Airplane, Santana and Jimi Hendrix among many others. The album was an immediate hit and was sold all over Peru thanks to the band&#039;s constant touring outside Lima and the LP&#039;s striking cover design. All the songs on the album are so strong that were released as singles.\" \/>\n<meta name=\"robots\" content=\"index, follow, max-snippet:-1, max-image-preview:large, max-video-preview:-1\" \/>\n<link rel=\"canonical\" href=\"https:\/\/wpguerssen-test.odoo.rgbconsulting.com\/es\/producto\/telegraph-avenue-gatefold\/\" \/>\n<meta property=\"og:locale\" content=\"es_ES\" \/>\n<meta property=\"og:type\" content=\"article\" \/>\n<meta property=\"og:title\" content=\"TELEGRAPH AVENUE - Telegraph Avenue (Gatefold) -  (LP) | Guerssen\" \/>\n<meta property=\"og:description\" content=\"Telegraph Avenue&#039;s debut album shows the highpoint Peruvian rock had reached by 1971, when psychedelic groups like Traffic Sound and Laghonia were bowing out of the scene, and Pax, Tarkus, El Polen and Zulu were picking up the baton with their new projects. Although this album draws on similar psychedelia and Latin rock sources, its roots are intertwined with the breakup of Los Doltons, a beat band, whose vocalist, C\u00e9sar Ichikawa, took a trip to the United States at the beginning of 1969, going to concerts by The Doors, Jefferson Airplane, Santana and Jimi Hendrix among many others. The album was an immediate hit and was sold all over Peru thanks to the band&#039;s constant touring outside Lima and the LP&#039;s striking cover design. All the songs on the album are so strong that were released as singles.\" \/>\n<meta property=\"og:url\" content=\"https:\/\/wpguerssen-test.odoo.rgbconsulting.com\/es\/producto\/telegraph-avenue-gatefold\/\" \/>\n<meta property=\"og:site_name\" content=\"Guerssen records\" \/>\n<meta property=\"article:modified_time\" content=\"2024-10-29T15:41:46+00:00\" \/>\n<meta property=\"og:image\" content=\"https:\/\/wpguerssen-test.odoo.rgbconsulting.com\/wp-content\/uploads\/2023\/09\/45412.jpg\" \/>\n\t<meta property=\"og:image:width\" content=\"1200\" \/>\n\t<meta property=\"og:image:height\" content=\"1200\" \/>\n\t<meta property=\"og:image:type\" content=\"image\/jpeg\" \/>\n<meta name=\"twitter:card\" content=\"summary_large_image\" \/>\n<meta name=\"twitter:title\" content=\"TELEGRAPH AVENUE - Telegraph Avenue (Gatefold) -  (LP) | Guerssen\" \/>\n<meta name=\"twitter:label1\" content=\"Tiempo de lectura\" \/>\n\t<meta name=\"twitter:data1\" content=\"1 minuto\" \/>\n<script type=\"application\/ld+json\" class=\"yoast-schema-graph\">{\"@context\":\"https:\/\/schema.org\",\"@graph\":[{\"@type\":\"WebPage\",\"@id\":\"https:\/\/wpguerssen-test.odoo.rgbconsulting.com\/es\/producto\/telegraph-avenue-gatefold\/\",\"url\":\"https:\/\/wpguerssen-test.odoo.rgbconsulting.com\/es\/producto\/telegraph-avenue-gatefold\/\",\"name\":\"TELEGRAPH AVENUE - Telegraph Avenue (Gatefold) - (LP) | Guerssen\",\"isPartOf\":{\"@id\":\"https:\/\/wpguerssen-test.odoo.rgbconsulting.com\/es\/#website\"},\"primaryImageOfPage\":{\"@id\":\"https:\/\/wpguerssen-test.odoo.rgbconsulting.com\/es\/producto\/telegraph-avenue-gatefold\/#primaryimage\"},\"image\":{\"@id\":\"https:\/\/wpguerssen-test.odoo.rgbconsulting.com\/es\/producto\/telegraph-avenue-gatefold\/#primaryimage\"},\"thumbnailUrl\":\"https:\/\/wpguerssen-test.odoo.rgbconsulting.com\/wp-content\/uploads\/2023\/09\/45412.jpg\",\"datePublished\":\"2023-10-25T22:00:00+00:00\",\"dateModified\":\"2024-10-29T15:41:46+00:00\",\"description\":\"Telegraph Avenue's debut album shows the highpoint Peruvian rock had reached by 1971, when psychedelic groups like Traffic Sound and Laghonia were bowing out of the scene, and Pax, Tarkus, El Polen and Zulu were picking up the baton with their new projects. Although this album draws on similar psychedelia and Latin rock sources, its roots are intertwined with the breakup of Los Doltons, a beat band, whose vocalist, C\u00e9sar Ichikawa, took a trip to the United States at the beginning of 1969, going to concerts by The Doors, Jefferson Airplane, Santana and Jimi Hendrix among many others. The album was an immediate hit and was sold all over Peru thanks to the band's constant touring outside Lima and the LP's striking cover design. All the songs on the album are so strong that were released as singles.\",\"breadcrumb\":{\"@id\":\"https:\/\/wpguerssen-test.odoo.rgbconsulting.com\/es\/producto\/telegraph-avenue-gatefold\/#breadcrumb\"},\"inLanguage\":\"es\",\"potentialAction\":[{\"@type\":\"ReadAction\",\"target\":[\"https:\/\/wpguerssen-test.odoo.rgbconsulting.com\/es\/producto\/telegraph-avenue-gatefold\/\"]}]},{\"@type\":\"ImageObject\",\"inLanguage\":\"es\",\"@id\":\"https:\/\/wpguerssen-test.odoo.rgbconsulting.com\/es\/producto\/telegraph-avenue-gatefold\/#primaryimage\",\"url\":\"https:\/\/wpguerssen-test.odoo.rgbconsulting.com\/wp-content\/uploads\/2023\/09\/45412.jpg\",\"contentUrl\":\"https:\/\/wpguerssen-test.odoo.rgbconsulting.com\/wp-content\/uploads\/2023\/09\/45412.jpg\",\"width\":1200,\"height\":1200},{\"@type\":\"BreadcrumbList\",\"@id\":\"https:\/\/wpguerssen-test.odoo.rgbconsulting.com\/es\/producto\/telegraph-avenue-gatefold\/#breadcrumb\",\"itemListElement\":[{\"@type\":\"ListItem\",\"position\":1,\"name\":\"Inicio\",\"item\":\"https:\/\/wpguerssen-test.odoo.rgbconsulting.com\/es\/\"},{\"@type\":\"ListItem\",\"position\":2,\"name\":\"Shop\",\"item\":\"https:\/\/wpguerssen-test.odoo.rgbconsulting.com\/shop\/\"},{\"@type\":\"ListItem\",\"position\":3,\"name\":\"Telegraph Avenue (Gatefold)\"}]},{\"@type\":\"WebSite\",\"@id\":\"https:\/\/wpguerssen-test.odoo.rgbconsulting.com\/es\/#website\",\"url\":\"https:\/\/wpguerssen-test.odoo.rgbconsulting.com\/es\/\",\"name\":\"Guerssen records\",\"description\":\"psychedelia - progressive - folk - garage \",\"publisher\":{\"@id\":\"https:\/\/wpguerssen-test.odoo.rgbconsulting.com\/es\/#organization\"},\"potentialAction\":[{\"@type\":\"SearchAction\",\"target\":{\"@type\":\"EntryPoint\",\"urlTemplate\":\"https:\/\/wpguerssen-test.odoo.rgbconsulting.com\/es\/?s={search_term_string}\"},\"query-input\":{\"@type\":\"PropertyValueSpecification\",\"valueRequired\":true,\"valueName\":\"search_term_string\"}}],\"inLanguage\":\"es\"},{\"@type\":\"Organization\",\"@id\":\"https:\/\/wpguerssen-test.odoo.rgbconsulting.com\/es\/#organization\",\"name\":\"Guerssen records\",\"url\":\"https:\/\/wpguerssen-test.odoo.rgbconsulting.com\/es\/\",\"logo\":{\"@type\":\"ImageObject\",\"inLanguage\":\"es\",\"@id\":\"https:\/\/wpguerssen-test.odoo.rgbconsulting.com\/es\/#\/schema\/logo\/image\/\",\"url\":\"https:\/\/wpguerssen-test.odoo.rgbconsulting.com\/wp-content\/uploads\/2022\/04\/Logo_Guerssen_trans_100.png\",\"contentUrl\":\"https:\/\/wpguerssen-test.odoo.rgbconsulting.com\/wp-content\/uploads\/2022\/04\/Logo_Guerssen_trans_100.png\",\"width\":122,\"height\":100,\"caption\":\"Guerssen records\"},\"image\":{\"@id\":\"https:\/\/wpguerssen-test.odoo.rgbconsulting.com\/es\/#\/schema\/logo\/image\/\"}}]}<\/script>\n<!-- \/ Yoast SEO plugin. -->","yoast_head_json":{"title":"TELEGRAPH AVENUE - Telegraph Avenue (Gatefold) -  (LP) | Guerssen","description":"Telegraph Avenue's debut album shows the highpoint Peruvian rock had reached by 1971, when psychedelic groups like Traffic Sound and Laghonia were bowing out of the scene, and Pax, Tarkus, El Polen and Zulu were picking up the baton with their new projects. Although this album draws on similar psychedelia and Latin rock sources, its roots are intertwined with the breakup of Los Doltons, a beat band, whose vocalist, C\u00e9sar Ichikawa, took a trip to the United States at the beginning of 1969, going to concerts by The Doors, Jefferson Airplane, Santana and Jimi Hendrix among many others. The album was an immediate hit and was sold all over Peru thanks to the band's constant touring outside Lima and the LP's striking cover design. All the songs on the album are so strong that were released as singles.","robots":{"index":"index","follow":"follow","max-snippet":"max-snippet:-1","max-image-preview":"max-image-preview:large","max-video-preview":"max-video-preview:-1"},"canonical":"https:\/\/wpguerssen-test.odoo.rgbconsulting.com\/es\/producto\/telegraph-avenue-gatefold\/","og_locale":"es_ES","og_type":"article","og_title":"TELEGRAPH AVENUE - Telegraph Avenue (Gatefold) -  (LP) | Guerssen","og_description":"Telegraph Avenue's debut album shows the highpoint Peruvian rock had reached by 1971, when psychedelic groups like Traffic Sound and Laghonia were bowing out of the scene, and Pax, Tarkus, El Polen and Zulu were picking up the baton with their new projects. Although this album draws on similar psychedelia and Latin rock sources, its roots are intertwined with the breakup of Los Doltons, a beat band, whose vocalist, C\u00e9sar Ichikawa, took a trip to the United States at the beginning of 1969, going to concerts by The Doors, Jefferson Airplane, Santana and Jimi Hendrix among many others. The album was an immediate hit and was sold all over Peru thanks to the band's constant touring outside Lima and the LP's striking cover design. All the songs on the album are so strong that were released as singles.","og_url":"https:\/\/wpguerssen-test.odoo.rgbconsulting.com\/es\/producto\/telegraph-avenue-gatefold\/","og_site_name":"Guerssen records","article_modified_time":"2024-10-29T15:41:46+00:00","og_image":[{"width":1200,"height":1200,"url":"https:\/\/wpguerssen-test.odoo.rgbconsulting.com\/wp-content\/uploads\/2023\/09\/45412.jpg","type":"image\/jpeg"}],"twitter_card":"summary_large_image","twitter_title":"TELEGRAPH AVENUE - Telegraph Avenue (Gatefold) -  (LP) | Guerssen","twitter_misc":{"Tiempo de lectura":"1 minuto"},"schema":{"@context":"https:\/\/schema.org","@graph":[{"@type":"WebPage","@id":"https:\/\/wpguerssen-test.odoo.rgbconsulting.com\/es\/producto\/telegraph-avenue-gatefold\/","url":"https:\/\/wpguerssen-test.odoo.rgbconsulting.com\/es\/producto\/telegraph-avenue-gatefold\/","name":"TELEGRAPH AVENUE - Telegraph Avenue (Gatefold) - (LP) | Guerssen","isPartOf":{"@id":"https:\/\/wpguerssen-test.odoo.rgbconsulting.com\/es\/#website"},"primaryImageOfPage":{"@id":"https:\/\/wpguerssen-test.odoo.rgbconsulting.com\/es\/producto\/telegraph-avenue-gatefold\/#primaryimage"},"image":{"@id":"https:\/\/wpguerssen-test.odoo.rgbconsulting.com\/es\/producto\/telegraph-avenue-gatefold\/#primaryimage"},"thumbnailUrl":"https:\/\/wpguerssen-test.odoo.rgbconsulting.com\/wp-content\/uploads\/2023\/09\/45412.jpg","datePublished":"2023-10-25T22:00:00+00:00","dateModified":"2024-10-29T15:41:46+00:00","description":"Telegraph Avenue's debut album shows the highpoint Peruvian rock had reached by 1971, when psychedelic groups like Traffic Sound and Laghonia were bowing out of the scene, and Pax, Tarkus, El Polen and Zulu were picking up the baton with their new projects. Although this album draws on similar psychedelia and Latin rock sources, its roots are intertwined with the breakup of Los Doltons, a beat band, whose vocalist, C\u00e9sar Ichikawa, took a trip to the United States at the beginning of 1969, going to concerts by The Doors, Jefferson Airplane, Santana and Jimi Hendrix among many others. The album was an immediate hit and was sold all over Peru thanks to the band's constant touring outside Lima and the LP's striking cover design. All the songs on the album are so strong that were released as singles.","breadcrumb":{"@id":"https:\/\/wpguerssen-test.odoo.rgbconsulting.com\/es\/producto\/telegraph-avenue-gatefold\/#breadcrumb"},"inLanguage":"es","potentialAction":[{"@type":"ReadAction","target":["https:\/\/wpguerssen-test.odoo.rgbconsulting.com\/es\/producto\/telegraph-avenue-gatefold\/"]}]},{"@type":"ImageObject","inLanguage":"es","@id":"https:\/\/wpguerssen-test.odoo.rgbconsulting.com\/es\/producto\/telegraph-avenue-gatefold\/#primaryimage","url":"https:\/\/wpguerssen-test.odoo.rgbconsulting.com\/wp-content\/uploads\/2023\/09\/45412.jpg","contentUrl":"https:\/\/wpguerssen-test.odoo.rgbconsulting.com\/wp-content\/uploads\/2023\/09\/45412.jpg","width":1200,"height":1200},{"@type":"BreadcrumbList","@id":"https:\/\/wpguerssen-test.odoo.rgbconsulting.com\/es\/producto\/telegraph-avenue-gatefold\/#breadcrumb","itemListElement":[{"@type":"ListItem","position":1,"name":"Inicio","item":"https:\/\/wpguerssen-test.odoo.rgbconsulting.com\/es\/"},{"@type":"ListItem","position":2,"name":"Shop","item":"https:\/\/wpguerssen-test.odoo.rgbconsulting.com\/shop\/"},{"@type":"ListItem","position":3,"name":"Telegraph Avenue (Gatefold)"}]},{"@type":"WebSite","@id":"https:\/\/wpguerssen-test.odoo.rgbconsulting.com\/es\/#website","url":"https:\/\/wpguerssen-test.odoo.rgbconsulting.com\/es\/","name":"Guerssen records","description":"psychedelia - progressive - folk - garage ","publisher":{"@id":"https:\/\/wpguerssen-test.odoo.rgbconsulting.com\/es\/#organization"},"potentialAction":[{"@type":"SearchAction","target":{"@type":"EntryPoint","urlTemplate":"https:\/\/wpguerssen-test.odoo.rgbconsulting.com\/es\/?s={search_term_string}"},"query-input":{"@type":"PropertyValueSpecification","valueRequired":true,"valueName":"search_term_string"}}],"inLanguage":"es"},{"@type":"Organization","@id":"https:\/\/wpguerssen-test.odoo.rgbconsulting.com\/es\/#organization","name":"Guerssen records","url":"https:\/\/wpguerssen-test.odoo.rgbconsulting.com\/es\/","logo":{"@type":"ImageObject","inLanguage":"es","@id":"https:\/\/wpguerssen-test.odoo.rgbconsulting.com\/es\/#\/schema\/logo\/image\/","url":"https:\/\/wpguerssen-test.odoo.rgbconsulting.com\/wp-content\/uploads\/2022\/04\/Logo_Guerssen_trans_100.png","contentUrl":"https:\/\/wpguerssen-test.odoo.rgbconsulting.com\/wp-content\/uploads\/2022\/04\/Logo_Guerssen_trans_100.png","width":122,"height":100,"caption":"Guerssen records"},"image":{"@id":"https:\/\/wpguerssen-test.odoo.rgbconsulting.com\/es\/#\/schema\/logo\/image\/"}}]}},"_links":{"self":[{"href":"https:\/\/wpguerssen-test.odoo.rgbconsulting.com\/es\/wp-json\/wp\/v2\/product\/241108","targetHints":{"allow":["GET"]}}],"collection":[{"href":"https:\/\/wpguerssen-test.odoo.rgbconsulting.com\/es\/wp-json\/wp\/v2\/product"}],"about":[{"href":"https:\/\/wpguerssen-test.odoo.rgbconsulting.com\/es\/wp-json\/wp\/v2\/types\/product"}],"wp:featuredmedia":[{"embeddable":true,"href":"https:\/\/wpguerssen-test.odoo.rgbconsulting.com\/es\/wp-json\/wp\/v2\/media\/241040"}],"wp:attachment":[{"href":"https:\/\/wpguerssen-test.odoo.rgbconsulting.com\/es\/wp-json\/wp\/v2\/media?parent=241108"}],"wp:term":[{"taxonomy":"product_brand","embeddable":true,"href":"https:\/\/wpguerssen-test.odoo.rgbconsulting.com\/es\/wp-json\/wp\/v2\/product_brand?post=241108"},{"taxonomy":"product_cat","embeddable":true,"href":"https:\/\/wpguerssen-test.odoo.rgbconsulting.com\/es\/wp-json\/wp\/v2\/product_cat?post=241108"},{"taxonomy":"product_tag","embeddable":true,"href":"https:\/\/wpguerssen-test.odoo.rgbconsulting.com\/es\/wp-json\/wp\/v2\/product_tag?post=241108"}],"curies":[{"name":"wp","href":"https:\/\/api.w.org\/{rel}","templated":true}]}}