{"id":241135,"date":"2023-02-01T00:00:00","date_gmt":"2023-01-31T23:00:00","guid":{"rendered":"https:\/\/wpguerssen-test.odoo.rgbconsulting.com\/product\/is-back-2\/"},"modified":"2025-01-27T17:33:16","modified_gmt":"2025-01-27T16:33:16","slug":"is-back","status":"publish","type":"product","link":"https:\/\/wpguerssen-test.odoo.rgbconsulting.com\/es\/producto\/is-back\/","title":{"rendered":"Is Back!"},"content":{"rendered":"<p>Lupe Victoria Yol\u00ed Raymond (23 de diciembre de 1936 &#8211; 29 de febrero de 1992), m\u00e1s conocida como La Lupe, fue una cantante cubana de boleros, guarachas y soul latino, conocida por sus actuaciones en\u00e9rgicas, a veces controvertidas. \u00abLa Lupe ls Back\u00bb de 1961 fue su segundo LP en el que se adelant\u00f3 a su brillante debut \u00abCon el diablo en el cuerpo\u00bb, incorporando varios \u00e9xitos del pop y rock&#8217;n&#8217;roll de la \u00e9poca para su repertorio, como \u00abWill You Still Love Me Tomorrow\u00bb escrita por Carole King\/Jerry Goffin, que hab\u00eda sido un gran \u00e9xito para The Shirelles o \u00abLipstick On Your Collar\u00bb, que hab\u00eda llegado a las listas de RnR con la voz de Connie Francis, entre otras. otros, todos hechos al estilo \u00fanico de Lupe y adaptados al espa\u00f1ol.<\/p>\n","protected":false},"excerpt":{"rendered":"<p>Lupe Victoria Yol\u00ed Raymond (23 de diciembre de 1936 &#8211; 29 de febrero de 1992), m\u00e1s conocida como La Lupe, fue una cantante cubana de boleros, guarachas y soul<a class=\"read\" href=\"https:\/\/wpguerssen-test.odoo.rgbconsulting.com\/es\/producto\/is-back\/\"> (...)<\/a>","protected":false},"featured_media":226241,"template":"","meta":{"_acf_changed":false},"product_brand":[],"product_cat":[23231],"product_tag":[],"class_list":{"0":"post-241135","1":"product","2":"type-product","3":"status-publish","4":"has-post-thumbnail","6":"product_cat-latin-brazilian-es","7":"pa_artist-lupe-la","8":"pa_format-lp-es","9":"pa_gender-latin-brazilian","10":"pa_label-shellac-disc","11":"pa_location-south-america-caribbean-es","12":"pa_other-filters-vinyl-only-es","14":"first","15":"instock","16":"taxable","17":"shipping-taxable","18":"purchasable","19":"product-type-simple"},"acf":[],"yoast_head":"<!-- This site is optimized with the Yoast SEO plugin v24.9 - https:\/\/yoast.com\/wordpress\/plugins\/seo\/ -->\n<title>LUPE, La - Is Back! -  (LP) | Guerssen<\/title>\n<meta name=\"description\" content=\"Lupe Victoria Yol\u00ed Raymond (23 December 1936 - 29 February 1992), better known as La Lupe, was a Cuban singer of boleros, guarachas and Latin soul, known for her energetic, sometimes controversial performances. 1961&#039;s &quot;La Lupe ls Back&quot; was her second LP on which she went one step ahead of her brillian debut &quot;Con el diablo en el cuerpo&quot;, incorporating several pop and rock&#039;n&#039;roll hits of the time to her repertoire, such as the Carole King\/Jerry Goffin penned &quot;Will You Still Love Me Tomorrow&quot; which had been a big hit for The Shirelles or &quot;Lipstick On Your Collar&quot; which had hit the RnR charts in the voice of Connie Francis, among others, all done in the unique Lupe style and adapted to Spanish.\" \/>\n<meta name=\"robots\" content=\"index, follow, max-snippet:-1, max-image-preview:large, max-video-preview:-1\" \/>\n<link rel=\"canonical\" href=\"https:\/\/wpguerssen-test.odoo.rgbconsulting.com\/es\/producto\/is-back\/\" \/>\n<meta property=\"og:locale\" content=\"es_ES\" \/>\n<meta property=\"og:type\" content=\"article\" \/>\n<meta property=\"og:title\" content=\"LUPE, La - Is Back! -  (LP) | Guerssen\" \/>\n<meta property=\"og:description\" content=\"Lupe Victoria Yol\u00ed Raymond (23 December 1936 - 29 February 1992), better known as La Lupe, was a Cuban singer of boleros, guarachas and Latin soul, known for her energetic, sometimes controversial performances. 1961&#039;s &quot;La Lupe ls Back&quot; was her second LP on which she went one step ahead of her brillian debut &quot;Con el diablo en el cuerpo&quot;, incorporating several pop and rock&#039;n&#039;roll hits of the time to her repertoire, such as the Carole King\/Jerry Goffin penned &quot;Will You Still Love Me Tomorrow&quot; which had been a big hit for The Shirelles or &quot;Lipstick On Your Collar&quot; which had hit the RnR charts in the voice of Connie Francis, among others, all done in the unique Lupe style and adapted to Spanish.\" \/>\n<meta property=\"og:url\" content=\"https:\/\/wpguerssen-test.odoo.rgbconsulting.com\/es\/producto\/is-back\/\" \/>\n<meta property=\"og:site_name\" content=\"Guerssen records\" \/>\n<meta property=\"article:modified_time\" content=\"2025-01-27T16:33:16+00:00\" \/>\n<meta property=\"og:image\" content=\"https:\/\/wpguerssen-test.odoo.rgbconsulting.com\/wp-content\/uploads\/2023\/02\/42749.jpg\" \/>\n\t<meta property=\"og:image:width\" content=\"472\" \/>\n\t<meta property=\"og:image:height\" content=\"472\" \/>\n\t<meta property=\"og:image:type\" content=\"image\/jpeg\" \/>\n<meta name=\"twitter:card\" content=\"summary_large_image\" \/>\n<meta name=\"twitter:title\" content=\"LUPE, La - Is Back! -  (LP) | Guerssen\" \/>\n<meta name=\"twitter:label1\" content=\"Tiempo de lectura\" \/>\n\t<meta name=\"twitter:data1\" content=\"1 minuto\" \/>\n<script type=\"application\/ld+json\" class=\"yoast-schema-graph\">{\"@context\":\"https:\/\/schema.org\",\"@graph\":[{\"@type\":\"WebPage\",\"@id\":\"https:\/\/wpguerssen-test.odoo.rgbconsulting.com\/es\/producto\/is-back\/\",\"url\":\"https:\/\/wpguerssen-test.odoo.rgbconsulting.com\/es\/producto\/is-back\/\",\"name\":\"LUPE, La - Is Back! - (LP) | Guerssen\",\"isPartOf\":{\"@id\":\"https:\/\/wpguerssen-test.odoo.rgbconsulting.com\/es\/#website\"},\"primaryImageOfPage\":{\"@id\":\"https:\/\/wpguerssen-test.odoo.rgbconsulting.com\/es\/producto\/is-back\/#primaryimage\"},\"image\":{\"@id\":\"https:\/\/wpguerssen-test.odoo.rgbconsulting.com\/es\/producto\/is-back\/#primaryimage\"},\"thumbnailUrl\":\"https:\/\/wpguerssen-test.odoo.rgbconsulting.com\/wp-content\/uploads\/2023\/02\/42749.jpg\",\"datePublished\":\"2023-01-31T23:00:00+00:00\",\"dateModified\":\"2025-01-27T16:33:16+00:00\",\"description\":\"Lupe Victoria Yol\u00ed Raymond (23 December 1936 - 29 February 1992), better known as La Lupe, was a Cuban singer of boleros, guarachas and Latin soul, known for her energetic, sometimes controversial performances. 1961's \\\"La Lupe ls Back\\\" was her second LP on which she went one step ahead of her brillian debut \\\"Con el diablo en el cuerpo\\\", incorporating several pop and rock'n'roll hits of the time to her repertoire, such as the Carole King\/Jerry Goffin penned \\\"Will You Still Love Me Tomorrow\\\" which had been a big hit for The Shirelles or \\\"Lipstick On Your Collar\\\" which had hit the RnR charts in the voice of Connie Francis, among others, all done in the unique Lupe style and adapted to Spanish.\",\"breadcrumb\":{\"@id\":\"https:\/\/wpguerssen-test.odoo.rgbconsulting.com\/es\/producto\/is-back\/#breadcrumb\"},\"inLanguage\":\"es\",\"potentialAction\":[{\"@type\":\"ReadAction\",\"target\":[\"https:\/\/wpguerssen-test.odoo.rgbconsulting.com\/es\/producto\/is-back\/\"]}]},{\"@type\":\"ImageObject\",\"inLanguage\":\"es\",\"@id\":\"https:\/\/wpguerssen-test.odoo.rgbconsulting.com\/es\/producto\/is-back\/#primaryimage\",\"url\":\"https:\/\/wpguerssen-test.odoo.rgbconsulting.com\/wp-content\/uploads\/2023\/02\/42749.jpg\",\"contentUrl\":\"https:\/\/wpguerssen-test.odoo.rgbconsulting.com\/wp-content\/uploads\/2023\/02\/42749.jpg\",\"width\":472,\"height\":472,\"caption\":\"La - Is Back! - SHELLAC DISC (LP) | Guerssen\"},{\"@type\":\"BreadcrumbList\",\"@id\":\"https:\/\/wpguerssen-test.odoo.rgbconsulting.com\/es\/producto\/is-back\/#breadcrumb\",\"itemListElement\":[{\"@type\":\"ListItem\",\"position\":1,\"name\":\"Inicio\",\"item\":\"https:\/\/wpguerssen-test.odoo.rgbconsulting.com\/es\/\"},{\"@type\":\"ListItem\",\"position\":2,\"name\":\"Shop\",\"item\":\"https:\/\/wpguerssen-test.odoo.rgbconsulting.com\/shop\/\"},{\"@type\":\"ListItem\",\"position\":3,\"name\":\"Is Back!\"}]},{\"@type\":\"WebSite\",\"@id\":\"https:\/\/wpguerssen-test.odoo.rgbconsulting.com\/es\/#website\",\"url\":\"https:\/\/wpguerssen-test.odoo.rgbconsulting.com\/es\/\",\"name\":\"Guerssen records\",\"description\":\"psychedelia - progressive - folk - garage \",\"publisher\":{\"@id\":\"https:\/\/wpguerssen-test.odoo.rgbconsulting.com\/es\/#organization\"},\"potentialAction\":[{\"@type\":\"SearchAction\",\"target\":{\"@type\":\"EntryPoint\",\"urlTemplate\":\"https:\/\/wpguerssen-test.odoo.rgbconsulting.com\/es\/?s={search_term_string}\"},\"query-input\":{\"@type\":\"PropertyValueSpecification\",\"valueRequired\":true,\"valueName\":\"search_term_string\"}}],\"inLanguage\":\"es\"},{\"@type\":\"Organization\",\"@id\":\"https:\/\/wpguerssen-test.odoo.rgbconsulting.com\/es\/#organization\",\"name\":\"Guerssen records\",\"url\":\"https:\/\/wpguerssen-test.odoo.rgbconsulting.com\/es\/\",\"logo\":{\"@type\":\"ImageObject\",\"inLanguage\":\"es\",\"@id\":\"https:\/\/wpguerssen-test.odoo.rgbconsulting.com\/es\/#\/schema\/logo\/image\/\",\"url\":\"https:\/\/wpguerssen-test.odoo.rgbconsulting.com\/wp-content\/uploads\/2022\/04\/Logo_Guerssen_trans_100.png\",\"contentUrl\":\"https:\/\/wpguerssen-test.odoo.rgbconsulting.com\/wp-content\/uploads\/2022\/04\/Logo_Guerssen_trans_100.png\",\"width\":122,\"height\":100,\"caption\":\"Guerssen records\"},\"image\":{\"@id\":\"https:\/\/wpguerssen-test.odoo.rgbconsulting.com\/es\/#\/schema\/logo\/image\/\"}}]}<\/script>\n<!-- \/ Yoast SEO plugin. -->","yoast_head_json":{"title":"LUPE, La - Is Back! -  (LP) | Guerssen","description":"Lupe Victoria Yol\u00ed Raymond (23 December 1936 - 29 February 1992), better known as La Lupe, was a Cuban singer of boleros, guarachas and Latin soul, known for her energetic, sometimes controversial performances. 1961's \"La Lupe ls Back\" was her second LP on which she went one step ahead of her brillian debut \"Con el diablo en el cuerpo\", incorporating several pop and rock'n'roll hits of the time to her repertoire, such as the Carole King\/Jerry Goffin penned \"Will You Still Love Me Tomorrow\" which had been a big hit for The Shirelles or \"Lipstick On Your Collar\" which had hit the RnR charts in the voice of Connie Francis, among others, all done in the unique Lupe style and adapted to Spanish.","robots":{"index":"index","follow":"follow","max-snippet":"max-snippet:-1","max-image-preview":"max-image-preview:large","max-video-preview":"max-video-preview:-1"},"canonical":"https:\/\/wpguerssen-test.odoo.rgbconsulting.com\/es\/producto\/is-back\/","og_locale":"es_ES","og_type":"article","og_title":"LUPE, La - Is Back! -  (LP) | Guerssen","og_description":"Lupe Victoria Yol\u00ed Raymond (23 December 1936 - 29 February 1992), better known as La Lupe, was a Cuban singer of boleros, guarachas and Latin soul, known for her energetic, sometimes controversial performances. 1961's \"La Lupe ls Back\" was her second LP on which she went one step ahead of her brillian debut \"Con el diablo en el cuerpo\", incorporating several pop and rock'n'roll hits of the time to her repertoire, such as the Carole King\/Jerry Goffin penned \"Will You Still Love Me Tomorrow\" which had been a big hit for The Shirelles or \"Lipstick On Your Collar\" which had hit the RnR charts in the voice of Connie Francis, among others, all done in the unique Lupe style and adapted to Spanish.","og_url":"https:\/\/wpguerssen-test.odoo.rgbconsulting.com\/es\/producto\/is-back\/","og_site_name":"Guerssen records","article_modified_time":"2025-01-27T16:33:16+00:00","og_image":[{"width":472,"height":472,"url":"https:\/\/wpguerssen-test.odoo.rgbconsulting.com\/wp-content\/uploads\/2023\/02\/42749.jpg","type":"image\/jpeg"}],"twitter_card":"summary_large_image","twitter_title":"LUPE, La - Is Back! -  (LP) | Guerssen","twitter_misc":{"Tiempo de lectura":"1 minuto"},"schema":{"@context":"https:\/\/schema.org","@graph":[{"@type":"WebPage","@id":"https:\/\/wpguerssen-test.odoo.rgbconsulting.com\/es\/producto\/is-back\/","url":"https:\/\/wpguerssen-test.odoo.rgbconsulting.com\/es\/producto\/is-back\/","name":"LUPE, La - Is Back! - (LP) | Guerssen","isPartOf":{"@id":"https:\/\/wpguerssen-test.odoo.rgbconsulting.com\/es\/#website"},"primaryImageOfPage":{"@id":"https:\/\/wpguerssen-test.odoo.rgbconsulting.com\/es\/producto\/is-back\/#primaryimage"},"image":{"@id":"https:\/\/wpguerssen-test.odoo.rgbconsulting.com\/es\/producto\/is-back\/#primaryimage"},"thumbnailUrl":"https:\/\/wpguerssen-test.odoo.rgbconsulting.com\/wp-content\/uploads\/2023\/02\/42749.jpg","datePublished":"2023-01-31T23:00:00+00:00","dateModified":"2025-01-27T16:33:16+00:00","description":"Lupe Victoria Yol\u00ed Raymond (23 December 1936 - 29 February 1992), better known as La Lupe, was a Cuban singer of boleros, guarachas and Latin soul, known for her energetic, sometimes controversial performances. 1961's \"La Lupe ls Back\" was her second LP on which she went one step ahead of her brillian debut \"Con el diablo en el cuerpo\", incorporating several pop and rock'n'roll hits of the time to her repertoire, such as the Carole King\/Jerry Goffin penned \"Will You Still Love Me Tomorrow\" which had been a big hit for The Shirelles or \"Lipstick On Your Collar\" which had hit the RnR charts in the voice of Connie Francis, among others, all done in the unique Lupe style and adapted to Spanish.","breadcrumb":{"@id":"https:\/\/wpguerssen-test.odoo.rgbconsulting.com\/es\/producto\/is-back\/#breadcrumb"},"inLanguage":"es","potentialAction":[{"@type":"ReadAction","target":["https:\/\/wpguerssen-test.odoo.rgbconsulting.com\/es\/producto\/is-back\/"]}]},{"@type":"ImageObject","inLanguage":"es","@id":"https:\/\/wpguerssen-test.odoo.rgbconsulting.com\/es\/producto\/is-back\/#primaryimage","url":"https:\/\/wpguerssen-test.odoo.rgbconsulting.com\/wp-content\/uploads\/2023\/02\/42749.jpg","contentUrl":"https:\/\/wpguerssen-test.odoo.rgbconsulting.com\/wp-content\/uploads\/2023\/02\/42749.jpg","width":472,"height":472,"caption":"La - Is Back! - SHELLAC DISC (LP) | Guerssen"},{"@type":"BreadcrumbList","@id":"https:\/\/wpguerssen-test.odoo.rgbconsulting.com\/es\/producto\/is-back\/#breadcrumb","itemListElement":[{"@type":"ListItem","position":1,"name":"Inicio","item":"https:\/\/wpguerssen-test.odoo.rgbconsulting.com\/es\/"},{"@type":"ListItem","position":2,"name":"Shop","item":"https:\/\/wpguerssen-test.odoo.rgbconsulting.com\/shop\/"},{"@type":"ListItem","position":3,"name":"Is Back!"}]},{"@type":"WebSite","@id":"https:\/\/wpguerssen-test.odoo.rgbconsulting.com\/es\/#website","url":"https:\/\/wpguerssen-test.odoo.rgbconsulting.com\/es\/","name":"Guerssen records","description":"psychedelia - progressive - folk - garage ","publisher":{"@id":"https:\/\/wpguerssen-test.odoo.rgbconsulting.com\/es\/#organization"},"potentialAction":[{"@type":"SearchAction","target":{"@type":"EntryPoint","urlTemplate":"https:\/\/wpguerssen-test.odoo.rgbconsulting.com\/es\/?s={search_term_string}"},"query-input":{"@type":"PropertyValueSpecification","valueRequired":true,"valueName":"search_term_string"}}],"inLanguage":"es"},{"@type":"Organization","@id":"https:\/\/wpguerssen-test.odoo.rgbconsulting.com\/es\/#organization","name":"Guerssen records","url":"https:\/\/wpguerssen-test.odoo.rgbconsulting.com\/es\/","logo":{"@type":"ImageObject","inLanguage":"es","@id":"https:\/\/wpguerssen-test.odoo.rgbconsulting.com\/es\/#\/schema\/logo\/image\/","url":"https:\/\/wpguerssen-test.odoo.rgbconsulting.com\/wp-content\/uploads\/2022\/04\/Logo_Guerssen_trans_100.png","contentUrl":"https:\/\/wpguerssen-test.odoo.rgbconsulting.com\/wp-content\/uploads\/2022\/04\/Logo_Guerssen_trans_100.png","width":122,"height":100,"caption":"Guerssen records"},"image":{"@id":"https:\/\/wpguerssen-test.odoo.rgbconsulting.com\/es\/#\/schema\/logo\/image\/"}}]}},"_links":{"self":[{"href":"https:\/\/wpguerssen-test.odoo.rgbconsulting.com\/es\/wp-json\/wp\/v2\/product\/241135","targetHints":{"allow":["GET"]}}],"collection":[{"href":"https:\/\/wpguerssen-test.odoo.rgbconsulting.com\/es\/wp-json\/wp\/v2\/product"}],"about":[{"href":"https:\/\/wpguerssen-test.odoo.rgbconsulting.com\/es\/wp-json\/wp\/v2\/types\/product"}],"wp:featuredmedia":[{"embeddable":true,"href":"https:\/\/wpguerssen-test.odoo.rgbconsulting.com\/es\/wp-json\/wp\/v2\/media\/226241"}],"wp:attachment":[{"href":"https:\/\/wpguerssen-test.odoo.rgbconsulting.com\/es\/wp-json\/wp\/v2\/media?parent=241135"}],"wp:term":[{"taxonomy":"product_brand","embeddable":true,"href":"https:\/\/wpguerssen-test.odoo.rgbconsulting.com\/es\/wp-json\/wp\/v2\/product_brand?post=241135"},{"taxonomy":"product_cat","embeddable":true,"href":"https:\/\/wpguerssen-test.odoo.rgbconsulting.com\/es\/wp-json\/wp\/v2\/product_cat?post=241135"},{"taxonomy":"product_tag","embeddable":true,"href":"https:\/\/wpguerssen-test.odoo.rgbconsulting.com\/es\/wp-json\/wp\/v2\/product_tag?post=241135"}],"curies":[{"name":"wp","href":"https:\/\/api.w.org\/{rel}","templated":true}]}}