{"id":241351,"date":"2025-02-11T00:00:00","date_gmt":"2025-02-10T23:00:00","guid":{"rendered":"https:\/\/wpguerssen-test.odoo.rgbconsulting.com\/product\/tepepa-crystal-clear\/"},"modified":"2025-03-13T17:17:54","modified_gmt":"2025-03-13T16:17:54","slug":"tepepa-crystal-clear","status":"publish","type":"product","link":"https:\/\/wpguerssen-test.odoo.rgbconsulting.com\/es\/producto\/tepepa-crystal-clear\/","title":{"rendered":"Tepepa (Crystal Clear)"},"content":{"rendered":"<p>Aunque no fue dirigida s\u00f3lo por Sergio Leone, sino por el menos conocido Giulio Petroni, \u00abTepepa\u00bb es una de las mejores pel\u00edculas del g\u00e9nero spaghetti western, gracias a una sinopsis perfecta, aunque est\u00e9 ambientada en la abusada Revoluci\u00f3n Mexicana de principios de 1900, con un tr\u00edo de actores excepcionales y, finalmente, con la banda sonora de Ennio Morricone.<br \/>Los protagonistas son, de hecho, el inamovible m\u00e9dico John Steiner, el histri\u00f3nico revolucionario Tomas Milian y el corpulento coronel Orson Welles, un personaje \u00fanico y combinaci\u00f3n pr\u00e1cticamente irrepetible, aunque dirigida de forma \u00ableonesa\u00bb por Petroni, que a menudo se centra en grandes panoramas y primeros planos de los rostros de los personajes.<br \/>Como siempre, Morricone significa calidad: para \u00abTepepa\u00bb, el Maestro crea una banda sonora memorable, dominada por las cuerdas y, curiosamente, por la guitarra ac\u00fastica!<br \/>\u00a1Reeditado varias veces en CD, este \u00e1lbum ha sido reeditado en vinilo casi 40 a\u00f1os despu\u00e9s! Cuando la pel\u00edcula se estren\u00f3 en los cines (1969) apenas se hab\u00eda estrenado el sencillo de 45rpm \u00abViva la Revoluci\u00f3n \/ En M\u00e9xico quisiera\u00bb; por supuesto, ambas canciones est\u00e1n incluidas aqu\u00ed, la segunda de las cuales es cantada por Christy (nombre art\u00edstico de Mary Cristina Brancucci) de una manera muy sentida y convincente.<\/p>\n","protected":false},"excerpt":{"rendered":"<p>Aunque no fue dirigida s\u00f3lo por Sergio Leone, sino por el menos conocido Giulio Petroni, \u00abTepepa\u00bb es una de las mejores pel\u00edculas del g\u00e9nero spaghetti western,<a class=\"read\" href=\"https:\/\/wpguerssen-test.odoo.rgbconsulting.com\/es\/producto\/tepepa-crystal-clear\/\"> (...)<\/a>","protected":false},"featured_media":241323,"template":"","meta":{"_acf_changed":false},"product_brand":[],"product_cat":[21641],"product_tag":[29140,24185],"class_list":{"0":"post-241351","1":"product","2":"type-product","3":"status-publish","4":"has-post-thumbnail","6":"product_cat-soundtracks-es","7":"product_tag-color-vinyl-es","8":"product_tag-de-nuevo-en-existencia","9":"pa_artist-morricone-ennio-es","10":"pa_format-lp-es","11":"pa_gender-soundtracks","12":"pa_label-vinyl-magic","13":"pa_location-europe-es","14":"pa_other-filters-vinyl-only-es","16":"first","17":"instock","18":"taxable","19":"shipping-taxable","20":"purchasable","21":"product-type-simple"},"acf":[],"yoast_head":"<!-- This site is optimized with the Yoast SEO plugin v24.9 - https:\/\/yoast.com\/wordpress\/plugins\/seo\/ -->\n<title>MORRICONE, Ennio - Tepepa (Crystal Clear) -  (LP) | Guerssen<\/title>\n<meta name=\"description\" content=\"Although this wasn&#039;t directed by but Sergio Leone, but by the less known Giulio Petroni, &quot;Tepepa&quot; is one of the best films in the spaghetti western genre, thanks to a perfect synopsis - even if as set in the abused&#039; Mexican Revolution of the early &#039;900 - to a trio of exceptional actors and, finally, to Ennio Morricone&#039;s soundtrack.The protagonists are in fact the immovable doctor John Steiner, the histrionic revolutionary Tomas Milian and the massive Colonel Orson Welles, a unique and practically unrepeatable combination, however directed in a &#039;leone-ish&#039; way by Petroni, who often focuses on large panoramas and close-ups on the character&#039;s faces.As always, Morricone means quality: for &quot;Tepepa&quot; the Maestro creates a memorable soundtrack, dominated by strings and, curiously, by the acoustic guitar!Reissued several times on CD, this album has been reissued on vinyl almost 40 years later! When the film was premiered in the theatres (1969) just a the single 45rpm &quot;Viva la Revolucion \/ In Mexico I would like&quot; had been released; both songs are of course included here, the second of which is sung by Christy (stage name of Mary Cristina Brancucci) in a very felt and compelling way.\" \/>\n<meta name=\"robots\" content=\"index, follow, max-snippet:-1, max-image-preview:large, max-video-preview:-1\" \/>\n<link rel=\"canonical\" href=\"https:\/\/wpguerssen-test.odoo.rgbconsulting.com\/es\/producto\/tepepa-crystal-clear\/\" \/>\n<meta property=\"og:locale\" content=\"es_ES\" \/>\n<meta property=\"og:type\" content=\"article\" \/>\n<meta property=\"og:title\" content=\"MORRICONE, Ennio - Tepepa (Crystal Clear) -  (LP) | Guerssen\" \/>\n<meta property=\"og:description\" content=\"Although this wasn&#039;t directed by but Sergio Leone, but by the less known Giulio Petroni, &quot;Tepepa&quot; is one of the best films in the spaghetti western genre, thanks to a perfect synopsis - even if as set in the abused&#039; Mexican Revolution of the early &#039;900 - to a trio of exceptional actors and, finally, to Ennio Morricone&#039;s soundtrack.The protagonists are in fact the immovable doctor John Steiner, the histrionic revolutionary Tomas Milian and the massive Colonel Orson Welles, a unique and practically unrepeatable combination, however directed in a &#039;leone-ish&#039; way by Petroni, who often focuses on large panoramas and close-ups on the character&#039;s faces.As always, Morricone means quality: for &quot;Tepepa&quot; the Maestro creates a memorable soundtrack, dominated by strings and, curiously, by the acoustic guitar!Reissued several times on CD, this album has been reissued on vinyl almost 40 years later! When the film was premiered in the theatres (1969) just a the single 45rpm &quot;Viva la Revolucion \/ In Mexico I would like&quot; had been released; both songs are of course included here, the second of which is sung by Christy (stage name of Mary Cristina Brancucci) in a very felt and compelling way.\" \/>\n<meta property=\"og:url\" content=\"https:\/\/wpguerssen-test.odoo.rgbconsulting.com\/es\/producto\/tepepa-crystal-clear\/\" \/>\n<meta property=\"og:site_name\" content=\"Guerssen records\" \/>\n<meta property=\"article:modified_time\" content=\"2025-03-13T16:17:54+00:00\" \/>\n<meta property=\"og:image\" content=\"https:\/\/wpguerssen-test.odoo.rgbconsulting.com\/wp-content\/uploads\/2023\/09\/45479.jpg\" \/>\n\t<meta property=\"og:image:width\" content=\"432\" \/>\n\t<meta property=\"og:image:height\" content=\"432\" \/>\n\t<meta property=\"og:image:type\" content=\"image\/jpeg\" \/>\n<meta name=\"twitter:card\" content=\"summary_large_image\" \/>\n<meta name=\"twitter:title\" content=\"MORRICONE, Ennio - Tepepa (Crystal Clear) -  (LP) | Guerssen\" \/>\n<meta name=\"twitter:label1\" content=\"Tiempo de lectura\" \/>\n\t<meta name=\"twitter:data1\" content=\"1 minuto\" \/>\n<script type=\"application\/ld+json\" class=\"yoast-schema-graph\">{\"@context\":\"https:\/\/schema.org\",\"@graph\":[{\"@type\":\"WebPage\",\"@id\":\"https:\/\/wpguerssen-test.odoo.rgbconsulting.com\/es\/producto\/tepepa-crystal-clear\/\",\"url\":\"https:\/\/wpguerssen-test.odoo.rgbconsulting.com\/es\/producto\/tepepa-crystal-clear\/\",\"name\":\"MORRICONE, Ennio - Tepepa (Crystal Clear) - (LP) | Guerssen\",\"isPartOf\":{\"@id\":\"https:\/\/wpguerssen-test.odoo.rgbconsulting.com\/es\/#website\"},\"primaryImageOfPage\":{\"@id\":\"https:\/\/wpguerssen-test.odoo.rgbconsulting.com\/es\/producto\/tepepa-crystal-clear\/#primaryimage\"},\"image\":{\"@id\":\"https:\/\/wpguerssen-test.odoo.rgbconsulting.com\/es\/producto\/tepepa-crystal-clear\/#primaryimage\"},\"thumbnailUrl\":\"https:\/\/wpguerssen-test.odoo.rgbconsulting.com\/wp-content\/uploads\/2023\/09\/45479.jpg\",\"datePublished\":\"2025-02-10T23:00:00+00:00\",\"dateModified\":\"2025-03-13T16:17:54+00:00\",\"description\":\"Although this wasn't directed by but Sergio Leone, but by the less known Giulio Petroni, \\\"Tepepa\\\" is one of the best films in the spaghetti western genre, thanks to a perfect synopsis - even if as set in the abused' Mexican Revolution of the early '900 - to a trio of exceptional actors and, finally, to Ennio Morricone's soundtrack.The protagonists are in fact the immovable doctor John Steiner, the histrionic revolutionary Tomas Milian and the massive Colonel Orson Welles, a unique and practically unrepeatable combination, however directed in a 'leone-ish' way by Petroni, who often focuses on large panoramas and close-ups on the character's faces.As always, Morricone means quality: for \\\"Tepepa\\\" the Maestro creates a memorable soundtrack, dominated by strings and, curiously, by the acoustic guitar!Reissued several times on CD, this album has been reissued on vinyl almost 40 years later! When the film was premiered in the theatres (1969) just a the single 45rpm \\\"Viva la Revolucion \/ In Mexico I would like\\\" had been released; both songs are of course included here, the second of which is sung by Christy (stage name of Mary Cristina Brancucci) in a very felt and compelling way.\",\"breadcrumb\":{\"@id\":\"https:\/\/wpguerssen-test.odoo.rgbconsulting.com\/es\/producto\/tepepa-crystal-clear\/#breadcrumb\"},\"inLanguage\":\"es\",\"potentialAction\":[{\"@type\":\"ReadAction\",\"target\":[\"https:\/\/wpguerssen-test.odoo.rgbconsulting.com\/es\/producto\/tepepa-crystal-clear\/\"]}]},{\"@type\":\"ImageObject\",\"inLanguage\":\"es\",\"@id\":\"https:\/\/wpguerssen-test.odoo.rgbconsulting.com\/es\/producto\/tepepa-crystal-clear\/#primaryimage\",\"url\":\"https:\/\/wpguerssen-test.odoo.rgbconsulting.com\/wp-content\/uploads\/2023\/09\/45479.jpg\",\"contentUrl\":\"https:\/\/wpguerssen-test.odoo.rgbconsulting.com\/wp-content\/uploads\/2023\/09\/45479.jpg\",\"width\":432,\"height\":432,\"caption\":\"Ennio - Tepepa (Crystal Clear) - VINYL MAGIC (LP) | Guerssen\"},{\"@type\":\"BreadcrumbList\",\"@id\":\"https:\/\/wpguerssen-test.odoo.rgbconsulting.com\/es\/producto\/tepepa-crystal-clear\/#breadcrumb\",\"itemListElement\":[{\"@type\":\"ListItem\",\"position\":1,\"name\":\"Inicio\",\"item\":\"https:\/\/wpguerssen-test.odoo.rgbconsulting.com\/es\/\"},{\"@type\":\"ListItem\",\"position\":2,\"name\":\"Shop\",\"item\":\"https:\/\/wpguerssen-test.odoo.rgbconsulting.com\/shop\/\"},{\"@type\":\"ListItem\",\"position\":3,\"name\":\"Tepepa (Crystal Clear)\"}]},{\"@type\":\"WebSite\",\"@id\":\"https:\/\/wpguerssen-test.odoo.rgbconsulting.com\/es\/#website\",\"url\":\"https:\/\/wpguerssen-test.odoo.rgbconsulting.com\/es\/\",\"name\":\"Guerssen records\",\"description\":\"psychedelia - progressive - folk - garage \",\"publisher\":{\"@id\":\"https:\/\/wpguerssen-test.odoo.rgbconsulting.com\/es\/#organization\"},\"potentialAction\":[{\"@type\":\"SearchAction\",\"target\":{\"@type\":\"EntryPoint\",\"urlTemplate\":\"https:\/\/wpguerssen-test.odoo.rgbconsulting.com\/es\/?s={search_term_string}\"},\"query-input\":{\"@type\":\"PropertyValueSpecification\",\"valueRequired\":true,\"valueName\":\"search_term_string\"}}],\"inLanguage\":\"es\"},{\"@type\":\"Organization\",\"@id\":\"https:\/\/wpguerssen-test.odoo.rgbconsulting.com\/es\/#organization\",\"name\":\"Guerssen records\",\"url\":\"https:\/\/wpguerssen-test.odoo.rgbconsulting.com\/es\/\",\"logo\":{\"@type\":\"ImageObject\",\"inLanguage\":\"es\",\"@id\":\"https:\/\/wpguerssen-test.odoo.rgbconsulting.com\/es\/#\/schema\/logo\/image\/\",\"url\":\"https:\/\/wpguerssen-test.odoo.rgbconsulting.com\/wp-content\/uploads\/2022\/04\/Logo_Guerssen_trans_100.png\",\"contentUrl\":\"https:\/\/wpguerssen-test.odoo.rgbconsulting.com\/wp-content\/uploads\/2022\/04\/Logo_Guerssen_trans_100.png\",\"width\":122,\"height\":100,\"caption\":\"Guerssen records\"},\"image\":{\"@id\":\"https:\/\/wpguerssen-test.odoo.rgbconsulting.com\/es\/#\/schema\/logo\/image\/\"}}]}<\/script>\n<!-- \/ Yoast SEO plugin. -->","yoast_head_json":{"title":"MORRICONE, Ennio - Tepepa (Crystal Clear) -  (LP) | Guerssen","description":"Although this wasn't directed by but Sergio Leone, but by the less known Giulio Petroni, \"Tepepa\" is one of the best films in the spaghetti western genre, thanks to a perfect synopsis - even if as set in the abused' Mexican Revolution of the early '900 - to a trio of exceptional actors and, finally, to Ennio Morricone's soundtrack.The protagonists are in fact the immovable doctor John Steiner, the histrionic revolutionary Tomas Milian and the massive Colonel Orson Welles, a unique and practically unrepeatable combination, however directed in a 'leone-ish' way by Petroni, who often focuses on large panoramas and close-ups on the character's faces.As always, Morricone means quality: for \"Tepepa\" the Maestro creates a memorable soundtrack, dominated by strings and, curiously, by the acoustic guitar!Reissued several times on CD, this album has been reissued on vinyl almost 40 years later! When the film was premiered in the theatres (1969) just a the single 45rpm \"Viva la Revolucion \/ In Mexico I would like\" had been released; both songs are of course included here, the second of which is sung by Christy (stage name of Mary Cristina Brancucci) in a very felt and compelling way.","robots":{"index":"index","follow":"follow","max-snippet":"max-snippet:-1","max-image-preview":"max-image-preview:large","max-video-preview":"max-video-preview:-1"},"canonical":"https:\/\/wpguerssen-test.odoo.rgbconsulting.com\/es\/producto\/tepepa-crystal-clear\/","og_locale":"es_ES","og_type":"article","og_title":"MORRICONE, Ennio - Tepepa (Crystal Clear) -  (LP) | Guerssen","og_description":"Although this wasn't directed by but Sergio Leone, but by the less known Giulio Petroni, \"Tepepa\" is one of the best films in the spaghetti western genre, thanks to a perfect synopsis - even if as set in the abused' Mexican Revolution of the early '900 - to a trio of exceptional actors and, finally, to Ennio Morricone's soundtrack.The protagonists are in fact the immovable doctor John Steiner, the histrionic revolutionary Tomas Milian and the massive Colonel Orson Welles, a unique and practically unrepeatable combination, however directed in a 'leone-ish' way by Petroni, who often focuses on large panoramas and close-ups on the character's faces.As always, Morricone means quality: for \"Tepepa\" the Maestro creates a memorable soundtrack, dominated by strings and, curiously, by the acoustic guitar!Reissued several times on CD, this album has been reissued on vinyl almost 40 years later! When the film was premiered in the theatres (1969) just a the single 45rpm \"Viva la Revolucion \/ In Mexico I would like\" had been released; both songs are of course included here, the second of which is sung by Christy (stage name of Mary Cristina Brancucci) in a very felt and compelling way.","og_url":"https:\/\/wpguerssen-test.odoo.rgbconsulting.com\/es\/producto\/tepepa-crystal-clear\/","og_site_name":"Guerssen records","article_modified_time":"2025-03-13T16:17:54+00:00","og_image":[{"width":432,"height":432,"url":"https:\/\/wpguerssen-test.odoo.rgbconsulting.com\/wp-content\/uploads\/2023\/09\/45479.jpg","type":"image\/jpeg"}],"twitter_card":"summary_large_image","twitter_title":"MORRICONE, Ennio - Tepepa (Crystal Clear) -  (LP) | Guerssen","twitter_misc":{"Tiempo de lectura":"1 minuto"},"schema":{"@context":"https:\/\/schema.org","@graph":[{"@type":"WebPage","@id":"https:\/\/wpguerssen-test.odoo.rgbconsulting.com\/es\/producto\/tepepa-crystal-clear\/","url":"https:\/\/wpguerssen-test.odoo.rgbconsulting.com\/es\/producto\/tepepa-crystal-clear\/","name":"MORRICONE, Ennio - Tepepa (Crystal Clear) - (LP) | Guerssen","isPartOf":{"@id":"https:\/\/wpguerssen-test.odoo.rgbconsulting.com\/es\/#website"},"primaryImageOfPage":{"@id":"https:\/\/wpguerssen-test.odoo.rgbconsulting.com\/es\/producto\/tepepa-crystal-clear\/#primaryimage"},"image":{"@id":"https:\/\/wpguerssen-test.odoo.rgbconsulting.com\/es\/producto\/tepepa-crystal-clear\/#primaryimage"},"thumbnailUrl":"https:\/\/wpguerssen-test.odoo.rgbconsulting.com\/wp-content\/uploads\/2023\/09\/45479.jpg","datePublished":"2025-02-10T23:00:00+00:00","dateModified":"2025-03-13T16:17:54+00:00","description":"Although this wasn't directed by but Sergio Leone, but by the less known Giulio Petroni, \"Tepepa\" is one of the best films in the spaghetti western genre, thanks to a perfect synopsis - even if as set in the abused' Mexican Revolution of the early '900 - to a trio of exceptional actors and, finally, to Ennio Morricone's soundtrack.The protagonists are in fact the immovable doctor John Steiner, the histrionic revolutionary Tomas Milian and the massive Colonel Orson Welles, a unique and practically unrepeatable combination, however directed in a 'leone-ish' way by Petroni, who often focuses on large panoramas and close-ups on the character's faces.As always, Morricone means quality: for \"Tepepa\" the Maestro creates a memorable soundtrack, dominated by strings and, curiously, by the acoustic guitar!Reissued several times on CD, this album has been reissued on vinyl almost 40 years later! When the film was premiered in the theatres (1969) just a the single 45rpm \"Viva la Revolucion \/ In Mexico I would like\" had been released; both songs are of course included here, the second of which is sung by Christy (stage name of Mary Cristina Brancucci) in a very felt and compelling way.","breadcrumb":{"@id":"https:\/\/wpguerssen-test.odoo.rgbconsulting.com\/es\/producto\/tepepa-crystal-clear\/#breadcrumb"},"inLanguage":"es","potentialAction":[{"@type":"ReadAction","target":["https:\/\/wpguerssen-test.odoo.rgbconsulting.com\/es\/producto\/tepepa-crystal-clear\/"]}]},{"@type":"ImageObject","inLanguage":"es","@id":"https:\/\/wpguerssen-test.odoo.rgbconsulting.com\/es\/producto\/tepepa-crystal-clear\/#primaryimage","url":"https:\/\/wpguerssen-test.odoo.rgbconsulting.com\/wp-content\/uploads\/2023\/09\/45479.jpg","contentUrl":"https:\/\/wpguerssen-test.odoo.rgbconsulting.com\/wp-content\/uploads\/2023\/09\/45479.jpg","width":432,"height":432,"caption":"Ennio - Tepepa (Crystal Clear) - VINYL MAGIC (LP) | Guerssen"},{"@type":"BreadcrumbList","@id":"https:\/\/wpguerssen-test.odoo.rgbconsulting.com\/es\/producto\/tepepa-crystal-clear\/#breadcrumb","itemListElement":[{"@type":"ListItem","position":1,"name":"Inicio","item":"https:\/\/wpguerssen-test.odoo.rgbconsulting.com\/es\/"},{"@type":"ListItem","position":2,"name":"Shop","item":"https:\/\/wpguerssen-test.odoo.rgbconsulting.com\/shop\/"},{"@type":"ListItem","position":3,"name":"Tepepa (Crystal Clear)"}]},{"@type":"WebSite","@id":"https:\/\/wpguerssen-test.odoo.rgbconsulting.com\/es\/#website","url":"https:\/\/wpguerssen-test.odoo.rgbconsulting.com\/es\/","name":"Guerssen records","description":"psychedelia - progressive - folk - garage ","publisher":{"@id":"https:\/\/wpguerssen-test.odoo.rgbconsulting.com\/es\/#organization"},"potentialAction":[{"@type":"SearchAction","target":{"@type":"EntryPoint","urlTemplate":"https:\/\/wpguerssen-test.odoo.rgbconsulting.com\/es\/?s={search_term_string}"},"query-input":{"@type":"PropertyValueSpecification","valueRequired":true,"valueName":"search_term_string"}}],"inLanguage":"es"},{"@type":"Organization","@id":"https:\/\/wpguerssen-test.odoo.rgbconsulting.com\/es\/#organization","name":"Guerssen records","url":"https:\/\/wpguerssen-test.odoo.rgbconsulting.com\/es\/","logo":{"@type":"ImageObject","inLanguage":"es","@id":"https:\/\/wpguerssen-test.odoo.rgbconsulting.com\/es\/#\/schema\/logo\/image\/","url":"https:\/\/wpguerssen-test.odoo.rgbconsulting.com\/wp-content\/uploads\/2022\/04\/Logo_Guerssen_trans_100.png","contentUrl":"https:\/\/wpguerssen-test.odoo.rgbconsulting.com\/wp-content\/uploads\/2022\/04\/Logo_Guerssen_trans_100.png","width":122,"height":100,"caption":"Guerssen records"},"image":{"@id":"https:\/\/wpguerssen-test.odoo.rgbconsulting.com\/es\/#\/schema\/logo\/image\/"}}]}},"_links":{"self":[{"href":"https:\/\/wpguerssen-test.odoo.rgbconsulting.com\/es\/wp-json\/wp\/v2\/product\/241351","targetHints":{"allow":["GET"]}}],"collection":[{"href":"https:\/\/wpguerssen-test.odoo.rgbconsulting.com\/es\/wp-json\/wp\/v2\/product"}],"about":[{"href":"https:\/\/wpguerssen-test.odoo.rgbconsulting.com\/es\/wp-json\/wp\/v2\/types\/product"}],"wp:featuredmedia":[{"embeddable":true,"href":"https:\/\/wpguerssen-test.odoo.rgbconsulting.com\/es\/wp-json\/wp\/v2\/media\/241323"}],"wp:attachment":[{"href":"https:\/\/wpguerssen-test.odoo.rgbconsulting.com\/es\/wp-json\/wp\/v2\/media?parent=241351"}],"wp:term":[{"taxonomy":"product_brand","embeddable":true,"href":"https:\/\/wpguerssen-test.odoo.rgbconsulting.com\/es\/wp-json\/wp\/v2\/product_brand?post=241351"},{"taxonomy":"product_cat","embeddable":true,"href":"https:\/\/wpguerssen-test.odoo.rgbconsulting.com\/es\/wp-json\/wp\/v2\/product_cat?post=241351"},{"taxonomy":"product_tag","embeddable":true,"href":"https:\/\/wpguerssen-test.odoo.rgbconsulting.com\/es\/wp-json\/wp\/v2\/product_tag?post=241351"}],"curies":[{"name":"wp","href":"https:\/\/api.w.org\/{rel}","templated":true}]}}