{"id":241409,"date":"2025-02-11T00:00:00","date_gmt":"2025-02-10T23:00:00","guid":{"rendered":"https:\/\/wpguerssen-test.odoo.rgbconsulting.com\/product\/una-pistola-per-ringo-il-ritorno-di-ringo-crysta\/"},"modified":"2025-03-13T17:17:58","modified_gmt":"2025-03-13T16:17:58","slug":"una-pistola-per-ringo-il-ritorno-di-ringo-crysta","status":"publish","type":"product","link":"https:\/\/wpguerssen-test.odoo.rgbconsulting.com\/es\/producto\/una-pistola-per-ringo-il-ritorno-di-ringo-crysta\/","title":{"rendered":"Una pistola per Ringo\/Il ritorno di Ringo (Crysta)"},"content":{"rendered":"<p>\u00abUna pistola per Ringo\u00bb e \u00abIl ritorno di Ringo\u00bb son dos pel\u00edculas de 1965 pertenecientes al g\u00e9nero del &#8216;spaghetti western&#8217;, dirigidas por Duccio Tessari y protagonizadas por Giuliano Gemma como personaje principal. Las dos pel\u00edculas, que en realidad no tienen mucho m\u00e1s en com\u00fan adem\u00e1s del t\u00edtulo y el protagonista, se rodaron en muy poco tiempo, gracias al gran \u00e9xito del primer &#8216;cap\u00edtulo&#8217;.<br \/>Las bandas sonoras de ambas pel\u00edculas, de Ennio Morricone, muestran la incre\u00edble versatilidad del compositor, que en su momento ya hab\u00eda colaborado con Sergio Leone en \u00abPer un pugno di dollari\u00bb y \u00abPer qualche dollaro in pi\u00f9\u00bb. Gracias a la valiosa contribuci\u00f3n del director Bruno Nicolai, el coro de los Cantori Moderni di Alessandroni, el trompetista Michere Lacerenza y la arpista Anna Palombi, el Maestro escribi\u00f3 una partitura principalmente cl\u00e1sica, desarrollando una amplia gama de sensaciones y din\u00e1micas en las que atm\u00f3sfera \u00e9pica, drama y La tensi\u00f3n se alterna con momentos reflexivos o incluso rom\u00e1nticos.<\/p>\n","protected":false},"excerpt":{"rendered":"<p>\u00abUna pistola per Ringo\u00bb e \u00abIl ritorno di Ringo\u00bb son dos pel\u00edculas de 1965 pertenecientes al g\u00e9nero del &#8216;spaghetti western&#8217;, dirigidas por Duccio<a class=\"read\" href=\"https:\/\/wpguerssen-test.odoo.rgbconsulting.com\/es\/producto\/una-pistola-per-ringo-il-ritorno-di-ringo-crysta\/\"> (...)<\/a>","protected":false},"featured_media":241373,"template":"","meta":{"_acf_changed":false},"product_brand":[],"product_cat":[21641],"product_tag":[24185],"class_list":{"0":"post-241409","1":"product","2":"type-product","3":"status-publish","4":"has-post-thumbnail","6":"product_cat-soundtracks-es","7":"product_tag-de-nuevo-en-existencia","8":"pa_artist-morricone-ennio-es","9":"pa_format-lp-es","10":"pa_gender-soundtracks","11":"pa_label-vinyl-magic","12":"pa_location-europe-es","13":"pa_other-filters-vinyl-only-es","15":"first","16":"instock","17":"taxable","18":"shipping-taxable","19":"purchasable","20":"product-type-simple"},"acf":[],"yoast_head":"<!-- This site is optimized with the Yoast SEO plugin v24.9 - https:\/\/yoast.com\/wordpress\/plugins\/seo\/ -->\n<title>MORRICONE, Ennio - Una pistola per Ringo\/Il ritorno di Ringo (Crysta) -  (LP) | Guerssen<\/title>\n<meta name=\"description\" content=\"&quot;Una pistola per Ringo&quot; and &quot;Il ritorno di Ringo&quot; are two movies from 1965 that belong to the &#039;spaghetti western&#039; genre, directed by Duccio Tessari and starring Giuliano Gemma as the main character. The two movies, not actually having much more in common besides their title and protagonist, were filmed in a very short time, thanks to the huge success of the first &#039;chapter&#039;.The soundtracks of both movies, by Ennio Morricone, show the incredible versatility of the composer, who at the time had already collaborated with Sergio Leone in &quot;Per un pugno di dollari&quot; and &quot;Per qualche dollaro in pi\u00f9&quot;. Thanks to the precious contribution of conductor Bruno Nicolai, the choir of the Cantori Moderni di Alessandroni, trumpeter Michere Lacerenza and harpist Anna Palombi, the Maestro wrote a mainly classical score, developing a wide range of sensations and dynamics in which epic atmosphere, drama and tension alternate to reflective moments or even romantic ones.\" \/>\n<meta name=\"robots\" content=\"index, follow, max-snippet:-1, max-image-preview:large, max-video-preview:-1\" \/>\n<link rel=\"canonical\" href=\"https:\/\/wpguerssen-test.odoo.rgbconsulting.com\/es\/producto\/una-pistola-per-ringo-il-ritorno-di-ringo-crysta\/\" \/>\n<meta property=\"og:locale\" content=\"es_ES\" \/>\n<meta property=\"og:type\" content=\"article\" \/>\n<meta property=\"og:title\" content=\"MORRICONE, Ennio - Una pistola per Ringo\/Il ritorno di Ringo (Crysta) -  (LP) | Guerssen\" \/>\n<meta property=\"og:description\" content=\"&quot;Una pistola per Ringo&quot; and &quot;Il ritorno di Ringo&quot; are two movies from 1965 that belong to the &#039;spaghetti western&#039; genre, directed by Duccio Tessari and starring Giuliano Gemma as the main character. The two movies, not actually having much more in common besides their title and protagonist, were filmed in a very short time, thanks to the huge success of the first &#039;chapter&#039;.The soundtracks of both movies, by Ennio Morricone, show the incredible versatility of the composer, who at the time had already collaborated with Sergio Leone in &quot;Per un pugno di dollari&quot; and &quot;Per qualche dollaro in pi\u00f9&quot;. Thanks to the precious contribution of conductor Bruno Nicolai, the choir of the Cantori Moderni di Alessandroni, trumpeter Michere Lacerenza and harpist Anna Palombi, the Maestro wrote a mainly classical score, developing a wide range of sensations and dynamics in which epic atmosphere, drama and tension alternate to reflective moments or even romantic ones.\" \/>\n<meta property=\"og:url\" content=\"https:\/\/wpguerssen-test.odoo.rgbconsulting.com\/es\/producto\/una-pistola-per-ringo-il-ritorno-di-ringo-crysta\/\" \/>\n<meta property=\"og:site_name\" content=\"Guerssen records\" \/>\n<meta property=\"article:modified_time\" content=\"2025-03-13T16:17:58+00:00\" \/>\n<meta property=\"og:image\" content=\"https:\/\/wpguerssen-test.odoo.rgbconsulting.com\/wp-content\/uploads\/2023\/09\/45480.jpg\" \/>\n\t<meta property=\"og:image:width\" content=\"432\" \/>\n\t<meta property=\"og:image:height\" content=\"432\" \/>\n\t<meta property=\"og:image:type\" content=\"image\/jpeg\" \/>\n<meta name=\"twitter:card\" content=\"summary_large_image\" \/>\n<meta name=\"twitter:title\" content=\"MORRICONE, Ennio - Una pistola per Ringo\/Il ritorno di Ringo (Crysta) -  (LP) | Guerssen\" \/>\n<meta name=\"twitter:label1\" content=\"Tiempo de lectura\" \/>\n\t<meta name=\"twitter:data1\" content=\"1 minuto\" \/>\n<script type=\"application\/ld+json\" class=\"yoast-schema-graph\">{\"@context\":\"https:\/\/schema.org\",\"@graph\":[{\"@type\":\"WebPage\",\"@id\":\"https:\/\/wpguerssen-test.odoo.rgbconsulting.com\/es\/producto\/una-pistola-per-ringo-il-ritorno-di-ringo-crysta\/\",\"url\":\"https:\/\/wpguerssen-test.odoo.rgbconsulting.com\/es\/producto\/una-pistola-per-ringo-il-ritorno-di-ringo-crysta\/\",\"name\":\"MORRICONE, Ennio - Una pistola per Ringo\/Il ritorno di Ringo (Crysta) - (LP) | Guerssen\",\"isPartOf\":{\"@id\":\"https:\/\/wpguerssen-test.odoo.rgbconsulting.com\/es\/#website\"},\"primaryImageOfPage\":{\"@id\":\"https:\/\/wpguerssen-test.odoo.rgbconsulting.com\/es\/producto\/una-pistola-per-ringo-il-ritorno-di-ringo-crysta\/#primaryimage\"},\"image\":{\"@id\":\"https:\/\/wpguerssen-test.odoo.rgbconsulting.com\/es\/producto\/una-pistola-per-ringo-il-ritorno-di-ringo-crysta\/#primaryimage\"},\"thumbnailUrl\":\"https:\/\/wpguerssen-test.odoo.rgbconsulting.com\/wp-content\/uploads\/2023\/09\/45480.jpg\",\"datePublished\":\"2025-02-10T23:00:00+00:00\",\"dateModified\":\"2025-03-13T16:17:58+00:00\",\"description\":\"\\\"Una pistola per Ringo\\\" and \\\"Il ritorno di Ringo\\\" are two movies from 1965 that belong to the 'spaghetti western' genre, directed by Duccio Tessari and starring Giuliano Gemma as the main character. The two movies, not actually having much more in common besides their title and protagonist, were filmed in a very short time, thanks to the huge success of the first 'chapter'.The soundtracks of both movies, by Ennio Morricone, show the incredible versatility of the composer, who at the time had already collaborated with Sergio Leone in \\\"Per un pugno di dollari\\\" and \\\"Per qualche dollaro in pi\u00f9\\\". Thanks to the precious contribution of conductor Bruno Nicolai, the choir of the Cantori Moderni di Alessandroni, trumpeter Michere Lacerenza and harpist Anna Palombi, the Maestro wrote a mainly classical score, developing a wide range of sensations and dynamics in which epic atmosphere, drama and tension alternate to reflective moments or even romantic ones.\",\"breadcrumb\":{\"@id\":\"https:\/\/wpguerssen-test.odoo.rgbconsulting.com\/es\/producto\/una-pistola-per-ringo-il-ritorno-di-ringo-crysta\/#breadcrumb\"},\"inLanguage\":\"es\",\"potentialAction\":[{\"@type\":\"ReadAction\",\"target\":[\"https:\/\/wpguerssen-test.odoo.rgbconsulting.com\/es\/producto\/una-pistola-per-ringo-il-ritorno-di-ringo-crysta\/\"]}]},{\"@type\":\"ImageObject\",\"inLanguage\":\"es\",\"@id\":\"https:\/\/wpguerssen-test.odoo.rgbconsulting.com\/es\/producto\/una-pistola-per-ringo-il-ritorno-di-ringo-crysta\/#primaryimage\",\"url\":\"https:\/\/wpguerssen-test.odoo.rgbconsulting.com\/wp-content\/uploads\/2023\/09\/45480.jpg\",\"contentUrl\":\"https:\/\/wpguerssen-test.odoo.rgbconsulting.com\/wp-content\/uploads\/2023\/09\/45480.jpg\",\"width\":432,\"height\":432,\"caption\":\"Ennio - Una pistola per Ringo\/Il ritorno di Ringo (Crysta) - VINYL MAGIC (LP) | Guerssen\"},{\"@type\":\"BreadcrumbList\",\"@id\":\"https:\/\/wpguerssen-test.odoo.rgbconsulting.com\/es\/producto\/una-pistola-per-ringo-il-ritorno-di-ringo-crysta\/#breadcrumb\",\"itemListElement\":[{\"@type\":\"ListItem\",\"position\":1,\"name\":\"Inicio\",\"item\":\"https:\/\/wpguerssen-test.odoo.rgbconsulting.com\/es\/\"},{\"@type\":\"ListItem\",\"position\":2,\"name\":\"Shop\",\"item\":\"https:\/\/wpguerssen-test.odoo.rgbconsulting.com\/shop\/\"},{\"@type\":\"ListItem\",\"position\":3,\"name\":\"Una pistola per Ringo\/Il ritorno di Ringo (Crysta)\"}]},{\"@type\":\"WebSite\",\"@id\":\"https:\/\/wpguerssen-test.odoo.rgbconsulting.com\/es\/#website\",\"url\":\"https:\/\/wpguerssen-test.odoo.rgbconsulting.com\/es\/\",\"name\":\"Guerssen records\",\"description\":\"psychedelia - progressive - folk - garage \",\"publisher\":{\"@id\":\"https:\/\/wpguerssen-test.odoo.rgbconsulting.com\/es\/#organization\"},\"potentialAction\":[{\"@type\":\"SearchAction\",\"target\":{\"@type\":\"EntryPoint\",\"urlTemplate\":\"https:\/\/wpguerssen-test.odoo.rgbconsulting.com\/es\/?s={search_term_string}\"},\"query-input\":{\"@type\":\"PropertyValueSpecification\",\"valueRequired\":true,\"valueName\":\"search_term_string\"}}],\"inLanguage\":\"es\"},{\"@type\":\"Organization\",\"@id\":\"https:\/\/wpguerssen-test.odoo.rgbconsulting.com\/es\/#organization\",\"name\":\"Guerssen records\",\"url\":\"https:\/\/wpguerssen-test.odoo.rgbconsulting.com\/es\/\",\"logo\":{\"@type\":\"ImageObject\",\"inLanguage\":\"es\",\"@id\":\"https:\/\/wpguerssen-test.odoo.rgbconsulting.com\/es\/#\/schema\/logo\/image\/\",\"url\":\"https:\/\/wpguerssen-test.odoo.rgbconsulting.com\/wp-content\/uploads\/2022\/04\/Logo_Guerssen_trans_100.png\",\"contentUrl\":\"https:\/\/wpguerssen-test.odoo.rgbconsulting.com\/wp-content\/uploads\/2022\/04\/Logo_Guerssen_trans_100.png\",\"width\":122,\"height\":100,\"caption\":\"Guerssen records\"},\"image\":{\"@id\":\"https:\/\/wpguerssen-test.odoo.rgbconsulting.com\/es\/#\/schema\/logo\/image\/\"}}]}<\/script>\n<!-- \/ Yoast SEO plugin. -->","yoast_head_json":{"title":"MORRICONE, Ennio - Una pistola per Ringo\/Il ritorno di Ringo (Crysta) -  (LP) | Guerssen","description":"\"Una pistola per Ringo\" and \"Il ritorno di Ringo\" are two movies from 1965 that belong to the 'spaghetti western' genre, directed by Duccio Tessari and starring Giuliano Gemma as the main character. The two movies, not actually having much more in common besides their title and protagonist, were filmed in a very short time, thanks to the huge success of the first 'chapter'.The soundtracks of both movies, by Ennio Morricone, show the incredible versatility of the composer, who at the time had already collaborated with Sergio Leone in \"Per un pugno di dollari\" and \"Per qualche dollaro in pi\u00f9\". Thanks to the precious contribution of conductor Bruno Nicolai, the choir of the Cantori Moderni di Alessandroni, trumpeter Michere Lacerenza and harpist Anna Palombi, the Maestro wrote a mainly classical score, developing a wide range of sensations and dynamics in which epic atmosphere, drama and tension alternate to reflective moments or even romantic ones.","robots":{"index":"index","follow":"follow","max-snippet":"max-snippet:-1","max-image-preview":"max-image-preview:large","max-video-preview":"max-video-preview:-1"},"canonical":"https:\/\/wpguerssen-test.odoo.rgbconsulting.com\/es\/producto\/una-pistola-per-ringo-il-ritorno-di-ringo-crysta\/","og_locale":"es_ES","og_type":"article","og_title":"MORRICONE, Ennio - Una pistola per Ringo\/Il ritorno di Ringo (Crysta) -  (LP) | Guerssen","og_description":"\"Una pistola per Ringo\" and \"Il ritorno di Ringo\" are two movies from 1965 that belong to the 'spaghetti western' genre, directed by Duccio Tessari and starring Giuliano Gemma as the main character. The two movies, not actually having much more in common besides their title and protagonist, were filmed in a very short time, thanks to the huge success of the first 'chapter'.The soundtracks of both movies, by Ennio Morricone, show the incredible versatility of the composer, who at the time had already collaborated with Sergio Leone in \"Per un pugno di dollari\" and \"Per qualche dollaro in pi\u00f9\". Thanks to the precious contribution of conductor Bruno Nicolai, the choir of the Cantori Moderni di Alessandroni, trumpeter Michere Lacerenza and harpist Anna Palombi, the Maestro wrote a mainly classical score, developing a wide range of sensations and dynamics in which epic atmosphere, drama and tension alternate to reflective moments or even romantic ones.","og_url":"https:\/\/wpguerssen-test.odoo.rgbconsulting.com\/es\/producto\/una-pistola-per-ringo-il-ritorno-di-ringo-crysta\/","og_site_name":"Guerssen records","article_modified_time":"2025-03-13T16:17:58+00:00","og_image":[{"width":432,"height":432,"url":"https:\/\/wpguerssen-test.odoo.rgbconsulting.com\/wp-content\/uploads\/2023\/09\/45480.jpg","type":"image\/jpeg"}],"twitter_card":"summary_large_image","twitter_title":"MORRICONE, Ennio - Una pistola per Ringo\/Il ritorno di Ringo (Crysta) -  (LP) | Guerssen","twitter_misc":{"Tiempo de lectura":"1 minuto"},"schema":{"@context":"https:\/\/schema.org","@graph":[{"@type":"WebPage","@id":"https:\/\/wpguerssen-test.odoo.rgbconsulting.com\/es\/producto\/una-pistola-per-ringo-il-ritorno-di-ringo-crysta\/","url":"https:\/\/wpguerssen-test.odoo.rgbconsulting.com\/es\/producto\/una-pistola-per-ringo-il-ritorno-di-ringo-crysta\/","name":"MORRICONE, Ennio - Una pistola per Ringo\/Il ritorno di Ringo (Crysta) - (LP) | Guerssen","isPartOf":{"@id":"https:\/\/wpguerssen-test.odoo.rgbconsulting.com\/es\/#website"},"primaryImageOfPage":{"@id":"https:\/\/wpguerssen-test.odoo.rgbconsulting.com\/es\/producto\/una-pistola-per-ringo-il-ritorno-di-ringo-crysta\/#primaryimage"},"image":{"@id":"https:\/\/wpguerssen-test.odoo.rgbconsulting.com\/es\/producto\/una-pistola-per-ringo-il-ritorno-di-ringo-crysta\/#primaryimage"},"thumbnailUrl":"https:\/\/wpguerssen-test.odoo.rgbconsulting.com\/wp-content\/uploads\/2023\/09\/45480.jpg","datePublished":"2025-02-10T23:00:00+00:00","dateModified":"2025-03-13T16:17:58+00:00","description":"\"Una pistola per Ringo\" and \"Il ritorno di Ringo\" are two movies from 1965 that belong to the 'spaghetti western' genre, directed by Duccio Tessari and starring Giuliano Gemma as the main character. The two movies, not actually having much more in common besides their title and protagonist, were filmed in a very short time, thanks to the huge success of the first 'chapter'.The soundtracks of both movies, by Ennio Morricone, show the incredible versatility of the composer, who at the time had already collaborated with Sergio Leone in \"Per un pugno di dollari\" and \"Per qualche dollaro in pi\u00f9\". Thanks to the precious contribution of conductor Bruno Nicolai, the choir of the Cantori Moderni di Alessandroni, trumpeter Michere Lacerenza and harpist Anna Palombi, the Maestro wrote a mainly classical score, developing a wide range of sensations and dynamics in which epic atmosphere, drama and tension alternate to reflective moments or even romantic ones.","breadcrumb":{"@id":"https:\/\/wpguerssen-test.odoo.rgbconsulting.com\/es\/producto\/una-pistola-per-ringo-il-ritorno-di-ringo-crysta\/#breadcrumb"},"inLanguage":"es","potentialAction":[{"@type":"ReadAction","target":["https:\/\/wpguerssen-test.odoo.rgbconsulting.com\/es\/producto\/una-pistola-per-ringo-il-ritorno-di-ringo-crysta\/"]}]},{"@type":"ImageObject","inLanguage":"es","@id":"https:\/\/wpguerssen-test.odoo.rgbconsulting.com\/es\/producto\/una-pistola-per-ringo-il-ritorno-di-ringo-crysta\/#primaryimage","url":"https:\/\/wpguerssen-test.odoo.rgbconsulting.com\/wp-content\/uploads\/2023\/09\/45480.jpg","contentUrl":"https:\/\/wpguerssen-test.odoo.rgbconsulting.com\/wp-content\/uploads\/2023\/09\/45480.jpg","width":432,"height":432,"caption":"Ennio - Una pistola per Ringo\/Il ritorno di Ringo (Crysta) - VINYL MAGIC (LP) | Guerssen"},{"@type":"BreadcrumbList","@id":"https:\/\/wpguerssen-test.odoo.rgbconsulting.com\/es\/producto\/una-pistola-per-ringo-il-ritorno-di-ringo-crysta\/#breadcrumb","itemListElement":[{"@type":"ListItem","position":1,"name":"Inicio","item":"https:\/\/wpguerssen-test.odoo.rgbconsulting.com\/es\/"},{"@type":"ListItem","position":2,"name":"Shop","item":"https:\/\/wpguerssen-test.odoo.rgbconsulting.com\/shop\/"},{"@type":"ListItem","position":3,"name":"Una pistola per Ringo\/Il ritorno di Ringo (Crysta)"}]},{"@type":"WebSite","@id":"https:\/\/wpguerssen-test.odoo.rgbconsulting.com\/es\/#website","url":"https:\/\/wpguerssen-test.odoo.rgbconsulting.com\/es\/","name":"Guerssen records","description":"psychedelia - progressive - folk - garage ","publisher":{"@id":"https:\/\/wpguerssen-test.odoo.rgbconsulting.com\/es\/#organization"},"potentialAction":[{"@type":"SearchAction","target":{"@type":"EntryPoint","urlTemplate":"https:\/\/wpguerssen-test.odoo.rgbconsulting.com\/es\/?s={search_term_string}"},"query-input":{"@type":"PropertyValueSpecification","valueRequired":true,"valueName":"search_term_string"}}],"inLanguage":"es"},{"@type":"Organization","@id":"https:\/\/wpguerssen-test.odoo.rgbconsulting.com\/es\/#organization","name":"Guerssen records","url":"https:\/\/wpguerssen-test.odoo.rgbconsulting.com\/es\/","logo":{"@type":"ImageObject","inLanguage":"es","@id":"https:\/\/wpguerssen-test.odoo.rgbconsulting.com\/es\/#\/schema\/logo\/image\/","url":"https:\/\/wpguerssen-test.odoo.rgbconsulting.com\/wp-content\/uploads\/2022\/04\/Logo_Guerssen_trans_100.png","contentUrl":"https:\/\/wpguerssen-test.odoo.rgbconsulting.com\/wp-content\/uploads\/2022\/04\/Logo_Guerssen_trans_100.png","width":122,"height":100,"caption":"Guerssen records"},"image":{"@id":"https:\/\/wpguerssen-test.odoo.rgbconsulting.com\/es\/#\/schema\/logo\/image\/"}}]}},"_links":{"self":[{"href":"https:\/\/wpguerssen-test.odoo.rgbconsulting.com\/es\/wp-json\/wp\/v2\/product\/241409","targetHints":{"allow":["GET"]}}],"collection":[{"href":"https:\/\/wpguerssen-test.odoo.rgbconsulting.com\/es\/wp-json\/wp\/v2\/product"}],"about":[{"href":"https:\/\/wpguerssen-test.odoo.rgbconsulting.com\/es\/wp-json\/wp\/v2\/types\/product"}],"wp:featuredmedia":[{"embeddable":true,"href":"https:\/\/wpguerssen-test.odoo.rgbconsulting.com\/es\/wp-json\/wp\/v2\/media\/241373"}],"wp:attachment":[{"href":"https:\/\/wpguerssen-test.odoo.rgbconsulting.com\/es\/wp-json\/wp\/v2\/media?parent=241409"}],"wp:term":[{"taxonomy":"product_brand","embeddable":true,"href":"https:\/\/wpguerssen-test.odoo.rgbconsulting.com\/es\/wp-json\/wp\/v2\/product_brand?post=241409"},{"taxonomy":"product_cat","embeddable":true,"href":"https:\/\/wpguerssen-test.odoo.rgbconsulting.com\/es\/wp-json\/wp\/v2\/product_cat?post=241409"},{"taxonomy":"product_tag","embeddable":true,"href":"https:\/\/wpguerssen-test.odoo.rgbconsulting.com\/es\/wp-json\/wp\/v2\/product_tag?post=241409"}],"curies":[{"name":"wp","href":"https:\/\/api.w.org\/{rel}","templated":true}]}}