{"id":241494,"date":"2025-01-21T00:00:00","date_gmt":"2025-01-20T23:00:00","guid":{"rendered":"https:\/\/wpguerssen-test.odoo.rgbconsulting.com\/product\/the-night-and-day-of\/"},"modified":"2025-03-26T16:51:36","modified_gmt":"2025-03-26T15:51:36","slug":"the-night-and-day-of","status":"publish","type":"product","link":"https:\/\/wpguerssen-test.odoo.rgbconsulting.com\/es\/producto\/the-night-and-day-of\/","title":{"rendered":"The Night And Day Of&#8230;"},"content":{"rendered":"<p>\u00bbLa m\u00fasica no deber\u00eda irrumpir en los estantes de \u00e1lbumes de ninguna poblaci\u00f3n, sino que la poblaci\u00f3n deber\u00eda inducirse a disfrutar de la m\u00fasica y desarrollar un gusto personal, cada alma deber\u00eda tomar su propia decisi\u00f3n, una pasi\u00f3n es tanto mayor si ha surgido de una selecci\u00f3n cruzada de experiencias. Generalmente, si una determinada \u00abcosa\u00bb se convierte en un gran \u00e9xito, ese \u00e9xito se hace mayor gracias a la persuasi\u00f3n masiva de la prensa, que seg\u00fan algunos est\u00e1ndares es m\u00e1s pop y m\u00e1s publicitada, por ser m\u00e1s inmoral. La popularidad de la m\u00fasica popular ha abierto una brecha que permite la introducci\u00f3n de material de segunda categor\u00eda, esto es desafortunado porque creo que la mala m\u00fasica es mucho peor que ninguna m\u00fasica. La popularidad a veces me asusta porque tiende a respaldar la mala m\u00fasica. Basta mirar a nuestro alrededor lo que la gente elogia en las artes, sopesar cu\u00e1nto es incomprensible y cu\u00e1nto se pretende entender. Bach es popular en una minor\u00eda por sus propios m\u00e9ritos, no por una tendencia contagiosa, as\u00ed es como me gustar\u00eda a m\u00ed. \u00bb<br \/>Muchos pueden cantar afinados, pocos (menos incluso) pueden gritar. Jay Hawkins fue y es \u00fanico, disfrut\u00f3 de su monopolio que se extend\u00eda a ambos lados de la valla del Rhythm and Blues. Era joven y gritar era un fin, este \u00e1lbum no es el final ni el comienzo. Es una cara del Sr. Hawkins, su noche y su d\u00eda.<br \/>De las notas de la contraportada del segundo LP de Screamin&#8217; Jay Hawkins, NIGHT AND DAY, lanzado en 1967 \u00fanicamente en el Reino Unido. Hasta ahora.<\/p>\n","protected":false},"excerpt":{"rendered":"<p>\u00bbLa m\u00fasica no deber\u00eda irrumpir en los estantes de \u00e1lbumes de ninguna poblaci\u00f3n, sino que la poblaci\u00f3n deber\u00eda inducirse a disfrutar de la m\u00fasica y desarrollar<a class=\"read\" href=\"https:\/\/wpguerssen-test.odoo.rgbconsulting.com\/es\/producto\/the-night-and-day-of\/\"> (...)<\/a>","protected":false},"featured_media":241456,"template":"","meta":{"_acf_changed":false},"product_brand":[],"product_cat":[23262,21642],"product_tag":[24185],"class_list":{"0":"post-241494","1":"product","2":"type-product","3":"status-publish","4":"has-post-thumbnail","6":"product_cat-blues-blues-rock-es","7":"product_cat-rocknroll-es","8":"product_tag-de-nuevo-en-existencia","9":"pa_artist-screamin-jay-hawkins","10":"pa_format-lp-es","11":"pa_gender-rocknroll-blues-blues-rock","12":"pa_label-planeta-records","13":"pa_location-north-america-es","14":"pa_other-filters-vinyl-only-es","16":"first","17":"instock","18":"taxable","19":"shipping-taxable","20":"purchasable","21":"product-type-simple"},"acf":[],"yoast_head":"<!-- This site is optimized with the Yoast SEO plugin v24.9 - https:\/\/yoast.com\/wordpress\/plugins\/seo\/ -->\n<title>SCREAMIN&#039; JAY HAWKINS - The Night And Day Of... -  (LP) | Guerssen<\/title>\n<meta name=\"description\" content=\"&#039;&#039;Music shouldn&#039;t shoulder or force its way into the album racks of any population, rather the population should induce itself to enjoy music and develop a personal taste, every soul should make up its own mind, a passion is all the greater if it has grown out of a cross selection of experiences. Generally, if a certain &#039;thing&#039; becomes a great success, that success is made greater by the mass persuasive mouth of the press, by some standards the more pop and the more publicised, as the more immoral. The popularity of popular music has opened up a gap that allows second rate material to introduced, this is unfortunate for I believe that bad music is much much worse than no music at all. Popularity sometimes frightens me because it tends to endorse bad music. Just look around at what people are praising in the arts, weigh up how much is incomprehensible with how much is pretended to be understood. Bach is, popular in a minority on his own merits, not by an infectious trend, that&#039;s how I&#039;d like it with me.&#039;&#039;Many can sing in tune, few (less even) can scream. Jay Hawkins was and is unique, he enjoyed his monopoly which straddled the fence of Rhythm and Blues. He was young, and screamin&#039; was means to an end, this album isn&#039;t the end, nor the beginning of. It is one side of Mr. Hawkins, his night and day.From the back cover notes of Screamin&#039; Jay Hawkins&#039; second LP, NIGHT AND DAY, released in 1967 in the UK only. Up to now.\" \/>\n<meta name=\"robots\" content=\"index, follow, max-snippet:-1, max-image-preview:large, max-video-preview:-1\" \/>\n<link rel=\"canonical\" href=\"https:\/\/wpguerssen-test.odoo.rgbconsulting.com\/es\/producto\/the-night-and-day-of\/\" \/>\n<meta property=\"og:locale\" content=\"es_ES\" \/>\n<meta property=\"og:type\" content=\"article\" \/>\n<meta property=\"og:title\" content=\"SCREAMIN&#039; JAY HAWKINS - The Night And Day Of... -  (LP) | Guerssen\" \/>\n<meta property=\"og:description\" content=\"&#039;&#039;Music shouldn&#039;t shoulder or force its way into the album racks of any population, rather the population should induce itself to enjoy music and develop a personal taste, every soul should make up its own mind, a passion is all the greater if it has grown out of a cross selection of experiences. Generally, if a certain &#039;thing&#039; becomes a great success, that success is made greater by the mass persuasive mouth of the press, by some standards the more pop and the more publicised, as the more immoral. The popularity of popular music has opened up a gap that allows second rate material to introduced, this is unfortunate for I believe that bad music is much much worse than no music at all. Popularity sometimes frightens me because it tends to endorse bad music. Just look around at what people are praising in the arts, weigh up how much is incomprehensible with how much is pretended to be understood. Bach is, popular in a minority on his own merits, not by an infectious trend, that&#039;s how I&#039;d like it with me.&#039;&#039;Many can sing in tune, few (less even) can scream. Jay Hawkins was and is unique, he enjoyed his monopoly which straddled the fence of Rhythm and Blues. He was young, and screamin&#039; was means to an end, this album isn&#039;t the end, nor the beginning of. It is one side of Mr. Hawkins, his night and day.From the back cover notes of Screamin&#039; Jay Hawkins&#039; second LP, NIGHT AND DAY, released in 1967 in the UK only. Up to now.\" \/>\n<meta property=\"og:url\" content=\"https:\/\/wpguerssen-test.odoo.rgbconsulting.com\/es\/producto\/the-night-and-day-of\/\" \/>\n<meta property=\"og:site_name\" content=\"Guerssen records\" \/>\n<meta property=\"article:modified_time\" content=\"2025-03-26T15:51:36+00:00\" \/>\n<meta property=\"og:image\" content=\"https:\/\/wpguerssen-test.odoo.rgbconsulting.com\/wp-content\/uploads\/2023\/09\/45500.jpg\" \/>\n\t<meta property=\"og:image:width\" content=\"886\" \/>\n\t<meta property=\"og:image:height\" content=\"886\" \/>\n\t<meta property=\"og:image:type\" content=\"image\/jpeg\" \/>\n<meta name=\"twitter:card\" content=\"summary_large_image\" \/>\n<meta name=\"twitter:title\" content=\"SCREAMIN&#039; JAY HAWKINS - The Night And Day Of... -  (LP) | Guerssen\" \/>\n<meta name=\"twitter:label1\" content=\"Tiempo de lectura\" \/>\n\t<meta name=\"twitter:data1\" content=\"1 minuto\" \/>\n<script type=\"application\/ld+json\" class=\"yoast-schema-graph\">{\"@context\":\"https:\/\/schema.org\",\"@graph\":[{\"@type\":\"WebPage\",\"@id\":\"https:\/\/wpguerssen-test.odoo.rgbconsulting.com\/es\/producto\/the-night-and-day-of\/\",\"url\":\"https:\/\/wpguerssen-test.odoo.rgbconsulting.com\/es\/producto\/the-night-and-day-of\/\",\"name\":\"SCREAMIN' JAY HAWKINS - The Night And Day Of... - (LP) | Guerssen\",\"isPartOf\":{\"@id\":\"https:\/\/wpguerssen-test.odoo.rgbconsulting.com\/es\/#website\"},\"primaryImageOfPage\":{\"@id\":\"https:\/\/wpguerssen-test.odoo.rgbconsulting.com\/es\/producto\/the-night-and-day-of\/#primaryimage\"},\"image\":{\"@id\":\"https:\/\/wpguerssen-test.odoo.rgbconsulting.com\/es\/producto\/the-night-and-day-of\/#primaryimage\"},\"thumbnailUrl\":\"https:\/\/wpguerssen-test.odoo.rgbconsulting.com\/wp-content\/uploads\/2023\/09\/45500.jpg\",\"datePublished\":\"2025-01-20T23:00:00+00:00\",\"dateModified\":\"2025-03-26T15:51:36+00:00\",\"description\":\"''Music shouldn't shoulder or force its way into the album racks of any population, rather the population should induce itself to enjoy music and develop a personal taste, every soul should make up its own mind, a passion is all the greater if it has grown out of a cross selection of experiences. Generally, if a certain 'thing' becomes a great success, that success is made greater by the mass persuasive mouth of the press, by some standards the more pop and the more publicised, as the more immoral. The popularity of popular music has opened up a gap that allows second rate material to introduced, this is unfortunate for I believe that bad music is much much worse than no music at all. Popularity sometimes frightens me because it tends to endorse bad music. Just look around at what people are praising in the arts, weigh up how much is incomprehensible with how much is pretended to be understood. Bach is, popular in a minority on his own merits, not by an infectious trend, that's how I'd like it with me.''Many can sing in tune, few (less even) can scream. Jay Hawkins was and is unique, he enjoyed his monopoly which straddled the fence of Rhythm and Blues. He was young, and screamin' was means to an end, this album isn't the end, nor the beginning of. It is one side of Mr. Hawkins, his night and day.From the back cover notes of Screamin' Jay Hawkins' second LP, NIGHT AND DAY, released in 1967 in the UK only. Up to now.\",\"breadcrumb\":{\"@id\":\"https:\/\/wpguerssen-test.odoo.rgbconsulting.com\/es\/producto\/the-night-and-day-of\/#breadcrumb\"},\"inLanguage\":\"es\",\"potentialAction\":[{\"@type\":\"ReadAction\",\"target\":[\"https:\/\/wpguerssen-test.odoo.rgbconsulting.com\/es\/producto\/the-night-and-day-of\/\"]}]},{\"@type\":\"ImageObject\",\"inLanguage\":\"es\",\"@id\":\"https:\/\/wpguerssen-test.odoo.rgbconsulting.com\/es\/producto\/the-night-and-day-of\/#primaryimage\",\"url\":\"https:\/\/wpguerssen-test.odoo.rgbconsulting.com\/wp-content\/uploads\/2023\/09\/45500.jpg\",\"contentUrl\":\"https:\/\/wpguerssen-test.odoo.rgbconsulting.com\/wp-content\/uploads\/2023\/09\/45500.jpg\",\"width\":886,\"height\":886},{\"@type\":\"BreadcrumbList\",\"@id\":\"https:\/\/wpguerssen-test.odoo.rgbconsulting.com\/es\/producto\/the-night-and-day-of\/#breadcrumb\",\"itemListElement\":[{\"@type\":\"ListItem\",\"position\":1,\"name\":\"Inicio\",\"item\":\"https:\/\/wpguerssen-test.odoo.rgbconsulting.com\/es\/\"},{\"@type\":\"ListItem\",\"position\":2,\"name\":\"Shop\",\"item\":\"https:\/\/wpguerssen-test.odoo.rgbconsulting.com\/shop\/\"},{\"@type\":\"ListItem\",\"position\":3,\"name\":\"The Night And Day Of&#8230;\"}]},{\"@type\":\"WebSite\",\"@id\":\"https:\/\/wpguerssen-test.odoo.rgbconsulting.com\/es\/#website\",\"url\":\"https:\/\/wpguerssen-test.odoo.rgbconsulting.com\/es\/\",\"name\":\"Guerssen records\",\"description\":\"psychedelia - progressive - folk - garage \",\"publisher\":{\"@id\":\"https:\/\/wpguerssen-test.odoo.rgbconsulting.com\/es\/#organization\"},\"potentialAction\":[{\"@type\":\"SearchAction\",\"target\":{\"@type\":\"EntryPoint\",\"urlTemplate\":\"https:\/\/wpguerssen-test.odoo.rgbconsulting.com\/es\/?s={search_term_string}\"},\"query-input\":{\"@type\":\"PropertyValueSpecification\",\"valueRequired\":true,\"valueName\":\"search_term_string\"}}],\"inLanguage\":\"es\"},{\"@type\":\"Organization\",\"@id\":\"https:\/\/wpguerssen-test.odoo.rgbconsulting.com\/es\/#organization\",\"name\":\"Guerssen records\",\"url\":\"https:\/\/wpguerssen-test.odoo.rgbconsulting.com\/es\/\",\"logo\":{\"@type\":\"ImageObject\",\"inLanguage\":\"es\",\"@id\":\"https:\/\/wpguerssen-test.odoo.rgbconsulting.com\/es\/#\/schema\/logo\/image\/\",\"url\":\"https:\/\/wpguerssen-test.odoo.rgbconsulting.com\/wp-content\/uploads\/2022\/04\/Logo_Guerssen_trans_100.png\",\"contentUrl\":\"https:\/\/wpguerssen-test.odoo.rgbconsulting.com\/wp-content\/uploads\/2022\/04\/Logo_Guerssen_trans_100.png\",\"width\":122,\"height\":100,\"caption\":\"Guerssen records\"},\"image\":{\"@id\":\"https:\/\/wpguerssen-test.odoo.rgbconsulting.com\/es\/#\/schema\/logo\/image\/\"}}]}<\/script>\n<!-- \/ Yoast SEO plugin. -->","yoast_head_json":{"title":"SCREAMIN' JAY HAWKINS - The Night And Day Of... -  (LP) | Guerssen","description":"''Music shouldn't shoulder or force its way into the album racks of any population, rather the population should induce itself to enjoy music and develop a personal taste, every soul should make up its own mind, a passion is all the greater if it has grown out of a cross selection of experiences. Generally, if a certain 'thing' becomes a great success, that success is made greater by the mass persuasive mouth of the press, by some standards the more pop and the more publicised, as the more immoral. The popularity of popular music has opened up a gap that allows second rate material to introduced, this is unfortunate for I believe that bad music is much much worse than no music at all. Popularity sometimes frightens me because it tends to endorse bad music. Just look around at what people are praising in the arts, weigh up how much is incomprehensible with how much is pretended to be understood. Bach is, popular in a minority on his own merits, not by an infectious trend, that's how I'd like it with me.''Many can sing in tune, few (less even) can scream. Jay Hawkins was and is unique, he enjoyed his monopoly which straddled the fence of Rhythm and Blues. He was young, and screamin' was means to an end, this album isn't the end, nor the beginning of. It is one side of Mr. Hawkins, his night and day.From the back cover notes of Screamin' Jay Hawkins' second LP, NIGHT AND DAY, released in 1967 in the UK only. Up to now.","robots":{"index":"index","follow":"follow","max-snippet":"max-snippet:-1","max-image-preview":"max-image-preview:large","max-video-preview":"max-video-preview:-1"},"canonical":"https:\/\/wpguerssen-test.odoo.rgbconsulting.com\/es\/producto\/the-night-and-day-of\/","og_locale":"es_ES","og_type":"article","og_title":"SCREAMIN' JAY HAWKINS - The Night And Day Of... -  (LP) | Guerssen","og_description":"''Music shouldn't shoulder or force its way into the album racks of any population, rather the population should induce itself to enjoy music and develop a personal taste, every soul should make up its own mind, a passion is all the greater if it has grown out of a cross selection of experiences. Generally, if a certain 'thing' becomes a great success, that success is made greater by the mass persuasive mouth of the press, by some standards the more pop and the more publicised, as the more immoral. The popularity of popular music has opened up a gap that allows second rate material to introduced, this is unfortunate for I believe that bad music is much much worse than no music at all. Popularity sometimes frightens me because it tends to endorse bad music. Just look around at what people are praising in the arts, weigh up how much is incomprehensible with how much is pretended to be understood. Bach is, popular in a minority on his own merits, not by an infectious trend, that's how I'd like it with me.''Many can sing in tune, few (less even) can scream. Jay Hawkins was and is unique, he enjoyed his monopoly which straddled the fence of Rhythm and Blues. He was young, and screamin' was means to an end, this album isn't the end, nor the beginning of. It is one side of Mr. Hawkins, his night and day.From the back cover notes of Screamin' Jay Hawkins' second LP, NIGHT AND DAY, released in 1967 in the UK only. Up to now.","og_url":"https:\/\/wpguerssen-test.odoo.rgbconsulting.com\/es\/producto\/the-night-and-day-of\/","og_site_name":"Guerssen records","article_modified_time":"2025-03-26T15:51:36+00:00","og_image":[{"width":886,"height":886,"url":"https:\/\/wpguerssen-test.odoo.rgbconsulting.com\/wp-content\/uploads\/2023\/09\/45500.jpg","type":"image\/jpeg"}],"twitter_card":"summary_large_image","twitter_title":"SCREAMIN' JAY HAWKINS - The Night And Day Of... -  (LP) | Guerssen","twitter_misc":{"Tiempo de lectura":"1 minuto"},"schema":{"@context":"https:\/\/schema.org","@graph":[{"@type":"WebPage","@id":"https:\/\/wpguerssen-test.odoo.rgbconsulting.com\/es\/producto\/the-night-and-day-of\/","url":"https:\/\/wpguerssen-test.odoo.rgbconsulting.com\/es\/producto\/the-night-and-day-of\/","name":"SCREAMIN' JAY HAWKINS - The Night And Day Of... - (LP) | Guerssen","isPartOf":{"@id":"https:\/\/wpguerssen-test.odoo.rgbconsulting.com\/es\/#website"},"primaryImageOfPage":{"@id":"https:\/\/wpguerssen-test.odoo.rgbconsulting.com\/es\/producto\/the-night-and-day-of\/#primaryimage"},"image":{"@id":"https:\/\/wpguerssen-test.odoo.rgbconsulting.com\/es\/producto\/the-night-and-day-of\/#primaryimage"},"thumbnailUrl":"https:\/\/wpguerssen-test.odoo.rgbconsulting.com\/wp-content\/uploads\/2023\/09\/45500.jpg","datePublished":"2025-01-20T23:00:00+00:00","dateModified":"2025-03-26T15:51:36+00:00","description":"''Music shouldn't shoulder or force its way into the album racks of any population, rather the population should induce itself to enjoy music and develop a personal taste, every soul should make up its own mind, a passion is all the greater if it has grown out of a cross selection of experiences. Generally, if a certain 'thing' becomes a great success, that success is made greater by the mass persuasive mouth of the press, by some standards the more pop and the more publicised, as the more immoral. The popularity of popular music has opened up a gap that allows second rate material to introduced, this is unfortunate for I believe that bad music is much much worse than no music at all. Popularity sometimes frightens me because it tends to endorse bad music. Just look around at what people are praising in the arts, weigh up how much is incomprehensible with how much is pretended to be understood. Bach is, popular in a minority on his own merits, not by an infectious trend, that's how I'd like it with me.''Many can sing in tune, few (less even) can scream. Jay Hawkins was and is unique, he enjoyed his monopoly which straddled the fence of Rhythm and Blues. He was young, and screamin' was means to an end, this album isn't the end, nor the beginning of. It is one side of Mr. Hawkins, his night and day.From the back cover notes of Screamin' Jay Hawkins' second LP, NIGHT AND DAY, released in 1967 in the UK only. Up to now.","breadcrumb":{"@id":"https:\/\/wpguerssen-test.odoo.rgbconsulting.com\/es\/producto\/the-night-and-day-of\/#breadcrumb"},"inLanguage":"es","potentialAction":[{"@type":"ReadAction","target":["https:\/\/wpguerssen-test.odoo.rgbconsulting.com\/es\/producto\/the-night-and-day-of\/"]}]},{"@type":"ImageObject","inLanguage":"es","@id":"https:\/\/wpguerssen-test.odoo.rgbconsulting.com\/es\/producto\/the-night-and-day-of\/#primaryimage","url":"https:\/\/wpguerssen-test.odoo.rgbconsulting.com\/wp-content\/uploads\/2023\/09\/45500.jpg","contentUrl":"https:\/\/wpguerssen-test.odoo.rgbconsulting.com\/wp-content\/uploads\/2023\/09\/45500.jpg","width":886,"height":886},{"@type":"BreadcrumbList","@id":"https:\/\/wpguerssen-test.odoo.rgbconsulting.com\/es\/producto\/the-night-and-day-of\/#breadcrumb","itemListElement":[{"@type":"ListItem","position":1,"name":"Inicio","item":"https:\/\/wpguerssen-test.odoo.rgbconsulting.com\/es\/"},{"@type":"ListItem","position":2,"name":"Shop","item":"https:\/\/wpguerssen-test.odoo.rgbconsulting.com\/shop\/"},{"@type":"ListItem","position":3,"name":"The Night And Day Of&#8230;"}]},{"@type":"WebSite","@id":"https:\/\/wpguerssen-test.odoo.rgbconsulting.com\/es\/#website","url":"https:\/\/wpguerssen-test.odoo.rgbconsulting.com\/es\/","name":"Guerssen records","description":"psychedelia - progressive - folk - garage ","publisher":{"@id":"https:\/\/wpguerssen-test.odoo.rgbconsulting.com\/es\/#organization"},"potentialAction":[{"@type":"SearchAction","target":{"@type":"EntryPoint","urlTemplate":"https:\/\/wpguerssen-test.odoo.rgbconsulting.com\/es\/?s={search_term_string}"},"query-input":{"@type":"PropertyValueSpecification","valueRequired":true,"valueName":"search_term_string"}}],"inLanguage":"es"},{"@type":"Organization","@id":"https:\/\/wpguerssen-test.odoo.rgbconsulting.com\/es\/#organization","name":"Guerssen records","url":"https:\/\/wpguerssen-test.odoo.rgbconsulting.com\/es\/","logo":{"@type":"ImageObject","inLanguage":"es","@id":"https:\/\/wpguerssen-test.odoo.rgbconsulting.com\/es\/#\/schema\/logo\/image\/","url":"https:\/\/wpguerssen-test.odoo.rgbconsulting.com\/wp-content\/uploads\/2022\/04\/Logo_Guerssen_trans_100.png","contentUrl":"https:\/\/wpguerssen-test.odoo.rgbconsulting.com\/wp-content\/uploads\/2022\/04\/Logo_Guerssen_trans_100.png","width":122,"height":100,"caption":"Guerssen records"},"image":{"@id":"https:\/\/wpguerssen-test.odoo.rgbconsulting.com\/es\/#\/schema\/logo\/image\/"}}]}},"_links":{"self":[{"href":"https:\/\/wpguerssen-test.odoo.rgbconsulting.com\/es\/wp-json\/wp\/v2\/product\/241494","targetHints":{"allow":["GET"]}}],"collection":[{"href":"https:\/\/wpguerssen-test.odoo.rgbconsulting.com\/es\/wp-json\/wp\/v2\/product"}],"about":[{"href":"https:\/\/wpguerssen-test.odoo.rgbconsulting.com\/es\/wp-json\/wp\/v2\/types\/product"}],"wp:featuredmedia":[{"embeddable":true,"href":"https:\/\/wpguerssen-test.odoo.rgbconsulting.com\/es\/wp-json\/wp\/v2\/media\/241456"}],"wp:attachment":[{"href":"https:\/\/wpguerssen-test.odoo.rgbconsulting.com\/es\/wp-json\/wp\/v2\/media?parent=241494"}],"wp:term":[{"taxonomy":"product_brand","embeddable":true,"href":"https:\/\/wpguerssen-test.odoo.rgbconsulting.com\/es\/wp-json\/wp\/v2\/product_brand?post=241494"},{"taxonomy":"product_cat","embeddable":true,"href":"https:\/\/wpguerssen-test.odoo.rgbconsulting.com\/es\/wp-json\/wp\/v2\/product_cat?post=241494"},{"taxonomy":"product_tag","embeddable":true,"href":"https:\/\/wpguerssen-test.odoo.rgbconsulting.com\/es\/wp-json\/wp\/v2\/product_tag?post=241494"}],"curies":[{"name":"wp","href":"https:\/\/api.w.org\/{rel}","templated":true}]}}