{"id":241700,"date":"2022-03-24T00:00:00","date_gmt":"2022-03-23T23:00:00","guid":{"rendered":"https:\/\/wpguerssen-test.odoo.rgbconsulting.com\/product\/lady-sings-the-blues-clear\/"},"modified":"2025-01-09T15:30:45","modified_gmt":"2025-01-09T14:30:45","slug":"lady-sings-the-blues-clear","status":"publish","type":"product","link":"https:\/\/wpguerssen-test.odoo.rgbconsulting.com\/es\/producto\/lady-sings-the-blues-clear\/","title":{"rendered":"Lady Sings the Blues (Clear)"},"content":{"rendered":"<p>La tr\u00e1gica historia de Billie Holiday involucra una infancia fracturada, una serie aparentemente interminable de hombres abusivos y adicciones a la hero\u00edna y al alcohol, todo ello expuesto ante el p\u00fablico despu\u00e9s de ser atacada por el FBI. Sin embargo, su voz ronca y expresiva es atemporal y la forma en que incorpor\u00f3 el fraseo del blues al jazz fue enormemente influyente. El lanzamiento de 1956 Lady Sings The Blues tom\u00f3 su nombre de su impactante autobiograf\u00eda y el disco la encuentra en excelente forma en todo momento, con hitos que incluyen la inmortal &#8216;Strange Fruit&#8217;, la desafiante &#8216;God Bless The Child&#8217; y la triste &#8216;No Good Man&#8217; y la gran canci\u00f3n \u00abLady Sings The Blues\u00bb<\/p>\n","protected":false},"excerpt":{"rendered":"<p>La tr\u00e1gica historia de Billie Holiday involucra una infancia fracturada, una serie aparentemente interminable de hombres abusivos y adicciones a la hero\u00edna y al<a class=\"read\" href=\"https:\/\/wpguerssen-test.odoo.rgbconsulting.com\/es\/producto\/lady-sings-the-blues-clear\/\"> (...)<\/a>","protected":false},"featured_media":241647,"template":"","meta":{"_acf_changed":false},"product_brand":[],"product_cat":[23227],"product_tag":[29140],"class_list":{"0":"post-241700","1":"product","2":"type-product","3":"status-publish","4":"has-post-thumbnail","6":"product_cat-jazz-es","7":"product_tag-color-vinyl-es","8":"pa_artist-holiday-billie-es","9":"pa_format-lp-es","10":"pa_gender-jazz","11":"pa_label-destination-moon","12":"pa_location-north-america-es","13":"pa_other-filters-vinyl-only-es","15":"first","16":"instock","17":"taxable","18":"shipping-taxable","19":"purchasable","20":"product-type-simple"},"acf":[],"yoast_head":"<!-- This site is optimized with the Yoast SEO plugin v24.9 - https:\/\/yoast.com\/wordpress\/plugins\/seo\/ -->\n<title>HOLIDAY, Billie - Lady Sings the Blues (Clear) -  (LP) | Guerssen<\/title>\n<meta name=\"description\" content=\"The tragic tale of Billie Holiday involves a fractured childhood, a seemingly endless series of abusive men, and addictions to heroin and alcohol, all played out in the public eye after targeting by the FBI. Nevertheless, her huskily expressive voice is timeless and the way she brought blues phrasing into jazz was hugely influential. The 1956 release Lady Sings The Blues took its name from her shocking autobiography and the disc finds her on fine form throughout, the landmarks including the immortal &#039;Strange Fruit,&#039; the defiant &#039;God Bless The Child,&#039; the mournful &#039;No Good Man&#039; and the great title track. Classic Lady Day all the way!\" \/>\n<meta name=\"robots\" content=\"index, follow, max-snippet:-1, max-image-preview:large, max-video-preview:-1\" \/>\n<link rel=\"canonical\" href=\"https:\/\/wpguerssen-test.odoo.rgbconsulting.com\/es\/producto\/lady-sings-the-blues-clear\/\" \/>\n<meta property=\"og:locale\" content=\"es_ES\" \/>\n<meta property=\"og:type\" content=\"article\" \/>\n<meta property=\"og:title\" content=\"HOLIDAY, Billie - Lady Sings the Blues (Clear) -  (LP) | Guerssen\" \/>\n<meta property=\"og:description\" content=\"The tragic tale of Billie Holiday involves a fractured childhood, a seemingly endless series of abusive men, and addictions to heroin and alcohol, all played out in the public eye after targeting by the FBI. Nevertheless, her huskily expressive voice is timeless and the way she brought blues phrasing into jazz was hugely influential. The 1956 release Lady Sings The Blues took its name from her shocking autobiography and the disc finds her on fine form throughout, the landmarks including the immortal &#039;Strange Fruit,&#039; the defiant &#039;God Bless The Child,&#039; the mournful &#039;No Good Man&#039; and the great title track. Classic Lady Day all the way!\" \/>\n<meta property=\"og:url\" content=\"https:\/\/wpguerssen-test.odoo.rgbconsulting.com\/es\/producto\/lady-sings-the-blues-clear\/\" \/>\n<meta property=\"og:site_name\" content=\"Guerssen records\" \/>\n<meta property=\"article:modified_time\" content=\"2025-01-09T14:30:45+00:00\" \/>\n<meta property=\"og:image\" content=\"https:\/\/wpguerssen-test.odoo.rgbconsulting.com\/wp-content\/uploads\/2023\/09\/45521-scaled.jpg\" \/>\n\t<meta property=\"og:image:width\" content=\"2549\" \/>\n\t<meta property=\"og:image:height\" content=\"2560\" \/>\n\t<meta property=\"og:image:type\" content=\"image\/jpeg\" \/>\n<meta name=\"twitter:card\" content=\"summary_large_image\" \/>\n<meta name=\"twitter:title\" content=\"HOLIDAY, Billie - Lady Sings the Blues (Clear) -  (LP) | Guerssen\" \/>\n<meta name=\"twitter:label1\" content=\"Tiempo de lectura\" \/>\n\t<meta name=\"twitter:data1\" content=\"1 minuto\" \/>\n<script type=\"application\/ld+json\" class=\"yoast-schema-graph\">{\"@context\":\"https:\/\/schema.org\",\"@graph\":[{\"@type\":\"WebPage\",\"@id\":\"https:\/\/wpguerssen-test.odoo.rgbconsulting.com\/es\/producto\/lady-sings-the-blues-clear\/\",\"url\":\"https:\/\/wpguerssen-test.odoo.rgbconsulting.com\/es\/producto\/lady-sings-the-blues-clear\/\",\"name\":\"HOLIDAY, Billie - Lady Sings the Blues (Clear) - (LP) | Guerssen\",\"isPartOf\":{\"@id\":\"https:\/\/wpguerssen-test.odoo.rgbconsulting.com\/es\/#website\"},\"primaryImageOfPage\":{\"@id\":\"https:\/\/wpguerssen-test.odoo.rgbconsulting.com\/es\/producto\/lady-sings-the-blues-clear\/#primaryimage\"},\"image\":{\"@id\":\"https:\/\/wpguerssen-test.odoo.rgbconsulting.com\/es\/producto\/lady-sings-the-blues-clear\/#primaryimage\"},\"thumbnailUrl\":\"https:\/\/wpguerssen-test.odoo.rgbconsulting.com\/wp-content\/uploads\/2023\/09\/45521-scaled.jpg\",\"datePublished\":\"2022-03-23T23:00:00+00:00\",\"dateModified\":\"2025-01-09T14:30:45+00:00\",\"description\":\"The tragic tale of Billie Holiday involves a fractured childhood, a seemingly endless series of abusive men, and addictions to heroin and alcohol, all played out in the public eye after targeting by the FBI. Nevertheless, her huskily expressive voice is timeless and the way she brought blues phrasing into jazz was hugely influential. The 1956 release Lady Sings The Blues took its name from her shocking autobiography and the disc finds her on fine form throughout, the landmarks including the immortal 'Strange Fruit,' the defiant 'God Bless The Child,' the mournful 'No Good Man' and the great title track. Classic Lady Day all the way!\",\"breadcrumb\":{\"@id\":\"https:\/\/wpguerssen-test.odoo.rgbconsulting.com\/es\/producto\/lady-sings-the-blues-clear\/#breadcrumb\"},\"inLanguage\":\"es\",\"potentialAction\":[{\"@type\":\"ReadAction\",\"target\":[\"https:\/\/wpguerssen-test.odoo.rgbconsulting.com\/es\/producto\/lady-sings-the-blues-clear\/\"]}]},{\"@type\":\"ImageObject\",\"inLanguage\":\"es\",\"@id\":\"https:\/\/wpguerssen-test.odoo.rgbconsulting.com\/es\/producto\/lady-sings-the-blues-clear\/#primaryimage\",\"url\":\"https:\/\/wpguerssen-test.odoo.rgbconsulting.com\/wp-content\/uploads\/2023\/09\/45521-scaled.jpg\",\"contentUrl\":\"https:\/\/wpguerssen-test.odoo.rgbconsulting.com\/wp-content\/uploads\/2023\/09\/45521-scaled.jpg\",\"width\":2549,\"height\":2560,\"caption\":\"Billie - Lady Sings the Blues (Clear) - DESTINATION MOON (LP) | Guerssen\"},{\"@type\":\"BreadcrumbList\",\"@id\":\"https:\/\/wpguerssen-test.odoo.rgbconsulting.com\/es\/producto\/lady-sings-the-blues-clear\/#breadcrumb\",\"itemListElement\":[{\"@type\":\"ListItem\",\"position\":1,\"name\":\"Inicio\",\"item\":\"https:\/\/wpguerssen-test.odoo.rgbconsulting.com\/es\/\"},{\"@type\":\"ListItem\",\"position\":2,\"name\":\"Shop\",\"item\":\"https:\/\/wpguerssen-test.odoo.rgbconsulting.com\/shop\/\"},{\"@type\":\"ListItem\",\"position\":3,\"name\":\"Lady Sings the Blues (Clear)\"}]},{\"@type\":\"WebSite\",\"@id\":\"https:\/\/wpguerssen-test.odoo.rgbconsulting.com\/es\/#website\",\"url\":\"https:\/\/wpguerssen-test.odoo.rgbconsulting.com\/es\/\",\"name\":\"Guerssen records\",\"description\":\"psychedelia - progressive - folk - garage \",\"publisher\":{\"@id\":\"https:\/\/wpguerssen-test.odoo.rgbconsulting.com\/es\/#organization\"},\"potentialAction\":[{\"@type\":\"SearchAction\",\"target\":{\"@type\":\"EntryPoint\",\"urlTemplate\":\"https:\/\/wpguerssen-test.odoo.rgbconsulting.com\/es\/?s={search_term_string}\"},\"query-input\":{\"@type\":\"PropertyValueSpecification\",\"valueRequired\":true,\"valueName\":\"search_term_string\"}}],\"inLanguage\":\"es\"},{\"@type\":\"Organization\",\"@id\":\"https:\/\/wpguerssen-test.odoo.rgbconsulting.com\/es\/#organization\",\"name\":\"Guerssen records\",\"url\":\"https:\/\/wpguerssen-test.odoo.rgbconsulting.com\/es\/\",\"logo\":{\"@type\":\"ImageObject\",\"inLanguage\":\"es\",\"@id\":\"https:\/\/wpguerssen-test.odoo.rgbconsulting.com\/es\/#\/schema\/logo\/image\/\",\"url\":\"https:\/\/wpguerssen-test.odoo.rgbconsulting.com\/wp-content\/uploads\/2022\/04\/Logo_Guerssen_trans_100.png\",\"contentUrl\":\"https:\/\/wpguerssen-test.odoo.rgbconsulting.com\/wp-content\/uploads\/2022\/04\/Logo_Guerssen_trans_100.png\",\"width\":122,\"height\":100,\"caption\":\"Guerssen records\"},\"image\":{\"@id\":\"https:\/\/wpguerssen-test.odoo.rgbconsulting.com\/es\/#\/schema\/logo\/image\/\"}}]}<\/script>\n<!-- \/ Yoast SEO plugin. -->","yoast_head_json":{"title":"HOLIDAY, Billie - Lady Sings the Blues (Clear) -  (LP) | Guerssen","description":"The tragic tale of Billie Holiday involves a fractured childhood, a seemingly endless series of abusive men, and addictions to heroin and alcohol, all played out in the public eye after targeting by the FBI. Nevertheless, her huskily expressive voice is timeless and the way she brought blues phrasing into jazz was hugely influential. The 1956 release Lady Sings The Blues took its name from her shocking autobiography and the disc finds her on fine form throughout, the landmarks including the immortal 'Strange Fruit,' the defiant 'God Bless The Child,' the mournful 'No Good Man' and the great title track. Classic Lady Day all the way!","robots":{"index":"index","follow":"follow","max-snippet":"max-snippet:-1","max-image-preview":"max-image-preview:large","max-video-preview":"max-video-preview:-1"},"canonical":"https:\/\/wpguerssen-test.odoo.rgbconsulting.com\/es\/producto\/lady-sings-the-blues-clear\/","og_locale":"es_ES","og_type":"article","og_title":"HOLIDAY, Billie - Lady Sings the Blues (Clear) -  (LP) | Guerssen","og_description":"The tragic tale of Billie Holiday involves a fractured childhood, a seemingly endless series of abusive men, and addictions to heroin and alcohol, all played out in the public eye after targeting by the FBI. Nevertheless, her huskily expressive voice is timeless and the way she brought blues phrasing into jazz was hugely influential. The 1956 release Lady Sings The Blues took its name from her shocking autobiography and the disc finds her on fine form throughout, the landmarks including the immortal 'Strange Fruit,' the defiant 'God Bless The Child,' the mournful 'No Good Man' and the great title track. Classic Lady Day all the way!","og_url":"https:\/\/wpguerssen-test.odoo.rgbconsulting.com\/es\/producto\/lady-sings-the-blues-clear\/","og_site_name":"Guerssen records","article_modified_time":"2025-01-09T14:30:45+00:00","og_image":[{"width":2549,"height":2560,"url":"https:\/\/wpguerssen-test.odoo.rgbconsulting.com\/wp-content\/uploads\/2023\/09\/45521-scaled.jpg","type":"image\/jpeg"}],"twitter_card":"summary_large_image","twitter_title":"HOLIDAY, Billie - Lady Sings the Blues (Clear) -  (LP) | Guerssen","twitter_misc":{"Tiempo de lectura":"1 minuto"},"schema":{"@context":"https:\/\/schema.org","@graph":[{"@type":"WebPage","@id":"https:\/\/wpguerssen-test.odoo.rgbconsulting.com\/es\/producto\/lady-sings-the-blues-clear\/","url":"https:\/\/wpguerssen-test.odoo.rgbconsulting.com\/es\/producto\/lady-sings-the-blues-clear\/","name":"HOLIDAY, Billie - Lady Sings the Blues (Clear) - (LP) | Guerssen","isPartOf":{"@id":"https:\/\/wpguerssen-test.odoo.rgbconsulting.com\/es\/#website"},"primaryImageOfPage":{"@id":"https:\/\/wpguerssen-test.odoo.rgbconsulting.com\/es\/producto\/lady-sings-the-blues-clear\/#primaryimage"},"image":{"@id":"https:\/\/wpguerssen-test.odoo.rgbconsulting.com\/es\/producto\/lady-sings-the-blues-clear\/#primaryimage"},"thumbnailUrl":"https:\/\/wpguerssen-test.odoo.rgbconsulting.com\/wp-content\/uploads\/2023\/09\/45521-scaled.jpg","datePublished":"2022-03-23T23:00:00+00:00","dateModified":"2025-01-09T14:30:45+00:00","description":"The tragic tale of Billie Holiday involves a fractured childhood, a seemingly endless series of abusive men, and addictions to heroin and alcohol, all played out in the public eye after targeting by the FBI. Nevertheless, her huskily expressive voice is timeless and the way she brought blues phrasing into jazz was hugely influential. The 1956 release Lady Sings The Blues took its name from her shocking autobiography and the disc finds her on fine form throughout, the landmarks including the immortal 'Strange Fruit,' the defiant 'God Bless The Child,' the mournful 'No Good Man' and the great title track. Classic Lady Day all the way!","breadcrumb":{"@id":"https:\/\/wpguerssen-test.odoo.rgbconsulting.com\/es\/producto\/lady-sings-the-blues-clear\/#breadcrumb"},"inLanguage":"es","potentialAction":[{"@type":"ReadAction","target":["https:\/\/wpguerssen-test.odoo.rgbconsulting.com\/es\/producto\/lady-sings-the-blues-clear\/"]}]},{"@type":"ImageObject","inLanguage":"es","@id":"https:\/\/wpguerssen-test.odoo.rgbconsulting.com\/es\/producto\/lady-sings-the-blues-clear\/#primaryimage","url":"https:\/\/wpguerssen-test.odoo.rgbconsulting.com\/wp-content\/uploads\/2023\/09\/45521-scaled.jpg","contentUrl":"https:\/\/wpguerssen-test.odoo.rgbconsulting.com\/wp-content\/uploads\/2023\/09\/45521-scaled.jpg","width":2549,"height":2560,"caption":"Billie - Lady Sings the Blues (Clear) - DESTINATION MOON (LP) | Guerssen"},{"@type":"BreadcrumbList","@id":"https:\/\/wpguerssen-test.odoo.rgbconsulting.com\/es\/producto\/lady-sings-the-blues-clear\/#breadcrumb","itemListElement":[{"@type":"ListItem","position":1,"name":"Inicio","item":"https:\/\/wpguerssen-test.odoo.rgbconsulting.com\/es\/"},{"@type":"ListItem","position":2,"name":"Shop","item":"https:\/\/wpguerssen-test.odoo.rgbconsulting.com\/shop\/"},{"@type":"ListItem","position":3,"name":"Lady Sings the Blues (Clear)"}]},{"@type":"WebSite","@id":"https:\/\/wpguerssen-test.odoo.rgbconsulting.com\/es\/#website","url":"https:\/\/wpguerssen-test.odoo.rgbconsulting.com\/es\/","name":"Guerssen records","description":"psychedelia - progressive - folk - garage ","publisher":{"@id":"https:\/\/wpguerssen-test.odoo.rgbconsulting.com\/es\/#organization"},"potentialAction":[{"@type":"SearchAction","target":{"@type":"EntryPoint","urlTemplate":"https:\/\/wpguerssen-test.odoo.rgbconsulting.com\/es\/?s={search_term_string}"},"query-input":{"@type":"PropertyValueSpecification","valueRequired":true,"valueName":"search_term_string"}}],"inLanguage":"es"},{"@type":"Organization","@id":"https:\/\/wpguerssen-test.odoo.rgbconsulting.com\/es\/#organization","name":"Guerssen records","url":"https:\/\/wpguerssen-test.odoo.rgbconsulting.com\/es\/","logo":{"@type":"ImageObject","inLanguage":"es","@id":"https:\/\/wpguerssen-test.odoo.rgbconsulting.com\/es\/#\/schema\/logo\/image\/","url":"https:\/\/wpguerssen-test.odoo.rgbconsulting.com\/wp-content\/uploads\/2022\/04\/Logo_Guerssen_trans_100.png","contentUrl":"https:\/\/wpguerssen-test.odoo.rgbconsulting.com\/wp-content\/uploads\/2022\/04\/Logo_Guerssen_trans_100.png","width":122,"height":100,"caption":"Guerssen records"},"image":{"@id":"https:\/\/wpguerssen-test.odoo.rgbconsulting.com\/es\/#\/schema\/logo\/image\/"}}]}},"_links":{"self":[{"href":"https:\/\/wpguerssen-test.odoo.rgbconsulting.com\/es\/wp-json\/wp\/v2\/product\/241700","targetHints":{"allow":["GET"]}}],"collection":[{"href":"https:\/\/wpguerssen-test.odoo.rgbconsulting.com\/es\/wp-json\/wp\/v2\/product"}],"about":[{"href":"https:\/\/wpguerssen-test.odoo.rgbconsulting.com\/es\/wp-json\/wp\/v2\/types\/product"}],"wp:featuredmedia":[{"embeddable":true,"href":"https:\/\/wpguerssen-test.odoo.rgbconsulting.com\/es\/wp-json\/wp\/v2\/media\/241647"}],"wp:attachment":[{"href":"https:\/\/wpguerssen-test.odoo.rgbconsulting.com\/es\/wp-json\/wp\/v2\/media?parent=241700"}],"wp:term":[{"taxonomy":"product_brand","embeddable":true,"href":"https:\/\/wpguerssen-test.odoo.rgbconsulting.com\/es\/wp-json\/wp\/v2\/product_brand?post=241700"},{"taxonomy":"product_cat","embeddable":true,"href":"https:\/\/wpguerssen-test.odoo.rgbconsulting.com\/es\/wp-json\/wp\/v2\/product_cat?post=241700"},{"taxonomy":"product_tag","embeddable":true,"href":"https:\/\/wpguerssen-test.odoo.rgbconsulting.com\/es\/wp-json\/wp\/v2\/product_tag?post=241700"}],"curies":[{"name":"wp","href":"https:\/\/api.w.org\/{rel}","templated":true}]}}